{"id":107,"date":"2017-12-14T08:50:41","date_gmt":"2017-12-14T07:50:41","guid":{"rendered":"https:\/\/airdrink.fr\/?page_id=107"},"modified":"2025-09-04T10:05:20","modified_gmt":"2025-09-04T08:05:20","slug":"faq","status":"publish","type":"page","link":"https:\/\/airdrink.fr\/de\/faq\/","title":{"rendered":"FAQ"},"content":{"rendered":"<div class=\"wpb-content-wrapper\"><div data-vc-full-width=\"true\" data-vc-full-width-temp=\"true\" data-vc-full-width-init=\"false\" class=\"vc_row wpb_row vc_row-fluid shape_divider_top-none shape_divider_bottom-none\"><div class=\"wpb_column vc_column_container vc_col-sm-4 sc_layouts_column_icons_position_left\"><div class=\"vc_column-inner\"><div class=\"wpb_wrapper\"><div class=\"vc_empty_space  sc_height_medium\"   style=\"height: 32px\"><span class=\"vc_empty_space_inner\"><\/span><\/div><div id=\"sc_title_1572611037\"\n\t\tclass=\"sc_title sc_title_default\"><h2 class=\"sc_item_title sc_title_title sc_align_left sc_item_title_style_default\"><span class=\"sc_item_title_text\">Modelle vergleichen<\/span><\/h2><div class=\"sc_item_descr sc_title_descr sc_align_left\"><p>Wir m\u00f6chten Ihnen die bestm\u00f6gliche L\u00f6sung f\u00fcr Ihre Bed\u00fcrfnisse bieten, also vergleichen Sie!<\/p>\n<\/div><div class=\"sc_item_button sc_button_wrap sc_align_left\"><a href=\"\/de\/vergleiche-atmospharische-wassergeneratoren\/\" id=\"sc_button_190847964\" class=\"sc_button sc_button_default sc_item_button sc_item_button_default sc_title_button sc_button_size_normal sc_button_icon_left\"><span class=\"sc_button_text\"><span class=\"sc_button_title\">Modelle vergleichen<\/span><\/span><!-- \/.sc_button_text --><\/a><!-- \/.sc_button --><\/div><!-- \/.sc_item_button --><\/div><!-- \/.sc_title --><div id=\"sc_title_1064550236\"\n\t\tclass=\"sc_title sc_title_default\"><span class=\"sc_item_subtitle sc_title_subtitle sc_align_left sc_item_subtitle_above sc_item_title_style_default\">um Ihnen zu helfen<\/span><h2 class=\"sc_item_title sc_title_title sc_align_left sc_item_title_style_default\"><span class=\"sc_item_title_text\">H\u00e4ufig gestellte Fragen<\/span><\/h2><div class=\"sc_item_descr sc_title_descr sc_align_left\"><p>Unsere Mission ist es, Zugang zu hochwertigem Trinkwasser zu niedrigen Kosten, auf nachhaltige Weise und an Orten zu schaffen, an denen es keinen Zugang zu Wasser oder Energie gibt.<\/p>\n<\/div><div class=\"sc_item_button sc_button_wrap sc_align_left\"><a href=\"\/de\/kontakt\/\" id=\"sc_button_1576779214\" class=\"sc_button sc_button_default sc_item_button sc_item_button_default sc_title_button sc_button_size_normal sc_button_icon_left\"><span class=\"sc_button_text\"><span class=\"sc_button_title\">Kontaktieren Sie uns<\/span><\/span><!-- \/.sc_button_text --><\/a><!-- \/.sc_button --><\/div><!-- \/.sc_item_button --><\/div><!-- \/.sc_title --><div class=\"vc_empty_space  sc_height_tiny\"   style=\"height: 32px\"><span class=\"vc_empty_space_inner\"><\/span><\/div><\/div><\/div><\/div><div class=\"wpb_column vc_column_container vc_col-sm-8 sc_layouts_column_icons_position_left\"><div class=\"vc_column-inner\"><div class=\"wpb_wrapper\"><div id=\"sc_content_504002033\"\n\t\tclass=\"sc_content sc_content_default sc_float_center add_shadow  vc_custom_1545256880849\"><div class=\"sc_content_container\"><div  class=\"vc_do_toggle vc_toggle vc_toggle_arrow vc_toggle_color_default  vc_toggle_size_sm vc_toggle_active\"><div class=\"vc_toggle_title\"><h6 style=\"font-size: 1.22em;text-align: left\" class=\"vc_custom_heading vc_do_custom_heading\" >Das klingt zu sch\u00f6n, um wahr zu sein - stellen diese Maschinen wirklich Wasser aus Luft her?<\/h6><i class=\"vc_toggle_icon\"><\/i><\/div><div class=\"vc_toggle_content\"><p style=\"margin-top: 0cm;\">Unsere Ger\u00e4te erzeugen frisches, mineralisiertes Trinkwasser aus der Luftfeuchtigkeit - null Toxine und null Nebenprodukte., unsere Maschinen werden in Frankreich gelagert und sind keine Prototypen. Mit Ausnahme des Modells C3 haben alle anderen Modelle unserer Produktpalette mehr als 10 Jahre auf dem Buckel und wurden st\u00e4ndig verbessert.<\/p>\n<\/div><\/div><div  class=\"vc_do_toggle vc_toggle vc_toggle_arrow vc_toggle_color_default  vc_toggle_size_sm\"><div class=\"vc_toggle_title\"><h6 style=\"font-size: 1.22em;text-align: left\" class=\"vc_custom_heading vc_do_custom_heading\" >Ist das Wasser aus dem Airdrink-Generator bei so viel Luftverschmutzung wirklich trinkbar?<\/h6><i class=\"vc_toggle_icon\"><\/i><\/div><div class=\"vc_toggle_content\"><p style=\"margin-top: 0cm;\">Ja, unser Wasser ist von h\u00f6chster Qualit\u00e4t - die Luftverschmutzung hat keinen Einfluss auf die Qualit\u00e4t und Sauberkeit unseres Wassers. Wasser ist zun\u00e4chst einmal rein, weil es in unserer Atmosph\u00e4re als Wasserdampf vorkommt und dann von der Gasform in die fl\u00fcssige Form kondensiert. Der Wasserdampf wird durch einen Luftfilter gesaugt, bevor er mit Ozon behandelt, mit wichtigen Mineralien aufgegossen und sauber und gesund mit einem wirklich erfrischenden Geschmack gemacht wird.<\/p>\n<\/div><\/div><div  class=\"vc_do_toggle vc_toggle vc_toggle_arrow vc_toggle_color_default  vc_toggle_size_sm\"><div class=\"vc_toggle_title\"><h6 style=\"font-size: 1.22em;text-align: left\" class=\"vc_custom_heading vc_do_custom_heading\" >Kann das Entziehen von Feuchtigkeit aus der Luft nicht auch die Atmosph\u00e4re sch\u00e4digen?<\/h6><i class=\"vc_toggle_icon\"><\/i><\/div><div class=\"vc_toggle_content\"><p>Die Atmosph\u00e4re wird st\u00e4ndig durch Wasser aufgef\u00fcllt, das in der Luft in gro\u00dfen Mengen verdunstet und nicht austrocknet. Tats\u00e4chlich hat der Airdrink-Generator viel weniger Auswirkungen auf die Umwelt, da er nicht auf Grundwasser und andere S\u00fc\u00dfwasserressourcen zur\u00fcckgreift, die in relativ kurzer Zeit ersch\u00f6pft oder kontaminiert werden k\u00f6nnten.<\/p>\n<\/div><\/div><div  class=\"vc_do_toggle vc_toggle vc_toggle_arrow vc_toggle_color_default  vc_toggle_size_sm\"><div class=\"vc_toggle_title\"><h6 style=\"font-size: 1.22em;text-align: left\" class=\"vc_custom_heading vc_do_custom_heading\" >Wie kann ich eine AirDrink \/ DrinkableAir-Maschine kaufen?<\/h6><i class=\"vc_toggle_icon\"><\/i><\/div><div class=\"vc_toggle_content\"><p style=\"margin: 0cm; margin-bottom: .0001pt;\">Alle auf der Website angebotenen L\u00f6sungen sind auf Lager, Sie k\u00f6nnen sie \u00fcber das Men\u00fc \"Shop\" bestellen.<\/p>\n<\/div><\/div><div  class=\"vc_do_toggle vc_toggle vc_toggle_arrow vc_toggle_color_default  vc_toggle_size_sm\"><div class=\"vc_toggle_title\"><h6 style=\"font-size: 1.22em;text-align: left\" class=\"vc_custom_heading vc_do_custom_heading\" >Welche Vorteile hat atmosph\u00e4risches Wasser, das von einem Airdrink-Generator erzeugt wird?<\/h6><i class=\"vc_toggle_icon\"><\/i><\/div><div class=\"vc_toggle_content\"><p style=\"margin-top: 0cm;\">Bei der Verwendung unserer Einheiten steht Ihre Gesundheit sowie die Gesundheit unseres Planeten an erster Stelle, da sch\u00e4dliche Schadstoffe im Trinkwasser und Einwegkunststoffe vermieden werden.<br \/>\nUnsere Anlagen bieten den Vorteil, dass sie qualitativ hochwertiges Wasser in der N\u00e4he des Ortes, an dem es verbraucht wird, und auf nachhaltige Weise produzieren.<\/p>\n<\/div><\/div><div  class=\"vc_do_toggle vc_toggle vc_toggle_arrow vc_toggle_color_default  vc_toggle_size_sm\"><div class=\"vc_toggle_title\"><h6 style=\"font-size: 1.22em;text-align: left\" class=\"vc_custom_heading vc_do_custom_heading\" >Warum sollte ich auf das atmosph\u00e4rische Wasser von Airdrink umsteigen? Was ist mit dem Leitungswasser oder dem Flaschenwasser, das ich derzeit verwende, nicht in Ordnung?<\/h6><i class=\"vc_toggle_icon\"><\/i><\/div><div class=\"vc_toggle_content\"><p>Leitungswasser ist daf\u00fcr bekannt, dass es in einigen F\u00e4llen Schadstoffe enth\u00e4lt, die sich negativ auf die Gesundheit auswirken k\u00f6nnen. Dar\u00fcber hinaus bringt abgef\u00fclltes Wasser neue Schadstoffe aus den am Verpackungsprozess beteiligten Chemikalien sowie aus dem Kunststoff selbst in das Wasser ein. Leitungswasser und abgef\u00fclltes Wasser so wenig wie m\u00f6glich zu verwenden, ist ein Schritt in Richtung eines ges\u00fcnderen Lebensstils.<\/p>\n<\/div><\/div><div  class=\"vc_do_toggle vc_toggle vc_toggle_arrow vc_toggle_color_default  vc_toggle_size_sm\"><div class=\"vc_toggle_title\"><h6 style=\"font-size: 1.22em;text-align: left\" class=\"vc_custom_heading vc_do_custom_heading\" >Wie werden Bakterien abget\u00f6tet, wenn das Wasser wochenlang gelagert wird?<\/h6><i class=\"vc_toggle_icon\"><\/i><\/div><div class=\"vc_toggle_content\"><p style=\"margin-top: 0cm;\">Das von unseren Anlagen erzeugte Wasser verwendet einen Ozonbehandlungsprozess und wird mit wichtigen Mineralien - Magnesium und Kalzium - infundiert, um alkalisches Wasser mit einem stabilisierten pH-Wert von 7,6 bis 8,1 zu erzeugen.<\/p>\n<\/div><\/div><div  class=\"vc_do_toggle vc_toggle vc_toggle_arrow vc_toggle_color_default  vc_toggle_size_sm\"><div class=\"vc_toggle_title\"><h6 style=\"font-size: 1.22em;text-align: left\" class=\"vc_custom_heading vc_do_custom_heading\" >Wie sieht der Wartungsprozess aus? Wer f\u00fchrt ihn durch und wie oft ist er erforderlich?<\/h6><i class=\"vc_toggle_icon\"><\/i><\/div><div class=\"vc_toggle_content\"><p style=\"margin-top: 0cm;\">Die Airdrink-Generatoren verwenden Filter, um die Wasserqualit\u00e4t zu steuern, und m\u00fcssen regelm\u00e4\u00dfig alle 4 bis 6 Monate ausgetauscht werden (je nach Qualit\u00e4t der Umgebungsluft und der Menge des verwendeten Wassers). Es gibt einen Luftfilter vor dem Ansaugsystem, und es gibt zwei Wasserfilter, die das Wasser aufbereiten und mit wichtigen Mineralien durchtr\u00e4nken. Der Wartungsaufwand ist minimal - das Wechseln der Filter ist so einfach wie das Wechseln einer Gl\u00fchbirne.<br \/>\nBitte lesen Sie die Informationen zu den Einheiten auf C3 und C8 f\u00fcr weitere Details.<br \/>\nBitte besuchen Sie die Rubrik \"Shop\", um Filter zu kaufen.<br \/>\nBitte kontaktieren Sie uns bei weiteren Fragen<\/p>\n<\/div><\/div><div  class=\"vc_do_toggle vc_toggle vc_toggle_arrow vc_toggle_color_default  vc_toggle_size_sm\"><div class=\"vc_toggle_title\"><h6 style=\"font-size: 1.22em;text-align: left\" class=\"vc_custom_heading vc_do_custom_heading\" >F\u00fchren Sie Lieferungen in die ganze Welt durch?<\/h6><i class=\"vc_toggle_icon\"><\/i><\/div><div class=\"vc_toggle_content\"><p>Ja, wir liefern fast \u00fcberall auf der Welt, insbesondere in die franz\u00f6sischen \u00dcberseegebiete, nach Mayotte, La r\u00e9union sowie nach Martinique und Guadeloupe haupts\u00e4chlich per Flugzeug.<\/p>\n<\/div><\/div><div  class=\"vc_do_toggle vc_toggle vc_toggle_arrow vc_toggle_color_default  vc_toggle_size_sm\"><div class=\"vc_toggle_title\"><h6 style=\"font-size: 1.22em;text-align: left\" class=\"vc_custom_heading vc_do_custom_heading\" >Wie unterscheidet sich Ihr Ger\u00e4t von einem Luftentfeuchter? Mineralisiert es das Wasser?<\/h6><i class=\"vc_toggle_icon\"><\/i><\/div><div class=\"vc_toggle_content\"><p>In Bezug auf die Wassererzeugung haben Airdrink-Maschinen eine Reihe von \u00c4hnlichkeiten mit Luftentfeuchtern. Wenn man jedoch ins Detail geht, gibt es eine Vielzahl von Unterschieden, die den Vergleich ungenau machen. Airdrink-Maschinen produzieren Trinkwasser. Das bedeutet, dass wir Komponenten ausgew\u00e4hlt haben, die f\u00fcr den Kontakt mit Trinkwasser geeignet sind, und mehrere Filter- und Mineralisierungsverfahren eingesetzt haben.<\/p>\n<p>Die intelligente Elektronik sorgt daf\u00fcr, dass du dich um nichts k\u00fcmmern musst: Wenn der Tank voll ist, h\u00f6rt die Maschine auf, Wasser zu produzieren, sobald du dich bedienst, beginnt sie von selbst wieder mit der Produktion. In regelm\u00e4\u00dfigen Abst\u00e4nden sorgt unser patentiertes Ozon-System enviroguard daf\u00fcr, dass keine Bakterien entstehen.<\/p>\n<\/div><\/div><div  class=\"vc_do_toggle vc_toggle vc_toggle_arrow vc_toggle_color_default  vc_toggle_size_sm\"><div class=\"vc_toggle_title\"><h6 style=\"font-size: 1.22em;text-align: left\" class=\"vc_custom_heading vc_do_custom_heading\" >Enth\u00e4lt das Wasser Fluorid?<\/h6><i class=\"vc_toggle_icon\"><\/i><\/div><div class=\"vc_toggle_content\"><p style=\"margin-top: 0cm;\">Nein, unsere Anlagen erzeugen Wasser ohne Giftstoffe und Verunreinigungen - in unserem AWG-Verfahren wird kein Fluorid oder Chlor verwendet.<\/p>\n<\/div><\/div><div  class=\"vc_do_toggle vc_toggle vc_toggle_arrow vc_toggle_color_default  vc_toggle_size_sm\"><div class=\"vc_toggle_title\"><h6 style=\"font-size: 1.22em;text-align: left\" class=\"vc_custom_heading vc_do_custom_heading\" >Gibt es Grenzen f\u00fcr die Funktionalit\u00e4t der Einheiten?<\/h6><i class=\"vc_toggle_icon\"><\/i><\/div><div class=\"vc_toggle_content\"><p>Airdrink-L\u00f6sungen ben\u00f6tigen eine Energiequelle, um zu funktionieren - Steckdosen, Generatoren und Solarsysteme werden funktionieren, sofern sie den Energiebedarf jeder Einheit liefern. Dar\u00fcber hinaus ben\u00f6tigen unsere Einheiten eine relative Luftfeuchtigkeit von mindestens 35%, um effizient zu produzieren.<br \/>\nBitte lesen Sie die Informationen zu den Einheiten auf C3 und C8 f\u00fcr weitere Details.<\/p>\n<\/div><\/div><div  class=\"vc_do_toggle vc_toggle vc_toggle_arrow vc_toggle_color_default  vc_toggle_size_sm\"><div class=\"vc_toggle_title\"><h6 style=\"font-size: 1.22em;text-align: left\" class=\"vc_custom_heading vc_do_custom_heading\" >Wie hoch ist der Preis f\u00fcr das produzierte Wasser?<\/h6><i class=\"vc_toggle_icon\"><\/i><\/div><div class=\"vc_toggle_content\"><p>Die Kosten f\u00fcr das produzierte Wasser h\u00e4ngen im Wesentlichen vom Strompreis und den klimatischen Bedingungen ab. Die Kosten f\u00fcr einen Liter Wasser h\u00e4ngen also haupts\u00e4chlich von der Lage des Standorts ab. Im Allgemeinen wird unser Wasser jedoch 20 bis 30% billiger sein als Mineralwasser in Flaschen (Berechnung einschlie\u00dflich der Kosten f\u00fcr den Erwerb und die Wartung der Maschine, Strom), und noch mehr, wenn die L\u00f6sungen auf photovoltaischer Energie basieren.<\/p>\n<\/div><\/div><\/div><\/div><!-- \/.sc_content --><\/div><\/div><\/div><\/div><div class=\"vc_row-full-width vc_clearfix\"><\/div>\n<\/div>","protected":false},"excerpt":{"rendered":"Modelle vergleichenWir m\u00f6chten Ihnen die bestm\u00f6gliche L\u00f6sung f\u00fcr Ihre Bed\u00fcrfnisse bieten,...","protected":false},"author":1,"featured_media":0,"parent":0,"menu_order":0,"comment_status":"closed","ping_status":"closed","template":"","meta":{"_angie_page":false,"footnotes":""},"class_list":["post-107","page","type-page","status-publish","hentry"],"yoast_head":"<!-- This site is optimized with the Yoast SEO plugin v27.5 - https:\/\/yoast.com\/product\/yoast-seo-wordpress\/ -->\n<title>FAQ - AirDrink<\/title>\n<meta name=\"description\" content=\"AIRDRINK propose des solutions uniques etinnovantes qui produisent \u00e0 partir de l\u2019humidit\u00e9 de l\u2019air une eau potable, fraiche etmin\u00e9ralis\u00e9e ! Ce proc\u00e9d\u00e9 unique s\u2019appelle \u00abG\u00e9n\u00e9rateur d\u2019eau Atmosph\u00e9rique\u00bb.Nos solutions sont compl\u00e9mentaires aux diff\u00e9rents moyens d\u2019acc\u00e8s \u00e0 l\u2019eaupotable mais et permettent un acc\u00e8s infini \u00e0 l\u2019eau au plus proche du lieu deconsommation.\" \/>\n<meta name=\"robots\" content=\"index, follow, max-snippet:-1, max-image-preview:large, max-video-preview:-1\" \/>\n<link rel=\"canonical\" href=\"https:\/\/airdrink.fr\/de\/faq\/\" \/>\n<meta property=\"og:locale\" content=\"de_DE\" \/>\n<meta property=\"og:type\" content=\"article\" \/>\n<meta property=\"og:title\" content=\"FAQ - AirDrink\" \/>\n<meta property=\"og:description\" content=\"AIRDRINK propose des solutions uniques etinnovantes qui produisent \u00e0 partir de l\u2019humidit\u00e9 de l\u2019air une eau potable, fraiche etmin\u00e9ralis\u00e9e ! Ce proc\u00e9d\u00e9 unique s\u2019appelle \u00abG\u00e9n\u00e9rateur d\u2019eau Atmosph\u00e9rique\u00bb.Nos solutions sont compl\u00e9mentaires aux diff\u00e9rents moyens d\u2019acc\u00e8s \u00e0 l\u2019eaupotable mais et permettent un acc\u00e8s infini \u00e0 l\u2019eau au plus proche du lieu deconsommation.\" \/>\n<meta property=\"og:url\" content=\"https:\/\/airdrink.fr\/de\/faq\/\" \/>\n<meta property=\"og:site_name\" content=\"AirDrink\" \/>\n<meta property=\"article:publisher\" content=\"https:\/\/www.facebook.com\/airdrinkFrance\/\" \/>\n<meta property=\"article:modified_time\" content=\"2025-09-04T08:05:20+00:00\" \/>\n<meta name=\"twitter:card\" content=\"summary_large_image\" \/>\n<meta name=\"twitter:label1\" content=\"Gesch\u00e4tzte Lesezeit\" \/>\n\t<meta name=\"twitter:data1\" content=\"6\u00a0Minuten\" \/>\n<script type=\"application\/ld+json\" class=\"yoast-schema-graph\">{\"@context\":\"https:\\\/\\\/schema.org\",\"@graph\":[{\"@type\":\"WebPage\",\"@id\":\"https:\\\/\\\/airdrink.fr\\\/faq\\\/\",\"url\":\"https:\\\/\\\/airdrink.fr\\\/faq\\\/\",\"name\":\"FAQ - AirDrink\",\"isPartOf\":{\"@id\":\"https:\\\/\\\/airdrink.fr\\\/#website\"},\"datePublished\":\"2017-12-14T07:50:41+00:00\",\"dateModified\":\"2025-09-04T08:05:20+00:00\",\"description\":\"AIRDRINK propose des solutions uniques etinnovantes qui produisent \u00e0 partir de l\u2019humidit\u00e9 de l\u2019air une eau potable, fraiche etmin\u00e9ralis\u00e9e ! Ce proc\u00e9d\u00e9 unique s\u2019appelle \u00abG\u00e9n\u00e9rateur d\u2019eau Atmosph\u00e9rique\u00bb.Nos solutions sont compl\u00e9mentaires aux diff\u00e9rents moyens d\u2019acc\u00e8s \u00e0 l\u2019eaupotable mais et permettent un acc\u00e8s infini \u00e0 l\u2019eau au plus proche du lieu deconsommation.\",\"breadcrumb\":{\"@id\":\"https:\\\/\\\/airdrink.fr\\\/faq\\\/#breadcrumb\"},\"inLanguage\":\"de\",\"potentialAction\":[{\"@type\":\"ReadAction\",\"target\":[\"https:\\\/\\\/airdrink.fr\\\/faq\\\/\"]}]},{\"@type\":\"BreadcrumbList\",\"@id\":\"https:\\\/\\\/airdrink.fr\\\/faq\\\/#breadcrumb\",\"itemListElement\":[{\"@type\":\"ListItem\",\"position\":1,\"name\":\"Accueil\",\"item\":\"https:\\\/\\\/airdrink.fr\\\/\"},{\"@type\":\"ListItem\",\"position\":2,\"name\":\"FAQ\"}]},{\"@type\":\"WebSite\",\"@id\":\"https:\\\/\\\/airdrink.fr\\\/#website\",\"url\":\"https:\\\/\\\/airdrink.fr\\\/\",\"name\":\"AirDrink - de l'eau \u00e0 partir de l'air !\",\"description\":\"Airdrink, de l'eau &agrave; partir de l'air !\",\"publisher\":{\"@id\":\"https:\\\/\\\/airdrink.fr\\\/#organization\"},\"potentialAction\":[{\"@type\":\"SearchAction\",\"target\":{\"@type\":\"EntryPoint\",\"urlTemplate\":\"https:\\\/\\\/airdrink.fr\\\/?s={search_term_string}\"},\"query-input\":{\"@type\":\"PropertyValueSpecification\",\"valueRequired\":true,\"valueName\":\"search_term_string\"}}],\"inLanguage\":\"de\"},{\"@type\":\"Organization\",\"@id\":\"https:\\\/\\\/airdrink.fr\\\/#organization\",\"name\":\"AirDrink - de l'eau \u00e0 partir de l'air !\",\"url\":\"https:\\\/\\\/airdrink.fr\\\/\",\"logo\":{\"@type\":\"ImageObject\",\"inLanguage\":\"de\",\"@id\":\"https:\\\/\\\/airdrink.fr\\\/#\\\/schema\\\/logo\\\/image\\\/\",\"url\":\"https:\\\/\\\/airdrink.fr\\\/wp-content\\\/uploads\\\/2023\\\/03\\\/cropped-logo-Airdrink-plus-HD-v1-3-300x203-1.png\",\"contentUrl\":\"https:\\\/\\\/airdrink.fr\\\/wp-content\\\/uploads\\\/2023\\\/03\\\/cropped-logo-Airdrink-plus-HD-v1-3-300x203-1.png\",\"width\":300,\"height\":128,\"caption\":\"AirDrink - de l'eau \u00e0 partir de l'air !\"},\"image\":{\"@id\":\"https:\\\/\\\/airdrink.fr\\\/#\\\/schema\\\/logo\\\/image\\\/\"},\"sameAs\":[\"https:\\\/\\\/www.facebook.com\\\/airdrinkFrance\\\/\",\"https:\\\/\\\/www.linkedin.com\\\/company\\\/pgsoft\",\"https:\\\/\\\/www.youtube.com\\\/channel\\\/UCV0fIuMlZQZElbCWK93RP9A\"]}]}<\/script>\n<!-- \/ Yoast SEO plugin. -->","yoast_head_json":{"title":"FAQ - AirDrink","description":"AIRDRINK bietet einzigartige und innovative L\u00f6sungen, die aus der Luftfeuchtigkeit frisches, mineralisiertes Trinkwasser herstellen! Unsere L\u00f6sungen erg\u00e4nzen die verschiedenen M\u00f6glichkeiten des Zugangs zu Trinkwasser und erm\u00f6glichen einen unendlichen Zugang zu Wasser in der N\u00e4he des Ortes, an dem es verbraucht wird.","robots":{"index":"index","follow":"follow","max-snippet":"max-snippet:-1","max-image-preview":"max-image-preview:large","max-video-preview":"max-video-preview:-1"},"canonical":"https:\/\/airdrink.fr\/de\/faq\/","og_locale":"de_DE","og_type":"article","og_title":"FAQ - AirDrink","og_description":"AIRDRINK propose des solutions uniques etinnovantes qui produisent \u00e0 partir de l\u2019humidit\u00e9 de l\u2019air une eau potable, fraiche etmin\u00e9ralis\u00e9e ! Ce proc\u00e9d\u00e9 unique s\u2019appelle \u00abG\u00e9n\u00e9rateur d\u2019eau Atmosph\u00e9rique\u00bb.Nos solutions sont compl\u00e9mentaires aux diff\u00e9rents moyens d\u2019acc\u00e8s \u00e0 l\u2019eaupotable mais et permettent un acc\u00e8s infini \u00e0 l\u2019eau au plus proche du lieu deconsommation.","og_url":"https:\/\/airdrink.fr\/de\/faq\/","og_site_name":"AirDrink","article_publisher":"https:\/\/www.facebook.com\/airdrinkFrance\/","article_modified_time":"2025-09-04T08:05:20+00:00","twitter_card":"summary_large_image","twitter_misc":{"Gesch\u00e4tzte Lesezeit":"6\u00a0Minuten"},"schema":{"@context":"https:\/\/schema.org","@graph":[{"@type":"WebPage","@id":"https:\/\/airdrink.fr\/faq\/","url":"https:\/\/airdrink.fr\/faq\/","name":"FAQ - AirDrink","isPartOf":{"@id":"https:\/\/airdrink.fr\/#website"},"datePublished":"2017-12-14T07:50:41+00:00","dateModified":"2025-09-04T08:05:20+00:00","description":"AIRDRINK bietet einzigartige und innovative L\u00f6sungen, die aus der Luftfeuchtigkeit frisches, mineralisiertes Trinkwasser herstellen! Unsere L\u00f6sungen erg\u00e4nzen die verschiedenen M\u00f6glichkeiten des Zugangs zu Trinkwasser und erm\u00f6glichen einen unendlichen Zugang zu Wasser in der N\u00e4he des Ortes, an dem es verbraucht wird.","breadcrumb":{"@id":"https:\/\/airdrink.fr\/faq\/#breadcrumb"},"inLanguage":"de","potentialAction":[{"@type":"ReadAction","target":["https:\/\/airdrink.fr\/faq\/"]}]},{"@type":"BreadcrumbList","@id":"https:\/\/airdrink.fr\/faq\/#breadcrumb","itemListElement":[{"@type":"ListItem","position":1,"name":"Accueil","item":"https:\/\/airdrink.fr\/"},{"@type":"ListItem","position":2,"name":"FAQ"}]},{"@type":"WebSite","@id":"https:\/\/airdrink.fr\/#website","url":"https:\/\/airdrink.fr\/","name":"AirDrink - Wasser aus der Luft!","description":"Airdrink, Wasser aus Luft!","publisher":{"@id":"https:\/\/airdrink.fr\/#organization"},"potentialAction":[{"@type":"SearchAction","target":{"@type":"EntryPoint","urlTemplate":"https:\/\/airdrink.fr\/?s={search_term_string}"},"query-input":{"@type":"PropertyValueSpecification","valueRequired":true,"valueName":"search_term_string"}}],"inLanguage":"de"},{"@type":"Organization","@id":"https:\/\/airdrink.fr\/#organization","name":"AirDrink - Wasser aus der Luft!","url":"https:\/\/airdrink.fr\/","logo":{"@type":"ImageObject","inLanguage":"de","@id":"https:\/\/airdrink.fr\/#\/schema\/logo\/image\/","url":"https:\/\/airdrink.fr\/wp-content\/uploads\/2023\/03\/cropped-logo-Airdrink-plus-HD-v1-3-300x203-1.png","contentUrl":"https:\/\/airdrink.fr\/wp-content\/uploads\/2023\/03\/cropped-logo-Airdrink-plus-HD-v1-3-300x203-1.png","width":300,"height":128,"caption":"AirDrink - de l'eau \u00e0 partir de l'air !"},"image":{"@id":"https:\/\/airdrink.fr\/#\/schema\/logo\/image\/"},"sameAs":["https:\/\/www.facebook.com\/airdrinkFrance\/","https:\/\/www.linkedin.com\/company\/pgsoft","https:\/\/www.youtube.com\/channel\/UCV0fIuMlZQZElbCWK93RP9A"]}]}},"_links":{"self":[{"href":"https:\/\/airdrink.fr\/de\/wp-json\/wp\/v2\/pages\/107","targetHints":{"allow":["GET"]}}],"collection":[{"href":"https:\/\/airdrink.fr\/de\/wp-json\/wp\/v2\/pages"}],"about":[{"href":"https:\/\/airdrink.fr\/de\/wp-json\/wp\/v2\/types\/page"}],"author":[{"embeddable":true,"href":"https:\/\/airdrink.fr\/de\/wp-json\/wp\/v2\/users\/1"}],"replies":[{"embeddable":true,"href":"https:\/\/airdrink.fr\/de\/wp-json\/wp\/v2\/comments?post=107"}],"version-history":[{"count":0,"href":"https:\/\/airdrink.fr\/de\/wp-json\/wp\/v2\/pages\/107\/revisions"}],"wp:attachment":[{"href":"https:\/\/airdrink.fr\/de\/wp-json\/wp\/v2\/media?parent=107"}],"curies":[{"name":"wp","href":"https:\/\/api.w.org\/{rel}","templated":true}]}}