{"id":2427,"date":"2023-06-07T14:54:32","date_gmt":"2023-06-07T13:54:32","guid":{"rendered":"https:\/\/airdrink.fr\/?page_id=2427"},"modified":"2023-07-04T13:24:43","modified_gmt":"2023-07-04T12:24:43","slug":"a-propos-3","status":"publish","type":"page","link":"https:\/\/airdrink.fr\/de\/partenaires_airdrink\/","title":{"rendered":"Partner"},"content":{"rendered":"<div class=\"wpb-content-wrapper\"><div class=\"vc_row wpb_row vc_row-fluid vc_custom_1541768449725 shape_divider_top-none shape_divider_bottom-none\"><div class=\"wpb_column vc_column_container vc_col-sm-6 sc_layouts_column_icons_position_left\"><div class=\"vc_column-inner\"><div class=\"wpb_wrapper\"><div id=\"sc_title_421366369\"\n\t\tclass=\"sc_title sc_title_default\"><span class=\"sc_item_subtitle sc_title_subtitle sc_align_left sc_item_subtitle_above sc_item_title_style_default\">AIRDRINK<\/span><h2 class=\"sc_item_title sc_title_title sc_align_left sc_item_title_style_default\"><span class=\"sc_item_title_text\">DrinkableAir Technologien<\/span><\/h2><div class=\"sc_item_descr sc_title_descr sc_align_left\"><p>Unser Herstellerpartner DrinkableAir Technologies ist ein Pionier auf dem Gebiet der atmosph\u00e4rischen Wassergeneratoren. Er hat seinen Sitz in den USA, in Florida (Fort Lauderdale). Seine L\u00f6sungen existieren seit 2010 und werden st\u00e4ndig weiterentwickelt.<\/p>\n<\/div><div class=\"sc_item_button sc_button_wrap sc_align_left\"><a href=\"\/de\/dienste\/\" id=\"sc_button_1586522791\" class=\"sc_button sc_button_default sc_item_button sc_item_button_default sc_title_button sc_button_size_normal sc_button_icon_left\"><span class=\"sc_button_text\"><span class=\"sc_button_title\">Mehr dazu +<\/span><\/span><!-- \/.sc_button_text --><\/a><!-- \/.sc_button --><\/div><!-- \/.sc_item_button --><\/div><!-- \/.sc_title --><div class=\"vc_empty_space  sc_height_tiny\"   style=\"height: 32px\"><span class=\"vc_empty_space_inner\"><\/span><\/div><\/div><\/div><\/div><div class=\"wpb_column vc_column_container vc_col-sm-1 sc_layouts_column_icons_position_left\"><div class=\"vc_column-inner\"><div class=\"wpb_wrapper\"><\/div><\/div><\/div><div class=\"wpb_column vc_column_container vc_col-sm-5 sc_layouts_column_icons_position_left\"><div class=\"vc_column-inner\"><div class=\"wpb_wrapper\">\n<div class=\"vc_grid-container-wrapper vc_clearfix vc_grid-animation-fadeIn\">\n\t<div class=\"vc_grid-container vc_clearfix wpb_content_element vc_media_grid\" data-initial-loading-animation=\"fadeIn\" data-vc-grid-settings=\"{&quot;page_id&quot;:2427,&quot;style&quot;:&quot;all&quot;,&quot;action&quot;:&quot;vc_get_vc_grid_data&quot;,&quot;shortcode_id&quot;:&quot;1688473461425-e53b5396-c1e0-0&quot;,&quot;tag&quot;:&quot;vc_media_grid&quot;}\" data-vc-request=\"https:\/\/airdrink.fr\/wp-admin\/admin-ajax.php\" data-vc-post-id=\"2427\" data-vc-public-nonce=\"a6c790a705\">\n\t\t\n\t<\/div>\n<\/div><div class=\"vc_empty_space  sc_height_tiny\"   style=\"height: 32px\"><span class=\"vc_empty_space_inner\"><\/span><\/div><\/div><\/div><\/div><\/div><div class=\"vc_row wpb_row vc_row-fluid vc_custom_1541768449725 shape_divider_top-none shape_divider_bottom-none\"><div class=\"wpb_column vc_column_container vc_col-sm-8 sc_layouts_column_icons_position_left\"><div class=\"vc_column-inner\"><div class=\"wpb_wrapper\">\n\t<div class=\"wpb_text_column wpb_content_element\" >\n\t\t<div class=\"wpb_wrapper\">\n\t\t\t<h6>Green Key<\/h6>\n<p style=\"text-align: justify;\">Er ist ein internationales Umweltzeichen f\u00fcr touristische Einrichtungen. Seit 1994 ist der Gr\u00fcne Schl\u00fcssel ein Standard f\u00fcr herausragende Leistungen im Bereich Umweltverantwortung und nachhaltige Arbeitsweise in der Tourismusindustrie.<\/p>\n<p style=\"text-align: justify;\">Das Green Key-Programm wird von der Stiftung f\u00fcr Umwelterziehung verwaltet. Green Key bietet einen bew\u00e4hrten Rahmen, der es einer Schule erm\u00f6glicht, mit ihren Umweltbeauftragten an Nachhaltigkeitsthemen zu arbeiten, einschlie\u00dflich der Bewusstseinsbildung. Die hohen Umweltstandards, die von diesen Einrichtungen erwartet werden, werden durch eine strenge Dokumentation und h\u00e4ufige Pr\u00fcfungen vor Ort aufrechterhalten. Green Key richtet sich an Hotels, Jugendherbergen, kleinere Einrichtungen, Campingpl\u00e4tze, Ferienparks, Konferenzzentren, Restaurants und Attraktionen.<\/p>\n<p style=\"text-align: justify;\">Nachdem die Einrichtung diese angesehene internationale Auszeichnung erhalten hat, kann sie diese in ihrer \u00d6ffentlichkeitsarbeit und ihrem Marketing verwenden. F\u00fcr die G\u00e4ste zeigt Green Key, dass sich die Einrichtung daf\u00fcr einsetzt, die Auswirkungen ihres Aufenthalts auf die Umwelt zu verringern. Das Green Key-Programm ist mit den von den Vereinten Nationen festgelegten Zielen f\u00fcr nachhaltige Entwicklung 2015-2030 verkn\u00fcpft.<\/p>\n<p style=\"text-align: justify;\">Green Key und Drinkable Air Technologies haben eine Kooperationsvereinbarung unterzeichnet und sind nun Partner.<\/p>\n<h6>24 Hosts<\/h6>\n<p style=\"text-align: justify;\">In Frankreich befindet sich einer der Showrooms von Airdrink im Hotel Majestic in Nizza, in einem speziellen Bereich namens \"24Hosts\". Die Besonderheit dieses prestigetr\u00e4chtigen Ortes besteht darin, dass die Generatoren von Airdrink einer Kundschaft von Besitzern von Superyachten angeboten werden k\u00f6nnen, die h\u00e4ufig in Monaco, Cannes oder Antibes ans\u00e4ssig sind.<\/p>\n\n\t\t<\/div>\n\t<\/div>\n<div class=\"vc_empty_space  sc_height_tiny\"   style=\"height: 32px\"><span class=\"vc_empty_space_inner\"><\/span><\/div><\/div><\/div><\/div><div class=\"wpb_column vc_column_container vc_col-sm-4 sc_layouts_column_icons_position_left\"><div class=\"vc_column-inner\"><div class=\"wpb_wrapper\">\n<div class=\"vc_grid-container-wrapper vc_clearfix vc_grid-animation-fadeIn\">\n\t<div class=\"vc_grid-container vc_clearfix wpb_content_element vc_media_grid vc_custom_1686145851674\" data-initial-loading-animation=\"fadeIn\" data-vc-grid-settings=\"{&quot;page_id&quot;:2427,&quot;style&quot;:&quot;all&quot;,&quot;action&quot;:&quot;vc_get_vc_grid_data&quot;,&quot;shortcode_id&quot;:&quot;1688473461446-35ca52ea-7790-0&quot;,&quot;tag&quot;:&quot;vc_media_grid&quot;}\" data-vc-request=\"https:\/\/airdrink.fr\/wp-admin\/admin-ajax.php\" data-vc-post-id=\"2427\" data-vc-public-nonce=\"a6c790a705\">\n\t\t\n\t<\/div>\n<\/div><div class=\"vc_empty_space  sc_height_tiny\"   style=\"height: 32px\"><span class=\"vc_empty_space_inner\"><\/span><\/div>\n\t<div class=\"wpb_text_column wpb_content_element vc_custom_1686145865328\" >\n\t\t<div class=\"wpb_wrapper\">\n\t\t\t<p style=\"text-align: center;\"><strong>Green Key ist ein internationales Umweltzeichen f\u00fcr touristische Einrichtungen. <\/strong><\/p>\n\n\t\t<\/div>\n\t<\/div>\n<\/div><\/div><\/div><\/div>\n<\/div>","protected":false},"excerpt":{"rendered":"AIRDRINKDrinkableAir TechnologiesNotre fabricant partenaire DrinkableAir Technologies est un pionnier des g\u00e9n\u00e9rateurs d\u2019eau atmosph\u00e9rique. Il est&hellip;","protected":false},"author":1,"featured_media":2428,"parent":0,"menu_order":0,"comment_status":"closed","ping_status":"closed","template":"","meta":{"_angie_page":false,"footnotes":""},"class_list":["post-2427","page","type-page","status-publish","has-post-thumbnail","hentry"],"yoast_head":"<!-- This site is optimized with the Yoast SEO plugin v27.5 - https:\/\/yoast.com\/product\/yoast-seo-wordpress\/ -->\n<title>Partenaires - AirDrink<\/title>\n<meta name=\"description\" content=\"AIRDRINK propose des solutions uniques etinnovantes qui produisent \u00e0 partir de l\u2019humidit\u00e9 de l\u2019air une eau potable, fraiche etmin\u00e9ralis\u00e9e ! Ce proc\u00e9d\u00e9 unique s\u2019appelle \u00abG\u00e9n\u00e9rateur d\u2019eau Atmosph\u00e9rique\u00bb. Nos solutions sont compl\u00e9mentaires aux diff\u00e9rents moyens d\u2019acc\u00e8s \u00e0 l\u2019eaupotable mais et permettent un acc\u00e8s infini \u00e0 l\u2019eau au plus proche du lieu deconsommation. Notre fabricant partenaire DrinkableAir Technologies est un pionnier des g\u00e9n\u00e9rateurs d\u2019eau atmosph\u00e9rique. Il est bas\u00e9 aux \u00e9tats unis, en Floride (Fort Lauderdale)Ses solutions existent et sont sans cesse am\u00e9lior\u00e9es depuis 2010.\" \/>\n<meta name=\"robots\" content=\"index, follow, max-snippet:-1, max-image-preview:large, max-video-preview:-1\" \/>\n<link rel=\"canonical\" href=\"https:\/\/airdrink.fr\/de\/a-propos-3\/\" \/>\n<meta property=\"og:locale\" content=\"de_DE\" \/>\n<meta property=\"og:type\" content=\"article\" \/>\n<meta property=\"og:title\" content=\"Partenaires - AirDrink\" \/>\n<meta property=\"og:description\" content=\"AIRDRINK propose des solutions uniques etinnovantes qui produisent \u00e0 partir de l\u2019humidit\u00e9 de l\u2019air une eau potable, fraiche etmin\u00e9ralis\u00e9e ! Ce proc\u00e9d\u00e9 unique s\u2019appelle \u00abG\u00e9n\u00e9rateur d\u2019eau Atmosph\u00e9rique\u00bb. Nos solutions sont compl\u00e9mentaires aux diff\u00e9rents moyens d\u2019acc\u00e8s \u00e0 l\u2019eaupotable mais et permettent un acc\u00e8s infini \u00e0 l\u2019eau au plus proche du lieu deconsommation. Notre fabricant partenaire DrinkableAir Technologies est un pionnier des g\u00e9n\u00e9rateurs d\u2019eau atmosph\u00e9rique. Il est bas\u00e9 aux \u00e9tats unis, en Floride (Fort Lauderdale)Ses solutions existent et sont sans cesse am\u00e9lior\u00e9es depuis 2010.\" \/>\n<meta property=\"og:url\" content=\"https:\/\/airdrink.fr\/de\/a-propos-3\/\" \/>\n<meta property=\"og:site_name\" content=\"AirDrink\" \/>\n<meta property=\"article:publisher\" content=\"https:\/\/www.facebook.com\/airdrinkFrance\/\" \/>\n<meta property=\"article:modified_time\" content=\"2023-07-04T12:24:43+00:00\" \/>\n<meta property=\"og:image\" content=\"https:\/\/airdrink.fr\/wp-content\/uploads\/2023\/06\/drinkableAir-Technologies-logo.png\" \/>\n\t<meta property=\"og:image:width\" content=\"475\" \/>\n\t<meta property=\"og:image:height\" content=\"93\" \/>\n\t<meta property=\"og:image:type\" content=\"image\/png\" \/>\n<meta name=\"twitter:card\" content=\"summary_large_image\" \/>\n<meta name=\"twitter:label1\" content=\"Gesch\u00e4tzte Lesezeit\" \/>\n\t<meta name=\"twitter:data1\" content=\"2\u00a0Minuten\" \/>\n<script type=\"application\/ld+json\" class=\"yoast-schema-graph\">{\"@context\":\"https:\\\/\\\/schema.org\",\"@graph\":[{\"@type\":\"WebPage\",\"@id\":\"https:\\\/\\\/airdrink.fr\\\/partenaires_airdrink\\\/\",\"url\":\"https:\\\/\\\/airdrink.fr\\\/partenaires_airdrink\\\/\",\"name\":\"Partenaires - AirDrink\",\"isPartOf\":{\"@id\":\"https:\\\/\\\/airdrink.fr\\\/#website\"},\"primaryImageOfPage\":{\"@id\":\"https:\\\/\\\/airdrink.fr\\\/partenaires_airdrink\\\/#primaryimage\"},\"image\":{\"@id\":\"https:\\\/\\\/airdrink.fr\\\/partenaires_airdrink\\\/#primaryimage\"},\"thumbnailUrl\":\"https:\\\/\\\/airdrink.fr\\\/wp-content\\\/uploads\\\/2023\\\/06\\\/drinkableAir-Technologies-logo.png\",\"datePublished\":\"2023-06-07T13:54:32+00:00\",\"dateModified\":\"2023-07-04T12:24:43+00:00\",\"description\":\"AIRDRINK propose des solutions uniques etinnovantes qui produisent \u00e0 partir de l\u2019humidit\u00e9 de l\u2019air une eau potable, fraiche etmin\u00e9ralis\u00e9e ! Ce proc\u00e9d\u00e9 unique s\u2019appelle \u00abG\u00e9n\u00e9rateur d\u2019eau Atmosph\u00e9rique\u00bb. Nos solutions sont compl\u00e9mentaires aux diff\u00e9rents moyens d\u2019acc\u00e8s \u00e0 l\u2019eaupotable mais et permettent un acc\u00e8s infini \u00e0 l\u2019eau au plus proche du lieu deconsommation. Notre fabricant partenaire DrinkableAir Technologies est un pionnier des g\u00e9n\u00e9rateurs d\u2019eau atmosph\u00e9rique. Il est bas\u00e9 aux \u00e9tats unis, en Floride (Fort Lauderdale)Ses solutions existent et sont sans cesse am\u00e9lior\u00e9es depuis 2010.\",\"breadcrumb\":{\"@id\":\"https:\\\/\\\/airdrink.fr\\\/partenaires_airdrink\\\/#breadcrumb\"},\"inLanguage\":\"de\",\"potentialAction\":[{\"@type\":\"ReadAction\",\"target\":[\"https:\\\/\\\/airdrink.fr\\\/partenaires_airdrink\\\/\"]}]},{\"@type\":\"ImageObject\",\"inLanguage\":\"de\",\"@id\":\"https:\\\/\\\/airdrink.fr\\\/partenaires_airdrink\\\/#primaryimage\",\"url\":\"https:\\\/\\\/airdrink.fr\\\/wp-content\\\/uploads\\\/2023\\\/06\\\/drinkableAir-Technologies-logo.png\",\"contentUrl\":\"https:\\\/\\\/airdrink.fr\\\/wp-content\\\/uploads\\\/2023\\\/06\\\/drinkableAir-Technologies-logo.png\",\"width\":475,\"height\":93},{\"@type\":\"BreadcrumbList\",\"@id\":\"https:\\\/\\\/airdrink.fr\\\/partenaires_airdrink\\\/#breadcrumb\",\"itemListElement\":[{\"@type\":\"ListItem\",\"position\":1,\"name\":\"Accueil\",\"item\":\"https:\\\/\\\/airdrink.fr\\\/\"},{\"@type\":\"ListItem\",\"position\":2,\"name\":\"Partenaires\"}]},{\"@type\":\"WebSite\",\"@id\":\"https:\\\/\\\/airdrink.fr\\\/#website\",\"url\":\"https:\\\/\\\/airdrink.fr\\\/\",\"name\":\"AirDrink - de l'eau \u00e0 partir de l'air !\",\"description\":\"Airdrink, de l'eau &agrave; partir de l'air !\",\"publisher\":{\"@id\":\"https:\\\/\\\/airdrink.fr\\\/#organization\"},\"potentialAction\":[{\"@type\":\"SearchAction\",\"target\":{\"@type\":\"EntryPoint\",\"urlTemplate\":\"https:\\\/\\\/airdrink.fr\\\/?s={search_term_string}\"},\"query-input\":{\"@type\":\"PropertyValueSpecification\",\"valueRequired\":true,\"valueName\":\"search_term_string\"}}],\"inLanguage\":\"de\"},{\"@type\":\"Organization\",\"@id\":\"https:\\\/\\\/airdrink.fr\\\/#organization\",\"name\":\"AirDrink - de l'eau \u00e0 partir de l'air !\",\"url\":\"https:\\\/\\\/airdrink.fr\\\/\",\"logo\":{\"@type\":\"ImageObject\",\"inLanguage\":\"de\",\"@id\":\"https:\\\/\\\/airdrink.fr\\\/#\\\/schema\\\/logo\\\/image\\\/\",\"url\":\"https:\\\/\\\/airdrink.fr\\\/wp-content\\\/uploads\\\/2023\\\/03\\\/cropped-logo-Airdrink-plus-HD-v1-3-300x203-1.png\",\"contentUrl\":\"https:\\\/\\\/airdrink.fr\\\/wp-content\\\/uploads\\\/2023\\\/03\\\/cropped-logo-Airdrink-plus-HD-v1-3-300x203-1.png\",\"width\":300,\"height\":128,\"caption\":\"AirDrink - de l'eau \u00e0 partir de l'air !\"},\"image\":{\"@id\":\"https:\\\/\\\/airdrink.fr\\\/#\\\/schema\\\/logo\\\/image\\\/\"},\"sameAs\":[\"https:\\\/\\\/www.facebook.com\\\/airdrinkFrance\\\/\",\"https:\\\/\\\/www.linkedin.com\\\/company\\\/pgsoft\",\"https:\\\/\\\/www.youtube.com\\\/channel\\\/UCV0fIuMlZQZElbCWK93RP9A\"]}]}<\/script>\n<!-- \/ Yoast SEO plugin. -->","yoast_head_json":{"title":"Partner - AirDrink","description":"AIRDRINK bietet einzigartige und innovative L\u00f6sungen, die aus der Luftfeuchtigkeit frisches, mineralisiertes Trinkwasser herstellen! Dieses einzigartige Verfahren nennt sich \"Atmosph\u00e4rischer Wassergenerator\". Unsere L\u00f6sungen erg\u00e4nzen die verschiedenen M\u00f6glichkeiten des Zugangs zu Trinkwasser und erm\u00f6glichen einen unendlichen Zugang zu Wasser in der N\u00e4he des Ortes, an dem es verbraucht wird. Unser Herstellerpartner DrinkableAir Technologies ist ein Pionier auf dem Gebiet der atmosph\u00e4rischen Wassergeneratoren. Er hat seinen Sitz in den USA, Florida (Fort Lauderdale), und seine L\u00f6sungen existieren seit 2010 und werden st\u00e4ndig verbessert.","robots":{"index":"index","follow":"follow","max-snippet":"max-snippet:-1","max-image-preview":"max-image-preview:large","max-video-preview":"max-video-preview:-1"},"canonical":"https:\/\/airdrink.fr\/de\/a-propos-3\/","og_locale":"de_DE","og_type":"article","og_title":"Partenaires - AirDrink","og_description":"AIRDRINK propose des solutions uniques etinnovantes qui produisent \u00e0 partir de l\u2019humidit\u00e9 de l\u2019air une eau potable, fraiche etmin\u00e9ralis\u00e9e ! Ce proc\u00e9d\u00e9 unique s\u2019appelle \u00abG\u00e9n\u00e9rateur d\u2019eau Atmosph\u00e9rique\u00bb. Nos solutions sont compl\u00e9mentaires aux diff\u00e9rents moyens d\u2019acc\u00e8s \u00e0 l\u2019eaupotable mais et permettent un acc\u00e8s infini \u00e0 l\u2019eau au plus proche du lieu deconsommation. Notre fabricant partenaire DrinkableAir Technologies est un pionnier des g\u00e9n\u00e9rateurs d\u2019eau atmosph\u00e9rique. Il est bas\u00e9 aux \u00e9tats unis, en Floride (Fort Lauderdale)Ses solutions existent et sont sans cesse am\u00e9lior\u00e9es depuis 2010.","og_url":"https:\/\/airdrink.fr\/de\/a-propos-3\/","og_site_name":"AirDrink","article_publisher":"https:\/\/www.facebook.com\/airdrinkFrance\/","article_modified_time":"2023-07-04T12:24:43+00:00","og_image":[{"width":475,"height":93,"url":"https:\/\/airdrink.fr\/wp-content\/uploads\/2023\/06\/drinkableAir-Technologies-logo.png","type":"image\/png"}],"twitter_card":"summary_large_image","twitter_misc":{"Gesch\u00e4tzte Lesezeit":"2\u00a0Minuten"},"schema":{"@context":"https:\/\/schema.org","@graph":[{"@type":"WebPage","@id":"https:\/\/airdrink.fr\/partenaires_airdrink\/","url":"https:\/\/airdrink.fr\/partenaires_airdrink\/","name":"Partner - AirDrink","isPartOf":{"@id":"https:\/\/airdrink.fr\/#website"},"primaryImageOfPage":{"@id":"https:\/\/airdrink.fr\/partenaires_airdrink\/#primaryimage"},"image":{"@id":"https:\/\/airdrink.fr\/partenaires_airdrink\/#primaryimage"},"thumbnailUrl":"https:\/\/airdrink.fr\/wp-content\/uploads\/2023\/06\/drinkableAir-Technologies-logo.png","datePublished":"2023-06-07T13:54:32+00:00","dateModified":"2023-07-04T12:24:43+00:00","description":"AIRDRINK bietet einzigartige und innovative L\u00f6sungen, die aus der Luftfeuchtigkeit frisches, mineralisiertes Trinkwasser herstellen! Dieses einzigartige Verfahren nennt sich \"Atmosph\u00e4rischer Wassergenerator\". Unsere L\u00f6sungen erg\u00e4nzen die verschiedenen M\u00f6glichkeiten des Zugangs zu Trinkwasser und erm\u00f6glichen einen unendlichen Zugang zu Wasser in der N\u00e4he des Ortes, an dem es verbraucht wird. Unser Herstellerpartner DrinkableAir Technologies ist ein Pionier auf dem Gebiet der atmosph\u00e4rischen Wassergeneratoren. Er hat seinen Sitz in den USA, Florida (Fort Lauderdale), und seine L\u00f6sungen existieren seit 2010 und werden st\u00e4ndig verbessert.","breadcrumb":{"@id":"https:\/\/airdrink.fr\/partenaires_airdrink\/#breadcrumb"},"inLanguage":"de","potentialAction":[{"@type":"ReadAction","target":["https:\/\/airdrink.fr\/partenaires_airdrink\/"]}]},{"@type":"ImageObject","inLanguage":"de","@id":"https:\/\/airdrink.fr\/partenaires_airdrink\/#primaryimage","url":"https:\/\/airdrink.fr\/wp-content\/uploads\/2023\/06\/drinkableAir-Technologies-logo.png","contentUrl":"https:\/\/airdrink.fr\/wp-content\/uploads\/2023\/06\/drinkableAir-Technologies-logo.png","width":475,"height":93},{"@type":"BreadcrumbList","@id":"https:\/\/airdrink.fr\/partenaires_airdrink\/#breadcrumb","itemListElement":[{"@type":"ListItem","position":1,"name":"Accueil","item":"https:\/\/airdrink.fr\/"},{"@type":"ListItem","position":2,"name":"Partenaires"}]},{"@type":"WebSite","@id":"https:\/\/airdrink.fr\/#website","url":"https:\/\/airdrink.fr\/","name":"AirDrink - Wasser aus der Luft!","description":"Airdrink, Wasser aus Luft!","publisher":{"@id":"https:\/\/airdrink.fr\/#organization"},"potentialAction":[{"@type":"SearchAction","target":{"@type":"EntryPoint","urlTemplate":"https:\/\/airdrink.fr\/?s={search_term_string}"},"query-input":{"@type":"PropertyValueSpecification","valueRequired":true,"valueName":"search_term_string"}}],"inLanguage":"de"},{"@type":"Organization","@id":"https:\/\/airdrink.fr\/#organization","name":"AirDrink - Wasser aus der Luft!","url":"https:\/\/airdrink.fr\/","logo":{"@type":"ImageObject","inLanguage":"de","@id":"https:\/\/airdrink.fr\/#\/schema\/logo\/image\/","url":"https:\/\/airdrink.fr\/wp-content\/uploads\/2023\/03\/cropped-logo-Airdrink-plus-HD-v1-3-300x203-1.png","contentUrl":"https:\/\/airdrink.fr\/wp-content\/uploads\/2023\/03\/cropped-logo-Airdrink-plus-HD-v1-3-300x203-1.png","width":300,"height":128,"caption":"AirDrink - de l'eau \u00e0 partir de l'air !"},"image":{"@id":"https:\/\/airdrink.fr\/#\/schema\/logo\/image\/"},"sameAs":["https:\/\/www.facebook.com\/airdrinkFrance\/","https:\/\/www.linkedin.com\/company\/pgsoft","https:\/\/www.youtube.com\/channel\/UCV0fIuMlZQZElbCWK93RP9A"]}]}},"_links":{"self":[{"href":"https:\/\/airdrink.fr\/de\/wp-json\/wp\/v2\/pages\/2427","targetHints":{"allow":["GET"]}}],"collection":[{"href":"https:\/\/airdrink.fr\/de\/wp-json\/wp\/v2\/pages"}],"about":[{"href":"https:\/\/airdrink.fr\/de\/wp-json\/wp\/v2\/types\/page"}],"author":[{"embeddable":true,"href":"https:\/\/airdrink.fr\/de\/wp-json\/wp\/v2\/users\/1"}],"replies":[{"embeddable":true,"href":"https:\/\/airdrink.fr\/de\/wp-json\/wp\/v2\/comments?post=2427"}],"version-history":[{"count":0,"href":"https:\/\/airdrink.fr\/de\/wp-json\/wp\/v2\/pages\/2427\/revisions"}],"wp:featuredmedia":[{"embeddable":true,"href":"https:\/\/airdrink.fr\/de\/wp-json\/wp\/v2\/media\/2428"}],"wp:attachment":[{"href":"https:\/\/airdrink.fr\/de\/wp-json\/wp\/v2\/media?parent=2427"}],"curies":[{"name":"wp","href":"https:\/\/api.w.org\/{rel}","templated":true}]}}