{"id":2467,"date":"2023-06-30T09:47:07","date_gmt":"2023-06-30T08:47:07","guid":{"rendered":"https:\/\/airdrink.fr\/?page_id=2467"},"modified":"2024-12-17T08:16:55","modified_gmt":"2024-12-17T06:16:55","slug":"a-propos-4","status":"publish","type":"page","link":"https:\/\/airdrink.fr\/de\/cgv\/","title":{"rendered":"Allgemeine Verkaufsbedingungen"},"content":{"rendered":"<div class=\"wpb-content-wrapper\"><div class=\"vc_row wpb_row vc_row-fluid vc_custom_1541768449725 shape_divider_top-none shape_divider_bottom-none\"><div class=\"wpb_column vc_column_container vc_col-sm-12 sc_layouts_column_icons_position_left\"><div class=\"vc_column-inner\"><div class=\"wpb_wrapper\">\n\t<div class=\"wpb_text_column wpb_content_element\" >\n\t\t<div class=\"wpb_wrapper\">\n\t\t\t<p style=\"text-align: justify;\"><strong>ALLGEMEINE VERKAUFSBEDINGUNGEN AIRDRINK - PGSOFT - G\u00fcltig ab dem 29.06.2023<\/strong><\/p>\n<p style=\"text-align: justify;\"><strong>Klausel Nr. 1: Gegenstand und Anwendungsbereich<\/strong><br \/>\nDie vorliegenden Allgemeinen Gesch\u00e4ftsbedingungen (AGB) bilden die Grundlage f\u00fcr die Gesch\u00e4ftsverhandlungen und werden jedem K\u00e4ufer systematisch zugesandt oder ausgeh\u00e4ndigt, damit er eine Bestellung aufgeben kann. Die im Folgenden beschriebenen AGB legen die Rechte und Pflichten der Firma PGSOFT und ihres Kunden im Rahmen des Verkaufs der folgenden Waren detailliert dar:<\/p>\n<p style=\"text-align: justify;\"><strong>ATMOSPH\u00c4RISCHE WASSERGENERATOREN UND ZUBEH\u00d6R<\/strong><br \/>\nJede Annahme des Kostenvoranschlags\/Bestellscheins auf dieser Website impliziert die vorbehaltlose Zustimmung des K\u00e4ufers zu den vorliegenden Allgemeinen Gesch\u00e4ftsbedingungen.<\/p>\n<p style=\"text-align: justify;\"><strong>Klausel Nr. 2: Preis<\/strong><br \/>\nDie Preise der verkauften Waren sind die am Tag der Bestellungsaufnahme g\u00fcltigen Preise. Sie sind in Euro angegeben und werden ohne Steuern berechnet. Folglich werden sie um den am Tag der Bestellung geltenden Mehrwertsteuersatz und die Transportkosten erh\u00f6ht. Die Firma PGSOFT beh\u00e4lt sich das Recht vor, ihre Preise jederzeit zu \u00e4ndern. Sie verpflichtet sich jedoch, die bestellten Waren zu den Preisen in Rechnung zu stellen, die bei der Registrierung der Bestellung angegeben wurden.<\/p>\n<p style=\"text-align: justify;\"><strong>Klausel Nr. 3: Rabatte und R\u00fcckverg\u00fctungen<\/strong><br \/>\nDie angebotenen Preise beinhalten Rabatte und R\u00fcckverg\u00fctungen, die die Firma PGSOFT aufgrund ihrer Ergebnisse oder der \u00dcbernahme bestimmter Leistungen durch den K\u00e4ufer gew\u00e4hren k\u00f6nnte.<\/p>\n<p style=\"text-align: justify;\"><strong>Klausel Nr. 4: Skonto<\/strong><br \/>\nBei Vorauszahlung wird kein Skonto gew\u00e4hrt.<\/p>\n<p style=\"text-align: justify;\"><strong>Klausel Nr. 5: Zahlungsmodalit\u00e4ten<\/strong><br \/>\nDie Bezahlung der Bestellungen erfolgt :<br \/>\n- oder per Scheck ;<br \/>\n- oder per Kreditkarte ;<br \/>\n- Entweder per \u00dcberweisung<br \/>\n- Entweder per Paypal oder Paypal * 4<\/p>\n<p style=\"text-align: justify;\"><strong>Klausel Nr. 6: Eigentumsvorbehaltsklausel<\/strong><br \/>\nDie Firma PGSOFT beh\u00e4lt das Eigentum an den verkauften Waren bis zur vollst\u00e4ndigen Zahlung des Preises in Haupt- und Nebenbetr\u00e4gen. In diesem Zusammenhang beh\u00e4lt sich PGSOFT das Recht vor, die verkauften und unbezahlten Waren im Rahmen des Kollektivverfahrens zu beanspruchen, wenn der K\u00e4ufer Gegenstand eines Sanierungsverfahrens oder einer gerichtlichen Liquidation ist.<\/p>\n<p style=\"text-align: justify;\"><strong>Klausel Nr. 7: Lieferung<\/strong><br \/>\nDie Lieferung erfolgt :<br \/>\n- oder durch direkte \u00dcbergabe der Ware an den K\u00e4ufer ;<br \/>\n- oder durch Versand einer Mitteilung \u00fcber die Bereitstellung im Gesch\u00e4ft zu H\u00e4nden des K\u00e4ufers ;<br \/>\n- oder durch Hinterlegung der Ware an dem Ort, den der K\u00e4ufer auf dem Bestellschein angegeben hat.<br \/>\nDie bei der Registrierung der Bestellung angegebene Lieferfrist dient nur zur Information und ist keinesfalls garantiert. Infolgedessen kann jede angemessene Verz\u00f6gerung bei der Lieferung der Produkte nicht dazu f\u00fchren, dass der K\u00e4ufer Anspruch auf :<br \/>\n- die Zuerkennung von Schadensersatz ;<br \/>\n- die Stornierung der Bestellung.<br \/>\nDas gesamte Transportrisiko tr\u00e4gt der K\u00e4ufer.<\/p>\n<p style=\"text-align: justify;\">Im Falle fehlender oder w\u00e4hrend des Transports besch\u00e4digter Waren muss der K\u00e4ufer bei Erhalt der Waren alle notwendigen Vorbehalte auf dem Transportschein vermerken. Diese Vorbehalte m\u00fcssen au\u00dferdem innerhalb von f\u00fcnf Tagen nach der Lieferung schriftlich per Einschreiben mit R\u00fcckschein an das Unternehmen best\u00e4tigt werden.<\/p>\n<p style=\"text-align: justify;\"><strong>Klausel Nr. 8: H\u00f6here Gewalt<\/strong><br \/>\nDie Firma PGSOFT kann nicht haftbar gemacht werden, wenn die Nichterf\u00fcllung oder die versp\u00e4tete Erf\u00fcllung einer ihrer in diesen Allgemeinen Gesch\u00e4ftsbedingungen beschriebenen Pflichten<br \/>\ndes Verkaufs aus einem Fall h\u00f6herer Gewalt resultiert. In diesem Zusammenhang versteht man unter h\u00f6herer Gewalt jedes von au\u00dfen kommende, unvorhersehbare und unwiderstehliche Ereignis im Sinne von Artikel 1148 des Zivilgesetzbuches.<\/p>\n<p style=\"text-align: justify;\"><strong>Klausel Nr. 9: Zust\u00e4ndiges Gericht<\/strong><br \/>\nAlle Streitigkeiten im Zusammenhang mit der Auslegung und Ausf\u00fchrung der vorliegenden Allgemeinen Gesch\u00e4ftsbedingungen unterliegen dem franz\u00f6sischen Recht. Falls keine g\u00fctliche Einigung erzielt werden kann, wird der Rechtsstreit vor das Handelsgericht von Aix-en-Provence gebracht.<\/p>\n\n\t\t<\/div>\n\t<\/div>\n<\/div><\/div><\/div><\/div>\n<\/div>","protected":false},"excerpt":{"rendered":"CONDITIONS GENERALES DE VENTE AIRDRINK - PGSOFT - Applicables \u00e0 compter du 29\/06\/2023 Clause n\u00b0&hellip;","protected":false},"author":1,"featured_media":0,"parent":0,"menu_order":0,"comment_status":"closed","ping_status":"closed","template":"","meta":{"_angie_page":false,"footnotes":""},"class_list":["post-2467","page","type-page","status-publish","hentry"],"yoast_head":"<!-- This site is optimized with the Yoast SEO plugin v27.5 - https:\/\/yoast.com\/product\/yoast-seo-wordpress\/ -->\n<title>Conditions G\u00e9n\u00e9rales de Vente - AirDrink<\/title>\n<meta name=\"description\" content=\"AIRDRINK propose des solutions uniques etinnovantes qui produisent \u00e0 partir de l\u2019humidit\u00e9 de l\u2019air une eau potable, fraiche etmin\u00e9ralis\u00e9e ! Ce proc\u00e9d\u00e9 unique s\u2019appelle \u00abG\u00e9n\u00e9rateur d\u2019eau Atmosph\u00e9rique\u00bb.Nos solutions sont compl\u00e9mentaires aux diff\u00e9rents moyens d\u2019acc\u00e8s \u00e0 l\u2019eaupotable mais et permettent un acc\u00e8s infini \u00e0 l\u2019eau au plus proche du lieu deconsommation.\" \/>\n<meta name=\"robots\" content=\"index, follow, max-snippet:-1, max-image-preview:large, max-video-preview:-1\" \/>\n<link rel=\"canonical\" href=\"https:\/\/airdrink.fr\/de\/a-propos-4\/\" \/>\n<meta property=\"og:locale\" content=\"de_DE\" \/>\n<meta property=\"og:type\" content=\"article\" \/>\n<meta property=\"og:title\" content=\"Conditions G\u00e9n\u00e9rales de Vente - AirDrink\" \/>\n<meta property=\"og:description\" content=\"AIRDRINK propose des solutions uniques etinnovantes qui produisent \u00e0 partir de l\u2019humidit\u00e9 de l\u2019air une eau potable, fraiche etmin\u00e9ralis\u00e9e ! Ce proc\u00e9d\u00e9 unique s\u2019appelle \u00abG\u00e9n\u00e9rateur d\u2019eau Atmosph\u00e9rique\u00bb.Nos solutions sont compl\u00e9mentaires aux diff\u00e9rents moyens d\u2019acc\u00e8s \u00e0 l\u2019eaupotable mais et permettent un acc\u00e8s infini \u00e0 l\u2019eau au plus proche du lieu deconsommation.\" \/>\n<meta property=\"og:url\" content=\"https:\/\/airdrink.fr\/de\/a-propos-4\/\" \/>\n<meta property=\"og:site_name\" content=\"AirDrink\" \/>\n<meta property=\"article:publisher\" content=\"https:\/\/www.facebook.com\/airdrinkFrance\/\" \/>\n<meta property=\"article:modified_time\" content=\"2024-12-17T06:16:55+00:00\" \/>\n<meta name=\"twitter:card\" content=\"summary_large_image\" \/>\n<meta name=\"twitter:label1\" content=\"Gesch\u00e4tzte Lesezeit\" \/>\n\t<meta name=\"twitter:data1\" content=\"4\u00a0Minuten\" \/>\n<script type=\"application\/ld+json\" class=\"yoast-schema-graph\">{\"@context\":\"https:\\\/\\\/schema.org\",\"@graph\":[{\"@type\":\"WebPage\",\"@id\":\"https:\\\/\\\/airdrink.fr\\\/cgv\\\/\",\"url\":\"https:\\\/\\\/airdrink.fr\\\/cgv\\\/\",\"name\":\"Conditions G\u00e9n\u00e9rales de Vente - AirDrink\",\"isPartOf\":{\"@id\":\"https:\\\/\\\/airdrink.fr\\\/#website\"},\"datePublished\":\"2023-06-30T08:47:07+00:00\",\"dateModified\":\"2024-12-17T06:16:55+00:00\",\"description\":\"AIRDRINK propose des solutions uniques etinnovantes qui produisent \u00e0 partir de l\u2019humidit\u00e9 de l\u2019air une eau potable, fraiche etmin\u00e9ralis\u00e9e ! Ce proc\u00e9d\u00e9 unique s\u2019appelle \u00abG\u00e9n\u00e9rateur d\u2019eau Atmosph\u00e9rique\u00bb.Nos solutions sont compl\u00e9mentaires aux diff\u00e9rents moyens d\u2019acc\u00e8s \u00e0 l\u2019eaupotable mais et permettent un acc\u00e8s infini \u00e0 l\u2019eau au plus proche du lieu deconsommation.\",\"breadcrumb\":{\"@id\":\"https:\\\/\\\/airdrink.fr\\\/cgv\\\/#breadcrumb\"},\"inLanguage\":\"de\",\"potentialAction\":[{\"@type\":\"ReadAction\",\"target\":[\"https:\\\/\\\/airdrink.fr\\\/cgv\\\/\"]}]},{\"@type\":\"BreadcrumbList\",\"@id\":\"https:\\\/\\\/airdrink.fr\\\/cgv\\\/#breadcrumb\",\"itemListElement\":[{\"@type\":\"ListItem\",\"position\":1,\"name\":\"Accueil\",\"item\":\"https:\\\/\\\/airdrink.fr\\\/\"},{\"@type\":\"ListItem\",\"position\":2,\"name\":\"Conditions G\u00e9n\u00e9rales de Vente\"}]},{\"@type\":\"WebSite\",\"@id\":\"https:\\\/\\\/airdrink.fr\\\/#website\",\"url\":\"https:\\\/\\\/airdrink.fr\\\/\",\"name\":\"AirDrink - de l'eau \u00e0 partir de l'air !\",\"description\":\"Airdrink, de l'eau &agrave; partir de l'air !\",\"publisher\":{\"@id\":\"https:\\\/\\\/airdrink.fr\\\/#organization\"},\"potentialAction\":[{\"@type\":\"SearchAction\",\"target\":{\"@type\":\"EntryPoint\",\"urlTemplate\":\"https:\\\/\\\/airdrink.fr\\\/?s={search_term_string}\"},\"query-input\":{\"@type\":\"PropertyValueSpecification\",\"valueRequired\":true,\"valueName\":\"search_term_string\"}}],\"inLanguage\":\"de\"},{\"@type\":\"Organization\",\"@id\":\"https:\\\/\\\/airdrink.fr\\\/#organization\",\"name\":\"AirDrink - de l'eau \u00e0 partir de l'air !\",\"url\":\"https:\\\/\\\/airdrink.fr\\\/\",\"logo\":{\"@type\":\"ImageObject\",\"inLanguage\":\"de\",\"@id\":\"https:\\\/\\\/airdrink.fr\\\/#\\\/schema\\\/logo\\\/image\\\/\",\"url\":\"https:\\\/\\\/airdrink.fr\\\/wp-content\\\/uploads\\\/2023\\\/03\\\/cropped-logo-Airdrink-plus-HD-v1-3-300x203-1.png\",\"contentUrl\":\"https:\\\/\\\/airdrink.fr\\\/wp-content\\\/uploads\\\/2023\\\/03\\\/cropped-logo-Airdrink-plus-HD-v1-3-300x203-1.png\",\"width\":300,\"height\":128,\"caption\":\"AirDrink - de l'eau \u00e0 partir de l'air !\"},\"image\":{\"@id\":\"https:\\\/\\\/airdrink.fr\\\/#\\\/schema\\\/logo\\\/image\\\/\"},\"sameAs\":[\"https:\\\/\\\/www.facebook.com\\\/airdrinkFrance\\\/\",\"https:\\\/\\\/www.linkedin.com\\\/company\\\/pgsoft\",\"https:\\\/\\\/www.youtube.com\\\/channel\\\/UCV0fIuMlZQZElbCWK93RP9A\"]}]}<\/script>\n<!-- \/ Yoast SEO plugin. -->","yoast_head_json":{"title":"Allgemeine Gesch\u00e4ftsbedingungen - AirDrink","description":"AIRDRINK bietet einzigartige und innovative L\u00f6sungen, die aus der Luftfeuchtigkeit frisches, mineralisiertes Trinkwasser herstellen! Unsere L\u00f6sungen erg\u00e4nzen die verschiedenen M\u00f6glichkeiten des Zugangs zu Trinkwasser und erm\u00f6glichen einen unendlichen Zugang zu Wasser in der N\u00e4he des Ortes, an dem es verbraucht wird.","robots":{"index":"index","follow":"follow","max-snippet":"max-snippet:-1","max-image-preview":"max-image-preview:large","max-video-preview":"max-video-preview:-1"},"canonical":"https:\/\/airdrink.fr\/de\/a-propos-4\/","og_locale":"de_DE","og_type":"article","og_title":"Conditions G\u00e9n\u00e9rales de Vente - AirDrink","og_description":"AIRDRINK propose des solutions uniques etinnovantes qui produisent \u00e0 partir de l\u2019humidit\u00e9 de l\u2019air une eau potable, fraiche etmin\u00e9ralis\u00e9e ! Ce proc\u00e9d\u00e9 unique s\u2019appelle \u00abG\u00e9n\u00e9rateur d\u2019eau Atmosph\u00e9rique\u00bb.Nos solutions sont compl\u00e9mentaires aux diff\u00e9rents moyens d\u2019acc\u00e8s \u00e0 l\u2019eaupotable mais et permettent un acc\u00e8s infini \u00e0 l\u2019eau au plus proche du lieu deconsommation.","og_url":"https:\/\/airdrink.fr\/de\/a-propos-4\/","og_site_name":"AirDrink","article_publisher":"https:\/\/www.facebook.com\/airdrinkFrance\/","article_modified_time":"2024-12-17T06:16:55+00:00","twitter_card":"summary_large_image","twitter_misc":{"Gesch\u00e4tzte Lesezeit":"4\u00a0Minuten"},"schema":{"@context":"https:\/\/schema.org","@graph":[{"@type":"WebPage","@id":"https:\/\/airdrink.fr\/cgv\/","url":"https:\/\/airdrink.fr\/cgv\/","name":"Allgemeine Gesch\u00e4ftsbedingungen - AirDrink","isPartOf":{"@id":"https:\/\/airdrink.fr\/#website"},"datePublished":"2023-06-30T08:47:07+00:00","dateModified":"2024-12-17T06:16:55+00:00","description":"AIRDRINK bietet einzigartige und innovative L\u00f6sungen, die aus der Luftfeuchtigkeit frisches, mineralisiertes Trinkwasser herstellen! Unsere L\u00f6sungen erg\u00e4nzen die verschiedenen M\u00f6glichkeiten des Zugangs zu Trinkwasser und erm\u00f6glichen einen unendlichen Zugang zu Wasser in der N\u00e4he des Ortes, an dem es verbraucht wird.","breadcrumb":{"@id":"https:\/\/airdrink.fr\/cgv\/#breadcrumb"},"inLanguage":"de","potentialAction":[{"@type":"ReadAction","target":["https:\/\/airdrink.fr\/cgv\/"]}]},{"@type":"BreadcrumbList","@id":"https:\/\/airdrink.fr\/cgv\/#breadcrumb","itemListElement":[{"@type":"ListItem","position":1,"name":"Accueil","item":"https:\/\/airdrink.fr\/"},{"@type":"ListItem","position":2,"name":"Conditions G\u00e9n\u00e9rales de Vente"}]},{"@type":"WebSite","@id":"https:\/\/airdrink.fr\/#website","url":"https:\/\/airdrink.fr\/","name":"AirDrink - Wasser aus der Luft!","description":"Airdrink, Wasser aus Luft!","publisher":{"@id":"https:\/\/airdrink.fr\/#organization"},"potentialAction":[{"@type":"SearchAction","target":{"@type":"EntryPoint","urlTemplate":"https:\/\/airdrink.fr\/?s={search_term_string}"},"query-input":{"@type":"PropertyValueSpecification","valueRequired":true,"valueName":"search_term_string"}}],"inLanguage":"de"},{"@type":"Organization","@id":"https:\/\/airdrink.fr\/#organization","name":"AirDrink - Wasser aus der Luft!","url":"https:\/\/airdrink.fr\/","logo":{"@type":"ImageObject","inLanguage":"de","@id":"https:\/\/airdrink.fr\/#\/schema\/logo\/image\/","url":"https:\/\/airdrink.fr\/wp-content\/uploads\/2023\/03\/cropped-logo-Airdrink-plus-HD-v1-3-300x203-1.png","contentUrl":"https:\/\/airdrink.fr\/wp-content\/uploads\/2023\/03\/cropped-logo-Airdrink-plus-HD-v1-3-300x203-1.png","width":300,"height":128,"caption":"AirDrink - de l'eau \u00e0 partir de l'air !"},"image":{"@id":"https:\/\/airdrink.fr\/#\/schema\/logo\/image\/"},"sameAs":["https:\/\/www.facebook.com\/airdrinkFrance\/","https:\/\/www.linkedin.com\/company\/pgsoft","https:\/\/www.youtube.com\/channel\/UCV0fIuMlZQZElbCWK93RP9A"]}]}},"_links":{"self":[{"href":"https:\/\/airdrink.fr\/de\/wp-json\/wp\/v2\/pages\/2467","targetHints":{"allow":["GET"]}}],"collection":[{"href":"https:\/\/airdrink.fr\/de\/wp-json\/wp\/v2\/pages"}],"about":[{"href":"https:\/\/airdrink.fr\/de\/wp-json\/wp\/v2\/types\/page"}],"author":[{"embeddable":true,"href":"https:\/\/airdrink.fr\/de\/wp-json\/wp\/v2\/users\/1"}],"replies":[{"embeddable":true,"href":"https:\/\/airdrink.fr\/de\/wp-json\/wp\/v2\/comments?post=2467"}],"version-history":[{"count":0,"href":"https:\/\/airdrink.fr\/de\/wp-json\/wp\/v2\/pages\/2467\/revisions"}],"wp:attachment":[{"href":"https:\/\/airdrink.fr\/de\/wp-json\/wp\/v2\/media?parent=2467"}],"curies":[{"name":"wp","href":"https:\/\/api.w.org\/{rel}","templated":true}]}}