{"id":3020,"date":"2024-12-17T08:33:47","date_gmt":"2024-12-17T06:33:47","guid":{"rendered":"https:\/\/airdrink.fr\/?page_id=3020"},"modified":"2025-10-22T16:15:16","modified_gmt":"2025-10-22T14:15:16","slug":"ruckgabepolitik","status":"publish","type":"page","link":"https:\/\/airdrink.fr\/de\/politique-de-retour\/","title":{"rendered":"R\u00fcckgaberichtlinie"},"content":{"rendered":"<div class=\"wpb-content-wrapper\"><div class=\"vc_row wpb_row vc_row-fluid vc_custom_1541768449725 shape_divider_top-none shape_divider_bottom-none\"><div class=\"wpb_column vc_column_container vc_col-sm-12 sc_layouts_column_icons_position_left\"><div class=\"vc_column-inner\"><div class=\"wpb_wrapper\">\n\t<div class=\"wpb_text_column wpb_content_element\" >\n\t\t<div class=\"wpb_wrapper\">\n\t\t\t<div style=\"text-align: justify;\">\n<p><span style=\"color: #000000;\"><strong>R\u00dcCKGABE- UND ERSTATTUNGSPOLITIK<\/strong><\/span><\/p>\n<p><span style=\"color: #000000;\">F\u00fcr R\u00fccksendungen und Erstattungsantr\u00e4ge steht Ihnen eine Frist von 14 Tagen nach Erhalt der Artikel zur Verf\u00fcgung.<\/span><\/p>\n<p><span style=\"color: #000000;\">Senden Sie uns eine E-Mail an folgende Adresse: <span style=\"color: #0000ff;\"><a style=\"color: #0000ff;\" title=\"Kontaktieren Sie uns\" href=\"https:\/\/shop.enesco.fr\/pages\/nous-contacter\" target=\"_blank\" rel=\"noreferrer noopener\">\u00a0<\/a><a style=\"color: #0000ff;\" title=\"Kontaktieren Sie uns\" href=\"https:\/\/airdrink.fr\/de\/kontakt\/\" target=\"_blank\" rel=\"noreferrer noopener\">contact@airdrink.fr<\/a><\/span> mit einer Kopie Ihrer Rechnung, der Bestellnummer und dem Grund f\u00fcr Ihren R\u00fcckgabewunsch. Wir werden Sie dann nach Erhalt \u00fcber die notwendigen Schritte informieren<\/span><\/p>\n<p><span style=\"color: #000000;\">Um eine R\u00fcckerstattung zu erhalten, muss Ihr Artikel unbenutzt und in demselben Zustand sein, in dem Sie ihn erhalten haben. Au\u00dferdem muss er sich in seiner Originalverpackung befinden.<\/span><\/p>\n<p><span style=\"color: #000000;\">Sie m\u00fcssen uns eine Rechnung oder einen Kaufbeleg sowie einen Versandnachweis vorlegen k\u00f6nnen, wenn Sie Ihre Bestellung durch einen Spediteur zur\u00fccksenden.<\/span><br \/>\n<span style=\"color: #000000;\">Andernfalls kann es sein, dass Ihre Bestellung nicht erstattet oder umgetauscht wird.<\/span><\/p>\n<p><span style=\"color: #000000;\">Um einen Artikel zur\u00fcckzusenden, m\u00fcssen Sie ihn an die folgende Postadresse schicken:<\/span><\/p>\n<p><span style=\"color: #000000;\">PGSOFT AIRDRINK<\/span><br \/>\n<span style=\"color: #000000;\">14 Weg der Br\u00fccke<\/span><br \/>\n<span style=\"color: #000000;\">13 720 LA BOUILLADISSE<\/span><\/p>\n<p><span style=\"color: #000000;\"><strong>Sie sind daf\u00fcr verantwortlich, die Versandkosten zu tragen.<\/strong><\/span><\/p>\n<p>&nbsp;<\/p>\n<p><span style=\"color: #000000;\"><strong>Artikel, die nicht zur\u00fcckgegeben oder erstattet werden k\u00f6nnen :<\/strong><\/span><\/p>\n<p><span style=\"color: #000000;\">- Jeder Artikel, der sich nicht im Originalzustand befindet, der besch\u00e4digt ist oder bei dem bestimmte Teile aus Gr\u00fcnden fehlen, die nicht auf einen Fehler unsererseits zur\u00fcckzuf\u00fchren sind.<\/span><\/p>\n<p><span style=\"color: #000000;\">- Jeder Artikel, der vor mehr als 14 Tagen geliefert wurde.<\/span><\/p>\n<p>&nbsp;<\/p>\n<p><span style=\"color: #000000;\"><strong>R\u00dcCKERSTATTUNGEN<\/strong><\/span><\/p>\n<p><span style=\"color: #000000;\">Sobald wir den zur\u00fcckgesandten Artikel erhalten und gepr\u00fcft haben, senden wir Ihnen eine E-Mail, in der wir Sie \u00fcber unsere Entscheidung informieren, ob wir Ihren Antrag auf R\u00fcckerstattung genehmigen oder ablehnen.<\/span><\/p>\n<p><span style=\"color: #000000;\">Wenn Ihr Antrag genehmigt wird, wird Ihre R\u00fcckerstattung bearbeitet und innerhalb von 48 Stunden automatisch eine Gutschrift auf Ihre Kreditkarte oder Ihre urspr\u00fcngliche Zahlungsmethode vorgenommen.<\/span><\/p>\n<p>&nbsp;<\/p>\n<p><span style=\"color: #000000;\"><strong>Versp\u00e4tete oder fehlende Erstattungen :<\/strong><\/span><\/p>\n<p><span style=\"color: #000000;\">Wenn Sie Ihre R\u00fcckerstattung noch nicht erhalten haben, \u00fcberpr\u00fcfen Sie bitte zun\u00e4chst noch einmal Ihr Bankkonto. Wenden Sie sich an den Aussteller Ihrer Kreditkarte sowie an Ihre Bank, da es zu einer Verz\u00f6gerung kommen kann, bevor Ihre R\u00fcckerstattung offiziell angezeigt wird.<\/span><\/p>\n<p><span style=\"color: #000000;\">Wenn Sie nach Durchf\u00fchrung all dieser Schritte Ihre R\u00fcckerstattung immer noch nicht erhalten haben, kontaktieren Sie uns bitte per E-Mail an diese Adresse : <span style=\"color: #0000ff;\"><a style=\"color: #0000ff;\" title=\"Kontaktieren Sie uns\" href=\"https:\/\/airdrink.fr\/de\/kontakt\/\" target=\"_blank\" rel=\"noreferrer noopener\">contact@airdrink.fr<\/a><\/span><\/span><\/p>\n<p><span style=\"color: #000000;\"><strong>AUSTAUSCH<\/strong><\/span><\/p>\n<p><span style=\"color: #000000;\">Wir ersetzen einen Artikel nur, wenn er defekt oder besch\u00e4digt ist. Wenn Sie ihn in diesem Fall gegen denselben Artikel umtauschen m\u00f6chten, senden Sie uns bitte eine E-Mail an folgende Adresse: <span style=\"color: #0000ff;\"><a style=\"color: #0000ff;\" title=\"Kontaktieren Sie uns\" href=\"https:\/\/shop.enesco.fr\/pages\/nous-contacter\" target=\"_blank\" rel=\"noreferrer noopener\">\u00a0<\/a><a style=\"color: #0000ff;\" title=\"Kontaktieren Sie uns\" href=\"https:\/\/airdrink.fr\/de\/kontakt\/\" target=\"_blank\" rel=\"noreferrer noopener\">contact@airdrink.fr<\/a><\/span><\/span><\/p>\n<p><span style=\"color: #000000;\">Defekte Artikel werden auf unsere Kosten abgeholt und ersetzt.<\/span><\/p>\n<p>&nbsp;<\/p>\n<\/div>\n<div style=\"text-align: justify;\"><\/div>\n<div style=\"text-align: justify;\"><\/div>\n\n\t\t<\/div>\n\t<\/div>\n<\/div><\/div><\/div><\/div>\n<\/div>","protected":false},"excerpt":{"rendered":"POLITIQUE DE RETOUR ET DE REMBOURSEMENT Pour tout\u00a0retour et demande de remboursement, vous disposez d'un&hellip;","protected":false},"author":1,"featured_media":0,"parent":0,"menu_order":0,"comment_status":"closed","ping_status":"closed","template":"","meta":{"_angie_page":false,"footnotes":""},"class_list":["post-3020","page","type-page","status-publish","hentry"],"yoast_head":"<!-- This site is optimized with the Yoast SEO plugin v27.5 - https:\/\/yoast.com\/product\/yoast-seo-wordpress\/ -->\n<title>Politique de Retour - AirDrink<\/title>\n<meta name=\"description\" content=\"AIRDRINK propose des solutions uniques etinnovantes qui produisent \u00e0 partir de l\u2019humidit\u00e9 de l\u2019air une eau potable, fraiche etmin\u00e9ralis\u00e9e ! Ce proc\u00e9d\u00e9 unique s\u2019appelle \u00abG\u00e9n\u00e9rateur d\u2019eau Atmosph\u00e9rique\u00bb.Nos solutions sont compl\u00e9mentaires aux diff\u00e9rents moyens d\u2019acc\u00e8s \u00e0 l\u2019eaupotable mais et permettent un acc\u00e8s infini \u00e0 l\u2019eau au plus proche du lieu deconsommation.\" \/>\n<meta name=\"robots\" content=\"index, follow, max-snippet:-1, max-image-preview:large, max-video-preview:-1\" \/>\n<link rel=\"canonical\" href=\"https:\/\/airdrink.fr\/de\/ruckgabepolitik\/\" \/>\n<meta property=\"og:locale\" content=\"de_DE\" \/>\n<meta property=\"og:type\" content=\"article\" \/>\n<meta property=\"og:title\" content=\"Politique de Retour - AirDrink\" \/>\n<meta property=\"og:description\" content=\"AIRDRINK propose des solutions uniques etinnovantes qui produisent \u00e0 partir de l\u2019humidit\u00e9 de l\u2019air une eau potable, fraiche etmin\u00e9ralis\u00e9e ! Ce proc\u00e9d\u00e9 unique s\u2019appelle \u00abG\u00e9n\u00e9rateur d\u2019eau Atmosph\u00e9rique\u00bb.Nos solutions sont compl\u00e9mentaires aux diff\u00e9rents moyens d\u2019acc\u00e8s \u00e0 l\u2019eaupotable mais et permettent un acc\u00e8s infini \u00e0 l\u2019eau au plus proche du lieu deconsommation.\" \/>\n<meta property=\"og:url\" content=\"https:\/\/airdrink.fr\/de\/ruckgabepolitik\/\" \/>\n<meta property=\"og:site_name\" content=\"AirDrink\" \/>\n<meta property=\"article:publisher\" content=\"https:\/\/www.facebook.com\/airdrinkFrance\/\" \/>\n<meta property=\"article:modified_time\" content=\"2025-10-22T14:15:16+00:00\" \/>\n<meta name=\"twitter:card\" content=\"summary_large_image\" \/>\n<meta name=\"twitter:label1\" content=\"Gesch\u00e4tzte Lesezeit\" \/>\n\t<meta name=\"twitter:data1\" content=\"2\u00a0Minuten\" \/>\n<script type=\"application\/ld+json\" class=\"yoast-schema-graph\">{\"@context\":\"https:\\\/\\\/schema.org\",\"@graph\":[{\"@type\":\"WebPage\",\"@id\":\"https:\\\/\\\/airdrink.fr\\\/politique-de-retour\\\/\",\"url\":\"https:\\\/\\\/airdrink.fr\\\/politique-de-retour\\\/\",\"name\":\"Politique de Retour - AirDrink\",\"isPartOf\":{\"@id\":\"https:\\\/\\\/airdrink.fr\\\/#website\"},\"datePublished\":\"2024-12-17T06:33:47+00:00\",\"dateModified\":\"2025-10-22T14:15:16+00:00\",\"description\":\"AIRDRINK propose des solutions uniques etinnovantes qui produisent \u00e0 partir de l\u2019humidit\u00e9 de l\u2019air une eau potable, fraiche etmin\u00e9ralis\u00e9e ! Ce proc\u00e9d\u00e9 unique s\u2019appelle \u00abG\u00e9n\u00e9rateur d\u2019eau Atmosph\u00e9rique\u00bb.Nos solutions sont compl\u00e9mentaires aux diff\u00e9rents moyens d\u2019acc\u00e8s \u00e0 l\u2019eaupotable mais et permettent un acc\u00e8s infini \u00e0 l\u2019eau au plus proche du lieu deconsommation.\",\"breadcrumb\":{\"@id\":\"https:\\\/\\\/airdrink.fr\\\/politique-de-retour\\\/#breadcrumb\"},\"inLanguage\":\"de\",\"potentialAction\":[{\"@type\":\"ReadAction\",\"target\":[\"https:\\\/\\\/airdrink.fr\\\/politique-de-retour\\\/\"]}]},{\"@type\":\"BreadcrumbList\",\"@id\":\"https:\\\/\\\/airdrink.fr\\\/politique-de-retour\\\/#breadcrumb\",\"itemListElement\":[{\"@type\":\"ListItem\",\"position\":1,\"name\":\"Accueil\",\"item\":\"https:\\\/\\\/airdrink.fr\\\/\"},{\"@type\":\"ListItem\",\"position\":2,\"name\":\"Politique de Retour\"}]},{\"@type\":\"WebSite\",\"@id\":\"https:\\\/\\\/airdrink.fr\\\/#website\",\"url\":\"https:\\\/\\\/airdrink.fr\\\/\",\"name\":\"AirDrink - de l'eau \u00e0 partir de l'air !\",\"description\":\"Airdrink, de l'eau &agrave; partir de l'air !\",\"publisher\":{\"@id\":\"https:\\\/\\\/airdrink.fr\\\/#organization\"},\"potentialAction\":[{\"@type\":\"SearchAction\",\"target\":{\"@type\":\"EntryPoint\",\"urlTemplate\":\"https:\\\/\\\/airdrink.fr\\\/?s={search_term_string}\"},\"query-input\":{\"@type\":\"PropertyValueSpecification\",\"valueRequired\":true,\"valueName\":\"search_term_string\"}}],\"inLanguage\":\"de\"},{\"@type\":\"Organization\",\"@id\":\"https:\\\/\\\/airdrink.fr\\\/#organization\",\"name\":\"AirDrink - de l'eau \u00e0 partir de l'air !\",\"url\":\"https:\\\/\\\/airdrink.fr\\\/\",\"logo\":{\"@type\":\"ImageObject\",\"inLanguage\":\"de\",\"@id\":\"https:\\\/\\\/airdrink.fr\\\/#\\\/schema\\\/logo\\\/image\\\/\",\"url\":\"https:\\\/\\\/airdrink.fr\\\/wp-content\\\/uploads\\\/2023\\\/03\\\/cropped-logo-Airdrink-plus-HD-v1-3-300x203-1.png\",\"contentUrl\":\"https:\\\/\\\/airdrink.fr\\\/wp-content\\\/uploads\\\/2023\\\/03\\\/cropped-logo-Airdrink-plus-HD-v1-3-300x203-1.png\",\"width\":300,\"height\":128,\"caption\":\"AirDrink - de l'eau \u00e0 partir de l'air !\"},\"image\":{\"@id\":\"https:\\\/\\\/airdrink.fr\\\/#\\\/schema\\\/logo\\\/image\\\/\"},\"sameAs\":[\"https:\\\/\\\/www.facebook.com\\\/airdrinkFrance\\\/\",\"https:\\\/\\\/www.linkedin.com\\\/company\\\/pgsoft\",\"https:\\\/\\\/www.youtube.com\\\/channel\\\/UCV0fIuMlZQZElbCWK93RP9A\"]}]}<\/script>\n<!-- \/ Yoast SEO plugin. -->","yoast_head_json":{"title":"R\u00fcckgaberichtlinien - AirDrink","description":"AIRDRINK bietet einzigartige und innovative L\u00f6sungen, die aus der Luftfeuchtigkeit frisches, mineralisiertes Trinkwasser herstellen! Unsere L\u00f6sungen erg\u00e4nzen die verschiedenen M\u00f6glichkeiten des Zugangs zu Trinkwasser und erm\u00f6glichen einen unendlichen Zugang zu Wasser in der N\u00e4he des Ortes, an dem es verbraucht wird.","robots":{"index":"index","follow":"follow","max-snippet":"max-snippet:-1","max-image-preview":"max-image-preview:large","max-video-preview":"max-video-preview:-1"},"canonical":"https:\/\/airdrink.fr\/de\/ruckgabepolitik\/","og_locale":"de_DE","og_type":"article","og_title":"Politique de Retour - AirDrink","og_description":"AIRDRINK propose des solutions uniques etinnovantes qui produisent \u00e0 partir de l\u2019humidit\u00e9 de l\u2019air une eau potable, fraiche etmin\u00e9ralis\u00e9e ! Ce proc\u00e9d\u00e9 unique s\u2019appelle \u00abG\u00e9n\u00e9rateur d\u2019eau Atmosph\u00e9rique\u00bb.Nos solutions sont compl\u00e9mentaires aux diff\u00e9rents moyens d\u2019acc\u00e8s \u00e0 l\u2019eaupotable mais et permettent un acc\u00e8s infini \u00e0 l\u2019eau au plus proche du lieu deconsommation.","og_url":"https:\/\/airdrink.fr\/de\/ruckgabepolitik\/","og_site_name":"AirDrink","article_publisher":"https:\/\/www.facebook.com\/airdrinkFrance\/","article_modified_time":"2025-10-22T14:15:16+00:00","twitter_card":"summary_large_image","twitter_misc":{"Gesch\u00e4tzte Lesezeit":"2\u00a0Minuten"},"schema":{"@context":"https:\/\/schema.org","@graph":[{"@type":"WebPage","@id":"https:\/\/airdrink.fr\/politique-de-retour\/","url":"https:\/\/airdrink.fr\/politique-de-retour\/","name":"R\u00fcckgaberichtlinien - AirDrink","isPartOf":{"@id":"https:\/\/airdrink.fr\/#website"},"datePublished":"2024-12-17T06:33:47+00:00","dateModified":"2025-10-22T14:15:16+00:00","description":"AIRDRINK bietet einzigartige und innovative L\u00f6sungen, die aus der Luftfeuchtigkeit frisches, mineralisiertes Trinkwasser herstellen! Unsere L\u00f6sungen erg\u00e4nzen die verschiedenen M\u00f6glichkeiten des Zugangs zu Trinkwasser und erm\u00f6glichen einen unendlichen Zugang zu Wasser in der N\u00e4he des Ortes, an dem es verbraucht wird.","breadcrumb":{"@id":"https:\/\/airdrink.fr\/politique-de-retour\/#breadcrumb"},"inLanguage":"de","potentialAction":[{"@type":"ReadAction","target":["https:\/\/airdrink.fr\/politique-de-retour\/"]}]},{"@type":"BreadcrumbList","@id":"https:\/\/airdrink.fr\/politique-de-retour\/#breadcrumb","itemListElement":[{"@type":"ListItem","position":1,"name":"Accueil","item":"https:\/\/airdrink.fr\/"},{"@type":"ListItem","position":2,"name":"Politique de Retour"}]},{"@type":"WebSite","@id":"https:\/\/airdrink.fr\/#website","url":"https:\/\/airdrink.fr\/","name":"AirDrink - Wasser aus der Luft!","description":"Airdrink, Wasser aus Luft!","publisher":{"@id":"https:\/\/airdrink.fr\/#organization"},"potentialAction":[{"@type":"SearchAction","target":{"@type":"EntryPoint","urlTemplate":"https:\/\/airdrink.fr\/?s={search_term_string}"},"query-input":{"@type":"PropertyValueSpecification","valueRequired":true,"valueName":"search_term_string"}}],"inLanguage":"de"},{"@type":"Organization","@id":"https:\/\/airdrink.fr\/#organization","name":"AirDrink - Wasser aus der Luft!","url":"https:\/\/airdrink.fr\/","logo":{"@type":"ImageObject","inLanguage":"de","@id":"https:\/\/airdrink.fr\/#\/schema\/logo\/image\/","url":"https:\/\/airdrink.fr\/wp-content\/uploads\/2023\/03\/cropped-logo-Airdrink-plus-HD-v1-3-300x203-1.png","contentUrl":"https:\/\/airdrink.fr\/wp-content\/uploads\/2023\/03\/cropped-logo-Airdrink-plus-HD-v1-3-300x203-1.png","width":300,"height":128,"caption":"AirDrink - de l'eau \u00e0 partir de l'air !"},"image":{"@id":"https:\/\/airdrink.fr\/#\/schema\/logo\/image\/"},"sameAs":["https:\/\/www.facebook.com\/airdrinkFrance\/","https:\/\/www.linkedin.com\/company\/pgsoft","https:\/\/www.youtube.com\/channel\/UCV0fIuMlZQZElbCWK93RP9A"]}]}},"_links":{"self":[{"href":"https:\/\/airdrink.fr\/de\/wp-json\/wp\/v2\/pages\/3020","targetHints":{"allow":["GET"]}}],"collection":[{"href":"https:\/\/airdrink.fr\/de\/wp-json\/wp\/v2\/pages"}],"about":[{"href":"https:\/\/airdrink.fr\/de\/wp-json\/wp\/v2\/types\/page"}],"author":[{"embeddable":true,"href":"https:\/\/airdrink.fr\/de\/wp-json\/wp\/v2\/users\/1"}],"replies":[{"embeddable":true,"href":"https:\/\/airdrink.fr\/de\/wp-json\/wp\/v2\/comments?post=3020"}],"version-history":[{"count":0,"href":"https:\/\/airdrink.fr\/de\/wp-json\/wp\/v2\/pages\/3020\/revisions"}],"wp:attachment":[{"href":"https:\/\/airdrink.fr\/de\/wp-json\/wp\/v2\/media?parent=3020"}],"curies":[{"name":"wp","href":"https:\/\/api.w.org\/{rel}","templated":true}]}}