{"id":36,"date":"2017-12-13T15:33:35","date_gmt":"2017-12-13T14:33:35","guid":{"rendered":"https:\/\/airdrink.fr\/?page_id=36"},"modified":"2023-07-04T15:38:27","modified_gmt":"2023-07-04T14:38:27","slug":"kontakt","status":"publish","type":"page","link":"https:\/\/airdrink.fr\/de\/contact\/","title":{"rendered":"Kontakt"},"content":{"rendered":"<div class=\"wpb-content-wrapper\"><div data-vc-full-width=\"true\" data-vc-full-width-temp=\"true\" data-vc-full-width-init=\"false\" data-vc-stretch-content=\"true\" class=\"vc_row wpb_row vc_row-fluid vc_row-no-padding shape_divider_top-none shape_divider_bottom-none\"><div class=\"wpb_column vc_column_container vc_col-sm-12 sc_layouts_column_icons_position_left\"><div class=\"vc_column-inner\"><div class=\"wpb_wrapper\"><div id=\"sc_googlemap_1702089344_wrap\" class=\"sc_googlemap_wrap\"><div id=\"sc_googlemap_1702089344\"\n\t\t\tclass=\"sc_googlemap sc_googlemap_default trx_addons_inline_1442017515\"\n\t\t\t\t\t\tdata-zoom=\"12\"\n\t\t\tdata-center=\"\"\n\t\t\tdata-style=\"greyscale\"\n\t\t\tdata-cluster-icon=\"\"\n\t\t\t><iframe\n\t\t\t\t\t\tsrc=\"https:\/\/maps.google.com\/maps?t=m&output=embed&iwloc=near&z=12&q=14+chemin+de+la+passerelle+13720+LA+BOUILLADISSE+FRANCE\"\n\t\t\t\t\t\tscrolling=\"no\"\n\t\t\t\t\t\tmarginheight=\"0\"\n\t\t\t\t\t\tmarginwidth=\"0\"\n\t\t\t\t\t\tframeborder=\"0\"\n\t\t\t\t\t\taria-label=\"\"><\/iframe><\/div><\/div><!-- \/.sc_googlemap_wrap --><\/div><\/div><\/div><\/div><div class=\"vc_row-full-width vc_clearfix\"><\/div><div class=\"vc_row wpb_row vc_row-fluid vc_custom_1541763469252 shape_divider_top-none shape_divider_bottom-none\"><div class=\"wpb_column vc_column_container vc_col-sm-6 vc_col-has-fill sc_layouts_column_icons_position_left\"><div class=\"vc_column-inner vc_custom_1540288648111\"><div class=\"wpb_wrapper\"><div id=\"sc_title_797495598\"\n\t\tclass=\"sc_title sc_title_default  vc_custom_1680900361389\"><span class=\"sc_item_subtitle sc_title_subtitle sc_align_left sc_item_subtitle_above sc_item_title_style_default\">Vous avez des questions ?<\/span><h2 class=\"sc_item_title sc_title_title sc_align_left sc_item_title_style_default\"><span class=\"sc_item_title_text\">Contactez-nous !<\/span><\/h2><\/div><!-- \/.sc_title -->\n<div class=\"wpcf7 no-js\" id=\"wpcf7-f685-o1\" lang=\"en-US\" dir=\"ltr\" data-wpcf7-id=\"685\">\n<div class=\"screen-reader-response\"><p role=\"status\" aria-live=\"polite\" aria-atomic=\"true\"><\/p> <ul><\/ul><\/div>\n<form action=\"\/de\/wp-json\/wp\/v2\/pages\/36#wpcf7-f685-o1\" method=\"post\" class=\"wpcf7-form init\" aria-label=\"Contact form\" novalidate=\"novalidate\" data-status=\"init\">\n<fieldset class=\"hidden-fields-container\"><input type=\"hidden\" name=\"_wpcf7\" value=\"685\" \/><input type=\"hidden\" name=\"_wpcf7_version\" value=\"6.1.5\" \/><input type=\"hidden\" name=\"_wpcf7_locale\" value=\"en_US\" \/><input type=\"hidden\" name=\"_wpcf7_unit_tag\" value=\"wpcf7-f685-o1\" \/><input type=\"hidden\" name=\"_wpcf7_container_post\" value=\"0\" \/><input type=\"hidden\" name=\"_wpcf7_posted_data_hash\" value=\"\" \/>\n<\/fieldset>\n<div class=\"sc_form_details trx_addons_columns_wrap\">\n<div class=\"trx_addons_column-1_2\"><span class=\"wpcf7-form-control-wrap\" data-name=\"your-name\"><input size=\"40\" maxlength=\"400\" class=\"wpcf7-form-control wpcf7-text wpcf7-validates-as-required\" aria-required=\"true\" aria-invalid=\"false\" placeholder=\"Nom et pr\u00e9nom\" value=\"\" type=\"text\" name=\"your-name\" \/><\/span><\/div>\n<div class=\"trx_addons_column-1_2\"><span class=\"wpcf7-form-control-wrap\" data-name=\"your-phone\"><input size=\"40\" maxlength=\"400\" class=\"wpcf7-form-control wpcf7-text wpcf7-validates-as-required\" aria-required=\"true\" aria-invalid=\"false\" placeholder=\"T\u00e9l\u00e9phone\" value=\"\" type=\"text\" name=\"your-phone\" \/><\/span> <\/div>\n<\/div>\n<span class=\"wpcf7-form-control-wrap\" data-name=\"your-email\"><input size=\"40\" maxlength=\"400\" class=\"wpcf7-form-control wpcf7-email wpcf7-validates-as-required wpcf7-text wpcf7-validates-as-email\" aria-required=\"true\" aria-invalid=\"false\" placeholder=\"Adresse e-mail\" value=\"\" type=\"email\" name=\"your-email\" \/><\/span>\n<span class=\"wpcf7-form-control-wrap\" data-name=\"your-message\"><textarea cols=\"40\" rows=\"10\" maxlength=\"2000\" class=\"wpcf7-form-control wpcf7-textarea\" aria-invalid=\"false\" placeholder=\"Votre message\" name=\"your-message\"><\/textarea><\/span>\n[wpgdprc \"J'autorise AirDrink \u00e0 utiliser ces donn\u00e9es pour me contacter \u00e0 des fins de prospection commerciale, sans cession \u00e0 des tiers.\"]\n<div class=\"sc_align_right\">\n<span id=\"ai1ic-KrQsd\" data-toggle=\"\" class=\"cf7ic-loader\">Loading...<\/span>\n<input class=\"wpcf7-form-control wpcf7-submit has-spinner\" type=\"submit\" value=\"Envoyer\" \/><\/div><div class=\"wpcf7-response-output\" aria-hidden=\"true\"><\/div>\n<\/form>\n<\/div>\n<\/div><\/div><\/div><div class=\"wpb_column vc_column_container vc_col-sm-1 sc_layouts_column_icons_position_left\"><div class=\"vc_column-inner\"><div class=\"wpb_wrapper\"><div class=\"vc_empty_space  hide_on_wide hide_on_desktop hide_on_notebook hide_on_tablet\"   style=\"height: 2em\"><span class=\"vc_empty_space_inner\"><\/span><\/div><\/div><\/div><\/div><div class=\"wpb_column vc_column_container vc_col-sm-5 vc_col-has-fill sc_bg_mask_5 sc_layouts_column_icons_position_left\"><div class=\"vc_column-inner vc_custom_1542013416249\"><div class=\"wpb_wrapper\">\n\t<div class=\"wpb_text_column wpb_content_element vc_custom_1688481501310 scheme_dark\" >\n\t\t<div class=\"wpb_wrapper\">\n\t\t\t<ul class=\"trx_addons_list_parameters\">\n<li>\n<h6>Adresse<\/h6>\n<p>14 Chemin de la passerelle<br \/>\n13720 LA BOUILLADISSE, FRANCE<\/li>\n<li>\n<h6>Email<\/h6>\n<p><img decoding=\"async\" class=\"alignnone wp-image-2497 size-full\" src=\"https:\/\/airdrink.fr\/wp-content\/uploads\/2023\/06\/contact.png\" alt=\"\" width=\"174\" height=\"31\" srcset=\"https:\/\/airdrink.fr\/wp-content\/uploads\/2023\/06\/contact.png 174w, https:\/\/airdrink.fr\/wp-content\/uploads\/2023\/06\/contact-18x3.png 18w\" sizes=\"(max-width: 174px) 100vw, 174px\" \/><\/li>\n<li>\n<h6>Phone<\/h6>\n<p><a href=\"tel:0442182235\">(+33)4 42 18 22 35<\/a><\/li>\n<\/ul>\n\n\t\t<\/div>\n\t<\/div>\n<\/div><\/div><\/div><\/div>\n<\/div>","protected":false},"excerpt":{"rendered":"Vous avez des questions ?Contactez-nous ! [wpgdprc \"J'autorise AirDrink \u00e0 utiliser ces donn\u00e9es pour me&hellip;","protected":false},"author":1,"featured_media":0,"parent":0,"menu_order":0,"comment_status":"closed","ping_status":"closed","template":"","meta":{"_angie_page":false,"footnotes":""},"class_list":["post-36","page","type-page","status-publish","hentry"],"yoast_head":"<!-- This site is optimized with the Yoast SEO plugin v27.5 - https:\/\/yoast.com\/product\/yoast-seo-wordpress\/ -->\n<title>Contact - AirDrink<\/title>\n<meta name=\"description\" content=\"AIRDRINK propose des solutions uniques etinnovantes qui produisent \u00e0 partir de l\u2019humidit\u00e9 de l\u2019air une eau potable, fraiche etmin\u00e9ralis\u00e9e ! Ce proc\u00e9d\u00e9 unique s\u2019appelle \u00abG\u00e9n\u00e9rateur d\u2019eau Atmosph\u00e9rique\u00bb.Nos solutions sont compl\u00e9mentaires aux diff\u00e9rents moyens d\u2019acc\u00e8s \u00e0 l\u2019eaupotable mais et permettent un acc\u00e8s infini \u00e0 l\u2019eau au plus proche du lieu deconsommation.\" \/>\n<meta name=\"robots\" content=\"index, follow, max-snippet:-1, max-image-preview:large, max-video-preview:-1\" \/>\n<link rel=\"canonical\" href=\"https:\/\/airdrink.fr\/de\/kontakt\/\" \/>\n<meta property=\"og:locale\" content=\"de_DE\" \/>\n<meta property=\"og:type\" content=\"article\" \/>\n<meta property=\"og:title\" content=\"Contact - AirDrink\" \/>\n<meta property=\"og:description\" content=\"AIRDRINK propose des solutions uniques etinnovantes qui produisent \u00e0 partir de l\u2019humidit\u00e9 de l\u2019air une eau potable, fraiche etmin\u00e9ralis\u00e9e ! Ce proc\u00e9d\u00e9 unique s\u2019appelle \u00abG\u00e9n\u00e9rateur d\u2019eau Atmosph\u00e9rique\u00bb.Nos solutions sont compl\u00e9mentaires aux diff\u00e9rents moyens d\u2019acc\u00e8s \u00e0 l\u2019eaupotable mais et permettent un acc\u00e8s infini \u00e0 l\u2019eau au plus proche du lieu deconsommation.\" \/>\n<meta property=\"og:url\" content=\"https:\/\/airdrink.fr\/de\/kontakt\/\" \/>\n<meta property=\"og:site_name\" content=\"AirDrink\" \/>\n<meta property=\"article:publisher\" content=\"https:\/\/www.facebook.com\/airdrinkFrance\/\" \/>\n<meta property=\"article:modified_time\" content=\"2023-07-04T14:38:27+00:00\" \/>\n<meta property=\"og:image\" content=\"https:\/\/airdrink.fr\/wp-content\/uploads\/2023\/06\/contact.png\" \/>\n<meta name=\"twitter:card\" content=\"summary_large_image\" \/>\n<meta name=\"twitter:label1\" content=\"Gesch\u00e4tzte Lesezeit\" \/>\n\t<meta name=\"twitter:data1\" content=\"1\u00a0Minute\" \/>\n<script type=\"application\/ld+json\" class=\"yoast-schema-graph\">{\"@context\":\"https:\\\/\\\/schema.org\",\"@graph\":[{\"@type\":\"WebPage\",\"@id\":\"https:\\\/\\\/airdrink.fr\\\/contact\\\/\",\"url\":\"https:\\\/\\\/airdrink.fr\\\/contact\\\/\",\"name\":\"Contact - AirDrink\",\"isPartOf\":{\"@id\":\"https:\\\/\\\/airdrink.fr\\\/#website\"},\"primaryImageOfPage\":{\"@id\":\"https:\\\/\\\/airdrink.fr\\\/contact\\\/#primaryimage\"},\"image\":{\"@id\":\"https:\\\/\\\/airdrink.fr\\\/contact\\\/#primaryimage\"},\"thumbnailUrl\":\"https:\\\/\\\/airdrink.fr\\\/wp-content\\\/uploads\\\/2023\\\/06\\\/contact.png\",\"datePublished\":\"2017-12-13T14:33:35+00:00\",\"dateModified\":\"2023-07-04T14:38:27+00:00\",\"description\":\"AIRDRINK propose des solutions uniques etinnovantes qui produisent \u00e0 partir de l\u2019humidit\u00e9 de l\u2019air une eau potable, fraiche etmin\u00e9ralis\u00e9e ! Ce proc\u00e9d\u00e9 unique s\u2019appelle \u00abG\u00e9n\u00e9rateur d\u2019eau Atmosph\u00e9rique\u00bb.Nos solutions sont compl\u00e9mentaires aux diff\u00e9rents moyens d\u2019acc\u00e8s \u00e0 l\u2019eaupotable mais et permettent un acc\u00e8s infini \u00e0 l\u2019eau au plus proche du lieu deconsommation.\",\"breadcrumb\":{\"@id\":\"https:\\\/\\\/airdrink.fr\\\/contact\\\/#breadcrumb\"},\"inLanguage\":\"de\",\"potentialAction\":[{\"@type\":\"ReadAction\",\"target\":[\"https:\\\/\\\/airdrink.fr\\\/contact\\\/\"]}]},{\"@type\":\"ImageObject\",\"inLanguage\":\"de\",\"@id\":\"https:\\\/\\\/airdrink.fr\\\/contact\\\/#primaryimage\",\"url\":\"https:\\\/\\\/airdrink.fr\\\/wp-content\\\/uploads\\\/2023\\\/06\\\/contact.png\",\"contentUrl\":\"https:\\\/\\\/airdrink.fr\\\/wp-content\\\/uploads\\\/2023\\\/06\\\/contact.png\"},{\"@type\":\"BreadcrumbList\",\"@id\":\"https:\\\/\\\/airdrink.fr\\\/contact\\\/#breadcrumb\",\"itemListElement\":[{\"@type\":\"ListItem\",\"position\":1,\"name\":\"Accueil\",\"item\":\"https:\\\/\\\/airdrink.fr\\\/\"},{\"@type\":\"ListItem\",\"position\":2,\"name\":\"Contact\"}]},{\"@type\":\"WebSite\",\"@id\":\"https:\\\/\\\/airdrink.fr\\\/#website\",\"url\":\"https:\\\/\\\/airdrink.fr\\\/\",\"name\":\"AirDrink - de l'eau \u00e0 partir de l'air !\",\"description\":\"Airdrink, de l'eau &agrave; partir de l'air !\",\"publisher\":{\"@id\":\"https:\\\/\\\/airdrink.fr\\\/#organization\"},\"potentialAction\":[{\"@type\":\"SearchAction\",\"target\":{\"@type\":\"EntryPoint\",\"urlTemplate\":\"https:\\\/\\\/airdrink.fr\\\/?s={search_term_string}\"},\"query-input\":{\"@type\":\"PropertyValueSpecification\",\"valueRequired\":true,\"valueName\":\"search_term_string\"}}],\"inLanguage\":\"de\"},{\"@type\":\"Organization\",\"@id\":\"https:\\\/\\\/airdrink.fr\\\/#organization\",\"name\":\"AirDrink - de l'eau \u00e0 partir de l'air !\",\"url\":\"https:\\\/\\\/airdrink.fr\\\/\",\"logo\":{\"@type\":\"ImageObject\",\"inLanguage\":\"de\",\"@id\":\"https:\\\/\\\/airdrink.fr\\\/#\\\/schema\\\/logo\\\/image\\\/\",\"url\":\"https:\\\/\\\/airdrink.fr\\\/wp-content\\\/uploads\\\/2023\\\/03\\\/cropped-logo-Airdrink-plus-HD-v1-3-300x203-1.png\",\"contentUrl\":\"https:\\\/\\\/airdrink.fr\\\/wp-content\\\/uploads\\\/2023\\\/03\\\/cropped-logo-Airdrink-plus-HD-v1-3-300x203-1.png\",\"width\":300,\"height\":128,\"caption\":\"AirDrink - de l'eau \u00e0 partir de l'air !\"},\"image\":{\"@id\":\"https:\\\/\\\/airdrink.fr\\\/#\\\/schema\\\/logo\\\/image\\\/\"},\"sameAs\":[\"https:\\\/\\\/www.facebook.com\\\/airdrinkFrance\\\/\",\"https:\\\/\\\/www.linkedin.com\\\/company\\\/pgsoft\",\"https:\\\/\\\/www.youtube.com\\\/channel\\\/UCV0fIuMlZQZElbCWK93RP9A\"]}]}<\/script>\n<!-- \/ Yoast SEO plugin. -->","yoast_head_json":{"title":"Kontakt - AirDrink","description":"AIRDRINK bietet einzigartige und innovative L\u00f6sungen, die aus der Luftfeuchtigkeit frisches, mineralisiertes Trinkwasser herstellen! Unsere L\u00f6sungen erg\u00e4nzen die verschiedenen M\u00f6glichkeiten des Zugangs zu Trinkwasser und erm\u00f6glichen einen unendlichen Zugang zu Wasser in der N\u00e4he des Ortes, an dem es verbraucht wird.","robots":{"index":"index","follow":"follow","max-snippet":"max-snippet:-1","max-image-preview":"max-image-preview:large","max-video-preview":"max-video-preview:-1"},"canonical":"https:\/\/airdrink.fr\/de\/kontakt\/","og_locale":"de_DE","og_type":"article","og_title":"Contact - AirDrink","og_description":"AIRDRINK propose des solutions uniques etinnovantes qui produisent \u00e0 partir de l\u2019humidit\u00e9 de l\u2019air une eau potable, fraiche etmin\u00e9ralis\u00e9e ! Ce proc\u00e9d\u00e9 unique s\u2019appelle \u00abG\u00e9n\u00e9rateur d\u2019eau Atmosph\u00e9rique\u00bb.Nos solutions sont compl\u00e9mentaires aux diff\u00e9rents moyens d\u2019acc\u00e8s \u00e0 l\u2019eaupotable mais et permettent un acc\u00e8s infini \u00e0 l\u2019eau au plus proche du lieu deconsommation.","og_url":"https:\/\/airdrink.fr\/de\/kontakt\/","og_site_name":"AirDrink","article_publisher":"https:\/\/www.facebook.com\/airdrinkFrance\/","article_modified_time":"2023-07-04T14:38:27+00:00","og_image":[{"url":"https:\/\/airdrink.fr\/wp-content\/uploads\/2023\/06\/contact.png","type":"","width":"","height":""}],"twitter_card":"summary_large_image","twitter_misc":{"Gesch\u00e4tzte Lesezeit":"1\u00a0Minute"},"schema":{"@context":"https:\/\/schema.org","@graph":[{"@type":"WebPage","@id":"https:\/\/airdrink.fr\/contact\/","url":"https:\/\/airdrink.fr\/contact\/","name":"Kontakt - AirDrink","isPartOf":{"@id":"https:\/\/airdrink.fr\/#website"},"primaryImageOfPage":{"@id":"https:\/\/airdrink.fr\/contact\/#primaryimage"},"image":{"@id":"https:\/\/airdrink.fr\/contact\/#primaryimage"},"thumbnailUrl":"https:\/\/airdrink.fr\/wp-content\/uploads\/2023\/06\/contact.png","datePublished":"2017-12-13T14:33:35+00:00","dateModified":"2023-07-04T14:38:27+00:00","description":"AIRDRINK bietet einzigartige und innovative L\u00f6sungen, die aus der Luftfeuchtigkeit frisches, mineralisiertes Trinkwasser herstellen! Unsere L\u00f6sungen erg\u00e4nzen die verschiedenen M\u00f6glichkeiten des Zugangs zu Trinkwasser und erm\u00f6glichen einen unendlichen Zugang zu Wasser in der N\u00e4he des Ortes, an dem es verbraucht wird.","breadcrumb":{"@id":"https:\/\/airdrink.fr\/contact\/#breadcrumb"},"inLanguage":"de","potentialAction":[{"@type":"ReadAction","target":["https:\/\/airdrink.fr\/contact\/"]}]},{"@type":"ImageObject","inLanguage":"de","@id":"https:\/\/airdrink.fr\/contact\/#primaryimage","url":"https:\/\/airdrink.fr\/wp-content\/uploads\/2023\/06\/contact.png","contentUrl":"https:\/\/airdrink.fr\/wp-content\/uploads\/2023\/06\/contact.png"},{"@type":"BreadcrumbList","@id":"https:\/\/airdrink.fr\/contact\/#breadcrumb","itemListElement":[{"@type":"ListItem","position":1,"name":"Accueil","item":"https:\/\/airdrink.fr\/"},{"@type":"ListItem","position":2,"name":"Contact"}]},{"@type":"WebSite","@id":"https:\/\/airdrink.fr\/#website","url":"https:\/\/airdrink.fr\/","name":"AirDrink - Wasser aus der Luft!","description":"Airdrink, Wasser aus Luft!","publisher":{"@id":"https:\/\/airdrink.fr\/#organization"},"potentialAction":[{"@type":"SearchAction","target":{"@type":"EntryPoint","urlTemplate":"https:\/\/airdrink.fr\/?s={search_term_string}"},"query-input":{"@type":"PropertyValueSpecification","valueRequired":true,"valueName":"search_term_string"}}],"inLanguage":"de"},{"@type":"Organization","@id":"https:\/\/airdrink.fr\/#organization","name":"AirDrink - Wasser aus der Luft!","url":"https:\/\/airdrink.fr\/","logo":{"@type":"ImageObject","inLanguage":"de","@id":"https:\/\/airdrink.fr\/#\/schema\/logo\/image\/","url":"https:\/\/airdrink.fr\/wp-content\/uploads\/2023\/03\/cropped-logo-Airdrink-plus-HD-v1-3-300x203-1.png","contentUrl":"https:\/\/airdrink.fr\/wp-content\/uploads\/2023\/03\/cropped-logo-Airdrink-plus-HD-v1-3-300x203-1.png","width":300,"height":128,"caption":"AirDrink - de l'eau \u00e0 partir de l'air !"},"image":{"@id":"https:\/\/airdrink.fr\/#\/schema\/logo\/image\/"},"sameAs":["https:\/\/www.facebook.com\/airdrinkFrance\/","https:\/\/www.linkedin.com\/company\/pgsoft","https:\/\/www.youtube.com\/channel\/UCV0fIuMlZQZElbCWK93RP9A"]}]}},"_links":{"self":[{"href":"https:\/\/airdrink.fr\/de\/wp-json\/wp\/v2\/pages\/36","targetHints":{"allow":["GET"]}}],"collection":[{"href":"https:\/\/airdrink.fr\/de\/wp-json\/wp\/v2\/pages"}],"about":[{"href":"https:\/\/airdrink.fr\/de\/wp-json\/wp\/v2\/types\/page"}],"author":[{"embeddable":true,"href":"https:\/\/airdrink.fr\/de\/wp-json\/wp\/v2\/users\/1"}],"replies":[{"embeddable":true,"href":"https:\/\/airdrink.fr\/de\/wp-json\/wp\/v2\/comments?post=36"}],"version-history":[{"count":0,"href":"https:\/\/airdrink.fr\/de\/wp-json\/wp\/v2\/pages\/36\/revisions"}],"wp:attachment":[{"href":"https:\/\/airdrink.fr\/de\/wp-json\/wp\/v2\/media?parent=36"}],"curies":[{"name":"wp","href":"https:\/\/api.w.org\/{rel}","templated":true}]}}