{"id":2045,"date":"2023-03-20T17:34:24","date_gmt":"2023-03-20T16:34:24","guid":{"rendered":"https:\/\/airdrink.fr\/?post_type=product&#038;p=2045"},"modified":"2025-10-02T11:40:24","modified_gmt":"2025-10-02T09:40:24","slug":"c3-erzeuger-der-atmosphare-des-personals","status":"publish","type":"product","link":"https:\/\/airdrink.fr\/de\/product\/c3-generateur-deau-atmospherique-personnel\/","title":{"rendered":"C3 Pers\u00f6nlicher Atmosph\u00e4rischer Wassergenerator - 4 bis 12 Liter reines Wasser pro Tag"},"content":{"rendered":"","protected":false},"excerpt":{"rendered":"<p><span style=\"color: #000000;\">Der C3 AirDrink ist ein unglaublicher atmosph\u00e4rischer Wassererzeuger!<\/span><\/p>\n<p><span style=\"color: #000000;\">Er produziert mit sehr geringem Energieaufwand reines, frisches und mineralisiertes Wasser -:)<\/span><\/p>\n<p>Das patentierte Ozon-Reinigungssystem ist in dieser Art von Produkten weltweit einzigartig.<\/p>\n<p><span style=\"color: #000000;\">Es enth\u00e4lt 2 Wasserfilter und einen Luftfilter<\/span> <strong><span style=\"color: #008000;\">garantiert Ihnen Wasser von unvergleichlicher Reinheit und Geschmack<\/span><\/strong><\/p>\n<p><a href=\"https:\/\/airdrink.fr\/de\/dienste\/model_c3\/\"><strong>weitere Informationen zu C3<\/strong><\/a><\/p>\n<p>&nbsp;<\/p>","protected":false},"featured_media":2037,"template":"","meta":{"_angie_page":false},"product_brand":[],"product_cat":[3562],"product_tag":[],"class_list":{"0":"post-2045","1":"product","2":"type-product","3":"status-publish","4":"has-post-thumbnail","6":"product_cat-consommation-humaine","7":"product_shipping_class-c2","9":"first","10":"instock","11":"featured","12":"taxable","13":"shipping-taxable","14":"purchasable","15":"product-type-simple"},"bundled_by":[],"bundle_stock_status":"instock","bundle_stock_quantity":null,"bundle_virtual":false,"bundle_layout":"","bundle_add_to_cart_form_location":"","bundle_editable_in_cart":false,"bundle_sold_individually_context":"","bundle_item_grouping":"","bundle_min_size":"","bundle_max_size":"","bundle_price":[],"bundled_items":[],"bundle_sell_ids":[],"yoast_head":"<!-- This site is optimized with the Yoast SEO plugin v27.5 - https:\/\/yoast.com\/product\/yoast-seo-wordpress\/ -->\n<title>C3 G\u00e9n\u00e9rateur d&#039;eau Atmosph\u00e9rique personnel - 4 \u00e0 12 Litres d&#039;eau pure par jour - AirDrink<\/title>\n<meta name=\"description\" content=\"Le C3 produit une eau pure, fraiche et min\u00e9ralis\u00e9e en r\u00e9cup\u00e9rant l&#039;humidit\u00e9 de l&#039;air !\" \/>\n<meta name=\"robots\" content=\"index, follow, max-snippet:-1, max-image-preview:large, max-video-preview:-1\" \/>\n<link rel=\"canonical\" href=\"https:\/\/airdrink.fr\/de\/product\/c3-erzeuger-der-atmosphare-des-personals\/\" \/>\n<meta property=\"og:locale\" content=\"de_DE\" \/>\n<meta property=\"og:type\" content=\"article\" \/>\n<meta property=\"og:title\" content=\"C3 G\u00e9n\u00e9rateur d&#039;eau Atmosph\u00e9rique personnel - 4 \u00e0 12 Litres d&#039;eau pure par jour - AirDrink\" \/>\n<meta property=\"og:description\" content=\"Le C3 produit une eau pure, fraiche et min\u00e9ralis\u00e9e en r\u00e9cup\u00e9rant l&#039;humidit\u00e9 de l&#039;air !\" \/>\n<meta property=\"og:url\" content=\"https:\/\/airdrink.fr\/de\/product\/c3-erzeuger-der-atmosphare-des-personals\/\" \/>\n<meta property=\"og:site_name\" content=\"AirDrink\" \/>\n<meta property=\"article:publisher\" content=\"https:\/\/www.facebook.com\/airdrinkFrance\/\" \/>\n<meta property=\"article:modified_time\" content=\"2025-10-02T09:40:24+00:00\" \/>\n<meta property=\"og:image\" content=\"https:\/\/airdrink.fr\/wp-content\/uploads\/2017\/12\/airdrink_DrinkableAir_France_C3.jpg\" \/>\n\t<meta property=\"og:image:width\" content=\"600\" \/>\n\t<meta property=\"og:image:height\" content=\"400\" \/>\n\t<meta property=\"og:image:type\" content=\"image\/jpeg\" \/>\n<meta name=\"twitter:card\" content=\"summary_large_image\" \/>\n<meta name=\"twitter:label1\" content=\"Gesch\u00e4tzte Lesezeit\" \/>\n\t<meta name=\"twitter:data1\" content=\"1\u00a0Minute\" \/>\n<script type=\"application\/ld+json\" class=\"yoast-schema-graph\">{\"@context\":\"https:\\\/\\\/schema.org\",\"@graph\":[{\"@type\":\"WebPage\",\"@id\":\"https:\\\/\\\/airdrink.fr\\\/product\\\/c3-generateur-deau-atmospherique-personnel\\\/\",\"url\":\"https:\\\/\\\/airdrink.fr\\\/product\\\/c3-generateur-deau-atmospherique-personnel\\\/\",\"name\":\"C3 G\u00e9n\u00e9rateur d'eau Atmosph\u00e9rique personnel - 4 \u00e0 12 Litres d'eau pure par jour - AirDrink\",\"isPartOf\":{\"@id\":\"https:\\\/\\\/airdrink.fr\\\/#website\"},\"primaryImageOfPage\":{\"@id\":\"https:\\\/\\\/airdrink.fr\\\/product\\\/c3-generateur-deau-atmospherique-personnel\\\/#primaryimage\"},\"image\":{\"@id\":\"https:\\\/\\\/airdrink.fr\\\/product\\\/c3-generateur-deau-atmospherique-personnel\\\/#primaryimage\"},\"thumbnailUrl\":\"https:\\\/\\\/airdrink.fr\\\/wp-content\\\/uploads\\\/2017\\\/12\\\/airdrink_DrinkableAir_France_C3.jpg\",\"datePublished\":\"2023-03-20T16:34:24+00:00\",\"dateModified\":\"2025-10-02T09:40:24+00:00\",\"description\":\"Le C3 produit une eau pure, fraiche et min\u00e9ralis\u00e9e en r\u00e9cup\u00e9rant l'humidit\u00e9 de l'air !\",\"breadcrumb\":{\"@id\":\"https:\\\/\\\/airdrink.fr\\\/product\\\/c3-generateur-deau-atmospherique-personnel\\\/#breadcrumb\"},\"inLanguage\":\"de\",\"potentialAction\":[{\"@type\":\"ReadAction\",\"target\":[\"https:\\\/\\\/airdrink.fr\\\/product\\\/c3-generateur-deau-atmospherique-personnel\\\/\"]}]},{\"@type\":\"ImageObject\",\"inLanguage\":\"de\",\"@id\":\"https:\\\/\\\/airdrink.fr\\\/product\\\/c3-generateur-deau-atmospherique-personnel\\\/#primaryimage\",\"url\":\"https:\\\/\\\/airdrink.fr\\\/wp-content\\\/uploads\\\/2017\\\/12\\\/airdrink_DrinkableAir_France_C3.jpg\",\"contentUrl\":\"https:\\\/\\\/airdrink.fr\\\/wp-content\\\/uploads\\\/2017\\\/12\\\/airdrink_DrinkableAir_France_C3.jpg\",\"width\":600,\"height\":400,\"caption\":\"C3 g\u00e9n\u00e9rateur d'eau atmosph\u00e9rique personnel\"},{\"@type\":\"BreadcrumbList\",\"@id\":\"https:\\\/\\\/airdrink.fr\\\/product\\\/c3-generateur-deau-atmospherique-personnel\\\/#breadcrumb\",\"itemListElement\":[{\"@type\":\"ListItem\",\"position\":1,\"name\":\"Accueil\",\"item\":\"https:\\\/\\\/airdrink.fr\\\/\"},{\"@type\":\"ListItem\",\"position\":2,\"name\":\"Boutique\",\"item\":\"https:\\\/\\\/airdrink.fr\\\/boutique\\\/\"},{\"@type\":\"ListItem\",\"position\":3,\"name\":\"C3 G\u00e9n\u00e9rateur d&rsquo;eau Atmosph\u00e9rique personnel &#8211; 4 \u00e0 12 Litres d&rsquo;eau pure par jour\"}]},{\"@type\":\"WebSite\",\"@id\":\"https:\\\/\\\/airdrink.fr\\\/#website\",\"url\":\"https:\\\/\\\/airdrink.fr\\\/\",\"name\":\"AirDrink - de l'eau \u00e0 partir de l'air !\",\"description\":\"Airdrink, de l'eau &agrave; partir de l'air !\",\"publisher\":{\"@id\":\"https:\\\/\\\/airdrink.fr\\\/#organization\"},\"potentialAction\":[{\"@type\":\"SearchAction\",\"target\":{\"@type\":\"EntryPoint\",\"urlTemplate\":\"https:\\\/\\\/airdrink.fr\\\/?s={search_term_string}\"},\"query-input\":{\"@type\":\"PropertyValueSpecification\",\"valueRequired\":true,\"valueName\":\"search_term_string\"}}],\"inLanguage\":\"de\"},{\"@type\":\"Organization\",\"@id\":\"https:\\\/\\\/airdrink.fr\\\/#organization\",\"name\":\"AirDrink - de l'eau \u00e0 partir de l'air !\",\"url\":\"https:\\\/\\\/airdrink.fr\\\/\",\"logo\":{\"@type\":\"ImageObject\",\"inLanguage\":\"de\",\"@id\":\"https:\\\/\\\/airdrink.fr\\\/#\\\/schema\\\/logo\\\/image\\\/\",\"url\":\"https:\\\/\\\/airdrink.fr\\\/wp-content\\\/uploads\\\/2023\\\/03\\\/cropped-logo-Airdrink-plus-HD-v1-3-300x203-1.png\",\"contentUrl\":\"https:\\\/\\\/airdrink.fr\\\/wp-content\\\/uploads\\\/2023\\\/03\\\/cropped-logo-Airdrink-plus-HD-v1-3-300x203-1.png\",\"width\":300,\"height\":128,\"caption\":\"AirDrink - de l'eau \u00e0 partir de l'air !\"},\"image\":{\"@id\":\"https:\\\/\\\/airdrink.fr\\\/#\\\/schema\\\/logo\\\/image\\\/\"},\"sameAs\":[\"https:\\\/\\\/www.facebook.com\\\/airdrinkFrance\\\/\",\"https:\\\/\\\/www.linkedin.com\\\/company\\\/pgsoft\",\"https:\\\/\\\/www.youtube.com\\\/channel\\\/UCV0fIuMlZQZElbCWK93RP9A\"]}]}<\/script>\n<!-- \/ Yoast SEO plugin. -->","yoast_head_json":{"title":"C3 Pers\u00f6nlicher Atmosph\u00e4rischer Wassergenerator - 4 bis 12 Liter reines Wasser pro Tag - AirDrink","description":"Der C3 produziert reines, frisches und mineralisiertes Wasser, indem er die Luftfeuchtigkeit zur\u00fcckgewinnt!","robots":{"index":"index","follow":"follow","max-snippet":"max-snippet:-1","max-image-preview":"max-image-preview:large","max-video-preview":"max-video-preview:-1"},"canonical":"https:\/\/airdrink.fr\/de\/product\/c3-erzeuger-der-atmosphare-des-personals\/","og_locale":"de_DE","og_type":"article","og_title":"C3 G\u00e9n\u00e9rateur d'eau Atmosph\u00e9rique personnel - 4 \u00e0 12 Litres d'eau pure par jour - AirDrink","og_description":"Le C3 produit une eau pure, fraiche et min\u00e9ralis\u00e9e en r\u00e9cup\u00e9rant l'humidit\u00e9 de l'air !","og_url":"https:\/\/airdrink.fr\/de\/product\/c3-erzeuger-der-atmosphare-des-personals\/","og_site_name":"AirDrink","article_publisher":"https:\/\/www.facebook.com\/airdrinkFrance\/","article_modified_time":"2025-10-02T09:40:24+00:00","og_image":[{"width":600,"height":400,"url":"https:\/\/airdrink.fr\/wp-content\/uploads\/2017\/12\/airdrink_DrinkableAir_France_C3.jpg","type":"image\/jpeg"}],"twitter_card":"summary_large_image","twitter_misc":{"Gesch\u00e4tzte Lesezeit":"1\u00a0Minute"},"schema":{"@context":"https:\/\/schema.org","@graph":[{"@type":"WebPage","@id":"https:\/\/airdrink.fr\/product\/c3-generateur-deau-atmospherique-personnel\/","url":"https:\/\/airdrink.fr\/product\/c3-generateur-deau-atmospherique-personnel\/","name":"C3 Pers\u00f6nlicher Atmosph\u00e4rischer Wassergenerator - 4 bis 12 Liter reines Wasser pro Tag - AirDrink","isPartOf":{"@id":"https:\/\/airdrink.fr\/#website"},"primaryImageOfPage":{"@id":"https:\/\/airdrink.fr\/product\/c3-generateur-deau-atmospherique-personnel\/#primaryimage"},"image":{"@id":"https:\/\/airdrink.fr\/product\/c3-generateur-deau-atmospherique-personnel\/#primaryimage"},"thumbnailUrl":"https:\/\/airdrink.fr\/wp-content\/uploads\/2017\/12\/airdrink_DrinkableAir_France_C3.jpg","datePublished":"2023-03-20T16:34:24+00:00","dateModified":"2025-10-02T09:40:24+00:00","description":"Der C3 produziert reines, frisches und mineralisiertes Wasser, indem er die Luftfeuchtigkeit zur\u00fcckgewinnt!","breadcrumb":{"@id":"https:\/\/airdrink.fr\/product\/c3-generateur-deau-atmospherique-personnel\/#breadcrumb"},"inLanguage":"de","potentialAction":[{"@type":"ReadAction","target":["https:\/\/airdrink.fr\/product\/c3-generateur-deau-atmospherique-personnel\/"]}]},{"@type":"ImageObject","inLanguage":"de","@id":"https:\/\/airdrink.fr\/product\/c3-generateur-deau-atmospherique-personnel\/#primaryimage","url":"https:\/\/airdrink.fr\/wp-content\/uploads\/2017\/12\/airdrink_DrinkableAir_France_C3.jpg","contentUrl":"https:\/\/airdrink.fr\/wp-content\/uploads\/2017\/12\/airdrink_DrinkableAir_France_C3.jpg","width":600,"height":400,"caption":"C3 g\u00e9n\u00e9rateur d'eau atmosph\u00e9rique personnel"},{"@type":"BreadcrumbList","@id":"https:\/\/airdrink.fr\/product\/c3-generateur-deau-atmospherique-personnel\/#breadcrumb","itemListElement":[{"@type":"ListItem","position":1,"name":"Accueil","item":"https:\/\/airdrink.fr\/"},{"@type":"ListItem","position":2,"name":"Boutique","item":"https:\/\/airdrink.fr\/boutique\/"},{"@type":"ListItem","position":3,"name":"C3 G\u00e9n\u00e9rateur d&rsquo;eau Atmosph\u00e9rique personnel &#8211; 4 \u00e0 12 Litres d&rsquo;eau pure par jour"}]},{"@type":"WebSite","@id":"https:\/\/airdrink.fr\/#website","url":"https:\/\/airdrink.fr\/","name":"AirDrink - Wasser aus der Luft!","description":"Airdrink, Wasser aus Luft!","publisher":{"@id":"https:\/\/airdrink.fr\/#organization"},"potentialAction":[{"@type":"SearchAction","target":{"@type":"EntryPoint","urlTemplate":"https:\/\/airdrink.fr\/?s={search_term_string}"},"query-input":{"@type":"PropertyValueSpecification","valueRequired":true,"valueName":"search_term_string"}}],"inLanguage":"de"},{"@type":"Organization","@id":"https:\/\/airdrink.fr\/#organization","name":"AirDrink - Wasser aus der Luft!","url":"https:\/\/airdrink.fr\/","logo":{"@type":"ImageObject","inLanguage":"de","@id":"https:\/\/airdrink.fr\/#\/schema\/logo\/image\/","url":"https:\/\/airdrink.fr\/wp-content\/uploads\/2023\/03\/cropped-logo-Airdrink-plus-HD-v1-3-300x203-1.png","contentUrl":"https:\/\/airdrink.fr\/wp-content\/uploads\/2023\/03\/cropped-logo-Airdrink-plus-HD-v1-3-300x203-1.png","width":300,"height":128,"caption":"AirDrink - de l'eau \u00e0 partir de l'air !"},"image":{"@id":"https:\/\/airdrink.fr\/#\/schema\/logo\/image\/"},"sameAs":["https:\/\/www.facebook.com\/airdrinkFrance\/","https:\/\/www.linkedin.com\/company\/pgsoft","https:\/\/www.youtube.com\/channel\/UCV0fIuMlZQZElbCWK93RP9A"]}]}},"_links":{"self":[{"href":"https:\/\/airdrink.fr\/de\/wp-json\/wp\/v2\/product\/2045","targetHints":{"allow":["GET"]}}],"collection":[{"href":"https:\/\/airdrink.fr\/de\/wp-json\/wp\/v2\/product"}],"about":[{"href":"https:\/\/airdrink.fr\/de\/wp-json\/wp\/v2\/types\/product"}],"version-history":[{"count":0,"href":"https:\/\/airdrink.fr\/de\/wp-json\/wp\/v2\/product\/2045\/revisions"}],"wp:featuredmedia":[{"embeddable":true,"href":"https:\/\/airdrink.fr\/de\/wp-json\/wp\/v2\/media\/2037"}],"wp:attachment":[{"href":"https:\/\/airdrink.fr\/de\/wp-json\/wp\/v2\/media?parent=2045"}],"wp:term":[{"taxonomy":"product_brand","embeddable":true,"href":"https:\/\/airdrink.fr\/de\/wp-json\/wp\/v2\/product_brand?post=2045"},{"taxonomy":"product_cat","embeddable":true,"href":"https:\/\/airdrink.fr\/de\/wp-json\/wp\/v2\/product_cat?post=2045"},{"taxonomy":"product_tag","embeddable":true,"href":"https:\/\/airdrink.fr\/de\/wp-json\/wp\/v2\/product_tag?post=2045"}],"curies":[{"name":"wp","href":"https:\/\/api.w.org\/{rel}","templated":true}]}}