{"id":4118,"date":"2026-03-27T10:19:57","date_gmt":"2026-03-27T09:19:57","guid":{"rendered":"https:\/\/airdrink.fr\/?post_type=product&#038;p=4118"},"modified":"2026-03-27T17:02:58","modified_gmt":"2026-03-27T16:02:58","slug":"20-zoll-filterhalter-fur-hohe-sedimentkonzentrationen","status":"publish","type":"product","link":"https:\/\/airdrink.fr\/de\/product\/porte-filtre-20-pouces-pour-forte-teneur-en-sediments\/","title":{"rendered":"20\u00bb-Filterhalter f\u00fcr hohen Sedimentgehalt"},"content":{"rendered":"<div class=\"wpb-content-wrapper\"><div class=\"vc_row wpb_row vc_row-fluid shape_divider_top-none shape_divider_bottom-none\"><div class=\"wpb_column vc_column_container vc_col-sm-12 sc_layouts_column_icons_position_left\"><div class=\"vc_column-inner\"><div class=\"wpb_wrapper\">\n\t<div class=\"wpb_text_column wpb_content_element\" >\n\t\t<div class=\"wpb_wrapper\">\n\t\t\t<p><span style=\"color: #000000;\">Diese Membranen sollten durchschnittlich alle zwei Jahre erneuert werden.<\/span><\/p>\n\n\t\t<\/div>\n\t<\/div>\n<\/div><\/div><\/div><\/div>\n<\/div>","protected":false},"excerpt":{"rendered":"<p><span style=\"color: #000000;\">Dieser 20\u2033-Filterhalter bietet eine gro\u00dfe Vielseitigkeit, um all Ihre Anforderungen an eine Filtration mit hoher Kapazit\u00e4t zu erf\u00fcllen, insbesondere bei Anwendungen mit hohem Durchfluss oder hohem Sedimentgehalt. Er ist eine ideale Erg\u00e4nzung zur Umkehrosmoseanlage SLIM 4\u2033 PRO f\u00fcr Ihr Bohrloch oder Ihren Brunnen. Auch wenn die Osmoseanlage bereits einen kleinen 10\u2033-Sedimentfilter enth\u00e4lt, wird dieser erg\u00e4nzende 20\u2033-Filterhalter dazu beitragen, die Lebensdauer der Membran Ihrer Professionellen Osmoseanlage zu verl\u00e4ngern.<\/span><\/p>\n<h6><\/h6>","protected":false},"featured_media":4119,"template":"","meta":{"_angie_page":false},"product_brand":[],"product_cat":[3597],"product_tag":[],"class_list":{"0":"post-4118","1":"product","2":"type-product","3":"status-publish","4":"has-post-thumbnail","6":"product_cat-consommables-et-accessoires","7":"product_shipping_class-filtres","9":"first","10":"instock","11":"taxable","12":"shipping-taxable","13":"purchasable","14":"product-type-simple"},"bundled_by":["4046","4189"],"bundle_stock_status":"instock","bundle_stock_quantity":null,"bundle_virtual":false,"bundle_layout":"","bundle_add_to_cart_form_location":"","bundle_editable_in_cart":false,"bundle_sold_individually_context":"","bundle_item_grouping":"","bundle_min_size":"","bundle_max_size":"","bundle_price":[],"bundled_items":[],"bundle_sell_ids":[],"yoast_head":"<!-- This site is optimized with the Yoast SEO plugin v27.4 - https:\/\/yoast.com\/product\/yoast-seo-wordpress\/ -->\n<title>Porte-Filtre 20 &quot; pour forte teneur en s\u00e9diments - AirDrink<\/title>\n<meta name=\"robots\" content=\"index, follow, max-snippet:-1, max-image-preview:large, max-video-preview:-1\" \/>\n<link rel=\"canonical\" href=\"https:\/\/airdrink.fr\/de\/product\/20-zoll-filterhalter-fur-hohe-sedimentkonzentrationen\/\" \/>\n<meta property=\"og:locale\" content=\"de_DE\" \/>\n<meta property=\"og:type\" content=\"article\" \/>\n<meta property=\"og:title\" content=\"Porte-Filtre 20 &quot; pour forte teneur en s\u00e9diments - AirDrink\" \/>\n<meta property=\"og:description\" content=\"Ce porte filtre 20&quot; offre une grande polyvalence pour r\u00e9pondre \u00e0 tous vos besoins de filtration de grande capacit\u00e9, notamment pour les applications \u00e0 haut d\u00e9bit ou \u00e0 forte teneur en s\u00e9diments. C&#039;est un compl\u00e9ment id\u00e9al de l&#039;osmoseur SLIM 4&quot; PRO pour votre forage ou votre puits. M\u00eame si l&#039;osmoseur comporte d\u00e9j\u00e0 un petit filtre \u00e0 s\u00e9diments de 10&quot;, ce porte filtre de 20&quot; compl\u00e9mentaire contribuera \u00e0 prolonger la dur\u00e9e de vie de la membrane de votre Osmoseur Professionnel.\" \/>\n<meta property=\"og:url\" content=\"https:\/\/airdrink.fr\/de\/product\/20-zoll-filterhalter-fur-hohe-sedimentkonzentrationen\/\" \/>\n<meta property=\"og:site_name\" content=\"AirDrink\" \/>\n<meta property=\"article:publisher\" content=\"https:\/\/www.facebook.com\/airdrinkFrance\/\" \/>\n<meta property=\"article:modified_time\" content=\"2026-03-27T16:02:58+00:00\" \/>\n<meta property=\"og:image\" content=\"https:\/\/airdrink.fr\/wp-content\/uploads\/2026\/03\/big-Blue-20-pouces-1.jpg\" \/>\n\t<meta property=\"og:image:width\" content=\"800\" \/>\n\t<meta property=\"og:image:height\" content=\"800\" \/>\n\t<meta property=\"og:image:type\" content=\"image\/jpeg\" \/>\n<meta name=\"twitter:card\" content=\"summary_large_image\" \/>\n<meta name=\"twitter:label1\" content=\"Gesch\u00e4tzte Lesezeit\" \/>\n\t<meta name=\"twitter:data1\" content=\"1\u00a0Minute\" \/>\n<script type=\"application\/ld+json\" class=\"yoast-schema-graph\">{\"@context\":\"https:\\\/\\\/schema.org\",\"@graph\":[{\"@type\":\"WebPage\",\"@id\":\"https:\\\/\\\/airdrink.fr\\\/product\\\/porte-filtre-20-pouces-pour-forte-teneur-en-sediments\\\/\",\"url\":\"https:\\\/\\\/airdrink.fr\\\/product\\\/porte-filtre-20-pouces-pour-forte-teneur-en-sediments\\\/\",\"name\":\"Porte-Filtre 20 \\\" pour forte teneur en s\u00e9diments - AirDrink\",\"isPartOf\":{\"@id\":\"https:\\\/\\\/airdrink.fr\\\/#website\"},\"primaryImageOfPage\":{\"@id\":\"https:\\\/\\\/airdrink.fr\\\/product\\\/porte-filtre-20-pouces-pour-forte-teneur-en-sediments\\\/#primaryimage\"},\"image\":{\"@id\":\"https:\\\/\\\/airdrink.fr\\\/product\\\/porte-filtre-20-pouces-pour-forte-teneur-en-sediments\\\/#primaryimage\"},\"thumbnailUrl\":\"https:\\\/\\\/airdrink.fr\\\/wp-content\\\/uploads\\\/2026\\\/03\\\/big-Blue-20-pouces-1.jpg\",\"datePublished\":\"2026-03-27T09:19:57+00:00\",\"dateModified\":\"2026-03-27T16:02:58+00:00\",\"breadcrumb\":{\"@id\":\"https:\\\/\\\/airdrink.fr\\\/product\\\/porte-filtre-20-pouces-pour-forte-teneur-en-sediments\\\/#breadcrumb\"},\"inLanguage\":\"de\",\"potentialAction\":[{\"@type\":\"ReadAction\",\"target\":[\"https:\\\/\\\/airdrink.fr\\\/product\\\/porte-filtre-20-pouces-pour-forte-teneur-en-sediments\\\/\"]}]},{\"@type\":\"ImageObject\",\"inLanguage\":\"de\",\"@id\":\"https:\\\/\\\/airdrink.fr\\\/product\\\/porte-filtre-20-pouces-pour-forte-teneur-en-sediments\\\/#primaryimage\",\"url\":\"https:\\\/\\\/airdrink.fr\\\/wp-content\\\/uploads\\\/2026\\\/03\\\/big-Blue-20-pouces-1.jpg\",\"contentUrl\":\"https:\\\/\\\/airdrink.fr\\\/wp-content\\\/uploads\\\/2026\\\/03\\\/big-Blue-20-pouces-1.jpg\",\"width\":800,\"height\":800},{\"@type\":\"BreadcrumbList\",\"@id\":\"https:\\\/\\\/airdrink.fr\\\/product\\\/porte-filtre-20-pouces-pour-forte-teneur-en-sediments\\\/#breadcrumb\",\"itemListElement\":[{\"@type\":\"ListItem\",\"position\":1,\"name\":\"Accueil\",\"item\":\"https:\\\/\\\/airdrink.fr\\\/\"},{\"@type\":\"ListItem\",\"position\":2,\"name\":\"Boutique\",\"item\":\"https:\\\/\\\/airdrink.fr\\\/boutique\\\/\"},{\"@type\":\"ListItem\",\"position\":3,\"name\":\"Porte-Filtre 20 \u00a0\u00bb pour forte teneur en s\u00e9diments\"}]},{\"@type\":\"WebSite\",\"@id\":\"https:\\\/\\\/airdrink.fr\\\/#website\",\"url\":\"https:\\\/\\\/airdrink.fr\\\/\",\"name\":\"AirDrink - de l'eau \u00e0 partir de l'air !\",\"description\":\"Airdrink, de l'eau &agrave; partir de l'air !\",\"publisher\":{\"@id\":\"https:\\\/\\\/airdrink.fr\\\/#organization\"},\"potentialAction\":[{\"@type\":\"SearchAction\",\"target\":{\"@type\":\"EntryPoint\",\"urlTemplate\":\"https:\\\/\\\/airdrink.fr\\\/?s={search_term_string}\"},\"query-input\":{\"@type\":\"PropertyValueSpecification\",\"valueRequired\":true,\"valueName\":\"search_term_string\"}}],\"inLanguage\":\"de\"},{\"@type\":\"Organization\",\"@id\":\"https:\\\/\\\/airdrink.fr\\\/#organization\",\"name\":\"AirDrink - de l'eau \u00e0 partir de l'air !\",\"url\":\"https:\\\/\\\/airdrink.fr\\\/\",\"logo\":{\"@type\":\"ImageObject\",\"inLanguage\":\"de\",\"@id\":\"https:\\\/\\\/airdrink.fr\\\/#\\\/schema\\\/logo\\\/image\\\/\",\"url\":\"https:\\\/\\\/airdrink.fr\\\/wp-content\\\/uploads\\\/2023\\\/03\\\/cropped-logo-Airdrink-plus-HD-v1-3-300x203-1.png\",\"contentUrl\":\"https:\\\/\\\/airdrink.fr\\\/wp-content\\\/uploads\\\/2023\\\/03\\\/cropped-logo-Airdrink-plus-HD-v1-3-300x203-1.png\",\"width\":300,\"height\":128,\"caption\":\"AirDrink - de l'eau \u00e0 partir de l'air !\"},\"image\":{\"@id\":\"https:\\\/\\\/airdrink.fr\\\/#\\\/schema\\\/logo\\\/image\\\/\"},\"sameAs\":[\"https:\\\/\\\/www.facebook.com\\\/airdrinkFrance\\\/\",\"https:\\\/\\\/www.linkedin.com\\\/company\\\/pgsoft\",\"https:\\\/\\\/www.youtube.com\\\/channel\\\/UCV0fIuMlZQZElbCWK93RP9A\"]}]}<\/script>\n<!-- \/ Yoast SEO plugin. -->","yoast_head_json":{"title":"Filterhalter 20\" f\u00fcr hohen Sedimentgehalt - AirDrink","robots":{"index":"index","follow":"follow","max-snippet":"max-snippet:-1","max-image-preview":"max-image-preview:large","max-video-preview":"max-video-preview:-1"},"canonical":"https:\/\/airdrink.fr\/de\/product\/20-zoll-filterhalter-fur-hohe-sedimentkonzentrationen\/","og_locale":"de_DE","og_type":"article","og_title":"Porte-Filtre 20 \" pour forte teneur en s\u00e9diments - AirDrink","og_description":"Ce porte filtre 20\" offre une grande polyvalence pour r\u00e9pondre \u00e0 tous vos besoins de filtration de grande capacit\u00e9, notamment pour les applications \u00e0 haut d\u00e9bit ou \u00e0 forte teneur en s\u00e9diments. C'est un compl\u00e9ment id\u00e9al de l'osmoseur SLIM 4\" PRO pour votre forage ou votre puits. M\u00eame si l'osmoseur comporte d\u00e9j\u00e0 un petit filtre \u00e0 s\u00e9diments de 10\", ce porte filtre de 20\" compl\u00e9mentaire contribuera \u00e0 prolonger la dur\u00e9e de vie de la membrane de votre Osmoseur Professionnel.","og_url":"https:\/\/airdrink.fr\/de\/product\/20-zoll-filterhalter-fur-hohe-sedimentkonzentrationen\/","og_site_name":"AirDrink","article_publisher":"https:\/\/www.facebook.com\/airdrinkFrance\/","article_modified_time":"2026-03-27T16:02:58+00:00","og_image":[{"width":800,"height":800,"url":"https:\/\/airdrink.fr\/wp-content\/uploads\/2026\/03\/big-Blue-20-pouces-1.jpg","type":"image\/jpeg"}],"twitter_card":"summary_large_image","twitter_misc":{"Gesch\u00e4tzte Lesezeit":"1\u00a0Minute"},"schema":{"@context":"https:\/\/schema.org","@graph":[{"@type":"WebPage","@id":"https:\/\/airdrink.fr\/product\/porte-filtre-20-pouces-pour-forte-teneur-en-sediments\/","url":"https:\/\/airdrink.fr\/product\/porte-filtre-20-pouces-pour-forte-teneur-en-sediments\/","name":"Filterhalter 20\" f\u00fcr hohen Sedimentgehalt - AirDrink","isPartOf":{"@id":"https:\/\/airdrink.fr\/#website"},"primaryImageOfPage":{"@id":"https:\/\/airdrink.fr\/product\/porte-filtre-20-pouces-pour-forte-teneur-en-sediments\/#primaryimage"},"image":{"@id":"https:\/\/airdrink.fr\/product\/porte-filtre-20-pouces-pour-forte-teneur-en-sediments\/#primaryimage"},"thumbnailUrl":"https:\/\/airdrink.fr\/wp-content\/uploads\/2026\/03\/big-Blue-20-pouces-1.jpg","datePublished":"2026-03-27T09:19:57+00:00","dateModified":"2026-03-27T16:02:58+00:00","breadcrumb":{"@id":"https:\/\/airdrink.fr\/product\/porte-filtre-20-pouces-pour-forte-teneur-en-sediments\/#breadcrumb"},"inLanguage":"de","potentialAction":[{"@type":"ReadAction","target":["https:\/\/airdrink.fr\/product\/porte-filtre-20-pouces-pour-forte-teneur-en-sediments\/"]}]},{"@type":"ImageObject","inLanguage":"de","@id":"https:\/\/airdrink.fr\/product\/porte-filtre-20-pouces-pour-forte-teneur-en-sediments\/#primaryimage","url":"https:\/\/airdrink.fr\/wp-content\/uploads\/2026\/03\/big-Blue-20-pouces-1.jpg","contentUrl":"https:\/\/airdrink.fr\/wp-content\/uploads\/2026\/03\/big-Blue-20-pouces-1.jpg","width":800,"height":800},{"@type":"BreadcrumbList","@id":"https:\/\/airdrink.fr\/product\/porte-filtre-20-pouces-pour-forte-teneur-en-sediments\/#breadcrumb","itemListElement":[{"@type":"ListItem","position":1,"name":"Accueil","item":"https:\/\/airdrink.fr\/"},{"@type":"ListItem","position":2,"name":"Boutique","item":"https:\/\/airdrink.fr\/boutique\/"},{"@type":"ListItem","position":3,"name":"Porte-Filtre 20 \u00a0\u00bb pour forte teneur en s\u00e9diments"}]},{"@type":"WebSite","@id":"https:\/\/airdrink.fr\/#website","url":"https:\/\/airdrink.fr\/","name":"AirDrink - Wasser aus der Luft!","description":"Airdrink, Wasser aus Luft!","publisher":{"@id":"https:\/\/airdrink.fr\/#organization"},"potentialAction":[{"@type":"SearchAction","target":{"@type":"EntryPoint","urlTemplate":"https:\/\/airdrink.fr\/?s={search_term_string}"},"query-input":{"@type":"PropertyValueSpecification","valueRequired":true,"valueName":"search_term_string"}}],"inLanguage":"de"},{"@type":"Organization","@id":"https:\/\/airdrink.fr\/#organization","name":"AirDrink - Wasser aus der Luft!","url":"https:\/\/airdrink.fr\/","logo":{"@type":"ImageObject","inLanguage":"de","@id":"https:\/\/airdrink.fr\/#\/schema\/logo\/image\/","url":"https:\/\/airdrink.fr\/wp-content\/uploads\/2023\/03\/cropped-logo-Airdrink-plus-HD-v1-3-300x203-1.png","contentUrl":"https:\/\/airdrink.fr\/wp-content\/uploads\/2023\/03\/cropped-logo-Airdrink-plus-HD-v1-3-300x203-1.png","width":300,"height":128,"caption":"AirDrink - de l'eau \u00e0 partir de l'air !"},"image":{"@id":"https:\/\/airdrink.fr\/#\/schema\/logo\/image\/"},"sameAs":["https:\/\/www.facebook.com\/airdrinkFrance\/","https:\/\/www.linkedin.com\/company\/pgsoft","https:\/\/www.youtube.com\/channel\/UCV0fIuMlZQZElbCWK93RP9A"]}]}},"_links":{"self":[{"href":"https:\/\/airdrink.fr\/de\/wp-json\/wp\/v2\/product\/4118","targetHints":{"allow":["GET"]}}],"collection":[{"href":"https:\/\/airdrink.fr\/de\/wp-json\/wp\/v2\/product"}],"about":[{"href":"https:\/\/airdrink.fr\/de\/wp-json\/wp\/v2\/types\/product"}],"version-history":[{"count":0,"href":"https:\/\/airdrink.fr\/de\/wp-json\/wp\/v2\/product\/4118\/revisions"}],"wp:featuredmedia":[{"embeddable":true,"href":"https:\/\/airdrink.fr\/de\/wp-json\/wp\/v2\/media\/4119"}],"wp:attachment":[{"href":"https:\/\/airdrink.fr\/de\/wp-json\/wp\/v2\/media?parent=4118"}],"wp:term":[{"taxonomy":"product_brand","embeddable":true,"href":"https:\/\/airdrink.fr\/de\/wp-json\/wp\/v2\/product_brand?post=4118"},{"taxonomy":"product_cat","embeddable":true,"href":"https:\/\/airdrink.fr\/de\/wp-json\/wp\/v2\/product_cat?post=4118"},{"taxonomy":"product_tag","embeddable":true,"href":"https:\/\/airdrink.fr\/de\/wp-json\/wp\/v2\/product_tag?post=4118"}],"curies":[{"name":"wp","href":"https:\/\/api.w.org\/{rel}","templated":true}]}}