{"id":2045,"date":"2023-03-20T17:34:24","date_gmt":"2023-03-20T16:34:24","guid":{"rendered":"https:\/\/airdrink.fr\/?post_type=product&#038;p=2045"},"modified":"2025-10-02T11:40:24","modified_gmt":"2025-10-02T09:40:24","slug":"c3-personal-atmosphere-water-generator","status":"publish","type":"product","link":"https:\/\/airdrink.fr\/el\/product\/c3-generateur-deau-atmospherique-personnel\/","title":{"rendered":"C3 \u03a0\u03c1\u03bf\u03c3\u03c9\u03c0\u03b9\u03ba\u03ae \u03b1\u03c4\u03bc\u03bf\u03c3\u03c6\u03b1\u03b9\u03c1\u03b9\u03ba\u03ae \u03b3\u03b5\u03bd\u03bd\u03ae\u03c4\u03c1\u03b9\u03b1 \u03bd\u03b5\u03c1\u03bf\u03cd - 4 \u03ad\u03c9\u03c2 12 \u03bb\u03af\u03c4\u03c1\u03b1 \u03ba\u03b1\u03b8\u03b1\u03c1\u03bf\u03cd \u03bd\u03b5\u03c1\u03bf\u03cd \u03c4\u03b7\u03bd \u03b7\u03bc\u03ad\u03c1\u03b1"},"content":{"rendered":"","protected":false},"excerpt":{"rendered":"<p><span style=\"color: #000000;\">\u03a4\u03bf C3 AirDrink \u03b5\u03af\u03bd\u03b1\u03b9 \u03bc\u03b9\u03b1 \u03b1\u03c0\u03af\u03c3\u03c4\u03b5\u03c5\u03c4\u03b7 \u03b1\u03c4\u03bc\u03bf\u03c3\u03c6\u03b1\u03b9\u03c1\u03b9\u03ba\u03ae \u03b3\u03b5\u03bd\u03bd\u03ae\u03c4\u03c1\u03b9\u03b1 \u03bd\u03b5\u03c1\u03bf\u03cd!<\/span><\/p>\n<p><span style=\"color: #000000;\">\u03a0\u03b1\u03c1\u03ac\u03b3\u03b5\u03b9 \u03ba\u03b1\u03b8\u03b1\u03c1\u03cc, \u03c6\u03c1\u03ad\u03c3\u03ba\u03bf, \u03bc\u03b5\u03c4\u03b1\u03bb\u03bb\u03bf\u03c0\u03bf\u03b9\u03b7\u03bc\u03ad\u03bd\u03bf \u03bd\u03b5\u03c1\u03cc \u03c7\u03c1\u03b7\u03c3\u03b9\u03bc\u03bf\u03c0\u03bf\u03b9\u03ce\u03bd\u03c4\u03b1\u03c2 \u03c0\u03bf\u03bb\u03cd \u03bb\u03af\u03b3\u03b7 \u03b5\u03bd\u03ad\u03c1\u03b3\u03b5\u03b9\u03b1 :)<\/span><\/p>\n<p>\u03a4\u03bf \u03ba\u03b1\u03c4\u03bf\u03c7\u03c5\u03c1\u03c9\u03bc\u03ad\u03bd\u03bf \u03bc\u03b5 \u03b4\u03af\u03c0\u03bb\u03c9\u03bc\u03b1 \u03b5\u03c5\u03c1\u03b5\u03c3\u03b9\u03c4\u03b5\u03c7\u03bd\u03af\u03b1\u03c2 \u03c3\u03cd\u03c3\u03c4\u03b7\u03bc\u03b1 \u03ba\u03b1\u03b8\u03b1\u03c1\u03b9\u03c3\u03bc\u03bf\u03cd \u03bc\u03b5 \u03cc\u03b6\u03bf\u03bd \u03b5\u03af\u03bd\u03b1\u03b9 \u03c4\u03bf \u03bc\u03bf\u03bd\u03b1\u03b4\u03b9\u03ba\u03cc \u03c4\u03bf\u03c5 \u03b5\u03af\u03b4\u03bf\u03c5\u03c2 \u03c4\u03bf\u03c5 \u03c3\u03c4\u03bf\u03bd \u03ba\u03cc\u03c3\u03bc\u03bf.<\/p>\n<p><span style=\"color: #000000;\">\u03a0\u03b5\u03c1\u03b9\u03ad\u03c7\u03b5\u03b9 2 \u03c6\u03af\u03bb\u03c4\u03c1\u03b1 \u03bd\u03b5\u03c1\u03bf\u03cd \u03ba\u03b1\u03b9 \u03ad\u03bd\u03b1 \u03c6\u03af\u03bb\u03c4\u03c1\u03bf \u03b1\u03ad\u03c1\u03b1<\/span> <strong><span style=\"color: #008000;\">\u03c3\u03b1\u03c2 \u03b5\u03b3\u03b3\u03c5\u03ac\u03c4\u03b1\u03b9 \u03bd\u03b5\u03c1\u03cc \u03b1\u03c3\u03cd\u03b3\u03ba\u03c1\u03b9\u03c4\u03b7\u03c2 \u03ba\u03b1\u03b8\u03b1\u03c1\u03cc\u03c4\u03b7\u03c4\u03b1\u03c2 \u03ba\u03b1\u03b9 \u03b3\u03b5\u03cd\u03c3\u03b7\u03c2<\/span><\/strong><\/p>\n<p><a href=\"https:\/\/airdrink.fr\/el\/%cf%85%cf%80%ce%b7%cf%81%ce%b5%cf%83%ce%af%ce%b5%cf%82\/model_c3\/\"><strong>\u03c0\u03b5\u03c1\u03b9\u03c3\u03c3\u03cc\u03c4\u03b5\u03c1\u03b5\u03c2 \u03c0\u03bb\u03b7\u03c1\u03bf\u03c6\u03bf\u03c1\u03af\u03b5\u03c2 \u03b3\u03b9\u03b1 \u03c4\u03bf C3<\/strong><\/a><\/p>\n<p>&nbsp;<\/p>","protected":false},"featured_media":2037,"template":"","meta":{"_angie_page":false},"product_brand":[],"product_cat":[3562],"product_tag":[],"class_list":{"0":"post-2045","1":"product","2":"type-product","3":"status-publish","4":"has-post-thumbnail","6":"product_cat-consommation-humaine","7":"product_shipping_class-c2","9":"first","10":"instock","11":"featured","12":"taxable","13":"shipping-taxable","14":"purchasable","15":"product-type-simple"},"bundled_by":[],"bundle_stock_status":"instock","bundle_stock_quantity":null,"bundle_virtual":false,"bundle_layout":"","bundle_add_to_cart_form_location":"","bundle_editable_in_cart":false,"bundle_sold_individually_context":"","bundle_item_grouping":"","bundle_min_size":"","bundle_max_size":"","bundle_price":[],"bundled_items":[],"bundle_sell_ids":[],"yoast_head":"<!-- This site is optimized with the Yoast SEO plugin v27.5 - https:\/\/yoast.com\/product\/yoast-seo-wordpress\/ -->\n<title>C3 G\u00e9n\u00e9rateur d&#039;eau Atmosph\u00e9rique personnel - 4 \u00e0 12 Litres d&#039;eau pure par jour - AirDrink<\/title>\n<meta name=\"description\" content=\"Le C3 produit une eau pure, fraiche et min\u00e9ralis\u00e9e en r\u00e9cup\u00e9rant l&#039;humidit\u00e9 de l&#039;air !\" \/>\n<meta name=\"robots\" content=\"index, follow, max-snippet:-1, max-image-preview:large, max-video-preview:-1\" \/>\n<link rel=\"canonical\" href=\"https:\/\/airdrink.fr\/el\/\u03c0\u03c1\u03bf\u03ca\u03cc\u03bd\/c3-personal-atmosphere-water-generator\/\" \/>\n<meta property=\"og:locale\" content=\"el_GR\" \/>\n<meta property=\"og:type\" content=\"article\" \/>\n<meta property=\"og:title\" content=\"C3 G\u00e9n\u00e9rateur d&#039;eau Atmosph\u00e9rique personnel - 4 \u00e0 12 Litres d&#039;eau pure par jour - AirDrink\" \/>\n<meta property=\"og:description\" content=\"Le C3 produit une eau pure, fraiche et min\u00e9ralis\u00e9e en r\u00e9cup\u00e9rant l&#039;humidit\u00e9 de l&#039;air !\" \/>\n<meta property=\"og:url\" content=\"https:\/\/airdrink.fr\/el\/\u03c0\u03c1\u03bf\u03ca\u03cc\u03bd\/c3-personal-atmosphere-water-generator\/\" \/>\n<meta property=\"og:site_name\" content=\"AirDrink\" \/>\n<meta property=\"article:publisher\" content=\"https:\/\/www.facebook.com\/airdrinkFrance\/\" \/>\n<meta property=\"article:modified_time\" content=\"2025-10-02T09:40:24+00:00\" \/>\n<meta property=\"og:image\" content=\"https:\/\/airdrink.fr\/wp-content\/uploads\/2017\/12\/airdrink_DrinkableAir_France_C3.jpg\" \/>\n\t<meta property=\"og:image:width\" content=\"600\" \/>\n\t<meta property=\"og:image:height\" content=\"400\" \/>\n\t<meta property=\"og:image:type\" content=\"image\/jpeg\" \/>\n<meta name=\"twitter:card\" content=\"summary_large_image\" \/>\n<meta name=\"twitter:label1\" content=\"\u0395\u03ba\u03c4\u03b9\u03bc\u03ce\u03bc\u03b5\u03bd\u03bf\u03c2 \u03c7\u03c1\u03cc\u03bd\u03bf\u03c2 \u03b1\u03bd\u03ac\u03b3\u03bd\u03c9\u03c3\u03b7\u03c2\" \/>\n\t<meta name=\"twitter:data1\" content=\"1 \u03bb\u03b5\u03c0\u03c4\u03cc\" \/>\n<script type=\"application\/ld+json\" class=\"yoast-schema-graph\">{\"@context\":\"https:\\\/\\\/schema.org\",\"@graph\":[{\"@type\":\"WebPage\",\"@id\":\"https:\\\/\\\/airdrink.fr\\\/product\\\/c3-generateur-deau-atmospherique-personnel\\\/\",\"url\":\"https:\\\/\\\/airdrink.fr\\\/product\\\/c3-generateur-deau-atmospherique-personnel\\\/\",\"name\":\"C3 G\u00e9n\u00e9rateur d'eau Atmosph\u00e9rique personnel - 4 \u00e0 12 Litres d'eau pure par jour - AirDrink\",\"isPartOf\":{\"@id\":\"https:\\\/\\\/airdrink.fr\\\/#website\"},\"primaryImageOfPage\":{\"@id\":\"https:\\\/\\\/airdrink.fr\\\/product\\\/c3-generateur-deau-atmospherique-personnel\\\/#primaryimage\"},\"image\":{\"@id\":\"https:\\\/\\\/airdrink.fr\\\/product\\\/c3-generateur-deau-atmospherique-personnel\\\/#primaryimage\"},\"thumbnailUrl\":\"https:\\\/\\\/airdrink.fr\\\/wp-content\\\/uploads\\\/2017\\\/12\\\/airdrink_DrinkableAir_France_C3.jpg\",\"datePublished\":\"2023-03-20T16:34:24+00:00\",\"dateModified\":\"2025-10-02T09:40:24+00:00\",\"description\":\"Le C3 produit une eau pure, fraiche et min\u00e9ralis\u00e9e en r\u00e9cup\u00e9rant l'humidit\u00e9 de l'air !\",\"breadcrumb\":{\"@id\":\"https:\\\/\\\/airdrink.fr\\\/product\\\/c3-generateur-deau-atmospherique-personnel\\\/#breadcrumb\"},\"inLanguage\":\"el\",\"potentialAction\":[{\"@type\":\"ReadAction\",\"target\":[\"https:\\\/\\\/airdrink.fr\\\/product\\\/c3-generateur-deau-atmospherique-personnel\\\/\"]}]},{\"@type\":\"ImageObject\",\"inLanguage\":\"el\",\"@id\":\"https:\\\/\\\/airdrink.fr\\\/product\\\/c3-generateur-deau-atmospherique-personnel\\\/#primaryimage\",\"url\":\"https:\\\/\\\/airdrink.fr\\\/wp-content\\\/uploads\\\/2017\\\/12\\\/airdrink_DrinkableAir_France_C3.jpg\",\"contentUrl\":\"https:\\\/\\\/airdrink.fr\\\/wp-content\\\/uploads\\\/2017\\\/12\\\/airdrink_DrinkableAir_France_C3.jpg\",\"width\":600,\"height\":400,\"caption\":\"C3 g\u00e9n\u00e9rateur d'eau atmosph\u00e9rique personnel\"},{\"@type\":\"BreadcrumbList\",\"@id\":\"https:\\\/\\\/airdrink.fr\\\/product\\\/c3-generateur-deau-atmospherique-personnel\\\/#breadcrumb\",\"itemListElement\":[{\"@type\":\"ListItem\",\"position\":1,\"name\":\"Accueil\",\"item\":\"https:\\\/\\\/airdrink.fr\\\/\"},{\"@type\":\"ListItem\",\"position\":2,\"name\":\"Boutique\",\"item\":\"https:\\\/\\\/airdrink.fr\\\/boutique\\\/\"},{\"@type\":\"ListItem\",\"position\":3,\"name\":\"C3 G\u00e9n\u00e9rateur d&rsquo;eau Atmosph\u00e9rique personnel &#8211; 4 \u00e0 12 Litres d&rsquo;eau pure par jour\"}]},{\"@type\":\"WebSite\",\"@id\":\"https:\\\/\\\/airdrink.fr\\\/#website\",\"url\":\"https:\\\/\\\/airdrink.fr\\\/\",\"name\":\"AirDrink - de l'eau \u00e0 partir de l'air !\",\"description\":\"Airdrink, de l'eau &agrave; partir de l'air !\",\"publisher\":{\"@id\":\"https:\\\/\\\/airdrink.fr\\\/#organization\"},\"potentialAction\":[{\"@type\":\"SearchAction\",\"target\":{\"@type\":\"EntryPoint\",\"urlTemplate\":\"https:\\\/\\\/airdrink.fr\\\/?s={search_term_string}\"},\"query-input\":{\"@type\":\"PropertyValueSpecification\",\"valueRequired\":true,\"valueName\":\"search_term_string\"}}],\"inLanguage\":\"el\"},{\"@type\":\"Organization\",\"@id\":\"https:\\\/\\\/airdrink.fr\\\/#organization\",\"name\":\"AirDrink - de l'eau \u00e0 partir de l'air !\",\"url\":\"https:\\\/\\\/airdrink.fr\\\/\",\"logo\":{\"@type\":\"ImageObject\",\"inLanguage\":\"el\",\"@id\":\"https:\\\/\\\/airdrink.fr\\\/#\\\/schema\\\/logo\\\/image\\\/\",\"url\":\"https:\\\/\\\/airdrink.fr\\\/wp-content\\\/uploads\\\/2023\\\/03\\\/cropped-logo-Airdrink-plus-HD-v1-3-300x203-1.png\",\"contentUrl\":\"https:\\\/\\\/airdrink.fr\\\/wp-content\\\/uploads\\\/2023\\\/03\\\/cropped-logo-Airdrink-plus-HD-v1-3-300x203-1.png\",\"width\":300,\"height\":128,\"caption\":\"AirDrink - de l'eau \u00e0 partir de l'air !\"},\"image\":{\"@id\":\"https:\\\/\\\/airdrink.fr\\\/#\\\/schema\\\/logo\\\/image\\\/\"},\"sameAs\":[\"https:\\\/\\\/www.facebook.com\\\/airdrinkFrance\\\/\",\"https:\\\/\\\/www.linkedin.com\\\/company\\\/pgsoft\",\"https:\\\/\\\/www.youtube.com\\\/channel\\\/UCV0fIuMlZQZElbCWK93RP9A\"]}]}<\/script>\n<!-- \/ Yoast SEO plugin. -->","yoast_head_json":{"title":"C3 \u03a0\u03c1\u03bf\u03c3\u03c9\u03c0\u03b9\u03ba\u03ae \u03b1\u03c4\u03bc\u03bf\u03c3\u03c6\u03b1\u03b9\u03c1\u03b9\u03ba\u03ae \u03b3\u03b5\u03bd\u03bd\u03ae\u03c4\u03c1\u03b9\u03b1 \u03bd\u03b5\u03c1\u03bf\u03cd - 4 \u03ad\u03c9\u03c2 12 \u03bb\u03af\u03c4\u03c1\u03b1 \u03ba\u03b1\u03b8\u03b1\u03c1\u03bf\u03cd \u03bd\u03b5\u03c1\u03bf\u03cd \u03c4\u03b7\u03bd \u03b7\u03bc\u03ad\u03c1\u03b1 - AirDrink","description":"\u03a4\u03bf C3 \u03c0\u03b1\u03c1\u03ac\u03b3\u03b5\u03b9 \u03ba\u03b1\u03b8\u03b1\u03c1\u03cc, \u03c6\u03c1\u03ad\u03c3\u03ba\u03bf, \u03bc\u03b5\u03c4\u03b1\u03bb\u03bb\u03bf\u03c0\u03bf\u03b9\u03b7\u03bc\u03ad\u03bd\u03bf \u03bd\u03b5\u03c1\u03cc \u03b1\u03bd\u03b1\u03ba\u03c4\u03ce\u03bd\u03c4\u03b1\u03c2 \u03c4\u03b7\u03bd \u03c5\u03b3\u03c1\u03b1\u03c3\u03af\u03b1 \u03b1\u03c0\u03cc \u03c4\u03bf\u03bd \u03b1\u03ad\u03c1\u03b1!","robots":{"index":"index","follow":"follow","max-snippet":"max-snippet:-1","max-image-preview":"max-image-preview:large","max-video-preview":"max-video-preview:-1"},"canonical":"https:\/\/airdrink.fr\/el\/\u03c0\u03c1\u03bf\u03ca\u03cc\u03bd\/c3-personal-atmosphere-water-generator\/","og_locale":"el_GR","og_type":"article","og_title":"C3 G\u00e9n\u00e9rateur d'eau Atmosph\u00e9rique personnel - 4 \u00e0 12 Litres d'eau pure par jour - AirDrink","og_description":"Le C3 produit une eau pure, fraiche et min\u00e9ralis\u00e9e en r\u00e9cup\u00e9rant l'humidit\u00e9 de l'air !","og_url":"https:\/\/airdrink.fr\/el\/\u03c0\u03c1\u03bf\u03ca\u03cc\u03bd\/c3-personal-atmosphere-water-generator\/","og_site_name":"AirDrink","article_publisher":"https:\/\/www.facebook.com\/airdrinkFrance\/","article_modified_time":"2025-10-02T09:40:24+00:00","og_image":[{"width":600,"height":400,"url":"https:\/\/airdrink.fr\/wp-content\/uploads\/2017\/12\/airdrink_DrinkableAir_France_C3.jpg","type":"image\/jpeg"}],"twitter_card":"summary_large_image","twitter_misc":{"\u0395\u03ba\u03c4\u03b9\u03bc\u03ce\u03bc\u03b5\u03bd\u03bf\u03c2 \u03c7\u03c1\u03cc\u03bd\u03bf\u03c2 \u03b1\u03bd\u03ac\u03b3\u03bd\u03c9\u03c3\u03b7\u03c2":"1 \u03bb\u03b5\u03c0\u03c4\u03cc"},"schema":{"@context":"https:\/\/schema.org","@graph":[{"@type":"WebPage","@id":"https:\/\/airdrink.fr\/product\/c3-generateur-deau-atmospherique-personnel\/","url":"https:\/\/airdrink.fr\/product\/c3-generateur-deau-atmospherique-personnel\/","name":"C3 \u03a0\u03c1\u03bf\u03c3\u03c9\u03c0\u03b9\u03ba\u03ae \u03b1\u03c4\u03bc\u03bf\u03c3\u03c6\u03b1\u03b9\u03c1\u03b9\u03ba\u03ae \u03b3\u03b5\u03bd\u03bd\u03ae\u03c4\u03c1\u03b9\u03b1 \u03bd\u03b5\u03c1\u03bf\u03cd - 4 \u03ad\u03c9\u03c2 12 \u03bb\u03af\u03c4\u03c1\u03b1 \u03ba\u03b1\u03b8\u03b1\u03c1\u03bf\u03cd \u03bd\u03b5\u03c1\u03bf\u03cd \u03c4\u03b7\u03bd \u03b7\u03bc\u03ad\u03c1\u03b1 - AirDrink","isPartOf":{"@id":"https:\/\/airdrink.fr\/#website"},"primaryImageOfPage":{"@id":"https:\/\/airdrink.fr\/product\/c3-generateur-deau-atmospherique-personnel\/#primaryimage"},"image":{"@id":"https:\/\/airdrink.fr\/product\/c3-generateur-deau-atmospherique-personnel\/#primaryimage"},"thumbnailUrl":"https:\/\/airdrink.fr\/wp-content\/uploads\/2017\/12\/airdrink_DrinkableAir_France_C3.jpg","datePublished":"2023-03-20T16:34:24+00:00","dateModified":"2025-10-02T09:40:24+00:00","description":"\u03a4\u03bf C3 \u03c0\u03b1\u03c1\u03ac\u03b3\u03b5\u03b9 \u03ba\u03b1\u03b8\u03b1\u03c1\u03cc, \u03c6\u03c1\u03ad\u03c3\u03ba\u03bf, \u03bc\u03b5\u03c4\u03b1\u03bb\u03bb\u03bf\u03c0\u03bf\u03b9\u03b7\u03bc\u03ad\u03bd\u03bf \u03bd\u03b5\u03c1\u03cc \u03b1\u03bd\u03b1\u03ba\u03c4\u03ce\u03bd\u03c4\u03b1\u03c2 \u03c4\u03b7\u03bd \u03c5\u03b3\u03c1\u03b1\u03c3\u03af\u03b1 \u03b1\u03c0\u03cc \u03c4\u03bf\u03bd \u03b1\u03ad\u03c1\u03b1!","breadcrumb":{"@id":"https:\/\/airdrink.fr\/product\/c3-generateur-deau-atmospherique-personnel\/#breadcrumb"},"inLanguage":"el","potentialAction":[{"@type":"ReadAction","target":["https:\/\/airdrink.fr\/product\/c3-generateur-deau-atmospherique-personnel\/"]}]},{"@type":"ImageObject","inLanguage":"el","@id":"https:\/\/airdrink.fr\/product\/c3-generateur-deau-atmospherique-personnel\/#primaryimage","url":"https:\/\/airdrink.fr\/wp-content\/uploads\/2017\/12\/airdrink_DrinkableAir_France_C3.jpg","contentUrl":"https:\/\/airdrink.fr\/wp-content\/uploads\/2017\/12\/airdrink_DrinkableAir_France_C3.jpg","width":600,"height":400,"caption":"C3 g\u00e9n\u00e9rateur d'eau atmosph\u00e9rique personnel"},{"@type":"BreadcrumbList","@id":"https:\/\/airdrink.fr\/product\/c3-generateur-deau-atmospherique-personnel\/#breadcrumb","itemListElement":[{"@type":"ListItem","position":1,"name":"Accueil","item":"https:\/\/airdrink.fr\/"},{"@type":"ListItem","position":2,"name":"Boutique","item":"https:\/\/airdrink.fr\/boutique\/"},{"@type":"ListItem","position":3,"name":"C3 G\u00e9n\u00e9rateur d&rsquo;eau Atmosph\u00e9rique personnel &#8211; 4 \u00e0 12 Litres d&rsquo;eau pure par jour"}]},{"@type":"WebSite","@id":"https:\/\/airdrink.fr\/#website","url":"https:\/\/airdrink.fr\/","name":"AirDrink - \u03bd\u03b5\u03c1\u03cc \u03b1\u03c0\u03cc \u03c4\u03bf\u03bd \u03b1\u03ad\u03c1\u03b1!","description":"Airdrink, \u03bd\u03b5\u03c1\u03cc \u03b1\u03c0\u03cc \u03c4\u03bf\u03bd \u03b1\u03ad\u03c1\u03b1!","publisher":{"@id":"https:\/\/airdrink.fr\/#organization"},"potentialAction":[{"@type":"SearchAction","target":{"@type":"EntryPoint","urlTemplate":"https:\/\/airdrink.fr\/?s={search_term_string}"},"query-input":{"@type":"PropertyValueSpecification","valueRequired":true,"valueName":"search_term_string"}}],"inLanguage":"el"},{"@type":"Organization","@id":"https:\/\/airdrink.fr\/#organization","name":"AirDrink - \u03bd\u03b5\u03c1\u03cc \u03b1\u03c0\u03cc \u03c4\u03bf\u03bd \u03b1\u03ad\u03c1\u03b1!","url":"https:\/\/airdrink.fr\/","logo":{"@type":"ImageObject","inLanguage":"el","@id":"https:\/\/airdrink.fr\/#\/schema\/logo\/image\/","url":"https:\/\/airdrink.fr\/wp-content\/uploads\/2023\/03\/cropped-logo-Airdrink-plus-HD-v1-3-300x203-1.png","contentUrl":"https:\/\/airdrink.fr\/wp-content\/uploads\/2023\/03\/cropped-logo-Airdrink-plus-HD-v1-3-300x203-1.png","width":300,"height":128,"caption":"AirDrink - de l'eau \u00e0 partir de l'air !"},"image":{"@id":"https:\/\/airdrink.fr\/#\/schema\/logo\/image\/"},"sameAs":["https:\/\/www.facebook.com\/airdrinkFrance\/","https:\/\/www.linkedin.com\/company\/pgsoft","https:\/\/www.youtube.com\/channel\/UCV0fIuMlZQZElbCWK93RP9A"]}]}},"_links":{"self":[{"href":"https:\/\/airdrink.fr\/el\/wp-json\/wp\/v2\/product\/2045","targetHints":{"allow":["GET"]}}],"collection":[{"href":"https:\/\/airdrink.fr\/el\/wp-json\/wp\/v2\/product"}],"about":[{"href":"https:\/\/airdrink.fr\/el\/wp-json\/wp\/v2\/types\/product"}],"version-history":[{"count":0,"href":"https:\/\/airdrink.fr\/el\/wp-json\/wp\/v2\/product\/2045\/revisions"}],"wp:featuredmedia":[{"embeddable":true,"href":"https:\/\/airdrink.fr\/el\/wp-json\/wp\/v2\/media\/2037"}],"wp:attachment":[{"href":"https:\/\/airdrink.fr\/el\/wp-json\/wp\/v2\/media?parent=2045"}],"wp:term":[{"taxonomy":"product_brand","embeddable":true,"href":"https:\/\/airdrink.fr\/el\/wp-json\/wp\/v2\/product_brand?post=2045"},{"taxonomy":"product_cat","embeddable":true,"href":"https:\/\/airdrink.fr\/el\/wp-json\/wp\/v2\/product_cat?post=2045"},{"taxonomy":"product_tag","embeddable":true,"href":"https:\/\/airdrink.fr\/el\/wp-json\/wp\/v2\/product_tag?post=2045"}],"curies":[{"name":"wp","href":"https:\/\/api.w.org\/{rel}","templated":true}]}}