{"id":3394,"date":"2025-09-22T18:14:08","date_gmt":"2025-09-22T16:14:08","guid":{"rendered":"https:\/\/airdrink.fr\/?post_type=product&#038;p=3394"},"modified":"2025-10-16T17:40:06","modified_gmt":"2025-10-16T15:40:06","slug":"%cf%86%ce%af%ce%bb%cf%84%cf%81%ce%bf-mcb-%ce%b3%ce%b9%ce%b1-%ce%b5%ce%b3%ce%ba%ce%b1%cf%84%ce%ac%cf%83%cf%84%ce%b1%cf%83%ce%b7-%ce%b4%ce%b9%ce%b1%cf%83%cf%84%ce%b1%cf%85%cf%81%ce%bf%cf%8d%ce%bc%ce%b5","status":"publish","type":"product","link":"https:\/\/airdrink.fr\/el\/product\/filtre-mcb-pour-osmoseur-cross-90\/","title":{"rendered":"\u03a6\u03af\u03bb\u03c4\u03c1\u03bf MCB \u03b3\u03b9\u03b1 \u03bc\u03bf\u03bd\u03ac\u03b4\u03b1 \u03cc\u03c3\u03bc\u03c9\u03c3\u03b7\u03c2 CROSS 90"},"content":{"rendered":"<div class=\"wpb-content-wrapper\"><div class=\"vc_row wpb_row vc_row-fluid shape_divider_top-none shape_divider_bottom-none\"><div class=\"wpb_column vc_column_container vc_col-sm-12 sc_layouts_column_icons_position_left\"><div class=\"vc_column-inner\"><div class=\"wpb_wrapper\">\n\t<div class=\"wpb_text_column wpb_content_element\" >\n\t\t<div class=\"wpb_wrapper\">\n\t\t\t<p><span style=\"color: #000000;\">\u0391\u03c5\u03c4\u03cc \u03c4\u03bf \u03c6\u03af\u03bb\u03c4\u03c1\u03bf \u03c0\u03c1\u03ad\u03c0\u03b5\u03b9 \u03bd\u03b1 \u03b1\u03bd\u03c4\u03b9\u03ba\u03b1\u03b8\u03af\u03c3\u03c4\u03b1\u03c4\u03b1\u03b9 \u03bc\u03af\u03b1 \u03c6\u03bf\u03c1\u03ac \u03c4\u03bf \u03c7\u03c1\u03cc\u03bd\u03bf.<\/span><\/p>\n\n\t\t<\/div>\n\t<\/div>\n<\/div><\/div><\/div><\/div>\n<\/div>","protected":false},"excerpt":{"rendered":"<p>\u0391\u03c5\u03c4\u03cc \u03c4\u03bf \u03bc\u03b5\u03c4\u03b1-\u03c6\u03af\u03bb\u03c4\u03c1\u03bf MCB \u03b3\u03b9\u03b1 \u03c4\u03b1 \u03c3\u03c5\u03c3\u03c4\u03ae\u03bc\u03b1\u03c4\u03b1 \u03b1\u03bd\u03c4\u03af\u03c3\u03c4\u03c1\u03bf\u03c6\u03b7\u03c2 \u03cc\u03c3\u03bc\u03c9\u03c3\u03b7\u03c2 CROSS 90 \u03b5\u03af\u03bd\u03b1\u03b9 \u03c0\u03bf\u03bb\u03cd \u03b5\u03cd\u03ba\u03bf\u03bb\u03bf \u03bd\u03b1 \u03c4\u03bf \u03b1\u03bb\u03bb\u03ac\u03be\u03b5\u03c4\u03b5 \u03cc\u03c4\u03b1\u03bd \u03c3\u03b1\u03c2 \u03c4\u03bf \u03c0\u03b5\u03b9 \u03b7 \u03b5\u03bd\u03b4\u03b5\u03b9\u03ba\u03c4\u03b9\u03ba\u03ae \u03bb\u03c5\u03c7\u03bd\u03af\u03b1 Cross 90 (\u03c0\u03b5\u03c1\u03af\u03c0\u03bf\u03c5 \u03bc\u03af\u03b1 \u03c6\u03bf\u03c1\u03ac \u03c4\u03bf \u03c7\u03c1\u03cc\u03bd\u03bf).<\/p>\n<p>\u03b1\u03c0\u03bf\u03c4\u03b5\u03bb\u03b5\u03af\u03c4\u03b1\u03b9 \u03b1\u03c0\u03cc \u03ad\u03bd\u03b1 \u03c6\u03af\u03bb\u03c4\u03c1\u03bf \u03ac\u03bd\u03b8\u03c1\u03b1\u03ba\u03b1 \u03ba\u03b1\u03b9 \u03ad\u03bd\u03b1 \u03c6\u03af\u03bb\u03c4\u03c1\u03bf \u03b1\u03bd\u03cc\u03c1\u03b3\u03b1\u03bd\u03c9\u03bd \u03c3\u03c5\u03c3\u03c4\u03b1\u03c4\u03b9\u03ba\u03ce\u03bd, \u03b2\u03b5\u03bb\u03c4\u03b9\u03ce\u03bd\u03bf\u03bd\u03c4\u03b1\u03c2 \u03c4\u03b7 \u03b3\u03b5\u03cd\u03c3\u03b7 \u03c4\u03bf\u03c5 \u03bd\u03b5\u03c1\u03bf\u03cd \u03ba\u03b1\u03b9 \u03c3\u03c5\u03bc\u03b2\u03ac\u03bb\u03bb\u03bf\u03bd\u03c4\u03b1\u03c2 \u03c3\u03c4\u03bf\u03bd \u03b5\u03bc\u03c0\u03bb\u03bf\u03c5\u03c4\u03b9\u03c3\u03bc\u03cc \u03c4\u03bf\u03c5 \u03bc\u03b5 \u03bc\u03b5\u03c4\u03b1\u03bb\u03bb\u03b9\u03ba\u03ac \u03c3\u03c4\u03bf\u03b9\u03c7\u03b5\u03af\u03b1<\/p>\n<p>https:\/\/youtu.be\/hp08ajL9vKA<\/p>\n<p>&nbsp;<\/p>","protected":false},"featured_media":3395,"template":"","meta":{"_angie_page":false},"product_brand":[],"product_cat":[3586,3597],"product_tag":[],"class_list":{"0":"post-3394","1":"product","2":"type-product","3":"status-publish","4":"has-post-thumbnail","6":"product_cat-filtrer-son-eau","7":"product_cat-consommables-et-accessoires","8":"product_shipping_class-filtres","10":"first","11":"instock","12":"taxable","13":"shipping-taxable","14":"purchasable","15":"product-type-simple"},"bundled_by":["3374"],"bundle_stock_status":"instock","bundle_stock_quantity":null,"bundle_virtual":false,"bundle_layout":"","bundle_add_to_cart_form_location":"","bundle_editable_in_cart":false,"bundle_sold_individually_context":"","bundle_item_grouping":"","bundle_min_size":"","bundle_max_size":"","bundle_price":[],"bundled_items":[],"bundle_sell_ids":[],"yoast_head":"<!-- This site is optimized with the Yoast SEO plugin v27.4 - https:\/\/yoast.com\/product\/yoast-seo-wordpress\/ -->\n<title>filtre MCB pour Osmoseur CROSS 90 - AirDrink<\/title>\n<meta name=\"robots\" content=\"index, follow, max-snippet:-1, max-image-preview:large, max-video-preview:-1\" \/>\n<link rel=\"canonical\" href=\"https:\/\/airdrink.fr\/el\/\u03c0\u03c1\u03bf\u03ca\u03cc\u03bd\/\u03c6\u03af\u03bb\u03c4\u03c1\u03bf-mcb-\u03b3\u03b9\u03b1-\u03b5\u03b3\u03ba\u03b1\u03c4\u03ac\u03c3\u03c4\u03b1\u03c3\u03b7-\u03b4\u03b9\u03b1\u03c3\u03c4\u03b1\u03c5\u03c1\u03bf\u03cd\u03bc\u03b5\/\" \/>\n<meta property=\"og:locale\" content=\"el_GR\" \/>\n<meta property=\"og:type\" content=\"article\" \/>\n<meta property=\"og:title\" content=\"filtre MCB pour Osmoseur CROSS 90 - AirDrink\" \/>\n<meta property=\"og:description\" content=\"Ce post filtre MCB pour les osmoseurs CROSS 90 se change tr\u00e8s simplement lorsque le voyant du Cross 90 vous l&#039;indique (environ 1 fois par an)  il est compos\u00e9 de filtre \u00e0 charbon et de filtre min\u00e9ralisant, am\u00e9liorant le go\u00fbt de l&#039;eau et participe \u00e0 son enrichissement en min\u00e9raux  https:\/\/youtu.be\/hp08ajL9vKA  &nbsp;\" \/>\n<meta property=\"og:url\" content=\"https:\/\/airdrink.fr\/el\/\u03c0\u03c1\u03bf\u03ca\u03cc\u03bd\/\u03c6\u03af\u03bb\u03c4\u03c1\u03bf-mcb-\u03b3\u03b9\u03b1-\u03b5\u03b3\u03ba\u03b1\u03c4\u03ac\u03c3\u03c4\u03b1\u03c3\u03b7-\u03b4\u03b9\u03b1\u03c3\u03c4\u03b1\u03c5\u03c1\u03bf\u03cd\u03bc\u03b5\/\" \/>\n<meta property=\"og:site_name\" content=\"AirDrink\" \/>\n<meta property=\"article:publisher\" content=\"https:\/\/www.facebook.com\/airdrinkFrance\/\" \/>\n<meta property=\"article:modified_time\" content=\"2025-10-16T15:40:06+00:00\" \/>\n<meta property=\"og:image\" content=\"https:\/\/airdrink.fr\/wp-content\/uploads\/2025\/09\/FILTRE-MCB-CROSS-90.png\" \/>\n\t<meta property=\"og:image:width\" content=\"960\" \/>\n\t<meta property=\"og:image:height\" content=\"960\" \/>\n\t<meta property=\"og:image:type\" content=\"image\/png\" \/>\n<meta name=\"twitter:card\" content=\"summary_large_image\" \/>\n<meta name=\"twitter:label1\" content=\"\u0395\u03ba\u03c4\u03b9\u03bc\u03ce\u03bc\u03b5\u03bd\u03bf\u03c2 \u03c7\u03c1\u03cc\u03bd\u03bf\u03c2 \u03b1\u03bd\u03ac\u03b3\u03bd\u03c9\u03c3\u03b7\u03c2\" \/>\n\t<meta name=\"twitter:data1\" content=\"1 \u03bb\u03b5\u03c0\u03c4\u03cc\" \/>\n<script type=\"application\/ld+json\" class=\"yoast-schema-graph\">{\"@context\":\"https:\\\/\\\/schema.org\",\"@graph\":[{\"@type\":\"WebPage\",\"@id\":\"https:\\\/\\\/airdrink.fr\\\/de\\\/product\\\/mcb-filter-fur-osmoseanlage-cross-90\\\/\",\"url\":\"https:\\\/\\\/airdrink.fr\\\/de\\\/product\\\/mcb-filter-fur-osmoseanlage-cross-90\\\/\",\"name\":\"filtre MCB pour Osmoseur CROSS 90 - AirDrink\",\"isPartOf\":{\"@id\":\"https:\\\/\\\/airdrink.fr\\\/#website\"},\"primaryImageOfPage\":{\"@id\":\"https:\\\/\\\/airdrink.fr\\\/de\\\/product\\\/mcb-filter-fur-osmoseanlage-cross-90\\\/#primaryimage\"},\"image\":{\"@id\":\"https:\\\/\\\/airdrink.fr\\\/de\\\/product\\\/mcb-filter-fur-osmoseanlage-cross-90\\\/#primaryimage\"},\"thumbnailUrl\":\"https:\\\/\\\/airdrink.fr\\\/wp-content\\\/uploads\\\/2025\\\/09\\\/FILTRE-MCB-CROSS-90.png\",\"datePublished\":\"2025-09-22T16:14:08+00:00\",\"dateModified\":\"2025-10-16T15:40:06+00:00\",\"breadcrumb\":{\"@id\":\"https:\\\/\\\/airdrink.fr\\\/de\\\/product\\\/mcb-filter-fur-osmoseanlage-cross-90\\\/#breadcrumb\"},\"inLanguage\":\"el\",\"potentialAction\":[{\"@type\":\"ReadAction\",\"target\":[\"https:\\\/\\\/airdrink.fr\\\/de\\\/product\\\/mcb-filter-fur-osmoseanlage-cross-90\\\/\"]}]},{\"@type\":\"ImageObject\",\"inLanguage\":\"el\",\"@id\":\"https:\\\/\\\/airdrink.fr\\\/de\\\/product\\\/mcb-filter-fur-osmoseanlage-cross-90\\\/#primaryimage\",\"url\":\"https:\\\/\\\/airdrink.fr\\\/wp-content\\\/uploads\\\/2025\\\/09\\\/FILTRE-MCB-CROSS-90.png\",\"contentUrl\":\"https:\\\/\\\/airdrink.fr\\\/wp-content\\\/uploads\\\/2025\\\/09\\\/FILTRE-MCB-CROSS-90.png\",\"width\":960,\"height\":960},{\"@type\":\"BreadcrumbList\",\"@id\":\"https:\\\/\\\/airdrink.fr\\\/de\\\/product\\\/mcb-filter-fur-osmoseanlage-cross-90\\\/#breadcrumb\",\"itemListElement\":[{\"@type\":\"ListItem\",\"position\":1,\"name\":\"Accueil\",\"item\":\"https:\\\/\\\/airdrink.fr\\\/\"},{\"@type\":\"ListItem\",\"position\":2,\"name\":\"Boutique\",\"item\":\"https:\\\/\\\/airdrink.fr\\\/boutique\\\/\"},{\"@type\":\"ListItem\",\"position\":3,\"name\":\"filtre MCB pour Osmoseur CROSS 90\"}]},{\"@type\":\"WebSite\",\"@id\":\"https:\\\/\\\/airdrink.fr\\\/#website\",\"url\":\"https:\\\/\\\/airdrink.fr\\\/\",\"name\":\"AirDrink - de l'eau \u00e0 partir de l'air !\",\"description\":\"Airdrink, de l'eau &agrave; partir de l'air !\",\"publisher\":{\"@id\":\"https:\\\/\\\/airdrink.fr\\\/#organization\"},\"potentialAction\":[{\"@type\":\"SearchAction\",\"target\":{\"@type\":\"EntryPoint\",\"urlTemplate\":\"https:\\\/\\\/airdrink.fr\\\/?s={search_term_string}\"},\"query-input\":{\"@type\":\"PropertyValueSpecification\",\"valueRequired\":true,\"valueName\":\"search_term_string\"}}],\"inLanguage\":\"el\"},{\"@type\":\"Organization\",\"@id\":\"https:\\\/\\\/airdrink.fr\\\/#organization\",\"name\":\"AirDrink - de l'eau \u00e0 partir de l'air !\",\"url\":\"https:\\\/\\\/airdrink.fr\\\/\",\"logo\":{\"@type\":\"ImageObject\",\"inLanguage\":\"el\",\"@id\":\"https:\\\/\\\/airdrink.fr\\\/#\\\/schema\\\/logo\\\/image\\\/\",\"url\":\"https:\\\/\\\/airdrink.fr\\\/wp-content\\\/uploads\\\/2023\\\/03\\\/cropped-logo-Airdrink-plus-HD-v1-3-300x203-1.png\",\"contentUrl\":\"https:\\\/\\\/airdrink.fr\\\/wp-content\\\/uploads\\\/2023\\\/03\\\/cropped-logo-Airdrink-plus-HD-v1-3-300x203-1.png\",\"width\":300,\"height\":128,\"caption\":\"AirDrink - de l'eau \u00e0 partir de l'air !\"},\"image\":{\"@id\":\"https:\\\/\\\/airdrink.fr\\\/#\\\/schema\\\/logo\\\/image\\\/\"},\"sameAs\":[\"https:\\\/\\\/www.facebook.com\\\/airdrinkFrance\\\/\",\"https:\\\/\\\/www.linkedin.com\\\/company\\\/pgsoft\",\"https:\\\/\\\/www.youtube.com\\\/channel\\\/UCV0fIuMlZQZElbCWK93RP9A\"]}]}<\/script>\n<!-- \/ Yoast SEO plugin. -->","yoast_head_json":{"title":"\u03a6\u03af\u03bb\u03c4\u03c1\u03bf MCB \u03b3\u03b9\u03b1 Osmosis CROSS 90 - AirDrink","robots":{"index":"index","follow":"follow","max-snippet":"max-snippet:-1","max-image-preview":"max-image-preview:large","max-video-preview":"max-video-preview:-1"},"canonical":"https:\/\/airdrink.fr\/el\/\u03c0\u03c1\u03bf\u03ca\u03cc\u03bd\/\u03c6\u03af\u03bb\u03c4\u03c1\u03bf-mcb-\u03b3\u03b9\u03b1-\u03b5\u03b3\u03ba\u03b1\u03c4\u03ac\u03c3\u03c4\u03b1\u03c3\u03b7-\u03b4\u03b9\u03b1\u03c3\u03c4\u03b1\u03c5\u03c1\u03bf\u03cd\u03bc\u03b5\/","og_locale":"el_GR","og_type":"article","og_title":"filtre MCB pour Osmoseur CROSS 90 - AirDrink","og_description":"Ce post filtre MCB pour les osmoseurs CROSS 90 se change tr\u00e8s simplement lorsque le voyant du Cross 90 vous l'indique (environ 1 fois par an)  il est compos\u00e9 de filtre \u00e0 charbon et de filtre min\u00e9ralisant, am\u00e9liorant le go\u00fbt de l'eau et participe \u00e0 son enrichissement en min\u00e9raux  https:\/\/youtu.be\/hp08ajL9vKA  &nbsp;","og_url":"https:\/\/airdrink.fr\/el\/\u03c0\u03c1\u03bf\u03ca\u03cc\u03bd\/\u03c6\u03af\u03bb\u03c4\u03c1\u03bf-mcb-\u03b3\u03b9\u03b1-\u03b5\u03b3\u03ba\u03b1\u03c4\u03ac\u03c3\u03c4\u03b1\u03c3\u03b7-\u03b4\u03b9\u03b1\u03c3\u03c4\u03b1\u03c5\u03c1\u03bf\u03cd\u03bc\u03b5\/","og_site_name":"AirDrink","article_publisher":"https:\/\/www.facebook.com\/airdrinkFrance\/","article_modified_time":"2025-10-16T15:40:06+00:00","og_image":[{"width":960,"height":960,"url":"https:\/\/airdrink.fr\/wp-content\/uploads\/2025\/09\/FILTRE-MCB-CROSS-90.png","type":"image\/png"}],"twitter_card":"summary_large_image","twitter_misc":{"\u0395\u03ba\u03c4\u03b9\u03bc\u03ce\u03bc\u03b5\u03bd\u03bf\u03c2 \u03c7\u03c1\u03cc\u03bd\u03bf\u03c2 \u03b1\u03bd\u03ac\u03b3\u03bd\u03c9\u03c3\u03b7\u03c2":"1 \u03bb\u03b5\u03c0\u03c4\u03cc"},"schema":{"@context":"https:\/\/schema.org","@graph":[{"@type":"WebPage","@id":"https:\/\/airdrink.fr\/de\/product\/mcb-filter-fur-osmoseanlage-cross-90\/","url":"https:\/\/airdrink.fr\/de\/product\/mcb-filter-fur-osmoseanlage-cross-90\/","name":"\u03a6\u03af\u03bb\u03c4\u03c1\u03bf MCB \u03b3\u03b9\u03b1 Osmosis CROSS 90 - AirDrink","isPartOf":{"@id":"https:\/\/airdrink.fr\/#website"},"primaryImageOfPage":{"@id":"https:\/\/airdrink.fr\/de\/product\/mcb-filter-fur-osmoseanlage-cross-90\/#primaryimage"},"image":{"@id":"https:\/\/airdrink.fr\/de\/product\/mcb-filter-fur-osmoseanlage-cross-90\/#primaryimage"},"thumbnailUrl":"https:\/\/airdrink.fr\/wp-content\/uploads\/2025\/09\/FILTRE-MCB-CROSS-90.png","datePublished":"2025-09-22T16:14:08+00:00","dateModified":"2025-10-16T15:40:06+00:00","breadcrumb":{"@id":"https:\/\/airdrink.fr\/de\/product\/mcb-filter-fur-osmoseanlage-cross-90\/#breadcrumb"},"inLanguage":"el","potentialAction":[{"@type":"ReadAction","target":["https:\/\/airdrink.fr\/de\/product\/mcb-filter-fur-osmoseanlage-cross-90\/"]}]},{"@type":"ImageObject","inLanguage":"el","@id":"https:\/\/airdrink.fr\/de\/product\/mcb-filter-fur-osmoseanlage-cross-90\/#primaryimage","url":"https:\/\/airdrink.fr\/wp-content\/uploads\/2025\/09\/FILTRE-MCB-CROSS-90.png","contentUrl":"https:\/\/airdrink.fr\/wp-content\/uploads\/2025\/09\/FILTRE-MCB-CROSS-90.png","width":960,"height":960},{"@type":"BreadcrumbList","@id":"https:\/\/airdrink.fr\/de\/product\/mcb-filter-fur-osmoseanlage-cross-90\/#breadcrumb","itemListElement":[{"@type":"ListItem","position":1,"name":"Accueil","item":"https:\/\/airdrink.fr\/"},{"@type":"ListItem","position":2,"name":"Boutique","item":"https:\/\/airdrink.fr\/boutique\/"},{"@type":"ListItem","position":3,"name":"filtre MCB pour Osmoseur CROSS 90"}]},{"@type":"WebSite","@id":"https:\/\/airdrink.fr\/#website","url":"https:\/\/airdrink.fr\/","name":"AirDrink - \u03bd\u03b5\u03c1\u03cc \u03b1\u03c0\u03cc \u03c4\u03bf\u03bd \u03b1\u03ad\u03c1\u03b1!","description":"Airdrink, \u03bd\u03b5\u03c1\u03cc \u03b1\u03c0\u03cc \u03c4\u03bf\u03bd \u03b1\u03ad\u03c1\u03b1!","publisher":{"@id":"https:\/\/airdrink.fr\/#organization"},"potentialAction":[{"@type":"SearchAction","target":{"@type":"EntryPoint","urlTemplate":"https:\/\/airdrink.fr\/?s={search_term_string}"},"query-input":{"@type":"PropertyValueSpecification","valueRequired":true,"valueName":"search_term_string"}}],"inLanguage":"el"},{"@type":"Organization","@id":"https:\/\/airdrink.fr\/#organization","name":"AirDrink - \u03bd\u03b5\u03c1\u03cc \u03b1\u03c0\u03cc \u03c4\u03bf\u03bd \u03b1\u03ad\u03c1\u03b1!","url":"https:\/\/airdrink.fr\/","logo":{"@type":"ImageObject","inLanguage":"el","@id":"https:\/\/airdrink.fr\/#\/schema\/logo\/image\/","url":"https:\/\/airdrink.fr\/wp-content\/uploads\/2023\/03\/cropped-logo-Airdrink-plus-HD-v1-3-300x203-1.png","contentUrl":"https:\/\/airdrink.fr\/wp-content\/uploads\/2023\/03\/cropped-logo-Airdrink-plus-HD-v1-3-300x203-1.png","width":300,"height":128,"caption":"AirDrink - de l'eau \u00e0 partir de l'air !"},"image":{"@id":"https:\/\/airdrink.fr\/#\/schema\/logo\/image\/"},"sameAs":["https:\/\/www.facebook.com\/airdrinkFrance\/","https:\/\/www.linkedin.com\/company\/pgsoft","https:\/\/www.youtube.com\/channel\/UCV0fIuMlZQZElbCWK93RP9A"]}]}},"_links":{"self":[{"href":"https:\/\/airdrink.fr\/el\/wp-json\/wp\/v2\/product\/3394","targetHints":{"allow":["GET"]}}],"collection":[{"href":"https:\/\/airdrink.fr\/el\/wp-json\/wp\/v2\/product"}],"about":[{"href":"https:\/\/airdrink.fr\/el\/wp-json\/wp\/v2\/types\/product"}],"version-history":[{"count":0,"href":"https:\/\/airdrink.fr\/el\/wp-json\/wp\/v2\/product\/3394\/revisions"}],"wp:featuredmedia":[{"embeddable":true,"href":"https:\/\/airdrink.fr\/el\/wp-json\/wp\/v2\/media\/3395"}],"wp:attachment":[{"href":"https:\/\/airdrink.fr\/el\/wp-json\/wp\/v2\/media?parent=3394"}],"wp:term":[{"taxonomy":"product_brand","embeddable":true,"href":"https:\/\/airdrink.fr\/el\/wp-json\/wp\/v2\/product_brand?post=3394"},{"taxonomy":"product_cat","embeddable":true,"href":"https:\/\/airdrink.fr\/el\/wp-json\/wp\/v2\/product_cat?post=3394"},{"taxonomy":"product_tag","embeddable":true,"href":"https:\/\/airdrink.fr\/el\/wp-json\/wp\/v2\/product_tag?post=3394"}],"curies":[{"name":"wp","href":"https:\/\/api.w.org\/{rel}","templated":true}]}}