{"id":3421,"date":"2025-09-23T16:19:38","date_gmt":"2025-09-23T14:19:38","guid":{"rendered":"https:\/\/airdrink.fr\/?post_type=product&#038;p=3421"},"modified":"2025-10-18T11:30:47","modified_gmt":"2025-10-18T09:30:47","slug":"3-%ce%bc%ce%b5%ce%bc%ce%b2%cf%81%ce%ac%ce%bd%ce%b5%cf%82-%ce%b3%ce%b9%ce%b1-%ce%b9%cf%83%cf%87%cf%85%cf%81%ce%ae-%ce%bc%ce%af%ce%bd%ce%b9-%ce%bc%ce%bf%ce%bd%ce%ac%ce%b4%ce%b1-%ce%b1%ce%bd%cf%84%ce%af","status":"publish","type":"product","link":"https:\/\/airdrink.fr\/el\/product\/3-membranes-pour-osmoseur-robust-mini\/","title":{"rendered":"\u03c3\u03b5\u03c4 3 \u03bc\u03b5\u03bc\u03b2\u03c1\u03b1\u03bd\u03ce\u03bd \u03b3\u03b9\u03b1 \u03bc\u03bf\u03bd\u03ac\u03b4\u03b1 \u03b1\u03bd\u03c4\u03af\u03c3\u03c4\u03c1\u03bf\u03c6\u03b7\u03c2 \u03cc\u03c3\u03bc\u03c9\u03c3\u03b7\u03c2 Robust Mini"},"content":{"rendered":"<div class=\"wpb-content-wrapper\"><div class=\"vc_row wpb_row vc_row-fluid shape_divider_top-none shape_divider_bottom-none\"><div class=\"wpb_column vc_column_container vc_col-sm-12 sc_layouts_column_icons_position_left\"><div class=\"vc_column-inner\"><div class=\"wpb_wrapper\">\n\t<div class=\"wpb_text_column wpb_content_element\" >\n\t\t<div class=\"wpb_wrapper\">\n\t\t\t<p><span style=\"color: #000000;\">\u0391\u03c5\u03c4\u03ad\u03c2 \u03bf\u03b9 \u03bc\u03b5\u03bc\u03b2\u03c1\u03ac\u03bd\u03b5\u03c2 \u03c0\u03c1\u03ad\u03c0\u03b5\u03b9 \u03bd\u03b1 \u03b1\u03bd\u03b1\u03bd\u03b5\u03ce\u03bd\u03bf\u03bd\u03c4\u03b1\u03b9 \u03ba\u03b1\u03c4\u03ac \u03bc\u03ad\u03c3\u03bf \u03cc\u03c1\u03bf \u03ba\u03ac\u03b8\u03b5 2 \u03c7\u03c1\u03cc\u03bd\u03b9\u03b1.<\/span><\/p>\n\n\t\t<\/div>\n\t<\/div>\n<\/div><\/div><\/div><\/div>\n<\/div>","protected":false},"excerpt":{"rendered":"<p>\u0391\u03c5\u03c4\u03ad\u03c2 \u03bf\u03b9 \u03bc\u03b5\u03bc\u03b2\u03c1\u03ac\u03bd\u03b5\u03c2 100 GPD (\u03b3\u03b1\u03bb\u03cc\u03bd\u03b9\u03b1 \u03b1\u03bd\u03ac \u03b7\u03bc\u03ad\u03c1\u03b1) \u03b3\u03b9\u03b1 \u03c4\u03b1 \u03c3\u03c5\u03c3\u03c4\u03ae\u03bc\u03b1\u03c4\u03b1 \u03b1\u03bd\u03c4\u03af\u03c3\u03c4\u03c1\u03bf\u03c6\u03b7\u03c2 \u03cc\u03c3\u03bc\u03c9\u03c3\u03b7\u03c2 ROBUST Mini \u03b1\u03bb\u03bb\u03ac\u03b6\u03bf\u03bd\u03c4\u03b1\u03b9 \u03c0\u03b5\u03c1\u03af\u03c0\u03bf\u03c5 \u03ba\u03ac\u03b8\u03b5 2 \u03c7\u03c1\u03cc\u03bd\u03b9\u03b1. \u03a5\u03c0\u03ac\u03c1\u03c7\u03bf\u03c5\u03bd 3 \u03c3\u03c4\u03bf ROBUST Mini, \u03bf\u03c0\u03cc\u03c4\u03b5 \u03c4\u03bf \u03c3\u03b5\u03c4 \u03c0\u03b5\u03c1\u03b9\u03ad\u03c7\u03b5\u03b9 \u03b5\u03c0\u03af\u03c3\u03b7\u03c2 3.<\/p>\n<h6>\u0391\u03c0\u03bf\u03bc\u03b1\u03ba\u03c1\u03cd\u03bd\u03bf\u03c5\u03bd 99,8 % \u03c4\u03c9\u03bd \u03b1\u03ba\u03b1\u03b8\u03b1\u03c1\u03c3\u03b9\u03ce\u03bd, \u03c3\u03c5\u03bc\u03c0\u03b5\u03c1\u03b9\u03bb\u03b1\u03bc\u03b2\u03b1\u03bd\u03bf\u03bc\u03ad\u03bd\u03c9\u03bd \u03c4\u03c9\u03bd \u03b2\u03b1\u03ba\u03c4\u03b7\u03c1\u03af\u03c9\u03bd, \u03c4\u03c9\u03bd \u03b9\u03ce\u03bd \u03ba\u03b1\u03b9 \u03c4\u03c9\u03bd PFAS.<\/h6>\n<p>https:\/\/youtu.be\/1-2MLRj0di8<\/p>","protected":false},"featured_media":3517,"template":"","meta":{"_angie_page":false},"product_brand":[],"product_cat":[3597],"product_tag":[],"class_list":{"0":"post-3421","1":"product","2":"type-product","3":"status-publish","4":"has-post-thumbnail","6":"product_cat-consommables-et-accessoires","7":"product_shipping_class-filtres","9":"first","10":"instock","11":"taxable","12":"shipping-taxable","13":"purchasable","14":"product-type-simple"},"bundled_by":["3376"],"bundle_stock_status":"instock","bundle_stock_quantity":null,"bundle_virtual":false,"bundle_layout":"","bundle_add_to_cart_form_location":"","bundle_editable_in_cart":false,"bundle_sold_individually_context":"","bundle_item_grouping":"","bundle_min_size":"","bundle_max_size":"","bundle_price":[],"bundled_items":[],"bundle_sell_ids":[],"yoast_head":"<!-- This site is optimized with the Yoast SEO plugin v27.4 - https:\/\/yoast.com\/product\/yoast-seo-wordpress\/ -->\n<title>kit de 3 Membranes pour Osmoseur Robust Mini - AirDrink<\/title>\n<meta name=\"robots\" content=\"index, follow, max-snippet:-1, max-image-preview:large, max-video-preview:-1\" \/>\n<link rel=\"canonical\" href=\"http:\/\/airdrink.fr\/el\/\u03c0\u03c1\u03bf\u03ca\u03cc\u03bd\/3-\u03bc\u03b5\u03bc\u03b2\u03c1\u03ac\u03bd\u03b5\u03c2-\u03b3\u03b9\u03b1-\u03b9\u03c3\u03c7\u03c5\u03c1\u03ae-\u03bc\u03af\u03bd\u03b9-\u03bc\u03bf\u03bd\u03ac\u03b4\u03b1-\u03b1\u03bd\u03c4\u03af\/\" \/>\n<meta property=\"og:locale\" content=\"el_GR\" \/>\n<meta property=\"og:type\" content=\"article\" \/>\n<meta property=\"og:title\" content=\"kit de 3 Membranes pour Osmoseur Robust Mini - AirDrink\" \/>\n<meta property=\"og:description\" content=\"Ces membranes 100 GPD (gallons par jour) pour les osmoseurs ROBUST Mini se changent environ tous les 2 ans. Il y en a 3 dans le ROBUST Mini donc le kit en contient 3 \u00e9galement Elles \u00e9liminent 99,8 % des impuret\u00e9s, y compris les bact\u00e9ries, les virus et les PFAS https:\/\/youtu.be\/1-2MLRj0di8\" \/>\n<meta property=\"og:url\" content=\"http:\/\/airdrink.fr\/el\/\u03c0\u03c1\u03bf\u03ca\u03cc\u03bd\/3-\u03bc\u03b5\u03bc\u03b2\u03c1\u03ac\u03bd\u03b5\u03c2-\u03b3\u03b9\u03b1-\u03b9\u03c3\u03c7\u03c5\u03c1\u03ae-\u03bc\u03af\u03bd\u03b9-\u03bc\u03bf\u03bd\u03ac\u03b4\u03b1-\u03b1\u03bd\u03c4\u03af\/\" \/>\n<meta property=\"og:site_name\" content=\"AirDrink\" \/>\n<meta property=\"article:publisher\" content=\"https:\/\/www.facebook.com\/airdrinkFrance\/\" \/>\n<meta property=\"article:modified_time\" content=\"2025-10-18T09:30:47+00:00\" \/>\n<meta property=\"og:image\" content=\"https:\/\/airdrink.fr\/wp-content\/uploads\/2025\/10\/3-membranes-ecosoft.png\" \/>\n\t<meta property=\"og:image:width\" content=\"1228\" \/>\n\t<meta property=\"og:image:height\" content=\"819\" \/>\n\t<meta property=\"og:image:type\" content=\"image\/png\" \/>\n<meta name=\"twitter:card\" content=\"summary_large_image\" \/>\n<meta name=\"twitter:label1\" content=\"\u0395\u03ba\u03c4\u03b9\u03bc\u03ce\u03bc\u03b5\u03bd\u03bf\u03c2 \u03c7\u03c1\u03cc\u03bd\u03bf\u03c2 \u03b1\u03bd\u03ac\u03b3\u03bd\u03c9\u03c3\u03b7\u03c2\" \/>\n\t<meta name=\"twitter:data1\" content=\"1 \u03bb\u03b5\u03c0\u03c4\u03cc\" \/>\n<script type=\"application\/ld+json\" class=\"yoast-schema-graph\">{\"@context\":\"https:\\\/\\\/schema.org\",\"@graph\":[{\"@type\":\"WebPage\",\"@id\":\"http:\\\/\\\/airdrink.fr\\\/el\\\/%cf%80%cf%81%ce%bf%cf%8a%cf%8c%ce%bd\\\/3-%ce%bc%ce%b5%ce%bc%ce%b2%cf%81%ce%ac%ce%bd%ce%b5%cf%82-%ce%b3%ce%b9%ce%b1-%ce%b9%cf%83%cf%87%cf%85%cf%81%ce%ae-%ce%bc%ce%af%ce%bd%ce%b9-%ce%bc%ce%bf%ce%bd%ce%ac%ce%b4%ce%b1-%ce%b1%ce%bd%cf%84%ce%af\\\/\",\"url\":\"http:\\\/\\\/airdrink.fr\\\/el\\\/%cf%80%cf%81%ce%bf%cf%8a%cf%8c%ce%bd\\\/3-%ce%bc%ce%b5%ce%bc%ce%b2%cf%81%ce%ac%ce%bd%ce%b5%cf%82-%ce%b3%ce%b9%ce%b1-%ce%b9%cf%83%cf%87%cf%85%cf%81%ce%ae-%ce%bc%ce%af%ce%bd%ce%b9-%ce%bc%ce%bf%ce%bd%ce%ac%ce%b4%ce%b1-%ce%b1%ce%bd%cf%84%ce%af\\\/\",\"name\":\"kit de 3 Membranes pour Osmoseur Robust Mini - AirDrink\",\"isPartOf\":{\"@id\":\"https:\\\/\\\/airdrink.fr\\\/#website\"},\"primaryImageOfPage\":{\"@id\":\"http:\\\/\\\/airdrink.fr\\\/el\\\/%cf%80%cf%81%ce%bf%cf%8a%cf%8c%ce%bd\\\/3-%ce%bc%ce%b5%ce%bc%ce%b2%cf%81%ce%ac%ce%bd%ce%b5%cf%82-%ce%b3%ce%b9%ce%b1-%ce%b9%cf%83%cf%87%cf%85%cf%81%ce%ae-%ce%bc%ce%af%ce%bd%ce%b9-%ce%bc%ce%bf%ce%bd%ce%ac%ce%b4%ce%b1-%ce%b1%ce%bd%cf%84%ce%af\\\/#primaryimage\"},\"image\":{\"@id\":\"http:\\\/\\\/airdrink.fr\\\/el\\\/%cf%80%cf%81%ce%bf%cf%8a%cf%8c%ce%bd\\\/3-%ce%bc%ce%b5%ce%bc%ce%b2%cf%81%ce%ac%ce%bd%ce%b5%cf%82-%ce%b3%ce%b9%ce%b1-%ce%b9%cf%83%cf%87%cf%85%cf%81%ce%ae-%ce%bc%ce%af%ce%bd%ce%b9-%ce%bc%ce%bf%ce%bd%ce%ac%ce%b4%ce%b1-%ce%b1%ce%bd%cf%84%ce%af\\\/#primaryimage\"},\"thumbnailUrl\":\"https:\\\/\\\/airdrink.fr\\\/wp-content\\\/uploads\\\/2025\\\/10\\\/3-membranes-ecosoft.png\",\"datePublished\":\"2025-09-23T14:19:38+00:00\",\"dateModified\":\"2025-10-18T09:30:47+00:00\",\"breadcrumb\":{\"@id\":\"http:\\\/\\\/airdrink.fr\\\/el\\\/%cf%80%cf%81%ce%bf%cf%8a%cf%8c%ce%bd\\\/3-%ce%bc%ce%b5%ce%bc%ce%b2%cf%81%ce%ac%ce%bd%ce%b5%cf%82-%ce%b3%ce%b9%ce%b1-%ce%b9%cf%83%cf%87%cf%85%cf%81%ce%ae-%ce%bc%ce%af%ce%bd%ce%b9-%ce%bc%ce%bf%ce%bd%ce%ac%ce%b4%ce%b1-%ce%b1%ce%bd%cf%84%ce%af\\\/#breadcrumb\"},\"inLanguage\":\"el\",\"potentialAction\":[{\"@type\":\"ReadAction\",\"target\":[\"http:\\\/\\\/airdrink.fr\\\/el\\\/%cf%80%cf%81%ce%bf%cf%8a%cf%8c%ce%bd\\\/3-%ce%bc%ce%b5%ce%bc%ce%b2%cf%81%ce%ac%ce%bd%ce%b5%cf%82-%ce%b3%ce%b9%ce%b1-%ce%b9%cf%83%cf%87%cf%85%cf%81%ce%ae-%ce%bc%ce%af%ce%bd%ce%b9-%ce%bc%ce%bf%ce%bd%ce%ac%ce%b4%ce%b1-%ce%b1%ce%bd%cf%84%ce%af\\\/\"]}]},{\"@type\":\"ImageObject\",\"inLanguage\":\"el\",\"@id\":\"http:\\\/\\\/airdrink.fr\\\/el\\\/%cf%80%cf%81%ce%bf%cf%8a%cf%8c%ce%bd\\\/3-%ce%bc%ce%b5%ce%bc%ce%b2%cf%81%ce%ac%ce%bd%ce%b5%cf%82-%ce%b3%ce%b9%ce%b1-%ce%b9%cf%83%cf%87%cf%85%cf%81%ce%ae-%ce%bc%ce%af%ce%bd%ce%b9-%ce%bc%ce%bf%ce%bd%ce%ac%ce%b4%ce%b1-%ce%b1%ce%bd%cf%84%ce%af\\\/#primaryimage\",\"url\":\"https:\\\/\\\/airdrink.fr\\\/wp-content\\\/uploads\\\/2025\\\/10\\\/3-membranes-ecosoft.png\",\"contentUrl\":\"https:\\\/\\\/airdrink.fr\\\/wp-content\\\/uploads\\\/2025\\\/10\\\/3-membranes-ecosoft.png\",\"width\":1228,\"height\":819},{\"@type\":\"BreadcrumbList\",\"@id\":\"http:\\\/\\\/airdrink.fr\\\/el\\\/%cf%80%cf%81%ce%bf%cf%8a%cf%8c%ce%bd\\\/3-%ce%bc%ce%b5%ce%bc%ce%b2%cf%81%ce%ac%ce%bd%ce%b5%cf%82-%ce%b3%ce%b9%ce%b1-%ce%b9%cf%83%cf%87%cf%85%cf%81%ce%ae-%ce%bc%ce%af%ce%bd%ce%b9-%ce%bc%ce%bf%ce%bd%ce%ac%ce%b4%ce%b1-%ce%b1%ce%bd%cf%84%ce%af\\\/#breadcrumb\",\"itemListElement\":[{\"@type\":\"ListItem\",\"position\":1,\"name\":\"Accueil\",\"item\":\"https:\\\/\\\/airdrink.fr\\\/\"},{\"@type\":\"ListItem\",\"position\":2,\"name\":\"Boutique\",\"item\":\"https:\\\/\\\/airdrink.fr\\\/boutique\\\/\"},{\"@type\":\"ListItem\",\"position\":3,\"name\":\"kit de 3 Membranes pour Osmoseur Robust Mini\"}]},{\"@type\":\"WebSite\",\"@id\":\"https:\\\/\\\/airdrink.fr\\\/#website\",\"url\":\"https:\\\/\\\/airdrink.fr\\\/\",\"name\":\"AirDrink - de l'eau \u00e0 partir de l'air !\",\"description\":\"Airdrink, de l'eau &agrave; partir de l'air !\",\"publisher\":{\"@id\":\"https:\\\/\\\/airdrink.fr\\\/#organization\"},\"potentialAction\":[{\"@type\":\"SearchAction\",\"target\":{\"@type\":\"EntryPoint\",\"urlTemplate\":\"https:\\\/\\\/airdrink.fr\\\/?s={search_term_string}\"},\"query-input\":{\"@type\":\"PropertyValueSpecification\",\"valueRequired\":true,\"valueName\":\"search_term_string\"}}],\"inLanguage\":\"el\"},{\"@type\":\"Organization\",\"@id\":\"https:\\\/\\\/airdrink.fr\\\/#organization\",\"name\":\"AirDrink - de l'eau \u00e0 partir de l'air !\",\"url\":\"https:\\\/\\\/airdrink.fr\\\/\",\"logo\":{\"@type\":\"ImageObject\",\"inLanguage\":\"el\",\"@id\":\"https:\\\/\\\/airdrink.fr\\\/#\\\/schema\\\/logo\\\/image\\\/\",\"url\":\"https:\\\/\\\/airdrink.fr\\\/wp-content\\\/uploads\\\/2023\\\/03\\\/cropped-logo-Airdrink-plus-HD-v1-3-300x203-1.png\",\"contentUrl\":\"https:\\\/\\\/airdrink.fr\\\/wp-content\\\/uploads\\\/2023\\\/03\\\/cropped-logo-Airdrink-plus-HD-v1-3-300x203-1.png\",\"width\":300,\"height\":128,\"caption\":\"AirDrink - de l'eau \u00e0 partir de l'air !\"},\"image\":{\"@id\":\"https:\\\/\\\/airdrink.fr\\\/#\\\/schema\\\/logo\\\/image\\\/\"},\"sameAs\":[\"https:\\\/\\\/www.facebook.com\\\/airdrinkFrance\\\/\",\"https:\\\/\\\/www.linkedin.com\\\/company\\\/pgsoft\",\"https:\\\/\\\/www.youtube.com\\\/channel\\\/UCV0fIuMlZQZElbCWK93RP9A\"]}]}<\/script>\n<!-- \/ Yoast SEO plugin. -->","yoast_head_json":{"title":"\u03c3\u03b5\u03c4 3 \u03bc\u03b5\u03bc\u03b2\u03c1\u03b1\u03bd\u03ce\u03bd \u03b3\u03b9\u03b1 Robust Mini RO - AirDrink","robots":{"index":"index","follow":"follow","max-snippet":"max-snippet:-1","max-image-preview":"max-image-preview:large","max-video-preview":"max-video-preview:-1"},"canonical":"http:\/\/airdrink.fr\/el\/\u03c0\u03c1\u03bf\u03ca\u03cc\u03bd\/3-\u03bc\u03b5\u03bc\u03b2\u03c1\u03ac\u03bd\u03b5\u03c2-\u03b3\u03b9\u03b1-\u03b9\u03c3\u03c7\u03c5\u03c1\u03ae-\u03bc\u03af\u03bd\u03b9-\u03bc\u03bf\u03bd\u03ac\u03b4\u03b1-\u03b1\u03bd\u03c4\u03af\/","og_locale":"el_GR","og_type":"article","og_title":"kit de 3 Membranes pour Osmoseur Robust Mini - AirDrink","og_description":"Ces membranes 100 GPD (gallons par jour) pour les osmoseurs ROBUST Mini se changent environ tous les 2 ans. Il y en a 3 dans le ROBUST Mini donc le kit en contient 3 \u00e9galement Elles \u00e9liminent 99,8 % des impuret\u00e9s, y compris les bact\u00e9ries, les virus et les PFAS https:\/\/youtu.be\/1-2MLRj0di8","og_url":"http:\/\/airdrink.fr\/el\/\u03c0\u03c1\u03bf\u03ca\u03cc\u03bd\/3-\u03bc\u03b5\u03bc\u03b2\u03c1\u03ac\u03bd\u03b5\u03c2-\u03b3\u03b9\u03b1-\u03b9\u03c3\u03c7\u03c5\u03c1\u03ae-\u03bc\u03af\u03bd\u03b9-\u03bc\u03bf\u03bd\u03ac\u03b4\u03b1-\u03b1\u03bd\u03c4\u03af\/","og_site_name":"AirDrink","article_publisher":"https:\/\/www.facebook.com\/airdrinkFrance\/","article_modified_time":"2025-10-18T09:30:47+00:00","og_image":[{"width":1228,"height":819,"url":"https:\/\/airdrink.fr\/wp-content\/uploads\/2025\/10\/3-membranes-ecosoft.png","type":"image\/png"}],"twitter_card":"summary_large_image","twitter_misc":{"\u0395\u03ba\u03c4\u03b9\u03bc\u03ce\u03bc\u03b5\u03bd\u03bf\u03c2 \u03c7\u03c1\u03cc\u03bd\u03bf\u03c2 \u03b1\u03bd\u03ac\u03b3\u03bd\u03c9\u03c3\u03b7\u03c2":"1 \u03bb\u03b5\u03c0\u03c4\u03cc"},"schema":{"@context":"https:\/\/schema.org","@graph":[{"@type":"WebPage","@id":"http:\/\/airdrink.fr\/el\/%cf%80%cf%81%ce%bf%cf%8a%cf%8c%ce%bd\/3-%ce%bc%ce%b5%ce%bc%ce%b2%cf%81%ce%ac%ce%bd%ce%b5%cf%82-%ce%b3%ce%b9%ce%b1-%ce%b9%cf%83%cf%87%cf%85%cf%81%ce%ae-%ce%bc%ce%af%ce%bd%ce%b9-%ce%bc%ce%bf%ce%bd%ce%ac%ce%b4%ce%b1-%ce%b1%ce%bd%cf%84%ce%af\/","url":"http:\/\/airdrink.fr\/el\/%cf%80%cf%81%ce%bf%cf%8a%cf%8c%ce%bd\/3-%ce%bc%ce%b5%ce%bc%ce%b2%cf%81%ce%ac%ce%bd%ce%b5%cf%82-%ce%b3%ce%b9%ce%b1-%ce%b9%cf%83%cf%87%cf%85%cf%81%ce%ae-%ce%bc%ce%af%ce%bd%ce%b9-%ce%bc%ce%bf%ce%bd%ce%ac%ce%b4%ce%b1-%ce%b1%ce%bd%cf%84%ce%af\/","name":"\u03c3\u03b5\u03c4 3 \u03bc\u03b5\u03bc\u03b2\u03c1\u03b1\u03bd\u03ce\u03bd \u03b3\u03b9\u03b1 Robust Mini RO - AirDrink","isPartOf":{"@id":"https:\/\/airdrink.fr\/#website"},"primaryImageOfPage":{"@id":"http:\/\/airdrink.fr\/el\/%cf%80%cf%81%ce%bf%cf%8a%cf%8c%ce%bd\/3-%ce%bc%ce%b5%ce%bc%ce%b2%cf%81%ce%ac%ce%bd%ce%b5%cf%82-%ce%b3%ce%b9%ce%b1-%ce%b9%cf%83%cf%87%cf%85%cf%81%ce%ae-%ce%bc%ce%af%ce%bd%ce%b9-%ce%bc%ce%bf%ce%bd%ce%ac%ce%b4%ce%b1-%ce%b1%ce%bd%cf%84%ce%af\/#primaryimage"},"image":{"@id":"http:\/\/airdrink.fr\/el\/%cf%80%cf%81%ce%bf%cf%8a%cf%8c%ce%bd\/3-%ce%bc%ce%b5%ce%bc%ce%b2%cf%81%ce%ac%ce%bd%ce%b5%cf%82-%ce%b3%ce%b9%ce%b1-%ce%b9%cf%83%cf%87%cf%85%cf%81%ce%ae-%ce%bc%ce%af%ce%bd%ce%b9-%ce%bc%ce%bf%ce%bd%ce%ac%ce%b4%ce%b1-%ce%b1%ce%bd%cf%84%ce%af\/#primaryimage"},"thumbnailUrl":"https:\/\/airdrink.fr\/wp-content\/uploads\/2025\/10\/3-membranes-ecosoft.png","datePublished":"2025-09-23T14:19:38+00:00","dateModified":"2025-10-18T09:30:47+00:00","breadcrumb":{"@id":"http:\/\/airdrink.fr\/el\/%cf%80%cf%81%ce%bf%cf%8a%cf%8c%ce%bd\/3-%ce%bc%ce%b5%ce%bc%ce%b2%cf%81%ce%ac%ce%bd%ce%b5%cf%82-%ce%b3%ce%b9%ce%b1-%ce%b9%cf%83%cf%87%cf%85%cf%81%ce%ae-%ce%bc%ce%af%ce%bd%ce%b9-%ce%bc%ce%bf%ce%bd%ce%ac%ce%b4%ce%b1-%ce%b1%ce%bd%cf%84%ce%af\/#breadcrumb"},"inLanguage":"el","potentialAction":[{"@type":"ReadAction","target":["http:\/\/airdrink.fr\/el\/%cf%80%cf%81%ce%bf%cf%8a%cf%8c%ce%bd\/3-%ce%bc%ce%b5%ce%bc%ce%b2%cf%81%ce%ac%ce%bd%ce%b5%cf%82-%ce%b3%ce%b9%ce%b1-%ce%b9%cf%83%cf%87%cf%85%cf%81%ce%ae-%ce%bc%ce%af%ce%bd%ce%b9-%ce%bc%ce%bf%ce%bd%ce%ac%ce%b4%ce%b1-%ce%b1%ce%bd%cf%84%ce%af\/"]}]},{"@type":"ImageObject","inLanguage":"el","@id":"http:\/\/airdrink.fr\/el\/%cf%80%cf%81%ce%bf%cf%8a%cf%8c%ce%bd\/3-%ce%bc%ce%b5%ce%bc%ce%b2%cf%81%ce%ac%ce%bd%ce%b5%cf%82-%ce%b3%ce%b9%ce%b1-%ce%b9%cf%83%cf%87%cf%85%cf%81%ce%ae-%ce%bc%ce%af%ce%bd%ce%b9-%ce%bc%ce%bf%ce%bd%ce%ac%ce%b4%ce%b1-%ce%b1%ce%bd%cf%84%ce%af\/#primaryimage","url":"https:\/\/airdrink.fr\/wp-content\/uploads\/2025\/10\/3-membranes-ecosoft.png","contentUrl":"https:\/\/airdrink.fr\/wp-content\/uploads\/2025\/10\/3-membranes-ecosoft.png","width":1228,"height":819},{"@type":"BreadcrumbList","@id":"http:\/\/airdrink.fr\/el\/%cf%80%cf%81%ce%bf%cf%8a%cf%8c%ce%bd\/3-%ce%bc%ce%b5%ce%bc%ce%b2%cf%81%ce%ac%ce%bd%ce%b5%cf%82-%ce%b3%ce%b9%ce%b1-%ce%b9%cf%83%cf%87%cf%85%cf%81%ce%ae-%ce%bc%ce%af%ce%bd%ce%b9-%ce%bc%ce%bf%ce%bd%ce%ac%ce%b4%ce%b1-%ce%b1%ce%bd%cf%84%ce%af\/#breadcrumb","itemListElement":[{"@type":"ListItem","position":1,"name":"Accueil","item":"https:\/\/airdrink.fr\/"},{"@type":"ListItem","position":2,"name":"Boutique","item":"https:\/\/airdrink.fr\/boutique\/"},{"@type":"ListItem","position":3,"name":"kit de 3 Membranes pour Osmoseur Robust Mini"}]},{"@type":"WebSite","@id":"https:\/\/airdrink.fr\/#website","url":"https:\/\/airdrink.fr\/","name":"AirDrink - \u03bd\u03b5\u03c1\u03cc \u03b1\u03c0\u03cc \u03c4\u03bf\u03bd \u03b1\u03ad\u03c1\u03b1!","description":"Airdrink, \u03bd\u03b5\u03c1\u03cc \u03b1\u03c0\u03cc \u03c4\u03bf\u03bd \u03b1\u03ad\u03c1\u03b1!","publisher":{"@id":"https:\/\/airdrink.fr\/#organization"},"potentialAction":[{"@type":"SearchAction","target":{"@type":"EntryPoint","urlTemplate":"https:\/\/airdrink.fr\/?s={search_term_string}"},"query-input":{"@type":"PropertyValueSpecification","valueRequired":true,"valueName":"search_term_string"}}],"inLanguage":"el"},{"@type":"Organization","@id":"https:\/\/airdrink.fr\/#organization","name":"AirDrink - \u03bd\u03b5\u03c1\u03cc \u03b1\u03c0\u03cc \u03c4\u03bf\u03bd \u03b1\u03ad\u03c1\u03b1!","url":"https:\/\/airdrink.fr\/","logo":{"@type":"ImageObject","inLanguage":"el","@id":"https:\/\/airdrink.fr\/#\/schema\/logo\/image\/","url":"https:\/\/airdrink.fr\/wp-content\/uploads\/2023\/03\/cropped-logo-Airdrink-plus-HD-v1-3-300x203-1.png","contentUrl":"https:\/\/airdrink.fr\/wp-content\/uploads\/2023\/03\/cropped-logo-Airdrink-plus-HD-v1-3-300x203-1.png","width":300,"height":128,"caption":"AirDrink - de l'eau \u00e0 partir de l'air !"},"image":{"@id":"https:\/\/airdrink.fr\/#\/schema\/logo\/image\/"},"sameAs":["https:\/\/www.facebook.com\/airdrinkFrance\/","https:\/\/www.linkedin.com\/company\/pgsoft","https:\/\/www.youtube.com\/channel\/UCV0fIuMlZQZElbCWK93RP9A"]}]}},"_links":{"self":[{"href":"https:\/\/airdrink.fr\/el\/wp-json\/wp\/v2\/product\/3421","targetHints":{"allow":["GET"]}}],"collection":[{"href":"https:\/\/airdrink.fr\/el\/wp-json\/wp\/v2\/product"}],"about":[{"href":"https:\/\/airdrink.fr\/el\/wp-json\/wp\/v2\/types\/product"}],"version-history":[{"count":0,"href":"https:\/\/airdrink.fr\/el\/wp-json\/wp\/v2\/product\/3421\/revisions"}],"wp:featuredmedia":[{"embeddable":true,"href":"https:\/\/airdrink.fr\/el\/wp-json\/wp\/v2\/media\/3517"}],"wp:attachment":[{"href":"https:\/\/airdrink.fr\/el\/wp-json\/wp\/v2\/media?parent=3421"}],"wp:term":[{"taxonomy":"product_brand","embeddable":true,"href":"https:\/\/airdrink.fr\/el\/wp-json\/wp\/v2\/product_brand?post=3421"},{"taxonomy":"product_cat","embeddable":true,"href":"https:\/\/airdrink.fr\/el\/wp-json\/wp\/v2\/product_cat?post=3421"},{"taxonomy":"product_tag","embeddable":true,"href":"https:\/\/airdrink.fr\/el\/wp-json\/wp\/v2\/product_tag?post=3421"}],"curies":[{"name":"wp","href":"https:\/\/api.w.org\/{rel}","templated":true}]}}