{"id":107,"date":"2017-12-14T08:50:41","date_gmt":"2017-12-14T07:50:41","guid":{"rendered":"https:\/\/airdrink.fr\/?page_id=107"},"modified":"2025-09-04T10:05:20","modified_gmt":"2025-09-04T08:05:20","slug":"faq","status":"publish","type":"page","link":"https:\/\/airdrink.fr\/en\/faq\/","title":{"rendered":"FAQ"},"content":{"rendered":"<div class=\"wpb-content-wrapper\"><div data-vc-full-width=\"true\" data-vc-full-width-temp=\"true\" data-vc-full-width-init=\"false\" class=\"vc_row wpb_row vc_row-fluid shape_divider_top-none shape_divider_bottom-none\"><div class=\"wpb_column vc_column_container vc_col-sm-4 sc_layouts_column_icons_position_left\"><div class=\"vc_column-inner\"><div class=\"wpb_wrapper\"><div class=\"vc_empty_space  sc_height_medium\"   style=\"height: 32px\"><span class=\"vc_empty_space_inner\"><\/span><\/div><div id=\"sc_title_880646886\"\n\t\tclass=\"sc_title sc_title_default\"><h2 class=\"sc_item_title sc_title_title sc_align_left sc_item_title_style_default\"><span class=\"sc_item_title_text\">Compare models<\/span><\/h2><div class=\"sc_item_descr sc_title_descr sc_align_left\"><p>We want to provide you with the best possible solution for your needs, so compare!<\/p>\n<\/div><div class=\"sc_item_button sc_button_wrap sc_align_left\"><a href=\"\/en\/compare-atmospheric-water-generators\/\" id=\"sc_button_1996527560\" class=\"sc_button sc_button_default sc_item_button sc_item_button_default sc_title_button sc_button_size_normal sc_button_icon_left\"><span class=\"sc_button_text\"><span class=\"sc_button_title\">Compare models<\/span><\/span><!-- \/.sc_button_text --><\/a><!-- \/.sc_button --><\/div><!-- \/.sc_item_button --><\/div><!-- \/.sc_title --><div id=\"sc_title_96348632\"\n\t\tclass=\"sc_title sc_title_default\"><span class=\"sc_item_subtitle sc_title_subtitle sc_align_left sc_item_subtitle_above sc_item_title_style_default\">to help you<\/span><h2 class=\"sc_item_title sc_title_title sc_align_left sc_item_title_style_default\"><span class=\"sc_item_title_text\">Frequently asked questions<\/span><\/h2><div class=\"sc_item_descr sc_title_descr sc_align_left\"><p>Our Mission is to provide access to quality drinking water, at low cost, in a sustainable manner and in places where there is no access to water or energy.<\/p>\n<\/div><div class=\"sc_item_button sc_button_wrap sc_align_left\"><a href=\"\/en\/contact\/\" id=\"sc_button_1878793955\" class=\"sc_button sc_button_default sc_item_button sc_item_button_default sc_title_button sc_button_size_normal sc_button_icon_left\"><span class=\"sc_button_text\"><span class=\"sc_button_title\">Contact us<\/span><\/span><!-- \/.sc_button_text --><\/a><!-- \/.sc_button --><\/div><!-- \/.sc_item_button --><\/div><!-- \/.sc_title --><div class=\"vc_empty_space  sc_height_tiny\"   style=\"height: 32px\"><span class=\"vc_empty_space_inner\"><\/span><\/div><\/div><\/div><\/div><div class=\"wpb_column vc_column_container vc_col-sm-8 sc_layouts_column_icons_position_left\"><div class=\"vc_column-inner\"><div class=\"wpb_wrapper\"><div id=\"sc_content_1346582748\"\n\t\tclass=\"sc_content sc_content_default sc_float_center add_shadow  vc_custom_1545256880849\"><div class=\"sc_content_container\"><div  class=\"vc_do_toggle vc_toggle vc_toggle_arrow vc_toggle_color_default  vc_toggle_size_sm vc_toggle_active\"><div class=\"vc_toggle_title\"><h6 style=\"font-size: 1.22em;text-align: left\" class=\"vc_custom_heading vc_do_custom_heading\" >It sounds too good to be true - do these machines really produce water from air?<\/h6><i class=\"vc_toggle_icon\"><\/i><\/div><div class=\"vc_toggle_content\"><p style=\"margin-top: 0cm;\">Our units generate fresh, mineralized drinking water from air humidity - zero toxins and zero by-products. Our machines are stocked in France and are not prototypes. With the exception of the C3 model, the other models in the range have all been in existence for more than 10 years and are constantly being improved.<\/p>\n<\/div><\/div><div  class=\"vc_do_toggle vc_toggle vc_toggle_arrow vc_toggle_color_default  vc_toggle_size_sm\"><div class=\"vc_toggle_title\"><h6 style=\"font-size: 1.22em;text-align: left\" class=\"vc_custom_heading vc_do_custom_heading\" >With so much pollution in the air, is the water in the Airdrink Generator really safe to drink?<\/h6><i class=\"vc_toggle_icon\"><\/i><\/div><div class=\"vc_toggle_content\"><p style=\"margin-top: 0cm;\">Yes, our water is of the highest quality - air pollution has no impact on the quality and cleanliness of our water. The water is pure to begin with because it is in our atmosphere in the form of water vapor and is then condensed from gas to liquid. The water vapor is drawn through an air filter before being treated with ozone, infused with essential minerals and made clean and healthy with a truly refreshing taste.<\/p>\n<\/div><\/div><div  class=\"vc_do_toggle vc_toggle vc_toggle_arrow vc_toggle_color_default  vc_toggle_size_sm\"><div class=\"vc_toggle_title\"><h6 style=\"font-size: 1.22em;text-align: left\" class=\"vc_custom_heading vc_do_custom_heading\" >Doesn't extracting moisture from the air harm the atmosphere?<\/h6><i class=\"vc_toggle_icon\"><\/i><\/div><div class=\"vc_toggle_content\"><p>The atmosphere is constantly replenished by water that evaporates into the air en masse and does not dry out. In fact, the Airdrink Generator has much less impact on the environment because it does not tap into groundwater and other fresh water resources that are in relatively short supply and at risk of being depleted or contaminated.<\/p>\n<\/div><\/div><div  class=\"vc_do_toggle vc_toggle vc_toggle_arrow vc_toggle_color_default  vc_toggle_size_sm\"><div class=\"vc_toggle_title\"><h6 style=\"font-size: 1.22em;text-align: left\" class=\"vc_custom_heading vc_do_custom_heading\" >How can I buy an AirDrink \/ DrinkableAir machine?<\/h6><i class=\"vc_toggle_icon\"><\/i><\/div><div class=\"vc_toggle_content\"><p style=\"margin: 0cm; margin-bottom: .0001pt;\">All the solutions offered on the site are in stock and can be ordered via the \"Shop\" menu.<\/p>\n<\/div><\/div><div  class=\"vc_do_toggle vc_toggle vc_toggle_arrow vc_toggle_color_default  vc_toggle_size_sm\"><div class=\"vc_toggle_title\"><h6 style=\"font-size: 1.22em;text-align: left\" class=\"vc_custom_heading vc_do_custom_heading\" >What are the advantages of atmospheric water produced by an Airdrink Generator?<\/h6><i class=\"vc_toggle_icon\"><\/i><\/div><div class=\"vc_toggle_content\"><p style=\"margin-top: 0cm;\">Using our units puts your health and the health of our planet first by avoiding harmful drinking water contaminants and single-use plastics.<br \/>\nOur units offer the advantage of producing high quality water close to the place of consumption and in a sustainable way.<\/p>\n<\/div><\/div><div  class=\"vc_do_toggle vc_toggle vc_toggle_arrow vc_toggle_color_default  vc_toggle_size_sm\"><div class=\"vc_toggle_title\"><h6 style=\"font-size: 1.22em;text-align: left\" class=\"vc_custom_heading vc_do_custom_heading\" >Why should I switch to Airdrink atmospheric water? What's wrong with the tap water or bottled water I currently use?<\/h6><i class=\"vc_toggle_icon\"><\/i><\/div><div class=\"vc_toggle_content\"><p>Tap water is known to contain contaminants in some cases that can have adverse health effects. In addition, bottled water introduces new contaminants into the water from the chemicals involved in the packaging process as well as the plastic itself. Minimizing the use of tap water and bottled water is a step towards a healthier lifestyle.<\/p>\n<\/div><\/div><div  class=\"vc_do_toggle vc_toggle vc_toggle_arrow vc_toggle_color_default  vc_toggle_size_sm\"><div class=\"vc_toggle_title\"><h6 style=\"font-size: 1.22em;text-align: left\" class=\"vc_custom_heading vc_do_custom_heading\" >How are bacteria eliminated when water is stored for weeks?<\/h6><i class=\"vc_toggle_icon\"><\/i><\/div><div class=\"vc_toggle_content\"><p style=\"margin-top: 0cm;\">The water generated by our units uses an ozone treatment process and is infused with essential minerals - magnesium and calcium - to produce alkaline water with a stabilized pH of 7.6 to 8.1.<\/p>\n<\/div><\/div><div  class=\"vc_do_toggle vc_toggle vc_toggle_arrow vc_toggle_color_default  vc_toggle_size_sm\"><div class=\"vc_toggle_title\"><h6 style=\"font-size: 1.22em;text-align: left\" class=\"vc_custom_heading vc_do_custom_heading\" >What is the maintenance process? Who does it and how often is it needed?<\/h6><i class=\"vc_toggle_icon\"><\/i><\/div><div class=\"vc_toggle_content\"><p style=\"margin-top: 0cm;\">Airdrink Generators use filters to manage water quality, and require periodic replacement every 4 to 6 months (depending on ambient air quality and the amount of water used). There is an air filter upstream of the suction system, and there are two water filters that treat and infuse the water with essential minerals. Maintenance is minimal - changing the filters is as easy as changing a light bulb.<br \/>\nPlease see the unit information on C3 and C8 for more details.<br \/>\nPlease visit the \"Shop\" section to purchase filters.<br \/>\nPlease contact us for any further questions<\/p>\n<\/div><\/div><div  class=\"vc_do_toggle vc_toggle vc_toggle_arrow vc_toggle_color_default  vc_toggle_size_sm\"><div class=\"vc_toggle_title\"><h6 style=\"font-size: 1.22em;text-align: left\" class=\"vc_custom_heading vc_do_custom_heading\" >Do you deliver worldwide?<\/h6><i class=\"vc_toggle_icon\"><\/i><\/div><div class=\"vc_toggle_content\"><p>Yes, we deliver almost everywhere in the world, especially to the French overseas departments and territories (DOM TOM), Mayotte, La R\u00e9union, Martinique and Guadeloupe, mainly by air.<\/p>\n<\/div><\/div><div  class=\"vc_do_toggle vc_toggle vc_toggle_arrow vc_toggle_color_default  vc_toggle_size_sm\"><div class=\"vc_toggle_title\"><h6 style=\"font-size: 1.22em;text-align: left\" class=\"vc_custom_heading vc_do_custom_heading\" >How is your machine different from a dehumidifier? Does it mineralize the water?<\/h6><i class=\"vc_toggle_icon\"><\/i><\/div><div class=\"vc_toggle_content\"><p>In terms of water creation, Airdrink machines have a number of similarities to dehumidifiers. But when you get into the details, there are a lot of differences that make the comparison inaccurate. Airdrink machines produce potable water. This means that we have chosen components that are suitable for contact with drinking water and have implemented multiple filtration and mineralization processes.<\/p>\n<p>Finally, intelligent electronics ensure that you don't have to worry about anything: when the tank is full, the machine stops producing water, and as soon as you use it, it starts to produce water again. Finally, at regular intervals, our patented enviroguard ozone device ensures that no bacteria appear.<\/p>\n<\/div><\/div><div  class=\"vc_do_toggle vc_toggle vc_toggle_arrow vc_toggle_color_default  vc_toggle_size_sm\"><div class=\"vc_toggle_title\"><h6 style=\"font-size: 1.22em;text-align: left\" class=\"vc_custom_heading vc_do_custom_heading\" >Does the water contain fluoride?<\/h6><i class=\"vc_toggle_icon\"><\/i><\/div><div class=\"vc_toggle_content\"><p style=\"margin-top: 0cm;\">No, our units generate water that is free of toxins and contaminants - no fluoride or chlorine is used in our AWG process.<\/p>\n<\/div><\/div><div  class=\"vc_do_toggle vc_toggle vc_toggle_arrow vc_toggle_color_default  vc_toggle_size_sm\"><div class=\"vc_toggle_title\"><h6 style=\"font-size: 1.22em;text-align: left\" class=\"vc_custom_heading vc_do_custom_heading\" >Are there any limits to the functionality of the units?<\/h6><i class=\"vc_toggle_icon\"><\/i><\/div><div class=\"vc_toggle_content\"><p>Airdrink Solutions require a power source to operate - power outlets, generators and solar systems will work as long as they provide the necessary energy requirements for each unit. In addition, our units require a minimum relative humidity level of 35% to produce efficiently.<br \/>\nPlease see the unit information on C3 and C8 for more details.<\/p>\n<\/div><\/div><div  class=\"vc_do_toggle vc_toggle vc_toggle_arrow vc_toggle_color_default  vc_toggle_size_sm\"><div class=\"vc_toggle_title\"><h6 style=\"font-size: 1.22em;text-align: left\" class=\"vc_custom_heading vc_do_custom_heading\" >What is the price of the water produced?<\/h6><i class=\"vc_toggle_icon\"><\/i><\/div><div class=\"vc_toggle_content\"><p>The cost of the water produced depends essentially on the price of electricity and climatic conditions. The cost price per liter of water will therefore essentially depend on the location of the site. But in general, our water will be 20 to 30% cheaper than bottled mineral water (a calculation that includes the cost of machine acquisition and maintenance, and electricity), and even more so if the solutions are based on photovoltaic energy.<\/p>\n<\/div><\/div><\/div><\/div><!-- \/.sc_content --><\/div><\/div><\/div><\/div><div class=\"vc_row-full-width vc_clearfix\"><\/div>\n<\/div>","protected":false},"excerpt":{"rendered":"Comparer les mod\u00e8lesNous souhaitons vous fournir la meilleure solution possible en fonction de vos besoins,&hellip;","protected":false},"author":1,"featured_media":0,"parent":0,"menu_order":0,"comment_status":"closed","ping_status":"closed","template":"","meta":{"_angie_page":false,"footnotes":""},"class_list":["post-107","page","type-page","status-publish","hentry"],"yoast_head":"<!-- This site is optimized with the Yoast SEO plugin v27.4 - https:\/\/yoast.com\/product\/yoast-seo-wordpress\/ -->\n<title>FAQ - AirDrink<\/title>\n<meta name=\"description\" content=\"AIRDRINK propose des solutions uniques etinnovantes qui produisent \u00e0 partir de l\u2019humidit\u00e9 de l\u2019air une eau potable, fraiche etmin\u00e9ralis\u00e9e ! Ce proc\u00e9d\u00e9 unique s\u2019appelle \u00abG\u00e9n\u00e9rateur d\u2019eau Atmosph\u00e9rique\u00bb.Nos solutions sont compl\u00e9mentaires aux diff\u00e9rents moyens d\u2019acc\u00e8s \u00e0 l\u2019eaupotable mais et permettent un acc\u00e8s infini \u00e0 l\u2019eau au plus proche du lieu deconsommation.\" \/>\n<meta name=\"robots\" content=\"index, follow, max-snippet:-1, max-image-preview:large, max-video-preview:-1\" \/>\n<link rel=\"canonical\" href=\"https:\/\/airdrink.fr\/en\/faq\/\" \/>\n<meta property=\"og:locale\" content=\"en_US\" \/>\n<meta property=\"og:type\" content=\"article\" \/>\n<meta property=\"og:title\" content=\"FAQ - AirDrink\" \/>\n<meta property=\"og:description\" content=\"AIRDRINK propose des solutions uniques etinnovantes qui produisent \u00e0 partir de l\u2019humidit\u00e9 de l\u2019air une eau potable, fraiche etmin\u00e9ralis\u00e9e ! Ce proc\u00e9d\u00e9 unique s\u2019appelle \u00abG\u00e9n\u00e9rateur d\u2019eau Atmosph\u00e9rique\u00bb.Nos solutions sont compl\u00e9mentaires aux diff\u00e9rents moyens d\u2019acc\u00e8s \u00e0 l\u2019eaupotable mais et permettent un acc\u00e8s infini \u00e0 l\u2019eau au plus proche du lieu deconsommation.\" \/>\n<meta property=\"og:url\" content=\"https:\/\/airdrink.fr\/en\/faq\/\" \/>\n<meta property=\"og:site_name\" content=\"AirDrink\" \/>\n<meta property=\"article:publisher\" content=\"https:\/\/www.facebook.com\/airdrinkFrance\/\" \/>\n<meta property=\"article:modified_time\" content=\"2025-09-04T08:05:20+00:00\" \/>\n<meta name=\"twitter:card\" content=\"summary_large_image\" \/>\n<meta name=\"twitter:label1\" content=\"Est. reading time\" \/>\n\t<meta name=\"twitter:data1\" content=\"6 minutes\" \/>\n<script type=\"application\/ld+json\" class=\"yoast-schema-graph\">{\"@context\":\"https:\\\/\\\/schema.org\",\"@graph\":[{\"@type\":\"WebPage\",\"@id\":\"https:\\\/\\\/airdrink.fr\\\/faq\\\/\",\"url\":\"https:\\\/\\\/airdrink.fr\\\/faq\\\/\",\"name\":\"FAQ - AirDrink\",\"isPartOf\":{\"@id\":\"https:\\\/\\\/airdrink.fr\\\/#website\"},\"datePublished\":\"2017-12-14T07:50:41+00:00\",\"dateModified\":\"2025-09-04T08:05:20+00:00\",\"description\":\"AIRDRINK propose des solutions uniques etinnovantes qui produisent \u00e0 partir de l\u2019humidit\u00e9 de l\u2019air une eau potable, fraiche etmin\u00e9ralis\u00e9e ! Ce proc\u00e9d\u00e9 unique s\u2019appelle \u00abG\u00e9n\u00e9rateur d\u2019eau Atmosph\u00e9rique\u00bb.Nos solutions sont compl\u00e9mentaires aux diff\u00e9rents moyens d\u2019acc\u00e8s \u00e0 l\u2019eaupotable mais et permettent un acc\u00e8s infini \u00e0 l\u2019eau au plus proche du lieu deconsommation.\",\"breadcrumb\":{\"@id\":\"https:\\\/\\\/airdrink.fr\\\/faq\\\/#breadcrumb\"},\"inLanguage\":\"en-US\",\"potentialAction\":[{\"@type\":\"ReadAction\",\"target\":[\"https:\\\/\\\/airdrink.fr\\\/faq\\\/\"]}]},{\"@type\":\"BreadcrumbList\",\"@id\":\"https:\\\/\\\/airdrink.fr\\\/faq\\\/#breadcrumb\",\"itemListElement\":[{\"@type\":\"ListItem\",\"position\":1,\"name\":\"Accueil\",\"item\":\"https:\\\/\\\/airdrink.fr\\\/\"},{\"@type\":\"ListItem\",\"position\":2,\"name\":\"FAQ\"}]},{\"@type\":\"WebSite\",\"@id\":\"https:\\\/\\\/airdrink.fr\\\/#website\",\"url\":\"https:\\\/\\\/airdrink.fr\\\/\",\"name\":\"AirDrink - de l'eau \u00e0 partir de l'air !\",\"description\":\"Airdrink, de l'eau &agrave; partir de l'air !\",\"publisher\":{\"@id\":\"https:\\\/\\\/airdrink.fr\\\/#organization\"},\"potentialAction\":[{\"@type\":\"SearchAction\",\"target\":{\"@type\":\"EntryPoint\",\"urlTemplate\":\"https:\\\/\\\/airdrink.fr\\\/?s={search_term_string}\"},\"query-input\":{\"@type\":\"PropertyValueSpecification\",\"valueRequired\":true,\"valueName\":\"search_term_string\"}}],\"inLanguage\":\"en-US\"},{\"@type\":\"Organization\",\"@id\":\"https:\\\/\\\/airdrink.fr\\\/#organization\",\"name\":\"AirDrink - de l'eau \u00e0 partir de l'air !\",\"url\":\"https:\\\/\\\/airdrink.fr\\\/\",\"logo\":{\"@type\":\"ImageObject\",\"inLanguage\":\"en-US\",\"@id\":\"https:\\\/\\\/airdrink.fr\\\/#\\\/schema\\\/logo\\\/image\\\/\",\"url\":\"https:\\\/\\\/airdrink.fr\\\/wp-content\\\/uploads\\\/2023\\\/03\\\/cropped-logo-Airdrink-plus-HD-v1-3-300x203-1.png\",\"contentUrl\":\"https:\\\/\\\/airdrink.fr\\\/wp-content\\\/uploads\\\/2023\\\/03\\\/cropped-logo-Airdrink-plus-HD-v1-3-300x203-1.png\",\"width\":300,\"height\":128,\"caption\":\"AirDrink - de l'eau \u00e0 partir de l'air !\"},\"image\":{\"@id\":\"https:\\\/\\\/airdrink.fr\\\/#\\\/schema\\\/logo\\\/image\\\/\"},\"sameAs\":[\"https:\\\/\\\/www.facebook.com\\\/airdrinkFrance\\\/\",\"https:\\\/\\\/www.linkedin.com\\\/company\\\/pgsoft\",\"https:\\\/\\\/www.youtube.com\\\/channel\\\/UCV0fIuMlZQZElbCWK93RP9A\"]}]}<\/script>\n<!-- \/ Yoast SEO plugin. -->","yoast_head_json":{"title":"FAQ - AirDrink","description":"AIRDRINK offers unique and innovative solutions that produce fresh and mineralized drinking water from the humidity in the air! This unique process is called \"Atmospheric Water Generator\". Our solutions are complementary to the different means of access to drinking water and allow an infinite access to water close to the place of consumption.","robots":{"index":"index","follow":"follow","max-snippet":"max-snippet:-1","max-image-preview":"max-image-preview:large","max-video-preview":"max-video-preview:-1"},"canonical":"https:\/\/airdrink.fr\/en\/faq\/","og_locale":"en_US","og_type":"article","og_title":"FAQ - AirDrink","og_description":"AIRDRINK propose des solutions uniques etinnovantes qui produisent \u00e0 partir de l\u2019humidit\u00e9 de l\u2019air une eau potable, fraiche etmin\u00e9ralis\u00e9e ! Ce proc\u00e9d\u00e9 unique s\u2019appelle \u00abG\u00e9n\u00e9rateur d\u2019eau Atmosph\u00e9rique\u00bb.Nos solutions sont compl\u00e9mentaires aux diff\u00e9rents moyens d\u2019acc\u00e8s \u00e0 l\u2019eaupotable mais et permettent un acc\u00e8s infini \u00e0 l\u2019eau au plus proche du lieu deconsommation.","og_url":"https:\/\/airdrink.fr\/en\/faq\/","og_site_name":"AirDrink","article_publisher":"https:\/\/www.facebook.com\/airdrinkFrance\/","article_modified_time":"2025-09-04T08:05:20+00:00","twitter_card":"summary_large_image","twitter_misc":{"Est. reading time":"6 minutes"},"schema":{"@context":"https:\/\/schema.org","@graph":[{"@type":"WebPage","@id":"https:\/\/airdrink.fr\/faq\/","url":"https:\/\/airdrink.fr\/faq\/","name":"FAQ - AirDrink","isPartOf":{"@id":"https:\/\/airdrink.fr\/#website"},"datePublished":"2017-12-14T07:50:41+00:00","dateModified":"2025-09-04T08:05:20+00:00","description":"AIRDRINK offers unique and innovative solutions that produce fresh and mineralized drinking water from the humidity in the air! This unique process is called \"Atmospheric Water Generator\". Our solutions are complementary to the different means of access to drinking water and allow an infinite access to water close to the place of consumption.","breadcrumb":{"@id":"https:\/\/airdrink.fr\/faq\/#breadcrumb"},"inLanguage":"en-US","potentialAction":[{"@type":"ReadAction","target":["https:\/\/airdrink.fr\/faq\/"]}]},{"@type":"BreadcrumbList","@id":"https:\/\/airdrink.fr\/faq\/#breadcrumb","itemListElement":[{"@type":"ListItem","position":1,"name":"Accueil","item":"https:\/\/airdrink.fr\/"},{"@type":"ListItem","position":2,"name":"FAQ"}]},{"@type":"WebSite","@id":"https:\/\/airdrink.fr\/#website","url":"https:\/\/airdrink.fr\/","name":"AirDrink - water from the air!","description":"Airdrink, water from air!","publisher":{"@id":"https:\/\/airdrink.fr\/#organization"},"potentialAction":[{"@type":"SearchAction","target":{"@type":"EntryPoint","urlTemplate":"https:\/\/airdrink.fr\/?s={search_term_string}"},"query-input":{"@type":"PropertyValueSpecification","valueRequired":true,"valueName":"search_term_string"}}],"inLanguage":"en-US"},{"@type":"Organization","@id":"https:\/\/airdrink.fr\/#organization","name":"AirDrink - water from the air!","url":"https:\/\/airdrink.fr\/","logo":{"@type":"ImageObject","inLanguage":"en-US","@id":"https:\/\/airdrink.fr\/#\/schema\/logo\/image\/","url":"https:\/\/airdrink.fr\/wp-content\/uploads\/2023\/03\/cropped-logo-Airdrink-plus-HD-v1-3-300x203-1.png","contentUrl":"https:\/\/airdrink.fr\/wp-content\/uploads\/2023\/03\/cropped-logo-Airdrink-plus-HD-v1-3-300x203-1.png","width":300,"height":128,"caption":"AirDrink - de l'eau \u00e0 partir de l'air !"},"image":{"@id":"https:\/\/airdrink.fr\/#\/schema\/logo\/image\/"},"sameAs":["https:\/\/www.facebook.com\/airdrinkFrance\/","https:\/\/www.linkedin.com\/company\/pgsoft","https:\/\/www.youtube.com\/channel\/UCV0fIuMlZQZElbCWK93RP9A"]}]}},"_links":{"self":[{"href":"https:\/\/airdrink.fr\/en\/wp-json\/wp\/v2\/pages\/107","targetHints":{"allow":["GET"]}}],"collection":[{"href":"https:\/\/airdrink.fr\/en\/wp-json\/wp\/v2\/pages"}],"about":[{"href":"https:\/\/airdrink.fr\/en\/wp-json\/wp\/v2\/types\/page"}],"author":[{"embeddable":true,"href":"https:\/\/airdrink.fr\/en\/wp-json\/wp\/v2\/users\/1"}],"replies":[{"embeddable":true,"href":"https:\/\/airdrink.fr\/en\/wp-json\/wp\/v2\/comments?post=107"}],"version-history":[{"count":0,"href":"https:\/\/airdrink.fr\/en\/wp-json\/wp\/v2\/pages\/107\/revisions"}],"wp:attachment":[{"href":"https:\/\/airdrink.fr\/en\/wp-json\/wp\/v2\/media?parent=107"}],"curies":[{"name":"wp","href":"https:\/\/api.w.org\/{rel}","templated":true}]}}