{"id":3020,"date":"2024-12-17T08:33:47","date_gmt":"2024-12-17T06:33:47","guid":{"rendered":"https:\/\/airdrink.fr\/?page_id=3020"},"modified":"2025-10-22T16:15:16","modified_gmt":"2025-10-22T14:15:16","slug":"return-policy","status":"publish","type":"page","link":"https:\/\/airdrink.fr\/en\/politique-de-retour\/","title":{"rendered":"Return Policy"},"content":{"rendered":"<div class=\"wpb-content-wrapper\"><div class=\"vc_row wpb_row vc_row-fluid vc_custom_1541768449725 shape_divider_top-none shape_divider_bottom-none\"><div class=\"wpb_column vc_column_container vc_col-sm-12 sc_layouts_column_icons_position_left\"><div class=\"vc_column-inner\"><div class=\"wpb_wrapper\">\n\t<div class=\"wpb_text_column wpb_content_element\" >\n\t\t<div class=\"wpb_wrapper\">\n\t\t\t<div style=\"text-align: justify;\">\n<p><span style=\"color: #000000;\"><strong>RETURN AND REFUND POLICY<\/strong><\/span><\/p>\n<p><span style=\"color: #000000;\">For returns and refunds, you have 14 days from receipt of the items.<\/span><\/p>\n<p><span style=\"color: #000000;\">Send us an e-mail to the following address: <span style=\"color: #0000ff;\"><a style=\"color: #0000ff;\" title=\"Contact us\" href=\"https:\/\/shop.enesco.fr\/pages\/nous-contacter\" target=\"_blank\" rel=\"noreferrer noopener\">\u00a0<\/a><a style=\"color: #0000ff;\" title=\"Contact us\" href=\"https:\/\/airdrink.fr\/en\/contact\/\" target=\"_blank\" rel=\"noreferrer noopener\">contact@airdrink.fr<\/a><\/span> with a copy of your invoice, order number and the reason for your return request. Upon receipt, we will inform you of the necessary steps to take.<\/span><\/p>\n<p><span style=\"color: #000000;\">To qualify for a refund, your item must be unused and in the same condition as when you received it. It must also be in its original packaging.<\/span><\/p>\n<p><span style=\"color: #000000;\">You must be able to show us an invoice or proof of purchase, as well as proof of shipment if you are returning your order by carrier.<\/span><br \/>\n<span style=\"color: #000000;\">Otherwise, your order may not be refunded or exchanged.<\/span><\/p>\n<p><span style=\"color: #000000;\">To return an item, you must send it to the postal address below:<\/span><\/p>\n<p><span style=\"color: #000000;\">PGSOFT AIRDRINK<\/span><br \/>\n<span style=\"color: #000000;\">14 Chemin de la passerelle<\/span><br \/>\n<span style=\"color: #000000;\">13 720 LA BOUILLADISSE<\/span><\/p>\n<p><span style=\"color: #000000;\"><strong>You are responsible for paying the shipping costs.<\/strong><\/span><\/p>\n<p>&nbsp;<\/p>\n<p><span style=\"color: #000000;\"><strong>Items that cannot be returned or refunded :<\/strong><\/span><\/p>\n<p><span style=\"color: #000000;\">- Any item that is not in its original condition, is damaged or is missing parts for reasons that are not due to an error on our part.<\/span><\/p>\n<p><span style=\"color: #000000;\">- Any item that has been delivered for more than 14 days.<\/span><\/p>\n<p>&nbsp;<\/p>\n<p><span style=\"color: #000000;\"><strong>REIMBURSEMENTS<\/strong><\/span><\/p>\n<p><span style=\"color: #000000;\">Once we have received and inspected the returned item, we will send you an e-mail to inform you of our decision regarding the approval or rejection of your refund request.<\/span><\/p>\n<p><span style=\"color: #000000;\">If your request is approved, your refund will be processed and a credit will automatically be applied to your credit card or original payment method within 48 hours.<\/span><\/p>\n<p>&nbsp;<\/p>\n<p><span style=\"color: #000000;\"><strong>Late or missing refunds :<\/strong><\/span><\/p>\n<p><span style=\"color: #000000;\">If you have not yet received your refund, please check your bank account again first. Contact your credit card issuer and your bank, as there may be a delay before your refund is officially posted.<\/span><\/p>\n<p><span style=\"color: #000000;\">If after completing all these steps, you still have not received your refund, please contact us by e-mail at this address: <span style=\"color: #0000ff;\"><a style=\"color: #0000ff;\" title=\"Contact us\" href=\"https:\/\/airdrink.fr\/en\/contact\/\" target=\"_blank\" rel=\"noreferrer noopener\">contact@airdrink.fr<\/a><\/span><\/span><\/p>\n<p><span style=\"color: #000000;\"><strong>EXCHANGE<\/strong><\/span><\/p>\n<p><span style=\"color: #000000;\">We will only replace an item if it is faulty or damaged. If in this case you wish to exchange it for the same item, please send us an e-mail to the following address: <span style=\"color: #0000ff;\"><a style=\"color: #0000ff;\" title=\"Contact us\" href=\"https:\/\/shop.enesco.fr\/pages\/nous-contacter\" target=\"_blank\" rel=\"noreferrer noopener\">\u00a0<\/a><a style=\"color: #0000ff;\" title=\"Contact us\" href=\"https:\/\/airdrink.fr\/en\/contact\/\" target=\"_blank\" rel=\"noreferrer noopener\">contact@airdrink.fr<\/a><\/span><\/span><\/p>\n<p><span style=\"color: #000000;\">Defective items will be collected and replaced at our expense.<\/span><\/p>\n<p>&nbsp;<\/p>\n<\/div>\n<div style=\"text-align: justify;\"><\/div>\n<div style=\"text-align: justify;\"><\/div>\n\n\t\t<\/div>\n\t<\/div>\n<\/div><\/div><\/div><\/div>\n<\/div>","protected":false},"excerpt":{"rendered":"POLITIQUE DE RETOUR ET DE REMBOURSEMENT Pour tout\u00a0retour et demande de remboursement, vous disposez d'un&hellip;","protected":false},"author":1,"featured_media":0,"parent":0,"menu_order":0,"comment_status":"closed","ping_status":"closed","template":"","meta":{"_angie_page":false,"footnotes":""},"class_list":["post-3020","page","type-page","status-publish","hentry"],"yoast_head":"<!-- This site is optimized with the Yoast SEO plugin v27.5 - https:\/\/yoast.com\/product\/yoast-seo-wordpress\/ -->\n<title>Politique de Retour - AirDrink<\/title>\n<meta name=\"description\" content=\"AIRDRINK propose des solutions uniques etinnovantes qui produisent \u00e0 partir de l\u2019humidit\u00e9 de l\u2019air une eau potable, fraiche etmin\u00e9ralis\u00e9e ! Ce proc\u00e9d\u00e9 unique s\u2019appelle \u00abG\u00e9n\u00e9rateur d\u2019eau Atmosph\u00e9rique\u00bb.Nos solutions sont compl\u00e9mentaires aux diff\u00e9rents moyens d\u2019acc\u00e8s \u00e0 l\u2019eaupotable mais et permettent un acc\u00e8s infini \u00e0 l\u2019eau au plus proche du lieu deconsommation.\" \/>\n<meta name=\"robots\" content=\"index, follow, max-snippet:-1, max-image-preview:large, max-video-preview:-1\" \/>\n<link rel=\"canonical\" href=\"https:\/\/airdrink.fr\/en\/return-policy\/\" \/>\n<meta property=\"og:locale\" content=\"en_US\" \/>\n<meta property=\"og:type\" content=\"article\" \/>\n<meta property=\"og:title\" content=\"Politique de Retour - AirDrink\" \/>\n<meta property=\"og:description\" content=\"AIRDRINK propose des solutions uniques etinnovantes qui produisent \u00e0 partir de l\u2019humidit\u00e9 de l\u2019air une eau potable, fraiche etmin\u00e9ralis\u00e9e ! Ce proc\u00e9d\u00e9 unique s\u2019appelle \u00abG\u00e9n\u00e9rateur d\u2019eau Atmosph\u00e9rique\u00bb.Nos solutions sont compl\u00e9mentaires aux diff\u00e9rents moyens d\u2019acc\u00e8s \u00e0 l\u2019eaupotable mais et permettent un acc\u00e8s infini \u00e0 l\u2019eau au plus proche du lieu deconsommation.\" \/>\n<meta property=\"og:url\" content=\"https:\/\/airdrink.fr\/en\/return-policy\/\" \/>\n<meta property=\"og:site_name\" content=\"AirDrink\" \/>\n<meta property=\"article:publisher\" content=\"https:\/\/www.facebook.com\/airdrinkFrance\/\" \/>\n<meta property=\"article:modified_time\" content=\"2025-10-22T14:15:16+00:00\" \/>\n<meta name=\"twitter:card\" content=\"summary_large_image\" \/>\n<meta name=\"twitter:label1\" content=\"Est. reading time\" \/>\n\t<meta name=\"twitter:data1\" content=\"2 minutes\" \/>\n<script type=\"application\/ld+json\" class=\"yoast-schema-graph\">{\"@context\":\"https:\\\/\\\/schema.org\",\"@graph\":[{\"@type\":\"WebPage\",\"@id\":\"https:\\\/\\\/airdrink.fr\\\/politique-de-retour\\\/\",\"url\":\"https:\\\/\\\/airdrink.fr\\\/politique-de-retour\\\/\",\"name\":\"Politique de Retour - AirDrink\",\"isPartOf\":{\"@id\":\"https:\\\/\\\/airdrink.fr\\\/#website\"},\"datePublished\":\"2024-12-17T06:33:47+00:00\",\"dateModified\":\"2025-10-22T14:15:16+00:00\",\"description\":\"AIRDRINK propose des solutions uniques etinnovantes qui produisent \u00e0 partir de l\u2019humidit\u00e9 de l\u2019air une eau potable, fraiche etmin\u00e9ralis\u00e9e ! Ce proc\u00e9d\u00e9 unique s\u2019appelle \u00abG\u00e9n\u00e9rateur d\u2019eau Atmosph\u00e9rique\u00bb.Nos solutions sont compl\u00e9mentaires aux diff\u00e9rents moyens d\u2019acc\u00e8s \u00e0 l\u2019eaupotable mais et permettent un acc\u00e8s infini \u00e0 l\u2019eau au plus proche du lieu deconsommation.\",\"breadcrumb\":{\"@id\":\"https:\\\/\\\/airdrink.fr\\\/politique-de-retour\\\/#breadcrumb\"},\"inLanguage\":\"en-US\",\"potentialAction\":[{\"@type\":\"ReadAction\",\"target\":[\"https:\\\/\\\/airdrink.fr\\\/politique-de-retour\\\/\"]}]},{\"@type\":\"BreadcrumbList\",\"@id\":\"https:\\\/\\\/airdrink.fr\\\/politique-de-retour\\\/#breadcrumb\",\"itemListElement\":[{\"@type\":\"ListItem\",\"position\":1,\"name\":\"Accueil\",\"item\":\"https:\\\/\\\/airdrink.fr\\\/\"},{\"@type\":\"ListItem\",\"position\":2,\"name\":\"Politique de Retour\"}]},{\"@type\":\"WebSite\",\"@id\":\"https:\\\/\\\/airdrink.fr\\\/#website\",\"url\":\"https:\\\/\\\/airdrink.fr\\\/\",\"name\":\"AirDrink - de l'eau \u00e0 partir de l'air !\",\"description\":\"Airdrink, de l'eau &agrave; partir de l'air !\",\"publisher\":{\"@id\":\"https:\\\/\\\/airdrink.fr\\\/#organization\"},\"potentialAction\":[{\"@type\":\"SearchAction\",\"target\":{\"@type\":\"EntryPoint\",\"urlTemplate\":\"https:\\\/\\\/airdrink.fr\\\/?s={search_term_string}\"},\"query-input\":{\"@type\":\"PropertyValueSpecification\",\"valueRequired\":true,\"valueName\":\"search_term_string\"}}],\"inLanguage\":\"en-US\"},{\"@type\":\"Organization\",\"@id\":\"https:\\\/\\\/airdrink.fr\\\/#organization\",\"name\":\"AirDrink - de l'eau \u00e0 partir de l'air !\",\"url\":\"https:\\\/\\\/airdrink.fr\\\/\",\"logo\":{\"@type\":\"ImageObject\",\"inLanguage\":\"en-US\",\"@id\":\"https:\\\/\\\/airdrink.fr\\\/#\\\/schema\\\/logo\\\/image\\\/\",\"url\":\"https:\\\/\\\/airdrink.fr\\\/wp-content\\\/uploads\\\/2023\\\/03\\\/cropped-logo-Airdrink-plus-HD-v1-3-300x203-1.png\",\"contentUrl\":\"https:\\\/\\\/airdrink.fr\\\/wp-content\\\/uploads\\\/2023\\\/03\\\/cropped-logo-Airdrink-plus-HD-v1-3-300x203-1.png\",\"width\":300,\"height\":128,\"caption\":\"AirDrink - de l'eau \u00e0 partir de l'air !\"},\"image\":{\"@id\":\"https:\\\/\\\/airdrink.fr\\\/#\\\/schema\\\/logo\\\/image\\\/\"},\"sameAs\":[\"https:\\\/\\\/www.facebook.com\\\/airdrinkFrance\\\/\",\"https:\\\/\\\/www.linkedin.com\\\/company\\\/pgsoft\",\"https:\\\/\\\/www.youtube.com\\\/channel\\\/UCV0fIuMlZQZElbCWK93RP9A\"]}]}<\/script>\n<!-- \/ Yoast SEO plugin. -->","yoast_head_json":{"title":"Return Policy - AirDrink","description":"AIRDRINK offers unique and innovative solutions that produce fresh and mineralized drinking water from the humidity in the air! This unique process is called \"Atmospheric Water Generator\". Our solutions are complementary to the different means of access to drinking water and allow an infinite access to water close to the place of consumption.","robots":{"index":"index","follow":"follow","max-snippet":"max-snippet:-1","max-image-preview":"max-image-preview:large","max-video-preview":"max-video-preview:-1"},"canonical":"https:\/\/airdrink.fr\/en\/return-policy\/","og_locale":"en_US","og_type":"article","og_title":"Politique de Retour - AirDrink","og_description":"AIRDRINK propose des solutions uniques etinnovantes qui produisent \u00e0 partir de l\u2019humidit\u00e9 de l\u2019air une eau potable, fraiche etmin\u00e9ralis\u00e9e ! Ce proc\u00e9d\u00e9 unique s\u2019appelle \u00abG\u00e9n\u00e9rateur d\u2019eau Atmosph\u00e9rique\u00bb.Nos solutions sont compl\u00e9mentaires aux diff\u00e9rents moyens d\u2019acc\u00e8s \u00e0 l\u2019eaupotable mais et permettent un acc\u00e8s infini \u00e0 l\u2019eau au plus proche du lieu deconsommation.","og_url":"https:\/\/airdrink.fr\/en\/return-policy\/","og_site_name":"AirDrink","article_publisher":"https:\/\/www.facebook.com\/airdrinkFrance\/","article_modified_time":"2025-10-22T14:15:16+00:00","twitter_card":"summary_large_image","twitter_misc":{"Est. reading time":"2 minutes"},"schema":{"@context":"https:\/\/schema.org","@graph":[{"@type":"WebPage","@id":"https:\/\/airdrink.fr\/politique-de-retour\/","url":"https:\/\/airdrink.fr\/politique-de-retour\/","name":"Return Policy - AirDrink","isPartOf":{"@id":"https:\/\/airdrink.fr\/#website"},"datePublished":"2024-12-17T06:33:47+00:00","dateModified":"2025-10-22T14:15:16+00:00","description":"AIRDRINK offers unique and innovative solutions that produce fresh and mineralized drinking water from the humidity in the air! This unique process is called \"Atmospheric Water Generator\". Our solutions are complementary to the different means of access to drinking water and allow an infinite access to water close to the place of consumption.","breadcrumb":{"@id":"https:\/\/airdrink.fr\/politique-de-retour\/#breadcrumb"},"inLanguage":"en-US","potentialAction":[{"@type":"ReadAction","target":["https:\/\/airdrink.fr\/politique-de-retour\/"]}]},{"@type":"BreadcrumbList","@id":"https:\/\/airdrink.fr\/politique-de-retour\/#breadcrumb","itemListElement":[{"@type":"ListItem","position":1,"name":"Accueil","item":"https:\/\/airdrink.fr\/"},{"@type":"ListItem","position":2,"name":"Politique de Retour"}]},{"@type":"WebSite","@id":"https:\/\/airdrink.fr\/#website","url":"https:\/\/airdrink.fr\/","name":"AirDrink - water from the air!","description":"Airdrink, water from air!","publisher":{"@id":"https:\/\/airdrink.fr\/#organization"},"potentialAction":[{"@type":"SearchAction","target":{"@type":"EntryPoint","urlTemplate":"https:\/\/airdrink.fr\/?s={search_term_string}"},"query-input":{"@type":"PropertyValueSpecification","valueRequired":true,"valueName":"search_term_string"}}],"inLanguage":"en-US"},{"@type":"Organization","@id":"https:\/\/airdrink.fr\/#organization","name":"AirDrink - water from the air!","url":"https:\/\/airdrink.fr\/","logo":{"@type":"ImageObject","inLanguage":"en-US","@id":"https:\/\/airdrink.fr\/#\/schema\/logo\/image\/","url":"https:\/\/airdrink.fr\/wp-content\/uploads\/2023\/03\/cropped-logo-Airdrink-plus-HD-v1-3-300x203-1.png","contentUrl":"https:\/\/airdrink.fr\/wp-content\/uploads\/2023\/03\/cropped-logo-Airdrink-plus-HD-v1-3-300x203-1.png","width":300,"height":128,"caption":"AirDrink - de l'eau \u00e0 partir de l'air !"},"image":{"@id":"https:\/\/airdrink.fr\/#\/schema\/logo\/image\/"},"sameAs":["https:\/\/www.facebook.com\/airdrinkFrance\/","https:\/\/www.linkedin.com\/company\/pgsoft","https:\/\/www.youtube.com\/channel\/UCV0fIuMlZQZElbCWK93RP9A"]}]}},"_links":{"self":[{"href":"https:\/\/airdrink.fr\/en\/wp-json\/wp\/v2\/pages\/3020","targetHints":{"allow":["GET"]}}],"collection":[{"href":"https:\/\/airdrink.fr\/en\/wp-json\/wp\/v2\/pages"}],"about":[{"href":"https:\/\/airdrink.fr\/en\/wp-json\/wp\/v2\/types\/page"}],"author":[{"embeddable":true,"href":"https:\/\/airdrink.fr\/en\/wp-json\/wp\/v2\/users\/1"}],"replies":[{"embeddable":true,"href":"https:\/\/airdrink.fr\/en\/wp-json\/wp\/v2\/comments?post=3020"}],"version-history":[{"count":0,"href":"https:\/\/airdrink.fr\/en\/wp-json\/wp\/v2\/pages\/3020\/revisions"}],"wp:attachment":[{"href":"https:\/\/airdrink.fr\/en\/wp-json\/wp\/v2\/media?parent=3020"}],"curies":[{"name":"wp","href":"https:\/\/api.w.org\/{rel}","templated":true}]}}