{"id":4147,"date":"2026-04-09T13:21:24","date_gmt":"2026-04-09T12:21:24","guid":{"rendered":"https:\/\/airdrink.fr\/?page_id=4147"},"modified":"2026-04-11T09:36:39","modified_gmt":"2026-04-11T08:36:39","slug":"water-generator-in-guadeloupe-special-offer","status":"publish","type":"page","link":"https:\/\/airdrink.fr\/en\/generateur-deau-en-guadeloupe-offre-speciale\/","title":{"rendered":"C2 Water Generator in Guadeloupe \u2013 Special Offer!"},"content":{"rendered":"<div data-elementor-type=\"wp-page\" data-elementor-id=\"4147\" class=\"elementor elementor-4147\" data-elementor-post-type=\"page\">\n\t\t\t\t\t\t<div class=\"elementor-element elementor-element-b02234d e-con e-atomic-element e-flexbox-base\" data-id=\"b02234d\" data-element_type=\"e-flexbox\" data-e-type=\"e-flexbox\" data-interaction-id=\"b02234d\">\n\t\t\t\t\t\t\t<h2 \n\t\tdata-interaction-id=\"9c980bb\" \n\t\tclass=\"e-9c980bb-6750e03 e-heading-base\" \n\t\t \n\t\tdata-e-type=\"widget\" data-id=\"9c980bb\" \n\t>\n\t\n\t\t\tThe C2 Airdrink is available in Guadeloupe!&nbsp;\n\t\t<\/h2>\n\t\t\t\t<\/div>\n\t\t<div class=\"elementor-element elementor-element-12fe29c8 e-flex e-con-boxed e-con e-parent\" data-id=\"12fe29c8\" data-element_type=\"container\" data-e-type=\"container\">\n\t\t\t\t\t<div class=\"e-con-inner\">\n\t\t\t\t<div class=\"elementor-element elementor-element-25b09432 elementor-widget elementor-widget-text-editor\" data-id=\"25b09432\" data-element_type=\"widget\" data-e-type=\"widget\" data-widget_type=\"text-editor.default\">\n\t\t\t\t\t\t\t\t\t<p><strong style=\"font-family: 'Work Sans', sans-serif; font-size: 2.1rem; font-style: normal; letter-spacing: -0.021em;\">\u00a0<\/strong><\/p><p><strong style=\"font-family: 'Work Sans', sans-serif; font-size: 2.1rem; font-style: normal; letter-spacing: -0.021em;\">Exceptional promotion for Guadeloupe residents:<\/strong><\/p><p><strong style=\"font-family: 'Work Sans', sans-serif; font-size: 2.1rem; font-style: normal; letter-spacing: -0.021em;\">In 2026, your C2 generator will be available in Baie-Mahault, Guadeloupe for only 1450 euros including tax, VAT, and sea levy!<\/strong><\/p><p><span style=\"color: #1690f0; font-family: 'Work Sans', sans-serif; font-size: 1.44rem; font-style: normal; font-weight: bold; letter-spacing: -0.021em;\">To take advantage of this exceptional rate, it's very simple:<\/span><\/p><p><span style=\"color: #1690f0; font-family: 'Work Sans', sans-serif; font-size: 1.44rem; font-style: normal; font-weight: bold; letter-spacing: -0.021em;\">When validating your order, indicate <\/span><span style=\"font-family: 'Work Sans', sans-serif; font-size: 1.44rem; font-style: normal; font-weight: bold; letter-spacing: -0.021em; color: #339966;\">\u00abGUADELOUPE\u00bb<\/span><span style=\"color: #1690f0; font-family: 'Work Sans', sans-serif; font-size: 1.44rem; font-style: normal; font-weight: bold; letter-spacing: -0.021em;\"> in the field <\/span><span style=\"font-family: 'Work Sans', sans-serif; font-size: 1.44rem; font-style: normal; font-weight: bold; letter-spacing: -0.021em; color: #339966;\">\u00abCountry\u00bb<\/span><span style=\"color: #1690f0; font-family: 'Work Sans', sans-serif; font-size: 1.44rem; font-style: normal; font-weight: bold; letter-spacing: -0.021em;\">.<\/span><\/p>\t\t\t\t\t\t\t\t<\/div>\n\t\t\t\t\t<\/div>\n\t\t\t\t<\/div>\n\t\t<div class=\"elementor-element elementor-element-68d6896 e-flex e-con-boxed e-con e-parent\" data-id=\"68d6896\" data-element_type=\"container\" data-e-type=\"container\">\n\t\t\t\t\t<div class=\"e-con-inner\">\n\t\t\t\t<div class=\"elementor-element elementor-element-d7d2468 elementor-widget elementor-widget-button\" data-id=\"d7d2468\" data-element_type=\"widget\" data-e-type=\"widget\" data-widget_type=\"button.default\">\n\t\t\t\t\t\t\t\t\t\t<a class=\"elementor-button elementor-button-link elementor-size-sm\" href=\"https:\/\/airdrink.fr\/en\/product\/c2-little-water-generator-personal-atmosphere-3-a-10-liters-of-pure-water-per-day\/\">\n\t\t\t\t\t\t<span class=\"elementor-button-content-wrapper\">\n\t\t\t\t\t\t\t\t\t<span class=\"elementor-button-text\">Return to C2<\/span>\n\t\t\t\t\t<\/span>\n\t\t\t\t\t<\/a>\n\t\t\t\t\t\t\t\t<\/div>\n\t\t\t\t\t<\/div>\n\t\t\t\t<\/div>\n\t\t<div class=\"elementor-element elementor-element-7af4011 e-flex e-con-boxed e-con e-parent\" data-id=\"7af4011\" data-element_type=\"container\" data-e-type=\"container\">\n\t\t\t\t\t<div class=\"e-con-inner\">\n\t\t<div class=\"elementor-element elementor-element-1d07b1d e-con-full e-flex e-con e-child\" data-id=\"1d07b1d\" data-element_type=\"container\" data-e-type=\"container\">\n\t\t\t\t<\/div>\n\t\t<div class=\"elementor-element elementor-element-e006058 e-con-full e-flex e-con e-child\" data-id=\"e006058\" data-element_type=\"container\" data-e-type=\"container\">\n\t\t\t\t<\/div>\n\t\t<div class=\"elementor-element elementor-element-71093b2 e-con-full e-flex e-con e-child\" data-id=\"71093b2\" data-element_type=\"container\" data-e-type=\"container\">\n\t\t\t\t<div class=\"elementor-element elementor-element-e1f961b elementor-widget__width-initial elementor-widget elementor-widget-image\" data-id=\"e1f961b\" data-element_type=\"widget\" data-e-type=\"widget\" data-widget_type=\"image.default\">\n\t\t\t\t\t\t\t\t\t\t\t\t\t\t\t<img fetchpriority=\"high\" decoding=\"async\" width=\"1015\" height=\"1024\" src=\"https:\/\/airdrink.fr\/wp-content\/uploads\/2026\/04\/C2-FILTRES-1015x1024.jpg\" class=\"attachment-large size-large wp-image-4164\" alt=\"\" srcset=\"https:\/\/airdrink.fr\/wp-content\/uploads\/2026\/04\/C2-FILTRES-1015x1024.jpg 1015w, https:\/\/airdrink.fr\/wp-content\/uploads\/2026\/04\/C2-FILTRES-400x403.jpg 400w, https:\/\/airdrink.fr\/wp-content\/uploads\/2026\/04\/C2-FILTRES-150x150.jpg 150w, https:\/\/airdrink.fr\/wp-content\/uploads\/2026\/04\/C2-FILTRES-600x605.jpg 600w, https:\/\/airdrink.fr\/wp-content\/uploads\/2026\/04\/C2-FILTRES-297x300.jpg 297w, https:\/\/airdrink.fr\/wp-content\/uploads\/2026\/04\/C2-FILTRES-768x775.jpg 768w, https:\/\/airdrink.fr\/wp-content\/uploads\/2026\/04\/C2-FILTRES-12x12.jpg 12w, https:\/\/airdrink.fr\/wp-content\/uploads\/2026\/04\/C2-FILTRES-370x373.jpg 370w, https:\/\/airdrink.fr\/wp-content\/uploads\/2026\/04\/C2-FILTRES-496x500.jpg 496w, https:\/\/airdrink.fr\/wp-content\/uploads\/2026\/04\/C2-FILTRES-120x120.jpg 120w, https:\/\/airdrink.fr\/wp-content\/uploads\/2026\/04\/C2-FILTRES-760x767.jpg 760w, https:\/\/airdrink.fr\/wp-content\/uploads\/2026\/04\/C2-FILTRES.jpg 1145w\" sizes=\"(max-width: 1015px) 100vw, 1015px\" \/>\t\t\t\t\t\t\t\t\t\t\t\t\t\t\t<\/div>\n\t\t\t\t<\/div>\n\t\t<div class=\"elementor-element elementor-element-70c517c e-con-full e-flex e-con e-child\" data-id=\"70c517c\" data-element_type=\"container\" data-e-type=\"container\">\n\t\t\t\t<div class=\"elementor-element elementor-element-440937b elementor-widget__width-initial elementor-widget elementor-widget-image\" data-id=\"440937b\" data-element_type=\"widget\" data-e-type=\"widget\" data-widget_type=\"image.default\">\n\t\t\t\t\t\t\t\t\t\t\t\t\t\t\t\t<a href=\"https:\/\/youtu.be\/0pGEkd3hZsw?si=bdUS9MGT7GSoRdMv\">\n\t\t\t\t\t\t\t<img decoding=\"async\" width=\"508\" height=\"366\" src=\"https:\/\/airdrink.fr\/wp-content\/uploads\/2026\/04\/chlordecone.jpg\" class=\"attachment-large size-large wp-image-4357\" alt=\"\" srcset=\"https:\/\/airdrink.fr\/wp-content\/uploads\/2026\/04\/chlordecone.jpg 508w, https:\/\/airdrink.fr\/wp-content\/uploads\/2026\/04\/chlordecone-300x216.jpg 300w, https:\/\/airdrink.fr\/wp-content\/uploads\/2026\/04\/chlordecone-18x12.jpg 18w, https:\/\/airdrink.fr\/wp-content\/uploads\/2026\/04\/chlordecone-370x267.jpg 370w, https:\/\/airdrink.fr\/wp-content\/uploads\/2026\/04\/chlordecone-400x288.jpg 400w\" sizes=\"(max-width: 508px) 100vw, 508px\" \/>\t\t\t\t\t\t\t\t<\/a>\n\t\t\t\t\t\t\t\t\t\t\t\t\t\t\t<\/div>\n\t\t\t\t<\/div>\n\t\t\t\t\t<\/div>\n\t\t\t\t<\/div>\n\t\t\t\t<\/div>","protected":false},"excerpt":{"rendered":"<p>Le C2 Airdrink est disponible en Guadeloupe !&nbsp; \u00a0 Promotion exceptionnelle pour les r\u00e9sidents de&hellip;<\/p>","protected":false},"author":1,"featured_media":0,"parent":0,"menu_order":0,"comment_status":"closed","ping_status":"closed","template":"elementor_header_footer","meta":{"_angie_page":false,"footnotes":""},"class_list":["post-4147","page","type-page","status-publish","hentry"],"yoast_head":"<!-- This site is optimized with the Yoast SEO plugin v27.4 - https:\/\/yoast.com\/product\/yoast-seo-wordpress\/ -->\n<title>G\u00e9n\u00e9rateur d&#039;eau C2 en Guadeloupe - offre sp\u00e9ciale ! - AirDrink<\/title>\n<meta name=\"description\" content=\"AIRDRINK propose des solutions uniques etinnovantes qui produisent \u00e0 partir de l\u2019humidit\u00e9 de l\u2019air une eau potable, fraiche etmin\u00e9ralis\u00e9e ! Ce proc\u00e9d\u00e9 unique s\u2019appelle \u00abG\u00e9n\u00e9rateur d\u2019eau Atmosph\u00e9rique\u00bb.Nos solutions sont compl\u00e9mentaires aux diff\u00e9rents moyens d\u2019acc\u00e8s \u00e0 l\u2019eaupotable mais et permettent un acc\u00e8s infini \u00e0 l\u2019eau au plus proche du lieu deconsommation.\" \/>\n<meta name=\"robots\" content=\"index, follow, max-snippet:-1, max-image-preview:large, max-video-preview:-1\" \/>\n<link rel=\"canonical\" href=\"https:\/\/airdrink.fr\/en\/water-generator-in-guadeloupe-special-offer\/\" \/>\n<meta property=\"og:locale\" content=\"en_US\" \/>\n<meta property=\"og:type\" content=\"article\" \/>\n<meta property=\"og:title\" content=\"G\u00e9n\u00e9rateur d&#039;eau C2 en Guadeloupe - offre sp\u00e9ciale ! - AirDrink\" \/>\n<meta property=\"og:description\" content=\"AIRDRINK propose des solutions uniques etinnovantes qui produisent \u00e0 partir de l\u2019humidit\u00e9 de l\u2019air une eau potable, fraiche etmin\u00e9ralis\u00e9e ! Ce proc\u00e9d\u00e9 unique s\u2019appelle \u00abG\u00e9n\u00e9rateur d\u2019eau Atmosph\u00e9rique\u00bb.Nos solutions sont compl\u00e9mentaires aux diff\u00e9rents moyens d\u2019acc\u00e8s \u00e0 l\u2019eaupotable mais et permettent un acc\u00e8s infini \u00e0 l\u2019eau au plus proche du lieu deconsommation.\" \/>\n<meta property=\"og:url\" content=\"https:\/\/airdrink.fr\/en\/water-generator-in-guadeloupe-special-offer\/\" \/>\n<meta property=\"og:site_name\" content=\"AirDrink\" \/>\n<meta property=\"article:publisher\" content=\"https:\/\/www.facebook.com\/airdrinkFrance\/\" \/>\n<meta property=\"article:modified_time\" content=\"2026-04-11T08:36:39+00:00\" \/>\n<meta property=\"og:image\" content=\"https:\/\/airdrink.fr\/wp-content\/uploads\/2026\/04\/C2-FILTRES-1015x1024.jpg\" \/>\n<meta name=\"twitter:card\" content=\"summary_large_image\" \/>\n<script type=\"application\/ld+json\" class=\"yoast-schema-graph\">{\"@context\":\"https:\\\/\\\/schema.org\",\"@graph\":[{\"@type\":\"WebPage\",\"@id\":\"https:\\\/\\\/airdrink.fr\\\/generateur-deau-en-guadeloupe-offre-speciale\\\/\",\"url\":\"https:\\\/\\\/airdrink.fr\\\/generateur-deau-en-guadeloupe-offre-speciale\\\/\",\"name\":\"G\u00e9n\u00e9rateur d'eau C2 en Guadeloupe - offre sp\u00e9ciale ! - AirDrink\",\"isPartOf\":{\"@id\":\"https:\\\/\\\/airdrink.fr\\\/#website\"},\"primaryImageOfPage\":{\"@id\":\"https:\\\/\\\/airdrink.fr\\\/generateur-deau-en-guadeloupe-offre-speciale\\\/#primaryimage\"},\"image\":{\"@id\":\"https:\\\/\\\/airdrink.fr\\\/generateur-deau-en-guadeloupe-offre-speciale\\\/#primaryimage\"},\"thumbnailUrl\":\"https:\\\/\\\/airdrink.fr\\\/wp-content\\\/uploads\\\/2026\\\/04\\\/C2-FILTRES-1015x1024.jpg\",\"datePublished\":\"2026-04-09T12:21:24+00:00\",\"dateModified\":\"2026-04-11T08:36:39+00:00\",\"description\":\"AIRDRINK propose des solutions uniques etinnovantes qui produisent \u00e0 partir de l\u2019humidit\u00e9 de l\u2019air une eau potable, fraiche etmin\u00e9ralis\u00e9e ! Ce proc\u00e9d\u00e9 unique s\u2019appelle \u00abG\u00e9n\u00e9rateur d\u2019eau Atmosph\u00e9rique\u00bb.Nos solutions sont compl\u00e9mentaires aux diff\u00e9rents moyens d\u2019acc\u00e8s \u00e0 l\u2019eaupotable mais et permettent un acc\u00e8s infini \u00e0 l\u2019eau au plus proche du lieu deconsommation.\",\"breadcrumb\":{\"@id\":\"https:\\\/\\\/airdrink.fr\\\/generateur-deau-en-guadeloupe-offre-speciale\\\/#breadcrumb\"},\"inLanguage\":\"en-US\",\"potentialAction\":[{\"@type\":\"ReadAction\",\"target\":[\"https:\\\/\\\/airdrink.fr\\\/generateur-deau-en-guadeloupe-offre-speciale\\\/\"]}]},{\"@type\":\"ImageObject\",\"inLanguage\":\"en-US\",\"@id\":\"https:\\\/\\\/airdrink.fr\\\/generateur-deau-en-guadeloupe-offre-speciale\\\/#primaryimage\",\"url\":\"https:\\\/\\\/airdrink.fr\\\/wp-content\\\/uploads\\\/2026\\\/04\\\/C2-FILTRES-1015x1024.jpg\",\"contentUrl\":\"https:\\\/\\\/airdrink.fr\\\/wp-content\\\/uploads\\\/2026\\\/04\\\/C2-FILTRES-1015x1024.jpg\"},{\"@type\":\"BreadcrumbList\",\"@id\":\"https:\\\/\\\/airdrink.fr\\\/generateur-deau-en-guadeloupe-offre-speciale\\\/#breadcrumb\",\"itemListElement\":[{\"@type\":\"ListItem\",\"position\":1,\"name\":\"Accueil\",\"item\":\"https:\\\/\\\/airdrink.fr\\\/\"},{\"@type\":\"ListItem\",\"position\":2,\"name\":\"G\u00e9n\u00e9rateur d&rsquo;eau C2 en Guadeloupe &#8211; offre sp\u00e9ciale !\"}]},{\"@type\":\"WebSite\",\"@id\":\"https:\\\/\\\/airdrink.fr\\\/#website\",\"url\":\"https:\\\/\\\/airdrink.fr\\\/\",\"name\":\"AirDrink - de l'eau \u00e0 partir de l'air !\",\"description\":\"Airdrink, de l'eau &agrave; partir de l'air !\",\"publisher\":{\"@id\":\"https:\\\/\\\/airdrink.fr\\\/#organization\"},\"potentialAction\":[{\"@type\":\"SearchAction\",\"target\":{\"@type\":\"EntryPoint\",\"urlTemplate\":\"https:\\\/\\\/airdrink.fr\\\/?s={search_term_string}\"},\"query-input\":{\"@type\":\"PropertyValueSpecification\",\"valueRequired\":true,\"valueName\":\"search_term_string\"}}],\"inLanguage\":\"en-US\"},{\"@type\":\"Organization\",\"@id\":\"https:\\\/\\\/airdrink.fr\\\/#organization\",\"name\":\"AirDrink - de l'eau \u00e0 partir de l'air !\",\"url\":\"https:\\\/\\\/airdrink.fr\\\/\",\"logo\":{\"@type\":\"ImageObject\",\"inLanguage\":\"en-US\",\"@id\":\"https:\\\/\\\/airdrink.fr\\\/#\\\/schema\\\/logo\\\/image\\\/\",\"url\":\"https:\\\/\\\/airdrink.fr\\\/wp-content\\\/uploads\\\/2023\\\/03\\\/cropped-logo-Airdrink-plus-HD-v1-3-300x203-1.png\",\"contentUrl\":\"https:\\\/\\\/airdrink.fr\\\/wp-content\\\/uploads\\\/2023\\\/03\\\/cropped-logo-Airdrink-plus-HD-v1-3-300x203-1.png\",\"width\":300,\"height\":128,\"caption\":\"AirDrink - de l'eau \u00e0 partir de l'air !\"},\"image\":{\"@id\":\"https:\\\/\\\/airdrink.fr\\\/#\\\/schema\\\/logo\\\/image\\\/\"},\"sameAs\":[\"https:\\\/\\\/www.facebook.com\\\/airdrinkFrance\\\/\",\"https:\\\/\\\/www.linkedin.com\\\/company\\\/pgsoft\",\"https:\\\/\\\/www.youtube.com\\\/channel\\\/UCV0fIuMlZQZElbCWK93RP9A\"]}]}<\/script>\n<!-- \/ Yoast SEO plugin. -->","yoast_head_json":{"title":"C2 Water Generator in Guadeloupe - Special Offer! - AirDrink","description":"AIRDRINK offers unique and innovative solutions that produce fresh and mineralized drinking water from the humidity in the air! This unique process is called \"Atmospheric Water Generator\". Our solutions are complementary to the different means of access to drinking water and allow an infinite access to water close to the place of consumption.","robots":{"index":"index","follow":"follow","max-snippet":"max-snippet:-1","max-image-preview":"max-image-preview:large","max-video-preview":"max-video-preview:-1"},"canonical":"https:\/\/airdrink.fr\/en\/water-generator-in-guadeloupe-special-offer\/","og_locale":"en_US","og_type":"article","og_title":"G\u00e9n\u00e9rateur d'eau C2 en Guadeloupe - offre sp\u00e9ciale ! - AirDrink","og_description":"AIRDRINK propose des solutions uniques etinnovantes qui produisent \u00e0 partir de l\u2019humidit\u00e9 de l\u2019air une eau potable, fraiche etmin\u00e9ralis\u00e9e ! Ce proc\u00e9d\u00e9 unique s\u2019appelle \u00abG\u00e9n\u00e9rateur d\u2019eau Atmosph\u00e9rique\u00bb.Nos solutions sont compl\u00e9mentaires aux diff\u00e9rents moyens d\u2019acc\u00e8s \u00e0 l\u2019eaupotable mais et permettent un acc\u00e8s infini \u00e0 l\u2019eau au plus proche du lieu deconsommation.","og_url":"https:\/\/airdrink.fr\/en\/water-generator-in-guadeloupe-special-offer\/","og_site_name":"AirDrink","article_publisher":"https:\/\/www.facebook.com\/airdrinkFrance\/","article_modified_time":"2026-04-11T08:36:39+00:00","og_image":[{"url":"https:\/\/airdrink.fr\/wp-content\/uploads\/2026\/04\/C2-FILTRES-1015x1024.jpg","type":"","width":"","height":""}],"twitter_card":"summary_large_image","schema":{"@context":"https:\/\/schema.org","@graph":[{"@type":"WebPage","@id":"https:\/\/airdrink.fr\/generateur-deau-en-guadeloupe-offre-speciale\/","url":"https:\/\/airdrink.fr\/generateur-deau-en-guadeloupe-offre-speciale\/","name":"C2 Water Generator in Guadeloupe - Special Offer! - AirDrink","isPartOf":{"@id":"https:\/\/airdrink.fr\/#website"},"primaryImageOfPage":{"@id":"https:\/\/airdrink.fr\/generateur-deau-en-guadeloupe-offre-speciale\/#primaryimage"},"image":{"@id":"https:\/\/airdrink.fr\/generateur-deau-en-guadeloupe-offre-speciale\/#primaryimage"},"thumbnailUrl":"https:\/\/airdrink.fr\/wp-content\/uploads\/2026\/04\/C2-FILTRES-1015x1024.jpg","datePublished":"2026-04-09T12:21:24+00:00","dateModified":"2026-04-11T08:36:39+00:00","description":"AIRDRINK offers unique and innovative solutions that produce fresh and mineralized drinking water from the humidity in the air! This unique process is called \"Atmospheric Water Generator\". Our solutions are complementary to the different means of access to drinking water and allow an infinite access to water close to the place of consumption.","breadcrumb":{"@id":"https:\/\/airdrink.fr\/generateur-deau-en-guadeloupe-offre-speciale\/#breadcrumb"},"inLanguage":"en-US","potentialAction":[{"@type":"ReadAction","target":["https:\/\/airdrink.fr\/generateur-deau-en-guadeloupe-offre-speciale\/"]}]},{"@type":"ImageObject","inLanguage":"en-US","@id":"https:\/\/airdrink.fr\/generateur-deau-en-guadeloupe-offre-speciale\/#primaryimage","url":"https:\/\/airdrink.fr\/wp-content\/uploads\/2026\/04\/C2-FILTRES-1015x1024.jpg","contentUrl":"https:\/\/airdrink.fr\/wp-content\/uploads\/2026\/04\/C2-FILTRES-1015x1024.jpg"},{"@type":"BreadcrumbList","@id":"https:\/\/airdrink.fr\/generateur-deau-en-guadeloupe-offre-speciale\/#breadcrumb","itemListElement":[{"@type":"ListItem","position":1,"name":"Accueil","item":"https:\/\/airdrink.fr\/"},{"@type":"ListItem","position":2,"name":"G\u00e9n\u00e9rateur d&rsquo;eau C2 en Guadeloupe &#8211; offre sp\u00e9ciale !"}]},{"@type":"WebSite","@id":"https:\/\/airdrink.fr\/#website","url":"https:\/\/airdrink.fr\/","name":"AirDrink - water from the air!","description":"Airdrink, water from air!","publisher":{"@id":"https:\/\/airdrink.fr\/#organization"},"potentialAction":[{"@type":"SearchAction","target":{"@type":"EntryPoint","urlTemplate":"https:\/\/airdrink.fr\/?s={search_term_string}"},"query-input":{"@type":"PropertyValueSpecification","valueRequired":true,"valueName":"search_term_string"}}],"inLanguage":"en-US"},{"@type":"Organization","@id":"https:\/\/airdrink.fr\/#organization","name":"AirDrink - water from the air!","url":"https:\/\/airdrink.fr\/","logo":{"@type":"ImageObject","inLanguage":"en-US","@id":"https:\/\/airdrink.fr\/#\/schema\/logo\/image\/","url":"https:\/\/airdrink.fr\/wp-content\/uploads\/2023\/03\/cropped-logo-Airdrink-plus-HD-v1-3-300x203-1.png","contentUrl":"https:\/\/airdrink.fr\/wp-content\/uploads\/2023\/03\/cropped-logo-Airdrink-plus-HD-v1-3-300x203-1.png","width":300,"height":128,"caption":"AirDrink - de l'eau \u00e0 partir de l'air !"},"image":{"@id":"https:\/\/airdrink.fr\/#\/schema\/logo\/image\/"},"sameAs":["https:\/\/www.facebook.com\/airdrinkFrance\/","https:\/\/www.linkedin.com\/company\/pgsoft","https:\/\/www.youtube.com\/channel\/UCV0fIuMlZQZElbCWK93RP9A"]}]}},"_links":{"self":[{"href":"https:\/\/airdrink.fr\/en\/wp-json\/wp\/v2\/pages\/4147","targetHints":{"allow":["GET"]}}],"collection":[{"href":"https:\/\/airdrink.fr\/en\/wp-json\/wp\/v2\/pages"}],"about":[{"href":"https:\/\/airdrink.fr\/en\/wp-json\/wp\/v2\/types\/page"}],"author":[{"embeddable":true,"href":"https:\/\/airdrink.fr\/en\/wp-json\/wp\/v2\/users\/1"}],"replies":[{"embeddable":true,"href":"https:\/\/airdrink.fr\/en\/wp-json\/wp\/v2\/comments?post=4147"}],"version-history":[{"count":21,"href":"https:\/\/airdrink.fr\/en\/wp-json\/wp\/v2\/pages\/4147\/revisions"}],"predecessor-version":[{"id":4378,"href":"https:\/\/airdrink.fr\/en\/wp-json\/wp\/v2\/pages\/4147\/revisions\/4378"}],"wp:attachment":[{"href":"https:\/\/airdrink.fr\/en\/wp-json\/wp\/v2\/media?parent=4147"}],"curies":[{"name":"wp","href":"https:\/\/api.w.org\/{rel}","templated":true}]}}