{"id":3396,"date":"2025-09-22T18:24:46","date_gmt":"2025-09-22T16:24:46","guid":{"rendered":"https:\/\/airdrink.fr\/?post_type=product&#038;p=3396"},"modified":"2025-10-16T17:38:48","modified_gmt":"2025-10-16T15:38:48","slug":"cross-90-osmosis-filtration-membrane","status":"publish","type":"product","link":"https:\/\/airdrink.fr\/en\/product\/membrane-filtration-osmoseur-cross-90\/","title":{"rendered":"600 GPD membrane for CROSS 90 Osmosis plant"},"content":{"rendered":"<div class=\"wpb-content-wrapper\"><div class=\"vc_row wpb_row vc_row-fluid shape_divider_top-none shape_divider_bottom-none\"><div class=\"wpb_column vc_column_container vc_col-sm-12 sc_layouts_column_icons_position_left\"><div class=\"vc_column-inner\"><div class=\"wpb_wrapper\">\n\t<div class=\"wpb_text_column wpb_content_element\" >\n\t\t<div class=\"wpb_wrapper\">\n\t\t\t<p><span style=\"color: #000000;\">This membrane is renewed every 2 years on average.<\/span><\/p>\n\n\t\t<\/div>\n\t<\/div>\n<\/div><\/div><\/div><\/div>\n<\/div>","protected":false},"excerpt":{"rendered":"<p>This 600 GPD membrane (gallons per day or over 2200 liters) for CROSS 90 reverse osmosis systems is very easy to change when the Cross 90 sight glass indicates this (approximately every 2 years).<\/p>\n<h6>Removes 99.8 % of impurities, including bacteria, viruses and PFAS<\/h6>\n<h6>It features \"FAST&amp;DRY\" replacement technology<\/h6>\n<p>https:\/\/youtu.be\/hp08ajL9vKA<\/p>","protected":false},"featured_media":3397,"template":"","meta":{"_angie_page":false},"product_brand":[],"product_cat":[3597],"product_tag":[],"class_list":{"0":"post-3396","1":"product","2":"type-product","3":"status-publish","4":"has-post-thumbnail","6":"product_cat-consommables-et-accessoires","7":"product_shipping_class-filtres","9":"first","10":"instock","11":"taxable","12":"shipping-taxable","13":"purchasable","14":"product-type-simple"},"bundled_by":["3374"],"bundle_stock_status":"instock","bundle_stock_quantity":null,"bundle_virtual":false,"bundle_layout":"","bundle_add_to_cart_form_location":"","bundle_editable_in_cart":false,"bundle_sold_individually_context":"","bundle_item_grouping":"","bundle_min_size":"","bundle_max_size":"","bundle_price":[],"bundled_items":[],"bundle_sell_ids":[],"yoast_head":"<!-- This site is optimized with the Yoast SEO plugin v27.5 - https:\/\/yoast.com\/product\/yoast-seo-wordpress\/ -->\n<title>Membrane 600 GPD pour Osmoseur CROSS 90 - AirDrink<\/title>\n<meta name=\"robots\" content=\"index, follow, max-snippet:-1, max-image-preview:large, max-video-preview:-1\" \/>\n<link rel=\"canonical\" href=\"https:\/\/airdrink.fr\/en\/product\/cross-90-osmosis-filtration-membrane\/\" \/>\n<meta property=\"og:locale\" content=\"en_US\" \/>\n<meta property=\"og:type\" content=\"article\" \/>\n<meta property=\"og:title\" content=\"Membrane 600 GPD pour Osmoseur CROSS 90 - AirDrink\" \/>\n<meta property=\"og:description\" content=\"Cette membrane 600 GPD (gallons par jour soit plus de 2200 litres) pour les osmoseurs CROSS 90 se change tr\u00e8s simplement lorsque le voyant du Cross 90 vous l&#039;indique (environ tous les 2 ans) Elle \u00e9limine 99,8 % des impuret\u00e9s, y compris les bact\u00e9ries, les virus et les PFAS Elle dispose de la technologie de remplacement &quot;FAST&amp;DRY&quot; https:\/\/youtu.be\/hp08ajL9vKA\" \/>\n<meta property=\"og:url\" content=\"https:\/\/airdrink.fr\/en\/product\/cross-90-osmosis-filtration-membrane\/\" \/>\n<meta property=\"og:site_name\" content=\"AirDrink\" \/>\n<meta property=\"article:publisher\" content=\"https:\/\/www.facebook.com\/airdrinkFrance\/\" \/>\n<meta property=\"article:modified_time\" content=\"2025-10-16T15:38:48+00:00\" \/>\n<meta property=\"og:image\" content=\"https:\/\/airdrink.fr\/wp-content\/uploads\/2025\/09\/Membrane-600GPD-pour-CROSS-90-scaled.png\" \/>\n\t<meta property=\"og:image:width\" content=\"2048\" \/>\n\t<meta property=\"og:image:height\" content=\"2048\" \/>\n\t<meta property=\"og:image:type\" content=\"image\/png\" \/>\n<meta name=\"twitter:card\" content=\"summary_large_image\" \/>\n<meta name=\"twitter:label1\" content=\"Est. reading time\" \/>\n\t<meta name=\"twitter:data1\" content=\"1 minute\" \/>\n<script type=\"application\/ld+json\" class=\"yoast-schema-graph\">{\"@context\":\"https:\\\/\\\/schema.org\",\"@graph\":[{\"@type\":\"WebPage\",\"@id\":\"https:\\\/\\\/airdrink.fr\\\/el\\\/%cf%80%cf%81%ce%bf%cf%8a%cf%8c%ce%bd\\\/%ce%bc%ce%b5%ce%bc%ce%b2%cf%81%ce%ac%ce%bd%ce%b7-%ce%b4%ce%b9%ce%ae%ce%b8%ce%b7%cf%83%ce%b7%cf%82-%ce%b4%ce%b9%ce%b1%cf%83%cf%84%ce%b1%cf%85%cf%81%ce%bf%cf%8d%ce%bc%ce%b5%ce%bd%ce%b7%cf%82-%cf%8c\\\/\",\"url\":\"https:\\\/\\\/airdrink.fr\\\/el\\\/%cf%80%cf%81%ce%bf%cf%8a%cf%8c%ce%bd\\\/%ce%bc%ce%b5%ce%bc%ce%b2%cf%81%ce%ac%ce%bd%ce%b7-%ce%b4%ce%b9%ce%ae%ce%b8%ce%b7%cf%83%ce%b7%cf%82-%ce%b4%ce%b9%ce%b1%cf%83%cf%84%ce%b1%cf%85%cf%81%ce%bf%cf%8d%ce%bc%ce%b5%ce%bd%ce%b7%cf%82-%cf%8c\\\/\",\"name\":\"Membrane 600 GPD pour Osmoseur CROSS 90 - AirDrink\",\"isPartOf\":{\"@id\":\"https:\\\/\\\/airdrink.fr\\\/#website\"},\"primaryImageOfPage\":{\"@id\":\"https:\\\/\\\/airdrink.fr\\\/el\\\/%cf%80%cf%81%ce%bf%cf%8a%cf%8c%ce%bd\\\/%ce%bc%ce%b5%ce%bc%ce%b2%cf%81%ce%ac%ce%bd%ce%b7-%ce%b4%ce%b9%ce%ae%ce%b8%ce%b7%cf%83%ce%b7%cf%82-%ce%b4%ce%b9%ce%b1%cf%83%cf%84%ce%b1%cf%85%cf%81%ce%bf%cf%8d%ce%bc%ce%b5%ce%bd%ce%b7%cf%82-%cf%8c\\\/#primaryimage\"},\"image\":{\"@id\":\"https:\\\/\\\/airdrink.fr\\\/el\\\/%cf%80%cf%81%ce%bf%cf%8a%cf%8c%ce%bd\\\/%ce%bc%ce%b5%ce%bc%ce%b2%cf%81%ce%ac%ce%bd%ce%b7-%ce%b4%ce%b9%ce%ae%ce%b8%ce%b7%cf%83%ce%b7%cf%82-%ce%b4%ce%b9%ce%b1%cf%83%cf%84%ce%b1%cf%85%cf%81%ce%bf%cf%8d%ce%bc%ce%b5%ce%bd%ce%b7%cf%82-%cf%8c\\\/#primaryimage\"},\"thumbnailUrl\":\"https:\\\/\\\/airdrink.fr\\\/wp-content\\\/uploads\\\/2025\\\/09\\\/Membrane-600GPD-pour-CROSS-90-scaled.png\",\"datePublished\":\"2025-09-22T16:24:46+00:00\",\"dateModified\":\"2025-10-16T15:38:48+00:00\",\"breadcrumb\":{\"@id\":\"https:\\\/\\\/airdrink.fr\\\/el\\\/%cf%80%cf%81%ce%bf%cf%8a%cf%8c%ce%bd\\\/%ce%bc%ce%b5%ce%bc%ce%b2%cf%81%ce%ac%ce%bd%ce%b7-%ce%b4%ce%b9%ce%ae%ce%b8%ce%b7%cf%83%ce%b7%cf%82-%ce%b4%ce%b9%ce%b1%cf%83%cf%84%ce%b1%cf%85%cf%81%ce%bf%cf%8d%ce%bc%ce%b5%ce%bd%ce%b7%cf%82-%cf%8c\\\/#breadcrumb\"},\"inLanguage\":\"en-US\",\"potentialAction\":[{\"@type\":\"ReadAction\",\"target\":[\"https:\\\/\\\/airdrink.fr\\\/el\\\/%cf%80%cf%81%ce%bf%cf%8a%cf%8c%ce%bd\\\/%ce%bc%ce%b5%ce%bc%ce%b2%cf%81%ce%ac%ce%bd%ce%b7-%ce%b4%ce%b9%ce%ae%ce%b8%ce%b7%cf%83%ce%b7%cf%82-%ce%b4%ce%b9%ce%b1%cf%83%cf%84%ce%b1%cf%85%cf%81%ce%bf%cf%8d%ce%bc%ce%b5%ce%bd%ce%b7%cf%82-%cf%8c\\\/\"]}]},{\"@type\":\"ImageObject\",\"inLanguage\":\"en-US\",\"@id\":\"https:\\\/\\\/airdrink.fr\\\/el\\\/%cf%80%cf%81%ce%bf%cf%8a%cf%8c%ce%bd\\\/%ce%bc%ce%b5%ce%bc%ce%b2%cf%81%ce%ac%ce%bd%ce%b7-%ce%b4%ce%b9%ce%ae%ce%b8%ce%b7%cf%83%ce%b7%cf%82-%ce%b4%ce%b9%ce%b1%cf%83%cf%84%ce%b1%cf%85%cf%81%ce%bf%cf%8d%ce%bc%ce%b5%ce%bd%ce%b7%cf%82-%cf%8c\\\/#primaryimage\",\"url\":\"https:\\\/\\\/airdrink.fr\\\/wp-content\\\/uploads\\\/2025\\\/09\\\/Membrane-600GPD-pour-CROSS-90-scaled.png\",\"contentUrl\":\"https:\\\/\\\/airdrink.fr\\\/wp-content\\\/uploads\\\/2025\\\/09\\\/Membrane-600GPD-pour-CROSS-90-scaled.png\",\"width\":2048,\"height\":2048},{\"@type\":\"BreadcrumbList\",\"@id\":\"https:\\\/\\\/airdrink.fr\\\/el\\\/%cf%80%cf%81%ce%bf%cf%8a%cf%8c%ce%bd\\\/%ce%bc%ce%b5%ce%bc%ce%b2%cf%81%ce%ac%ce%bd%ce%b7-%ce%b4%ce%b9%ce%ae%ce%b8%ce%b7%cf%83%ce%b7%cf%82-%ce%b4%ce%b9%ce%b1%cf%83%cf%84%ce%b1%cf%85%cf%81%ce%bf%cf%8d%ce%bc%ce%b5%ce%bd%ce%b7%cf%82-%cf%8c\\\/#breadcrumb\",\"itemListElement\":[{\"@type\":\"ListItem\",\"position\":1,\"name\":\"Accueil\",\"item\":\"https:\\\/\\\/airdrink.fr\\\/\"},{\"@type\":\"ListItem\",\"position\":2,\"name\":\"Boutique\",\"item\":\"https:\\\/\\\/airdrink.fr\\\/boutique\\\/\"},{\"@type\":\"ListItem\",\"position\":3,\"name\":\"Membrane 600 GPD pour Osmoseur CROSS 90\"}]},{\"@type\":\"WebSite\",\"@id\":\"https:\\\/\\\/airdrink.fr\\\/#website\",\"url\":\"https:\\\/\\\/airdrink.fr\\\/\",\"name\":\"AirDrink - de l'eau \u00e0 partir de l'air !\",\"description\":\"Airdrink, de l'eau &agrave; partir de l'air !\",\"publisher\":{\"@id\":\"https:\\\/\\\/airdrink.fr\\\/#organization\"},\"potentialAction\":[{\"@type\":\"SearchAction\",\"target\":{\"@type\":\"EntryPoint\",\"urlTemplate\":\"https:\\\/\\\/airdrink.fr\\\/?s={search_term_string}\"},\"query-input\":{\"@type\":\"PropertyValueSpecification\",\"valueRequired\":true,\"valueName\":\"search_term_string\"}}],\"inLanguage\":\"en-US\"},{\"@type\":\"Organization\",\"@id\":\"https:\\\/\\\/airdrink.fr\\\/#organization\",\"name\":\"AirDrink - de l'eau \u00e0 partir de l'air !\",\"url\":\"https:\\\/\\\/airdrink.fr\\\/\",\"logo\":{\"@type\":\"ImageObject\",\"inLanguage\":\"en-US\",\"@id\":\"https:\\\/\\\/airdrink.fr\\\/#\\\/schema\\\/logo\\\/image\\\/\",\"url\":\"https:\\\/\\\/airdrink.fr\\\/wp-content\\\/uploads\\\/2023\\\/03\\\/cropped-logo-Airdrink-plus-HD-v1-3-300x203-1.png\",\"contentUrl\":\"https:\\\/\\\/airdrink.fr\\\/wp-content\\\/uploads\\\/2023\\\/03\\\/cropped-logo-Airdrink-plus-HD-v1-3-300x203-1.png\",\"width\":300,\"height\":128,\"caption\":\"AirDrink - de l'eau \u00e0 partir de l'air !\"},\"image\":{\"@id\":\"https:\\\/\\\/airdrink.fr\\\/#\\\/schema\\\/logo\\\/image\\\/\"},\"sameAs\":[\"https:\\\/\\\/www.facebook.com\\\/airdrinkFrance\\\/\",\"https:\\\/\\\/www.linkedin.com\\\/company\\\/pgsoft\",\"https:\\\/\\\/www.youtube.com\\\/channel\\\/UCV0fIuMlZQZElbCWK93RP9A\"]}]}<\/script>\n<!-- \/ Yoast SEO plugin. -->","yoast_head_json":{"title":"600 GPD Membrane for CROSS 90 Reverse Osmosis System - AirDrink","robots":{"index":"index","follow":"follow","max-snippet":"max-snippet:-1","max-image-preview":"max-image-preview:large","max-video-preview":"max-video-preview:-1"},"canonical":"https:\/\/airdrink.fr\/en\/product\/cross-90-osmosis-filtration-membrane\/","og_locale":"en_US","og_type":"article","og_title":"Membrane 600 GPD pour Osmoseur CROSS 90 - AirDrink","og_description":"Cette membrane 600 GPD (gallons par jour soit plus de 2200 litres) pour les osmoseurs CROSS 90 se change tr\u00e8s simplement lorsque le voyant du Cross 90 vous l'indique (environ tous les 2 ans) Elle \u00e9limine 99,8 % des impuret\u00e9s, y compris les bact\u00e9ries, les virus et les PFAS Elle dispose de la technologie de remplacement \"FAST&amp;DRY\" https:\/\/youtu.be\/hp08ajL9vKA","og_url":"https:\/\/airdrink.fr\/en\/product\/cross-90-osmosis-filtration-membrane\/","og_site_name":"AirDrink","article_publisher":"https:\/\/www.facebook.com\/airdrinkFrance\/","article_modified_time":"2025-10-16T15:38:48+00:00","og_image":[{"width":2048,"height":2048,"url":"https:\/\/airdrink.fr\/wp-content\/uploads\/2025\/09\/Membrane-600GPD-pour-CROSS-90-scaled.png","type":"image\/png"}],"twitter_card":"summary_large_image","twitter_misc":{"Est. reading time":"1 minute"},"schema":{"@context":"https:\/\/schema.org","@graph":[{"@type":"WebPage","@id":"https:\/\/airdrink.fr\/el\/%cf%80%cf%81%ce%bf%cf%8a%cf%8c%ce%bd\/%ce%bc%ce%b5%ce%bc%ce%b2%cf%81%ce%ac%ce%bd%ce%b7-%ce%b4%ce%b9%ce%ae%ce%b8%ce%b7%cf%83%ce%b7%cf%82-%ce%b4%ce%b9%ce%b1%cf%83%cf%84%ce%b1%cf%85%cf%81%ce%bf%cf%8d%ce%bc%ce%b5%ce%bd%ce%b7%cf%82-%cf%8c\/","url":"https:\/\/airdrink.fr\/el\/%cf%80%cf%81%ce%bf%cf%8a%cf%8c%ce%bd\/%ce%bc%ce%b5%ce%bc%ce%b2%cf%81%ce%ac%ce%bd%ce%b7-%ce%b4%ce%b9%ce%ae%ce%b8%ce%b7%cf%83%ce%b7%cf%82-%ce%b4%ce%b9%ce%b1%cf%83%cf%84%ce%b1%cf%85%cf%81%ce%bf%cf%8d%ce%bc%ce%b5%ce%bd%ce%b7%cf%82-%cf%8c\/","name":"600 GPD Membrane for CROSS 90 Reverse Osmosis System - AirDrink","isPartOf":{"@id":"https:\/\/airdrink.fr\/#website"},"primaryImageOfPage":{"@id":"https:\/\/airdrink.fr\/el\/%cf%80%cf%81%ce%bf%cf%8a%cf%8c%ce%bd\/%ce%bc%ce%b5%ce%bc%ce%b2%cf%81%ce%ac%ce%bd%ce%b7-%ce%b4%ce%b9%ce%ae%ce%b8%ce%b7%cf%83%ce%b7%cf%82-%ce%b4%ce%b9%ce%b1%cf%83%cf%84%ce%b1%cf%85%cf%81%ce%bf%cf%8d%ce%bc%ce%b5%ce%bd%ce%b7%cf%82-%cf%8c\/#primaryimage"},"image":{"@id":"https:\/\/airdrink.fr\/el\/%cf%80%cf%81%ce%bf%cf%8a%cf%8c%ce%bd\/%ce%bc%ce%b5%ce%bc%ce%b2%cf%81%ce%ac%ce%bd%ce%b7-%ce%b4%ce%b9%ce%ae%ce%b8%ce%b7%cf%83%ce%b7%cf%82-%ce%b4%ce%b9%ce%b1%cf%83%cf%84%ce%b1%cf%85%cf%81%ce%bf%cf%8d%ce%bc%ce%b5%ce%bd%ce%b7%cf%82-%cf%8c\/#primaryimage"},"thumbnailUrl":"https:\/\/airdrink.fr\/wp-content\/uploads\/2025\/09\/Membrane-600GPD-pour-CROSS-90-scaled.png","datePublished":"2025-09-22T16:24:46+00:00","dateModified":"2025-10-16T15:38:48+00:00","breadcrumb":{"@id":"https:\/\/airdrink.fr\/el\/%cf%80%cf%81%ce%bf%cf%8a%cf%8c%ce%bd\/%ce%bc%ce%b5%ce%bc%ce%b2%cf%81%ce%ac%ce%bd%ce%b7-%ce%b4%ce%b9%ce%ae%ce%b8%ce%b7%cf%83%ce%b7%cf%82-%ce%b4%ce%b9%ce%b1%cf%83%cf%84%ce%b1%cf%85%cf%81%ce%bf%cf%8d%ce%bc%ce%b5%ce%bd%ce%b7%cf%82-%cf%8c\/#breadcrumb"},"inLanguage":"en-US","potentialAction":[{"@type":"ReadAction","target":["https:\/\/airdrink.fr\/el\/%cf%80%cf%81%ce%bf%cf%8a%cf%8c%ce%bd\/%ce%bc%ce%b5%ce%bc%ce%b2%cf%81%ce%ac%ce%bd%ce%b7-%ce%b4%ce%b9%ce%ae%ce%b8%ce%b7%cf%83%ce%b7%cf%82-%ce%b4%ce%b9%ce%b1%cf%83%cf%84%ce%b1%cf%85%cf%81%ce%bf%cf%8d%ce%bc%ce%b5%ce%bd%ce%b7%cf%82-%cf%8c\/"]}]},{"@type":"ImageObject","inLanguage":"en-US","@id":"https:\/\/airdrink.fr\/el\/%cf%80%cf%81%ce%bf%cf%8a%cf%8c%ce%bd\/%ce%bc%ce%b5%ce%bc%ce%b2%cf%81%ce%ac%ce%bd%ce%b7-%ce%b4%ce%b9%ce%ae%ce%b8%ce%b7%cf%83%ce%b7%cf%82-%ce%b4%ce%b9%ce%b1%cf%83%cf%84%ce%b1%cf%85%cf%81%ce%bf%cf%8d%ce%bc%ce%b5%ce%bd%ce%b7%cf%82-%cf%8c\/#primaryimage","url":"https:\/\/airdrink.fr\/wp-content\/uploads\/2025\/09\/Membrane-600GPD-pour-CROSS-90-scaled.png","contentUrl":"https:\/\/airdrink.fr\/wp-content\/uploads\/2025\/09\/Membrane-600GPD-pour-CROSS-90-scaled.png","width":2048,"height":2048},{"@type":"BreadcrumbList","@id":"https:\/\/airdrink.fr\/el\/%cf%80%cf%81%ce%bf%cf%8a%cf%8c%ce%bd\/%ce%bc%ce%b5%ce%bc%ce%b2%cf%81%ce%ac%ce%bd%ce%b7-%ce%b4%ce%b9%ce%ae%ce%b8%ce%b7%cf%83%ce%b7%cf%82-%ce%b4%ce%b9%ce%b1%cf%83%cf%84%ce%b1%cf%85%cf%81%ce%bf%cf%8d%ce%bc%ce%b5%ce%bd%ce%b7%cf%82-%cf%8c\/#breadcrumb","itemListElement":[{"@type":"ListItem","position":1,"name":"Accueil","item":"https:\/\/airdrink.fr\/"},{"@type":"ListItem","position":2,"name":"Boutique","item":"https:\/\/airdrink.fr\/boutique\/"},{"@type":"ListItem","position":3,"name":"Membrane 600 GPD pour Osmoseur CROSS 90"}]},{"@type":"WebSite","@id":"https:\/\/airdrink.fr\/#website","url":"https:\/\/airdrink.fr\/","name":"AirDrink - water from the air!","description":"Airdrink, water from air!","publisher":{"@id":"https:\/\/airdrink.fr\/#organization"},"potentialAction":[{"@type":"SearchAction","target":{"@type":"EntryPoint","urlTemplate":"https:\/\/airdrink.fr\/?s={search_term_string}"},"query-input":{"@type":"PropertyValueSpecification","valueRequired":true,"valueName":"search_term_string"}}],"inLanguage":"en-US"},{"@type":"Organization","@id":"https:\/\/airdrink.fr\/#organization","name":"AirDrink - water from the air!","url":"https:\/\/airdrink.fr\/","logo":{"@type":"ImageObject","inLanguage":"en-US","@id":"https:\/\/airdrink.fr\/#\/schema\/logo\/image\/","url":"https:\/\/airdrink.fr\/wp-content\/uploads\/2023\/03\/cropped-logo-Airdrink-plus-HD-v1-3-300x203-1.png","contentUrl":"https:\/\/airdrink.fr\/wp-content\/uploads\/2023\/03\/cropped-logo-Airdrink-plus-HD-v1-3-300x203-1.png","width":300,"height":128,"caption":"AirDrink - de l'eau \u00e0 partir de l'air !"},"image":{"@id":"https:\/\/airdrink.fr\/#\/schema\/logo\/image\/"},"sameAs":["https:\/\/www.facebook.com\/airdrinkFrance\/","https:\/\/www.linkedin.com\/company\/pgsoft","https:\/\/www.youtube.com\/channel\/UCV0fIuMlZQZElbCWK93RP9A"]}]}},"_links":{"self":[{"href":"https:\/\/airdrink.fr\/en\/wp-json\/wp\/v2\/product\/3396","targetHints":{"allow":["GET"]}}],"collection":[{"href":"https:\/\/airdrink.fr\/en\/wp-json\/wp\/v2\/product"}],"about":[{"href":"https:\/\/airdrink.fr\/en\/wp-json\/wp\/v2\/types\/product"}],"version-history":[{"count":0,"href":"https:\/\/airdrink.fr\/en\/wp-json\/wp\/v2\/product\/3396\/revisions"}],"wp:featuredmedia":[{"embeddable":true,"href":"https:\/\/airdrink.fr\/en\/wp-json\/wp\/v2\/media\/3397"}],"wp:attachment":[{"href":"https:\/\/airdrink.fr\/en\/wp-json\/wp\/v2\/media?parent=3396"}],"wp:term":[{"taxonomy":"product_brand","embeddable":true,"href":"https:\/\/airdrink.fr\/en\/wp-json\/wp\/v2\/product_brand?post=3396"},{"taxonomy":"product_cat","embeddable":true,"href":"https:\/\/airdrink.fr\/en\/wp-json\/wp\/v2\/product_cat?post=3396"},{"taxonomy":"product_tag","embeddable":true,"href":"https:\/\/airdrink.fr\/en\/wp-json\/wp\/v2\/product_tag?post=3396"}],"curies":[{"name":"wp","href":"https:\/\/api.w.org\/{rel}","templated":true}]}}