{"id":3558,"date":"2025-10-30T12:41:34","date_gmt":"2025-10-30T11:41:34","guid":{"rendered":"https:\/\/airdrink.fr\/?post_type=product&#038;p=3558"},"modified":"2025-12-15T10:26:10","modified_gmt":"2025-12-15T09:26:10","slug":"d158-water-generator-for-market-garden-plants-and-animals-150-liters-per-day","status":"publish","type":"product","link":"https:\/\/airdrink.fr\/en\/product\/d158-generateur-deau-pour-plantes-maraichage-et-animaux-150-litres-par-jour\/","title":{"rendered":"D158 Water generator for plants, vegetables and animals 150 liters per day"},"content":{"rendered":"<div class=\"wpb-content-wrapper\"><div class=\"vc_row wpb_row vc_row-fluid shape_divider_top-none shape_divider_bottom-none\"><div class=\"wpb_column vc_column_container vc_col-sm-12 sc_layouts_column_icons_position_left\"><div class=\"vc_column-inner\"><div class=\"wpb_wrapper\">\n\t<div class=\"wpb_text_column wpb_content_element\" >\n\t\t<div class=\"wpb_wrapper\">\n\t\t\t<h5><span style=\"color: #3366ff;\">Non-potabilized water for plants and\/or animals<\/span><\/h5>\n<h6>You need water that's not necessarily drinkable:<\/h6>\n<ul>\n<li>\n<h6>Watering precious plants or supplying water for greenhouses, fruit and vegetables<\/h6>\n<\/li>\n<li>\n<h6>Water goats, horses, sheep etc...<\/h6>\n<\/li>\n<li>\n<h6>Don't worry about prefectoral water restriction orders (you won't be affected)<\/h6>\n<\/li>\n<li>\n<h6>Coping with pool evaporation even in very dry periods<\/h6>\n<\/li>\n<\/ul>\n<h5>This untreated water generator is for you!<\/h5>\n<h5>This model is easy to move thanks to its large-diameter wheels.<\/h5>\n<h5>Here are its features:<\/h5>\n<h6>Nominal production at 27\u00b0C and 60% humidity: 150 liters per day<br \/>\n220V\/50Hz single-phase power supply<br \/>\nLow power consumption: <strong>less than 1.8 KWh<\/strong><br \/>\nSound level at 1 metre: 65 db<br \/>\nCE certified -Weight: 52 Kg<br \/>\nRefrigerant R 410A-Outlet pipe<br \/>\nOperating temperature: 15\u00b0C to 38\u00b0C<br \/>\n24-month warranty<br \/>\nDimensions: 510*520*1040 mm<\/h6>\n\n\t\t<\/div>\n\t<\/div>\n<\/div><\/div><\/div><\/div><div class=\"vc_row wpb_row vc_row-fluid shape_divider_top-none shape_divider_bottom-none\"><div class=\"wpb_column vc_column_container vc_col-sm-12 sc_layouts_column_icons_position_left\"><div class=\"vc_column-inner\"><div class=\"wpb_wrapper\"><div id=\"sc_title_1388599705\"\n\t\tclass=\"sc_title sc_title_default\"><span class=\"sc_item_subtitle sc_title_subtitle sc_align_left sc_item_subtitle_above sc_item_title_style_default\">D250<\/span><h2 class=\"sc_item_title sc_title_title sc_align_left sc_item_title_style_default\"><span class=\"sc_item_title_text\">D158 Water from the air for plants and animals<\/span><\/h2><div class=\"sc_item_descr sc_title_descr sc_align_left\"><p>Produces water for market gardeners, greenhouses and animals<\/p>\n<\/div><\/div><!-- \/.sc_title --><\/div><\/div><\/div><\/div>\n<\/div>","protected":false},"excerpt":{"rendered":"<p><span style=\"color: #000000;\"><strong>Water your plants from the humidity in the air!<\/strong><\/span><\/p>\n<p><span style=\"color: #3366ff;\"><strong>Simply connect to the mains or to a photovoltaic system<\/strong><\/span><\/p>\n<p>If you are a market gardener in the PACA region, there are a number of acquisition grants available...<\/p>","protected":false},"featured_media":3559,"template":"","meta":{"_angie_page":false},"product_brand":[],"product_cat":[3585,3587],"product_tag":[],"class_list":{"0":"post-3558","1":"product","2":"type-product","3":"status-publish","4":"has-post-thumbnail","6":"product_cat-produire-son-eau","7":"product_cat-pour-les-plantes-et-les-animaux","9":"first","10":"instock","11":"sale","12":"taxable","13":"shipping-taxable","14":"purchasable","15":"product-type-simple"},"bundled_by":[],"bundle_stock_status":"instock","bundle_stock_quantity":null,"bundle_virtual":false,"bundle_layout":"","bundle_add_to_cart_form_location":"","bundle_editable_in_cart":false,"bundle_sold_individually_context":"","bundle_item_grouping":"","bundle_min_size":"","bundle_max_size":"","bundle_price":[],"bundled_items":[],"bundle_sell_ids":[],"yoast_head":"<!-- This site is optimized with the Yoast SEO plugin v27.4 - https:\/\/yoast.com\/product\/yoast-seo-wordpress\/ -->\n<title>D158 G\u00e9n\u00e9rateur d&#039;eau pour Plantes, mara\u00eechage et Animaux 150 litres par jour - AirDrink<\/title>\n<meta name=\"robots\" content=\"index, follow, max-snippet:-1, max-image-preview:large, max-video-preview:-1\" \/>\n<link rel=\"canonical\" href=\"http:\/\/airdrink.fr\/en\/product\/d158-water-generator-for-market-garden-plants-and-animals-150-liters-per-day\/\" \/>\n<meta property=\"og:locale\" content=\"en_US\" \/>\n<meta property=\"og:type\" content=\"article\" \/>\n<meta property=\"og:title\" content=\"D158 G\u00e9n\u00e9rateur d&#039;eau pour Plantes, mara\u00eechage et Animaux 150 litres par jour - AirDrink\" \/>\n<meta property=\"og:description\" content=\"Une eau pour arroser vos plantes \u00e0 partir de l&#039;humidit\u00e9 de l&#039;air !  Il suffit de brancher au secteur ou \u00e0 un syst\u00e8me photovolta\u00efque  Si vous \u00eates maraicher en R\u00e9gion PACA , des aides \u00e0 l&#039;acquisition sont disponibles...\" \/>\n<meta property=\"og:url\" content=\"http:\/\/airdrink.fr\/en\/product\/d158-water-generator-for-market-garden-plants-and-animals-150-liters-per-day\/\" \/>\n<meta property=\"og:site_name\" content=\"AirDrink\" \/>\n<meta property=\"article:publisher\" content=\"https:\/\/www.facebook.com\/airdrinkFrance\/\" \/>\n<meta property=\"article:modified_time\" content=\"2025-12-15T09:26:10+00:00\" \/>\n<meta property=\"og:image\" content=\"https:\/\/airdrink.fr\/wp-content\/uploads\/2025\/10\/D158.png\" \/>\n\t<meta property=\"og:image:width\" content=\"366\" \/>\n\t<meta property=\"og:image:height\" content=\"496\" \/>\n\t<meta property=\"og:image:type\" content=\"image\/png\" \/>\n<meta name=\"twitter:card\" content=\"summary_large_image\" \/>\n<meta name=\"twitter:label1\" content=\"Est. reading time\" \/>\n\t<meta name=\"twitter:data1\" content=\"1 minute\" \/>\n<script type=\"application\/ld+json\" class=\"yoast-schema-graph\">{\"@context\":\"https:\\\/\\\/schema.org\",\"@graph\":[{\"@type\":\"WebPage\",\"@id\":\"http:\\\/\\\/airdrink.fr\\\/el\\\/%cf%80%cf%81%ce%bf%cf%8a%cf%8c%ce%bd\\\/d158-%ce%b3%ce%b5%ce%bd%ce%bd%ce%ae%cf%84%cf%81%ce%b9%ce%b1-%ce%bd%ce%b5%cf%81%ce%bf%cf%8d-%ce%b3%ce%b9%ce%b1-%cf%84%ce%b1-%cf%86%cf%85%cf%84%ce%ac-%ce%ba%ce%b1%ce%b9-%cf%84%ce%b1-%ce%b6%cf%8e%ce%b1\\\/\",\"url\":\"http:\\\/\\\/airdrink.fr\\\/el\\\/%cf%80%cf%81%ce%bf%cf%8a%cf%8c%ce%bd\\\/d158-%ce%b3%ce%b5%ce%bd%ce%bd%ce%ae%cf%84%cf%81%ce%b9%ce%b1-%ce%bd%ce%b5%cf%81%ce%bf%cf%8d-%ce%b3%ce%b9%ce%b1-%cf%84%ce%b1-%cf%86%cf%85%cf%84%ce%ac-%ce%ba%ce%b1%ce%b9-%cf%84%ce%b1-%ce%b6%cf%8e%ce%b1\\\/\",\"name\":\"D158 G\u00e9n\u00e9rateur d'eau pour Plantes, mara\u00eechage et Animaux 150 litres par jour - AirDrink\",\"isPartOf\":{\"@id\":\"https:\\\/\\\/airdrink.fr\\\/#website\"},\"primaryImageOfPage\":{\"@id\":\"http:\\\/\\\/airdrink.fr\\\/el\\\/%cf%80%cf%81%ce%bf%cf%8a%cf%8c%ce%bd\\\/d158-%ce%b3%ce%b5%ce%bd%ce%bd%ce%ae%cf%84%cf%81%ce%b9%ce%b1-%ce%bd%ce%b5%cf%81%ce%bf%cf%8d-%ce%b3%ce%b9%ce%b1-%cf%84%ce%b1-%cf%86%cf%85%cf%84%ce%ac-%ce%ba%ce%b1%ce%b9-%cf%84%ce%b1-%ce%b6%cf%8e%ce%b1\\\/#primaryimage\"},\"image\":{\"@id\":\"http:\\\/\\\/airdrink.fr\\\/el\\\/%cf%80%cf%81%ce%bf%cf%8a%cf%8c%ce%bd\\\/d158-%ce%b3%ce%b5%ce%bd%ce%bd%ce%ae%cf%84%cf%81%ce%b9%ce%b1-%ce%bd%ce%b5%cf%81%ce%bf%cf%8d-%ce%b3%ce%b9%ce%b1-%cf%84%ce%b1-%cf%86%cf%85%cf%84%ce%ac-%ce%ba%ce%b1%ce%b9-%cf%84%ce%b1-%ce%b6%cf%8e%ce%b1\\\/#primaryimage\"},\"thumbnailUrl\":\"https:\\\/\\\/airdrink.fr\\\/wp-content\\\/uploads\\\/2025\\\/10\\\/D158.png\",\"datePublished\":\"2025-10-30T11:41:34+00:00\",\"dateModified\":\"2025-12-15T09:26:10+00:00\",\"breadcrumb\":{\"@id\":\"http:\\\/\\\/airdrink.fr\\\/el\\\/%cf%80%cf%81%ce%bf%cf%8a%cf%8c%ce%bd\\\/d158-%ce%b3%ce%b5%ce%bd%ce%bd%ce%ae%cf%84%cf%81%ce%b9%ce%b1-%ce%bd%ce%b5%cf%81%ce%bf%cf%8d-%ce%b3%ce%b9%ce%b1-%cf%84%ce%b1-%cf%86%cf%85%cf%84%ce%ac-%ce%ba%ce%b1%ce%b9-%cf%84%ce%b1-%ce%b6%cf%8e%ce%b1\\\/#breadcrumb\"},\"inLanguage\":\"en-US\",\"potentialAction\":[{\"@type\":\"ReadAction\",\"target\":[\"http:\\\/\\\/airdrink.fr\\\/el\\\/%cf%80%cf%81%ce%bf%cf%8a%cf%8c%ce%bd\\\/d158-%ce%b3%ce%b5%ce%bd%ce%bd%ce%ae%cf%84%cf%81%ce%b9%ce%b1-%ce%bd%ce%b5%cf%81%ce%bf%cf%8d-%ce%b3%ce%b9%ce%b1-%cf%84%ce%b1-%cf%86%cf%85%cf%84%ce%ac-%ce%ba%ce%b1%ce%b9-%cf%84%ce%b1-%ce%b6%cf%8e%ce%b1\\\/\"]}]},{\"@type\":\"ImageObject\",\"inLanguage\":\"en-US\",\"@id\":\"http:\\\/\\\/airdrink.fr\\\/el\\\/%cf%80%cf%81%ce%bf%cf%8a%cf%8c%ce%bd\\\/d158-%ce%b3%ce%b5%ce%bd%ce%bd%ce%ae%cf%84%cf%81%ce%b9%ce%b1-%ce%bd%ce%b5%cf%81%ce%bf%cf%8d-%ce%b3%ce%b9%ce%b1-%cf%84%ce%b1-%cf%86%cf%85%cf%84%ce%ac-%ce%ba%ce%b1%ce%b9-%cf%84%ce%b1-%ce%b6%cf%8e%ce%b1\\\/#primaryimage\",\"url\":\"https:\\\/\\\/airdrink.fr\\\/wp-content\\\/uploads\\\/2025\\\/10\\\/D158.png\",\"contentUrl\":\"https:\\\/\\\/airdrink.fr\\\/wp-content\\\/uploads\\\/2025\\\/10\\\/D158.png\",\"width\":366,\"height\":496},{\"@type\":\"BreadcrumbList\",\"@id\":\"http:\\\/\\\/airdrink.fr\\\/el\\\/%cf%80%cf%81%ce%bf%cf%8a%cf%8c%ce%bd\\\/d158-%ce%b3%ce%b5%ce%bd%ce%bd%ce%ae%cf%84%cf%81%ce%b9%ce%b1-%ce%bd%ce%b5%cf%81%ce%bf%cf%8d-%ce%b3%ce%b9%ce%b1-%cf%84%ce%b1-%cf%86%cf%85%cf%84%ce%ac-%ce%ba%ce%b1%ce%b9-%cf%84%ce%b1-%ce%b6%cf%8e%ce%b1\\\/#breadcrumb\",\"itemListElement\":[{\"@type\":\"ListItem\",\"position\":1,\"name\":\"Accueil\",\"item\":\"https:\\\/\\\/airdrink.fr\\\/\"},{\"@type\":\"ListItem\",\"position\":2,\"name\":\"Boutique\",\"item\":\"https:\\\/\\\/airdrink.fr\\\/boutique\\\/\"},{\"@type\":\"ListItem\",\"position\":3,\"name\":\"D158 G\u00e9n\u00e9rateur d&rsquo;eau pour Plantes, mara\u00eechage et Animaux 150 litres par jour\"}]},{\"@type\":\"WebSite\",\"@id\":\"https:\\\/\\\/airdrink.fr\\\/#website\",\"url\":\"https:\\\/\\\/airdrink.fr\\\/\",\"name\":\"AirDrink - de l'eau \u00e0 partir de l'air !\",\"description\":\"Airdrink, de l'eau &agrave; partir de l'air !\",\"publisher\":{\"@id\":\"https:\\\/\\\/airdrink.fr\\\/#organization\"},\"potentialAction\":[{\"@type\":\"SearchAction\",\"target\":{\"@type\":\"EntryPoint\",\"urlTemplate\":\"https:\\\/\\\/airdrink.fr\\\/?s={search_term_string}\"},\"query-input\":{\"@type\":\"PropertyValueSpecification\",\"valueRequired\":true,\"valueName\":\"search_term_string\"}}],\"inLanguage\":\"en-US\"},{\"@type\":\"Organization\",\"@id\":\"https:\\\/\\\/airdrink.fr\\\/#organization\",\"name\":\"AirDrink - de l'eau \u00e0 partir de l'air !\",\"url\":\"https:\\\/\\\/airdrink.fr\\\/\",\"logo\":{\"@type\":\"ImageObject\",\"inLanguage\":\"en-US\",\"@id\":\"https:\\\/\\\/airdrink.fr\\\/#\\\/schema\\\/logo\\\/image\\\/\",\"url\":\"https:\\\/\\\/airdrink.fr\\\/wp-content\\\/uploads\\\/2023\\\/03\\\/cropped-logo-Airdrink-plus-HD-v1-3-300x203-1.png\",\"contentUrl\":\"https:\\\/\\\/airdrink.fr\\\/wp-content\\\/uploads\\\/2023\\\/03\\\/cropped-logo-Airdrink-plus-HD-v1-3-300x203-1.png\",\"width\":300,\"height\":128,\"caption\":\"AirDrink - de l'eau \u00e0 partir de l'air !\"},\"image\":{\"@id\":\"https:\\\/\\\/airdrink.fr\\\/#\\\/schema\\\/logo\\\/image\\\/\"},\"sameAs\":[\"https:\\\/\\\/www.facebook.com\\\/airdrinkFrance\\\/\",\"https:\\\/\\\/www.linkedin.com\\\/company\\\/pgsoft\",\"https:\\\/\\\/www.youtube.com\\\/channel\\\/UCV0fIuMlZQZElbCWK93RP9A\"]}]}<\/script>\n<!-- \/ Yoast SEO plugin. -->","yoast_head_json":{"title":"D158 Water Generator for Plants, Market Gardening, and Animals 150 liters per day - AirDrink","robots":{"index":"index","follow":"follow","max-snippet":"max-snippet:-1","max-image-preview":"max-image-preview:large","max-video-preview":"max-video-preview:-1"},"canonical":"http:\/\/airdrink.fr\/en\/product\/d158-water-generator-for-market-garden-plants-and-animals-150-liters-per-day\/","og_locale":"en_US","og_type":"article","og_title":"D158 G\u00e9n\u00e9rateur d'eau pour Plantes, mara\u00eechage et Animaux 150 litres par jour - AirDrink","og_description":"Une eau pour arroser vos plantes \u00e0 partir de l'humidit\u00e9 de l'air !  Il suffit de brancher au secteur ou \u00e0 un syst\u00e8me photovolta\u00efque  Si vous \u00eates maraicher en R\u00e9gion PACA , des aides \u00e0 l'acquisition sont disponibles...","og_url":"http:\/\/airdrink.fr\/en\/product\/d158-water-generator-for-market-garden-plants-and-animals-150-liters-per-day\/","og_site_name":"AirDrink","article_publisher":"https:\/\/www.facebook.com\/airdrinkFrance\/","article_modified_time":"2025-12-15T09:26:10+00:00","og_image":[{"width":366,"height":496,"url":"https:\/\/airdrink.fr\/wp-content\/uploads\/2025\/10\/D158.png","type":"image\/png"}],"twitter_card":"summary_large_image","twitter_misc":{"Est. reading time":"1 minute"},"schema":{"@context":"https:\/\/schema.org","@graph":[{"@type":"WebPage","@id":"http:\/\/airdrink.fr\/el\/%cf%80%cf%81%ce%bf%cf%8a%cf%8c%ce%bd\/d158-%ce%b3%ce%b5%ce%bd%ce%bd%ce%ae%cf%84%cf%81%ce%b9%ce%b1-%ce%bd%ce%b5%cf%81%ce%bf%cf%8d-%ce%b3%ce%b9%ce%b1-%cf%84%ce%b1-%cf%86%cf%85%cf%84%ce%ac-%ce%ba%ce%b1%ce%b9-%cf%84%ce%b1-%ce%b6%cf%8e%ce%b1\/","url":"http:\/\/airdrink.fr\/el\/%cf%80%cf%81%ce%bf%cf%8a%cf%8c%ce%bd\/d158-%ce%b3%ce%b5%ce%bd%ce%bd%ce%ae%cf%84%cf%81%ce%b9%ce%b1-%ce%bd%ce%b5%cf%81%ce%bf%cf%8d-%ce%b3%ce%b9%ce%b1-%cf%84%ce%b1-%cf%86%cf%85%cf%84%ce%ac-%ce%ba%ce%b1%ce%b9-%cf%84%ce%b1-%ce%b6%cf%8e%ce%b1\/","name":"D158 Water Generator for Plants, Market Gardening, and Animals 150 liters per day - AirDrink","isPartOf":{"@id":"https:\/\/airdrink.fr\/#website"},"primaryImageOfPage":{"@id":"http:\/\/airdrink.fr\/el\/%cf%80%cf%81%ce%bf%cf%8a%cf%8c%ce%bd\/d158-%ce%b3%ce%b5%ce%bd%ce%bd%ce%ae%cf%84%cf%81%ce%b9%ce%b1-%ce%bd%ce%b5%cf%81%ce%bf%cf%8d-%ce%b3%ce%b9%ce%b1-%cf%84%ce%b1-%cf%86%cf%85%cf%84%ce%ac-%ce%ba%ce%b1%ce%b9-%cf%84%ce%b1-%ce%b6%cf%8e%ce%b1\/#primaryimage"},"image":{"@id":"http:\/\/airdrink.fr\/el\/%cf%80%cf%81%ce%bf%cf%8a%cf%8c%ce%bd\/d158-%ce%b3%ce%b5%ce%bd%ce%bd%ce%ae%cf%84%cf%81%ce%b9%ce%b1-%ce%bd%ce%b5%cf%81%ce%bf%cf%8d-%ce%b3%ce%b9%ce%b1-%cf%84%ce%b1-%cf%86%cf%85%cf%84%ce%ac-%ce%ba%ce%b1%ce%b9-%cf%84%ce%b1-%ce%b6%cf%8e%ce%b1\/#primaryimage"},"thumbnailUrl":"https:\/\/airdrink.fr\/wp-content\/uploads\/2025\/10\/D158.png","datePublished":"2025-10-30T11:41:34+00:00","dateModified":"2025-12-15T09:26:10+00:00","breadcrumb":{"@id":"http:\/\/airdrink.fr\/el\/%cf%80%cf%81%ce%bf%cf%8a%cf%8c%ce%bd\/d158-%ce%b3%ce%b5%ce%bd%ce%bd%ce%ae%cf%84%cf%81%ce%b9%ce%b1-%ce%bd%ce%b5%cf%81%ce%bf%cf%8d-%ce%b3%ce%b9%ce%b1-%cf%84%ce%b1-%cf%86%cf%85%cf%84%ce%ac-%ce%ba%ce%b1%ce%b9-%cf%84%ce%b1-%ce%b6%cf%8e%ce%b1\/#breadcrumb"},"inLanguage":"en-US","potentialAction":[{"@type":"ReadAction","target":["http:\/\/airdrink.fr\/el\/%cf%80%cf%81%ce%bf%cf%8a%cf%8c%ce%bd\/d158-%ce%b3%ce%b5%ce%bd%ce%bd%ce%ae%cf%84%cf%81%ce%b9%ce%b1-%ce%bd%ce%b5%cf%81%ce%bf%cf%8d-%ce%b3%ce%b9%ce%b1-%cf%84%ce%b1-%cf%86%cf%85%cf%84%ce%ac-%ce%ba%ce%b1%ce%b9-%cf%84%ce%b1-%ce%b6%cf%8e%ce%b1\/"]}]},{"@type":"ImageObject","inLanguage":"en-US","@id":"http:\/\/airdrink.fr\/el\/%cf%80%cf%81%ce%bf%cf%8a%cf%8c%ce%bd\/d158-%ce%b3%ce%b5%ce%bd%ce%bd%ce%ae%cf%84%cf%81%ce%b9%ce%b1-%ce%bd%ce%b5%cf%81%ce%bf%cf%8d-%ce%b3%ce%b9%ce%b1-%cf%84%ce%b1-%cf%86%cf%85%cf%84%ce%ac-%ce%ba%ce%b1%ce%b9-%cf%84%ce%b1-%ce%b6%cf%8e%ce%b1\/#primaryimage","url":"https:\/\/airdrink.fr\/wp-content\/uploads\/2025\/10\/D158.png","contentUrl":"https:\/\/airdrink.fr\/wp-content\/uploads\/2025\/10\/D158.png","width":366,"height":496},{"@type":"BreadcrumbList","@id":"http:\/\/airdrink.fr\/el\/%cf%80%cf%81%ce%bf%cf%8a%cf%8c%ce%bd\/d158-%ce%b3%ce%b5%ce%bd%ce%bd%ce%ae%cf%84%cf%81%ce%b9%ce%b1-%ce%bd%ce%b5%cf%81%ce%bf%cf%8d-%ce%b3%ce%b9%ce%b1-%cf%84%ce%b1-%cf%86%cf%85%cf%84%ce%ac-%ce%ba%ce%b1%ce%b9-%cf%84%ce%b1-%ce%b6%cf%8e%ce%b1\/#breadcrumb","itemListElement":[{"@type":"ListItem","position":1,"name":"Accueil","item":"https:\/\/airdrink.fr\/"},{"@type":"ListItem","position":2,"name":"Boutique","item":"https:\/\/airdrink.fr\/boutique\/"},{"@type":"ListItem","position":3,"name":"D158 G\u00e9n\u00e9rateur d&rsquo;eau pour Plantes, mara\u00eechage et Animaux 150 litres par jour"}]},{"@type":"WebSite","@id":"https:\/\/airdrink.fr\/#website","url":"https:\/\/airdrink.fr\/","name":"AirDrink - water from the air!","description":"Airdrink, water from air!","publisher":{"@id":"https:\/\/airdrink.fr\/#organization"},"potentialAction":[{"@type":"SearchAction","target":{"@type":"EntryPoint","urlTemplate":"https:\/\/airdrink.fr\/?s={search_term_string}"},"query-input":{"@type":"PropertyValueSpecification","valueRequired":true,"valueName":"search_term_string"}}],"inLanguage":"en-US"},{"@type":"Organization","@id":"https:\/\/airdrink.fr\/#organization","name":"AirDrink - water from the air!","url":"https:\/\/airdrink.fr\/","logo":{"@type":"ImageObject","inLanguage":"en-US","@id":"https:\/\/airdrink.fr\/#\/schema\/logo\/image\/","url":"https:\/\/airdrink.fr\/wp-content\/uploads\/2023\/03\/cropped-logo-Airdrink-plus-HD-v1-3-300x203-1.png","contentUrl":"https:\/\/airdrink.fr\/wp-content\/uploads\/2023\/03\/cropped-logo-Airdrink-plus-HD-v1-3-300x203-1.png","width":300,"height":128,"caption":"AirDrink - de l'eau \u00e0 partir de l'air !"},"image":{"@id":"https:\/\/airdrink.fr\/#\/schema\/logo\/image\/"},"sameAs":["https:\/\/www.facebook.com\/airdrinkFrance\/","https:\/\/www.linkedin.com\/company\/pgsoft","https:\/\/www.youtube.com\/channel\/UCV0fIuMlZQZElbCWK93RP9A"]}]}},"_links":{"self":[{"href":"https:\/\/airdrink.fr\/en\/wp-json\/wp\/v2\/product\/3558","targetHints":{"allow":["GET"]}}],"collection":[{"href":"https:\/\/airdrink.fr\/en\/wp-json\/wp\/v2\/product"}],"about":[{"href":"https:\/\/airdrink.fr\/en\/wp-json\/wp\/v2\/types\/product"}],"version-history":[{"count":0,"href":"https:\/\/airdrink.fr\/en\/wp-json\/wp\/v2\/product\/3558\/revisions"}],"wp:featuredmedia":[{"embeddable":true,"href":"https:\/\/airdrink.fr\/en\/wp-json\/wp\/v2\/media\/3559"}],"wp:attachment":[{"href":"https:\/\/airdrink.fr\/en\/wp-json\/wp\/v2\/media?parent=3558"}],"wp:term":[{"taxonomy":"product_brand","embeddable":true,"href":"https:\/\/airdrink.fr\/en\/wp-json\/wp\/v2\/product_brand?post=3558"},{"taxonomy":"product_cat","embeddable":true,"href":"https:\/\/airdrink.fr\/en\/wp-json\/wp\/v2\/product_cat?post=3558"},{"taxonomy":"product_tag","embeddable":true,"href":"https:\/\/airdrink.fr\/en\/wp-json\/wp\/v2\/product_tag?post=3558"}],"curies":[{"name":"wp","href":"https:\/\/api.w.org\/{rel}","templated":true}]}}