{"id":1283,"date":"2018-12-05T12:37:08","date_gmt":"2018-12-05T11:37:08","guid":{"rendered":"https:\/\/airdrink.fr\/?page_id=1283"},"modified":"2023-06-30T10:04:49","modified_gmt":"2023-06-30T09:04:49","slug":"referencias_legales_politica_de_privacidad","status":"publish","type":"page","link":"https:\/\/airdrink.fr\/es\/mentions_legales_politique_confidentialite\/","title":{"rendered":"Pol\u00edtica de privacidad - protecci\u00f3n de datos"},"content":{"rendered":"<div class=\"wpb-content-wrapper\"><div class=\"vc_row wpb_row vc_row-fluid shape_divider_top-none shape_divider_bottom-none scheme_default\"><div class=\"wpb_column vc_column_container vc_col-sm-12 sc_layouts_column_icons_position_left\"><div class=\"vc_column-inner\"><div class=\"wpb_wrapper\"><div class=\"vc_empty_space\"   style=\"height: 4em\"><span class=\"vc_empty_space_inner\"><\/span><\/div><div id=\"sc_content_506513340\"\n\t\tclass=\"sc_content sc_content_default sc_float_center sc_padding_medium p70\"><div class=\"sc_content_container\">\n\t<div class=\"wpb_text_column wpb_content_element\" >\n\t\t<div class=\"wpb_wrapper\">\n\t\t\t<div style=\"text-align: justify;\"><strong>AVISO LEGAL Y POL\u00cdTICA DE PRIVACIDAD<\/strong><\/div>\n<div style=\"text-align: justify;\"><strong>1 - Editar el sitio<\/strong><\/div>\n<div style=\"text-align: justify;\">De conformidad con el art\u00edculo 6 de la Ley francesa n\u00ba 2004-575, de 21 de junio de 2004, sobre la confianza en la econom\u00eda digital, se informa a los usuarios del sitio web https:\/\/airdrink.fr\/ de la identidad de las distintas partes que intervienen en su creaci\u00f3n y seguimiento:<\/div>\n<div style=\"text-align: justify;\">Propietario del sitio: Philippe GONIN<br \/>\nContacto: contact@airdrink.fr 04 42 18 22 35<br \/>\nDirecci\u00f3n: 14 Chem. de la Passerelle, 13720 La Bouilladisse.<\/div>\n<div style=\"text-align: justify;\">Identificaci\u00f3n de la empresa: SARL Philippe GONIN con un capital social de 1000 euros<br \/>\nSIREN: 894313261 - RCS o RM :<br \/>\nDirecci\u00f3n postal: 14 Chem. de la Passerelle, 13720 La Bouilladisse<\/div>\n<div style=\"text-align: justify;\">https:\/\/airdrink.fr\/cgv\/<\/div>\n<div style=\"text-align: justify;\">Director de publicaci\u00f3n: Philippe GONIN<\/div>\n<div style=\"text-align: justify;\">Alojamiento : Gandi - 63-65 Boulevard Mass\u00e9na, 75013 Par\u00eds - Tel\u00e9fono : 01.70.37.76.61<\/div>\n<div style=\"text-align: justify;\">Responsable de protecci\u00f3n de datos : Philippe GONIN<\/div>\n<div style=\"text-align: justify;\"><strong>2 - Propiedad intelectual y falsificaci\u00f3n.<\/strong><\/div>\n<div style=\"text-align: justify;\">Philippe GONIN es propietario de los derechos de propiedad intelectual y titular de los derechos de uso sobre todos los elementos accesibles en el sitio web, en particular los textos, im\u00e1genes, gr\u00e1ficos, logotipos, v\u00eddeos, arquitectura, iconos y sonidos. Cualquier reproducci\u00f3n, representaci\u00f3n, modificaci\u00f3n, publicaci\u00f3n o adaptaci\u00f3n de todo o parte del contenido de este sitio web est\u00e1 estrictamente prohibida.<\/div>\n<div style=\"text-align: justify;\">elementos del sitio, cualquiera que sea el medio o el procedimiento utilizado, est\u00e1 prohibida, salvo autorizaci\u00f3n escrita del propietario.<\/div>\n<div style=\"text-align: justify;\">de Philippe GONIN. Cualquier uso no autorizado del sitio o de cualquiera de los elementos que contiene se considerar\u00e1 constitutivo de infracci\u00f3n y ser\u00e1 perseguido de conformidad con las disposiciones del C\u00f3digo de la Propiedad Intelectual.<\/div>\n<div style=\"text-align: justify;\">art\u00edculos L.335-2 y siguientes del C\u00f3digo franc\u00e9s de la Propiedad Intelectual.<\/div>\n<div style=\"text-align: justify;\"><strong>3 - Limitaciones de responsabilidad.<\/strong><\/div>\n<div style=\"text-align: justify;\">Philippe GONIN no se hace responsable de los da\u00f1os directos o indirectos causados al<\/div>\n<div style=\"text-align: justify;\">equipo del usuario cuando acceda al sitio web https:\/\/airdrink.fr\/. Philippe GONIN declina toda responsabilidad por el uso que pueda hacerse de la informaci\u00f3n y los contenidos disponibles en https:\/\/airdrink.fr\/. Philippe GONIN se compromete a que el sitio https:\/\/airdrink.fr\/ sea lo m\u00e1s seguro posible, sin embargo, no podr\u00e1 ser considerado responsable si se importan e instalan datos no deseados en su sitio sin su conocimiento. Los usuarios tienen a su disposici\u00f3n espacios interactivos (espacio de contacto o comentarios). Philippe GONIN se reserva el derecho de suprimir, sin previo aviso, cualquier contenido publicado en este espacio que contravenga la legislaci\u00f3n aplicable en Francia, en particular las disposiciones relativas a la protecci\u00f3n de datos.<\/div>\n<div style=\"text-align: justify;\">En su caso, Philippe GONIN tambi\u00e9n se reserva el derecho de exigir responsabilidades civiles y\/o penales al usuario, especialmente en caso de mensajes de car\u00e1cter racista, insultante, difamatorio o pornogr\u00e1fico, sea cual sea el soporte utilizado (texto, fotograf\u00edas, etc.).<\/div>\n<div style=\"text-align: justify;\"><strong>4 - CNIL y gesti\u00f3n de datos personales.<\/strong><\/div>\n<div style=\"text-align: justify;\">De conformidad con las disposiciones de la Ley 78-17 de 6 de enero de 1978 modificada, los usuarios del sitio web https:\/\/airdrink.fr\/ disponen de un derecho de acceso, rectificaci\u00f3n y supresi\u00f3n de los datos recogidos. Para ejercer este derecho, env\u00ede un mensaje a nuestro Responsable de Protecci\u00f3n de Datos : Philippe GONIN.<\/div>\n<div style=\"text-align: justify;\"><strong>5 - Enlaces de hipertexto y cookies<\/strong><\/div>\n<div style=\"text-align: justify;\">\n<p>El sitio https:\/\/airdrink.fr\/ contiene enlaces de hipertexto hacia otros sitios y no acepta ninguna responsabilidad por estos enlaces externos o por los enlaces creados por otros sitios hacia https:\/\/airdrink.fr\/. La navegaci\u00f3n por el sitio https:\/\/airdrink.fr\/ puede provocar la instalaci\u00f3n de \"cookies\" en el ordenador del usuario. Una \"cookie\" es un peque\u00f1o archivo que registra informaci\u00f3n sobre la navegaci\u00f3n de un usuario en un sitio. Los datos as\u00ed obtenidos pueden utilizarse, por ejemplo, para medir el n\u00famero de visitantes. Puede aceptar o rechazar las cookies modificando la configuraci\u00f3n de su navegador. No se depositar\u00e1 ninguna cookie sin su consentimiento. Las cookies se almacenan durante un m\u00e1ximo de 12 meses.\n<\/p><\/div>\n<div style=\"text-align: justify;\"><strong>6 - Ley aplicable y jurisdicci\u00f3n.<\/strong><\/div>\n<div style=\"text-align: justify;\">Cualquier litigio relacionado con el uso del sitio web https:\/\/airdrink.fr\/ est\u00e1 sujeto a la legislaci\u00f3n francesa. A<\/div>\n<div style=\"text-align: justify;\">Salvo en los casos en que la ley no lo permita, los tribunales tienen competencia exclusiva.<\/div>\n<div style=\"text-align: justify;\">en Aix-en-Provence.<\/div>\n\n\t\t<\/div>\n\t<\/div>\n<\/div><\/div><!-- \/.sc_content --><div class=\"vc_empty_space\"   style=\"height: 4em\"><span class=\"vc_empty_space_inner\"><\/span><\/div><\/div><\/div><\/div><\/div>\n<\/div>","protected":false},"excerpt":{"rendered":"AVISOS LEGALES Y POL\u00cdTICA DE PRIVACIDAD 1 - Publicaci\u00f3n del sitio En virtud del art\u00edculo...","protected":false},"author":1,"featured_media":0,"parent":0,"menu_order":0,"comment_status":"closed","ping_status":"closed","template":"","meta":{"_angie_page":false,"footnotes":""},"class_list":["post-1283","page","type-page","status-publish","hentry"],"yoast_head":"<!-- This site is optimized with the Yoast SEO plugin v27.5 - https:\/\/yoast.com\/product\/yoast-seo-wordpress\/ -->\n<title>Politique de confidentialit\u00e9 - protection des donn\u00e9es - AirDrink<\/title>\n<meta name=\"description\" content=\"AIRDRINK propose des solutions uniques etinnovantes qui produisent \u00e0 partir de l\u2019humidit\u00e9 de l\u2019air une eau potable, fraiche etmin\u00e9ralis\u00e9e ! Ce proc\u00e9d\u00e9 unique s\u2019appelle \u00abG\u00e9n\u00e9rateur d\u2019eau Atmosph\u00e9rique\u00bb.Nos solutions sont compl\u00e9mentaires aux diff\u00e9rents moyens d\u2019acc\u00e8s \u00e0 l\u2019eaupotable mais et permettent un acc\u00e8s infini \u00e0 l\u2019eau au plus proche du lieu deconsommation.\" \/>\n<meta name=\"robots\" content=\"index, follow, max-snippet:-1, max-image-preview:large, max-video-preview:-1\" \/>\n<link rel=\"canonical\" href=\"https:\/\/airdrink.fr\/es\/referencias_legales_politica_de_privacidad\/\" \/>\n<meta property=\"og:locale\" content=\"es_ES\" \/>\n<meta property=\"og:type\" content=\"article\" \/>\n<meta property=\"og:title\" content=\"Politique de confidentialit\u00e9 - protection des donn\u00e9es - AirDrink\" \/>\n<meta property=\"og:description\" content=\"AIRDRINK propose des solutions uniques etinnovantes qui produisent \u00e0 partir de l\u2019humidit\u00e9 de l\u2019air une eau potable, fraiche etmin\u00e9ralis\u00e9e ! Ce proc\u00e9d\u00e9 unique s\u2019appelle \u00abG\u00e9n\u00e9rateur d\u2019eau Atmosph\u00e9rique\u00bb.Nos solutions sont compl\u00e9mentaires aux diff\u00e9rents moyens d\u2019acc\u00e8s \u00e0 l\u2019eaupotable mais et permettent un acc\u00e8s infini \u00e0 l\u2019eau au plus proche du lieu deconsommation.\" \/>\n<meta property=\"og:url\" content=\"https:\/\/airdrink.fr\/es\/referencias_legales_politica_de_privacidad\/\" \/>\n<meta property=\"og:site_name\" content=\"AirDrink\" \/>\n<meta property=\"article:publisher\" content=\"https:\/\/www.facebook.com\/airdrinkFrance\/\" \/>\n<meta property=\"article:modified_time\" content=\"2023-06-30T09:04:49+00:00\" \/>\n<meta name=\"twitter:card\" content=\"summary_large_image\" \/>\n<meta name=\"twitter:label1\" content=\"Tiempo de lectura\" \/>\n\t<meta name=\"twitter:data1\" content=\"4 minutos\" \/>\n<script type=\"application\/ld+json\" class=\"yoast-schema-graph\">{\"@context\":\"https:\\\/\\\/schema.org\",\"@graph\":[{\"@type\":\"WebPage\",\"@id\":\"https:\\\/\\\/airdrink.fr\\\/mentions_legales_politique_confidentialite\\\/\",\"url\":\"https:\\\/\\\/airdrink.fr\\\/mentions_legales_politique_confidentialite\\\/\",\"name\":\"Politique de confidentialit\u00e9 - protection des donn\u00e9es - AirDrink\",\"isPartOf\":{\"@id\":\"https:\\\/\\\/airdrink.fr\\\/#website\"},\"datePublished\":\"2018-12-05T11:37:08+00:00\",\"dateModified\":\"2023-06-30T09:04:49+00:00\",\"description\":\"AIRDRINK propose des solutions uniques etinnovantes qui produisent \u00e0 partir de l\u2019humidit\u00e9 de l\u2019air une eau potable, fraiche etmin\u00e9ralis\u00e9e ! Ce proc\u00e9d\u00e9 unique s\u2019appelle \u00abG\u00e9n\u00e9rateur d\u2019eau Atmosph\u00e9rique\u00bb.Nos solutions sont compl\u00e9mentaires aux diff\u00e9rents moyens d\u2019acc\u00e8s \u00e0 l\u2019eaupotable mais et permettent un acc\u00e8s infini \u00e0 l\u2019eau au plus proche du lieu deconsommation.\",\"breadcrumb\":{\"@id\":\"https:\\\/\\\/airdrink.fr\\\/mentions_legales_politique_confidentialite\\\/#breadcrumb\"},\"inLanguage\":\"es\",\"potentialAction\":[{\"@type\":\"ReadAction\",\"target\":[\"https:\\\/\\\/airdrink.fr\\\/mentions_legales_politique_confidentialite\\\/\"]}]},{\"@type\":\"BreadcrumbList\",\"@id\":\"https:\\\/\\\/airdrink.fr\\\/mentions_legales_politique_confidentialite\\\/#breadcrumb\",\"itemListElement\":[{\"@type\":\"ListItem\",\"position\":1,\"name\":\"Accueil\",\"item\":\"https:\\\/\\\/airdrink.fr\\\/\"},{\"@type\":\"ListItem\",\"position\":2,\"name\":\"Politique de confidentialit\u00e9 &#8211; protection des donn\u00e9es\"}]},{\"@type\":\"WebSite\",\"@id\":\"https:\\\/\\\/airdrink.fr\\\/#website\",\"url\":\"https:\\\/\\\/airdrink.fr\\\/\",\"name\":\"AirDrink - de l'eau \u00e0 partir de l'air !\",\"description\":\"Airdrink, de l'eau &agrave; partir de l'air !\",\"publisher\":{\"@id\":\"https:\\\/\\\/airdrink.fr\\\/#organization\"},\"potentialAction\":[{\"@type\":\"SearchAction\",\"target\":{\"@type\":\"EntryPoint\",\"urlTemplate\":\"https:\\\/\\\/airdrink.fr\\\/?s={search_term_string}\"},\"query-input\":{\"@type\":\"PropertyValueSpecification\",\"valueRequired\":true,\"valueName\":\"search_term_string\"}}],\"inLanguage\":\"es\"},{\"@type\":\"Organization\",\"@id\":\"https:\\\/\\\/airdrink.fr\\\/#organization\",\"name\":\"AirDrink - de l'eau \u00e0 partir de l'air !\",\"url\":\"https:\\\/\\\/airdrink.fr\\\/\",\"logo\":{\"@type\":\"ImageObject\",\"inLanguage\":\"es\",\"@id\":\"https:\\\/\\\/airdrink.fr\\\/#\\\/schema\\\/logo\\\/image\\\/\",\"url\":\"https:\\\/\\\/airdrink.fr\\\/wp-content\\\/uploads\\\/2023\\\/03\\\/cropped-logo-Airdrink-plus-HD-v1-3-300x203-1.png\",\"contentUrl\":\"https:\\\/\\\/airdrink.fr\\\/wp-content\\\/uploads\\\/2023\\\/03\\\/cropped-logo-Airdrink-plus-HD-v1-3-300x203-1.png\",\"width\":300,\"height\":128,\"caption\":\"AirDrink - de l'eau \u00e0 partir de l'air !\"},\"image\":{\"@id\":\"https:\\\/\\\/airdrink.fr\\\/#\\\/schema\\\/logo\\\/image\\\/\"},\"sameAs\":[\"https:\\\/\\\/www.facebook.com\\\/airdrinkFrance\\\/\",\"https:\\\/\\\/www.linkedin.com\\\/company\\\/pgsoft\",\"https:\\\/\\\/www.youtube.com\\\/channel\\\/UCV0fIuMlZQZElbCWK93RP9A\"]}]}<\/script>\n<!-- \/ Yoast SEO plugin. -->","yoast_head_json":{"title":"Pol\u00edtica de privacidad - protecci\u00f3n de datos - AirDrink","description":"AIRDRINK ofrece soluciones \u00fanicas e innovadoras que producen agua potable fresca y mineralizada a partir de la humedad del aire. Este proceso \u00fanico se llama \"Generador Atmosf\u00e9rico de Agua\" y nuestras soluciones son complementarias a los diferentes medios de acceso al agua potable y permiten un acceso infinito al agua cerca del lugar de consumo.","robots":{"index":"index","follow":"follow","max-snippet":"max-snippet:-1","max-image-preview":"max-image-preview:large","max-video-preview":"max-video-preview:-1"},"canonical":"https:\/\/airdrink.fr\/es\/referencias_legales_politica_de_privacidad\/","og_locale":"es_ES","og_type":"article","og_title":"Politique de confidentialit\u00e9 - protection des donn\u00e9es - AirDrink","og_description":"AIRDRINK propose des solutions uniques etinnovantes qui produisent \u00e0 partir de l\u2019humidit\u00e9 de l\u2019air une eau potable, fraiche etmin\u00e9ralis\u00e9e ! Ce proc\u00e9d\u00e9 unique s\u2019appelle \u00abG\u00e9n\u00e9rateur d\u2019eau Atmosph\u00e9rique\u00bb.Nos solutions sont compl\u00e9mentaires aux diff\u00e9rents moyens d\u2019acc\u00e8s \u00e0 l\u2019eaupotable mais et permettent un acc\u00e8s infini \u00e0 l\u2019eau au plus proche du lieu deconsommation.","og_url":"https:\/\/airdrink.fr\/es\/referencias_legales_politica_de_privacidad\/","og_site_name":"AirDrink","article_publisher":"https:\/\/www.facebook.com\/airdrinkFrance\/","article_modified_time":"2023-06-30T09:04:49+00:00","twitter_card":"summary_large_image","twitter_misc":{"Tiempo de lectura":"4 minutos"},"schema":{"@context":"https:\/\/schema.org","@graph":[{"@type":"WebPage","@id":"https:\/\/airdrink.fr\/mentions_legales_politique_confidentialite\/","url":"https:\/\/airdrink.fr\/mentions_legales_politique_confidentialite\/","name":"Pol\u00edtica de privacidad - protecci\u00f3n de datos - AirDrink","isPartOf":{"@id":"https:\/\/airdrink.fr\/#website"},"datePublished":"2018-12-05T11:37:08+00:00","dateModified":"2023-06-30T09:04:49+00:00","description":"AIRDRINK ofrece soluciones \u00fanicas e innovadoras que producen agua potable fresca y mineralizada a partir de la humedad del aire. Este proceso \u00fanico se llama \"Generador Atmosf\u00e9rico de Agua\" y nuestras soluciones son complementarias a los diferentes medios de acceso al agua potable y permiten un acceso infinito al agua cerca del lugar de consumo.","breadcrumb":{"@id":"https:\/\/airdrink.fr\/mentions_legales_politique_confidentialite\/#breadcrumb"},"inLanguage":"es","potentialAction":[{"@type":"ReadAction","target":["https:\/\/airdrink.fr\/mentions_legales_politique_confidentialite\/"]}]},{"@type":"BreadcrumbList","@id":"https:\/\/airdrink.fr\/mentions_legales_politique_confidentialite\/#breadcrumb","itemListElement":[{"@type":"ListItem","position":1,"name":"Accueil","item":"https:\/\/airdrink.fr\/"},{"@type":"ListItem","position":2,"name":"Politique de confidentialit\u00e9 &#8211; protection des donn\u00e9es"}]},{"@type":"WebSite","@id":"https:\/\/airdrink.fr\/#website","url":"https:\/\/airdrink.fr\/","name":"AirDrink: \u00a1agua del aire!","description":"Airdrink, \u00a1agua del aire!","publisher":{"@id":"https:\/\/airdrink.fr\/#organization"},"potentialAction":[{"@type":"SearchAction","target":{"@type":"EntryPoint","urlTemplate":"https:\/\/airdrink.fr\/?s={search_term_string}"},"query-input":{"@type":"PropertyValueSpecification","valueRequired":true,"valueName":"search_term_string"}}],"inLanguage":"es"},{"@type":"Organization","@id":"https:\/\/airdrink.fr\/#organization","name":"AirDrink: \u00a1agua del aire!","url":"https:\/\/airdrink.fr\/","logo":{"@type":"ImageObject","inLanguage":"es","@id":"https:\/\/airdrink.fr\/#\/schema\/logo\/image\/","url":"https:\/\/airdrink.fr\/wp-content\/uploads\/2023\/03\/cropped-logo-Airdrink-plus-HD-v1-3-300x203-1.png","contentUrl":"https:\/\/airdrink.fr\/wp-content\/uploads\/2023\/03\/cropped-logo-Airdrink-plus-HD-v1-3-300x203-1.png","width":300,"height":128,"caption":"AirDrink - de l'eau \u00e0 partir de l'air !"},"image":{"@id":"https:\/\/airdrink.fr\/#\/schema\/logo\/image\/"},"sameAs":["https:\/\/www.facebook.com\/airdrinkFrance\/","https:\/\/www.linkedin.com\/company\/pgsoft","https:\/\/www.youtube.com\/channel\/UCV0fIuMlZQZElbCWK93RP9A"]}]}},"_links":{"self":[{"href":"https:\/\/airdrink.fr\/es\/wp-json\/wp\/v2\/pages\/1283","targetHints":{"allow":["GET"]}}],"collection":[{"href":"https:\/\/airdrink.fr\/es\/wp-json\/wp\/v2\/pages"}],"about":[{"href":"https:\/\/airdrink.fr\/es\/wp-json\/wp\/v2\/types\/page"}],"author":[{"embeddable":true,"href":"https:\/\/airdrink.fr\/es\/wp-json\/wp\/v2\/users\/1"}],"replies":[{"embeddable":true,"href":"https:\/\/airdrink.fr\/es\/wp-json\/wp\/v2\/comments?post=1283"}],"version-history":[{"count":0,"href":"https:\/\/airdrink.fr\/es\/wp-json\/wp\/v2\/pages\/1283\/revisions"}],"wp:attachment":[{"href":"https:\/\/airdrink.fr\/es\/wp-json\/wp\/v2\/media?parent=1283"}],"curies":[{"name":"wp","href":"https:\/\/api.w.org\/{rel}","templated":true}]}}