{"id":2467,"date":"2023-06-30T09:47:07","date_gmt":"2023-06-30T08:47:07","guid":{"rendered":"https:\/\/airdrink.fr\/?page_id=2467"},"modified":"2024-12-17T08:16:55","modified_gmt":"2024-12-17T06:16:55","slug":"a-propos-4","status":"publish","type":"page","link":"https:\/\/airdrink.fr\/es\/cgv\/","title":{"rendered":"Condiciones generales de venta"},"content":{"rendered":"<div class=\"wpb-content-wrapper\"><div class=\"vc_row wpb_row vc_row-fluid vc_custom_1541768449725 shape_divider_top-none shape_divider_bottom-none\"><div class=\"wpb_column vc_column_container vc_col-sm-12 sc_layouts_column_icons_position_left\"><div class=\"vc_column-inner\"><div class=\"wpb_wrapper\">\n\t<div class=\"wpb_text_column wpb_content_element\" >\n\t\t<div class=\"wpb_wrapper\">\n\t\t\t<p style=\"text-align: justify;\"><strong>CONDICIONES GENERALES DE VENTA AIRDRINK - PGSOFT - Aplicables a partir del 29\/06\/2023<\/strong><\/p>\n<p style=\"text-align: justify;\"><strong>Cl\u00e1usula 1: Objeto y \u00e1mbito de aplicaci\u00f3n<\/strong><br \/>\nLas presentes Condiciones Generales de Venta (CGV) constituyen la base de las negociaciones comerciales y se env\u00edan o entregan sistem\u00e1ticamente a cada comprador para permitirle realizar un pedido. Las condiciones generales de venta descritas a continuaci\u00f3n detallan los derechos y obligaciones de PGSOFT y de su cliente en relaci\u00f3n con la venta de las siguientes mercanc\u00edas:<\/p>\n<p style=\"text-align: justify;\"><strong>GENERADORES DE AGUA ATMOSF\u00c9RICA Y ACCESORIOS<\/strong><br \/>\nToda aceptaci\u00f3n del formulario de oferta\/pedido de este sitio implica la aceptaci\u00f3n sin reservas por parte del comprador de las presentes condiciones generales de venta.<\/p>\n<p style=\"text-align: justify;\"><strong>Cl\u00e1usula 2: Precio<\/strong><br \/>\nLos precios de las mercanc\u00edas vendidas son los vigentes el d\u00eda en que se toma el pedido. Se expresan en euros y no incluyen impuestos. Por consiguiente, se ver\u00e1n incrementados por el tipo de IVA y los gastos de transporte aplicables el d\u00eda en que se realice el pedido. PGSOFT se reserva el derecho de modificar sus precios en cualquier momento. No obstante, se compromete a facturar las mercanc\u00edas pedidas a los precios indicados en el momento del registro del pedido.<\/p>\n<p style=\"text-align: justify;\"><strong>Cl\u00e1usula 3: Descuentos y rebajas<\/strong><br \/>\nLos precios indicados incluyen los descuentos y rebajas que PGSOFT pueda conceder en funci\u00f3n de sus resultados o de la asunci\u00f3n por el comprador de determinados servicios.<\/p>\n<p style=\"text-align: justify;\"><strong>Cl\u00e1usula 4: Descuento<\/strong><br \/>\nNo se conceder\u00e1 ning\u00fan descuento por pago anticipado.<\/p>\n<p style=\"text-align: justify;\"><strong>Cl\u00e1usula 5: Condiciones de pago<\/strong><br \/>\nLos pedidos deben pagarse en su totalidad:<br \/>\n- o por cheque ;<br \/>\n- o con tarjeta de cr\u00e9dito;<br \/>\n- Por transferencia bancaria<br \/>\n- O por Paypal o Paypal * 4<\/p>\n<p style=\"text-align: justify;\"><strong>Cl\u00e1usula 6: Cl\u00e1usula de reserva de dominio<\/strong><br \/>\nPGSOFT conserva la propiedad de los bienes vendidos hasta el pago total del precio, en principal y accesorios. A este respecto, si el comprador es objeto de un procedimiento de quiebra o liquidaci\u00f3n, PGSOFT se reserva el derecho de reclamar, en el marco del procedimiento de quiebra, las mercanc\u00edas vendidas y que permanezcan impagadas.<\/p>\n<p style=\"text-align: justify;\"><strong>Cl\u00e1usula 7: Entrega<\/strong><br \/>\nLa entrega se realiza :<br \/>\n- o entregando la mercanc\u00eda directamente al comprador;<br \/>\n- o enviando un aviso de disponibilidad al comprador;<br \/>\n- o depositando la mercanc\u00eda en el lugar indicado por el comprador en la hoja de pedido.<br \/>\nEl plazo de entrega indicado al realizar el pedido se da a t\u00edtulo indicativo y no est\u00e1 en modo alguno garantizado. Por consiguiente, cualquier retraso razonable en la entrega de los productos no dar\u00e1 lugar a reclamaci\u00f3n alguna por parte del comprador:<br \/>\n- la concesi\u00f3n de da\u00f1os y perjuicios;<br \/>\n- anulaci\u00f3n del pedido.<br \/>\nEl riesgo de transporte corre \u00edntegramente a cargo del comprador.<\/p>\n<p style=\"text-align: justify;\">En caso de que la mercanc\u00eda falte o resulte da\u00f1ada durante el transporte, el comprador deber\u00e1 formular todas las reservas necesarias en la nota de transporte en el momento de la recepci\u00f3n de dicha mercanc\u00eda. Estas reservas tambi\u00e9n deber\u00e1n confirmarse por escrito en un plazo de cinco d\u00edas a partir de la entrega, mediante carta certificada con acuse de recibo dirigida a la empresa.<\/p>\n<p style=\"text-align: justify;\"><strong>Cl\u00e1usula 8: Fuerza mayor<\/strong><br \/>\nPGSOFT no podr\u00e1 ser considerado responsable en caso de no ejecuci\u00f3n o de retraso en la ejecuci\u00f3n de una de sus obligaciones descritas en las presentes condiciones generales.<br \/>\nde venta se debe a un caso de fuerza mayor. La fuerza mayor se define como cualquier acontecimiento externo, imprevisible e irresistible en el sentido del art\u00edculo 1148 del C\u00f3digo Civil franc\u00e9s.<\/p>\n<p style=\"text-align: justify;\"><strong>Cl\u00e1usula 9: Competencia<\/strong><br \/>\nCualquier litigio relativo a la interpretaci\u00f3n y ejecuci\u00f3n de las presentes condiciones generales de venta se regir\u00e1 por el derecho franc\u00e9s. A falta de soluci\u00f3n amistosa, el litigio se someter\u00e1 al Tribunal de Comercio de Aix-en-Provence.<\/p>\n\n\t\t<\/div>\n\t<\/div>\n<\/div><\/div><\/div><\/div>\n<\/div>","protected":false},"excerpt":{"rendered":"CONDITIONS GENERALES DE VENTE AIRDRINK - PGSOFT - Applicables \u00e0 compter du 29\/06\/2023 Clause n\u00b0&hellip;","protected":false},"author":1,"featured_media":0,"parent":0,"menu_order":0,"comment_status":"closed","ping_status":"closed","template":"","meta":{"_angie_page":false,"footnotes":""},"class_list":["post-2467","page","type-page","status-publish","hentry"],"yoast_head":"<!-- This site is optimized with the Yoast SEO plugin v27.5 - https:\/\/yoast.com\/product\/yoast-seo-wordpress\/ -->\n<title>Conditions G\u00e9n\u00e9rales de Vente - AirDrink<\/title>\n<meta name=\"description\" content=\"AIRDRINK propose des solutions uniques etinnovantes qui produisent \u00e0 partir de l\u2019humidit\u00e9 de l\u2019air une eau potable, fraiche etmin\u00e9ralis\u00e9e ! Ce proc\u00e9d\u00e9 unique s\u2019appelle \u00abG\u00e9n\u00e9rateur d\u2019eau Atmosph\u00e9rique\u00bb.Nos solutions sont compl\u00e9mentaires aux diff\u00e9rents moyens d\u2019acc\u00e8s \u00e0 l\u2019eaupotable mais et permettent un acc\u00e8s infini \u00e0 l\u2019eau au plus proche du lieu deconsommation.\" \/>\n<meta name=\"robots\" content=\"index, follow, max-snippet:-1, max-image-preview:large, max-video-preview:-1\" \/>\n<link rel=\"canonical\" href=\"https:\/\/airdrink.fr\/es\/a-propos-4\/\" \/>\n<meta property=\"og:locale\" content=\"es_ES\" \/>\n<meta property=\"og:type\" content=\"article\" \/>\n<meta property=\"og:title\" content=\"Conditions G\u00e9n\u00e9rales de Vente - AirDrink\" \/>\n<meta property=\"og:description\" content=\"AIRDRINK propose des solutions uniques etinnovantes qui produisent \u00e0 partir de l\u2019humidit\u00e9 de l\u2019air une eau potable, fraiche etmin\u00e9ralis\u00e9e ! Ce proc\u00e9d\u00e9 unique s\u2019appelle \u00abG\u00e9n\u00e9rateur d\u2019eau Atmosph\u00e9rique\u00bb.Nos solutions sont compl\u00e9mentaires aux diff\u00e9rents moyens d\u2019acc\u00e8s \u00e0 l\u2019eaupotable mais et permettent un acc\u00e8s infini \u00e0 l\u2019eau au plus proche du lieu deconsommation.\" \/>\n<meta property=\"og:url\" content=\"https:\/\/airdrink.fr\/es\/a-propos-4\/\" \/>\n<meta property=\"og:site_name\" content=\"AirDrink\" \/>\n<meta property=\"article:publisher\" content=\"https:\/\/www.facebook.com\/airdrinkFrance\/\" \/>\n<meta property=\"article:modified_time\" content=\"2024-12-17T06:16:55+00:00\" \/>\n<meta name=\"twitter:card\" content=\"summary_large_image\" \/>\n<meta name=\"twitter:label1\" content=\"Tiempo de lectura\" \/>\n\t<meta name=\"twitter:data1\" content=\"4 minutos\" \/>\n<script type=\"application\/ld+json\" class=\"yoast-schema-graph\">{\"@context\":\"https:\\\/\\\/schema.org\",\"@graph\":[{\"@type\":\"WebPage\",\"@id\":\"https:\\\/\\\/airdrink.fr\\\/cgv\\\/\",\"url\":\"https:\\\/\\\/airdrink.fr\\\/cgv\\\/\",\"name\":\"Conditions G\u00e9n\u00e9rales de Vente - AirDrink\",\"isPartOf\":{\"@id\":\"https:\\\/\\\/airdrink.fr\\\/#website\"},\"datePublished\":\"2023-06-30T08:47:07+00:00\",\"dateModified\":\"2024-12-17T06:16:55+00:00\",\"description\":\"AIRDRINK propose des solutions uniques etinnovantes qui produisent \u00e0 partir de l\u2019humidit\u00e9 de l\u2019air une eau potable, fraiche etmin\u00e9ralis\u00e9e ! Ce proc\u00e9d\u00e9 unique s\u2019appelle \u00abG\u00e9n\u00e9rateur d\u2019eau Atmosph\u00e9rique\u00bb.Nos solutions sont compl\u00e9mentaires aux diff\u00e9rents moyens d\u2019acc\u00e8s \u00e0 l\u2019eaupotable mais et permettent un acc\u00e8s infini \u00e0 l\u2019eau au plus proche du lieu deconsommation.\",\"breadcrumb\":{\"@id\":\"https:\\\/\\\/airdrink.fr\\\/cgv\\\/#breadcrumb\"},\"inLanguage\":\"es\",\"potentialAction\":[{\"@type\":\"ReadAction\",\"target\":[\"https:\\\/\\\/airdrink.fr\\\/cgv\\\/\"]}]},{\"@type\":\"BreadcrumbList\",\"@id\":\"https:\\\/\\\/airdrink.fr\\\/cgv\\\/#breadcrumb\",\"itemListElement\":[{\"@type\":\"ListItem\",\"position\":1,\"name\":\"Accueil\",\"item\":\"https:\\\/\\\/airdrink.fr\\\/\"},{\"@type\":\"ListItem\",\"position\":2,\"name\":\"Conditions G\u00e9n\u00e9rales de Vente\"}]},{\"@type\":\"WebSite\",\"@id\":\"https:\\\/\\\/airdrink.fr\\\/#website\",\"url\":\"https:\\\/\\\/airdrink.fr\\\/\",\"name\":\"AirDrink - de l'eau \u00e0 partir de l'air !\",\"description\":\"Airdrink, de l'eau &agrave; partir de l'air !\",\"publisher\":{\"@id\":\"https:\\\/\\\/airdrink.fr\\\/#organization\"},\"potentialAction\":[{\"@type\":\"SearchAction\",\"target\":{\"@type\":\"EntryPoint\",\"urlTemplate\":\"https:\\\/\\\/airdrink.fr\\\/?s={search_term_string}\"},\"query-input\":{\"@type\":\"PropertyValueSpecification\",\"valueRequired\":true,\"valueName\":\"search_term_string\"}}],\"inLanguage\":\"es\"},{\"@type\":\"Organization\",\"@id\":\"https:\\\/\\\/airdrink.fr\\\/#organization\",\"name\":\"AirDrink - de l'eau \u00e0 partir de l'air !\",\"url\":\"https:\\\/\\\/airdrink.fr\\\/\",\"logo\":{\"@type\":\"ImageObject\",\"inLanguage\":\"es\",\"@id\":\"https:\\\/\\\/airdrink.fr\\\/#\\\/schema\\\/logo\\\/image\\\/\",\"url\":\"https:\\\/\\\/airdrink.fr\\\/wp-content\\\/uploads\\\/2023\\\/03\\\/cropped-logo-Airdrink-plus-HD-v1-3-300x203-1.png\",\"contentUrl\":\"https:\\\/\\\/airdrink.fr\\\/wp-content\\\/uploads\\\/2023\\\/03\\\/cropped-logo-Airdrink-plus-HD-v1-3-300x203-1.png\",\"width\":300,\"height\":128,\"caption\":\"AirDrink - de l'eau \u00e0 partir de l'air !\"},\"image\":{\"@id\":\"https:\\\/\\\/airdrink.fr\\\/#\\\/schema\\\/logo\\\/image\\\/\"},\"sameAs\":[\"https:\\\/\\\/www.facebook.com\\\/airdrinkFrance\\\/\",\"https:\\\/\\\/www.linkedin.com\\\/company\\\/pgsoft\",\"https:\\\/\\\/www.youtube.com\\\/channel\\\/UCV0fIuMlZQZElbCWK93RP9A\"]}]}<\/script>\n<!-- \/ Yoast SEO plugin. -->","yoast_head_json":{"title":"Condiciones de venta - AirDrink","description":"AIRDRINK ofrece soluciones \u00fanicas e innovadoras que producen agua potable fresca y mineralizada a partir de la humedad del aire. Este proceso \u00fanico se llama \"Generador Atmosf\u00e9rico de Agua\" y nuestras soluciones son complementarias a los diferentes medios de acceso al agua potable y permiten un acceso infinito al agua cerca del lugar de consumo.","robots":{"index":"index","follow":"follow","max-snippet":"max-snippet:-1","max-image-preview":"max-image-preview:large","max-video-preview":"max-video-preview:-1"},"canonical":"https:\/\/airdrink.fr\/es\/a-propos-4\/","og_locale":"es_ES","og_type":"article","og_title":"Conditions G\u00e9n\u00e9rales de Vente - AirDrink","og_description":"AIRDRINK propose des solutions uniques etinnovantes qui produisent \u00e0 partir de l\u2019humidit\u00e9 de l\u2019air une eau potable, fraiche etmin\u00e9ralis\u00e9e ! Ce proc\u00e9d\u00e9 unique s\u2019appelle \u00abG\u00e9n\u00e9rateur d\u2019eau Atmosph\u00e9rique\u00bb.Nos solutions sont compl\u00e9mentaires aux diff\u00e9rents moyens d\u2019acc\u00e8s \u00e0 l\u2019eaupotable mais et permettent un acc\u00e8s infini \u00e0 l\u2019eau au plus proche du lieu deconsommation.","og_url":"https:\/\/airdrink.fr\/es\/a-propos-4\/","og_site_name":"AirDrink","article_publisher":"https:\/\/www.facebook.com\/airdrinkFrance\/","article_modified_time":"2024-12-17T06:16:55+00:00","twitter_card":"summary_large_image","twitter_misc":{"Tiempo de lectura":"4 minutos"},"schema":{"@context":"https:\/\/schema.org","@graph":[{"@type":"WebPage","@id":"https:\/\/airdrink.fr\/cgv\/","url":"https:\/\/airdrink.fr\/cgv\/","name":"Condiciones de venta - AirDrink","isPartOf":{"@id":"https:\/\/airdrink.fr\/#website"},"datePublished":"2023-06-30T08:47:07+00:00","dateModified":"2024-12-17T06:16:55+00:00","description":"AIRDRINK ofrece soluciones \u00fanicas e innovadoras que producen agua potable fresca y mineralizada a partir de la humedad del aire. Este proceso \u00fanico se llama \"Generador Atmosf\u00e9rico de Agua\" y nuestras soluciones son complementarias a los diferentes medios de acceso al agua potable y permiten un acceso infinito al agua cerca del lugar de consumo.","breadcrumb":{"@id":"https:\/\/airdrink.fr\/cgv\/#breadcrumb"},"inLanguage":"es","potentialAction":[{"@type":"ReadAction","target":["https:\/\/airdrink.fr\/cgv\/"]}]},{"@type":"BreadcrumbList","@id":"https:\/\/airdrink.fr\/cgv\/#breadcrumb","itemListElement":[{"@type":"ListItem","position":1,"name":"Accueil","item":"https:\/\/airdrink.fr\/"},{"@type":"ListItem","position":2,"name":"Conditions G\u00e9n\u00e9rales de Vente"}]},{"@type":"WebSite","@id":"https:\/\/airdrink.fr\/#website","url":"https:\/\/airdrink.fr\/","name":"AirDrink: \u00a1agua del aire!","description":"Airdrink, \u00a1agua del aire!","publisher":{"@id":"https:\/\/airdrink.fr\/#organization"},"potentialAction":[{"@type":"SearchAction","target":{"@type":"EntryPoint","urlTemplate":"https:\/\/airdrink.fr\/?s={search_term_string}"},"query-input":{"@type":"PropertyValueSpecification","valueRequired":true,"valueName":"search_term_string"}}],"inLanguage":"es"},{"@type":"Organization","@id":"https:\/\/airdrink.fr\/#organization","name":"AirDrink: \u00a1agua del aire!","url":"https:\/\/airdrink.fr\/","logo":{"@type":"ImageObject","inLanguage":"es","@id":"https:\/\/airdrink.fr\/#\/schema\/logo\/image\/","url":"https:\/\/airdrink.fr\/wp-content\/uploads\/2023\/03\/cropped-logo-Airdrink-plus-HD-v1-3-300x203-1.png","contentUrl":"https:\/\/airdrink.fr\/wp-content\/uploads\/2023\/03\/cropped-logo-Airdrink-plus-HD-v1-3-300x203-1.png","width":300,"height":128,"caption":"AirDrink - de l'eau \u00e0 partir de l'air !"},"image":{"@id":"https:\/\/airdrink.fr\/#\/schema\/logo\/image\/"},"sameAs":["https:\/\/www.facebook.com\/airdrinkFrance\/","https:\/\/www.linkedin.com\/company\/pgsoft","https:\/\/www.youtube.com\/channel\/UCV0fIuMlZQZElbCWK93RP9A"]}]}},"_links":{"self":[{"href":"https:\/\/airdrink.fr\/es\/wp-json\/wp\/v2\/pages\/2467","targetHints":{"allow":["GET"]}}],"collection":[{"href":"https:\/\/airdrink.fr\/es\/wp-json\/wp\/v2\/pages"}],"about":[{"href":"https:\/\/airdrink.fr\/es\/wp-json\/wp\/v2\/types\/page"}],"author":[{"embeddable":true,"href":"https:\/\/airdrink.fr\/es\/wp-json\/wp\/v2\/users\/1"}],"replies":[{"embeddable":true,"href":"https:\/\/airdrink.fr\/es\/wp-json\/wp\/v2\/comments?post=2467"}],"version-history":[{"count":0,"href":"https:\/\/airdrink.fr\/es\/wp-json\/wp\/v2\/pages\/2467\/revisions"}],"wp:attachment":[{"href":"https:\/\/airdrink.fr\/es\/wp-json\/wp\/v2\/media?parent=2467"}],"curies":[{"name":"wp","href":"https:\/\/api.w.org\/{rel}","templated":true}]}}