{"id":3020,"date":"2024-12-17T08:33:47","date_gmt":"2024-12-17T06:33:47","guid":{"rendered":"https:\/\/airdrink.fr\/?page_id=3020"},"modified":"2025-10-22T16:15:16","modified_gmt":"2025-10-22T14:15:16","slug":"politica-de-devoluciones","status":"publish","type":"page","link":"https:\/\/airdrink.fr\/es\/politique-de-retour\/","title":{"rendered":"Pol\u00edtica de devoluciones"},"content":{"rendered":"<div class=\"wpb-content-wrapper\"><div class=\"vc_row wpb_row vc_row-fluid vc_custom_1541768449725 shape_divider_top-none shape_divider_bottom-none\"><div class=\"wpb_column vc_column_container vc_col-sm-12 sc_layouts_column_icons_position_left\"><div class=\"vc_column-inner\"><div class=\"wpb_wrapper\">\n\t<div class=\"wpb_text_column wpb_content_element\" >\n\t\t<div class=\"wpb_wrapper\">\n\t\t\t<div style=\"text-align: justify;\">\n<p><span style=\"color: #000000;\"><strong>POL\u00cdTICA DE DEVOLUCIONES Y REEMBOLSOS<\/strong><\/span><\/p>\n<p><span style=\"color: #000000;\">Para todas las devoluciones y solicitudes de reembolso, dispone de un plazo de 14 d\u00edas a partir de la recepci\u00f3n de los art\u00edculos.<\/span><\/p>\n<p><span style=\"color: #000000;\">Env\u00edenos un correo electr\u00f3nico a la siguiente direcci\u00f3n <span style=\"color: #0000ff;\"><a style=\"color: #0000ff;\" title=\"P\u00f3ngase en contacto con nosotros\" href=\"https:\/\/shop.enesco.fr\/pages\/nous-contacter\" target=\"_blank\" rel=\"noreferrer noopener\">\u00a0<\/a><a style=\"color: #0000ff;\" title=\"P\u00f3ngase en contacto con nosotros\" href=\"https:\/\/airdrink.fr\/es\/pongase-en-contacto-con\/\" target=\"_blank\" rel=\"noreferrer noopener\">contact@airdrink.fr<\/a><\/span> con una copia de su factura, el n\u00famero de pedido y el motivo de su solicitud de devoluci\u00f3n. Una vez recibida, le informaremos de los pasos necesarios a seguir<\/span><\/p>\n<p><span style=\"color: #000000;\">Para recibir el reembolso, el art\u00edculo debe estar sin usar y en las mismas condiciones en las que lo recibi\u00f3. Tambi\u00e9n debe estar en su embalaje original.<\/span><\/p>\n<p><span style=\"color: #000000;\">Deber\u00e1 presentarnos una factura o justificante de compra, as\u00ed como un justificante de env\u00edo si devuelve el pedido por transportista.<\/span><br \/>\n<span style=\"color: #000000;\">De lo contrario, su pedido no podr\u00e1 ser reembolsado ni cambiado.<\/span><\/p>\n<p><span style=\"color: #000000;\">Para devolver un art\u00edculo, debe enviarlo a la direcci\u00f3n postal que figura a continuaci\u00f3n:<\/span><\/p>\n<p><span style=\"color: #000000;\">PGSOFT AIRDRINK<\/span><br \/>\n<span style=\"color: #000000;\">14 Camino de la pasarela<\/span><br \/>\n<span style=\"color: #000000;\">13 720 LA BOUILLADISSE<\/span><\/p>\n<p><span style=\"color: #000000;\"><strong>Los gastos de env\u00edo correr\u00e1n a su cargo.<\/strong><\/span><\/p>\n<p>&nbsp;<\/p>\n<p><span style=\"color: #000000;\"><strong>Art\u00edculos que no pueden devolverse ni reembolsarse:<\/strong><\/span><\/p>\n<p><span style=\"color: #000000;\">- Cualquier art\u00edculo que no est\u00e9 en su estado original, est\u00e9 da\u00f1ado o le falten piezas por motivos que no se deban a un error por nuestra parte.<\/span><\/p>\n<p><span style=\"color: #000000;\">- Cualquier art\u00edculo que haya sido entregado hace m\u00e1s de 14 d\u00edas.<\/span><\/p>\n<p>&nbsp;<\/p>\n<p><span style=\"color: #000000;\"><strong>REEMBOLSOS<\/strong><\/span><\/p>\n<p><span style=\"color: #000000;\">Una vez que hayamos recibido e inspeccionado el art\u00edculo devuelto, le enviaremos un correo electr\u00f3nico para informarle de nuestra decisi\u00f3n de aprobar o rechazar su solicitud de reembolso.<\/span><\/p>\n<p><span style=\"color: #000000;\">Si se aprueba su solicitud, se procesar\u00e1 su reembolso y se aplicar\u00e1 autom\u00e1ticamente un cr\u00e9dito a su tarjeta de cr\u00e9dito o m\u00e9todo de pago original en un plazo de 48 horas.<\/span><\/p>\n<p>&nbsp;<\/p>\n<p><span style=\"color: #000000;\"><strong>Reembolsos atrasados o no efectuados :<\/strong><\/span><\/p>\n<p><span style=\"color: #000000;\">Si a\u00fan no ha recibido el reembolso, compruebe primero su cuenta bancaria. Ponte en contacto con el emisor de tu tarjeta de cr\u00e9dito y con tu banco, ya que puede haber un retraso antes de que se contabilice oficialmente tu reembolso.<\/span><\/p>\n<p><span style=\"color: #000000;\">Si despu\u00e9s de realizar todos estos pasos a\u00fan no ha recibido el reembolso, p\u00f3ngase en contacto con nosotros por correo electr\u00f3nico en esta direcci\u00f3n: <span style=\"color: #0000ff;\"><a style=\"color: #0000ff;\" title=\"P\u00f3ngase en contacto con nosotros\" href=\"https:\/\/airdrink.fr\/es\/pongase-en-contacto-con\/\" target=\"_blank\" rel=\"noreferrer noopener\">contact@airdrink.fr<\/a><\/span><\/span><\/p>\n<p><span style=\"color: #000000;\"><strong>INTERCAMBIOS<\/strong><\/span><\/p>\n<p><span style=\"color: #000000;\">S\u00f3lo cambiaremos un art\u00edculo si est\u00e1 defectuoso o da\u00f1ado. Si en este caso desea cambiarlo por el mismo art\u00edculo, env\u00edenos un correo electr\u00f3nico a la siguiente direcci\u00f3n <span style=\"color: #0000ff;\"><a style=\"color: #0000ff;\" title=\"P\u00f3ngase en contacto con nosotros\" href=\"https:\/\/shop.enesco.fr\/pages\/nous-contacter\" target=\"_blank\" rel=\"noreferrer noopener\">\u00a0<\/a><a style=\"color: #0000ff;\" title=\"P\u00f3ngase en contacto con nosotros\" href=\"https:\/\/airdrink.fr\/es\/pongase-en-contacto-con\/\" target=\"_blank\" rel=\"noreferrer noopener\">contact@airdrink.fr<\/a><\/span><\/span><\/p>\n<p><span style=\"color: #000000;\">Los art\u00edculos defectuosos ser\u00e1n recuperados y sustituidos a nuestra costa.<\/span><\/p>\n<p>&nbsp;<\/p>\n<\/div>\n<div style=\"text-align: justify;\"><\/div>\n<div style=\"text-align: justify;\"><\/div>\n\n\t\t<\/div>\n\t<\/div>\n<\/div><\/div><\/div><\/div>\n<\/div>","protected":false},"excerpt":{"rendered":"POLITIQUE DE RETOUR ET DE REMBOURSEMENT Pour tout\u00a0retour et demande de remboursement, vous disposez d'un&hellip;","protected":false},"author":1,"featured_media":0,"parent":0,"menu_order":0,"comment_status":"closed","ping_status":"closed","template":"","meta":{"_angie_page":false,"footnotes":""},"class_list":["post-3020","page","type-page","status-publish","hentry"],"yoast_head":"<!-- This site is optimized with the Yoast SEO plugin v27.5 - https:\/\/yoast.com\/product\/yoast-seo-wordpress\/ -->\n<title>Politique de Retour - AirDrink<\/title>\n<meta name=\"description\" content=\"AIRDRINK propose des solutions uniques etinnovantes qui produisent \u00e0 partir de l\u2019humidit\u00e9 de l\u2019air une eau potable, fraiche etmin\u00e9ralis\u00e9e ! Ce proc\u00e9d\u00e9 unique s\u2019appelle \u00abG\u00e9n\u00e9rateur d\u2019eau Atmosph\u00e9rique\u00bb.Nos solutions sont compl\u00e9mentaires aux diff\u00e9rents moyens d\u2019acc\u00e8s \u00e0 l\u2019eaupotable mais et permettent un acc\u00e8s infini \u00e0 l\u2019eau au plus proche du lieu deconsommation.\" \/>\n<meta name=\"robots\" content=\"index, follow, max-snippet:-1, max-image-preview:large, max-video-preview:-1\" \/>\n<link rel=\"canonical\" href=\"https:\/\/airdrink.fr\/es\/politica-de-devoluciones\/\" \/>\n<meta property=\"og:locale\" content=\"es_ES\" \/>\n<meta property=\"og:type\" content=\"article\" \/>\n<meta property=\"og:title\" content=\"Politique de Retour - AirDrink\" \/>\n<meta property=\"og:description\" content=\"AIRDRINK propose des solutions uniques etinnovantes qui produisent \u00e0 partir de l\u2019humidit\u00e9 de l\u2019air une eau potable, fraiche etmin\u00e9ralis\u00e9e ! Ce proc\u00e9d\u00e9 unique s\u2019appelle \u00abG\u00e9n\u00e9rateur d\u2019eau Atmosph\u00e9rique\u00bb.Nos solutions sont compl\u00e9mentaires aux diff\u00e9rents moyens d\u2019acc\u00e8s \u00e0 l\u2019eaupotable mais et permettent un acc\u00e8s infini \u00e0 l\u2019eau au plus proche du lieu deconsommation.\" \/>\n<meta property=\"og:url\" content=\"https:\/\/airdrink.fr\/es\/politica-de-devoluciones\/\" \/>\n<meta property=\"og:site_name\" content=\"AirDrink\" \/>\n<meta property=\"article:publisher\" content=\"https:\/\/www.facebook.com\/airdrinkFrance\/\" \/>\n<meta property=\"article:modified_time\" content=\"2025-10-22T14:15:16+00:00\" \/>\n<meta name=\"twitter:card\" content=\"summary_large_image\" \/>\n<meta name=\"twitter:label1\" content=\"Tiempo de lectura\" \/>\n\t<meta name=\"twitter:data1\" content=\"2 minutos\" \/>\n<script type=\"application\/ld+json\" class=\"yoast-schema-graph\">{\"@context\":\"https:\\\/\\\/schema.org\",\"@graph\":[{\"@type\":\"WebPage\",\"@id\":\"https:\\\/\\\/airdrink.fr\\\/politique-de-retour\\\/\",\"url\":\"https:\\\/\\\/airdrink.fr\\\/politique-de-retour\\\/\",\"name\":\"Politique de Retour - AirDrink\",\"isPartOf\":{\"@id\":\"https:\\\/\\\/airdrink.fr\\\/#website\"},\"datePublished\":\"2024-12-17T06:33:47+00:00\",\"dateModified\":\"2025-10-22T14:15:16+00:00\",\"description\":\"AIRDRINK propose des solutions uniques etinnovantes qui produisent \u00e0 partir de l\u2019humidit\u00e9 de l\u2019air une eau potable, fraiche etmin\u00e9ralis\u00e9e ! Ce proc\u00e9d\u00e9 unique s\u2019appelle \u00abG\u00e9n\u00e9rateur d\u2019eau Atmosph\u00e9rique\u00bb.Nos solutions sont compl\u00e9mentaires aux diff\u00e9rents moyens d\u2019acc\u00e8s \u00e0 l\u2019eaupotable mais et permettent un acc\u00e8s infini \u00e0 l\u2019eau au plus proche du lieu deconsommation.\",\"breadcrumb\":{\"@id\":\"https:\\\/\\\/airdrink.fr\\\/politique-de-retour\\\/#breadcrumb\"},\"inLanguage\":\"es\",\"potentialAction\":[{\"@type\":\"ReadAction\",\"target\":[\"https:\\\/\\\/airdrink.fr\\\/politique-de-retour\\\/\"]}]},{\"@type\":\"BreadcrumbList\",\"@id\":\"https:\\\/\\\/airdrink.fr\\\/politique-de-retour\\\/#breadcrumb\",\"itemListElement\":[{\"@type\":\"ListItem\",\"position\":1,\"name\":\"Accueil\",\"item\":\"https:\\\/\\\/airdrink.fr\\\/\"},{\"@type\":\"ListItem\",\"position\":2,\"name\":\"Politique de Retour\"}]},{\"@type\":\"WebSite\",\"@id\":\"https:\\\/\\\/airdrink.fr\\\/#website\",\"url\":\"https:\\\/\\\/airdrink.fr\\\/\",\"name\":\"AirDrink - de l'eau \u00e0 partir de l'air !\",\"description\":\"Airdrink, de l'eau &agrave; partir de l'air !\",\"publisher\":{\"@id\":\"https:\\\/\\\/airdrink.fr\\\/#organization\"},\"potentialAction\":[{\"@type\":\"SearchAction\",\"target\":{\"@type\":\"EntryPoint\",\"urlTemplate\":\"https:\\\/\\\/airdrink.fr\\\/?s={search_term_string}\"},\"query-input\":{\"@type\":\"PropertyValueSpecification\",\"valueRequired\":true,\"valueName\":\"search_term_string\"}}],\"inLanguage\":\"es\"},{\"@type\":\"Organization\",\"@id\":\"https:\\\/\\\/airdrink.fr\\\/#organization\",\"name\":\"AirDrink - de l'eau \u00e0 partir de l'air !\",\"url\":\"https:\\\/\\\/airdrink.fr\\\/\",\"logo\":{\"@type\":\"ImageObject\",\"inLanguage\":\"es\",\"@id\":\"https:\\\/\\\/airdrink.fr\\\/#\\\/schema\\\/logo\\\/image\\\/\",\"url\":\"https:\\\/\\\/airdrink.fr\\\/wp-content\\\/uploads\\\/2023\\\/03\\\/cropped-logo-Airdrink-plus-HD-v1-3-300x203-1.png\",\"contentUrl\":\"https:\\\/\\\/airdrink.fr\\\/wp-content\\\/uploads\\\/2023\\\/03\\\/cropped-logo-Airdrink-plus-HD-v1-3-300x203-1.png\",\"width\":300,\"height\":128,\"caption\":\"AirDrink - de l'eau \u00e0 partir de l'air !\"},\"image\":{\"@id\":\"https:\\\/\\\/airdrink.fr\\\/#\\\/schema\\\/logo\\\/image\\\/\"},\"sameAs\":[\"https:\\\/\\\/www.facebook.com\\\/airdrinkFrance\\\/\",\"https:\\\/\\\/www.linkedin.com\\\/company\\\/pgsoft\",\"https:\\\/\\\/www.youtube.com\\\/channel\\\/UCV0fIuMlZQZElbCWK93RP9A\"]}]}<\/script>\n<!-- \/ Yoast SEO plugin. -->","yoast_head_json":{"title":"Pol\u00edtica de devoluciones - AirDrink","description":"AIRDRINK ofrece soluciones \u00fanicas e innovadoras que producen agua potable fresca y mineralizada a partir de la humedad del aire. Este proceso \u00fanico se llama \"Generador Atmosf\u00e9rico de Agua\" y nuestras soluciones son complementarias a los diferentes medios de acceso al agua potable y permiten un acceso infinito al agua cerca del lugar de consumo.","robots":{"index":"index","follow":"follow","max-snippet":"max-snippet:-1","max-image-preview":"max-image-preview:large","max-video-preview":"max-video-preview:-1"},"canonical":"https:\/\/airdrink.fr\/es\/politica-de-devoluciones\/","og_locale":"es_ES","og_type":"article","og_title":"Politique de Retour - AirDrink","og_description":"AIRDRINK propose des solutions uniques etinnovantes qui produisent \u00e0 partir de l\u2019humidit\u00e9 de l\u2019air une eau potable, fraiche etmin\u00e9ralis\u00e9e ! Ce proc\u00e9d\u00e9 unique s\u2019appelle \u00abG\u00e9n\u00e9rateur d\u2019eau Atmosph\u00e9rique\u00bb.Nos solutions sont compl\u00e9mentaires aux diff\u00e9rents moyens d\u2019acc\u00e8s \u00e0 l\u2019eaupotable mais et permettent un acc\u00e8s infini \u00e0 l\u2019eau au plus proche du lieu deconsommation.","og_url":"https:\/\/airdrink.fr\/es\/politica-de-devoluciones\/","og_site_name":"AirDrink","article_publisher":"https:\/\/www.facebook.com\/airdrinkFrance\/","article_modified_time":"2025-10-22T14:15:16+00:00","twitter_card":"summary_large_image","twitter_misc":{"Tiempo de lectura":"2 minutos"},"schema":{"@context":"https:\/\/schema.org","@graph":[{"@type":"WebPage","@id":"https:\/\/airdrink.fr\/politique-de-retour\/","url":"https:\/\/airdrink.fr\/politique-de-retour\/","name":"Pol\u00edtica de devoluciones - AirDrink","isPartOf":{"@id":"https:\/\/airdrink.fr\/#website"},"datePublished":"2024-12-17T06:33:47+00:00","dateModified":"2025-10-22T14:15:16+00:00","description":"AIRDRINK ofrece soluciones \u00fanicas e innovadoras que producen agua potable fresca y mineralizada a partir de la humedad del aire. Este proceso \u00fanico se llama \"Generador Atmosf\u00e9rico de Agua\" y nuestras soluciones son complementarias a los diferentes medios de acceso al agua potable y permiten un acceso infinito al agua cerca del lugar de consumo.","breadcrumb":{"@id":"https:\/\/airdrink.fr\/politique-de-retour\/#breadcrumb"},"inLanguage":"es","potentialAction":[{"@type":"ReadAction","target":["https:\/\/airdrink.fr\/politique-de-retour\/"]}]},{"@type":"BreadcrumbList","@id":"https:\/\/airdrink.fr\/politique-de-retour\/#breadcrumb","itemListElement":[{"@type":"ListItem","position":1,"name":"Accueil","item":"https:\/\/airdrink.fr\/"},{"@type":"ListItem","position":2,"name":"Politique de Retour"}]},{"@type":"WebSite","@id":"https:\/\/airdrink.fr\/#website","url":"https:\/\/airdrink.fr\/","name":"AirDrink: \u00a1agua del aire!","description":"Airdrink, \u00a1agua del aire!","publisher":{"@id":"https:\/\/airdrink.fr\/#organization"},"potentialAction":[{"@type":"SearchAction","target":{"@type":"EntryPoint","urlTemplate":"https:\/\/airdrink.fr\/?s={search_term_string}"},"query-input":{"@type":"PropertyValueSpecification","valueRequired":true,"valueName":"search_term_string"}}],"inLanguage":"es"},{"@type":"Organization","@id":"https:\/\/airdrink.fr\/#organization","name":"AirDrink: \u00a1agua del aire!","url":"https:\/\/airdrink.fr\/","logo":{"@type":"ImageObject","inLanguage":"es","@id":"https:\/\/airdrink.fr\/#\/schema\/logo\/image\/","url":"https:\/\/airdrink.fr\/wp-content\/uploads\/2023\/03\/cropped-logo-Airdrink-plus-HD-v1-3-300x203-1.png","contentUrl":"https:\/\/airdrink.fr\/wp-content\/uploads\/2023\/03\/cropped-logo-Airdrink-plus-HD-v1-3-300x203-1.png","width":300,"height":128,"caption":"AirDrink - de l'eau \u00e0 partir de l'air !"},"image":{"@id":"https:\/\/airdrink.fr\/#\/schema\/logo\/image\/"},"sameAs":["https:\/\/www.facebook.com\/airdrinkFrance\/","https:\/\/www.linkedin.com\/company\/pgsoft","https:\/\/www.youtube.com\/channel\/UCV0fIuMlZQZElbCWK93RP9A"]}]}},"_links":{"self":[{"href":"https:\/\/airdrink.fr\/es\/wp-json\/wp\/v2\/pages\/3020","targetHints":{"allow":["GET"]}}],"collection":[{"href":"https:\/\/airdrink.fr\/es\/wp-json\/wp\/v2\/pages"}],"about":[{"href":"https:\/\/airdrink.fr\/es\/wp-json\/wp\/v2\/types\/page"}],"author":[{"embeddable":true,"href":"https:\/\/airdrink.fr\/es\/wp-json\/wp\/v2\/users\/1"}],"replies":[{"embeddable":true,"href":"https:\/\/airdrink.fr\/es\/wp-json\/wp\/v2\/comments?post=3020"}],"version-history":[{"count":0,"href":"https:\/\/airdrink.fr\/es\/wp-json\/wp\/v2\/pages\/3020\/revisions"}],"wp:attachment":[{"href":"https:\/\/airdrink.fr\/es\/wp-json\/wp\/v2\/media?parent=3020"}],"curies":[{"name":"wp","href":"https:\/\/api.w.org\/{rel}","templated":true}]}}