{"id":4124,"date":"2026-03-27T10:45:59","date_gmt":"2026-03-27T09:45:59","guid":{"rendered":"https:\/\/airdrink.fr\/?post_type=product&#038;p=4124"},"modified":"2026-03-27T16:48:57","modified_gmt":"2026-03-27T15:48:57","slug":"cartucho-de-20-fibras-tejidas-de-25-micras-para-sedimentos","status":"publish","type":"product","link":"https:\/\/airdrink.fr\/es\/product\/cartouche-20-fibre-tissee-25-microns-pour-sediments\/","title":{"rendered":"20\u2033 cartucho de fibra tejida de 25 micras para sedimentos"},"content":{"rendered":"<div class=\"wpb-content-wrapper\"><div class=\"vc_row wpb_row vc_row-fluid shape_divider_top-none shape_divider_bottom-none\"><div class=\"wpb_column vc_column_container vc_col-sm-12 sc_layouts_column_icons_position_left\"><div class=\"vc_column-inner\"><div class=\"wpb_wrapper\">\n\t<div class=\"wpb_text_column wpb_content_element\" >\n\t\t<div class=\"wpb_wrapper\">\n\t\t\t<p><span style=\"color: #000000;\">Estas membranas deben renovarse cada 2 a\u00f1os por t\u00e9rmino medio.<\/span><\/p>\n\n\t\t<\/div>\n\t<\/div>\n<\/div><\/div><\/div><\/div>\n<\/div>","protected":false},"excerpt":{"rendered":"<p>La muy gran capacidad de retenci\u00f3n de este cartucho de 20\" prolonga su vida \u00fatil. Es de fibras tejidas de 25 micrones.<\/p>\n<p>Sin migraci\u00f3n de microfibras en el agua, ideal para filtrar sedimentos antes de su \u00f3smosis inversa profesional.<\/p>\n<h6><\/h6>","protected":false},"featured_media":4131,"template":"","meta":{"_angie_page":false},"product_brand":[],"product_cat":[3597],"product_tag":[],"class_list":{"0":"post-4124","1":"product","2":"type-product","3":"status-publish","4":"has-post-thumbnail","6":"product_cat-consommables-et-accessoires","7":"product_shipping_class-filtres","9":"first","10":"instock","11":"taxable","12":"shipping-taxable","13":"purchasable","14":"product-type-simple"},"bundled_by":["4046","4189"],"bundle_stock_status":"instock","bundle_stock_quantity":null,"bundle_virtual":false,"bundle_layout":"","bundle_add_to_cart_form_location":"","bundle_editable_in_cart":false,"bundle_sold_individually_context":"","bundle_item_grouping":"","bundle_min_size":"","bundle_max_size":"","bundle_price":[],"bundled_items":[],"bundle_sell_ids":[],"yoast_head":"<!-- This site is optimized with the Yoast SEO plugin v27.5 - https:\/\/yoast.com\/product\/yoast-seo-wordpress\/ -->\n<title>Cartouche 20&quot; fibre tiss\u00e9e 25 microns pour s\u00e9diments - AirDrink<\/title>\n<meta name=\"robots\" content=\"index, follow, max-snippet:-1, max-image-preview:large, max-video-preview:-1\" \/>\n<link rel=\"canonical\" href=\"https:\/\/airdrink.fr\/es\/producto\/cartucho-de-20-fibras-tejidas-de-25-micras-para-sedimentos\/\" \/>\n<meta property=\"og:locale\" content=\"es_ES\" \/>\n<meta property=\"og:type\" content=\"article\" \/>\n<meta property=\"og:title\" content=\"Cartouche 20&quot; fibre tiss\u00e9e 25 microns pour s\u00e9diments - AirDrink\" \/>\n<meta property=\"og:description\" content=\"La tr\u00e8s grande Capacit\u00e9 de r\u00e9tention de cette cartouche 20&quot; prolonge sa dur\u00e9e de vie. Elle est en fibres tiss\u00e9es 25 Microns.  Aucune migration de microfibre dans l&#039;eau, id\u00e9ale pour filtrer les s\u00e9diments en amont de votre Osmoseur professionnel\" \/>\n<meta property=\"og:url\" content=\"https:\/\/airdrink.fr\/es\/producto\/cartucho-de-20-fibras-tejidas-de-25-micras-para-sedimentos\/\" \/>\n<meta property=\"og:site_name\" content=\"AirDrink\" \/>\n<meta property=\"article:publisher\" content=\"https:\/\/www.facebook.com\/airdrinkFrance\/\" \/>\n<meta property=\"article:modified_time\" content=\"2026-03-27T15:48:57+00:00\" \/>\n<meta property=\"og:image\" content=\"https:\/\/airdrink.fr\/wp-content\/uploads\/2026\/03\/cartouche-pour-big-blue.png\" \/>\n\t<meta property=\"og:image:width\" content=\"1536\" \/>\n\t<meta property=\"og:image:height\" content=\"1024\" \/>\n\t<meta property=\"og:image:type\" content=\"image\/png\" \/>\n<meta name=\"twitter:card\" content=\"summary_large_image\" \/>\n<meta name=\"twitter:label1\" content=\"Tiempo de lectura\" \/>\n\t<meta name=\"twitter:data1\" content=\"1 minuto\" \/>\n<script type=\"application\/ld+json\" class=\"yoast-schema-graph\">{\"@context\":\"https:\\\/\\\/schema.org\",\"@graph\":[{\"@type\":\"WebPage\",\"@id\":\"https:\\\/\\\/airdrink.fr\\\/nl\\\/product\\\/cartouche-20-vezels-geweven-25-micron-voor-sedimenten\\\/\",\"url\":\"https:\\\/\\\/airdrink.fr\\\/nl\\\/product\\\/cartouche-20-vezels-geweven-25-micron-voor-sedimenten\\\/\",\"name\":\"Cartouche 20\\\" fibre tiss\u00e9e 25 microns pour s\u00e9diments - AirDrink\",\"isPartOf\":{\"@id\":\"https:\\\/\\\/airdrink.fr\\\/#website\"},\"primaryImageOfPage\":{\"@id\":\"https:\\\/\\\/airdrink.fr\\\/nl\\\/product\\\/cartouche-20-vezels-geweven-25-micron-voor-sedimenten\\\/#primaryimage\"},\"image\":{\"@id\":\"https:\\\/\\\/airdrink.fr\\\/nl\\\/product\\\/cartouche-20-vezels-geweven-25-micron-voor-sedimenten\\\/#primaryimage\"},\"thumbnailUrl\":\"https:\\\/\\\/airdrink.fr\\\/wp-content\\\/uploads\\\/2026\\\/03\\\/cartouche-pour-big-blue.png\",\"datePublished\":\"2026-03-27T09:45:59+00:00\",\"dateModified\":\"2026-03-27T15:48:57+00:00\",\"breadcrumb\":{\"@id\":\"https:\\\/\\\/airdrink.fr\\\/nl\\\/product\\\/cartouche-20-vezels-geweven-25-micron-voor-sedimenten\\\/#breadcrumb\"},\"inLanguage\":\"es\",\"potentialAction\":[{\"@type\":\"ReadAction\",\"target\":[\"https:\\\/\\\/airdrink.fr\\\/nl\\\/product\\\/cartouche-20-vezels-geweven-25-micron-voor-sedimenten\\\/\"]}]},{\"@type\":\"ImageObject\",\"inLanguage\":\"es\",\"@id\":\"https:\\\/\\\/airdrink.fr\\\/nl\\\/product\\\/cartouche-20-vezels-geweven-25-micron-voor-sedimenten\\\/#primaryimage\",\"url\":\"https:\\\/\\\/airdrink.fr\\\/wp-content\\\/uploads\\\/2026\\\/03\\\/cartouche-pour-big-blue.png\",\"contentUrl\":\"https:\\\/\\\/airdrink.fr\\\/wp-content\\\/uploads\\\/2026\\\/03\\\/cartouche-pour-big-blue.png\",\"width\":1536,\"height\":1024},{\"@type\":\"BreadcrumbList\",\"@id\":\"https:\\\/\\\/airdrink.fr\\\/nl\\\/product\\\/cartouche-20-vezels-geweven-25-micron-voor-sedimenten\\\/#breadcrumb\",\"itemListElement\":[{\"@type\":\"ListItem\",\"position\":1,\"name\":\"Accueil\",\"item\":\"https:\\\/\\\/airdrink.fr\\\/\"},{\"@type\":\"ListItem\",\"position\":2,\"name\":\"Boutique\",\"item\":\"https:\\\/\\\/airdrink.fr\\\/boutique\\\/\"},{\"@type\":\"ListItem\",\"position\":3,\"name\":\"Cartouche 20&Prime; fibre tiss\u00e9e 25 microns pour s\u00e9diments\"}]},{\"@type\":\"WebSite\",\"@id\":\"https:\\\/\\\/airdrink.fr\\\/#website\",\"url\":\"https:\\\/\\\/airdrink.fr\\\/\",\"name\":\"AirDrink - de l'eau \u00e0 partir de l'air !\",\"description\":\"Airdrink, de l'eau &agrave; partir de l'air !\",\"publisher\":{\"@id\":\"https:\\\/\\\/airdrink.fr\\\/#organization\"},\"potentialAction\":[{\"@type\":\"SearchAction\",\"target\":{\"@type\":\"EntryPoint\",\"urlTemplate\":\"https:\\\/\\\/airdrink.fr\\\/?s={search_term_string}\"},\"query-input\":{\"@type\":\"PropertyValueSpecification\",\"valueRequired\":true,\"valueName\":\"search_term_string\"}}],\"inLanguage\":\"es\"},{\"@type\":\"Organization\",\"@id\":\"https:\\\/\\\/airdrink.fr\\\/#organization\",\"name\":\"AirDrink - de l'eau \u00e0 partir de l'air !\",\"url\":\"https:\\\/\\\/airdrink.fr\\\/\",\"logo\":{\"@type\":\"ImageObject\",\"inLanguage\":\"es\",\"@id\":\"https:\\\/\\\/airdrink.fr\\\/#\\\/schema\\\/logo\\\/image\\\/\",\"url\":\"https:\\\/\\\/airdrink.fr\\\/wp-content\\\/uploads\\\/2023\\\/03\\\/cropped-logo-Airdrink-plus-HD-v1-3-300x203-1.png\",\"contentUrl\":\"https:\\\/\\\/airdrink.fr\\\/wp-content\\\/uploads\\\/2023\\\/03\\\/cropped-logo-Airdrink-plus-HD-v1-3-300x203-1.png\",\"width\":300,\"height\":128,\"caption\":\"AirDrink - de l'eau \u00e0 partir de l'air !\"},\"image\":{\"@id\":\"https:\\\/\\\/airdrink.fr\\\/#\\\/schema\\\/logo\\\/image\\\/\"},\"sameAs\":[\"https:\\\/\\\/www.facebook.com\\\/airdrinkFrance\\\/\",\"https:\\\/\\\/www.linkedin.com\\\/company\\\/pgsoft\",\"https:\\\/\\\/www.youtube.com\\\/channel\\\/UCV0fIuMlZQZElbCWK93RP9A\"]}]}<\/script>\n<!-- \/ Yoast SEO plugin. -->","yoast_head_json":{"title":"Cartucho de fibra tejida de 20\" y 25 micrones para sedimentos - AirDrink","robots":{"index":"index","follow":"follow","max-snippet":"max-snippet:-1","max-image-preview":"max-image-preview:large","max-video-preview":"max-video-preview:-1"},"canonical":"https:\/\/airdrink.fr\/es\/producto\/cartucho-de-20-fibras-tejidas-de-25-micras-para-sedimentos\/","og_locale":"es_ES","og_type":"article","og_title":"Cartouche 20\" fibre tiss\u00e9e 25 microns pour s\u00e9diments - AirDrink","og_description":"La tr\u00e8s grande Capacit\u00e9 de r\u00e9tention de cette cartouche 20\" prolonge sa dur\u00e9e de vie. Elle est en fibres tiss\u00e9es 25 Microns.  Aucune migration de microfibre dans l'eau, id\u00e9ale pour filtrer les s\u00e9diments en amont de votre Osmoseur professionnel","og_url":"https:\/\/airdrink.fr\/es\/producto\/cartucho-de-20-fibras-tejidas-de-25-micras-para-sedimentos\/","og_site_name":"AirDrink","article_publisher":"https:\/\/www.facebook.com\/airdrinkFrance\/","article_modified_time":"2026-03-27T15:48:57+00:00","og_image":[{"width":1536,"height":1024,"url":"https:\/\/airdrink.fr\/wp-content\/uploads\/2026\/03\/cartouche-pour-big-blue.png","type":"image\/png"}],"twitter_card":"summary_large_image","twitter_misc":{"Tiempo de lectura":"1 minuto"},"schema":{"@context":"https:\/\/schema.org","@graph":[{"@type":"WebPage","@id":"https:\/\/airdrink.fr\/nl\/product\/cartouche-20-vezels-geweven-25-micron-voor-sedimenten\/","url":"https:\/\/airdrink.fr\/nl\/product\/cartouche-20-vezels-geweven-25-micron-voor-sedimenten\/","name":"Cartucho de fibra tejida de 20\" y 25 micrones para sedimentos - AirDrink","isPartOf":{"@id":"https:\/\/airdrink.fr\/#website"},"primaryImageOfPage":{"@id":"https:\/\/airdrink.fr\/nl\/product\/cartouche-20-vezels-geweven-25-micron-voor-sedimenten\/#primaryimage"},"image":{"@id":"https:\/\/airdrink.fr\/nl\/product\/cartouche-20-vezels-geweven-25-micron-voor-sedimenten\/#primaryimage"},"thumbnailUrl":"https:\/\/airdrink.fr\/wp-content\/uploads\/2026\/03\/cartouche-pour-big-blue.png","datePublished":"2026-03-27T09:45:59+00:00","dateModified":"2026-03-27T15:48:57+00:00","breadcrumb":{"@id":"https:\/\/airdrink.fr\/nl\/product\/cartouche-20-vezels-geweven-25-micron-voor-sedimenten\/#breadcrumb"},"inLanguage":"es","potentialAction":[{"@type":"ReadAction","target":["https:\/\/airdrink.fr\/nl\/product\/cartouche-20-vezels-geweven-25-micron-voor-sedimenten\/"]}]},{"@type":"ImageObject","inLanguage":"es","@id":"https:\/\/airdrink.fr\/nl\/product\/cartouche-20-vezels-geweven-25-micron-voor-sedimenten\/#primaryimage","url":"https:\/\/airdrink.fr\/wp-content\/uploads\/2026\/03\/cartouche-pour-big-blue.png","contentUrl":"https:\/\/airdrink.fr\/wp-content\/uploads\/2026\/03\/cartouche-pour-big-blue.png","width":1536,"height":1024},{"@type":"BreadcrumbList","@id":"https:\/\/airdrink.fr\/nl\/product\/cartouche-20-vezels-geweven-25-micron-voor-sedimenten\/#breadcrumb","itemListElement":[{"@type":"ListItem","position":1,"name":"Accueil","item":"https:\/\/airdrink.fr\/"},{"@type":"ListItem","position":2,"name":"Boutique","item":"https:\/\/airdrink.fr\/boutique\/"},{"@type":"ListItem","position":3,"name":"Cartouche 20&Prime; fibre tiss\u00e9e 25 microns pour s\u00e9diments"}]},{"@type":"WebSite","@id":"https:\/\/airdrink.fr\/#website","url":"https:\/\/airdrink.fr\/","name":"AirDrink: \u00a1agua del aire!","description":"Airdrink, \u00a1agua del aire!","publisher":{"@id":"https:\/\/airdrink.fr\/#organization"},"potentialAction":[{"@type":"SearchAction","target":{"@type":"EntryPoint","urlTemplate":"https:\/\/airdrink.fr\/?s={search_term_string}"},"query-input":{"@type":"PropertyValueSpecification","valueRequired":true,"valueName":"search_term_string"}}],"inLanguage":"es"},{"@type":"Organization","@id":"https:\/\/airdrink.fr\/#organization","name":"AirDrink: \u00a1agua del aire!","url":"https:\/\/airdrink.fr\/","logo":{"@type":"ImageObject","inLanguage":"es","@id":"https:\/\/airdrink.fr\/#\/schema\/logo\/image\/","url":"https:\/\/airdrink.fr\/wp-content\/uploads\/2023\/03\/cropped-logo-Airdrink-plus-HD-v1-3-300x203-1.png","contentUrl":"https:\/\/airdrink.fr\/wp-content\/uploads\/2023\/03\/cropped-logo-Airdrink-plus-HD-v1-3-300x203-1.png","width":300,"height":128,"caption":"AirDrink - de l'eau \u00e0 partir de l'air !"},"image":{"@id":"https:\/\/airdrink.fr\/#\/schema\/logo\/image\/"},"sameAs":["https:\/\/www.facebook.com\/airdrinkFrance\/","https:\/\/www.linkedin.com\/company\/pgsoft","https:\/\/www.youtube.com\/channel\/UCV0fIuMlZQZElbCWK93RP9A"]}]}},"_links":{"self":[{"href":"https:\/\/airdrink.fr\/es\/wp-json\/wp\/v2\/product\/4124","targetHints":{"allow":["GET"]}}],"collection":[{"href":"https:\/\/airdrink.fr\/es\/wp-json\/wp\/v2\/product"}],"about":[{"href":"https:\/\/airdrink.fr\/es\/wp-json\/wp\/v2\/types\/product"}],"version-history":[{"count":0,"href":"https:\/\/airdrink.fr\/es\/wp-json\/wp\/v2\/product\/4124\/revisions"}],"wp:featuredmedia":[{"embeddable":true,"href":"https:\/\/airdrink.fr\/es\/wp-json\/wp\/v2\/media\/4131"}],"wp:attachment":[{"href":"https:\/\/airdrink.fr\/es\/wp-json\/wp\/v2\/media?parent=4124"}],"wp:term":[{"taxonomy":"product_brand","embeddable":true,"href":"https:\/\/airdrink.fr\/es\/wp-json\/wp\/v2\/product_brand?post=4124"},{"taxonomy":"product_cat","embeddable":true,"href":"https:\/\/airdrink.fr\/es\/wp-json\/wp\/v2\/product_cat?post=4124"},{"taxonomy":"product_tag","embeddable":true,"href":"https:\/\/airdrink.fr\/es\/wp-json\/wp\/v2\/product_tag?post=4124"}],"curies":[{"name":"wp","href":"https:\/\/api.w.org\/{rel}","templated":true}]}}