{"id":107,"date":"2017-12-14T08:50:41","date_gmt":"2017-12-14T07:50:41","guid":{"rendered":"https:\/\/airdrink.fr\/?page_id=107"},"modified":"2025-09-04T10:05:20","modified_gmt":"2025-09-04T08:05:20","slug":"faq","status":"publish","type":"page","link":"https:\/\/airdrink.fr\/it\/faq\/","title":{"rendered":"FAQ"},"content":{"rendered":"<div class=\"wpb-content-wrapper\"><div data-vc-full-width=\"true\" data-vc-full-width-temp=\"true\" data-vc-full-width-init=\"false\" class=\"vc_row wpb_row vc_row-fluid shape_divider_top-none shape_divider_bottom-none\"><div class=\"wpb_column vc_column_container vc_col-sm-4 sc_layouts_column_icons_position_left\"><div class=\"vc_column-inner\"><div class=\"wpb_wrapper\"><div class=\"vc_empty_space  sc_height_medium\"   style=\"height: 32px\"><span class=\"vc_empty_space_inner\"><\/span><\/div><div id=\"sc_title_126149668\"\n\t\tclass=\"sc_title sc_title_default\"><h2 class=\"sc_item_title sc_title_title sc_align_left sc_item_title_style_default\"><span class=\"sc_item_title_text\">Confronta i modelli<\/span><\/h2><div class=\"sc_item_descr sc_title_descr sc_align_left\"><p>Vogliamo fornirvi la migliore soluzione possibile per le vostre esigenze, quindi confrontatevi!<\/p>\n<\/div><div class=\"sc_item_button sc_button_wrap sc_align_left\"><a href=\"\/it\/confronto-tra-i-generatori-di-acqua-atmosferica\/\" id=\"sc_button_1196765774\" class=\"sc_button sc_button_default sc_item_button sc_item_button_default sc_title_button sc_button_size_normal sc_button_icon_left\"><span class=\"sc_button_text\"><span class=\"sc_button_title\">Confronta i modelli<\/span><\/span><!-- \/.sc_button_text --><\/a><!-- \/.sc_button --><\/div><!-- \/.sc_item_button --><\/div><!-- \/.sc_title --><div id=\"sc_title_1486500976\"\n\t\tclass=\"sc_title sc_title_default\"><span class=\"sc_item_subtitle sc_title_subtitle sc_align_left sc_item_subtitle_above sc_item_title_style_default\">per aiutarvi<\/span><h2 class=\"sc_item_title sc_title_title sc_align_left sc_item_title_style_default\"><span class=\"sc_item_title_text\">Domande frequenti<\/span><\/h2><div class=\"sc_item_descr sc_title_descr sc_align_left\"><p>La nostra missione \u00e8 fornire l'accesso ad acqua sicura, a basso costo e sostenibile in luoghi dove non c'\u00e8 accesso all'acqua o all'energia.<\/p>\n<\/div><div class=\"sc_item_button sc_button_wrap sc_align_left\"><a href=\"\/it\/contatto\/\" id=\"sc_button_1028265474\" class=\"sc_button sc_button_default sc_item_button sc_item_button_default sc_title_button sc_button_size_normal sc_button_icon_left\"><span class=\"sc_button_text\"><span class=\"sc_button_title\">Contattateci<\/span><\/span><!-- \/.sc_button_text --><\/a><!-- \/.sc_button --><\/div><!-- \/.sc_item_button --><\/div><!-- \/.sc_title --><div class=\"vc_empty_space  sc_height_tiny\"   style=\"height: 32px\"><span class=\"vc_empty_space_inner\"><\/span><\/div><\/div><\/div><\/div><div class=\"wpb_column vc_column_container vc_col-sm-8 sc_layouts_column_icons_position_left\"><div class=\"vc_column-inner\"><div class=\"wpb_wrapper\"><div id=\"sc_content_174582200\"\n\t\tclass=\"sc_content sc_content_default sc_float_center add_shadow  vc_custom_1545256880849\"><div class=\"sc_content_container\"><div  class=\"vc_do_toggle vc_toggle vc_toggle_arrow vc_toggle_color_default  vc_toggle_size_sm vc_toggle_active\"><div class=\"vc_toggle_title\"><h6 style=\"font-size: 1.22em;text-align: left\" class=\"vc_custom_heading vc_do_custom_heading\" >Sembra troppo bello per essere vero: queste macchine producono davvero acqua dall'aria?<\/h6><i class=\"vc_toggle_icon\"><\/i><\/div><div class=\"vc_toggle_content\"><p style=\"margin-top: 0cm;\">Le nostre unit\u00e0 generano acqua potabile fresca e mineralizzata dall'umidit\u00e0 dell'aria - zero tossine e zero sottoprodotti. Le nostre macchine sono stoccate in Francia e non sono prototipi. Ad eccezione del modello C3, gli altri modelli della gamma esistono tutti da oltre 10 anni e vengono costantemente migliorati.<\/p>\n<\/div><\/div><div  class=\"vc_do_toggle vc_toggle vc_toggle_arrow vc_toggle_color_default  vc_toggle_size_sm\"><div class=\"vc_toggle_title\"><h6 style=\"font-size: 1.22em;text-align: left\" class=\"vc_custom_heading vc_do_custom_heading\" >Con tanto inquinamento nell'aria, l'acqua di Airdrink Generator \u00e8 davvero sicura da bere?<\/h6><i class=\"vc_toggle_icon\"><\/i><\/div><div class=\"vc_toggle_content\"><p style=\"margin-top: 0cm;\">S\u00ec, la nostra acqua \u00e8 di altissima qualit\u00e0 - l'inquinamento atmosferico non ha alcun impatto sulla qualit\u00e0 e la pulizia della nostra acqua. L'acqua \u00e8 gi\u00e0 pura perch\u00e9 si trova nella nostra atmosfera sotto forma di vapore acqueo e viene poi condensata da gas a liquido. Il vapore acqueo viene aspirato attraverso un filtro per l'aria prima di essere trattato con ozono, infuso con minerali essenziali e reso pulito e sano con un gusto veramente rinfrescante.<\/p>\n<\/div><\/div><div  class=\"vc_do_toggle vc_toggle vc_toggle_arrow vc_toggle_color_default  vc_toggle_size_sm\"><div class=\"vc_toggle_title\"><h6 style=\"font-size: 1.22em;text-align: left\" class=\"vc_custom_heading vc_do_custom_heading\" >L'estrazione di umidit\u00e0 dall'aria non danneggia l'atmosfera?<\/h6><i class=\"vc_toggle_icon\"><\/i><\/div><div class=\"vc_toggle_content\"><p>L'atmosfera viene costantemente rifornita dall'acqua che evapora in massa nell'aria e non si secca. In effetti, il generatore Airdrink ha un impatto molto minore sull'ambiente perch\u00e9 non attinge alle falde acquifere e ad altre risorse di acqua dolce che possono essere esaurite o contaminate in tempi relativamente brevi.<\/p>\n<\/div><\/div><div  class=\"vc_do_toggle vc_toggle vc_toggle_arrow vc_toggle_color_default  vc_toggle_size_sm\"><div class=\"vc_toggle_title\"><h6 style=\"font-size: 1.22em;text-align: left\" class=\"vc_custom_heading vc_do_custom_heading\" >Come posso acquistare una macchina AirDrink \/ DrinkableAir?<\/h6><i class=\"vc_toggle_icon\"><\/i><\/div><div class=\"vc_toggle_content\"><p style=\"margin: 0cm; margin-bottom: .0001pt;\">Tutte le soluzioni proposte sul sito sono disponibili in magazzino e possono essere ordinate tramite il menu \"Shop\".<\/p>\n<\/div><\/div><div  class=\"vc_do_toggle vc_toggle vc_toggle_arrow vc_toggle_color_default  vc_toggle_size_sm\"><div class=\"vc_toggle_title\"><h6 style=\"font-size: 1.22em;text-align: left\" class=\"vc_custom_heading vc_do_custom_heading\" >Quali sono i benefici dell'acqua atmosferica prodotta da un generatore Airdrink?<\/h6><i class=\"vc_toggle_icon\"><\/i><\/div><div class=\"vc_toggle_content\"><p style=\"margin-top: 0cm;\">L'utilizzo delle nostre unit\u00e0 mette al primo posto la vostra salute e quella del nostro pianeta, evitando i contaminanti nocivi dell'acqua potabile e le plastiche monouso.<br \/>\nLe nostre unit\u00e0 offrono il vantaggio di produrre acqua di alta qualit\u00e0 vicino al punto di consumo e in modo sostenibile.<\/p>\n<\/div><\/div><div  class=\"vc_do_toggle vc_toggle vc_toggle_arrow vc_toggle_color_default  vc_toggle_size_sm\"><div class=\"vc_toggle_title\"><h6 style=\"font-size: 1.22em;text-align: left\" class=\"vc_custom_heading vc_do_custom_heading\" >Perch\u00e9 dovrei passare all'acqua atmosferica Airdrink? Cosa c'\u00e8 di sbagliato nell'acqua del rubinetto o in bottiglia che uso attualmente?<\/h6><i class=\"vc_toggle_icon\"><\/i><\/div><div class=\"vc_toggle_content\"><p>\u00c8 noto che l'acqua del rubinetto contiene in alcuni casi contaminanti che possono avere effetti negativi sulla salute. Inoltre, l'acqua in bottiglia introduce nuovi contaminanti nell'acqua a causa delle sostanze chimiche coinvolte nel processo di confezionamento e della plastica stessa. Ridurre al minimo l'uso dell'acqua del rubinetto e dell'acqua in bottiglia \u00e8 un passo avanti verso uno stile di vita pi\u00f9 sano.<\/p>\n<\/div><\/div><div  class=\"vc_do_toggle vc_toggle vc_toggle_arrow vc_toggle_color_default  vc_toggle_size_sm\"><div class=\"vc_toggle_title\"><h6 style=\"font-size: 1.22em;text-align: left\" class=\"vc_custom_heading vc_do_custom_heading\" >Come vengono eliminati i batteri quando l'acqua viene conservata per settimane?<\/h6><i class=\"vc_toggle_icon\"><\/i><\/div><div class=\"vc_toggle_content\"><p style=\"margin-top: 0cm;\">L'acqua generata dalle nostre unit\u00e0 \u00e8 sottoposta a un processo di trattamento con ozono ed \u00e8 infusa con minerali essenziali - magnesio e calcio - per produrre un'acqua alcalina con un pH stabilizzato compreso tra 7,6 e 8,1.<\/p>\n<\/div><\/div><div  class=\"vc_do_toggle vc_toggle vc_toggle_arrow vc_toggle_color_default  vc_toggle_size_sm\"><div class=\"vc_toggle_title\"><h6 style=\"font-size: 1.22em;text-align: left\" class=\"vc_custom_heading vc_do_custom_heading\" >Qual \u00e8 il processo di manutenzione? Chi se ne occupa e con quale frequenza?<\/h6><i class=\"vc_toggle_icon\"><\/i><\/div><div class=\"vc_toggle_content\"><p style=\"margin-top: 0cm;\">I generatori Airdrink utilizzano filtri per gestire la qualit\u00e0 dell'acqua e richiedono una sostituzione periodica ogni 4-6 mesi (a seconda della qualit\u00e0 dell'aria ambiente e della quantit\u00e0 di acqua utilizzata). A monte del sistema di aspirazione \u00e8 presente un filtro dell'aria e due filtri dell'acqua che trattano e infondono l'acqua con minerali essenziali. La manutenzione \u00e8 minima: cambiare i filtri \u00e8 facile come cambiare una lampadina.<br \/>\nPer maggiori dettagli, consultare le informazioni sulle unit\u00e0 C3 e C8.<br \/>\nPer acquistare i filtri, visitare la sezione \"Negozio\".<br \/>\nContattateci per qualsiasi altra domanda<\/p>\n<\/div><\/div><div  class=\"vc_do_toggle vc_toggle vc_toggle_arrow vc_toggle_color_default  vc_toggle_size_sm\"><div class=\"vc_toggle_title\"><h6 style=\"font-size: 1.22em;text-align: left\" class=\"vc_custom_heading vc_do_custom_heading\" >Consegnate in tutto il mondo?<\/h6><i class=\"vc_toggle_icon\"><\/i><\/div><div class=\"vc_toggle_content\"><p>S\u00ec, consegniamo quasi ovunque nel mondo, in particolare nei dipartimenti e territori francesi d'oltremare, Mayotte, La R\u00e9union, Martinica e Guadalupa, principalmente per via aerea.<\/p>\n<\/div><\/div><div  class=\"vc_do_toggle vc_toggle vc_toggle_arrow vc_toggle_color_default  vc_toggle_size_sm\"><div class=\"vc_toggle_title\"><h6 style=\"font-size: 1.22em;text-align: left\" class=\"vc_custom_heading vc_do_custom_heading\" >In che modo la vostra macchina \u00e8 diversa da un deumidificatore? Mineralizza l'acqua?<\/h6><i class=\"vc_toggle_icon\"><\/i><\/div><div class=\"vc_toggle_content\"><p>In termini di creazione dell'acqua, le macchine Airdrink presentano una serie di analogie con i deumidificatori. Ma quando si entra nei dettagli, ci sono una serie di differenze che rendono il confronto impreciso. Le macchine Airdrink producono acqua potabile. Ci\u00f2 significa che abbiamo scelto componenti adatti al contatto con l'acqua potabile e abbiamo implementato molteplici processi di filtrazione e mineralizzazione.<\/p>\n<p>Infine, l'elettronica intelligente garantisce che non dobbiate preoccuparvi di nulla: quando il serbatoio \u00e8 pieno, la macchina smette di produrre acqua e, non appena la utilizzate, ricomincia a produrla da sola. Infine, il nostro sistema brevettato di ozono enviroguard assicura che non compaiano batteri a intervalli regolari.<\/p>\n<\/div><\/div><div  class=\"vc_do_toggle vc_toggle vc_toggle_arrow vc_toggle_color_default  vc_toggle_size_sm\"><div class=\"vc_toggle_title\"><h6 style=\"font-size: 1.22em;text-align: left\" class=\"vc_custom_heading vc_do_custom_heading\" >L'acqua contiene fluoro?<\/h6><i class=\"vc_toggle_icon\"><\/i><\/div><div class=\"vc_toggle_content\"><p style=\"margin-top: 0cm;\">No, le nostre unit\u00e0 generano acqua priva di tossine e contaminanti: nel nostro processo AWG non vengono utilizzati fluoro o cloro.<\/p>\n<\/div><\/div><div  class=\"vc_do_toggle vc_toggle vc_toggle_arrow vc_toggle_color_default  vc_toggle_size_sm\"><div class=\"vc_toggle_title\"><h6 style=\"font-size: 1.22em;text-align: left\" class=\"vc_custom_heading vc_do_custom_heading\" >Ci sono limiti alla funzionalit\u00e0 delle unit\u00e0?<\/h6><i class=\"vc_toggle_icon\"><\/i><\/div><div class=\"vc_toggle_content\"><p>Le soluzioni Airdrink richiedono una fonte di alimentazione per funzionare: prese di corrente, generatori e sistemi solari funzionano a condizione che forniscano il fabbisogno energetico di ciascuna unit\u00e0. Inoltre, per funzionare in modo efficiente, le nostre unit\u00e0 richiedono un livello minimo di umidit\u00e0 relativa di 35%.<br \/>\nPer maggiori dettagli, consultare le informazioni sulle unit\u00e0 C3 e C8.<\/p>\n<\/div><\/div><div  class=\"vc_do_toggle vc_toggle vc_toggle_arrow vc_toggle_color_default  vc_toggle_size_sm\"><div class=\"vc_toggle_title\"><h6 style=\"font-size: 1.22em;text-align: left\" class=\"vc_custom_heading vc_do_custom_heading\" >Qual \u00e8 il prezzo dell'acqua prodotta?<\/h6><i class=\"vc_toggle_icon\"><\/i><\/div><div class=\"vc_toggle_content\"><p>Il costo dell'acqua prodotta dipende essenzialmente dal prezzo dell'elettricit\u00e0 e dalle condizioni climatiche. Il prezzo di costo per litro d'acqua dipender\u00e0 quindi essenzialmente dall'ubicazione del sito. Ma in generale, la nostra acqua sar\u00e0 da 20 a 30% pi\u00f9 economica dell'acqua minerale in bottiglia (un calcolo che include i costi di acquisto e manutenzione della macchina e dell'elettricit\u00e0), e ancora di pi\u00f9 se le soluzioni si basano sull'energia fotovoltaica.<\/p>\n<\/div><\/div><\/div><\/div><!-- \/.sc_content --><\/div><\/div><\/div><\/div><div class=\"vc_row-full-width vc_clearfix\"><\/div>\n<\/div>","protected":false},"excerpt":{"rendered":"Confronta i modelliVogliamo fornirvi la migliore soluzione possibile per le vostre esigenze,...","protected":false},"author":1,"featured_media":0,"parent":0,"menu_order":0,"comment_status":"closed","ping_status":"closed","template":"","meta":{"_angie_page":false,"footnotes":""},"class_list":["post-107","page","type-page","status-publish","hentry"],"yoast_head":"<!-- This site is optimized with the Yoast SEO plugin v27.5 - https:\/\/yoast.com\/product\/yoast-seo-wordpress\/ -->\n<title>FAQ - AirDrink<\/title>\n<meta name=\"description\" content=\"AIRDRINK propose des solutions uniques etinnovantes qui produisent \u00e0 partir de l\u2019humidit\u00e9 de l\u2019air une eau potable, fraiche etmin\u00e9ralis\u00e9e ! Ce proc\u00e9d\u00e9 unique s\u2019appelle \u00abG\u00e9n\u00e9rateur d\u2019eau Atmosph\u00e9rique\u00bb.Nos solutions sont compl\u00e9mentaires aux diff\u00e9rents moyens d\u2019acc\u00e8s \u00e0 l\u2019eaupotable mais et permettent un acc\u00e8s infini \u00e0 l\u2019eau au plus proche du lieu deconsommation.\" \/>\n<meta name=\"robots\" content=\"index, follow, max-snippet:-1, max-image-preview:large, max-video-preview:-1\" \/>\n<link rel=\"canonical\" href=\"https:\/\/airdrink.fr\/it\/faq\/\" \/>\n<meta property=\"og:locale\" content=\"it_IT\" \/>\n<meta property=\"og:type\" content=\"article\" \/>\n<meta property=\"og:title\" content=\"FAQ - AirDrink\" \/>\n<meta property=\"og:description\" content=\"AIRDRINK propose des solutions uniques etinnovantes qui produisent \u00e0 partir de l\u2019humidit\u00e9 de l\u2019air une eau potable, fraiche etmin\u00e9ralis\u00e9e ! Ce proc\u00e9d\u00e9 unique s\u2019appelle \u00abG\u00e9n\u00e9rateur d\u2019eau Atmosph\u00e9rique\u00bb.Nos solutions sont compl\u00e9mentaires aux diff\u00e9rents moyens d\u2019acc\u00e8s \u00e0 l\u2019eaupotable mais et permettent un acc\u00e8s infini \u00e0 l\u2019eau au plus proche du lieu deconsommation.\" \/>\n<meta property=\"og:url\" content=\"https:\/\/airdrink.fr\/it\/faq\/\" \/>\n<meta property=\"og:site_name\" content=\"AirDrink\" \/>\n<meta property=\"article:publisher\" content=\"https:\/\/www.facebook.com\/airdrinkFrance\/\" \/>\n<meta property=\"article:modified_time\" content=\"2025-09-04T08:05:20+00:00\" \/>\n<meta name=\"twitter:card\" content=\"summary_large_image\" \/>\n<meta name=\"twitter:label1\" content=\"Tempo di lettura stimato\" \/>\n\t<meta name=\"twitter:data1\" content=\"6 minuti\" \/>\n<script type=\"application\/ld+json\" class=\"yoast-schema-graph\">{\"@context\":\"https:\\\/\\\/schema.org\",\"@graph\":[{\"@type\":\"WebPage\",\"@id\":\"https:\\\/\\\/airdrink.fr\\\/faq\\\/\",\"url\":\"https:\\\/\\\/airdrink.fr\\\/faq\\\/\",\"name\":\"FAQ - AirDrink\",\"isPartOf\":{\"@id\":\"https:\\\/\\\/airdrink.fr\\\/#website\"},\"datePublished\":\"2017-12-14T07:50:41+00:00\",\"dateModified\":\"2025-09-04T08:05:20+00:00\",\"description\":\"AIRDRINK propose des solutions uniques etinnovantes qui produisent \u00e0 partir de l\u2019humidit\u00e9 de l\u2019air une eau potable, fraiche etmin\u00e9ralis\u00e9e ! Ce proc\u00e9d\u00e9 unique s\u2019appelle \u00abG\u00e9n\u00e9rateur d\u2019eau Atmosph\u00e9rique\u00bb.Nos solutions sont compl\u00e9mentaires aux diff\u00e9rents moyens d\u2019acc\u00e8s \u00e0 l\u2019eaupotable mais et permettent un acc\u00e8s infini \u00e0 l\u2019eau au plus proche du lieu deconsommation.\",\"breadcrumb\":{\"@id\":\"https:\\\/\\\/airdrink.fr\\\/faq\\\/#breadcrumb\"},\"inLanguage\":\"it-IT\",\"potentialAction\":[{\"@type\":\"ReadAction\",\"target\":[\"https:\\\/\\\/airdrink.fr\\\/faq\\\/\"]}]},{\"@type\":\"BreadcrumbList\",\"@id\":\"https:\\\/\\\/airdrink.fr\\\/faq\\\/#breadcrumb\",\"itemListElement\":[{\"@type\":\"ListItem\",\"position\":1,\"name\":\"Accueil\",\"item\":\"https:\\\/\\\/airdrink.fr\\\/\"},{\"@type\":\"ListItem\",\"position\":2,\"name\":\"FAQ\"}]},{\"@type\":\"WebSite\",\"@id\":\"https:\\\/\\\/airdrink.fr\\\/#website\",\"url\":\"https:\\\/\\\/airdrink.fr\\\/\",\"name\":\"AirDrink - de l'eau \u00e0 partir de l'air !\",\"description\":\"Airdrink, de l'eau &agrave; partir de l'air !\",\"publisher\":{\"@id\":\"https:\\\/\\\/airdrink.fr\\\/#organization\"},\"potentialAction\":[{\"@type\":\"SearchAction\",\"target\":{\"@type\":\"EntryPoint\",\"urlTemplate\":\"https:\\\/\\\/airdrink.fr\\\/?s={search_term_string}\"},\"query-input\":{\"@type\":\"PropertyValueSpecification\",\"valueRequired\":true,\"valueName\":\"search_term_string\"}}],\"inLanguage\":\"it-IT\"},{\"@type\":\"Organization\",\"@id\":\"https:\\\/\\\/airdrink.fr\\\/#organization\",\"name\":\"AirDrink - de l'eau \u00e0 partir de l'air !\",\"url\":\"https:\\\/\\\/airdrink.fr\\\/\",\"logo\":{\"@type\":\"ImageObject\",\"inLanguage\":\"it-IT\",\"@id\":\"https:\\\/\\\/airdrink.fr\\\/#\\\/schema\\\/logo\\\/image\\\/\",\"url\":\"https:\\\/\\\/airdrink.fr\\\/wp-content\\\/uploads\\\/2023\\\/03\\\/cropped-logo-Airdrink-plus-HD-v1-3-300x203-1.png\",\"contentUrl\":\"https:\\\/\\\/airdrink.fr\\\/wp-content\\\/uploads\\\/2023\\\/03\\\/cropped-logo-Airdrink-plus-HD-v1-3-300x203-1.png\",\"width\":300,\"height\":128,\"caption\":\"AirDrink - de l'eau \u00e0 partir de l'air !\"},\"image\":{\"@id\":\"https:\\\/\\\/airdrink.fr\\\/#\\\/schema\\\/logo\\\/image\\\/\"},\"sameAs\":[\"https:\\\/\\\/www.facebook.com\\\/airdrinkFrance\\\/\",\"https:\\\/\\\/www.linkedin.com\\\/company\\\/pgsoft\",\"https:\\\/\\\/www.youtube.com\\\/channel\\\/UCV0fIuMlZQZElbCWK93RP9A\"]}]}<\/script>\n<!-- \/ Yoast SEO plugin. -->","yoast_head_json":{"title":"FAQ - AirDrink","description":"AIRDRINK offre soluzioni uniche e innovative che producono acqua potabile fresca e mineralizzata dall'umidit\u00e0 dell'aria! Questo processo unico si chiama \"Generatore di acqua atmosferica\" e le nostre soluzioni sono complementari ai diversi mezzi di accesso all'acqua potabile e consentono un accesso infinito all'acqua vicino al luogo di consumo.","robots":{"index":"index","follow":"follow","max-snippet":"max-snippet:-1","max-image-preview":"max-image-preview:large","max-video-preview":"max-video-preview:-1"},"canonical":"https:\/\/airdrink.fr\/it\/faq\/","og_locale":"it_IT","og_type":"article","og_title":"FAQ - AirDrink","og_description":"AIRDRINK propose des solutions uniques etinnovantes qui produisent \u00e0 partir de l\u2019humidit\u00e9 de l\u2019air une eau potable, fraiche etmin\u00e9ralis\u00e9e ! Ce proc\u00e9d\u00e9 unique s\u2019appelle \u00abG\u00e9n\u00e9rateur d\u2019eau Atmosph\u00e9rique\u00bb.Nos solutions sont compl\u00e9mentaires aux diff\u00e9rents moyens d\u2019acc\u00e8s \u00e0 l\u2019eaupotable mais et permettent un acc\u00e8s infini \u00e0 l\u2019eau au plus proche du lieu deconsommation.","og_url":"https:\/\/airdrink.fr\/it\/faq\/","og_site_name":"AirDrink","article_publisher":"https:\/\/www.facebook.com\/airdrinkFrance\/","article_modified_time":"2025-09-04T08:05:20+00:00","twitter_card":"summary_large_image","twitter_misc":{"Tempo di lettura stimato":"6 minuti"},"schema":{"@context":"https:\/\/schema.org","@graph":[{"@type":"WebPage","@id":"https:\/\/airdrink.fr\/faq\/","url":"https:\/\/airdrink.fr\/faq\/","name":"FAQ - AirDrink","isPartOf":{"@id":"https:\/\/airdrink.fr\/#website"},"datePublished":"2017-12-14T07:50:41+00:00","dateModified":"2025-09-04T08:05:20+00:00","description":"AIRDRINK offre soluzioni uniche e innovative che producono acqua potabile fresca e mineralizzata dall'umidit\u00e0 dell'aria! Questo processo unico si chiama \"Generatore di acqua atmosferica\" e le nostre soluzioni sono complementari ai diversi mezzi di accesso all'acqua potabile e consentono un accesso infinito all'acqua vicino al luogo di consumo.","breadcrumb":{"@id":"https:\/\/airdrink.fr\/faq\/#breadcrumb"},"inLanguage":"it-IT","potentialAction":[{"@type":"ReadAction","target":["https:\/\/airdrink.fr\/faq\/"]}]},{"@type":"BreadcrumbList","@id":"https:\/\/airdrink.fr\/faq\/#breadcrumb","itemListElement":[{"@type":"ListItem","position":1,"name":"Accueil","item":"https:\/\/airdrink.fr\/"},{"@type":"ListItem","position":2,"name":"FAQ"}]},{"@type":"WebSite","@id":"https:\/\/airdrink.fr\/#website","url":"https:\/\/airdrink.fr\/","name":"AirDrink - acqua dall'aria!","description":"Airdrink, acqua dall'aria!","publisher":{"@id":"https:\/\/airdrink.fr\/#organization"},"potentialAction":[{"@type":"SearchAction","target":{"@type":"EntryPoint","urlTemplate":"https:\/\/airdrink.fr\/?s={search_term_string}"},"query-input":{"@type":"PropertyValueSpecification","valueRequired":true,"valueName":"search_term_string"}}],"inLanguage":"it-IT"},{"@type":"Organization","@id":"https:\/\/airdrink.fr\/#organization","name":"AirDrink - acqua dall'aria!","url":"https:\/\/airdrink.fr\/","logo":{"@type":"ImageObject","inLanguage":"it-IT","@id":"https:\/\/airdrink.fr\/#\/schema\/logo\/image\/","url":"https:\/\/airdrink.fr\/wp-content\/uploads\/2023\/03\/cropped-logo-Airdrink-plus-HD-v1-3-300x203-1.png","contentUrl":"https:\/\/airdrink.fr\/wp-content\/uploads\/2023\/03\/cropped-logo-Airdrink-plus-HD-v1-3-300x203-1.png","width":300,"height":128,"caption":"AirDrink - de l'eau \u00e0 partir de l'air !"},"image":{"@id":"https:\/\/airdrink.fr\/#\/schema\/logo\/image\/"},"sameAs":["https:\/\/www.facebook.com\/airdrinkFrance\/","https:\/\/www.linkedin.com\/company\/pgsoft","https:\/\/www.youtube.com\/channel\/UCV0fIuMlZQZElbCWK93RP9A"]}]}},"_links":{"self":[{"href":"https:\/\/airdrink.fr\/it\/wp-json\/wp\/v2\/pages\/107","targetHints":{"allow":["GET"]}}],"collection":[{"href":"https:\/\/airdrink.fr\/it\/wp-json\/wp\/v2\/pages"}],"about":[{"href":"https:\/\/airdrink.fr\/it\/wp-json\/wp\/v2\/types\/page"}],"author":[{"embeddable":true,"href":"https:\/\/airdrink.fr\/it\/wp-json\/wp\/v2\/users\/1"}],"replies":[{"embeddable":true,"href":"https:\/\/airdrink.fr\/it\/wp-json\/wp\/v2\/comments?post=107"}],"version-history":[{"count":0,"href":"https:\/\/airdrink.fr\/it\/wp-json\/wp\/v2\/pages\/107\/revisions"}],"wp:attachment":[{"href":"https:\/\/airdrink.fr\/it\/wp-json\/wp\/v2\/media?parent=107"}],"curies":[{"name":"wp","href":"https:\/\/api.w.org\/{rel}","templated":true}]}}