{"id":1283,"date":"2018-12-05T12:37:08","date_gmt":"2018-12-05T11:37:08","guid":{"rendered":"https:\/\/airdrink.fr\/?page_id=1283"},"modified":"2023-06-30T10:04:49","modified_gmt":"2023-06-30T09:04:49","slug":"riferimenti-legali_politica_privacy","status":"publish","type":"page","link":"https:\/\/airdrink.fr\/it\/mentions_legales_politique_confidentialite\/","title":{"rendered":"Informativa sulla privacy - protezione dei dati"},"content":{"rendered":"<div class=\"wpb-content-wrapper\"><div class=\"vc_row wpb_row vc_row-fluid shape_divider_top-none shape_divider_bottom-none scheme_default\"><div class=\"wpb_column vc_column_container vc_col-sm-12 sc_layouts_column_icons_position_left\"><div class=\"vc_column-inner\"><div class=\"wpb_wrapper\"><div class=\"vc_empty_space\"   style=\"height: 4em\"><span class=\"vc_empty_space_inner\"><\/span><\/div><div id=\"sc_content_1790398562\"\n\t\tclass=\"sc_content sc_content_default sc_float_center sc_padding_medium p70\"><div class=\"sc_content_container\">\n\t<div class=\"wpb_text_column wpb_content_element\" >\n\t\t<div class=\"wpb_wrapper\">\n\t\t\t<div style=\"text-align: justify;\"><strong>AVVISO LEGALE E INFORMATIVA SULLA PRIVACY<\/strong><\/div>\n<div style=\"text-align: justify;\"><strong>1 - Modifica del sito<\/strong><\/div>\n<div style=\"text-align: justify;\">Ai sensi dell'articolo 6 della legge francese n. 2004-575 del 21 giugno 2004 sulla fiducia nell'economia digitale, gli utenti del sito https:\/\/airdrink.fr\/ sono informati dell'identit\u00e0 dei diversi soggetti coinvolti nella sua creazione e nel suo monitoraggio:<\/div>\n<div style=\"text-align: justify;\">Proprietario del sito: Philippe GONIN<br \/>\nContatto: contact@airdrink.fr 04 42 18 22 35<br \/>\nIndirizzo: 14 Chem. de la Passerelle, 13720 La Bouilladisse.<\/div>\n<div style=\"text-align: justify;\">Identificazione della societ\u00e0: SARL Philippe GONIN con un capitale sociale di 1.000 euro.<br \/>\nSIRENE: 894313261 - RCS o RM :<br \/>\nIndirizzo postale: 14 Chem. de la Passerelle, 13720 La Bouilladisse<\/div>\n<div style=\"text-align: justify;\">https:\/\/airdrink.fr\/cgv\/<\/div>\n<div style=\"text-align: justify;\">Direttore della pubblicazione: Philippe GONIN<\/div>\n<div style=\"text-align: justify;\">Hosting : Gandi - 63-65 Boulevard Mass\u00e9na, 75013 Parigi - Telefono : 01.70.37.76.61<\/div>\n<div style=\"text-align: justify;\">Responsabile della protezione dei dati : Philippe GONIN<\/div>\n<div style=\"text-align: justify;\"><strong>2 - Propriet\u00e0 intellettuale e contraffazione.<\/strong><\/div>\n<div style=\"text-align: justify;\">Philippe GONIN \u00e8 il titolare dei diritti di propriet\u00e0 intellettuale e detiene i diritti di utilizzo di tutti gli elementi accessibili sul sito, in particolare testi, immagini, grafici, loghi, video, architetture, icone e suoni. \u00c8 severamente vietata la riproduzione, la rappresentazione, la modifica, la pubblicazione o l'adattamento di tutto o parte del contenuto di questo sito.<\/div>\n<div style=\"text-align: justify;\">elementi del sito, qualunque sia il mezzo o il processo utilizzato, \u00e8 vietato, salvo autorizzazione scritta del proprietario.<\/div>\n<div style=\"text-align: justify;\">di Philippe GONIN. Qualsiasi utilizzo non autorizzato del sito o di uno qualsiasi degli elementi in esso contenuti sar\u00e0 considerato come una violazione e sar\u00e0 perseguito in conformit\u00e0 alle disposizioni del Codice della Propriet\u00e0 Intellettuale.<\/div>\n<div style=\"text-align: justify;\">articoli L.335-2 e seguenti del Codice della Propriet\u00e0 Intellettuale francese.<\/div>\n<div style=\"text-align: justify;\"><strong>3 - Limitazioni di responsabilit\u00e0.<\/strong><\/div>\n<div style=\"text-align: justify;\">Philippe GONIN non pu\u00f2 essere ritenuta responsabile di eventuali danni diretti o indiretti causati alla<\/div>\n<div style=\"text-align: justify;\">dell'utente quando accede al sito https:\/\/airdrink.fr\/. Philippe GONIN declina ogni responsabilit\u00e0 per l'uso che pu\u00f2 essere fatto delle informazioni e dei contenuti disponibili su https:\/\/airdrink.fr\/. Philippe GONIN si impegna a garantire che il sito https:\/\/airdrink.fr\/ sia il pi\u00f9 sicuro possibile, tuttavia non pu\u00f2 essere ritenuto responsabile se dati indesiderati vengono importati e installati sul suo sito a sua insaputa. Le aree interattive (spazio per i contatti o per i commenti) sono a disposizione degli utenti. Philippe GONIN si riserva il diritto di eliminare, senza preavviso, qualsiasi contenuto pubblicato in quest'area che contravvenga alla legislazione applicabile in Francia, in particolare alle disposizioni relative alla protezione dei dati.<\/div>\n<div style=\"text-align: justify;\">Se del caso, Philippe GONIN si riserva inoltre il diritto di ritenere l'utente responsabile civilmente e\/o penalmente, in particolare in caso di messaggi di natura razzista, ingiuriosa, diffamatoria o pornografica, qualunque sia il mezzo utilizzato (testo, fotografie, ecc.).<\/div>\n<div style=\"text-align: justify;\"><strong>4 - CNIL e gestione dei dati personali.<\/strong><\/div>\n<div style=\"text-align: justify;\">Conformemente alle disposizioni della legge 78-17 del 6 gennaio 1978 e successive modifiche, gli utenti del sito https:\/\/airdrink.fr\/ hanno il diritto di accedere, modificare e cancellare le informazioni raccolte. Per esercitare questo diritto, si prega di inviare un messaggio al nostro Responsabile della protezione dei dati: Philippe GONIN.<\/div>\n<div style=\"text-align: justify;\"><strong>5 - Link ipertestuali e cookie<\/strong><\/div>\n<div style=\"text-align: justify;\">\n<p>Il sito https:\/\/airdrink.fr\/ contiene collegamenti ipertestuali ad altri siti e non si assume alcuna responsabilit\u00e0 per questi collegamenti esterni o per i collegamenti creati da altri siti a https:\/\/airdrink.fr\/. La navigazione sul sito https:\/\/airdrink.fr\/ pu\u00f2 causare l'installazione di cookie sul computer dell'utente. Un \"cookie\" \u00e8 un piccolo file che registra informazioni sulla navigazione dell'utente su un sito. I dati cos\u00ec ottenuti possono essere utilizzati, ad esempio, per misurare il numero di visitatori. \u00c8 possibile accettare o rifiutare i cookie modificando le impostazioni del browser. Nessun cookie verr\u00e0 depositato senza il vostro consenso. I cookie vengono conservati per un massimo di 12 mesi.\n<\/p><\/div>\n<div style=\"text-align: justify;\"><strong>6 - Legge applicabile e giurisdizione.<\/strong><\/div>\n<div style=\"text-align: justify;\">Qualsiasi controversia relativa all'utilizzo del sito web https:\/\/airdrink.fr\/ \u00e8 soggetta alla legge francese. A<\/div>\n<div style=\"text-align: justify;\">Salvo i casi in cui la legge non lo consenta, i tribunali hanno giurisdizione esclusiva.<\/div>\n<div style=\"text-align: justify;\">ad Aix-en-Provence.<\/div>\n\n\t\t<\/div>\n\t<\/div>\n<\/div><\/div><!-- \/.sc_content --><div class=\"vc_empty_space\"   style=\"height: 4em\"><span class=\"vc_empty_space_inner\"><\/span><\/div><\/div><\/div><\/div><\/div>\n<\/div>","protected":false},"excerpt":{"rendered":"AVVISI LEGALI E PRIVACY POLICY 1 - Pubblicazione del sito In virt\u00f9 dell'articolo...","protected":false},"author":1,"featured_media":0,"parent":0,"menu_order":0,"comment_status":"closed","ping_status":"closed","template":"","meta":{"_angie_page":false,"footnotes":""},"class_list":["post-1283","page","type-page","status-publish","hentry"],"yoast_head":"<!-- This site is optimized with the Yoast SEO plugin v27.5 - https:\/\/yoast.com\/product\/yoast-seo-wordpress\/ -->\n<title>Politique de confidentialit\u00e9 - protection des donn\u00e9es - AirDrink<\/title>\n<meta name=\"description\" content=\"AIRDRINK propose des solutions uniques etinnovantes qui produisent \u00e0 partir de l\u2019humidit\u00e9 de l\u2019air une eau potable, fraiche etmin\u00e9ralis\u00e9e ! Ce proc\u00e9d\u00e9 unique s\u2019appelle \u00abG\u00e9n\u00e9rateur d\u2019eau Atmosph\u00e9rique\u00bb.Nos solutions sont compl\u00e9mentaires aux diff\u00e9rents moyens d\u2019acc\u00e8s \u00e0 l\u2019eaupotable mais et permettent un acc\u00e8s infini \u00e0 l\u2019eau au plus proche du lieu deconsommation.\" \/>\n<meta name=\"robots\" content=\"index, follow, max-snippet:-1, max-image-preview:large, max-video-preview:-1\" \/>\n<link rel=\"canonical\" href=\"https:\/\/airdrink.fr\/it\/riferimenti-legali_politica_privacy\/\" \/>\n<meta property=\"og:locale\" content=\"it_IT\" \/>\n<meta property=\"og:type\" content=\"article\" \/>\n<meta property=\"og:title\" content=\"Politique de confidentialit\u00e9 - protection des donn\u00e9es - AirDrink\" \/>\n<meta property=\"og:description\" content=\"AIRDRINK propose des solutions uniques etinnovantes qui produisent \u00e0 partir de l\u2019humidit\u00e9 de l\u2019air une eau potable, fraiche etmin\u00e9ralis\u00e9e ! Ce proc\u00e9d\u00e9 unique s\u2019appelle \u00abG\u00e9n\u00e9rateur d\u2019eau Atmosph\u00e9rique\u00bb.Nos solutions sont compl\u00e9mentaires aux diff\u00e9rents moyens d\u2019acc\u00e8s \u00e0 l\u2019eaupotable mais et permettent un acc\u00e8s infini \u00e0 l\u2019eau au plus proche du lieu deconsommation.\" \/>\n<meta property=\"og:url\" content=\"https:\/\/airdrink.fr\/it\/riferimenti-legali_politica_privacy\/\" \/>\n<meta property=\"og:site_name\" content=\"AirDrink\" \/>\n<meta property=\"article:publisher\" content=\"https:\/\/www.facebook.com\/airdrinkFrance\/\" \/>\n<meta property=\"article:modified_time\" content=\"2023-06-30T09:04:49+00:00\" \/>\n<meta name=\"twitter:card\" content=\"summary_large_image\" \/>\n<meta name=\"twitter:label1\" content=\"Tempo di lettura stimato\" \/>\n\t<meta name=\"twitter:data1\" content=\"4 minuti\" \/>\n<script type=\"application\/ld+json\" class=\"yoast-schema-graph\">{\"@context\":\"https:\\\/\\\/schema.org\",\"@graph\":[{\"@type\":\"WebPage\",\"@id\":\"https:\\\/\\\/airdrink.fr\\\/mentions_legales_politique_confidentialite\\\/\",\"url\":\"https:\\\/\\\/airdrink.fr\\\/mentions_legales_politique_confidentialite\\\/\",\"name\":\"Politique de confidentialit\u00e9 - protection des donn\u00e9es - AirDrink\",\"isPartOf\":{\"@id\":\"https:\\\/\\\/airdrink.fr\\\/#website\"},\"datePublished\":\"2018-12-05T11:37:08+00:00\",\"dateModified\":\"2023-06-30T09:04:49+00:00\",\"description\":\"AIRDRINK propose des solutions uniques etinnovantes qui produisent \u00e0 partir de l\u2019humidit\u00e9 de l\u2019air une eau potable, fraiche etmin\u00e9ralis\u00e9e ! Ce proc\u00e9d\u00e9 unique s\u2019appelle \u00abG\u00e9n\u00e9rateur d\u2019eau Atmosph\u00e9rique\u00bb.Nos solutions sont compl\u00e9mentaires aux diff\u00e9rents moyens d\u2019acc\u00e8s \u00e0 l\u2019eaupotable mais et permettent un acc\u00e8s infini \u00e0 l\u2019eau au plus proche du lieu deconsommation.\",\"breadcrumb\":{\"@id\":\"https:\\\/\\\/airdrink.fr\\\/mentions_legales_politique_confidentialite\\\/#breadcrumb\"},\"inLanguage\":\"it-IT\",\"potentialAction\":[{\"@type\":\"ReadAction\",\"target\":[\"https:\\\/\\\/airdrink.fr\\\/mentions_legales_politique_confidentialite\\\/\"]}]},{\"@type\":\"BreadcrumbList\",\"@id\":\"https:\\\/\\\/airdrink.fr\\\/mentions_legales_politique_confidentialite\\\/#breadcrumb\",\"itemListElement\":[{\"@type\":\"ListItem\",\"position\":1,\"name\":\"Accueil\",\"item\":\"https:\\\/\\\/airdrink.fr\\\/\"},{\"@type\":\"ListItem\",\"position\":2,\"name\":\"Politique de confidentialit\u00e9 &#8211; protection des donn\u00e9es\"}]},{\"@type\":\"WebSite\",\"@id\":\"https:\\\/\\\/airdrink.fr\\\/#website\",\"url\":\"https:\\\/\\\/airdrink.fr\\\/\",\"name\":\"AirDrink - de l'eau \u00e0 partir de l'air !\",\"description\":\"Airdrink, de l'eau &agrave; partir de l'air !\",\"publisher\":{\"@id\":\"https:\\\/\\\/airdrink.fr\\\/#organization\"},\"potentialAction\":[{\"@type\":\"SearchAction\",\"target\":{\"@type\":\"EntryPoint\",\"urlTemplate\":\"https:\\\/\\\/airdrink.fr\\\/?s={search_term_string}\"},\"query-input\":{\"@type\":\"PropertyValueSpecification\",\"valueRequired\":true,\"valueName\":\"search_term_string\"}}],\"inLanguage\":\"it-IT\"},{\"@type\":\"Organization\",\"@id\":\"https:\\\/\\\/airdrink.fr\\\/#organization\",\"name\":\"AirDrink - de l'eau \u00e0 partir de l'air !\",\"url\":\"https:\\\/\\\/airdrink.fr\\\/\",\"logo\":{\"@type\":\"ImageObject\",\"inLanguage\":\"it-IT\",\"@id\":\"https:\\\/\\\/airdrink.fr\\\/#\\\/schema\\\/logo\\\/image\\\/\",\"url\":\"https:\\\/\\\/airdrink.fr\\\/wp-content\\\/uploads\\\/2023\\\/03\\\/cropped-logo-Airdrink-plus-HD-v1-3-300x203-1.png\",\"contentUrl\":\"https:\\\/\\\/airdrink.fr\\\/wp-content\\\/uploads\\\/2023\\\/03\\\/cropped-logo-Airdrink-plus-HD-v1-3-300x203-1.png\",\"width\":300,\"height\":128,\"caption\":\"AirDrink - de l'eau \u00e0 partir de l'air !\"},\"image\":{\"@id\":\"https:\\\/\\\/airdrink.fr\\\/#\\\/schema\\\/logo\\\/image\\\/\"},\"sameAs\":[\"https:\\\/\\\/www.facebook.com\\\/airdrinkFrance\\\/\",\"https:\\\/\\\/www.linkedin.com\\\/company\\\/pgsoft\",\"https:\\\/\\\/www.youtube.com\\\/channel\\\/UCV0fIuMlZQZElbCWK93RP9A\"]}]}<\/script>\n<!-- \/ Yoast SEO plugin. -->","yoast_head_json":{"title":"Informativa sulla privacy - protezione dei dati - AirDrink","description":"AIRDRINK offre soluzioni uniche e innovative che producono acqua potabile fresca e mineralizzata dall'umidit\u00e0 dell'aria! Questo processo unico si chiama \"Generatore di acqua atmosferica\" e le nostre soluzioni sono complementari ai diversi mezzi di accesso all'acqua potabile e consentono un accesso infinito all'acqua vicino al luogo di consumo.","robots":{"index":"index","follow":"follow","max-snippet":"max-snippet:-1","max-image-preview":"max-image-preview:large","max-video-preview":"max-video-preview:-1"},"canonical":"https:\/\/airdrink.fr\/it\/riferimenti-legali_politica_privacy\/","og_locale":"it_IT","og_type":"article","og_title":"Politique de confidentialit\u00e9 - protection des donn\u00e9es - AirDrink","og_description":"AIRDRINK propose des solutions uniques etinnovantes qui produisent \u00e0 partir de l\u2019humidit\u00e9 de l\u2019air une eau potable, fraiche etmin\u00e9ralis\u00e9e ! Ce proc\u00e9d\u00e9 unique s\u2019appelle \u00abG\u00e9n\u00e9rateur d\u2019eau Atmosph\u00e9rique\u00bb.Nos solutions sont compl\u00e9mentaires aux diff\u00e9rents moyens d\u2019acc\u00e8s \u00e0 l\u2019eaupotable mais et permettent un acc\u00e8s infini \u00e0 l\u2019eau au plus proche du lieu deconsommation.","og_url":"https:\/\/airdrink.fr\/it\/riferimenti-legali_politica_privacy\/","og_site_name":"AirDrink","article_publisher":"https:\/\/www.facebook.com\/airdrinkFrance\/","article_modified_time":"2023-06-30T09:04:49+00:00","twitter_card":"summary_large_image","twitter_misc":{"Tempo di lettura stimato":"4 minuti"},"schema":{"@context":"https:\/\/schema.org","@graph":[{"@type":"WebPage","@id":"https:\/\/airdrink.fr\/mentions_legales_politique_confidentialite\/","url":"https:\/\/airdrink.fr\/mentions_legales_politique_confidentialite\/","name":"Informativa sulla privacy - protezione dei dati - AirDrink","isPartOf":{"@id":"https:\/\/airdrink.fr\/#website"},"datePublished":"2018-12-05T11:37:08+00:00","dateModified":"2023-06-30T09:04:49+00:00","description":"AIRDRINK offre soluzioni uniche e innovative che producono acqua potabile fresca e mineralizzata dall'umidit\u00e0 dell'aria! Questo processo unico si chiama \"Generatore di acqua atmosferica\" e le nostre soluzioni sono complementari ai diversi mezzi di accesso all'acqua potabile e consentono un accesso infinito all'acqua vicino al luogo di consumo.","breadcrumb":{"@id":"https:\/\/airdrink.fr\/mentions_legales_politique_confidentialite\/#breadcrumb"},"inLanguage":"it-IT","potentialAction":[{"@type":"ReadAction","target":["https:\/\/airdrink.fr\/mentions_legales_politique_confidentialite\/"]}]},{"@type":"BreadcrumbList","@id":"https:\/\/airdrink.fr\/mentions_legales_politique_confidentialite\/#breadcrumb","itemListElement":[{"@type":"ListItem","position":1,"name":"Accueil","item":"https:\/\/airdrink.fr\/"},{"@type":"ListItem","position":2,"name":"Politique de confidentialit\u00e9 &#8211; protection des donn\u00e9es"}]},{"@type":"WebSite","@id":"https:\/\/airdrink.fr\/#website","url":"https:\/\/airdrink.fr\/","name":"AirDrink - acqua dall'aria!","description":"Airdrink, acqua dall'aria!","publisher":{"@id":"https:\/\/airdrink.fr\/#organization"},"potentialAction":[{"@type":"SearchAction","target":{"@type":"EntryPoint","urlTemplate":"https:\/\/airdrink.fr\/?s={search_term_string}"},"query-input":{"@type":"PropertyValueSpecification","valueRequired":true,"valueName":"search_term_string"}}],"inLanguage":"it-IT"},{"@type":"Organization","@id":"https:\/\/airdrink.fr\/#organization","name":"AirDrink - acqua dall'aria!","url":"https:\/\/airdrink.fr\/","logo":{"@type":"ImageObject","inLanguage":"it-IT","@id":"https:\/\/airdrink.fr\/#\/schema\/logo\/image\/","url":"https:\/\/airdrink.fr\/wp-content\/uploads\/2023\/03\/cropped-logo-Airdrink-plus-HD-v1-3-300x203-1.png","contentUrl":"https:\/\/airdrink.fr\/wp-content\/uploads\/2023\/03\/cropped-logo-Airdrink-plus-HD-v1-3-300x203-1.png","width":300,"height":128,"caption":"AirDrink - de l'eau \u00e0 partir de l'air !"},"image":{"@id":"https:\/\/airdrink.fr\/#\/schema\/logo\/image\/"},"sameAs":["https:\/\/www.facebook.com\/airdrinkFrance\/","https:\/\/www.linkedin.com\/company\/pgsoft","https:\/\/www.youtube.com\/channel\/UCV0fIuMlZQZElbCWK93RP9A"]}]}},"_links":{"self":[{"href":"https:\/\/airdrink.fr\/it\/wp-json\/wp\/v2\/pages\/1283","targetHints":{"allow":["GET"]}}],"collection":[{"href":"https:\/\/airdrink.fr\/it\/wp-json\/wp\/v2\/pages"}],"about":[{"href":"https:\/\/airdrink.fr\/it\/wp-json\/wp\/v2\/types\/page"}],"author":[{"embeddable":true,"href":"https:\/\/airdrink.fr\/it\/wp-json\/wp\/v2\/users\/1"}],"replies":[{"embeddable":true,"href":"https:\/\/airdrink.fr\/it\/wp-json\/wp\/v2\/comments?post=1283"}],"version-history":[{"count":0,"href":"https:\/\/airdrink.fr\/it\/wp-json\/wp\/v2\/pages\/1283\/revisions"}],"wp:attachment":[{"href":"https:\/\/airdrink.fr\/it\/wp-json\/wp\/v2\/media?parent=1283"}],"curies":[{"name":"wp","href":"https:\/\/api.w.org\/{rel}","templated":true}]}}