{"id":2467,"date":"2023-06-30T09:47:07","date_gmt":"2023-06-30T08:47:07","guid":{"rendered":"https:\/\/airdrink.fr\/?page_id=2467"},"modified":"2024-12-17T08:16:55","modified_gmt":"2024-12-17T06:16:55","slug":"a-proposito-4","status":"publish","type":"page","link":"https:\/\/airdrink.fr\/it\/cgv\/","title":{"rendered":"Termini e condizioni di vendita"},"content":{"rendered":"<div class=\"wpb-content-wrapper\"><div class=\"vc_row wpb_row vc_row-fluid vc_custom_1541768449725 shape_divider_top-none shape_divider_bottom-none\"><div class=\"wpb_column vc_column_container vc_col-sm-12 sc_layouts_column_icons_position_left\"><div class=\"vc_column-inner\"><div class=\"wpb_wrapper\">\n\t<div class=\"wpb_text_column wpb_content_element\" >\n\t\t<div class=\"wpb_wrapper\">\n\t\t\t<p style=\"text-align: justify;\"><strong>AIRDRINK CONDIZIONI GENERALI DI VENDITA - PGSOFT - Applicabili dal 29\/06\/2023<\/strong><\/p>\n<p style=\"text-align: justify;\"><strong>Clausola 1: Scopo e ambito di applicazione<\/strong><br \/>\nLe presenti Condizioni Generali di Vendita (CGV) costituiscono la base delle trattative commerciali e vengono sistematicamente inviate o consegnate a ciascun acquirente per consentirgli di effettuare un ordine. Le condizioni generali di vendita descritte di seguito descrivono in dettaglio i diritti e gli obblighi di PGSOFT e del suo cliente in relazione alla vendita dei seguenti beni:<\/p>\n<p style=\"text-align: justify;\"><strong>GENERATORI DI ACQUA ATMOSFERICA E ACCESSORI<\/strong><br \/>\nL'accettazione del modulo di offerta\/ordine su questo sito implica l'accettazione senza riserve da parte dell'acquirente delle presenti condizioni generali di vendita.<\/p>\n<p style=\"text-align: justify;\"><strong>Clausola 2: Prezzo<\/strong><br \/>\nI prezzi della merce venduta sono quelli in vigore il giorno dell'ordine. Sono espressi in euro e calcolati al netto delle imposte. Di conseguenza, saranno maggiorati dell'aliquota IVA e delle spese di trasporto applicabili il giorno dell'ordine. PGSOFT si riserva il diritto di modificare i prezzi in qualsiasi momento. Tuttavia, si impegna a fatturare la merce ordinata ai prezzi indicati al momento della registrazione dell'ordine.<\/p>\n<p style=\"text-align: justify;\"><strong>Clausola 3: Sconti e riduzioni<\/strong><br \/>\nI prezzi indicati includono eventuali sconti e riduzioni che PGSOFT pu\u00f2 concedere sulla base dei propri risultati o dell'assunzione di responsabilit\u00e0 da parte dell'acquirente per determinati servizi.<\/p>\n<p style=\"text-align: justify;\"><strong>Clausola 4: Sconto<\/strong><br \/>\nNon \u00e8 previsto alcuno sconto per il pagamento anticipato.<\/p>\n<p style=\"text-align: justify;\"><strong>Clausola 5: Termini di pagamento<\/strong><br \/>\nGli ordini devono essere pagati per intero:<br \/>\n- o con assegno ;<br \/>\n- o con carta di credito;<br \/>\n- Tramite bonifico bancario<br \/>\n- Oppure con Paypal o Paypal * 4<\/p>\n<p style=\"text-align: justify;\"><strong>Clausola 6: Clausola di riserva di propriet\u00e0<\/strong><br \/>\nPGSOFT conserva la propriet\u00e0 dei beni venduti fino al completo pagamento del prezzo, in linea capitale e accessori. A questo proposito, se l'acquirente \u00e8 oggetto di una procedura di amministrazione controllata o di liquidazione, PGSOFT si riserva il diritto di rivendicare, nell'ambito della procedura di amministrazione controllata, la merce venduta e non pagata.<\/p>\n<p style=\"text-align: justify;\"><strong>Clausola 7: Consegna<\/strong><br \/>\nLa consegna viene effettuata :<br \/>\n- o consegnando la merce direttamente all'acquirente;<br \/>\n- o inviando un avviso di disponibilit\u00e0 all'acquirente;<br \/>\n- o depositando la merce nel luogo indicato dall'acquirente nel modulo d'ordine.<br \/>\nIl termine di consegna indicato al momento dell'ordine \u00e8 puramente indicativo e non \u00e8 in alcun modo garantito. Di conseguenza, qualsiasi ragionevole ritardo nella consegna dei prodotti non dar\u00e0 luogo ad alcun reclamo da parte dell'acquirente:<br \/>\n- il risarcimento dei danni;<br \/>\n- cancellazione dell'ordine.<br \/>\nIl rischio di trasporto \u00e8 interamente a carico dell'acquirente.<\/p>\n<p style=\"text-align: justify;\">In caso di merce mancante o danneggiata durante il trasporto, l'acquirente deve fare tutte le riserve necessarie sulla bolla di trasporto al momento del ricevimento della merce. Tali riserve devono essere confermate per iscritto entro cinque giorni dalla consegna, mediante lettera raccomandata con ricevuta di ritorno indirizzata alla societ\u00e0.<\/p>\n<p style=\"text-align: justify;\"><strong>Clausola 8: Forza maggiore<\/strong><br \/>\nPGSOFT non pu\u00f2 essere ritenuta responsabile in caso di mancata o ritardata esecuzione di uno degli obblighi descritti nelle presenti condizioni generali.<br \/>\ndella vendita \u00e8 dovuta a cause di forza maggiore. Per forza maggiore si intende qualsiasi evento esterno, imprevedibile e irresistibile ai sensi dell'articolo 1148 del Codice Civile francese.<\/p>\n<p style=\"text-align: justify;\"><strong>Clausola 9: Giurisdizione<\/strong><br \/>\nQualsiasi controversia relativa all'interpretazione e all'esecuzione delle presenti condizioni generali di vendita sar\u00e0 disciplinata dal diritto francese. In mancanza di una risoluzione amichevole, la controversia sar\u00e0 deferita al Tribunale commerciale di Aix-en-Provence.<\/p>\n\n\t\t<\/div>\n\t<\/div>\n<\/div><\/div><\/div><\/div>\n<\/div>","protected":false},"excerpt":{"rendered":"CONDITIONS GENERALES DE VENTE AIRDRINK - PGSOFT - Applicables \u00e0 compter du 29\/06\/2023 Clause n\u00b0&hellip;","protected":false},"author":1,"featured_media":0,"parent":0,"menu_order":0,"comment_status":"closed","ping_status":"closed","template":"","meta":{"_angie_page":false,"footnotes":""},"class_list":["post-2467","page","type-page","status-publish","hentry"],"yoast_head":"<!-- This site is optimized with the Yoast SEO plugin v27.5 - https:\/\/yoast.com\/product\/yoast-seo-wordpress\/ -->\n<title>Conditions G\u00e9n\u00e9rales de Vente - AirDrink<\/title>\n<meta name=\"description\" content=\"AIRDRINK propose des solutions uniques etinnovantes qui produisent \u00e0 partir de l\u2019humidit\u00e9 de l\u2019air une eau potable, fraiche etmin\u00e9ralis\u00e9e ! Ce proc\u00e9d\u00e9 unique s\u2019appelle \u00abG\u00e9n\u00e9rateur d\u2019eau Atmosph\u00e9rique\u00bb.Nos solutions sont compl\u00e9mentaires aux diff\u00e9rents moyens d\u2019acc\u00e8s \u00e0 l\u2019eaupotable mais et permettent un acc\u00e8s infini \u00e0 l\u2019eau au plus proche du lieu deconsommation.\" \/>\n<meta name=\"robots\" content=\"index, follow, max-snippet:-1, max-image-preview:large, max-video-preview:-1\" \/>\n<link rel=\"canonical\" href=\"https:\/\/airdrink.fr\/it\/a-proposito-4\/\" \/>\n<meta property=\"og:locale\" content=\"it_IT\" \/>\n<meta property=\"og:type\" content=\"article\" \/>\n<meta property=\"og:title\" content=\"Conditions G\u00e9n\u00e9rales de Vente - AirDrink\" \/>\n<meta property=\"og:description\" content=\"AIRDRINK propose des solutions uniques etinnovantes qui produisent \u00e0 partir de l\u2019humidit\u00e9 de l\u2019air une eau potable, fraiche etmin\u00e9ralis\u00e9e ! Ce proc\u00e9d\u00e9 unique s\u2019appelle \u00abG\u00e9n\u00e9rateur d\u2019eau Atmosph\u00e9rique\u00bb.Nos solutions sont compl\u00e9mentaires aux diff\u00e9rents moyens d\u2019acc\u00e8s \u00e0 l\u2019eaupotable mais et permettent un acc\u00e8s infini \u00e0 l\u2019eau au plus proche du lieu deconsommation.\" \/>\n<meta property=\"og:url\" content=\"https:\/\/airdrink.fr\/it\/a-proposito-4\/\" \/>\n<meta property=\"og:site_name\" content=\"AirDrink\" \/>\n<meta property=\"article:publisher\" content=\"https:\/\/www.facebook.com\/airdrinkFrance\/\" \/>\n<meta property=\"article:modified_time\" content=\"2024-12-17T06:16:55+00:00\" \/>\n<meta name=\"twitter:card\" content=\"summary_large_image\" \/>\n<meta name=\"twitter:label1\" content=\"Tempo di lettura stimato\" \/>\n\t<meta name=\"twitter:data1\" content=\"4 minuti\" \/>\n<script type=\"application\/ld+json\" class=\"yoast-schema-graph\">{\"@context\":\"https:\\\/\\\/schema.org\",\"@graph\":[{\"@type\":\"WebPage\",\"@id\":\"https:\\\/\\\/airdrink.fr\\\/cgv\\\/\",\"url\":\"https:\\\/\\\/airdrink.fr\\\/cgv\\\/\",\"name\":\"Conditions G\u00e9n\u00e9rales de Vente - AirDrink\",\"isPartOf\":{\"@id\":\"https:\\\/\\\/airdrink.fr\\\/#website\"},\"datePublished\":\"2023-06-30T08:47:07+00:00\",\"dateModified\":\"2024-12-17T06:16:55+00:00\",\"description\":\"AIRDRINK propose des solutions uniques etinnovantes qui produisent \u00e0 partir de l\u2019humidit\u00e9 de l\u2019air une eau potable, fraiche etmin\u00e9ralis\u00e9e ! Ce proc\u00e9d\u00e9 unique s\u2019appelle \u00abG\u00e9n\u00e9rateur d\u2019eau Atmosph\u00e9rique\u00bb.Nos solutions sont compl\u00e9mentaires aux diff\u00e9rents moyens d\u2019acc\u00e8s \u00e0 l\u2019eaupotable mais et permettent un acc\u00e8s infini \u00e0 l\u2019eau au plus proche du lieu deconsommation.\",\"breadcrumb\":{\"@id\":\"https:\\\/\\\/airdrink.fr\\\/cgv\\\/#breadcrumb\"},\"inLanguage\":\"it-IT\",\"potentialAction\":[{\"@type\":\"ReadAction\",\"target\":[\"https:\\\/\\\/airdrink.fr\\\/cgv\\\/\"]}]},{\"@type\":\"BreadcrumbList\",\"@id\":\"https:\\\/\\\/airdrink.fr\\\/cgv\\\/#breadcrumb\",\"itemListElement\":[{\"@type\":\"ListItem\",\"position\":1,\"name\":\"Accueil\",\"item\":\"https:\\\/\\\/airdrink.fr\\\/\"},{\"@type\":\"ListItem\",\"position\":2,\"name\":\"Conditions G\u00e9n\u00e9rales de Vente\"}]},{\"@type\":\"WebSite\",\"@id\":\"https:\\\/\\\/airdrink.fr\\\/#website\",\"url\":\"https:\\\/\\\/airdrink.fr\\\/\",\"name\":\"AirDrink - de l'eau \u00e0 partir de l'air !\",\"description\":\"Airdrink, de l'eau &agrave; partir de l'air !\",\"publisher\":{\"@id\":\"https:\\\/\\\/airdrink.fr\\\/#organization\"},\"potentialAction\":[{\"@type\":\"SearchAction\",\"target\":{\"@type\":\"EntryPoint\",\"urlTemplate\":\"https:\\\/\\\/airdrink.fr\\\/?s={search_term_string}\"},\"query-input\":{\"@type\":\"PropertyValueSpecification\",\"valueRequired\":true,\"valueName\":\"search_term_string\"}}],\"inLanguage\":\"it-IT\"},{\"@type\":\"Organization\",\"@id\":\"https:\\\/\\\/airdrink.fr\\\/#organization\",\"name\":\"AirDrink - de l'eau \u00e0 partir de l'air !\",\"url\":\"https:\\\/\\\/airdrink.fr\\\/\",\"logo\":{\"@type\":\"ImageObject\",\"inLanguage\":\"it-IT\",\"@id\":\"https:\\\/\\\/airdrink.fr\\\/#\\\/schema\\\/logo\\\/image\\\/\",\"url\":\"https:\\\/\\\/airdrink.fr\\\/wp-content\\\/uploads\\\/2023\\\/03\\\/cropped-logo-Airdrink-plus-HD-v1-3-300x203-1.png\",\"contentUrl\":\"https:\\\/\\\/airdrink.fr\\\/wp-content\\\/uploads\\\/2023\\\/03\\\/cropped-logo-Airdrink-plus-HD-v1-3-300x203-1.png\",\"width\":300,\"height\":128,\"caption\":\"AirDrink - de l'eau \u00e0 partir de l'air !\"},\"image\":{\"@id\":\"https:\\\/\\\/airdrink.fr\\\/#\\\/schema\\\/logo\\\/image\\\/\"},\"sameAs\":[\"https:\\\/\\\/www.facebook.com\\\/airdrinkFrance\\\/\",\"https:\\\/\\\/www.linkedin.com\\\/company\\\/pgsoft\",\"https:\\\/\\\/www.youtube.com\\\/channel\\\/UCV0fIuMlZQZElbCWK93RP9A\"]}]}<\/script>\n<!-- \/ Yoast SEO plugin. -->","yoast_head_json":{"title":"Condizioni di vendita - AirDrink","description":"AIRDRINK offre soluzioni uniche e innovative che producono acqua potabile fresca e mineralizzata dall'umidit\u00e0 dell'aria! Questo processo unico si chiama \"Generatore di acqua atmosferica\" e le nostre soluzioni sono complementari ai diversi mezzi di accesso all'acqua potabile e consentono un accesso infinito all'acqua vicino al luogo di consumo.","robots":{"index":"index","follow":"follow","max-snippet":"max-snippet:-1","max-image-preview":"max-image-preview:large","max-video-preview":"max-video-preview:-1"},"canonical":"https:\/\/airdrink.fr\/it\/a-proposito-4\/","og_locale":"it_IT","og_type":"article","og_title":"Conditions G\u00e9n\u00e9rales de Vente - AirDrink","og_description":"AIRDRINK propose des solutions uniques etinnovantes qui produisent \u00e0 partir de l\u2019humidit\u00e9 de l\u2019air une eau potable, fraiche etmin\u00e9ralis\u00e9e ! Ce proc\u00e9d\u00e9 unique s\u2019appelle \u00abG\u00e9n\u00e9rateur d\u2019eau Atmosph\u00e9rique\u00bb.Nos solutions sont compl\u00e9mentaires aux diff\u00e9rents moyens d\u2019acc\u00e8s \u00e0 l\u2019eaupotable mais et permettent un acc\u00e8s infini \u00e0 l\u2019eau au plus proche du lieu deconsommation.","og_url":"https:\/\/airdrink.fr\/it\/a-proposito-4\/","og_site_name":"AirDrink","article_publisher":"https:\/\/www.facebook.com\/airdrinkFrance\/","article_modified_time":"2024-12-17T06:16:55+00:00","twitter_card":"summary_large_image","twitter_misc":{"Tempo di lettura stimato":"4 minuti"},"schema":{"@context":"https:\/\/schema.org","@graph":[{"@type":"WebPage","@id":"https:\/\/airdrink.fr\/cgv\/","url":"https:\/\/airdrink.fr\/cgv\/","name":"Condizioni di vendita - AirDrink","isPartOf":{"@id":"https:\/\/airdrink.fr\/#website"},"datePublished":"2023-06-30T08:47:07+00:00","dateModified":"2024-12-17T06:16:55+00:00","description":"AIRDRINK offre soluzioni uniche e innovative che producono acqua potabile fresca e mineralizzata dall'umidit\u00e0 dell'aria! Questo processo unico si chiama \"Generatore di acqua atmosferica\" e le nostre soluzioni sono complementari ai diversi mezzi di accesso all'acqua potabile e consentono un accesso infinito all'acqua vicino al luogo di consumo.","breadcrumb":{"@id":"https:\/\/airdrink.fr\/cgv\/#breadcrumb"},"inLanguage":"it-IT","potentialAction":[{"@type":"ReadAction","target":["https:\/\/airdrink.fr\/cgv\/"]}]},{"@type":"BreadcrumbList","@id":"https:\/\/airdrink.fr\/cgv\/#breadcrumb","itemListElement":[{"@type":"ListItem","position":1,"name":"Accueil","item":"https:\/\/airdrink.fr\/"},{"@type":"ListItem","position":2,"name":"Conditions G\u00e9n\u00e9rales de Vente"}]},{"@type":"WebSite","@id":"https:\/\/airdrink.fr\/#website","url":"https:\/\/airdrink.fr\/","name":"AirDrink - acqua dall'aria!","description":"Airdrink, acqua dall'aria!","publisher":{"@id":"https:\/\/airdrink.fr\/#organization"},"potentialAction":[{"@type":"SearchAction","target":{"@type":"EntryPoint","urlTemplate":"https:\/\/airdrink.fr\/?s={search_term_string}"},"query-input":{"@type":"PropertyValueSpecification","valueRequired":true,"valueName":"search_term_string"}}],"inLanguage":"it-IT"},{"@type":"Organization","@id":"https:\/\/airdrink.fr\/#organization","name":"AirDrink - acqua dall'aria!","url":"https:\/\/airdrink.fr\/","logo":{"@type":"ImageObject","inLanguage":"it-IT","@id":"https:\/\/airdrink.fr\/#\/schema\/logo\/image\/","url":"https:\/\/airdrink.fr\/wp-content\/uploads\/2023\/03\/cropped-logo-Airdrink-plus-HD-v1-3-300x203-1.png","contentUrl":"https:\/\/airdrink.fr\/wp-content\/uploads\/2023\/03\/cropped-logo-Airdrink-plus-HD-v1-3-300x203-1.png","width":300,"height":128,"caption":"AirDrink - de l'eau \u00e0 partir de l'air !"},"image":{"@id":"https:\/\/airdrink.fr\/#\/schema\/logo\/image\/"},"sameAs":["https:\/\/www.facebook.com\/airdrinkFrance\/","https:\/\/www.linkedin.com\/company\/pgsoft","https:\/\/www.youtube.com\/channel\/UCV0fIuMlZQZElbCWK93RP9A"]}]}},"_links":{"self":[{"href":"https:\/\/airdrink.fr\/it\/wp-json\/wp\/v2\/pages\/2467","targetHints":{"allow":["GET"]}}],"collection":[{"href":"https:\/\/airdrink.fr\/it\/wp-json\/wp\/v2\/pages"}],"about":[{"href":"https:\/\/airdrink.fr\/it\/wp-json\/wp\/v2\/types\/page"}],"author":[{"embeddable":true,"href":"https:\/\/airdrink.fr\/it\/wp-json\/wp\/v2\/users\/1"}],"replies":[{"embeddable":true,"href":"https:\/\/airdrink.fr\/it\/wp-json\/wp\/v2\/comments?post=2467"}],"version-history":[{"count":0,"href":"https:\/\/airdrink.fr\/it\/wp-json\/wp\/v2\/pages\/2467\/revisions"}],"wp:attachment":[{"href":"https:\/\/airdrink.fr\/it\/wp-json\/wp\/v2\/media?parent=2467"}],"curies":[{"name":"wp","href":"https:\/\/api.w.org\/{rel}","templated":true}]}}