{"id":2475,"date":"2023-06-30T10:32:58","date_gmt":"2023-06-30T09:32:58","guid":{"rendered":"https:\/\/airdrink.fr\/?page_id=2475"},"modified":"2024-12-17T08:27:12","modified_gmt":"2024-12-17T06:27:12","slug":"a-proposito-5","status":"publish","type":"page","link":"https:\/\/airdrink.fr\/it\/mentions-legales-politique-confidentialite\/","title":{"rendered":"Informazioni legali e politica sulla privacy"},"content":{"rendered":"<div class=\"wpb-content-wrapper\"><div class=\"vc_row wpb_row vc_row-fluid vc_custom_1541768449725 shape_divider_top-none shape_divider_bottom-none\"><div class=\"wpb_column vc_column_container vc_col-sm-12 sc_layouts_column_icons_position_left\"><div class=\"vc_column-inner\"><div class=\"wpb_wrapper\">\n\t<div class=\"wpb_text_column wpb_content_element\" >\n\t\t<div class=\"wpb_wrapper\">\n\t\t\t<div style=\"text-align: justify;\">\n<p><strong>AVVISO LEGALE E INFORMATIVA SULLA PRIVACY PER IL SITO \"www.airdrink.fr<\/strong><\/p>\n<p>&nbsp;<\/p>\n<\/div>\n<div style=\"text-align: justify;\"><strong>1 - Modifica del sito<\/strong><\/div>\n<div style=\"text-align: justify;\"><span style=\"color: #000000;\">Ai sensi dell'articolo 6 della legge francese n. 2004-575 del 21 giugno 2004 sulla fiducia nell'economia digitale, gli utenti del sito https:\/\/airdrink.fr\/ sono informati dell'identit\u00e0 dei diversi soggetti coinvolti nella sua creazione e nel suo monitoraggio:<\/span><\/div>\n<div style=\"text-align: justify;\">Proprietario del sito : <span style=\"color: #000000;\">LFSPG<\/span><br \/>\nContatto: <span style=\"color: #0000ff;\">contact@airdrink.fr<\/span> <span style=\"color: #000000;\">04 42 18 22 35<\/span><br \/>\nIndirizzo: <span style=\"color: #000000;\">14 Chem. de la Passerelle, 13720 La Bouilladisse.<\/span><\/div>\n<div style=\"text-align: justify;\">Identificazione dell'azienda : <span style=\"color: #000000;\">SAS PGSOFT con capitale sociale di 40.000 euro<\/span><br \/>\n<span style=\"color: #000000;\">SIRENA : 493026371<\/span><br \/>\nIndirizzo postale: <span style=\"color: #000000;\">14 Chem. de la Passerelle, 13720 La Bouilladisse<\/span><\/div>\n<div style=\"text-align: justify;\">https:\/\/airdrink.fr\/cgv\/<\/div>\n<div style=\"text-align: justify;\">Direttore di pubblicazione : <span style=\"color: #000000;\">Philippe GONIN<\/span><\/div>\n<div style=\"text-align: justify;\">Ospitato da : <span style=\"color: #000000;\">IONOS 7 Place de la Gare 57200 SARREGUEMINES<\/span><\/div>\n<div style=\"text-align: justify;\">\n<p>Responsabile della protezione dei dati : <span style=\"color: #000000;\">Philippe GONIN<\/span><\/p>\n<p><strong>2 - Propriet\u00e0 intellettuale e contraffazione.<\/strong><\/p>\n<\/div>\n<div style=\"text-align: justify;\">PGSOFT \u00e8 titolare dei diritti di propriet\u00e0 intellettuale e detiene i diritti di utilizzo di tutti gli elementi accessibili sul sito, in particolare testi, immagini, grafici, loghi, video, architetture, icone e suoni. \u00c8 vietata la riproduzione, la rappresentazione, la modifica, la pubblicazione, l'adattamento di tutti o parte degli elementi del sito, qualunque sia il mezzo o il processo utilizzato, salvo previa autorizzazione scritta di PGSOFT. Qualsiasi utilizzo non autorizzato del sito o di uno qualsiasi degli elementi in esso contenuti sar\u00e0 considerato come una violazione e sar\u00e0 perseguito in conformit\u00e0 alle disposizioni degli articoli L.335-2 e seguenti del Codice della Propriet\u00e0 Intellettuale francese.<\/div>\n<div><\/div>\n<div style=\"text-align: justify;\">\n<p><strong>3 - Limitazioni di responsabilit\u00e0.<\/strong><\/p>\n<\/div>\n<div style=\"text-align: justify;\">PGSOFT non pu\u00f2 essere ritenuta responsabile per eventuali danni diretti o indiretti causati alle apparecchiature dell'utente durante l'accesso al sito https:\/\/airdrink.fr\/. PGSOFT declina ogni responsabilit\u00e0 per l'uso che pu\u00f2 essere fatto delle informazioni e dei contenuti presenti su https:\/\/airdrink.fr\/. PGSOFT si impegna a rendere il sito https:\/\/airdrink.fr\/ il pi\u00f9 sicuro possibile, tuttavia non potr\u00e0 essere ritenuta responsabile nel caso in cui vengano importati e installati sul sito dati indesiderati a sua insaputa. Le aree interattive (spazio per i contatti o per i commenti) sono a disposizione degli utenti. PGSOFT si riserva il diritto di eliminare, senza preavviso, qualsiasi contenuto pubblicato in quest'area che violi la legislazione applicabile in Francia, in particolare le disposizioni relative alla protezione dei dati.<\/div>\n<div style=\"text-align: justify;\">\n<p>Ove applicabile, PGSOFT si riserva inoltre il diritto di ritenere l'utente responsabile civilmente e\/o penalmente, in particolare in caso di messaggi di natura razzista, ingiuriosa, diffamatoria o pornografica, indipendentemente dal mezzo utilizzato (testo, fotografie, ecc.).<\/p>\n<p><strong>4 - CNIL e gestione dei dati personali.<\/strong><\/p>\n<\/div>\n<div style=\"text-align: justify;\">\n<p>Conformemente alle disposizioni della legge 78-17 del 6 gennaio 1978 e successive modifiche, gli utenti del sito https:\/\/airdrink.fr\/ hanno il diritto di accedere, modificare e cancellare le informazioni raccolte. Per esercitare questo diritto, si prega di inviare un messaggio al nostro Responsabile della protezione dei dati: Philippe GONIN.<\/p>\n<p><strong>5 - Link ipertestuali e cookie<\/strong><\/p>\n<\/div>\n<div style=\"text-align: justify;\">\n<p>Il sito https:\/\/airdrink.fr\/ contiene collegamenti ipertestuali ad altri siti e non si assume alcuna responsabilit\u00e0 per questi collegamenti esterni o per i collegamenti creati da altri siti a https:\/\/airdrink.fr\/. La navigazione sul sito https:\/\/airdrink.fr\/ pu\u00f2 causare l'installazione di cookie sul computer dell'utente. Un \"cookie\" \u00e8 un piccolo file che registra informazioni sulla navigazione dell'utente su un sito. I dati cos\u00ec ottenuti possono essere utilizzati, ad esempio, per misurare il numero di visitatori. \u00c8 possibile accettare o rifiutare i cookie modificando le impostazioni del browser. Nessun cookie verr\u00e0 depositato senza il vostro consenso. I cookie vengono conservati per un massimo di 12 mesi.<\/p>\n<p><strong>6 - Legge applicabile e giurisdizione.<\/strong><\/p>\n<\/div>\n<div style=\"text-align: justify;\">Qualsiasi controversia relativa all'utilizzo del sito web https:\/\/airdrink.fr\/ \u00e8 soggetta alla legge francese. Salvo i casi in cui la legge non lo consenta, la giurisdizione esclusiva \u00e8 attribuita ai tribunali competenti di Aix-en-Provence.<\/div>\n\n\t\t<\/div>\n\t<\/div>\n<\/div><\/div><\/div><\/div>\n<\/div>","protected":false},"excerpt":{"rendered":"NOTE LEGALI E POLITICA DI RISERVATEZZA DEL SITO \"www.airdrink.fr\" 1 - Pubblicazione del sito\u2026","protected":false},"author":1,"featured_media":0,"parent":0,"menu_order":0,"comment_status":"closed","ping_status":"closed","template":"","meta":{"_angie_page":false,"footnotes":""},"class_list":["post-2475","page","type-page","status-publish","hentry"],"yoast_head":"<!-- This site is optimized with the Yoast SEO plugin v27.5 - https:\/\/yoast.com\/product\/yoast-seo-wordpress\/ -->\n<title>Mentions l\u00e9gales et politique de confidentialit\u00e9 - AirDrink<\/title>\n<meta name=\"description\" content=\"AIRDRINK propose des solutions uniques etinnovantes qui produisent \u00e0 partir de l\u2019humidit\u00e9 de l\u2019air une eau potable, fraiche etmin\u00e9ralis\u00e9e ! Ce proc\u00e9d\u00e9 unique s\u2019appelle \u00abG\u00e9n\u00e9rateur d\u2019eau Atmosph\u00e9rique\u00bb.Nos solutions sont compl\u00e9mentaires aux diff\u00e9rents moyens d\u2019acc\u00e8s \u00e0 l\u2019eaupotable mais et permettent un acc\u00e8s infini \u00e0 l\u2019eau au plus proche du lieu deconsommation.\" \/>\n<meta name=\"robots\" content=\"index, follow, max-snippet:-1, max-image-preview:large, max-video-preview:-1\" \/>\n<link rel=\"canonical\" href=\"https:\/\/airdrink.fr\/it\/a-proposito-5\/\" \/>\n<meta property=\"og:locale\" content=\"it_IT\" \/>\n<meta property=\"og:type\" content=\"article\" \/>\n<meta property=\"og:title\" content=\"Mentions l\u00e9gales et politique de confidentialit\u00e9 - AirDrink\" \/>\n<meta property=\"og:description\" content=\"AIRDRINK propose des solutions uniques etinnovantes qui produisent \u00e0 partir de l\u2019humidit\u00e9 de l\u2019air une eau potable, fraiche etmin\u00e9ralis\u00e9e ! Ce proc\u00e9d\u00e9 unique s\u2019appelle \u00abG\u00e9n\u00e9rateur d\u2019eau Atmosph\u00e9rique\u00bb.Nos solutions sont compl\u00e9mentaires aux diff\u00e9rents moyens d\u2019acc\u00e8s \u00e0 l\u2019eaupotable mais et permettent un acc\u00e8s infini \u00e0 l\u2019eau au plus proche du lieu deconsommation.\" \/>\n<meta property=\"og:url\" content=\"https:\/\/airdrink.fr\/it\/a-proposito-5\/\" \/>\n<meta property=\"og:site_name\" content=\"AirDrink\" \/>\n<meta property=\"article:publisher\" content=\"https:\/\/www.facebook.com\/airdrinkFrance\/\" \/>\n<meta property=\"article:modified_time\" content=\"2024-12-17T06:27:12+00:00\" \/>\n<meta name=\"twitter:card\" content=\"summary_large_image\" \/>\n<meta name=\"twitter:label1\" content=\"Tempo di lettura stimato\" \/>\n\t<meta name=\"twitter:data1\" content=\"4 minuti\" \/>\n<script type=\"application\/ld+json\" class=\"yoast-schema-graph\">{\"@context\":\"https:\\\/\\\/schema.org\",\"@graph\":[{\"@type\":\"WebPage\",\"@id\":\"https:\\\/\\\/airdrink.fr\\\/mentions-legales-politique-confidentialite\\\/\",\"url\":\"https:\\\/\\\/airdrink.fr\\\/mentions-legales-politique-confidentialite\\\/\",\"name\":\"Mentions l\u00e9gales et politique de confidentialit\u00e9 - AirDrink\",\"isPartOf\":{\"@id\":\"https:\\\/\\\/airdrink.fr\\\/#website\"},\"datePublished\":\"2023-06-30T09:32:58+00:00\",\"dateModified\":\"2024-12-17T06:27:12+00:00\",\"description\":\"AIRDRINK propose des solutions uniques etinnovantes qui produisent \u00e0 partir de l\u2019humidit\u00e9 de l\u2019air une eau potable, fraiche etmin\u00e9ralis\u00e9e ! Ce proc\u00e9d\u00e9 unique s\u2019appelle \u00abG\u00e9n\u00e9rateur d\u2019eau Atmosph\u00e9rique\u00bb.Nos solutions sont compl\u00e9mentaires aux diff\u00e9rents moyens d\u2019acc\u00e8s \u00e0 l\u2019eaupotable mais et permettent un acc\u00e8s infini \u00e0 l\u2019eau au plus proche du lieu deconsommation.\",\"breadcrumb\":{\"@id\":\"https:\\\/\\\/airdrink.fr\\\/mentions-legales-politique-confidentialite\\\/#breadcrumb\"},\"inLanguage\":\"it-IT\",\"potentialAction\":[{\"@type\":\"ReadAction\",\"target\":[\"https:\\\/\\\/airdrink.fr\\\/mentions-legales-politique-confidentialite\\\/\"]}]},{\"@type\":\"BreadcrumbList\",\"@id\":\"https:\\\/\\\/airdrink.fr\\\/mentions-legales-politique-confidentialite\\\/#breadcrumb\",\"itemListElement\":[{\"@type\":\"ListItem\",\"position\":1,\"name\":\"Accueil\",\"item\":\"https:\\\/\\\/airdrink.fr\\\/\"},{\"@type\":\"ListItem\",\"position\":2,\"name\":\"Mentions l\u00e9gales et politique de confidentialit\u00e9\"}]},{\"@type\":\"WebSite\",\"@id\":\"https:\\\/\\\/airdrink.fr\\\/#website\",\"url\":\"https:\\\/\\\/airdrink.fr\\\/\",\"name\":\"AirDrink - de l'eau \u00e0 partir de l'air !\",\"description\":\"Airdrink, de l'eau &agrave; partir de l'air !\",\"publisher\":{\"@id\":\"https:\\\/\\\/airdrink.fr\\\/#organization\"},\"potentialAction\":[{\"@type\":\"SearchAction\",\"target\":{\"@type\":\"EntryPoint\",\"urlTemplate\":\"https:\\\/\\\/airdrink.fr\\\/?s={search_term_string}\"},\"query-input\":{\"@type\":\"PropertyValueSpecification\",\"valueRequired\":true,\"valueName\":\"search_term_string\"}}],\"inLanguage\":\"it-IT\"},{\"@type\":\"Organization\",\"@id\":\"https:\\\/\\\/airdrink.fr\\\/#organization\",\"name\":\"AirDrink - de l'eau \u00e0 partir de l'air !\",\"url\":\"https:\\\/\\\/airdrink.fr\\\/\",\"logo\":{\"@type\":\"ImageObject\",\"inLanguage\":\"it-IT\",\"@id\":\"https:\\\/\\\/airdrink.fr\\\/#\\\/schema\\\/logo\\\/image\\\/\",\"url\":\"https:\\\/\\\/airdrink.fr\\\/wp-content\\\/uploads\\\/2023\\\/03\\\/cropped-logo-Airdrink-plus-HD-v1-3-300x203-1.png\",\"contentUrl\":\"https:\\\/\\\/airdrink.fr\\\/wp-content\\\/uploads\\\/2023\\\/03\\\/cropped-logo-Airdrink-plus-HD-v1-3-300x203-1.png\",\"width\":300,\"height\":128,\"caption\":\"AirDrink - de l'eau \u00e0 partir de l'air !\"},\"image\":{\"@id\":\"https:\\\/\\\/airdrink.fr\\\/#\\\/schema\\\/logo\\\/image\\\/\"},\"sameAs\":[\"https:\\\/\\\/www.facebook.com\\\/airdrinkFrance\\\/\",\"https:\\\/\\\/www.linkedin.com\\\/company\\\/pgsoft\",\"https:\\\/\\\/www.youtube.com\\\/channel\\\/UCV0fIuMlZQZElbCWK93RP9A\"]}]}<\/script>\n<!-- \/ Yoast SEO plugin. -->","yoast_head_json":{"title":"Nota legale e informativa sulla privacy - AirDrink","description":"AIRDRINK offre soluzioni uniche e innovative che producono acqua potabile fresca e mineralizzata dall'umidit\u00e0 dell'aria! Questo processo unico si chiama \"Generatore di acqua atmosferica\" e le nostre soluzioni sono complementari ai diversi mezzi di accesso all'acqua potabile e consentono un accesso infinito all'acqua vicino al luogo di consumo.","robots":{"index":"index","follow":"follow","max-snippet":"max-snippet:-1","max-image-preview":"max-image-preview:large","max-video-preview":"max-video-preview:-1"},"canonical":"https:\/\/airdrink.fr\/it\/a-proposito-5\/","og_locale":"it_IT","og_type":"article","og_title":"Mentions l\u00e9gales et politique de confidentialit\u00e9 - AirDrink","og_description":"AIRDRINK propose des solutions uniques etinnovantes qui produisent \u00e0 partir de l\u2019humidit\u00e9 de l\u2019air une eau potable, fraiche etmin\u00e9ralis\u00e9e ! Ce proc\u00e9d\u00e9 unique s\u2019appelle \u00abG\u00e9n\u00e9rateur d\u2019eau Atmosph\u00e9rique\u00bb.Nos solutions sont compl\u00e9mentaires aux diff\u00e9rents moyens d\u2019acc\u00e8s \u00e0 l\u2019eaupotable mais et permettent un acc\u00e8s infini \u00e0 l\u2019eau au plus proche du lieu deconsommation.","og_url":"https:\/\/airdrink.fr\/it\/a-proposito-5\/","og_site_name":"AirDrink","article_publisher":"https:\/\/www.facebook.com\/airdrinkFrance\/","article_modified_time":"2024-12-17T06:27:12+00:00","twitter_card":"summary_large_image","twitter_misc":{"Tempo di lettura stimato":"4 minuti"},"schema":{"@context":"https:\/\/schema.org","@graph":[{"@type":"WebPage","@id":"https:\/\/airdrink.fr\/mentions-legales-politique-confidentialite\/","url":"https:\/\/airdrink.fr\/mentions-legales-politique-confidentialite\/","name":"Nota legale e informativa sulla privacy - AirDrink","isPartOf":{"@id":"https:\/\/airdrink.fr\/#website"},"datePublished":"2023-06-30T09:32:58+00:00","dateModified":"2024-12-17T06:27:12+00:00","description":"AIRDRINK offre soluzioni uniche e innovative che producono acqua potabile fresca e mineralizzata dall'umidit\u00e0 dell'aria! Questo processo unico si chiama \"Generatore di acqua atmosferica\" e le nostre soluzioni sono complementari ai diversi mezzi di accesso all'acqua potabile e consentono un accesso infinito all'acqua vicino al luogo di consumo.","breadcrumb":{"@id":"https:\/\/airdrink.fr\/mentions-legales-politique-confidentialite\/#breadcrumb"},"inLanguage":"it-IT","potentialAction":[{"@type":"ReadAction","target":["https:\/\/airdrink.fr\/mentions-legales-politique-confidentialite\/"]}]},{"@type":"BreadcrumbList","@id":"https:\/\/airdrink.fr\/mentions-legales-politique-confidentialite\/#breadcrumb","itemListElement":[{"@type":"ListItem","position":1,"name":"Accueil","item":"https:\/\/airdrink.fr\/"},{"@type":"ListItem","position":2,"name":"Mentions l\u00e9gales et politique de confidentialit\u00e9"}]},{"@type":"WebSite","@id":"https:\/\/airdrink.fr\/#website","url":"https:\/\/airdrink.fr\/","name":"AirDrink - acqua dall'aria!","description":"Airdrink, acqua dall'aria!","publisher":{"@id":"https:\/\/airdrink.fr\/#organization"},"potentialAction":[{"@type":"SearchAction","target":{"@type":"EntryPoint","urlTemplate":"https:\/\/airdrink.fr\/?s={search_term_string}"},"query-input":{"@type":"PropertyValueSpecification","valueRequired":true,"valueName":"search_term_string"}}],"inLanguage":"it-IT"},{"@type":"Organization","@id":"https:\/\/airdrink.fr\/#organization","name":"AirDrink - acqua dall'aria!","url":"https:\/\/airdrink.fr\/","logo":{"@type":"ImageObject","inLanguage":"it-IT","@id":"https:\/\/airdrink.fr\/#\/schema\/logo\/image\/","url":"https:\/\/airdrink.fr\/wp-content\/uploads\/2023\/03\/cropped-logo-Airdrink-plus-HD-v1-3-300x203-1.png","contentUrl":"https:\/\/airdrink.fr\/wp-content\/uploads\/2023\/03\/cropped-logo-Airdrink-plus-HD-v1-3-300x203-1.png","width":300,"height":128,"caption":"AirDrink - de l'eau \u00e0 partir de l'air !"},"image":{"@id":"https:\/\/airdrink.fr\/#\/schema\/logo\/image\/"},"sameAs":["https:\/\/www.facebook.com\/airdrinkFrance\/","https:\/\/www.linkedin.com\/company\/pgsoft","https:\/\/www.youtube.com\/channel\/UCV0fIuMlZQZElbCWK93RP9A"]}]}},"_links":{"self":[{"href":"https:\/\/airdrink.fr\/it\/wp-json\/wp\/v2\/pages\/2475","targetHints":{"allow":["GET"]}}],"collection":[{"href":"https:\/\/airdrink.fr\/it\/wp-json\/wp\/v2\/pages"}],"about":[{"href":"https:\/\/airdrink.fr\/it\/wp-json\/wp\/v2\/types\/page"}],"author":[{"embeddable":true,"href":"https:\/\/airdrink.fr\/it\/wp-json\/wp\/v2\/users\/1"}],"replies":[{"embeddable":true,"href":"https:\/\/airdrink.fr\/it\/wp-json\/wp\/v2\/comments?post=2475"}],"version-history":[{"count":0,"href":"https:\/\/airdrink.fr\/it\/wp-json\/wp\/v2\/pages\/2475\/revisions"}],"wp:attachment":[{"href":"https:\/\/airdrink.fr\/it\/wp-json\/wp\/v2\/media?parent=2475"}],"curies":[{"name":"wp","href":"https:\/\/api.w.org\/{rel}","templated":true}]}}