{"id":2048,"date":"2023-03-20T17:58:30","date_gmt":"2023-03-20T16:58:30","guid":{"rendered":"https:\/\/airdrink.fr\/?post_type=product&#038;p=2048"},"modified":"2024-08-16T18:33:48","modified_gmt":"2024-08-16T16:33:48","slug":"c60-collettivo-generatore-di-acqua-atmosferica-100-a-250-litri-di-acqua-pura-al-giorno","status":"publish","type":"product","link":"https:\/\/airdrink.fr\/it\/product\/c60-generateur-deau-atmospherique-collectif-100-a-250-litres-deau-pure-par-jour\/","title":{"rendered":"C60 Generatore d'acqua atmosferico collettivo Da 100 a 250 litri di acqua pura al giorno"},"content":{"rendered":"","protected":false},"excerpt":{"rendered":"<p>Il C60 \u00e8 un generatore d'acqua atmosferico ideale per alberghi e piccole comunit\u00e0, che produce fino a 250 litri d'acqua al giorno in condizioni ideali. Questo modello da esterno ha dimostrato il suo valore per oltre 10 anni ed \u00e8 attualmente in fase di dimostrazione nel sud della Francia.<\/p>\n<p><a href=\"https:\/\/airdrink.fr\/it\/servizi\/modello_c60\/\">Ulteriori informazioni sul C60<\/a><\/p>","protected":false},"featured_media":2049,"template":"","meta":{"_angie_page":false},"product_brand":[],"product_cat":[3562],"product_tag":[],"class_list":{"0":"post-2048","1":"product","2":"type-product","3":"status-publish","4":"has-post-thumbnail","6":"product_cat-consommation-humaine","8":"first","9":"instock","10":"taxable","11":"shipping-taxable","12":"purchasable","13":"product-type-simple"},"bundled_by":[],"bundle_stock_status":"instock","bundle_stock_quantity":null,"bundle_virtual":false,"bundle_layout":"","bundle_add_to_cart_form_location":"","bundle_editable_in_cart":false,"bundle_sold_individually_context":"","bundle_item_grouping":"","bundle_min_size":"","bundle_max_size":"","bundle_price":[],"bundled_items":[],"bundle_sell_ids":[],"yoast_head":"<!-- This site is optimized with the Yoast SEO plugin v27.5 - https:\/\/yoast.com\/product\/yoast-seo-wordpress\/ -->\n<title>C60 G\u00e9n\u00e9rateur d\u2019eau Atmosph\u00e9rique collectif 100 \u00e0 250 Litres d\u2019eau pure par jour - AirDrink<\/title>\n<meta name=\"robots\" content=\"index, follow, max-snippet:-1, max-image-preview:large, max-video-preview:-1\" \/>\n<link rel=\"canonical\" href=\"https:\/\/airdrink.fr\/it\/prodotto\/c60-collettivo-generatore-di-acqua-atmosferica-100-a-250-litri-di-acqua-pura-al-giorno\/\" \/>\n<meta property=\"og:locale\" content=\"it_IT\" \/>\n<meta property=\"og:type\" content=\"article\" \/>\n<meta property=\"og:title\" content=\"C60 G\u00e9n\u00e9rateur d\u2019eau Atmosph\u00e9rique collectif 100 \u00e0 250 Litres d\u2019eau pure par jour - AirDrink\" \/>\n<meta property=\"og:description\" content=\"Le C60 est un g\u00e9n\u00e9rateur d&#039;eau atmosph\u00e9rique id\u00e9al pour un h\u00f4tel, une petite communaut\u00e9 et permet de produire jusqu&#039;\u00e0 250 litres d&#039;eau par jour dans les conditions id\u00e9ales. C&#039;est un mod\u00e8le &quot;Outdoor&quot; qui a fait ses preuves depuis plus de 10 ans, il est en d\u00e9monstration dans le sud de la France.  Plus d&#039;informations sur le C60\" \/>\n<meta property=\"og:url\" content=\"https:\/\/airdrink.fr\/it\/prodotto\/c60-collettivo-generatore-di-acqua-atmosferica-100-a-250-litri-di-acqua-pura-al-giorno\/\" \/>\n<meta property=\"og:site_name\" content=\"AirDrink\" \/>\n<meta property=\"article:publisher\" content=\"https:\/\/www.facebook.com\/airdrinkFrance\/\" \/>\n<meta property=\"article:modified_time\" content=\"2024-08-16T16:33:48+00:00\" \/>\n<meta property=\"og:image\" content=\"https:\/\/airdrink.fr\/wp-content\/uploads\/2023\/03\/C60-IN-A-HALL.jpg\" \/>\n\t<meta property=\"og:image:width\" content=\"252\" \/>\n\t<meta property=\"og:image:height\" content=\"340\" \/>\n\t<meta property=\"og:image:type\" content=\"image\/jpeg\" \/>\n<meta name=\"twitter:card\" content=\"summary_large_image\" \/>\n<script type=\"application\/ld+json\" class=\"yoast-schema-graph\">{\"@context\":\"https:\\\/\\\/schema.org\",\"@graph\":[{\"@type\":\"WebPage\",\"@id\":\"https:\\\/\\\/airdrink.fr\\\/product\\\/c60-generateur-deau-atmospherique-collectif-100-a-250-litres-deau-pure-par-jour\\\/\",\"url\":\"https:\\\/\\\/airdrink.fr\\\/product\\\/c60-generateur-deau-atmospherique-collectif-100-a-250-litres-deau-pure-par-jour\\\/\",\"name\":\"C60 G\u00e9n\u00e9rateur d\u2019eau Atmosph\u00e9rique collectif 100 \u00e0 250 Litres d\u2019eau pure par jour - AirDrink\",\"isPartOf\":{\"@id\":\"https:\\\/\\\/airdrink.fr\\\/#website\"},\"primaryImageOfPage\":{\"@id\":\"https:\\\/\\\/airdrink.fr\\\/product\\\/c60-generateur-deau-atmospherique-collectif-100-a-250-litres-deau-pure-par-jour\\\/#primaryimage\"},\"image\":{\"@id\":\"https:\\\/\\\/airdrink.fr\\\/product\\\/c60-generateur-deau-atmospherique-collectif-100-a-250-litres-deau-pure-par-jour\\\/#primaryimage\"},\"thumbnailUrl\":\"https:\\\/\\\/airdrink.fr\\\/wp-content\\\/uploads\\\/2023\\\/03\\\/C60-IN-A-HALL.jpg\",\"datePublished\":\"2023-03-20T16:58:30+00:00\",\"dateModified\":\"2024-08-16T16:33:48+00:00\",\"breadcrumb\":{\"@id\":\"https:\\\/\\\/airdrink.fr\\\/product\\\/c60-generateur-deau-atmospherique-collectif-100-a-250-litres-deau-pure-par-jour\\\/#breadcrumb\"},\"inLanguage\":\"it-IT\",\"potentialAction\":[{\"@type\":\"ReadAction\",\"target\":[\"https:\\\/\\\/airdrink.fr\\\/product\\\/c60-generateur-deau-atmospherique-collectif-100-a-250-litres-deau-pure-par-jour\\\/\"]}]},{\"@type\":\"ImageObject\",\"inLanguage\":\"it-IT\",\"@id\":\"https:\\\/\\\/airdrink.fr\\\/product\\\/c60-generateur-deau-atmospherique-collectif-100-a-250-litres-deau-pure-par-jour\\\/#primaryimage\",\"url\":\"https:\\\/\\\/airdrink.fr\\\/wp-content\\\/uploads\\\/2023\\\/03\\\/C60-IN-A-HALL.jpg\",\"contentUrl\":\"https:\\\/\\\/airdrink.fr\\\/wp-content\\\/uploads\\\/2023\\\/03\\\/C60-IN-A-HALL.jpg\",\"width\":252,\"height\":340},{\"@type\":\"BreadcrumbList\",\"@id\":\"https:\\\/\\\/airdrink.fr\\\/product\\\/c60-generateur-deau-atmospherique-collectif-100-a-250-litres-deau-pure-par-jour\\\/#breadcrumb\",\"itemListElement\":[{\"@type\":\"ListItem\",\"position\":1,\"name\":\"Accueil\",\"item\":\"https:\\\/\\\/airdrink.fr\\\/\"},{\"@type\":\"ListItem\",\"position\":2,\"name\":\"Boutique\",\"item\":\"https:\\\/\\\/airdrink.fr\\\/boutique\\\/\"},{\"@type\":\"ListItem\",\"position\":3,\"name\":\"C60 G\u00e9n\u00e9rateur d\u2019eau Atmosph\u00e9rique collectif 100 \u00e0 250 Litres d\u2019eau pure par jour\"}]},{\"@type\":\"WebSite\",\"@id\":\"https:\\\/\\\/airdrink.fr\\\/#website\",\"url\":\"https:\\\/\\\/airdrink.fr\\\/\",\"name\":\"AirDrink - de l'eau \u00e0 partir de l'air !\",\"description\":\"Airdrink, de l'eau &agrave; partir de l'air !\",\"publisher\":{\"@id\":\"https:\\\/\\\/airdrink.fr\\\/#organization\"},\"potentialAction\":[{\"@type\":\"SearchAction\",\"target\":{\"@type\":\"EntryPoint\",\"urlTemplate\":\"https:\\\/\\\/airdrink.fr\\\/?s={search_term_string}\"},\"query-input\":{\"@type\":\"PropertyValueSpecification\",\"valueRequired\":true,\"valueName\":\"search_term_string\"}}],\"inLanguage\":\"it-IT\"},{\"@type\":\"Organization\",\"@id\":\"https:\\\/\\\/airdrink.fr\\\/#organization\",\"name\":\"AirDrink - de l'eau \u00e0 partir de l'air !\",\"url\":\"https:\\\/\\\/airdrink.fr\\\/\",\"logo\":{\"@type\":\"ImageObject\",\"inLanguage\":\"it-IT\",\"@id\":\"https:\\\/\\\/airdrink.fr\\\/#\\\/schema\\\/logo\\\/image\\\/\",\"url\":\"https:\\\/\\\/airdrink.fr\\\/wp-content\\\/uploads\\\/2023\\\/03\\\/cropped-logo-Airdrink-plus-HD-v1-3-300x203-1.png\",\"contentUrl\":\"https:\\\/\\\/airdrink.fr\\\/wp-content\\\/uploads\\\/2023\\\/03\\\/cropped-logo-Airdrink-plus-HD-v1-3-300x203-1.png\",\"width\":300,\"height\":128,\"caption\":\"AirDrink - de l'eau \u00e0 partir de l'air !\"},\"image\":{\"@id\":\"https:\\\/\\\/airdrink.fr\\\/#\\\/schema\\\/logo\\\/image\\\/\"},\"sameAs\":[\"https:\\\/\\\/www.facebook.com\\\/airdrinkFrance\\\/\",\"https:\\\/\\\/www.linkedin.com\\\/company\\\/pgsoft\",\"https:\\\/\\\/www.youtube.com\\\/channel\\\/UCV0fIuMlZQZElbCWK93RP9A\"]}]}<\/script>\n<!-- \/ Yoast SEO plugin. -->","yoast_head_json":{"title":"Generatore d'acqua atmosferico collettivo C60 Da 100 a 250 litri di acqua pura al giorno - AirDrink","robots":{"index":"index","follow":"follow","max-snippet":"max-snippet:-1","max-image-preview":"max-image-preview:large","max-video-preview":"max-video-preview:-1"},"canonical":"https:\/\/airdrink.fr\/it\/prodotto\/c60-collettivo-generatore-di-acqua-atmosferica-100-a-250-litri-di-acqua-pura-al-giorno\/","og_locale":"it_IT","og_type":"article","og_title":"C60 G\u00e9n\u00e9rateur d\u2019eau Atmosph\u00e9rique collectif 100 \u00e0 250 Litres d\u2019eau pure par jour - AirDrink","og_description":"Le C60 est un g\u00e9n\u00e9rateur d'eau atmosph\u00e9rique id\u00e9al pour un h\u00f4tel, une petite communaut\u00e9 et permet de produire jusqu'\u00e0 250 litres d'eau par jour dans les conditions id\u00e9ales. C'est un mod\u00e8le \"Outdoor\" qui a fait ses preuves depuis plus de 10 ans, il est en d\u00e9monstration dans le sud de la France.  Plus d'informations sur le C60","og_url":"https:\/\/airdrink.fr\/it\/prodotto\/c60-collettivo-generatore-di-acqua-atmosferica-100-a-250-litri-di-acqua-pura-al-giorno\/","og_site_name":"AirDrink","article_publisher":"https:\/\/www.facebook.com\/airdrinkFrance\/","article_modified_time":"2024-08-16T16:33:48+00:00","og_image":[{"width":252,"height":340,"url":"https:\/\/airdrink.fr\/wp-content\/uploads\/2023\/03\/C60-IN-A-HALL.jpg","type":"image\/jpeg"}],"twitter_card":"summary_large_image","schema":{"@context":"https:\/\/schema.org","@graph":[{"@type":"WebPage","@id":"https:\/\/airdrink.fr\/product\/c60-generateur-deau-atmospherique-collectif-100-a-250-litres-deau-pure-par-jour\/","url":"https:\/\/airdrink.fr\/product\/c60-generateur-deau-atmospherique-collectif-100-a-250-litres-deau-pure-par-jour\/","name":"Generatore d'acqua atmosferico collettivo C60 Da 100 a 250 litri di acqua pura al giorno - AirDrink","isPartOf":{"@id":"https:\/\/airdrink.fr\/#website"},"primaryImageOfPage":{"@id":"https:\/\/airdrink.fr\/product\/c60-generateur-deau-atmospherique-collectif-100-a-250-litres-deau-pure-par-jour\/#primaryimage"},"image":{"@id":"https:\/\/airdrink.fr\/product\/c60-generateur-deau-atmospherique-collectif-100-a-250-litres-deau-pure-par-jour\/#primaryimage"},"thumbnailUrl":"https:\/\/airdrink.fr\/wp-content\/uploads\/2023\/03\/C60-IN-A-HALL.jpg","datePublished":"2023-03-20T16:58:30+00:00","dateModified":"2024-08-16T16:33:48+00:00","breadcrumb":{"@id":"https:\/\/airdrink.fr\/product\/c60-generateur-deau-atmospherique-collectif-100-a-250-litres-deau-pure-par-jour\/#breadcrumb"},"inLanguage":"it-IT","potentialAction":[{"@type":"ReadAction","target":["https:\/\/airdrink.fr\/product\/c60-generateur-deau-atmospherique-collectif-100-a-250-litres-deau-pure-par-jour\/"]}]},{"@type":"ImageObject","inLanguage":"it-IT","@id":"https:\/\/airdrink.fr\/product\/c60-generateur-deau-atmospherique-collectif-100-a-250-litres-deau-pure-par-jour\/#primaryimage","url":"https:\/\/airdrink.fr\/wp-content\/uploads\/2023\/03\/C60-IN-A-HALL.jpg","contentUrl":"https:\/\/airdrink.fr\/wp-content\/uploads\/2023\/03\/C60-IN-A-HALL.jpg","width":252,"height":340},{"@type":"BreadcrumbList","@id":"https:\/\/airdrink.fr\/product\/c60-generateur-deau-atmospherique-collectif-100-a-250-litres-deau-pure-par-jour\/#breadcrumb","itemListElement":[{"@type":"ListItem","position":1,"name":"Accueil","item":"https:\/\/airdrink.fr\/"},{"@type":"ListItem","position":2,"name":"Boutique","item":"https:\/\/airdrink.fr\/boutique\/"},{"@type":"ListItem","position":3,"name":"C60 G\u00e9n\u00e9rateur d\u2019eau Atmosph\u00e9rique collectif 100 \u00e0 250 Litres d\u2019eau pure par jour"}]},{"@type":"WebSite","@id":"https:\/\/airdrink.fr\/#website","url":"https:\/\/airdrink.fr\/","name":"AirDrink - acqua dall'aria!","description":"Airdrink, acqua dall'aria!","publisher":{"@id":"https:\/\/airdrink.fr\/#organization"},"potentialAction":[{"@type":"SearchAction","target":{"@type":"EntryPoint","urlTemplate":"https:\/\/airdrink.fr\/?s={search_term_string}"},"query-input":{"@type":"PropertyValueSpecification","valueRequired":true,"valueName":"search_term_string"}}],"inLanguage":"it-IT"},{"@type":"Organization","@id":"https:\/\/airdrink.fr\/#organization","name":"AirDrink - acqua dall'aria!","url":"https:\/\/airdrink.fr\/","logo":{"@type":"ImageObject","inLanguage":"it-IT","@id":"https:\/\/airdrink.fr\/#\/schema\/logo\/image\/","url":"https:\/\/airdrink.fr\/wp-content\/uploads\/2023\/03\/cropped-logo-Airdrink-plus-HD-v1-3-300x203-1.png","contentUrl":"https:\/\/airdrink.fr\/wp-content\/uploads\/2023\/03\/cropped-logo-Airdrink-plus-HD-v1-3-300x203-1.png","width":300,"height":128,"caption":"AirDrink - de l'eau \u00e0 partir de l'air !"},"image":{"@id":"https:\/\/airdrink.fr\/#\/schema\/logo\/image\/"},"sameAs":["https:\/\/www.facebook.com\/airdrinkFrance\/","https:\/\/www.linkedin.com\/company\/pgsoft","https:\/\/www.youtube.com\/channel\/UCV0fIuMlZQZElbCWK93RP9A"]}]}},"_links":{"self":[{"href":"https:\/\/airdrink.fr\/it\/wp-json\/wp\/v2\/product\/2048","targetHints":{"allow":["GET"]}}],"collection":[{"href":"https:\/\/airdrink.fr\/it\/wp-json\/wp\/v2\/product"}],"about":[{"href":"https:\/\/airdrink.fr\/it\/wp-json\/wp\/v2\/types\/product"}],"version-history":[{"count":0,"href":"https:\/\/airdrink.fr\/it\/wp-json\/wp\/v2\/product\/2048\/revisions"}],"wp:featuredmedia":[{"embeddable":true,"href":"https:\/\/airdrink.fr\/it\/wp-json\/wp\/v2\/media\/2049"}],"wp:attachment":[{"href":"https:\/\/airdrink.fr\/it\/wp-json\/wp\/v2\/media?parent=2048"}],"wp:term":[{"taxonomy":"product_brand","embeddable":true,"href":"https:\/\/airdrink.fr\/it\/wp-json\/wp\/v2\/product_brand?post=2048"},{"taxonomy":"product_cat","embeddable":true,"href":"https:\/\/airdrink.fr\/it\/wp-json\/wp\/v2\/product_cat?post=2048"},{"taxonomy":"product_tag","embeddable":true,"href":"https:\/\/airdrink.fr\/it\/wp-json\/wp\/v2\/product_tag?post=2048"}],"curies":[{"name":"wp","href":"https:\/\/api.w.org\/{rel}","templated":true}]}}