{"id":2635,"date":"2023-10-10T08:07:58","date_gmt":"2023-10-10T07:07:58","guid":{"rendered":"https:\/\/airdrink.fr\/?post_type=product&#038;p=2635"},"modified":"2025-12-05T01:31:03","modified_gmt":"2025-12-05T00:31:03","slug":"kit-completo-di-filtri-c2-3-filtri-acqua-1-filtro-aria","status":"publish","type":"product","link":"https:\/\/airdrink.fr\/it\/product\/kit-complet-de-filtres-c2-3-filtres-a-eau-1-filtre-a-air\/","title":{"rendered":"Kit completo di filtri C2 -&gt; 3 filtri acqua + 1 filtro aria"},"content":{"rendered":"<p>Questo kit contiene <strong>3 filtri per l'acqua<\/strong> cos\u00ec come il <strong>Filtro dell'aria<\/strong> del vostro C2<\/p>\n<p>Per un utilizzo \"standard\", i filtri possono essere sostituiti <strong>in media<\/strong> ogni 6 mesi<\/p>\n<p>Ma non preoccupatevi, il C2 \u00e8 dotato di una spia luminosa per ogni categoria di filtro, che indica quando \u00e8 il momento di cambiarlo :)<\/p>","protected":false},"excerpt":{"rendered":"<p>Questo kit contiene i 3 filtri dell'acqua e il filtro dell'aria...<\/p>","protected":false},"featured_media":2616,"template":"","meta":{"_angie_page":false},"product_brand":[],"product_cat":[3574],"product_tag":[],"class_list":{"0":"post-2635","1":"product","2":"type-product","3":"status-publish","4":"has-post-thumbnail","6":"product_cat-consommables-pour-generateurs","7":"product_shipping_class-filtres","9":"first","10":"instock","11":"taxable","12":"shipping-taxable","13":"purchasable","14":"product-type-simple"},"bundled_by":["2636"],"bundle_stock_status":"instock","bundle_stock_quantity":null,"bundle_virtual":false,"bundle_layout":"","bundle_add_to_cart_form_location":"","bundle_editable_in_cart":false,"bundle_sold_individually_context":"","bundle_item_grouping":"","bundle_min_size":"","bundle_max_size":"","bundle_price":[],"bundled_items":[],"bundle_sell_ids":[],"yoast_head":"<!-- This site is optimized with the Yoast SEO plugin v27.5 - https:\/\/yoast.com\/product\/yoast-seo-wordpress\/ -->\n<title>Kit complet de filtres C2 -&gt; 3 filtres \u00e0 eau + 1 filtre \u00e0 air - AirDrink<\/title>\n<meta name=\"robots\" content=\"index, follow, max-snippet:-1, max-image-preview:large, max-video-preview:-1\" \/>\n<link rel=\"canonical\" href=\"https:\/\/airdrink.fr\/it\/prodotto\/kit-completo-di-filtri-c2-3-filtri-acqua-1-filtro-aria\/\" \/>\n<meta property=\"og:locale\" content=\"it_IT\" \/>\n<meta property=\"og:type\" content=\"article\" \/>\n<meta property=\"og:title\" content=\"Kit complet de filtres C2 -&gt; 3 filtres \u00e0 eau + 1 filtre \u00e0 air - AirDrink\" \/>\n<meta property=\"og:description\" content=\"Ce kit contient les 3 filtres \u00e0 eau ainsi que le filtre \u00e0 Air de&hellip;\" \/>\n<meta property=\"og:url\" content=\"https:\/\/airdrink.fr\/it\/prodotto\/kit-completo-di-filtri-c2-3-filtri-acqua-1-filtro-aria\/\" \/>\n<meta property=\"og:site_name\" content=\"AirDrink\" \/>\n<meta property=\"article:publisher\" content=\"https:\/\/www.facebook.com\/airdrinkFrance\/\" \/>\n<meta property=\"article:modified_time\" content=\"2025-12-05T00:31:03+00:00\" \/>\n<meta property=\"og:image\" content=\"https:\/\/airdrink.fr\/wp-content\/uploads\/2023\/08\/C2-WATERAIR-FILTERS.jpg\" \/>\n\t<meta property=\"og:image:width\" content=\"945\" \/>\n\t<meta property=\"og:image:height\" content=\"482\" \/>\n\t<meta property=\"og:image:type\" content=\"image\/jpeg\" \/>\n<meta name=\"twitter:card\" content=\"summary_large_image\" \/>\n<meta name=\"twitter:label1\" content=\"Tempo di lettura stimato\" \/>\n\t<meta name=\"twitter:data1\" content=\"1 minuto\" \/>\n<script type=\"application\/ld+json\" class=\"yoast-schema-graph\">{\"@context\":\"https:\\\/\\\/schema.org\",\"@graph\":[{\"@type\":\"WebPage\",\"@id\":\"https:\\\/\\\/airdrink.fr\\\/product\\\/kit-complet-de-filtres-c2-3-filtres-a-eau-1-filtre-a-air\\\/\",\"url\":\"https:\\\/\\\/airdrink.fr\\\/product\\\/kit-complet-de-filtres-c2-3-filtres-a-eau-1-filtre-a-air\\\/\",\"name\":\"Kit complet de filtres C2 -> 3 filtres \u00e0 eau + 1 filtre \u00e0 air - AirDrink\",\"isPartOf\":{\"@id\":\"https:\\\/\\\/airdrink.fr\\\/#website\"},\"primaryImageOfPage\":{\"@id\":\"https:\\\/\\\/airdrink.fr\\\/product\\\/kit-complet-de-filtres-c2-3-filtres-a-eau-1-filtre-a-air\\\/#primaryimage\"},\"image\":{\"@id\":\"https:\\\/\\\/airdrink.fr\\\/product\\\/kit-complet-de-filtres-c2-3-filtres-a-eau-1-filtre-a-air\\\/#primaryimage\"},\"thumbnailUrl\":\"https:\\\/\\\/airdrink.fr\\\/wp-content\\\/uploads\\\/2023\\\/08\\\/C2-WATERAIR-FILTERS.jpg\",\"datePublished\":\"2023-10-10T07:07:58+00:00\",\"dateModified\":\"2025-12-05T00:31:03+00:00\",\"breadcrumb\":{\"@id\":\"https:\\\/\\\/airdrink.fr\\\/product\\\/kit-complet-de-filtres-c2-3-filtres-a-eau-1-filtre-a-air\\\/#breadcrumb\"},\"inLanguage\":\"it-IT\",\"potentialAction\":[{\"@type\":\"ReadAction\",\"target\":[\"https:\\\/\\\/airdrink.fr\\\/product\\\/kit-complet-de-filtres-c2-3-filtres-a-eau-1-filtre-a-air\\\/\"]}]},{\"@type\":\"ImageObject\",\"inLanguage\":\"it-IT\",\"@id\":\"https:\\\/\\\/airdrink.fr\\\/product\\\/kit-complet-de-filtres-c2-3-filtres-a-eau-1-filtre-a-air\\\/#primaryimage\",\"url\":\"https:\\\/\\\/airdrink.fr\\\/wp-content\\\/uploads\\\/2023\\\/08\\\/C2-WATERAIR-FILTERS.jpg\",\"contentUrl\":\"https:\\\/\\\/airdrink.fr\\\/wp-content\\\/uploads\\\/2023\\\/08\\\/C2-WATERAIR-FILTERS.jpg\",\"width\":945,\"height\":482,\"caption\":\"kit complet filtres C2\"},{\"@type\":\"BreadcrumbList\",\"@id\":\"https:\\\/\\\/airdrink.fr\\\/product\\\/kit-complet-de-filtres-c2-3-filtres-a-eau-1-filtre-a-air\\\/#breadcrumb\",\"itemListElement\":[{\"@type\":\"ListItem\",\"position\":1,\"name\":\"Accueil\",\"item\":\"https:\\\/\\\/airdrink.fr\\\/\"},{\"@type\":\"ListItem\",\"position\":2,\"name\":\"Boutique\",\"item\":\"https:\\\/\\\/airdrink.fr\\\/boutique\\\/\"},{\"@type\":\"ListItem\",\"position\":3,\"name\":\"Kit complet de filtres C2 -> 3 filtres \u00e0 eau + 1 filtre \u00e0 air\"}]},{\"@type\":\"WebSite\",\"@id\":\"https:\\\/\\\/airdrink.fr\\\/#website\",\"url\":\"https:\\\/\\\/airdrink.fr\\\/\",\"name\":\"AirDrink - de l'eau \u00e0 partir de l'air !\",\"description\":\"Airdrink, de l'eau &agrave; partir de l'air !\",\"publisher\":{\"@id\":\"https:\\\/\\\/airdrink.fr\\\/#organization\"},\"potentialAction\":[{\"@type\":\"SearchAction\",\"target\":{\"@type\":\"EntryPoint\",\"urlTemplate\":\"https:\\\/\\\/airdrink.fr\\\/?s={search_term_string}\"},\"query-input\":{\"@type\":\"PropertyValueSpecification\",\"valueRequired\":true,\"valueName\":\"search_term_string\"}}],\"inLanguage\":\"it-IT\"},{\"@type\":\"Organization\",\"@id\":\"https:\\\/\\\/airdrink.fr\\\/#organization\",\"name\":\"AirDrink - de l'eau \u00e0 partir de l'air !\",\"url\":\"https:\\\/\\\/airdrink.fr\\\/\",\"logo\":{\"@type\":\"ImageObject\",\"inLanguage\":\"it-IT\",\"@id\":\"https:\\\/\\\/airdrink.fr\\\/#\\\/schema\\\/logo\\\/image\\\/\",\"url\":\"https:\\\/\\\/airdrink.fr\\\/wp-content\\\/uploads\\\/2023\\\/03\\\/cropped-logo-Airdrink-plus-HD-v1-3-300x203-1.png\",\"contentUrl\":\"https:\\\/\\\/airdrink.fr\\\/wp-content\\\/uploads\\\/2023\\\/03\\\/cropped-logo-Airdrink-plus-HD-v1-3-300x203-1.png\",\"width\":300,\"height\":128,\"caption\":\"AirDrink - de l'eau \u00e0 partir de l'air !\"},\"image\":{\"@id\":\"https:\\\/\\\/airdrink.fr\\\/#\\\/schema\\\/logo\\\/image\\\/\"},\"sameAs\":[\"https:\\\/\\\/www.facebook.com\\\/airdrinkFrance\\\/\",\"https:\\\/\\\/www.linkedin.com\\\/company\\\/pgsoft\",\"https:\\\/\\\/www.youtube.com\\\/channel\\\/UCV0fIuMlZQZElbCWK93RP9A\"]}]}<\/script>\n<!-- \/ Yoast SEO plugin. -->","yoast_head_json":{"title":"Kit completo di filtri C2 -&gt; 3 filtri acqua + 1 filtro aria - AirDrink","robots":{"index":"index","follow":"follow","max-snippet":"max-snippet:-1","max-image-preview":"max-image-preview:large","max-video-preview":"max-video-preview:-1"},"canonical":"https:\/\/airdrink.fr\/it\/prodotto\/kit-completo-di-filtri-c2-3-filtri-acqua-1-filtro-aria\/","og_locale":"it_IT","og_type":"article","og_title":"Kit complet de filtres C2 -> 3 filtres \u00e0 eau + 1 filtre \u00e0 air - AirDrink","og_description":"Ce kit contient les 3 filtres \u00e0 eau ainsi que le filtre \u00e0 Air de&hellip;","og_url":"https:\/\/airdrink.fr\/it\/prodotto\/kit-completo-di-filtri-c2-3-filtri-acqua-1-filtro-aria\/","og_site_name":"AirDrink","article_publisher":"https:\/\/www.facebook.com\/airdrinkFrance\/","article_modified_time":"2025-12-05T00:31:03+00:00","og_image":[{"width":945,"height":482,"url":"https:\/\/airdrink.fr\/wp-content\/uploads\/2023\/08\/C2-WATERAIR-FILTERS.jpg","type":"image\/jpeg"}],"twitter_card":"summary_large_image","twitter_misc":{"Tempo di lettura stimato":"1 minuto"},"schema":{"@context":"https:\/\/schema.org","@graph":[{"@type":"WebPage","@id":"https:\/\/airdrink.fr\/product\/kit-complet-de-filtres-c2-3-filtres-a-eau-1-filtre-a-air\/","url":"https:\/\/airdrink.fr\/product\/kit-complet-de-filtres-c2-3-filtres-a-eau-1-filtre-a-air\/","name":"Kit completo di filtri C2 -&gt; 3 filtri acqua + 1 filtro aria - AirDrink","isPartOf":{"@id":"https:\/\/airdrink.fr\/#website"},"primaryImageOfPage":{"@id":"https:\/\/airdrink.fr\/product\/kit-complet-de-filtres-c2-3-filtres-a-eau-1-filtre-a-air\/#primaryimage"},"image":{"@id":"https:\/\/airdrink.fr\/product\/kit-complet-de-filtres-c2-3-filtres-a-eau-1-filtre-a-air\/#primaryimage"},"thumbnailUrl":"https:\/\/airdrink.fr\/wp-content\/uploads\/2023\/08\/C2-WATERAIR-FILTERS.jpg","datePublished":"2023-10-10T07:07:58+00:00","dateModified":"2025-12-05T00:31:03+00:00","breadcrumb":{"@id":"https:\/\/airdrink.fr\/product\/kit-complet-de-filtres-c2-3-filtres-a-eau-1-filtre-a-air\/#breadcrumb"},"inLanguage":"it-IT","potentialAction":[{"@type":"ReadAction","target":["https:\/\/airdrink.fr\/product\/kit-complet-de-filtres-c2-3-filtres-a-eau-1-filtre-a-air\/"]}]},{"@type":"ImageObject","inLanguage":"it-IT","@id":"https:\/\/airdrink.fr\/product\/kit-complet-de-filtres-c2-3-filtres-a-eau-1-filtre-a-air\/#primaryimage","url":"https:\/\/airdrink.fr\/wp-content\/uploads\/2023\/08\/C2-WATERAIR-FILTERS.jpg","contentUrl":"https:\/\/airdrink.fr\/wp-content\/uploads\/2023\/08\/C2-WATERAIR-FILTERS.jpg","width":945,"height":482,"caption":"kit complet filtres C2"},{"@type":"BreadcrumbList","@id":"https:\/\/airdrink.fr\/product\/kit-complet-de-filtres-c2-3-filtres-a-eau-1-filtre-a-air\/#breadcrumb","itemListElement":[{"@type":"ListItem","position":1,"name":"Accueil","item":"https:\/\/airdrink.fr\/"},{"@type":"ListItem","position":2,"name":"Boutique","item":"https:\/\/airdrink.fr\/boutique\/"},{"@type":"ListItem","position":3,"name":"Kit complet de filtres C2 -> 3 filtres \u00e0 eau + 1 filtre \u00e0 air"}]},{"@type":"WebSite","@id":"https:\/\/airdrink.fr\/#website","url":"https:\/\/airdrink.fr\/","name":"AirDrink - acqua dall'aria!","description":"Airdrink, acqua dall'aria!","publisher":{"@id":"https:\/\/airdrink.fr\/#organization"},"potentialAction":[{"@type":"SearchAction","target":{"@type":"EntryPoint","urlTemplate":"https:\/\/airdrink.fr\/?s={search_term_string}"},"query-input":{"@type":"PropertyValueSpecification","valueRequired":true,"valueName":"search_term_string"}}],"inLanguage":"it-IT"},{"@type":"Organization","@id":"https:\/\/airdrink.fr\/#organization","name":"AirDrink - acqua dall'aria!","url":"https:\/\/airdrink.fr\/","logo":{"@type":"ImageObject","inLanguage":"it-IT","@id":"https:\/\/airdrink.fr\/#\/schema\/logo\/image\/","url":"https:\/\/airdrink.fr\/wp-content\/uploads\/2023\/03\/cropped-logo-Airdrink-plus-HD-v1-3-300x203-1.png","contentUrl":"https:\/\/airdrink.fr\/wp-content\/uploads\/2023\/03\/cropped-logo-Airdrink-plus-HD-v1-3-300x203-1.png","width":300,"height":128,"caption":"AirDrink - de l'eau \u00e0 partir de l'air !"},"image":{"@id":"https:\/\/airdrink.fr\/#\/schema\/logo\/image\/"},"sameAs":["https:\/\/www.facebook.com\/airdrinkFrance\/","https:\/\/www.linkedin.com\/company\/pgsoft","https:\/\/www.youtube.com\/channel\/UCV0fIuMlZQZElbCWK93RP9A"]}]}},"_links":{"self":[{"href":"https:\/\/airdrink.fr\/it\/wp-json\/wp\/v2\/product\/2635","targetHints":{"allow":["GET"]}}],"collection":[{"href":"https:\/\/airdrink.fr\/it\/wp-json\/wp\/v2\/product"}],"about":[{"href":"https:\/\/airdrink.fr\/it\/wp-json\/wp\/v2\/types\/product"}],"version-history":[{"count":0,"href":"https:\/\/airdrink.fr\/it\/wp-json\/wp\/v2\/product\/2635\/revisions"}],"wp:featuredmedia":[{"embeddable":true,"href":"https:\/\/airdrink.fr\/it\/wp-json\/wp\/v2\/media\/2616"}],"wp:attachment":[{"href":"https:\/\/airdrink.fr\/it\/wp-json\/wp\/v2\/media?parent=2635"}],"wp:term":[{"taxonomy":"product_brand","embeddable":true,"href":"https:\/\/airdrink.fr\/it\/wp-json\/wp\/v2\/product_brand?post=2635"},{"taxonomy":"product_cat","embeddable":true,"href":"https:\/\/airdrink.fr\/it\/wp-json\/wp\/v2\/product_cat?post=2635"},{"taxonomy":"product_tag","embeddable":true,"href":"https:\/\/airdrink.fr\/it\/wp-json\/wp\/v2\/product_tag?post=2635"}],"curies":[{"name":"wp","href":"https:\/\/api.w.org\/{rel}","templated":true}]}}