{"id":1283,"date":"2018-12-05T12:37:08","date_gmt":"2018-12-05T11:37:08","guid":{"rendered":"https:\/\/airdrink.fr\/?page_id=1283"},"modified":"2023-06-30T10:04:49","modified_gmt":"2023-06-30T09:04:49","slug":"juridische_verwijzingen_privacy_beleid","status":"publish","type":"page","link":"https:\/\/airdrink.fr\/nl\/mentions_legales_politique_confidentialite\/","title":{"rendered":"Privacybeleid - gegevensbescherming"},"content":{"rendered":"<div class=\"wpb-content-wrapper\"><div class=\"vc_row wpb_row vc_row-fluid shape_divider_top-none shape_divider_bottom-none scheme_default\"><div class=\"wpb_column vc_column_container vc_col-sm-12 sc_layouts_column_icons_position_left\"><div class=\"vc_column-inner\"><div class=\"wpb_wrapper\"><div class=\"vc_empty_space\"   style=\"height: 4em\"><span class=\"vc_empty_space_inner\"><\/span><\/div><div id=\"sc_content_684119080\"\n\t\tclass=\"sc_content sc_content_default sc_float_center sc_padding_medium p70\"><div class=\"sc_content_container\">\n\t<div class=\"wpb_text_column wpb_content_element\" >\n\t\t<div class=\"wpb_wrapper\">\n\t\t\t<div style=\"text-align: justify;\"><strong>WETTELIJKE KENNISGEVING EN PRIVACYBELEID<\/strong><\/div>\n<div style=\"text-align: justify;\"><strong>1 - De site bewerken<\/strong><\/div>\n<div style=\"text-align: justify;\">Overeenkomstig artikel 6 van de Franse wet nr. 2004-575 van 21 juni 2004 betreffende het vertrouwen in de digitale economie, worden gebruikers van de website https:\/\/airdrink.fr\/ ge\u00efnformeerd over de identiteit van de verschillende partijen die betrokken zijn bij de creatie en het toezicht:<\/div>\n<div style=\"text-align: justify;\">Eigenaar: Philippe GONIN<br \/>\nContact: contact@airdrink.fr 04 42 18 22 35<br \/>\nAdres: 14 Chem. de la Passerelle, 13720 La Bouilladisse.<\/div>\n<div style=\"text-align: justify;\">Bedrijfsidentificatie: SARL Philippe GONIN met een aandelenkapitaal van \u20ac1000<br \/>\nSIREN: 894313261 - RCS of RM :<br \/>\nPostadres: 14 Chem. de la Passerelle, 13720 La Bouilladisse<\/div>\n<div style=\"text-align: justify;\">https:\/\/airdrink.fr\/cgv\/<\/div>\n<div style=\"text-align: justify;\">Directeur publicatie: Philippe GONIN<\/div>\n<div style=\"text-align: justify;\">Hosting : Gandi - 63-65 Boulevard Mass\u00e9na, 75013 Parijs - Telefoon : 01.70.37.76.61<\/div>\n<div style=\"text-align: justify;\">Functionaris voor gegevensbescherming : Philippe GONIN<\/div>\n<div style=\"text-align: justify;\"><strong>2 - Intellectueel eigendom en namaak.<\/strong><\/div>\n<div style=\"text-align: justify;\">Philippe GONIN is eigenaar van de intellectuele eigendomsrechten en bezit de gebruiksrechten op alle elementen die toegankelijk zijn op de website, met name de teksten, afbeeldingen, grafieken, logo's, video's, architectuur, iconen en geluiden. Elke reproductie, representatie, wijziging, publicatie of aanpassing van het geheel of een deel van deze elementen is strikt verboden.<\/div>\n<div style=\"text-align: justify;\">elementen van de site, ongeacht het gebruikte middel of proces, is verboden, tenzij met schriftelijke toestemming van de eigenaar.<\/div>\n<div style=\"text-align: justify;\">van Philippe GONIN. Elk ongeoorloofd gebruik van de site of een van de elementen die deze bevat, zal worden beschouwd als een inbreuk en zal worden vervolgd in overeenstemming met de bepalingen van het Wetboek van Intellectueel Eigendom.<\/div>\n<div style=\"text-align: justify;\">artikelen L.335-2 en volgende van de Franse wet op intellectueel eigendom.<\/div>\n<div style=\"text-align: justify;\"><strong>3 - Beperking van aansprakelijkheid.<\/strong><\/div>\n<div style=\"text-align: justify;\">Philippe GONIN kan niet aansprakelijk worden gesteld voor directe of indirecte schade veroorzaakt aan de<\/div>\n<div style=\"text-align: justify;\">de apparatuur van de gebruiker bij toegang tot de website https:\/\/airdrink.fr\/. Philippe GONIN wijst alle verantwoordelijkheid af voor het gebruik dat kan worden gemaakt van de informatie en inhoud die beschikbaar zijn op https:\/\/airdrink.fr\/. Philippe GONIN verbindt zich ertoe de site https:\/\/airdrink.fr\/ zo goed mogelijk te beveiligen, maar kan niet aansprakelijk worden gesteld voor het importeren en installeren van ongewenste gegevens op zijn site zonder zijn medeweten. Interactieve delen (contactruimte of commentaar) zijn beschikbaar voor gebruikers. Philippe GONIN behoudt zich het recht voor om zonder voorafgaande kennisgeving inhoud te verwijderen die in deze zone is geplaatst en die in strijd is met de wetgeving die van toepassing is in Frankrijk, met name de bepalingen met betrekking tot gegevensbescherming.<\/div>\n<div style=\"text-align: justify;\">In voorkomend geval behoudt Philippe GONIN zich het recht voor om de gebruiker burgerlijk en\/of strafrechtelijk aansprakelijk te stellen, met name in geval van racistische, beledigende, lasterlijke of pornografische boodschappen, ongeacht het gebruikte medium (tekst, foto's, enz.).<\/div>\n<div style=\"text-align: justify;\"><strong>4 - CNIL en beheer van persoonsgegevens.<\/strong><\/div>\n<div style=\"text-align: justify;\">Overeenkomstig de bepalingen van de gewijzigde wet 78-17 van 6 januari 1978 hebben gebruikers van de website https:\/\/airdrink.fr\/ recht op toegang, wijziging en verwijdering van alle verzamelde gegevens. Om dit recht uit te oefenen, kunt u een bericht sturen naar onze functionaris voor gegevensbescherming: Philippe GONIN.<\/div>\n<div style=\"text-align: justify;\"><strong>5 - Hyperlinks en cookies<\/strong><\/div>\n<div style=\"text-align: justify;\">\n<p>De site https:\/\/airdrink.fr\/ bevat hyperlinks naar andere sites en aanvaardt geen verantwoordelijkheid voor deze externe links of voor links die door andere sites naar https:\/\/airdrink.fr\/ zijn gemaakt. Het surfen op de website https:\/\/airdrink.fr\/ kan ertoe leiden dat er cookies op de computer van de gebruiker worden ge\u00efnstalleerd. Een \"cookie\" is een klein bestand dat informatie over het surfen van een gebruiker op een site registreert. De op deze manier verkregen gegevens kunnen bijvoorbeeld worden gebruikt om bezoekersaantallen te meten. U kunt cookies accepteren of weigeren door uw browserinstellingen aan te passen. Er worden geen cookies geplaatst zonder uw toestemming. Cookies worden maximaal 12 maanden bewaard.\n<\/p><\/div>\n<div style=\"text-align: justify;\"><strong>6 - Toepasselijk recht en jurisdictie.<\/strong><\/div>\n<div style=\"text-align: justify;\">Elk geschil met betrekking tot het gebruik van de website https:\/\/airdrink.fr\/ is onderworpen aan het Franse recht. Naar<\/div>\n<div style=\"text-align: justify;\">Behalve in gevallen waarin de wet dit niet toestaat, hebben de rechtbanken exclusieve jurisdictie.<\/div>\n<div style=\"text-align: justify;\">in Aix-en-Provence.<\/div>\n\n\t\t<\/div>\n\t<\/div>\n<\/div><\/div><!-- \/.sc_content --><div class=\"vc_empty_space\"   style=\"height: 4em\"><span class=\"vc_empty_space_inner\"><\/span><\/div><\/div><\/div><\/div><\/div>\n<\/div>","protected":false},"excerpt":{"rendered":"WETTELIJKE OPMERKINGEN EN PRIVACYBELEID 1 - Publicatie van de site Krachtens artikel...","protected":false},"author":1,"featured_media":0,"parent":0,"menu_order":0,"comment_status":"closed","ping_status":"closed","template":"","meta":{"_angie_page":false,"footnotes":""},"class_list":["post-1283","page","type-page","status-publish","hentry"],"yoast_head":"<!-- This site is optimized with the Yoast SEO plugin v27.5 - https:\/\/yoast.com\/product\/yoast-seo-wordpress\/ -->\n<title>Politique de confidentialit\u00e9 - protection des donn\u00e9es - AirDrink<\/title>\n<meta name=\"description\" content=\"AIRDRINK propose des solutions uniques etinnovantes qui produisent \u00e0 partir de l\u2019humidit\u00e9 de l\u2019air une eau potable, fraiche etmin\u00e9ralis\u00e9e ! Ce proc\u00e9d\u00e9 unique s\u2019appelle \u00abG\u00e9n\u00e9rateur d\u2019eau Atmosph\u00e9rique\u00bb.Nos solutions sont compl\u00e9mentaires aux diff\u00e9rents moyens d\u2019acc\u00e8s \u00e0 l\u2019eaupotable mais et permettent un acc\u00e8s infini \u00e0 l\u2019eau au plus proche du lieu deconsommation.\" \/>\n<meta name=\"robots\" content=\"index, follow, max-snippet:-1, max-image-preview:large, max-video-preview:-1\" \/>\n<link rel=\"canonical\" href=\"https:\/\/airdrink.fr\/nl\/juridische_verwijzingen_privacy_beleid\/\" \/>\n<meta property=\"og:locale\" content=\"nl_NL\" \/>\n<meta property=\"og:type\" content=\"article\" \/>\n<meta property=\"og:title\" content=\"Politique de confidentialit\u00e9 - protection des donn\u00e9es - AirDrink\" \/>\n<meta property=\"og:description\" content=\"AIRDRINK propose des solutions uniques etinnovantes qui produisent \u00e0 partir de l\u2019humidit\u00e9 de l\u2019air une eau potable, fraiche etmin\u00e9ralis\u00e9e ! Ce proc\u00e9d\u00e9 unique s\u2019appelle \u00abG\u00e9n\u00e9rateur d\u2019eau Atmosph\u00e9rique\u00bb.Nos solutions sont compl\u00e9mentaires aux diff\u00e9rents moyens d\u2019acc\u00e8s \u00e0 l\u2019eaupotable mais et permettent un acc\u00e8s infini \u00e0 l\u2019eau au plus proche du lieu deconsommation.\" \/>\n<meta property=\"og:url\" content=\"https:\/\/airdrink.fr\/nl\/juridische_verwijzingen_privacy_beleid\/\" \/>\n<meta property=\"og:site_name\" content=\"AirDrink\" \/>\n<meta property=\"article:publisher\" content=\"https:\/\/www.facebook.com\/airdrinkFrance\/\" \/>\n<meta property=\"article:modified_time\" content=\"2023-06-30T09:04:49+00:00\" \/>\n<meta name=\"twitter:card\" content=\"summary_large_image\" \/>\n<meta name=\"twitter:label1\" content=\"Geschatte leestijd\" \/>\n\t<meta name=\"twitter:data1\" content=\"4 minuten\" \/>\n<script type=\"application\/ld+json\" class=\"yoast-schema-graph\">{\"@context\":\"https:\\\/\\\/schema.org\",\"@graph\":[{\"@type\":\"WebPage\",\"@id\":\"https:\\\/\\\/airdrink.fr\\\/mentions_legales_politique_confidentialite\\\/\",\"url\":\"https:\\\/\\\/airdrink.fr\\\/mentions_legales_politique_confidentialite\\\/\",\"name\":\"Politique de confidentialit\u00e9 - protection des donn\u00e9es - AirDrink\",\"isPartOf\":{\"@id\":\"https:\\\/\\\/airdrink.fr\\\/#website\"},\"datePublished\":\"2018-12-05T11:37:08+00:00\",\"dateModified\":\"2023-06-30T09:04:49+00:00\",\"description\":\"AIRDRINK propose des solutions uniques etinnovantes qui produisent \u00e0 partir de l\u2019humidit\u00e9 de l\u2019air une eau potable, fraiche etmin\u00e9ralis\u00e9e ! Ce proc\u00e9d\u00e9 unique s\u2019appelle \u00abG\u00e9n\u00e9rateur d\u2019eau Atmosph\u00e9rique\u00bb.Nos solutions sont compl\u00e9mentaires aux diff\u00e9rents moyens d\u2019acc\u00e8s \u00e0 l\u2019eaupotable mais et permettent un acc\u00e8s infini \u00e0 l\u2019eau au plus proche du lieu deconsommation.\",\"breadcrumb\":{\"@id\":\"https:\\\/\\\/airdrink.fr\\\/mentions_legales_politique_confidentialite\\\/#breadcrumb\"},\"inLanguage\":\"nl-NL\",\"potentialAction\":[{\"@type\":\"ReadAction\",\"target\":[\"https:\\\/\\\/airdrink.fr\\\/mentions_legales_politique_confidentialite\\\/\"]}]},{\"@type\":\"BreadcrumbList\",\"@id\":\"https:\\\/\\\/airdrink.fr\\\/mentions_legales_politique_confidentialite\\\/#breadcrumb\",\"itemListElement\":[{\"@type\":\"ListItem\",\"position\":1,\"name\":\"Accueil\",\"item\":\"https:\\\/\\\/airdrink.fr\\\/\"},{\"@type\":\"ListItem\",\"position\":2,\"name\":\"Politique de confidentialit\u00e9 &#8211; protection des donn\u00e9es\"}]},{\"@type\":\"WebSite\",\"@id\":\"https:\\\/\\\/airdrink.fr\\\/#website\",\"url\":\"https:\\\/\\\/airdrink.fr\\\/\",\"name\":\"AirDrink - de l'eau \u00e0 partir de l'air !\",\"description\":\"Airdrink, de l'eau &agrave; partir de l'air !\",\"publisher\":{\"@id\":\"https:\\\/\\\/airdrink.fr\\\/#organization\"},\"potentialAction\":[{\"@type\":\"SearchAction\",\"target\":{\"@type\":\"EntryPoint\",\"urlTemplate\":\"https:\\\/\\\/airdrink.fr\\\/?s={search_term_string}\"},\"query-input\":{\"@type\":\"PropertyValueSpecification\",\"valueRequired\":true,\"valueName\":\"search_term_string\"}}],\"inLanguage\":\"nl-NL\"},{\"@type\":\"Organization\",\"@id\":\"https:\\\/\\\/airdrink.fr\\\/#organization\",\"name\":\"AirDrink - de l'eau \u00e0 partir de l'air !\",\"url\":\"https:\\\/\\\/airdrink.fr\\\/\",\"logo\":{\"@type\":\"ImageObject\",\"inLanguage\":\"nl-NL\",\"@id\":\"https:\\\/\\\/airdrink.fr\\\/#\\\/schema\\\/logo\\\/image\\\/\",\"url\":\"https:\\\/\\\/airdrink.fr\\\/wp-content\\\/uploads\\\/2023\\\/03\\\/cropped-logo-Airdrink-plus-HD-v1-3-300x203-1.png\",\"contentUrl\":\"https:\\\/\\\/airdrink.fr\\\/wp-content\\\/uploads\\\/2023\\\/03\\\/cropped-logo-Airdrink-plus-HD-v1-3-300x203-1.png\",\"width\":300,\"height\":128,\"caption\":\"AirDrink - de l'eau \u00e0 partir de l'air !\"},\"image\":{\"@id\":\"https:\\\/\\\/airdrink.fr\\\/#\\\/schema\\\/logo\\\/image\\\/\"},\"sameAs\":[\"https:\\\/\\\/www.facebook.com\\\/airdrinkFrance\\\/\",\"https:\\\/\\\/www.linkedin.com\\\/company\\\/pgsoft\",\"https:\\\/\\\/www.youtube.com\\\/channel\\\/UCV0fIuMlZQZElbCWK93RP9A\"]}]}<\/script>\n<!-- \/ Yoast SEO plugin. -->","yoast_head_json":{"title":"Privacybeleid - gegevensbescherming - AirDrink","description":"AIRDRINK biedt unieke en innovatieve oplossingen die vers, gemineraliseerd drinkwater produceren uit de luchtvochtigheid! Dit unieke proces heet \"Atmosferische Water Generator\" en onze oplossingen zijn een aanvulling op de verschillende manieren van toegang tot drinkwater en maken een oneindige toegang tot water dicht bij de plaats van consumptie mogelijk.","robots":{"index":"index","follow":"follow","max-snippet":"max-snippet:-1","max-image-preview":"max-image-preview:large","max-video-preview":"max-video-preview:-1"},"canonical":"https:\/\/airdrink.fr\/nl\/juridische_verwijzingen_privacy_beleid\/","og_locale":"nl_NL","og_type":"article","og_title":"Politique de confidentialit\u00e9 - protection des donn\u00e9es - AirDrink","og_description":"AIRDRINK propose des solutions uniques etinnovantes qui produisent \u00e0 partir de l\u2019humidit\u00e9 de l\u2019air une eau potable, fraiche etmin\u00e9ralis\u00e9e ! Ce proc\u00e9d\u00e9 unique s\u2019appelle \u00abG\u00e9n\u00e9rateur d\u2019eau Atmosph\u00e9rique\u00bb.Nos solutions sont compl\u00e9mentaires aux diff\u00e9rents moyens d\u2019acc\u00e8s \u00e0 l\u2019eaupotable mais et permettent un acc\u00e8s infini \u00e0 l\u2019eau au plus proche du lieu deconsommation.","og_url":"https:\/\/airdrink.fr\/nl\/juridische_verwijzingen_privacy_beleid\/","og_site_name":"AirDrink","article_publisher":"https:\/\/www.facebook.com\/airdrinkFrance\/","article_modified_time":"2023-06-30T09:04:49+00:00","twitter_card":"summary_large_image","twitter_misc":{"Geschatte leestijd":"4 minuten"},"schema":{"@context":"https:\/\/schema.org","@graph":[{"@type":"WebPage","@id":"https:\/\/airdrink.fr\/mentions_legales_politique_confidentialite\/","url":"https:\/\/airdrink.fr\/mentions_legales_politique_confidentialite\/","name":"Privacybeleid - gegevensbescherming - AirDrink","isPartOf":{"@id":"https:\/\/airdrink.fr\/#website"},"datePublished":"2018-12-05T11:37:08+00:00","dateModified":"2023-06-30T09:04:49+00:00","description":"AIRDRINK biedt unieke en innovatieve oplossingen die vers, gemineraliseerd drinkwater produceren uit de luchtvochtigheid! Dit unieke proces heet \"Atmosferische Water Generator\" en onze oplossingen zijn een aanvulling op de verschillende manieren van toegang tot drinkwater en maken een oneindige toegang tot water dicht bij de plaats van consumptie mogelijk.","breadcrumb":{"@id":"https:\/\/airdrink.fr\/mentions_legales_politique_confidentialite\/#breadcrumb"},"inLanguage":"nl-NL","potentialAction":[{"@type":"ReadAction","target":["https:\/\/airdrink.fr\/mentions_legales_politique_confidentialite\/"]}]},{"@type":"BreadcrumbList","@id":"https:\/\/airdrink.fr\/mentions_legales_politique_confidentialite\/#breadcrumb","itemListElement":[{"@type":"ListItem","position":1,"name":"Accueil","item":"https:\/\/airdrink.fr\/"},{"@type":"ListItem","position":2,"name":"Politique de confidentialit\u00e9 &#8211; protection des donn\u00e9es"}]},{"@type":"WebSite","@id":"https:\/\/airdrink.fr\/#website","url":"https:\/\/airdrink.fr\/","name":"AirDrink - water uit lucht!","description":"Airdrink, water uit de lucht!","publisher":{"@id":"https:\/\/airdrink.fr\/#organization"},"potentialAction":[{"@type":"SearchAction","target":{"@type":"EntryPoint","urlTemplate":"https:\/\/airdrink.fr\/?s={search_term_string}"},"query-input":{"@type":"PropertyValueSpecification","valueRequired":true,"valueName":"search_term_string"}}],"inLanguage":"nl-NL"},{"@type":"Organization","@id":"https:\/\/airdrink.fr\/#organization","name":"AirDrink - water uit lucht!","url":"https:\/\/airdrink.fr\/","logo":{"@type":"ImageObject","inLanguage":"nl-NL","@id":"https:\/\/airdrink.fr\/#\/schema\/logo\/image\/","url":"https:\/\/airdrink.fr\/wp-content\/uploads\/2023\/03\/cropped-logo-Airdrink-plus-HD-v1-3-300x203-1.png","contentUrl":"https:\/\/airdrink.fr\/wp-content\/uploads\/2023\/03\/cropped-logo-Airdrink-plus-HD-v1-3-300x203-1.png","width":300,"height":128,"caption":"AirDrink - de l'eau \u00e0 partir de l'air !"},"image":{"@id":"https:\/\/airdrink.fr\/#\/schema\/logo\/image\/"},"sameAs":["https:\/\/www.facebook.com\/airdrinkFrance\/","https:\/\/www.linkedin.com\/company\/pgsoft","https:\/\/www.youtube.com\/channel\/UCV0fIuMlZQZElbCWK93RP9A"]}]}},"_links":{"self":[{"href":"https:\/\/airdrink.fr\/nl\/wp-json\/wp\/v2\/pages\/1283","targetHints":{"allow":["GET"]}}],"collection":[{"href":"https:\/\/airdrink.fr\/nl\/wp-json\/wp\/v2\/pages"}],"about":[{"href":"https:\/\/airdrink.fr\/nl\/wp-json\/wp\/v2\/types\/page"}],"author":[{"embeddable":true,"href":"https:\/\/airdrink.fr\/nl\/wp-json\/wp\/v2\/users\/1"}],"replies":[{"embeddable":true,"href":"https:\/\/airdrink.fr\/nl\/wp-json\/wp\/v2\/comments?post=1283"}],"version-history":[{"count":0,"href":"https:\/\/airdrink.fr\/nl\/wp-json\/wp\/v2\/pages\/1283\/revisions"}],"wp:attachment":[{"href":"https:\/\/airdrink.fr\/nl\/wp-json\/wp\/v2\/media?parent=1283"}],"curies":[{"name":"wp","href":"https:\/\/api.w.org\/{rel}","templated":true}]}}