{"id":2467,"date":"2023-06-30T09:47:07","date_gmt":"2023-06-30T08:47:07","guid":{"rendered":"https:\/\/airdrink.fr\/?page_id=2467"},"modified":"2024-12-17T08:16:55","modified_gmt":"2024-12-17T06:16:55","slug":"a-propos-4","status":"publish","type":"page","link":"https:\/\/airdrink.fr\/nl\/cgv\/","title":{"rendered":"Verkoopvoorwaarden"},"content":{"rendered":"<div class=\"wpb-content-wrapper\"><div class=\"vc_row wpb_row vc_row-fluid vc_custom_1541768449725 shape_divider_top-none shape_divider_bottom-none\"><div class=\"wpb_column vc_column_container vc_col-sm-12 sc_layouts_column_icons_position_left\"><div class=\"vc_column-inner\"><div class=\"wpb_wrapper\">\n\t<div class=\"wpb_text_column wpb_content_element\" >\n\t\t<div class=\"wpb_wrapper\">\n\t\t\t<p style=\"text-align: justify;\"><strong>ALGEMENE VERKOOPVOORWAARDEN AIRDRINK - PGSOFT - Geldig vanaf 29\/06\/2023<\/strong><\/p>\n<p style=\"text-align: justify;\"><strong>Clausule 1: Doel en toepassingsgebied<\/strong><br \/>\nDeze Algemene Verkoopvoorwaarden (AVV) vormen de basis van de commerci\u00eble onderhandelingen en worden systematisch aan elke koper toegestuurd of overhandigd om hem in staat te stellen een bestelling te plaatsen. De hieronder beschreven algemene verkoopvoorwaarden omschrijven de rechten en plichten van PGSOFT en zijn klant met betrekking tot de verkoop van de volgende goederen:<\/p>\n<p style=\"text-align: justify;\"><strong>ATMOSFERISCHE WATERGENERATOREN EN ACCESSOIRES<\/strong><br \/>\nElke aanvaarding van het offerte\/bestelformulier op deze site impliceert de onvoorwaardelijke aanvaarding door de koper van deze algemene verkoopsvoorwaarden.<\/p>\n<p style=\"text-align: justify;\"><strong>Clausule 2: Prijs<\/strong><br \/>\nDe prijzen van de verkochte goederen zijn de prijzen die gelden op de dag dat de bestelling wordt opgenomen. Ze zijn uitgedrukt in euro en berekend exclusief btw. Bijgevolg worden ze vermeerderd met het btw-tarief en de transportkosten die van toepassing zijn op de dag van de bestelling. PGSOFT behoudt zich het recht voor de prijzen te allen tijde te wijzigen. PGSOFT verbindt zich er echter toe de bestelde goederen te factureren tegen de prijzen die bij de registratie van de bestelling worden vermeld.<\/p>\n<p style=\"text-align: justify;\"><strong>Clausule 3: Kortingen en rabatten<\/strong><br \/>\nDe vermelde prijzen zijn inclusief eventuele kortingen die PGSOFT kan verlenen op basis van haar resultaten of de overname van de verantwoordelijkheid door de koper voor bepaalde diensten.<\/p>\n<p style=\"text-align: justify;\"><strong>Clausule 4: Korting<\/strong><br \/>\nEr wordt geen korting verleend voor vroegtijdige betaling.<\/p>\n<p style=\"text-align: justify;\"><strong>Artikel 5: Betalingsvoorwaarden<\/strong><br \/>\nBestellingen moeten volledig worden betaald:<br \/>\n- of per cheque ;<br \/>\n- of met creditcard;<br \/>\n- Via overschrijving<br \/>\n- Of via Paypal of Paypal * 4<\/p>\n<p style=\"text-align: justify;\"><strong>Clausule nr. 6: Clausule inzake eigendomsvoorbehoud<\/strong><br \/>\nPGSOFT blijft eigenaar van de verkochte goederen tot de volledige betaling van de prijs, in hoofdsom en bijbehoren. Indien de koper onder curatele of vereffening staat, behoudt PGSOFT zich het recht voor om in het kader van de curatele de verkochte, onbetaalde goederen terug te vorderen.<\/p>\n<p style=\"text-align: justify;\"><strong>Artikel 7: Levering<\/strong><br \/>\nLevering vindt plaats :<br \/>\n- of door de goederen rechtstreeks aan de koper te overhandigen;<br \/>\n- of door een bericht van beschikbaarheid naar de koper te sturen;<br \/>\n- of door de goederen te deponeren op de plaats die de koper op de bestelbon heeft aangegeven.<br \/>\nDe levertijd die bij het plaatsen van de bestelling wordt aangegeven, wordt slechts ter indicatie gegeven en kan in geen geval worden gegarandeerd. Bijgevolg kan een redelijke vertraging in de levering van de producten geen aanleiding geven tot enige vordering vanwege de koper:<br \/>\n- de toekenning van schadevergoeding;<br \/>\n- annulering van de bestelling.<br \/>\nHet transportrisico wordt volledig gedragen door de koper.<\/p>\n<p style=\"text-align: justify;\">In geval van ontbrekende of beschadigde goederen tijdens het transport moet de koper bij ontvangst van de goederen alle nodige voorbehouden maken op de transportbon. Dit voorbehoud moet ook schriftelijk bevestigd worden binnen de vijf dagen na de levering, per aangetekende brief met ontvangstbewijs gericht aan het bedrijf.<\/p>\n<p style=\"text-align: justify;\"><strong>Clausule 8: Overmacht<\/strong><br \/>\nPGSOFT kan niet aansprakelijk worden gesteld voor het niet of vertraagd nakomen van een van haar verplichtingen zoals beschreven in deze algemene voorwaarden.<br \/>\nvan de verkoop te wijten is aan overmacht. Overmacht wordt gedefinieerd als elke externe, onvoorzienbare en onweerstaanbare gebeurtenis in de zin van artikel 1148 van het Franse Burgerlijk Wetboek.<\/p>\n<p style=\"text-align: justify;\"><strong>Clausule 9: Rechtsbevoegdheid<\/strong><br \/>\nElk geschil met betrekking tot de interpretatie en uitvoering van deze algemene verkoopvoorwaarden wordt beheerst door het Franse recht. Bij gebrek aan een minnelijke schikking zal het geschil worden voorgelegd aan de Handelsrechtbank van Aix-en-Provence.<\/p>\n\n\t\t<\/div>\n\t<\/div>\n<\/div><\/div><\/div><\/div>\n<\/div>","protected":false},"excerpt":{"rendered":"CONDITIONS GENERALES DE VENTE AIRDRINK - PGSOFT - Applicables \u00e0 compter du 29\/06\/2023 Clause n\u00b0&hellip;","protected":false},"author":1,"featured_media":0,"parent":0,"menu_order":0,"comment_status":"closed","ping_status":"closed","template":"","meta":{"_angie_page":false,"footnotes":""},"class_list":["post-2467","page","type-page","status-publish","hentry"],"yoast_head":"<!-- This site is optimized with the Yoast SEO plugin v27.5 - https:\/\/yoast.com\/product\/yoast-seo-wordpress\/ -->\n<title>Conditions G\u00e9n\u00e9rales de Vente - AirDrink<\/title>\n<meta name=\"description\" content=\"AIRDRINK propose des solutions uniques etinnovantes qui produisent \u00e0 partir de l\u2019humidit\u00e9 de l\u2019air une eau potable, fraiche etmin\u00e9ralis\u00e9e ! Ce proc\u00e9d\u00e9 unique s\u2019appelle \u00abG\u00e9n\u00e9rateur d\u2019eau Atmosph\u00e9rique\u00bb.Nos solutions sont compl\u00e9mentaires aux diff\u00e9rents moyens d\u2019acc\u00e8s \u00e0 l\u2019eaupotable mais et permettent un acc\u00e8s infini \u00e0 l\u2019eau au plus proche du lieu deconsommation.\" \/>\n<meta name=\"robots\" content=\"index, follow, max-snippet:-1, max-image-preview:large, max-video-preview:-1\" \/>\n<link rel=\"canonical\" href=\"https:\/\/airdrink.fr\/nl\/a-propos-4\/\" \/>\n<meta property=\"og:locale\" content=\"nl_NL\" \/>\n<meta property=\"og:type\" content=\"article\" \/>\n<meta property=\"og:title\" content=\"Conditions G\u00e9n\u00e9rales de Vente - AirDrink\" \/>\n<meta property=\"og:description\" content=\"AIRDRINK propose des solutions uniques etinnovantes qui produisent \u00e0 partir de l\u2019humidit\u00e9 de l\u2019air une eau potable, fraiche etmin\u00e9ralis\u00e9e ! Ce proc\u00e9d\u00e9 unique s\u2019appelle \u00abG\u00e9n\u00e9rateur d\u2019eau Atmosph\u00e9rique\u00bb.Nos solutions sont compl\u00e9mentaires aux diff\u00e9rents moyens d\u2019acc\u00e8s \u00e0 l\u2019eaupotable mais et permettent un acc\u00e8s infini \u00e0 l\u2019eau au plus proche du lieu deconsommation.\" \/>\n<meta property=\"og:url\" content=\"https:\/\/airdrink.fr\/nl\/a-propos-4\/\" \/>\n<meta property=\"og:site_name\" content=\"AirDrink\" \/>\n<meta property=\"article:publisher\" content=\"https:\/\/www.facebook.com\/airdrinkFrance\/\" \/>\n<meta property=\"article:modified_time\" content=\"2024-12-17T06:16:55+00:00\" \/>\n<meta name=\"twitter:card\" content=\"summary_large_image\" \/>\n<meta name=\"twitter:label1\" content=\"Geschatte leestijd\" \/>\n\t<meta name=\"twitter:data1\" content=\"4 minuten\" \/>\n<script type=\"application\/ld+json\" class=\"yoast-schema-graph\">{\"@context\":\"https:\\\/\\\/schema.org\",\"@graph\":[{\"@type\":\"WebPage\",\"@id\":\"https:\\\/\\\/airdrink.fr\\\/cgv\\\/\",\"url\":\"https:\\\/\\\/airdrink.fr\\\/cgv\\\/\",\"name\":\"Conditions G\u00e9n\u00e9rales de Vente - AirDrink\",\"isPartOf\":{\"@id\":\"https:\\\/\\\/airdrink.fr\\\/#website\"},\"datePublished\":\"2023-06-30T08:47:07+00:00\",\"dateModified\":\"2024-12-17T06:16:55+00:00\",\"description\":\"AIRDRINK propose des solutions uniques etinnovantes qui produisent \u00e0 partir de l\u2019humidit\u00e9 de l\u2019air une eau potable, fraiche etmin\u00e9ralis\u00e9e ! Ce proc\u00e9d\u00e9 unique s\u2019appelle \u00abG\u00e9n\u00e9rateur d\u2019eau Atmosph\u00e9rique\u00bb.Nos solutions sont compl\u00e9mentaires aux diff\u00e9rents moyens d\u2019acc\u00e8s \u00e0 l\u2019eaupotable mais et permettent un acc\u00e8s infini \u00e0 l\u2019eau au plus proche du lieu deconsommation.\",\"breadcrumb\":{\"@id\":\"https:\\\/\\\/airdrink.fr\\\/cgv\\\/#breadcrumb\"},\"inLanguage\":\"nl-NL\",\"potentialAction\":[{\"@type\":\"ReadAction\",\"target\":[\"https:\\\/\\\/airdrink.fr\\\/cgv\\\/\"]}]},{\"@type\":\"BreadcrumbList\",\"@id\":\"https:\\\/\\\/airdrink.fr\\\/cgv\\\/#breadcrumb\",\"itemListElement\":[{\"@type\":\"ListItem\",\"position\":1,\"name\":\"Accueil\",\"item\":\"https:\\\/\\\/airdrink.fr\\\/\"},{\"@type\":\"ListItem\",\"position\":2,\"name\":\"Conditions G\u00e9n\u00e9rales de Vente\"}]},{\"@type\":\"WebSite\",\"@id\":\"https:\\\/\\\/airdrink.fr\\\/#website\",\"url\":\"https:\\\/\\\/airdrink.fr\\\/\",\"name\":\"AirDrink - de l'eau \u00e0 partir de l'air !\",\"description\":\"Airdrink, de l'eau &agrave; partir de l'air !\",\"publisher\":{\"@id\":\"https:\\\/\\\/airdrink.fr\\\/#organization\"},\"potentialAction\":[{\"@type\":\"SearchAction\",\"target\":{\"@type\":\"EntryPoint\",\"urlTemplate\":\"https:\\\/\\\/airdrink.fr\\\/?s={search_term_string}\"},\"query-input\":{\"@type\":\"PropertyValueSpecification\",\"valueRequired\":true,\"valueName\":\"search_term_string\"}}],\"inLanguage\":\"nl-NL\"},{\"@type\":\"Organization\",\"@id\":\"https:\\\/\\\/airdrink.fr\\\/#organization\",\"name\":\"AirDrink - de l'eau \u00e0 partir de l'air !\",\"url\":\"https:\\\/\\\/airdrink.fr\\\/\",\"logo\":{\"@type\":\"ImageObject\",\"inLanguage\":\"nl-NL\",\"@id\":\"https:\\\/\\\/airdrink.fr\\\/#\\\/schema\\\/logo\\\/image\\\/\",\"url\":\"https:\\\/\\\/airdrink.fr\\\/wp-content\\\/uploads\\\/2023\\\/03\\\/cropped-logo-Airdrink-plus-HD-v1-3-300x203-1.png\",\"contentUrl\":\"https:\\\/\\\/airdrink.fr\\\/wp-content\\\/uploads\\\/2023\\\/03\\\/cropped-logo-Airdrink-plus-HD-v1-3-300x203-1.png\",\"width\":300,\"height\":128,\"caption\":\"AirDrink - de l'eau \u00e0 partir de l'air !\"},\"image\":{\"@id\":\"https:\\\/\\\/airdrink.fr\\\/#\\\/schema\\\/logo\\\/image\\\/\"},\"sameAs\":[\"https:\\\/\\\/www.facebook.com\\\/airdrinkFrance\\\/\",\"https:\\\/\\\/www.linkedin.com\\\/company\\\/pgsoft\",\"https:\\\/\\\/www.youtube.com\\\/channel\\\/UCV0fIuMlZQZElbCWK93RP9A\"]}]}<\/script>\n<!-- \/ Yoast SEO plugin. -->","yoast_head_json":{"title":"Algemene verkoopvoorwaarden - AirDrink","description":"AIRDRINK biedt unieke en innovatieve oplossingen die vers, gemineraliseerd drinkwater produceren uit de luchtvochtigheid! Dit unieke proces heet \"Atmosferische Water Generator\" en onze oplossingen zijn een aanvulling op de verschillende manieren van toegang tot drinkwater en maken een oneindige toegang tot water dicht bij de plaats van consumptie mogelijk.","robots":{"index":"index","follow":"follow","max-snippet":"max-snippet:-1","max-image-preview":"max-image-preview:large","max-video-preview":"max-video-preview:-1"},"canonical":"https:\/\/airdrink.fr\/nl\/a-propos-4\/","og_locale":"nl_NL","og_type":"article","og_title":"Conditions G\u00e9n\u00e9rales de Vente - AirDrink","og_description":"AIRDRINK propose des solutions uniques etinnovantes qui produisent \u00e0 partir de l\u2019humidit\u00e9 de l\u2019air une eau potable, fraiche etmin\u00e9ralis\u00e9e ! Ce proc\u00e9d\u00e9 unique s\u2019appelle \u00abG\u00e9n\u00e9rateur d\u2019eau Atmosph\u00e9rique\u00bb.Nos solutions sont compl\u00e9mentaires aux diff\u00e9rents moyens d\u2019acc\u00e8s \u00e0 l\u2019eaupotable mais et permettent un acc\u00e8s infini \u00e0 l\u2019eau au plus proche du lieu deconsommation.","og_url":"https:\/\/airdrink.fr\/nl\/a-propos-4\/","og_site_name":"AirDrink","article_publisher":"https:\/\/www.facebook.com\/airdrinkFrance\/","article_modified_time":"2024-12-17T06:16:55+00:00","twitter_card":"summary_large_image","twitter_misc":{"Geschatte leestijd":"4 minuten"},"schema":{"@context":"https:\/\/schema.org","@graph":[{"@type":"WebPage","@id":"https:\/\/airdrink.fr\/cgv\/","url":"https:\/\/airdrink.fr\/cgv\/","name":"Algemene verkoopvoorwaarden - AirDrink","isPartOf":{"@id":"https:\/\/airdrink.fr\/#website"},"datePublished":"2023-06-30T08:47:07+00:00","dateModified":"2024-12-17T06:16:55+00:00","description":"AIRDRINK biedt unieke en innovatieve oplossingen die vers, gemineraliseerd drinkwater produceren uit de luchtvochtigheid! Dit unieke proces heet \"Atmosferische Water Generator\" en onze oplossingen zijn een aanvulling op de verschillende manieren van toegang tot drinkwater en maken een oneindige toegang tot water dicht bij de plaats van consumptie mogelijk.","breadcrumb":{"@id":"https:\/\/airdrink.fr\/cgv\/#breadcrumb"},"inLanguage":"nl-NL","potentialAction":[{"@type":"ReadAction","target":["https:\/\/airdrink.fr\/cgv\/"]}]},{"@type":"BreadcrumbList","@id":"https:\/\/airdrink.fr\/cgv\/#breadcrumb","itemListElement":[{"@type":"ListItem","position":1,"name":"Accueil","item":"https:\/\/airdrink.fr\/"},{"@type":"ListItem","position":2,"name":"Conditions G\u00e9n\u00e9rales de Vente"}]},{"@type":"WebSite","@id":"https:\/\/airdrink.fr\/#website","url":"https:\/\/airdrink.fr\/","name":"AirDrink - water uit lucht!","description":"Airdrink, water uit de lucht!","publisher":{"@id":"https:\/\/airdrink.fr\/#organization"},"potentialAction":[{"@type":"SearchAction","target":{"@type":"EntryPoint","urlTemplate":"https:\/\/airdrink.fr\/?s={search_term_string}"},"query-input":{"@type":"PropertyValueSpecification","valueRequired":true,"valueName":"search_term_string"}}],"inLanguage":"nl-NL"},{"@type":"Organization","@id":"https:\/\/airdrink.fr\/#organization","name":"AirDrink - water uit lucht!","url":"https:\/\/airdrink.fr\/","logo":{"@type":"ImageObject","inLanguage":"nl-NL","@id":"https:\/\/airdrink.fr\/#\/schema\/logo\/image\/","url":"https:\/\/airdrink.fr\/wp-content\/uploads\/2023\/03\/cropped-logo-Airdrink-plus-HD-v1-3-300x203-1.png","contentUrl":"https:\/\/airdrink.fr\/wp-content\/uploads\/2023\/03\/cropped-logo-Airdrink-plus-HD-v1-3-300x203-1.png","width":300,"height":128,"caption":"AirDrink - de l'eau \u00e0 partir de l'air !"},"image":{"@id":"https:\/\/airdrink.fr\/#\/schema\/logo\/image\/"},"sameAs":["https:\/\/www.facebook.com\/airdrinkFrance\/","https:\/\/www.linkedin.com\/company\/pgsoft","https:\/\/www.youtube.com\/channel\/UCV0fIuMlZQZElbCWK93RP9A"]}]}},"_links":{"self":[{"href":"https:\/\/airdrink.fr\/nl\/wp-json\/wp\/v2\/pages\/2467","targetHints":{"allow":["GET"]}}],"collection":[{"href":"https:\/\/airdrink.fr\/nl\/wp-json\/wp\/v2\/pages"}],"about":[{"href":"https:\/\/airdrink.fr\/nl\/wp-json\/wp\/v2\/types\/page"}],"author":[{"embeddable":true,"href":"https:\/\/airdrink.fr\/nl\/wp-json\/wp\/v2\/users\/1"}],"replies":[{"embeddable":true,"href":"https:\/\/airdrink.fr\/nl\/wp-json\/wp\/v2\/comments?post=2467"}],"version-history":[{"count":0,"href":"https:\/\/airdrink.fr\/nl\/wp-json\/wp\/v2\/pages\/2467\/revisions"}],"wp:attachment":[{"href":"https:\/\/airdrink.fr\/nl\/wp-json\/wp\/v2\/media?parent=2467"}],"curies":[{"name":"wp","href":"https:\/\/api.w.org\/{rel}","templated":true}]}}