{"id":2475,"date":"2023-06-30T10:32:58","date_gmt":"2023-06-30T09:32:58","guid":{"rendered":"https:\/\/airdrink.fr\/?page_id=2475"},"modified":"2024-12-17T08:27:12","modified_gmt":"2024-12-17T06:27:12","slug":"a-propos-5","status":"publish","type":"page","link":"https:\/\/airdrink.fr\/nl\/mentions-legales-politique-confidentialite\/","title":{"rendered":"Juridische informatie en privacybeleid"},"content":{"rendered":"<div class=\"wpb-content-wrapper\"><div class=\"vc_row wpb_row vc_row-fluid vc_custom_1541768449725 shape_divider_top-none shape_divider_bottom-none\"><div class=\"wpb_column vc_column_container vc_col-sm-12 sc_layouts_column_icons_position_left\"><div class=\"vc_column-inner\"><div class=\"wpb_wrapper\">\n\t<div class=\"wpb_text_column wpb_content_element\" >\n\t\t<div class=\"wpb_wrapper\">\n\t\t\t<div style=\"text-align: justify;\">\n<p><strong>WETTELIJKE KENNISGEVING EN PRIVACYBELEID VOOR DE WEBSITE \"www.airdrink.fr<\/strong><\/p>\n<p>&nbsp;<\/p>\n<\/div>\n<div style=\"text-align: justify;\"><strong>1 - De site bewerken<\/strong><\/div>\n<div style=\"text-align: justify;\"><span style=\"color: #000000;\">Overeenkomstig artikel 6 van de Franse wet nr. 2004-575 van 21 juni 2004 betreffende het vertrouwen in de digitale economie, worden gebruikers van de website https:\/\/airdrink.fr\/ ge\u00efnformeerd over de identiteit van de verschillende partijen die betrokken zijn bij de creatie en het toezicht:<\/span><\/div>\n<div style=\"text-align: justify;\">Site eigenaar : <span style=\"color: #000000;\">PGSOFT<\/span><br \/>\nContact: <span style=\"color: #0000ff;\">contact@airdrink.fr<\/span> <span style=\"color: #000000;\">04 42 18 22 35<\/span><br \/>\nAdres: <span style=\"color: #000000;\">14 Chem. de la Passerelle, 13720 La Bouilladisse.<\/span><\/div>\n<div style=\"text-align: justify;\">Bedrijfsidentificatie : <span style=\"color: #000000;\">SAS PGSOFT met een aandelenkapitaal van \u20ac40.000<\/span><br \/>\n<span style=\"color: #000000;\">SIREN : 493026371<\/span><br \/>\nPostadres: <span style=\"color: #000000;\">14 Chem. de la Passerelle, 13720 La Bouilladisse<\/span><\/div>\n<div style=\"text-align: justify;\">https:\/\/airdrink.fr\/cgv\/<\/div>\n<div style=\"text-align: justify;\">Directeur publicatie : <span style=\"color: #000000;\">Philippe GONIN<\/span><\/div>\n<div style=\"text-align: justify;\">Gehost door : <span style=\"color: #000000;\">IONOS 7 Place de la Gare 57200 SARREGUEMINES<\/span><\/div>\n<div style=\"text-align: justify;\">\n<p>Functionaris voor gegevensbescherming : <span style=\"color: #000000;\">Philippe GONIN<\/span><\/p>\n<p><strong>2 - Intellectueel eigendom en namaak.<\/strong><\/p>\n<\/div>\n<div style=\"text-align: justify;\">PGSOFT is eigenaar van de intellectuele eigendomsrechten en heeft de gebruiksrechten op alle elementen die toegankelijk zijn op de website, met name de teksten, afbeeldingen, grafieken, logo's, video's, architectuur, pictogrammen en geluiden. Elke reproductie, weergave, wijziging, publicatie, aanpassing van het geheel of een deel van de elementen van de site, ongeacht het gebruikte middel of proces, is verboden, tenzij met voorafgaande schriftelijke toestemming van PGSOFT. Elk ongeoorloofd gebruik van de site of een van de elementen op de site zal worden beschouwd als een inbreuk en zal worden vervolgd overeenkomstig de bepalingen van artikel L.335-2 en volgende van de Franse wet op intellectueel eigendom.<\/div>\n<div><\/div>\n<div style=\"text-align: justify;\">\n<p><strong>3 - Beperking van aansprakelijkheid.<\/strong><\/p>\n<\/div>\n<div style=\"text-align: justify;\">PGSOFT kan niet aansprakelijk worden gesteld voor eventuele directe of indirecte schade die aan de apparatuur van de gebruiker wordt toegebracht bij toegang tot de website https:\/\/airdrink.fr\/. PGSOFT wijst alle verantwoordelijkheid af voor het gebruik dat eventueel wordt gemaakt van de informatie en inhoud op https:\/\/airdrink.fr\/. PGSOFT spant zich in om de site https:\/\/airdrink.fr\/ zo goed mogelijk te beveiligen, maar kan niet aansprakelijk worden gesteld voor het importeren en installeren van ongewenste gegevens op zijn site zonder zijn medeweten. De gebruikers beschikken over interactieve zones (contactruimte of commentaar). PGSOFT behoudt zich het recht voor om zonder voorafgaande kennisgeving inhoud te verwijderen die in deze zone is geplaatst en die in strijd is met de in Frankrijk geldende wetgeving, met name de bepalingen met betrekking tot gegevensbescherming.<\/div>\n<div style=\"text-align: justify;\">\n<p>PGSOFT behoudt zich het recht voor om de gebruiker civiel- en\/of strafrechtelijk aansprakelijk te stellen, met name in geval van racistische, beledigende, lasterlijke of pornografische boodschappen, ongeacht het gebruikte medium (tekst, foto's, enz.).<\/p>\n<p><strong>4 - CNIL en beheer van persoonsgegevens.<\/strong><\/p>\n<\/div>\n<div style=\"text-align: justify;\">\n<p>Overeenkomstig de bepalingen van de gewijzigde wet 78-17 van 6 januari 1978 hebben gebruikers van de website https:\/\/airdrink.fr\/ recht op toegang, wijziging en verwijdering van alle verzamelde gegevens. Om dit recht uit te oefenen, kunt u een bericht sturen naar onze functionaris voor gegevensbescherming: Philippe GONIN.<\/p>\n<p><strong>5 - Hyperlinks en cookies<\/strong><\/p>\n<\/div>\n<div style=\"text-align: justify;\">\n<p>De site https:\/\/airdrink.fr\/ bevat hyperlinks naar andere sites en aanvaardt geen verantwoordelijkheid voor deze externe links of voor links die door andere sites naar https:\/\/airdrink.fr\/ zijn gemaakt. Het surfen op de website https:\/\/airdrink.fr\/ kan ertoe leiden dat er cookies op de computer van de gebruiker worden ge\u00efnstalleerd. Een \"cookie\" is een klein bestand dat informatie over het surfen van een gebruiker op een site registreert. De op deze manier verkregen gegevens kunnen bijvoorbeeld worden gebruikt om bezoekersaantallen te meten. U kunt cookies accepteren of weigeren door uw browserinstellingen aan te passen. Er worden geen cookies geplaatst zonder uw toestemming. Cookies worden maximaal 12 maanden bewaard.<\/p>\n<p><strong>6 - Toepasselijk recht en jurisdictie.<\/strong><\/p>\n<\/div>\n<div style=\"text-align: justify;\">Elk geschil met betrekking tot het gebruik van de website https:\/\/airdrink.fr\/ is onderworpen aan het Franse recht. Behalve in gevallen waarin de wet dit niet toestaat, zijn uitsluitend de bevoegde rechtbanken van Aix-en-Provence bevoegd.<\/div>\n\n\t\t<\/div>\n\t<\/div>\n<\/div><\/div><\/div><\/div>\n<\/div>","protected":false},"excerpt":{"rendered":"MENTIONS L\u00c9GALES ET POLITIQUE DE CONFIDENTIALIT\u00c9 DU SITE \"www.airdrink.fr\" &nbsp; 1 - \u00c9dition du site&hellip;","protected":false},"author":1,"featured_media":0,"parent":0,"menu_order":0,"comment_status":"closed","ping_status":"closed","template":"","meta":{"_angie_page":false,"footnotes":""},"class_list":["post-2475","page","type-page","status-publish","hentry"],"yoast_head":"<!-- This site is optimized with the Yoast SEO plugin v27.5 - https:\/\/yoast.com\/product\/yoast-seo-wordpress\/ -->\n<title>Mentions l\u00e9gales et politique de confidentialit\u00e9 - AirDrink<\/title>\n<meta name=\"description\" content=\"AIRDRINK propose des solutions uniques etinnovantes qui produisent \u00e0 partir de l\u2019humidit\u00e9 de l\u2019air une eau potable, fraiche etmin\u00e9ralis\u00e9e ! Ce proc\u00e9d\u00e9 unique s\u2019appelle \u00abG\u00e9n\u00e9rateur d\u2019eau Atmosph\u00e9rique\u00bb.Nos solutions sont compl\u00e9mentaires aux diff\u00e9rents moyens d\u2019acc\u00e8s \u00e0 l\u2019eaupotable mais et permettent un acc\u00e8s infini \u00e0 l\u2019eau au plus proche du lieu deconsommation.\" \/>\n<meta name=\"robots\" content=\"index, follow, max-snippet:-1, max-image-preview:large, max-video-preview:-1\" \/>\n<link rel=\"canonical\" href=\"https:\/\/airdrink.fr\/nl\/a-propos-5\/\" \/>\n<meta property=\"og:locale\" content=\"nl_NL\" \/>\n<meta property=\"og:type\" content=\"article\" \/>\n<meta property=\"og:title\" content=\"Mentions l\u00e9gales et politique de confidentialit\u00e9 - AirDrink\" \/>\n<meta property=\"og:description\" content=\"AIRDRINK propose des solutions uniques etinnovantes qui produisent \u00e0 partir de l\u2019humidit\u00e9 de l\u2019air une eau potable, fraiche etmin\u00e9ralis\u00e9e ! Ce proc\u00e9d\u00e9 unique s\u2019appelle \u00abG\u00e9n\u00e9rateur d\u2019eau Atmosph\u00e9rique\u00bb.Nos solutions sont compl\u00e9mentaires aux diff\u00e9rents moyens d\u2019acc\u00e8s \u00e0 l\u2019eaupotable mais et permettent un acc\u00e8s infini \u00e0 l\u2019eau au plus proche du lieu deconsommation.\" \/>\n<meta property=\"og:url\" content=\"https:\/\/airdrink.fr\/nl\/a-propos-5\/\" \/>\n<meta property=\"og:site_name\" content=\"AirDrink\" \/>\n<meta property=\"article:publisher\" content=\"https:\/\/www.facebook.com\/airdrinkFrance\/\" \/>\n<meta property=\"article:modified_time\" content=\"2024-12-17T06:27:12+00:00\" \/>\n<meta name=\"twitter:card\" content=\"summary_large_image\" \/>\n<meta name=\"twitter:label1\" content=\"Geschatte leestijd\" \/>\n\t<meta name=\"twitter:data1\" content=\"4 minuten\" \/>\n<script type=\"application\/ld+json\" class=\"yoast-schema-graph\">{\"@context\":\"https:\\\/\\\/schema.org\",\"@graph\":[{\"@type\":\"WebPage\",\"@id\":\"https:\\\/\\\/airdrink.fr\\\/mentions-legales-politique-confidentialite\\\/\",\"url\":\"https:\\\/\\\/airdrink.fr\\\/mentions-legales-politique-confidentialite\\\/\",\"name\":\"Mentions l\u00e9gales et politique de confidentialit\u00e9 - AirDrink\",\"isPartOf\":{\"@id\":\"https:\\\/\\\/airdrink.fr\\\/#website\"},\"datePublished\":\"2023-06-30T09:32:58+00:00\",\"dateModified\":\"2024-12-17T06:27:12+00:00\",\"description\":\"AIRDRINK propose des solutions uniques etinnovantes qui produisent \u00e0 partir de l\u2019humidit\u00e9 de l\u2019air une eau potable, fraiche etmin\u00e9ralis\u00e9e ! Ce proc\u00e9d\u00e9 unique s\u2019appelle \u00abG\u00e9n\u00e9rateur d\u2019eau Atmosph\u00e9rique\u00bb.Nos solutions sont compl\u00e9mentaires aux diff\u00e9rents moyens d\u2019acc\u00e8s \u00e0 l\u2019eaupotable mais et permettent un acc\u00e8s infini \u00e0 l\u2019eau au plus proche du lieu deconsommation.\",\"breadcrumb\":{\"@id\":\"https:\\\/\\\/airdrink.fr\\\/mentions-legales-politique-confidentialite\\\/#breadcrumb\"},\"inLanguage\":\"nl-NL\",\"potentialAction\":[{\"@type\":\"ReadAction\",\"target\":[\"https:\\\/\\\/airdrink.fr\\\/mentions-legales-politique-confidentialite\\\/\"]}]},{\"@type\":\"BreadcrumbList\",\"@id\":\"https:\\\/\\\/airdrink.fr\\\/mentions-legales-politique-confidentialite\\\/#breadcrumb\",\"itemListElement\":[{\"@type\":\"ListItem\",\"position\":1,\"name\":\"Accueil\",\"item\":\"https:\\\/\\\/airdrink.fr\\\/\"},{\"@type\":\"ListItem\",\"position\":2,\"name\":\"Mentions l\u00e9gales et politique de confidentialit\u00e9\"}]},{\"@type\":\"WebSite\",\"@id\":\"https:\\\/\\\/airdrink.fr\\\/#website\",\"url\":\"https:\\\/\\\/airdrink.fr\\\/\",\"name\":\"AirDrink - de l'eau \u00e0 partir de l'air !\",\"description\":\"Airdrink, de l'eau &agrave; partir de l'air !\",\"publisher\":{\"@id\":\"https:\\\/\\\/airdrink.fr\\\/#organization\"},\"potentialAction\":[{\"@type\":\"SearchAction\",\"target\":{\"@type\":\"EntryPoint\",\"urlTemplate\":\"https:\\\/\\\/airdrink.fr\\\/?s={search_term_string}\"},\"query-input\":{\"@type\":\"PropertyValueSpecification\",\"valueRequired\":true,\"valueName\":\"search_term_string\"}}],\"inLanguage\":\"nl-NL\"},{\"@type\":\"Organization\",\"@id\":\"https:\\\/\\\/airdrink.fr\\\/#organization\",\"name\":\"AirDrink - de l'eau \u00e0 partir de l'air !\",\"url\":\"https:\\\/\\\/airdrink.fr\\\/\",\"logo\":{\"@type\":\"ImageObject\",\"inLanguage\":\"nl-NL\",\"@id\":\"https:\\\/\\\/airdrink.fr\\\/#\\\/schema\\\/logo\\\/image\\\/\",\"url\":\"https:\\\/\\\/airdrink.fr\\\/wp-content\\\/uploads\\\/2023\\\/03\\\/cropped-logo-Airdrink-plus-HD-v1-3-300x203-1.png\",\"contentUrl\":\"https:\\\/\\\/airdrink.fr\\\/wp-content\\\/uploads\\\/2023\\\/03\\\/cropped-logo-Airdrink-plus-HD-v1-3-300x203-1.png\",\"width\":300,\"height\":128,\"caption\":\"AirDrink - de l'eau \u00e0 partir de l'air !\"},\"image\":{\"@id\":\"https:\\\/\\\/airdrink.fr\\\/#\\\/schema\\\/logo\\\/image\\\/\"},\"sameAs\":[\"https:\\\/\\\/www.facebook.com\\\/airdrinkFrance\\\/\",\"https:\\\/\\\/www.linkedin.com\\\/company\\\/pgsoft\",\"https:\\\/\\\/www.youtube.com\\\/channel\\\/UCV0fIuMlZQZElbCWK93RP9A\"]}]}<\/script>\n<!-- \/ Yoast SEO plugin. -->","yoast_head_json":{"title":"Juridische kennisgeving en privacybeleid - AirDrink","description":"AIRDRINK biedt unieke en innovatieve oplossingen die vers, gemineraliseerd drinkwater produceren uit de luchtvochtigheid! Dit unieke proces heet \"Atmosferische Water Generator\" en onze oplossingen zijn een aanvulling op de verschillende manieren van toegang tot drinkwater en maken een oneindige toegang tot water dicht bij de plaats van consumptie mogelijk.","robots":{"index":"index","follow":"follow","max-snippet":"max-snippet:-1","max-image-preview":"max-image-preview:large","max-video-preview":"max-video-preview:-1"},"canonical":"https:\/\/airdrink.fr\/nl\/a-propos-5\/","og_locale":"nl_NL","og_type":"article","og_title":"Mentions l\u00e9gales et politique de confidentialit\u00e9 - AirDrink","og_description":"AIRDRINK propose des solutions uniques etinnovantes qui produisent \u00e0 partir de l\u2019humidit\u00e9 de l\u2019air une eau potable, fraiche etmin\u00e9ralis\u00e9e ! Ce proc\u00e9d\u00e9 unique s\u2019appelle \u00abG\u00e9n\u00e9rateur d\u2019eau Atmosph\u00e9rique\u00bb.Nos solutions sont compl\u00e9mentaires aux diff\u00e9rents moyens d\u2019acc\u00e8s \u00e0 l\u2019eaupotable mais et permettent un acc\u00e8s infini \u00e0 l\u2019eau au plus proche du lieu deconsommation.","og_url":"https:\/\/airdrink.fr\/nl\/a-propos-5\/","og_site_name":"AirDrink","article_publisher":"https:\/\/www.facebook.com\/airdrinkFrance\/","article_modified_time":"2024-12-17T06:27:12+00:00","twitter_card":"summary_large_image","twitter_misc":{"Geschatte leestijd":"4 minuten"},"schema":{"@context":"https:\/\/schema.org","@graph":[{"@type":"WebPage","@id":"https:\/\/airdrink.fr\/mentions-legales-politique-confidentialite\/","url":"https:\/\/airdrink.fr\/mentions-legales-politique-confidentialite\/","name":"Juridische kennisgeving en privacybeleid - AirDrink","isPartOf":{"@id":"https:\/\/airdrink.fr\/#website"},"datePublished":"2023-06-30T09:32:58+00:00","dateModified":"2024-12-17T06:27:12+00:00","description":"AIRDRINK biedt unieke en innovatieve oplossingen die vers, gemineraliseerd drinkwater produceren uit de luchtvochtigheid! Dit unieke proces heet \"Atmosferische Water Generator\" en onze oplossingen zijn een aanvulling op de verschillende manieren van toegang tot drinkwater en maken een oneindige toegang tot water dicht bij de plaats van consumptie mogelijk.","breadcrumb":{"@id":"https:\/\/airdrink.fr\/mentions-legales-politique-confidentialite\/#breadcrumb"},"inLanguage":"nl-NL","potentialAction":[{"@type":"ReadAction","target":["https:\/\/airdrink.fr\/mentions-legales-politique-confidentialite\/"]}]},{"@type":"BreadcrumbList","@id":"https:\/\/airdrink.fr\/mentions-legales-politique-confidentialite\/#breadcrumb","itemListElement":[{"@type":"ListItem","position":1,"name":"Accueil","item":"https:\/\/airdrink.fr\/"},{"@type":"ListItem","position":2,"name":"Mentions l\u00e9gales et politique de confidentialit\u00e9"}]},{"@type":"WebSite","@id":"https:\/\/airdrink.fr\/#website","url":"https:\/\/airdrink.fr\/","name":"AirDrink - water uit lucht!","description":"Airdrink, water uit de lucht!","publisher":{"@id":"https:\/\/airdrink.fr\/#organization"},"potentialAction":[{"@type":"SearchAction","target":{"@type":"EntryPoint","urlTemplate":"https:\/\/airdrink.fr\/?s={search_term_string}"},"query-input":{"@type":"PropertyValueSpecification","valueRequired":true,"valueName":"search_term_string"}}],"inLanguage":"nl-NL"},{"@type":"Organization","@id":"https:\/\/airdrink.fr\/#organization","name":"AirDrink - water uit lucht!","url":"https:\/\/airdrink.fr\/","logo":{"@type":"ImageObject","inLanguage":"nl-NL","@id":"https:\/\/airdrink.fr\/#\/schema\/logo\/image\/","url":"https:\/\/airdrink.fr\/wp-content\/uploads\/2023\/03\/cropped-logo-Airdrink-plus-HD-v1-3-300x203-1.png","contentUrl":"https:\/\/airdrink.fr\/wp-content\/uploads\/2023\/03\/cropped-logo-Airdrink-plus-HD-v1-3-300x203-1.png","width":300,"height":128,"caption":"AirDrink - de l'eau \u00e0 partir de l'air !"},"image":{"@id":"https:\/\/airdrink.fr\/#\/schema\/logo\/image\/"},"sameAs":["https:\/\/www.facebook.com\/airdrinkFrance\/","https:\/\/www.linkedin.com\/company\/pgsoft","https:\/\/www.youtube.com\/channel\/UCV0fIuMlZQZElbCWK93RP9A"]}]}},"_links":{"self":[{"href":"https:\/\/airdrink.fr\/nl\/wp-json\/wp\/v2\/pages\/2475","targetHints":{"allow":["GET"]}}],"collection":[{"href":"https:\/\/airdrink.fr\/nl\/wp-json\/wp\/v2\/pages"}],"about":[{"href":"https:\/\/airdrink.fr\/nl\/wp-json\/wp\/v2\/types\/page"}],"author":[{"embeddable":true,"href":"https:\/\/airdrink.fr\/nl\/wp-json\/wp\/v2\/users\/1"}],"replies":[{"embeddable":true,"href":"https:\/\/airdrink.fr\/nl\/wp-json\/wp\/v2\/comments?post=2475"}],"version-history":[{"count":0,"href":"https:\/\/airdrink.fr\/nl\/wp-json\/wp\/v2\/pages\/2475\/revisions"}],"wp:attachment":[{"href":"https:\/\/airdrink.fr\/nl\/wp-json\/wp\/v2\/media?parent=2475"}],"curies":[{"name":"wp","href":"https:\/\/api.w.org\/{rel}","templated":true}]}}