{"id":3020,"date":"2024-12-17T08:33:47","date_gmt":"2024-12-17T06:33:47","guid":{"rendered":"https:\/\/airdrink.fr\/?page_id=3020"},"modified":"2025-10-22T16:15:16","modified_gmt":"2025-10-22T14:15:16","slug":"retourbeleid","status":"publish","type":"page","link":"https:\/\/airdrink.fr\/nl\/politique-de-retour\/","title":{"rendered":"Retourbeleid"},"content":{"rendered":"<div class=\"wpb-content-wrapper\"><div class=\"vc_row wpb_row vc_row-fluid vc_custom_1541768449725 shape_divider_top-none shape_divider_bottom-none\"><div class=\"wpb_column vc_column_container vc_col-sm-12 sc_layouts_column_icons_position_left\"><div class=\"vc_column-inner\"><div class=\"wpb_wrapper\">\n\t<div class=\"wpb_text_column wpb_content_element\" >\n\t\t<div class=\"wpb_wrapper\">\n\t\t\t<div style=\"text-align: justify;\">\n<p><span style=\"color: #000000;\"><strong>RETOUR- EN RESTITUTIEBELEID<\/strong><\/span><\/p>\n<p><span style=\"color: #000000;\">Voor alle retourzendingen en verzoeken om terugbetaling heb je een periode van 14 dagen vanaf de ontvangst van de artikelen.<\/span><\/p>\n<p><span style=\"color: #000000;\">Stuur ons een e-mail naar het volgende adres <span style=\"color: #0000ff;\"><a style=\"color: #0000ff;\" title=\"Contacteer ons\" href=\"https:\/\/shop.enesco.fr\/pages\/nous-contacter\" target=\"_blank\" rel=\"noreferrer noopener\">\u00a0<\/a><a style=\"color: #0000ff;\" title=\"Contacteer ons\" href=\"https:\/\/airdrink.fr\/nl\/neem-contact-op-met\/\" target=\"_blank\" rel=\"noreferrer noopener\">contact@airdrink.fr<\/a><\/span> met een kopie van uw factuur, ordernummer en de reden van uw retouraanvraag. Na ontvangst zullen wij u informeren over de te nemen stappen<\/span><\/p>\n<p><span style=\"color: #000000;\">Om in aanmerking te komen voor restitutie, moet het artikel ongebruikt zijn en in dezelfde staat verkeren als toen je het ontving. Het moet ook in de originele verpakking zitten.<\/span><\/p>\n<p><span style=\"color: #000000;\">Je moet ons een factuur of aankoopbewijs kunnen tonen, evenals een bewijs van verzending als je je bestelling per koerier retourneert.<\/span><br \/>\n<span style=\"color: #000000;\">Anders kan je bestelling niet worden terugbetaald of geruild.<\/span><\/p>\n<p><span style=\"color: #000000;\">Als je een artikel wilt retourneren, moet je het naar het onderstaande postadres sturen:<\/span><\/p>\n<p><span style=\"color: #000000;\">PGSOFT AIRDRINK<\/span><br \/>\n<span style=\"color: #000000;\">14 Chemin de la Passerelle<\/span><br \/>\n<span style=\"color: #000000;\">13 720 LA BOUILLADISSE<\/span><\/p>\n<p><span style=\"color: #000000;\"><strong>De verzendkosten zijn voor jouw rekening.<\/strong><\/span><\/p>\n<p>&nbsp;<\/p>\n<p><span style=\"color: #000000;\"><strong>Artikelen die niet kunnen worden geretourneerd of terugbetaald:<\/strong><\/span><\/p>\n<p><span style=\"color: #000000;\">- Elk artikel dat niet in de originele staat verkeert, beschadigd is of onderdelen mist om redenen die niet te wijten zijn aan een fout van onze kant.<\/span><\/p>\n<p><span style=\"color: #000000;\">- Elk artikel dat langer dan 14 dagen is geleverd.<\/span><\/p>\n<p>&nbsp;<\/p>\n<p><span style=\"color: #000000;\"><strong>TERUGBETALINGEN<\/strong><\/span><\/p>\n<p><span style=\"color: #000000;\">Zodra we het geretourneerde artikel hebben ontvangen en gecontroleerd, sturen we je een e-mail om je te informeren over onze beslissing om je restitutieverzoek goed te keuren of af te wijzen.<\/span><\/p>\n<p><span style=\"color: #000000;\">Als je verzoek wordt goedgekeurd, wordt je restitutie verwerkt en wordt het bedrag binnen 48 uur automatisch teruggestort op je creditcard of oorspronkelijke betaalmethode.<\/span><\/p>\n<p>&nbsp;<\/p>\n<p><span style=\"color: #000000;\"><strong>Te late of ontbrekende terugbetalingen :<\/strong><\/span><\/p>\n<p><span style=\"color: #000000;\">Als je je restitutie nog niet hebt ontvangen, controleer dan eerst je bankrekening opnieuw. Neem contact op met de uitgever van je creditcard en je bank, want er kan een vertraging optreden voordat je restitutie officieel wordt geboekt.<\/span><\/p>\n<p><span style=\"color: #000000;\">Als je na het uitvoeren van al deze stappen nog steeds geen restitutie hebt ontvangen, neem dan contact met ons op via e-mail op dit adres: <span style=\"color: #0000ff;\"><a style=\"color: #0000ff;\" title=\"Contacteer ons\" href=\"https:\/\/airdrink.fr\/nl\/neem-contact-op-met\/\" target=\"_blank\" rel=\"noreferrer noopener\">contact@airdrink.fr<\/a><\/span><\/span><\/p>\n<p><span style=\"color: #000000;\"><strong>UITWISSELINGEN<\/strong><\/span><\/p>\n<p><span style=\"color: #000000;\">We vervangen een artikel alleen als het defect of beschadigd is. Als je het artikel in dat geval wilt ruilen voor hetzelfde artikel, stuur ons dan een e-mail naar het volgende adres <span style=\"color: #0000ff;\"><a style=\"color: #0000ff;\" title=\"Contacteer ons\" href=\"https:\/\/shop.enesco.fr\/pages\/nous-contacter\" target=\"_blank\" rel=\"noreferrer noopener\">\u00a0<\/a><a style=\"color: #0000ff;\" title=\"Contacteer ons\" href=\"https:\/\/airdrink.fr\/nl\/neem-contact-op-met\/\" target=\"_blank\" rel=\"noreferrer noopener\">contact@airdrink.fr<\/a><\/span><\/span><\/p>\n<p><span style=\"color: #000000;\">Defecte artikelen worden op onze kosten hersteld en vervangen.<\/span><\/p>\n<p>&nbsp;<\/p>\n<\/div>\n<div style=\"text-align: justify;\"><\/div>\n<div style=\"text-align: justify;\"><\/div>\n\n\t\t<\/div>\n\t<\/div>\n<\/div><\/div><\/div><\/div>\n<\/div>","protected":false},"excerpt":{"rendered":"POLITIQUE DE RETOUR ET DE REMBOURSEMENT Pour tout\u00a0retour et demande de remboursement, vous disposez d'un&hellip;","protected":false},"author":1,"featured_media":0,"parent":0,"menu_order":0,"comment_status":"closed","ping_status":"closed","template":"","meta":{"_angie_page":false,"footnotes":""},"class_list":["post-3020","page","type-page","status-publish","hentry"],"yoast_head":"<!-- This site is optimized with the Yoast SEO plugin v27.5 - https:\/\/yoast.com\/product\/yoast-seo-wordpress\/ -->\n<title>Politique de Retour - AirDrink<\/title>\n<meta name=\"description\" content=\"AIRDRINK propose des solutions uniques etinnovantes qui produisent \u00e0 partir de l\u2019humidit\u00e9 de l\u2019air une eau potable, fraiche etmin\u00e9ralis\u00e9e ! Ce proc\u00e9d\u00e9 unique s\u2019appelle \u00abG\u00e9n\u00e9rateur d\u2019eau Atmosph\u00e9rique\u00bb.Nos solutions sont compl\u00e9mentaires aux diff\u00e9rents moyens d\u2019acc\u00e8s \u00e0 l\u2019eaupotable mais et permettent un acc\u00e8s infini \u00e0 l\u2019eau au plus proche du lieu deconsommation.\" \/>\n<meta name=\"robots\" content=\"index, follow, max-snippet:-1, max-image-preview:large, max-video-preview:-1\" \/>\n<link rel=\"canonical\" href=\"https:\/\/airdrink.fr\/nl\/retourbeleid\/\" \/>\n<meta property=\"og:locale\" content=\"nl_NL\" \/>\n<meta property=\"og:type\" content=\"article\" \/>\n<meta property=\"og:title\" content=\"Politique de Retour - AirDrink\" \/>\n<meta property=\"og:description\" content=\"AIRDRINK propose des solutions uniques etinnovantes qui produisent \u00e0 partir de l\u2019humidit\u00e9 de l\u2019air une eau potable, fraiche etmin\u00e9ralis\u00e9e ! Ce proc\u00e9d\u00e9 unique s\u2019appelle \u00abG\u00e9n\u00e9rateur d\u2019eau Atmosph\u00e9rique\u00bb.Nos solutions sont compl\u00e9mentaires aux diff\u00e9rents moyens d\u2019acc\u00e8s \u00e0 l\u2019eaupotable mais et permettent un acc\u00e8s infini \u00e0 l\u2019eau au plus proche du lieu deconsommation.\" \/>\n<meta property=\"og:url\" content=\"https:\/\/airdrink.fr\/nl\/retourbeleid\/\" \/>\n<meta property=\"og:site_name\" content=\"AirDrink\" \/>\n<meta property=\"article:publisher\" content=\"https:\/\/www.facebook.com\/airdrinkFrance\/\" \/>\n<meta property=\"article:modified_time\" content=\"2025-10-22T14:15:16+00:00\" \/>\n<meta name=\"twitter:card\" content=\"summary_large_image\" \/>\n<meta name=\"twitter:label1\" content=\"Geschatte leestijd\" \/>\n\t<meta name=\"twitter:data1\" content=\"2 minuten\" \/>\n<script type=\"application\/ld+json\" class=\"yoast-schema-graph\">{\"@context\":\"https:\\\/\\\/schema.org\",\"@graph\":[{\"@type\":\"WebPage\",\"@id\":\"https:\\\/\\\/airdrink.fr\\\/politique-de-retour\\\/\",\"url\":\"https:\\\/\\\/airdrink.fr\\\/politique-de-retour\\\/\",\"name\":\"Politique de Retour - AirDrink\",\"isPartOf\":{\"@id\":\"https:\\\/\\\/airdrink.fr\\\/#website\"},\"datePublished\":\"2024-12-17T06:33:47+00:00\",\"dateModified\":\"2025-10-22T14:15:16+00:00\",\"description\":\"AIRDRINK propose des solutions uniques etinnovantes qui produisent \u00e0 partir de l\u2019humidit\u00e9 de l\u2019air une eau potable, fraiche etmin\u00e9ralis\u00e9e ! Ce proc\u00e9d\u00e9 unique s\u2019appelle \u00abG\u00e9n\u00e9rateur d\u2019eau Atmosph\u00e9rique\u00bb.Nos solutions sont compl\u00e9mentaires aux diff\u00e9rents moyens d\u2019acc\u00e8s \u00e0 l\u2019eaupotable mais et permettent un acc\u00e8s infini \u00e0 l\u2019eau au plus proche du lieu deconsommation.\",\"breadcrumb\":{\"@id\":\"https:\\\/\\\/airdrink.fr\\\/politique-de-retour\\\/#breadcrumb\"},\"inLanguage\":\"nl-NL\",\"potentialAction\":[{\"@type\":\"ReadAction\",\"target\":[\"https:\\\/\\\/airdrink.fr\\\/politique-de-retour\\\/\"]}]},{\"@type\":\"BreadcrumbList\",\"@id\":\"https:\\\/\\\/airdrink.fr\\\/politique-de-retour\\\/#breadcrumb\",\"itemListElement\":[{\"@type\":\"ListItem\",\"position\":1,\"name\":\"Accueil\",\"item\":\"https:\\\/\\\/airdrink.fr\\\/\"},{\"@type\":\"ListItem\",\"position\":2,\"name\":\"Politique de Retour\"}]},{\"@type\":\"WebSite\",\"@id\":\"https:\\\/\\\/airdrink.fr\\\/#website\",\"url\":\"https:\\\/\\\/airdrink.fr\\\/\",\"name\":\"AirDrink - de l'eau \u00e0 partir de l'air !\",\"description\":\"Airdrink, de l'eau &agrave; partir de l'air !\",\"publisher\":{\"@id\":\"https:\\\/\\\/airdrink.fr\\\/#organization\"},\"potentialAction\":[{\"@type\":\"SearchAction\",\"target\":{\"@type\":\"EntryPoint\",\"urlTemplate\":\"https:\\\/\\\/airdrink.fr\\\/?s={search_term_string}\"},\"query-input\":{\"@type\":\"PropertyValueSpecification\",\"valueRequired\":true,\"valueName\":\"search_term_string\"}}],\"inLanguage\":\"nl-NL\"},{\"@type\":\"Organization\",\"@id\":\"https:\\\/\\\/airdrink.fr\\\/#organization\",\"name\":\"AirDrink - de l'eau \u00e0 partir de l'air !\",\"url\":\"https:\\\/\\\/airdrink.fr\\\/\",\"logo\":{\"@type\":\"ImageObject\",\"inLanguage\":\"nl-NL\",\"@id\":\"https:\\\/\\\/airdrink.fr\\\/#\\\/schema\\\/logo\\\/image\\\/\",\"url\":\"https:\\\/\\\/airdrink.fr\\\/wp-content\\\/uploads\\\/2023\\\/03\\\/cropped-logo-Airdrink-plus-HD-v1-3-300x203-1.png\",\"contentUrl\":\"https:\\\/\\\/airdrink.fr\\\/wp-content\\\/uploads\\\/2023\\\/03\\\/cropped-logo-Airdrink-plus-HD-v1-3-300x203-1.png\",\"width\":300,\"height\":128,\"caption\":\"AirDrink - de l'eau \u00e0 partir de l'air !\"},\"image\":{\"@id\":\"https:\\\/\\\/airdrink.fr\\\/#\\\/schema\\\/logo\\\/image\\\/\"},\"sameAs\":[\"https:\\\/\\\/www.facebook.com\\\/airdrinkFrance\\\/\",\"https:\\\/\\\/www.linkedin.com\\\/company\\\/pgsoft\",\"https:\\\/\\\/www.youtube.com\\\/channel\\\/UCV0fIuMlZQZElbCWK93RP9A\"]}]}<\/script>\n<!-- \/ Yoast SEO plugin. -->","yoast_head_json":{"title":"Retourbeleid - AirDrink","description":"AIRDRINK biedt unieke en innovatieve oplossingen die vers, gemineraliseerd drinkwater produceren uit de luchtvochtigheid! Dit unieke proces heet \"Atmosferische Water Generator\" en onze oplossingen zijn een aanvulling op de verschillende manieren van toegang tot drinkwater en maken een oneindige toegang tot water dicht bij de plaats van consumptie mogelijk.","robots":{"index":"index","follow":"follow","max-snippet":"max-snippet:-1","max-image-preview":"max-image-preview:large","max-video-preview":"max-video-preview:-1"},"canonical":"https:\/\/airdrink.fr\/nl\/retourbeleid\/","og_locale":"nl_NL","og_type":"article","og_title":"Politique de Retour - AirDrink","og_description":"AIRDRINK propose des solutions uniques etinnovantes qui produisent \u00e0 partir de l\u2019humidit\u00e9 de l\u2019air une eau potable, fraiche etmin\u00e9ralis\u00e9e ! Ce proc\u00e9d\u00e9 unique s\u2019appelle \u00abG\u00e9n\u00e9rateur d\u2019eau Atmosph\u00e9rique\u00bb.Nos solutions sont compl\u00e9mentaires aux diff\u00e9rents moyens d\u2019acc\u00e8s \u00e0 l\u2019eaupotable mais et permettent un acc\u00e8s infini \u00e0 l\u2019eau au plus proche du lieu deconsommation.","og_url":"https:\/\/airdrink.fr\/nl\/retourbeleid\/","og_site_name":"AirDrink","article_publisher":"https:\/\/www.facebook.com\/airdrinkFrance\/","article_modified_time":"2025-10-22T14:15:16+00:00","twitter_card":"summary_large_image","twitter_misc":{"Geschatte leestijd":"2 minuten"},"schema":{"@context":"https:\/\/schema.org","@graph":[{"@type":"WebPage","@id":"https:\/\/airdrink.fr\/politique-de-retour\/","url":"https:\/\/airdrink.fr\/politique-de-retour\/","name":"Retourbeleid - AirDrink","isPartOf":{"@id":"https:\/\/airdrink.fr\/#website"},"datePublished":"2024-12-17T06:33:47+00:00","dateModified":"2025-10-22T14:15:16+00:00","description":"AIRDRINK biedt unieke en innovatieve oplossingen die vers, gemineraliseerd drinkwater produceren uit de luchtvochtigheid! Dit unieke proces heet \"Atmosferische Water Generator\" en onze oplossingen zijn een aanvulling op de verschillende manieren van toegang tot drinkwater en maken een oneindige toegang tot water dicht bij de plaats van consumptie mogelijk.","breadcrumb":{"@id":"https:\/\/airdrink.fr\/politique-de-retour\/#breadcrumb"},"inLanguage":"nl-NL","potentialAction":[{"@type":"ReadAction","target":["https:\/\/airdrink.fr\/politique-de-retour\/"]}]},{"@type":"BreadcrumbList","@id":"https:\/\/airdrink.fr\/politique-de-retour\/#breadcrumb","itemListElement":[{"@type":"ListItem","position":1,"name":"Accueil","item":"https:\/\/airdrink.fr\/"},{"@type":"ListItem","position":2,"name":"Politique de Retour"}]},{"@type":"WebSite","@id":"https:\/\/airdrink.fr\/#website","url":"https:\/\/airdrink.fr\/","name":"AirDrink - water uit lucht!","description":"Airdrink, water uit de lucht!","publisher":{"@id":"https:\/\/airdrink.fr\/#organization"},"potentialAction":[{"@type":"SearchAction","target":{"@type":"EntryPoint","urlTemplate":"https:\/\/airdrink.fr\/?s={search_term_string}"},"query-input":{"@type":"PropertyValueSpecification","valueRequired":true,"valueName":"search_term_string"}}],"inLanguage":"nl-NL"},{"@type":"Organization","@id":"https:\/\/airdrink.fr\/#organization","name":"AirDrink - water uit lucht!","url":"https:\/\/airdrink.fr\/","logo":{"@type":"ImageObject","inLanguage":"nl-NL","@id":"https:\/\/airdrink.fr\/#\/schema\/logo\/image\/","url":"https:\/\/airdrink.fr\/wp-content\/uploads\/2023\/03\/cropped-logo-Airdrink-plus-HD-v1-3-300x203-1.png","contentUrl":"https:\/\/airdrink.fr\/wp-content\/uploads\/2023\/03\/cropped-logo-Airdrink-plus-HD-v1-3-300x203-1.png","width":300,"height":128,"caption":"AirDrink - de l'eau \u00e0 partir de l'air !"},"image":{"@id":"https:\/\/airdrink.fr\/#\/schema\/logo\/image\/"},"sameAs":["https:\/\/www.facebook.com\/airdrinkFrance\/","https:\/\/www.linkedin.com\/company\/pgsoft","https:\/\/www.youtube.com\/channel\/UCV0fIuMlZQZElbCWK93RP9A"]}]}},"_links":{"self":[{"href":"https:\/\/airdrink.fr\/nl\/wp-json\/wp\/v2\/pages\/3020","targetHints":{"allow":["GET"]}}],"collection":[{"href":"https:\/\/airdrink.fr\/nl\/wp-json\/wp\/v2\/pages"}],"about":[{"href":"https:\/\/airdrink.fr\/nl\/wp-json\/wp\/v2\/types\/page"}],"author":[{"embeddable":true,"href":"https:\/\/airdrink.fr\/nl\/wp-json\/wp\/v2\/users\/1"}],"replies":[{"embeddable":true,"href":"https:\/\/airdrink.fr\/nl\/wp-json\/wp\/v2\/comments?post=3020"}],"version-history":[{"count":0,"href":"https:\/\/airdrink.fr\/nl\/wp-json\/wp\/v2\/pages\/3020\/revisions"}],"wp:attachment":[{"href":"https:\/\/airdrink.fr\/nl\/wp-json\/wp\/v2\/media?parent=3020"}],"curies":[{"name":"wp","href":"https:\/\/api.w.org\/{rel}","templated":true}]}}