{"id":2046,"date":"2023-03-20T17:52:07","date_gmt":"2023-03-20T16:52:07","guid":{"rendered":"https:\/\/airdrink.fr\/?post_type=product&#038;p=2046"},"modified":"2025-10-02T11:40:19","modified_gmt":"2025-10-02T09:40:19","slug":"c8-atmosferische-water-generator-10-een-25-liter-zuiver-water-per-dag","status":"publish","type":"product","link":"https:\/\/airdrink.fr\/nl\/product\/c8-generateur-deau-atmospherique-10-a-25-litres-deau-pure-par-jour\/","title":{"rendered":"C8 Atmosferische watergenerator - 10 tot 25 liter zuiver water per dag"},"content":{"rendered":"","protected":false},"excerpt":{"rendered":"<h5>De C8 is het vlaggenschip van de reeks, met een bewezen staat van dienst van meer dan 15 jaar, en is een van de meest gebruikte atmosferische watergeneratoren op de markt.<\/h5>\n<h5>Neem contact met ons op, het is altijd op voorraad dus je kunt het heel snel krijgen!<\/h5>\n<p><a href=\"https:\/\/airdrink.fr\/nl\/diensten\/model_c8\/\">Meer informatie over C8<\/a><\/p>","protected":false},"featured_media":2354,"template":"","meta":{"_angie_page":false},"product_brand":[],"product_cat":[3562],"product_tag":[],"class_list":{"0":"post-2046","1":"product","2":"type-product","3":"status-publish","4":"has-post-thumbnail","6":"product_cat-consommation-humaine","7":"product_shipping_class-c8","9":"first","10":"instock","11":"sale","12":"taxable","13":"shipping-taxable","14":"purchasable","15":"product-type-simple"},"bundled_by":[],"bundle_stock_status":"instock","bundle_stock_quantity":null,"bundle_virtual":false,"bundle_layout":"","bundle_add_to_cart_form_location":"","bundle_editable_in_cart":false,"bundle_sold_individually_context":"","bundle_item_grouping":"","bundle_min_size":"","bundle_max_size":"","bundle_price":[],"bundled_items":[],"bundle_sell_ids":[],"yoast_head":"<!-- This site is optimized with the Yoast SEO plugin v27.5 - https:\/\/yoast.com\/product\/yoast-seo-wordpress\/ -->\n<title>C8 G\u00e9n\u00e9rateur d&#039;eau Atmosph\u00e9rique - 10 \u00e0 25 Litres d&#039;eau pure par jour - AirDrink<\/title>\n<meta name=\"robots\" content=\"index, follow, max-snippet:-1, max-image-preview:large, max-video-preview:-1\" \/>\n<link rel=\"canonical\" href=\"https:\/\/airdrink.fr\/nl\/product\/c8-atmosferische-water-generator-10-een-25-liter-zuiver-water-per-dag\/\" \/>\n<meta property=\"og:locale\" content=\"nl_NL\" \/>\n<meta property=\"og:type\" content=\"article\" \/>\n<meta property=\"og:title\" content=\"C8 G\u00e9n\u00e9rateur d&#039;eau Atmosph\u00e9rique - 10 \u00e0 25 Litres d&#039;eau pure par jour - AirDrink\" \/>\n<meta property=\"og:description\" content=\"Le C8 est le mod\u00e8le phare de la gamme, il a fait ses preuves depuis plus de 15 ans et est l&#039;un des g\u00e9n\u00e9rateurs d&#039;eau atmosph\u00e9rique les plus r\u00e9pandu sur le march\u00e9 Contactez nous, il est toujours en stock chez nous vous pourrez donc en obtenir tr\u00e8s rapidement ! Plus d&#039;informations sur le C8\" \/>\n<meta property=\"og:url\" content=\"https:\/\/airdrink.fr\/nl\/product\/c8-atmosferische-water-generator-10-een-25-liter-zuiver-water-per-dag\/\" \/>\n<meta property=\"og:site_name\" content=\"AirDrink\" \/>\n<meta property=\"article:publisher\" content=\"https:\/\/www.facebook.com\/airdrinkFrance\/\" \/>\n<meta property=\"article:modified_time\" content=\"2025-10-02T09:40:19+00:00\" \/>\n<meta property=\"og:image\" content=\"https:\/\/airdrink.fr\/wp-content\/uploads\/2017\/12\/C8-AIRDRINK.jpg\" \/>\n\t<meta property=\"og:image:width\" content=\"245\" \/>\n\t<meta property=\"og:image:height\" content=\"418\" \/>\n\t<meta property=\"og:image:type\" content=\"image\/jpeg\" \/>\n<meta name=\"twitter:card\" content=\"summary_large_image\" \/>\n<meta name=\"twitter:label1\" content=\"Geschatte leestijd\" \/>\n\t<meta name=\"twitter:data1\" content=\"1 minuut\" \/>\n<script type=\"application\/ld+json\" class=\"yoast-schema-graph\">{\"@context\":\"https:\\\/\\\/schema.org\",\"@graph\":[{\"@type\":\"WebPage\",\"@id\":\"https:\\\/\\\/airdrink.fr\\\/product\\\/c8-generateur-deau-atmospherique-10-a-25-litres-deau-pure-par-jour\\\/\",\"url\":\"https:\\\/\\\/airdrink.fr\\\/product\\\/c8-generateur-deau-atmospherique-10-a-25-litres-deau-pure-par-jour\\\/\",\"name\":\"C8 G\u00e9n\u00e9rateur d'eau Atmosph\u00e9rique - 10 \u00e0 25 Litres d'eau pure par jour - AirDrink\",\"isPartOf\":{\"@id\":\"https:\\\/\\\/airdrink.fr\\\/#website\"},\"primaryImageOfPage\":{\"@id\":\"https:\\\/\\\/airdrink.fr\\\/product\\\/c8-generateur-deau-atmospherique-10-a-25-litres-deau-pure-par-jour\\\/#primaryimage\"},\"image\":{\"@id\":\"https:\\\/\\\/airdrink.fr\\\/product\\\/c8-generateur-deau-atmospherique-10-a-25-litres-deau-pure-par-jour\\\/#primaryimage\"},\"thumbnailUrl\":\"https:\\\/\\\/airdrink.fr\\\/wp-content\\\/uploads\\\/2017\\\/12\\\/C8-AIRDRINK.jpg\",\"datePublished\":\"2023-03-20T16:52:07+00:00\",\"dateModified\":\"2025-10-02T09:40:19+00:00\",\"breadcrumb\":{\"@id\":\"https:\\\/\\\/airdrink.fr\\\/product\\\/c8-generateur-deau-atmospherique-10-a-25-litres-deau-pure-par-jour\\\/#breadcrumb\"},\"inLanguage\":\"nl-NL\",\"potentialAction\":[{\"@type\":\"ReadAction\",\"target\":[\"https:\\\/\\\/airdrink.fr\\\/product\\\/c8-generateur-deau-atmospherique-10-a-25-litres-deau-pure-par-jour\\\/\"]}]},{\"@type\":\"ImageObject\",\"inLanguage\":\"nl-NL\",\"@id\":\"https:\\\/\\\/airdrink.fr\\\/product\\\/c8-generateur-deau-atmospherique-10-a-25-litres-deau-pure-par-jour\\\/#primaryimage\",\"url\":\"https:\\\/\\\/airdrink.fr\\\/wp-content\\\/uploads\\\/2017\\\/12\\\/C8-AIRDRINK.jpg\",\"contentUrl\":\"https:\\\/\\\/airdrink.fr\\\/wp-content\\\/uploads\\\/2017\\\/12\\\/C8-AIRDRINK.jpg\",\"width\":245,\"height\":418},{\"@type\":\"BreadcrumbList\",\"@id\":\"https:\\\/\\\/airdrink.fr\\\/product\\\/c8-generateur-deau-atmospherique-10-a-25-litres-deau-pure-par-jour\\\/#breadcrumb\",\"itemListElement\":[{\"@type\":\"ListItem\",\"position\":1,\"name\":\"Accueil\",\"item\":\"https:\\\/\\\/airdrink.fr\\\/\"},{\"@type\":\"ListItem\",\"position\":2,\"name\":\"Boutique\",\"item\":\"https:\\\/\\\/airdrink.fr\\\/boutique\\\/\"},{\"@type\":\"ListItem\",\"position\":3,\"name\":\"C8 G\u00e9n\u00e9rateur d&rsquo;eau Atmosph\u00e9rique &#8211; 10 \u00e0 25 Litres d&rsquo;eau pure par jour\"}]},{\"@type\":\"WebSite\",\"@id\":\"https:\\\/\\\/airdrink.fr\\\/#website\",\"url\":\"https:\\\/\\\/airdrink.fr\\\/\",\"name\":\"AirDrink - de l'eau \u00e0 partir de l'air !\",\"description\":\"Airdrink, de l'eau &agrave; partir de l'air !\",\"publisher\":{\"@id\":\"https:\\\/\\\/airdrink.fr\\\/#organization\"},\"potentialAction\":[{\"@type\":\"SearchAction\",\"target\":{\"@type\":\"EntryPoint\",\"urlTemplate\":\"https:\\\/\\\/airdrink.fr\\\/?s={search_term_string}\"},\"query-input\":{\"@type\":\"PropertyValueSpecification\",\"valueRequired\":true,\"valueName\":\"search_term_string\"}}],\"inLanguage\":\"nl-NL\"},{\"@type\":\"Organization\",\"@id\":\"https:\\\/\\\/airdrink.fr\\\/#organization\",\"name\":\"AirDrink - de l'eau \u00e0 partir de l'air !\",\"url\":\"https:\\\/\\\/airdrink.fr\\\/\",\"logo\":{\"@type\":\"ImageObject\",\"inLanguage\":\"nl-NL\",\"@id\":\"https:\\\/\\\/airdrink.fr\\\/#\\\/schema\\\/logo\\\/image\\\/\",\"url\":\"https:\\\/\\\/airdrink.fr\\\/wp-content\\\/uploads\\\/2023\\\/03\\\/cropped-logo-Airdrink-plus-HD-v1-3-300x203-1.png\",\"contentUrl\":\"https:\\\/\\\/airdrink.fr\\\/wp-content\\\/uploads\\\/2023\\\/03\\\/cropped-logo-Airdrink-plus-HD-v1-3-300x203-1.png\",\"width\":300,\"height\":128,\"caption\":\"AirDrink - de l'eau \u00e0 partir de l'air !\"},\"image\":{\"@id\":\"https:\\\/\\\/airdrink.fr\\\/#\\\/schema\\\/logo\\\/image\\\/\"},\"sameAs\":[\"https:\\\/\\\/www.facebook.com\\\/airdrinkFrance\\\/\",\"https:\\\/\\\/www.linkedin.com\\\/company\\\/pgsoft\",\"https:\\\/\\\/www.youtube.com\\\/channel\\\/UCV0fIuMlZQZElbCWK93RP9A\"]}]}<\/script>\n<!-- \/ Yoast SEO plugin. -->","yoast_head_json":{"title":"C8 Atmosferische Water Generator - 10 tot 25 liter zuiver water per dag - AirDrink","robots":{"index":"index","follow":"follow","max-snippet":"max-snippet:-1","max-image-preview":"max-image-preview:large","max-video-preview":"max-video-preview:-1"},"canonical":"https:\/\/airdrink.fr\/nl\/product\/c8-atmosferische-water-generator-10-een-25-liter-zuiver-water-per-dag\/","og_locale":"nl_NL","og_type":"article","og_title":"C8 G\u00e9n\u00e9rateur d'eau Atmosph\u00e9rique - 10 \u00e0 25 Litres d'eau pure par jour - AirDrink","og_description":"Le C8 est le mod\u00e8le phare de la gamme, il a fait ses preuves depuis plus de 15 ans et est l'un des g\u00e9n\u00e9rateurs d'eau atmosph\u00e9rique les plus r\u00e9pandu sur le march\u00e9 Contactez nous, il est toujours en stock chez nous vous pourrez donc en obtenir tr\u00e8s rapidement ! Plus d'informations sur le C8","og_url":"https:\/\/airdrink.fr\/nl\/product\/c8-atmosferische-water-generator-10-een-25-liter-zuiver-water-per-dag\/","og_site_name":"AirDrink","article_publisher":"https:\/\/www.facebook.com\/airdrinkFrance\/","article_modified_time":"2025-10-02T09:40:19+00:00","og_image":[{"width":245,"height":418,"url":"https:\/\/airdrink.fr\/wp-content\/uploads\/2017\/12\/C8-AIRDRINK.jpg","type":"image\/jpeg"}],"twitter_card":"summary_large_image","twitter_misc":{"Geschatte leestijd":"1 minuut"},"schema":{"@context":"https:\/\/schema.org","@graph":[{"@type":"WebPage","@id":"https:\/\/airdrink.fr\/product\/c8-generateur-deau-atmospherique-10-a-25-litres-deau-pure-par-jour\/","url":"https:\/\/airdrink.fr\/product\/c8-generateur-deau-atmospherique-10-a-25-litres-deau-pure-par-jour\/","name":"C8 Atmosferische Water Generator - 10 tot 25 liter zuiver water per dag - AirDrink","isPartOf":{"@id":"https:\/\/airdrink.fr\/#website"},"primaryImageOfPage":{"@id":"https:\/\/airdrink.fr\/product\/c8-generateur-deau-atmospherique-10-a-25-litres-deau-pure-par-jour\/#primaryimage"},"image":{"@id":"https:\/\/airdrink.fr\/product\/c8-generateur-deau-atmospherique-10-a-25-litres-deau-pure-par-jour\/#primaryimage"},"thumbnailUrl":"https:\/\/airdrink.fr\/wp-content\/uploads\/2017\/12\/C8-AIRDRINK.jpg","datePublished":"2023-03-20T16:52:07+00:00","dateModified":"2025-10-02T09:40:19+00:00","breadcrumb":{"@id":"https:\/\/airdrink.fr\/product\/c8-generateur-deau-atmospherique-10-a-25-litres-deau-pure-par-jour\/#breadcrumb"},"inLanguage":"nl-NL","potentialAction":[{"@type":"ReadAction","target":["https:\/\/airdrink.fr\/product\/c8-generateur-deau-atmospherique-10-a-25-litres-deau-pure-par-jour\/"]}]},{"@type":"ImageObject","inLanguage":"nl-NL","@id":"https:\/\/airdrink.fr\/product\/c8-generateur-deau-atmospherique-10-a-25-litres-deau-pure-par-jour\/#primaryimage","url":"https:\/\/airdrink.fr\/wp-content\/uploads\/2017\/12\/C8-AIRDRINK.jpg","contentUrl":"https:\/\/airdrink.fr\/wp-content\/uploads\/2017\/12\/C8-AIRDRINK.jpg","width":245,"height":418},{"@type":"BreadcrumbList","@id":"https:\/\/airdrink.fr\/product\/c8-generateur-deau-atmospherique-10-a-25-litres-deau-pure-par-jour\/#breadcrumb","itemListElement":[{"@type":"ListItem","position":1,"name":"Accueil","item":"https:\/\/airdrink.fr\/"},{"@type":"ListItem","position":2,"name":"Boutique","item":"https:\/\/airdrink.fr\/boutique\/"},{"@type":"ListItem","position":3,"name":"C8 G\u00e9n\u00e9rateur d&rsquo;eau Atmosph\u00e9rique &#8211; 10 \u00e0 25 Litres d&rsquo;eau pure par jour"}]},{"@type":"WebSite","@id":"https:\/\/airdrink.fr\/#website","url":"https:\/\/airdrink.fr\/","name":"AirDrink - water uit lucht!","description":"Airdrink, water uit de lucht!","publisher":{"@id":"https:\/\/airdrink.fr\/#organization"},"potentialAction":[{"@type":"SearchAction","target":{"@type":"EntryPoint","urlTemplate":"https:\/\/airdrink.fr\/?s={search_term_string}"},"query-input":{"@type":"PropertyValueSpecification","valueRequired":true,"valueName":"search_term_string"}}],"inLanguage":"nl-NL"},{"@type":"Organization","@id":"https:\/\/airdrink.fr\/#organization","name":"AirDrink - water uit lucht!","url":"https:\/\/airdrink.fr\/","logo":{"@type":"ImageObject","inLanguage":"nl-NL","@id":"https:\/\/airdrink.fr\/#\/schema\/logo\/image\/","url":"https:\/\/airdrink.fr\/wp-content\/uploads\/2023\/03\/cropped-logo-Airdrink-plus-HD-v1-3-300x203-1.png","contentUrl":"https:\/\/airdrink.fr\/wp-content\/uploads\/2023\/03\/cropped-logo-Airdrink-plus-HD-v1-3-300x203-1.png","width":300,"height":128,"caption":"AirDrink - de l'eau \u00e0 partir de l'air !"},"image":{"@id":"https:\/\/airdrink.fr\/#\/schema\/logo\/image\/"},"sameAs":["https:\/\/www.facebook.com\/airdrinkFrance\/","https:\/\/www.linkedin.com\/company\/pgsoft","https:\/\/www.youtube.com\/channel\/UCV0fIuMlZQZElbCWK93RP9A"]}]}},"_links":{"self":[{"href":"https:\/\/airdrink.fr\/nl\/wp-json\/wp\/v2\/product\/2046","targetHints":{"allow":["GET"]}}],"collection":[{"href":"https:\/\/airdrink.fr\/nl\/wp-json\/wp\/v2\/product"}],"about":[{"href":"https:\/\/airdrink.fr\/nl\/wp-json\/wp\/v2\/types\/product"}],"version-history":[{"count":0,"href":"https:\/\/airdrink.fr\/nl\/wp-json\/wp\/v2\/product\/2046\/revisions"}],"wp:featuredmedia":[{"embeddable":true,"href":"https:\/\/airdrink.fr\/nl\/wp-json\/wp\/v2\/media\/2354"}],"wp:attachment":[{"href":"https:\/\/airdrink.fr\/nl\/wp-json\/wp\/v2\/media?parent=2046"}],"wp:term":[{"taxonomy":"product_brand","embeddable":true,"href":"https:\/\/airdrink.fr\/nl\/wp-json\/wp\/v2\/product_brand?post=2046"},{"taxonomy":"product_cat","embeddable":true,"href":"https:\/\/airdrink.fr\/nl\/wp-json\/wp\/v2\/product_cat?post=2046"},{"taxonomy":"product_tag","embeddable":true,"href":"https:\/\/airdrink.fr\/nl\/wp-json\/wp\/v2\/product_tag?post=2046"}],"curies":[{"name":"wp","href":"https:\/\/api.w.org\/{rel}","templated":true}]}}