{"id":3133,"date":"2025-04-17T13:41:12","date_gmt":"2025-04-17T11:41:12","guid":{"rendered":"https:\/\/airdrink.fr\/?post_type=product&#038;p=3133"},"modified":"2025-10-23T19:35:24","modified_gmt":"2025-10-23T17:35:24","slug":"watergenerator-voor-planten-en-dieren-250-liter-per-dag","status":"publish","type":"product","link":"https:\/\/airdrink.fr\/nl\/product\/generateur-deau-pour-plantes-et-animaux-250-litres-par-jour\/","title":{"rendered":"D250 Watergenerator voor planten, groenten en dieren 250 liter per dag"},"content":{"rendered":"<div class=\"wpb-content-wrapper\"><div class=\"vc_row wpb_row vc_row-fluid shape_divider_top-none shape_divider_bottom-none\"><div class=\"wpb_column vc_column_container vc_col-sm-12 sc_layouts_column_icons_position_left\"><div class=\"vc_column-inner\"><div class=\"wpb_wrapper\">\n\t<div class=\"wpb_text_column wpb_content_element\" >\n\t\t<div class=\"wpb_wrapper\">\n\t\t\t<h5><span style=\"color: #3366ff;\">Niet-gepotabiliseerd water voor planten en\/of dieren<\/span><\/h5>\n<h6>Je hebt water nodig dat niet per se drinkbaar is:<\/h6>\n<ul>\n<li>\n<h6>Planten die je dierbaar zijn water geven of een kas, fruit en groenten van water voorzien<\/h6>\n<\/li>\n<li>\n<h6>Watergeiten, paarden, schapen enz...<\/h6>\n<\/li>\n<li>\n<h6>Maak je geen zorgen over prefectorale waterbeperkingsbesluiten (je zult er geen last van hebben)<\/h6>\n<\/li>\n<li>\n<h6>Omgaan met verdamping uit je zwembad, zelfs in zeer droge periodes<\/h6>\n<\/li>\n<\/ul>\n<h5>Deze generator voor onbehandeld water is voor jou!<\/h5>\n<h5>Dit is ons grootste eenfasemodel.<\/h5>\n<h5>Dit zijn de functies:<\/h5>\n<h6>Nominale productie bij 27\u00b0C en 60% luchtvochtigheid: 250 liter per dag<br \/>\n220V\/50Hz eenfasige voeding<br \/>\nLaag energieverbruik: <strong>minder dan 3 KWh<\/strong><br \/>\nGeluidsniveau op 1 meter: 65 db<br \/>\nCE-gecertificeerd -Gewicht: 165 kg<br \/>\nKoelmiddel R 410A-uitlaatpijp<br \/>\nBedrijfstemperatuur: 15\u00b0C tot 38\u00b0C<br \/>\n24 maanden garantie<br \/>\nAfmetingen: 1050*450*1710 mm<\/h6>\n\n\t\t<\/div>\n\t<\/div>\n<\/div><\/div><\/div><\/div><div class=\"vc_row wpb_row vc_row-fluid shape_divider_top-none shape_divider_bottom-none\"><div class=\"wpb_column vc_column_container vc_col-sm-12 sc_layouts_column_icons_position_left\"><div class=\"vc_column-inner\"><div class=\"wpb_wrapper\"><div id=\"sc_title_826780451\"\n\t\tclass=\"sc_title sc_title_default\"><span class=\"sc_item_subtitle sc_title_subtitle sc_align_left sc_item_subtitle_above sc_item_title_style_default\">D250 <\/span><h2 class=\"sc_item_title sc_title_title sc_align_left sc_item_title_style_default\"><span class=\"sc_item_title_text\">D250 Water uit de lucht voor planten en dieren<\/span><\/h2><div class=\"sc_item_descr sc_title_descr sc_align_left\"><p>Produceert water voor tuinders, kassen en dieren<\/p>\n<\/div><\/div><!-- \/.sc_title --><\/div><\/div><\/div><\/div>\n<\/div>","protected":false},"excerpt":{"rendered":"<p><span style=\"color: #000000;\"><strong>Geef je planten water door de luchtvochtigheid!<\/strong><\/span><\/p>\n<p><span style=\"color: #3366ff;\"><strong>Eenvoudig aan te sluiten op het lichtnet of een fotovolta\u00efsch systeem<\/strong><\/span><\/p>\n<p>Als je een tuinder bent in de PACA-regio, zijn er een aantal subsidies beschikbaar...<\/p>","protected":false},"featured_media":3134,"template":"","meta":{"_angie_page":false},"product_brand":[],"product_cat":[3585,3587],"product_tag":[],"class_list":{"0":"post-3133","1":"product","2":"type-product","3":"status-publish","4":"has-post-thumbnail","6":"product_cat-produire-son-eau","7":"product_cat-pour-les-plantes-et-les-animaux","9":"first","10":"instock","11":"sale","12":"taxable","13":"shipping-taxable","14":"purchasable","15":"product-type-simple"},"bundled_by":[],"bundle_stock_status":"instock","bundle_stock_quantity":null,"bundle_virtual":false,"bundle_layout":"","bundle_add_to_cart_form_location":"","bundle_editable_in_cart":false,"bundle_sold_individually_context":"","bundle_item_grouping":"","bundle_min_size":"","bundle_max_size":"","bundle_price":[],"bundled_items":[],"bundle_sell_ids":[],"yoast_head":"<!-- This site is optimized with the Yoast SEO plugin v27.5 - https:\/\/yoast.com\/product\/yoast-seo-wordpress\/ -->\n<title>D250 G\u00e9n\u00e9rateur d&#039;eau pour Plantes, mara\u00eechage et Animaux 250 litres par jour - AirDrink<\/title>\n<meta name=\"robots\" content=\"index, follow, max-snippet:-1, max-image-preview:large, max-video-preview:-1\" \/>\n<link rel=\"canonical\" href=\"https:\/\/airdrink.fr\/nl\/product\/watergenerator-voor-planten-en-dieren-250-liter-per-dag\/\" \/>\n<meta property=\"og:locale\" content=\"nl_NL\" \/>\n<meta property=\"og:type\" content=\"article\" \/>\n<meta property=\"og:title\" content=\"D250 G\u00e9n\u00e9rateur d&#039;eau pour Plantes, mara\u00eechage et Animaux 250 litres par jour - AirDrink\" \/>\n<meta property=\"og:description\" content=\"Une eau pour arroser vos plantes \u00e0 partir de l&#039;humidit\u00e9 de l&#039;air !  Il suffit de brancher au secteur ou \u00e0 un syst\u00e8me photovolta\u00efque  Si vous \u00eates maraicher en R\u00e9gion PACA , des aides \u00e0 l&#039;acquisition sont disponibles...\" \/>\n<meta property=\"og:url\" content=\"https:\/\/airdrink.fr\/nl\/product\/watergenerator-voor-planten-en-dieren-250-liter-per-dag\/\" \/>\n<meta property=\"og:site_name\" content=\"AirDrink\" \/>\n<meta property=\"article:publisher\" content=\"https:\/\/www.facebook.com\/airdrinkFrance\/\" \/>\n<meta property=\"article:modified_time\" content=\"2025-10-23T17:35:24+00:00\" \/>\n<meta property=\"og:image\" content=\"https:\/\/airdrink.fr\/wp-content\/uploads\/2025\/04\/AIRDRINK-DJD-500P-2.jpg\" \/>\n\t<meta property=\"og:image:width\" content=\"225\" \/>\n\t<meta property=\"og:image:height\" content=\"245\" \/>\n\t<meta property=\"og:image:type\" content=\"image\/jpeg\" \/>\n<meta name=\"twitter:card\" content=\"summary_large_image\" \/>\n<meta name=\"twitter:label1\" content=\"Geschatte leestijd\" \/>\n\t<meta name=\"twitter:data1\" content=\"1 minuut\" \/>\n<script type=\"application\/ld+json\" class=\"yoast-schema-graph\">{\"@context\":\"https:\\\/\\\/schema.org\",\"@graph\":[{\"@type\":\"WebPage\",\"@id\":\"https:\\\/\\\/airdrink.fr\\\/product\\\/generateur-deau-pour-plantes-et-animaux-250-litres-par-jour\\\/\",\"url\":\"https:\\\/\\\/airdrink.fr\\\/product\\\/generateur-deau-pour-plantes-et-animaux-250-litres-par-jour\\\/\",\"name\":\"D250 G\u00e9n\u00e9rateur d'eau pour Plantes, mara\u00eechage et Animaux 250 litres par jour - AirDrink\",\"isPartOf\":{\"@id\":\"https:\\\/\\\/airdrink.fr\\\/#website\"},\"primaryImageOfPage\":{\"@id\":\"https:\\\/\\\/airdrink.fr\\\/product\\\/generateur-deau-pour-plantes-et-animaux-250-litres-par-jour\\\/#primaryimage\"},\"image\":{\"@id\":\"https:\\\/\\\/airdrink.fr\\\/product\\\/generateur-deau-pour-plantes-et-animaux-250-litres-par-jour\\\/#primaryimage\"},\"thumbnailUrl\":\"https:\\\/\\\/airdrink.fr\\\/wp-content\\\/uploads\\\/2025\\\/04\\\/AIRDRINK-DJD-500P-2.jpg\",\"datePublished\":\"2025-04-17T11:41:12+00:00\",\"dateModified\":\"2025-10-23T17:35:24+00:00\",\"breadcrumb\":{\"@id\":\"https:\\\/\\\/airdrink.fr\\\/product\\\/generateur-deau-pour-plantes-et-animaux-250-litres-par-jour\\\/#breadcrumb\"},\"inLanguage\":\"nl-NL\",\"potentialAction\":[{\"@type\":\"ReadAction\",\"target\":[\"https:\\\/\\\/airdrink.fr\\\/product\\\/generateur-deau-pour-plantes-et-animaux-250-litres-par-jour\\\/\"]}]},{\"@type\":\"ImageObject\",\"inLanguage\":\"nl-NL\",\"@id\":\"https:\\\/\\\/airdrink.fr\\\/product\\\/generateur-deau-pour-plantes-et-animaux-250-litres-par-jour\\\/#primaryimage\",\"url\":\"https:\\\/\\\/airdrink.fr\\\/wp-content\\\/uploads\\\/2025\\\/04\\\/AIRDRINK-DJD-500P-2.jpg\",\"contentUrl\":\"https:\\\/\\\/airdrink.fr\\\/wp-content\\\/uploads\\\/2025\\\/04\\\/AIRDRINK-DJD-500P-2.jpg\",\"width\":225,\"height\":245},{\"@type\":\"BreadcrumbList\",\"@id\":\"https:\\\/\\\/airdrink.fr\\\/product\\\/generateur-deau-pour-plantes-et-animaux-250-litres-par-jour\\\/#breadcrumb\",\"itemListElement\":[{\"@type\":\"ListItem\",\"position\":1,\"name\":\"Accueil\",\"item\":\"https:\\\/\\\/airdrink.fr\\\/\"},{\"@type\":\"ListItem\",\"position\":2,\"name\":\"Boutique\",\"item\":\"https:\\\/\\\/airdrink.fr\\\/boutique\\\/\"},{\"@type\":\"ListItem\",\"position\":3,\"name\":\"D250 G\u00e9n\u00e9rateur d&rsquo;eau pour Plantes, mara\u00eechage et Animaux 250 litres par jour\"}]},{\"@type\":\"WebSite\",\"@id\":\"https:\\\/\\\/airdrink.fr\\\/#website\",\"url\":\"https:\\\/\\\/airdrink.fr\\\/\",\"name\":\"AirDrink - de l'eau \u00e0 partir de l'air !\",\"description\":\"Airdrink, de l'eau &agrave; partir de l'air !\",\"publisher\":{\"@id\":\"https:\\\/\\\/airdrink.fr\\\/#organization\"},\"potentialAction\":[{\"@type\":\"SearchAction\",\"target\":{\"@type\":\"EntryPoint\",\"urlTemplate\":\"https:\\\/\\\/airdrink.fr\\\/?s={search_term_string}\"},\"query-input\":{\"@type\":\"PropertyValueSpecification\",\"valueRequired\":true,\"valueName\":\"search_term_string\"}}],\"inLanguage\":\"nl-NL\"},{\"@type\":\"Organization\",\"@id\":\"https:\\\/\\\/airdrink.fr\\\/#organization\",\"name\":\"AirDrink - de l'eau \u00e0 partir de l'air !\",\"url\":\"https:\\\/\\\/airdrink.fr\\\/\",\"logo\":{\"@type\":\"ImageObject\",\"inLanguage\":\"nl-NL\",\"@id\":\"https:\\\/\\\/airdrink.fr\\\/#\\\/schema\\\/logo\\\/image\\\/\",\"url\":\"https:\\\/\\\/airdrink.fr\\\/wp-content\\\/uploads\\\/2023\\\/03\\\/cropped-logo-Airdrink-plus-HD-v1-3-300x203-1.png\",\"contentUrl\":\"https:\\\/\\\/airdrink.fr\\\/wp-content\\\/uploads\\\/2023\\\/03\\\/cropped-logo-Airdrink-plus-HD-v1-3-300x203-1.png\",\"width\":300,\"height\":128,\"caption\":\"AirDrink - de l'eau \u00e0 partir de l'air !\"},\"image\":{\"@id\":\"https:\\\/\\\/airdrink.fr\\\/#\\\/schema\\\/logo\\\/image\\\/\"},\"sameAs\":[\"https:\\\/\\\/www.facebook.com\\\/airdrinkFrance\\\/\",\"https:\\\/\\\/www.linkedin.com\\\/company\\\/pgsoft\",\"https:\\\/\\\/www.youtube.com\\\/channel\\\/UCV0fIuMlZQZElbCWK93RP9A\"]}]}<\/script>\n<!-- \/ Yoast SEO plugin. -->","yoast_head_json":{"title":"D250 Watergenerator voor planten, groenten en dieren 250 liter per dag - AirDrink","robots":{"index":"index","follow":"follow","max-snippet":"max-snippet:-1","max-image-preview":"max-image-preview:large","max-video-preview":"max-video-preview:-1"},"canonical":"https:\/\/airdrink.fr\/nl\/product\/watergenerator-voor-planten-en-dieren-250-liter-per-dag\/","og_locale":"nl_NL","og_type":"article","og_title":"D250 G\u00e9n\u00e9rateur d'eau pour Plantes, mara\u00eechage et Animaux 250 litres par jour - AirDrink","og_description":"Une eau pour arroser vos plantes \u00e0 partir de l'humidit\u00e9 de l'air !  Il suffit de brancher au secteur ou \u00e0 un syst\u00e8me photovolta\u00efque  Si vous \u00eates maraicher en R\u00e9gion PACA , des aides \u00e0 l'acquisition sont disponibles...","og_url":"https:\/\/airdrink.fr\/nl\/product\/watergenerator-voor-planten-en-dieren-250-liter-per-dag\/","og_site_name":"AirDrink","article_publisher":"https:\/\/www.facebook.com\/airdrinkFrance\/","article_modified_time":"2025-10-23T17:35:24+00:00","og_image":[{"width":225,"height":245,"url":"https:\/\/airdrink.fr\/wp-content\/uploads\/2025\/04\/AIRDRINK-DJD-500P-2.jpg","type":"image\/jpeg"}],"twitter_card":"summary_large_image","twitter_misc":{"Geschatte leestijd":"1 minuut"},"schema":{"@context":"https:\/\/schema.org","@graph":[{"@type":"WebPage","@id":"https:\/\/airdrink.fr\/product\/generateur-deau-pour-plantes-et-animaux-250-litres-par-jour\/","url":"https:\/\/airdrink.fr\/product\/generateur-deau-pour-plantes-et-animaux-250-litres-par-jour\/","name":"D250 Watergenerator voor planten, groenten en dieren 250 liter per dag - AirDrink","isPartOf":{"@id":"https:\/\/airdrink.fr\/#website"},"primaryImageOfPage":{"@id":"https:\/\/airdrink.fr\/product\/generateur-deau-pour-plantes-et-animaux-250-litres-par-jour\/#primaryimage"},"image":{"@id":"https:\/\/airdrink.fr\/product\/generateur-deau-pour-plantes-et-animaux-250-litres-par-jour\/#primaryimage"},"thumbnailUrl":"https:\/\/airdrink.fr\/wp-content\/uploads\/2025\/04\/AIRDRINK-DJD-500P-2.jpg","datePublished":"2025-04-17T11:41:12+00:00","dateModified":"2025-10-23T17:35:24+00:00","breadcrumb":{"@id":"https:\/\/airdrink.fr\/product\/generateur-deau-pour-plantes-et-animaux-250-litres-par-jour\/#breadcrumb"},"inLanguage":"nl-NL","potentialAction":[{"@type":"ReadAction","target":["https:\/\/airdrink.fr\/product\/generateur-deau-pour-plantes-et-animaux-250-litres-par-jour\/"]}]},{"@type":"ImageObject","inLanguage":"nl-NL","@id":"https:\/\/airdrink.fr\/product\/generateur-deau-pour-plantes-et-animaux-250-litres-par-jour\/#primaryimage","url":"https:\/\/airdrink.fr\/wp-content\/uploads\/2025\/04\/AIRDRINK-DJD-500P-2.jpg","contentUrl":"https:\/\/airdrink.fr\/wp-content\/uploads\/2025\/04\/AIRDRINK-DJD-500P-2.jpg","width":225,"height":245},{"@type":"BreadcrumbList","@id":"https:\/\/airdrink.fr\/product\/generateur-deau-pour-plantes-et-animaux-250-litres-par-jour\/#breadcrumb","itemListElement":[{"@type":"ListItem","position":1,"name":"Accueil","item":"https:\/\/airdrink.fr\/"},{"@type":"ListItem","position":2,"name":"Boutique","item":"https:\/\/airdrink.fr\/boutique\/"},{"@type":"ListItem","position":3,"name":"D250 G\u00e9n\u00e9rateur d&rsquo;eau pour Plantes, mara\u00eechage et Animaux 250 litres par jour"}]},{"@type":"WebSite","@id":"https:\/\/airdrink.fr\/#website","url":"https:\/\/airdrink.fr\/","name":"AirDrink - water uit lucht!","description":"Airdrink, water uit de lucht!","publisher":{"@id":"https:\/\/airdrink.fr\/#organization"},"potentialAction":[{"@type":"SearchAction","target":{"@type":"EntryPoint","urlTemplate":"https:\/\/airdrink.fr\/?s={search_term_string}"},"query-input":{"@type":"PropertyValueSpecification","valueRequired":true,"valueName":"search_term_string"}}],"inLanguage":"nl-NL"},{"@type":"Organization","@id":"https:\/\/airdrink.fr\/#organization","name":"AirDrink - water uit lucht!","url":"https:\/\/airdrink.fr\/","logo":{"@type":"ImageObject","inLanguage":"nl-NL","@id":"https:\/\/airdrink.fr\/#\/schema\/logo\/image\/","url":"https:\/\/airdrink.fr\/wp-content\/uploads\/2023\/03\/cropped-logo-Airdrink-plus-HD-v1-3-300x203-1.png","contentUrl":"https:\/\/airdrink.fr\/wp-content\/uploads\/2023\/03\/cropped-logo-Airdrink-plus-HD-v1-3-300x203-1.png","width":300,"height":128,"caption":"AirDrink - de l'eau \u00e0 partir de l'air !"},"image":{"@id":"https:\/\/airdrink.fr\/#\/schema\/logo\/image\/"},"sameAs":["https:\/\/www.facebook.com\/airdrinkFrance\/","https:\/\/www.linkedin.com\/company\/pgsoft","https:\/\/www.youtube.com\/channel\/UCV0fIuMlZQZElbCWK93RP9A"]}]}},"_links":{"self":[{"href":"https:\/\/airdrink.fr\/nl\/wp-json\/wp\/v2\/product\/3133","targetHints":{"allow":["GET"]}}],"collection":[{"href":"https:\/\/airdrink.fr\/nl\/wp-json\/wp\/v2\/product"}],"about":[{"href":"https:\/\/airdrink.fr\/nl\/wp-json\/wp\/v2\/types\/product"}],"version-history":[{"count":0,"href":"https:\/\/airdrink.fr\/nl\/wp-json\/wp\/v2\/product\/3133\/revisions"}],"wp:featuredmedia":[{"embeddable":true,"href":"https:\/\/airdrink.fr\/nl\/wp-json\/wp\/v2\/media\/3134"}],"wp:attachment":[{"href":"https:\/\/airdrink.fr\/nl\/wp-json\/wp\/v2\/media?parent=3133"}],"wp:term":[{"taxonomy":"product_brand","embeddable":true,"href":"https:\/\/airdrink.fr\/nl\/wp-json\/wp\/v2\/product_brand?post=3133"},{"taxonomy":"product_cat","embeddable":true,"href":"https:\/\/airdrink.fr\/nl\/wp-json\/wp\/v2\/product_cat?post=3133"},{"taxonomy":"product_tag","embeddable":true,"href":"https:\/\/airdrink.fr\/nl\/wp-json\/wp\/v2\/product_tag?post=3133"}],"curies":[{"name":"wp","href":"https:\/\/api.w.org\/{rel}","templated":true}]}}