{"id":107,"date":"2017-12-14T08:50:41","date_gmt":"2017-12-14T07:50:41","guid":{"rendered":"https:\/\/airdrink.fr\/?page_id=107"},"modified":"2025-09-04T10:05:20","modified_gmt":"2025-09-04T08:05:20","slug":"faq","status":"publish","type":"page","link":"https:\/\/airdrink.fr\/pt\/faq\/","title":{"rendered":"FAQ"},"content":{"rendered":"<div class=\"wpb-content-wrapper\"><div data-vc-full-width=\"true\" data-vc-full-width-temp=\"true\" data-vc-full-width-init=\"false\" class=\"vc_row wpb_row vc_row-fluid shape_divider_top-none shape_divider_bottom-none\"><div class=\"wpb_column vc_column_container vc_col-sm-4 sc_layouts_column_icons_position_left\"><div class=\"vc_column-inner\"><div class=\"wpb_wrapper\"><div class=\"vc_empty_space  sc_height_medium\"   style=\"height: 32px\"><span class=\"vc_empty_space_inner\"><\/span><\/div><div id=\"sc_title_490758220\"\n\t\tclass=\"sc_title sc_title_default\"><h2 class=\"sc_item_title sc_title_title sc_align_left sc_item_title_style_default\"><span class=\"sc_item_title_text\">Comparar modelos<\/span><\/h2><div class=\"sc_item_descr sc_title_descr sc_align_left\"><p>Queremos fornecer-lhe a melhor solu\u00e7\u00e3o poss\u00edvel para as suas necessidades, por isso compare!<\/p>\n<\/div><div class=\"sc_item_button sc_button_wrap sc_align_left\"><a href=\"\/pt\/comparar-geradores-de-agua-atmosferica\/\" id=\"sc_button_1904046129\" class=\"sc_button sc_button_default sc_item_button sc_item_button_default sc_title_button sc_button_size_normal sc_button_icon_left\"><span class=\"sc_button_text\"><span class=\"sc_button_title\">Comparar modelos<\/span><\/span><!-- \/.sc_button_text --><\/a><!-- \/.sc_button --><\/div><!-- \/.sc_item_button --><\/div><!-- \/.sc_title --><div id=\"sc_title_151546381\"\n\t\tclass=\"sc_title sc_title_default\"><span class=\"sc_item_subtitle sc_title_subtitle sc_align_left sc_item_subtitle_above sc_item_title_style_default\">para o ajudar<\/span><h2 class=\"sc_item_title sc_title_title sc_align_left sc_item_title_style_default\"><span class=\"sc_item_title_text\">Perguntas mais frequentes<\/span><\/h2><div class=\"sc_item_descr sc_title_descr sc_align_left\"><p>A nossa miss\u00e3o \u00e9 fornecer acesso a \u00e1gua segura, de baixo custo e sustent\u00e1vel em locais onde n\u00e3o h\u00e1 acesso a \u00e1gua ou energia.<\/p>\n<\/div><div class=\"sc_item_button sc_button_wrap sc_align_left\"><a href=\"\/pt\/contacto\/\" id=\"sc_button_2102159229\" class=\"sc_button sc_button_default sc_item_button sc_item_button_default sc_title_button sc_button_size_normal sc_button_icon_left\"><span class=\"sc_button_text\"><span class=\"sc_button_title\">Contacte-nos<\/span><\/span><!-- \/.sc_button_text --><\/a><!-- \/.sc_button --><\/div><!-- \/.sc_item_button --><\/div><!-- \/.sc_title --><div class=\"vc_empty_space  sc_height_tiny\"   style=\"height: 32px\"><span class=\"vc_empty_space_inner\"><\/span><\/div><\/div><\/div><\/div><div class=\"wpb_column vc_column_container vc_col-sm-8 sc_layouts_column_icons_position_left\"><div class=\"vc_column-inner\"><div class=\"wpb_wrapper\"><div id=\"sc_content_399977069\"\n\t\tclass=\"sc_content sc_content_default sc_float_center add_shadow  vc_custom_1545256880849\"><div class=\"sc_content_container\"><div  class=\"vc_do_toggle vc_toggle vc_toggle_arrow vc_toggle_color_default  vc_toggle_size_sm vc_toggle_active\"><div class=\"vc_toggle_title\"><h6 style=\"font-size: 1.22em;text-align: left\" class=\"vc_custom_heading vc_do_custom_heading\" >Parece bom demais para ser verdade - ser\u00e1 que estas m\u00e1quinas produzem realmente \u00e1gua a partir do ar?<\/h6><i class=\"vc_toggle_icon\"><\/i><\/div><div class=\"vc_toggle_content\"><p style=\"margin-top: 0cm;\">As nossas unidades geram \u00e1gua pot\u00e1vel fresca e mineralizada a partir da humidade do ar - zero toxinas e zero subprodutos. As nossas m\u00e1quinas s\u00e3o armazenadas em Fran\u00e7a e n\u00e3o s\u00e3o prot\u00f3tipos. Com excep\u00e7\u00e3o do modelo C3, os outros modelos da gama existem h\u00e1 mais de 10 anos e est\u00e3o constantemente a ser melhorados.<\/p>\n<\/div><\/div><div  class=\"vc_do_toggle vc_toggle vc_toggle_arrow vc_toggle_color_default  vc_toggle_size_sm\"><div class=\"vc_toggle_title\"><h6 style=\"font-size: 1.22em;text-align: left\" class=\"vc_custom_heading vc_do_custom_heading\" >Com tanta polui\u00e7\u00e3o no ar, ser\u00e1 que a \u00e1gua do Gerador de Bebidas de Ar \u00e9 realmente segura para beber?<\/h6><i class=\"vc_toggle_icon\"><\/i><\/div><div class=\"vc_toggle_content\"><p style=\"margin-top: 0cm;\">Sim, a nossa \u00e1gua \u00e9 da mais alta qualidade - a polui\u00e7\u00e3o do ar n\u00e3o tem impacto na qualidade e limpeza da nossa \u00e1gua. A \u00e1gua \u00e9 pura para come\u00e7ar, porque est\u00e1 na nossa atmosfera sob a forma de vapor de \u00e1gua e \u00e9 depois condensada de g\u00e1s para l\u00edquido. O vapor de \u00e1gua \u00e9 aspirado atrav\u00e9s de um filtro de ar antes de ser tratado com ozono, infundido com minerais essenciais e tornado limpo e saud\u00e1vel com um sabor verdadeiramente refrescante.<\/p>\n<\/div><\/div><div  class=\"vc_do_toggle vc_toggle vc_toggle_arrow vc_toggle_color_default  vc_toggle_size_sm\"><div class=\"vc_toggle_title\"><h6 style=\"font-size: 1.22em;text-align: left\" class=\"vc_custom_heading vc_do_custom_heading\" >A extrac\u00e7\u00e3o da humidade do ar n\u00e3o prejudica a Atmosfera?<\/h6><i class=\"vc_toggle_icon\"><\/i><\/div><div class=\"vc_toggle_content\"><p>A atmosfera \u00e9 constantemente reabastecida pela \u00e1gua que evapora em massa para o ar e n\u00e3o seca. De facto, o Gerador Airdrink tem muito menos impacto no ambiente porque n\u00e3o atrai as \u00e1guas subterr\u00e2neas e outros recursos de \u00e1gua doce que podem estar esgotados ou contaminados a relativamente curto prazo.<\/p>\n<\/div><\/div><div  class=\"vc_do_toggle vc_toggle vc_toggle_arrow vc_toggle_color_default  vc_toggle_size_sm\"><div class=\"vc_toggle_title\"><h6 style=\"font-size: 1.22em;text-align: left\" class=\"vc_custom_heading vc_do_custom_heading\" >Como posso comprar uma m\u00e1quina AirDrink \/ DrinkableAir?<\/h6><i class=\"vc_toggle_icon\"><\/i><\/div><div class=\"vc_toggle_content\"><p style=\"margin: 0cm; margin-bottom: .0001pt;\">Todas as solu\u00e7\u00f5es propostas no s\u00edtio est\u00e3o em stock e podem ser encomendadas atrav\u00e9s do menu \"Loja\".<\/p>\n<\/div><\/div><div  class=\"vc_do_toggle vc_toggle vc_toggle_arrow vc_toggle_color_default  vc_toggle_size_sm\"><div class=\"vc_toggle_title\"><h6 style=\"font-size: 1.22em;text-align: left\" class=\"vc_custom_heading vc_do_custom_heading\" >Quais s\u00e3o os benef\u00edcios da \u00e1gua atmosf\u00e9rica produzida por um Gerador de Bebidas de Ar?<\/h6><i class=\"vc_toggle_icon\"><\/i><\/div><div class=\"vc_toggle_content\"><p style=\"margin-top: 0cm;\">A utiliza\u00e7\u00e3o das nossas unidades coloca a sua sa\u00fade e a sa\u00fade do nosso planeta em primeiro lugar, evitando contaminantes nocivos da \u00e1gua pot\u00e1vel e pl\u00e1sticos de utiliza\u00e7\u00e3o \u00fanica.<br \/>\nAs nossas unidades oferecem a vantagem de produzir \u00e1gua de alta qualidade perto do ponto de consumo e de uma forma sustent\u00e1vel.<\/p>\n<\/div><\/div><div  class=\"vc_do_toggle vc_toggle vc_toggle_arrow vc_toggle_color_default  vc_toggle_size_sm\"><div class=\"vc_toggle_title\"><h6 style=\"font-size: 1.22em;text-align: left\" class=\"vc_custom_heading vc_do_custom_heading\" >Porque devo mudar para \u00c1gua Atmosf\u00e9rica de Bebida A\u00e9rea? O que h\u00e1 de errado com a \u00e1gua da torneira ou a \u00e1gua engarrafada que uso actualmente?<\/h6><i class=\"vc_toggle_icon\"><\/i><\/div><div class=\"vc_toggle_content\"><p>Sabe-se que a \u00e1gua da torneira cont\u00e9m, em alguns casos, contaminantes que podem ter efeitos adversos para a sa\u00fade. Al\u00e9m disso, a \u00e1gua engarrafada introduz novos contaminantes na \u00e1gua provenientes dos produtos qu\u00edmicos envolvidos no processo de embalagem, bem como o pr\u00f3prio pl\u00e1stico. A minimiza\u00e7\u00e3o do uso de \u00e1gua da torneira e \u00e1gua engarrafada \u00e9 um passo em direc\u00e7\u00e3o a um estilo de vida mais saud\u00e1vel.<\/p>\n<\/div><\/div><div  class=\"vc_do_toggle vc_toggle vc_toggle_arrow vc_toggle_color_default  vc_toggle_size_sm\"><div class=\"vc_toggle_title\"><h6 style=\"font-size: 1.22em;text-align: left\" class=\"vc_custom_heading vc_do_custom_heading\" >Como s\u00e3o removidas as bact\u00e9rias quando a \u00e1gua \u00e9 armazenada durante semanas?<\/h6><i class=\"vc_toggle_icon\"><\/i><\/div><div class=\"vc_toggle_content\"><p style=\"margin-top: 0cm;\">A \u00e1gua gerada pelas nossas unidades utiliza um processo de tratamento de ozono e \u00e9 infundida com minerais essenciais - magn\u00e9sio e c\u00e1lcio - para produzir \u00e1gua alcalina com um pH estabilizado de 7,6 a 8,1.<\/p>\n<\/div><\/div><div  class=\"vc_do_toggle vc_toggle vc_toggle_arrow vc_toggle_color_default  vc_toggle_size_sm\"><div class=\"vc_toggle_title\"><h6 style=\"font-size: 1.22em;text-align: left\" class=\"vc_custom_heading vc_do_custom_heading\" >O que \u00e9 o processo de manuten\u00e7\u00e3o? Quem o faz e com que frequ\u00eancia \u00e9 necess\u00e1rio?<\/h6><i class=\"vc_toggle_icon\"><\/i><\/div><div class=\"vc_toggle_content\"><p style=\"margin-top: 0cm;\">Os geradores Airdrink utilizam filtros para gerir a qualidade da \u00e1gua e requerem uma substitui\u00e7\u00e3o peri\u00f3dica a cada 4 a 6 meses (consoante a qualidade do ar ambiente e a quantidade de \u00e1gua utilizada). H\u00e1 um filtro de ar a montante do sistema de aspira\u00e7\u00e3o e h\u00e1 dois filtros de \u00e1gua que tratam e infundem a \u00e1gua com minerais essenciais. A manuten\u00e7\u00e3o \u00e9 m\u00ednima - mudar os filtros \u00e9 t\u00e3o f\u00e1cil como mudar uma l\u00e2mpada.<br \/>\nPara mais detalhes, consulte a informa\u00e7\u00e3o da unidade sobre C3 e C8.<br \/>\nVisite a sec\u00e7\u00e3o \"Loja\" para comprar filtros.<br \/>\nPor favor contacte-nos para quaisquer outras quest\u00f5es<\/p>\n<\/div><\/div><div  class=\"vc_do_toggle vc_toggle vc_toggle_arrow vc_toggle_color_default  vc_toggle_size_sm\"><div class=\"vc_toggle_title\"><h6 style=\"font-size: 1.22em;text-align: left\" class=\"vc_custom_heading vc_do_custom_heading\" >Fazem entregas em todo o mundo?<\/h6><i class=\"vc_toggle_icon\"><\/i><\/div><div class=\"vc_toggle_content\"><p>Sim, entregamos em quase todo o mundo, nomeadamente nos departamentos e territ\u00f3rios ultramarinos franceses, Mayotte, La R\u00e9union, Martinica e Guadalupe, principalmente por via a\u00e9rea.<\/p>\n<\/div><\/div><div  class=\"vc_do_toggle vc_toggle vc_toggle_arrow vc_toggle_color_default  vc_toggle_size_sm\"><div class=\"vc_toggle_title\"><h6 style=\"font-size: 1.22em;text-align: left\" class=\"vc_custom_heading vc_do_custom_heading\" >Qual \u00e9 a diferen\u00e7a entre a sua m\u00e1quina e um desumidificador? Mineraliza a \u00e1gua?<\/h6><i class=\"vc_toggle_icon\"><\/i><\/div><div class=\"vc_toggle_content\"><p>Em termos de cria\u00e7\u00e3o de \u00e1gua, as m\u00e1quinas Airdrink t\u00eam uma s\u00e9rie de semelhan\u00e7as com os desumidificadores. Mas quando se entra nos detalhes, h\u00e1 uma s\u00e9rie de diferen\u00e7as que tornam a compara\u00e7\u00e3o imprecisa. As m\u00e1quinas de Airdrink produzem \u00e1gua pot\u00e1vel. Isto significa que escolhemos componentes que s\u00e3o adequados para o contacto com \u00e1gua pot\u00e1vel e implement\u00e1mos m\u00faltiplos processos de filtra\u00e7\u00e3o e mineraliza\u00e7\u00e3o.<\/p>\n<p>Finalmente, a electr\u00f3nica inteligente assegura que n\u00e3o tem de se preocupar com nada: quando o tanque est\u00e1 cheio, a m\u00e1quina deixa de produzir \u00e1gua, e assim que a utiliza, come\u00e7a a produzir \u00e1gua de novo por si s\u00f3. Finalmente, o nosso sistema patenteado de ozono invejoso assegura que n\u00e3o apare\u00e7am bact\u00e9rias a intervalos regulares.<\/p>\n<\/div><\/div><div  class=\"vc_do_toggle vc_toggle vc_toggle_arrow vc_toggle_color_default  vc_toggle_size_sm\"><div class=\"vc_toggle_title\"><h6 style=\"font-size: 1.22em;text-align: left\" class=\"vc_custom_heading vc_do_custom_heading\" >A \u00e1gua cont\u00e9m fl\u00faor?<\/h6><i class=\"vc_toggle_icon\"><\/i><\/div><div class=\"vc_toggle_content\"><p style=\"margin-top: 0cm;\">N\u00e3o, as nossas unidades geram \u00e1gua livre de toxinas e contaminantes - n\u00e3o \u00e9 utilizado fluoreto ou cloro no nosso processo AWG.<\/p>\n<\/div><\/div><div  class=\"vc_do_toggle vc_toggle vc_toggle_arrow vc_toggle_color_default  vc_toggle_size_sm\"><div class=\"vc_toggle_title\"><h6 style=\"font-size: 1.22em;text-align: left\" class=\"vc_custom_heading vc_do_custom_heading\" >Existem limites para a funcionalidade das unidades?<\/h6><i class=\"vc_toggle_icon\"><\/i><\/div><div class=\"vc_toggle_content\"><p>As Airdrink Solutions requerem uma fonte de energia para funcionar - tomadas de alimenta\u00e7\u00e3o, geradores e sistemas solares funcionar\u00e3o desde que forne\u00e7am as necessidades energ\u00e9ticas para cada unidade. Al\u00e9m disso, as nossas unidades requerem um n\u00edvel m\u00ednimo de humidade relativa de 35% para funcionarem eficientemente.<br \/>\nPara mais detalhes, consulte a informa\u00e7\u00e3o da unidade sobre C3 e C8.<\/p>\n<\/div><\/div><div  class=\"vc_do_toggle vc_toggle vc_toggle_arrow vc_toggle_color_default  vc_toggle_size_sm\"><div class=\"vc_toggle_title\"><h6 style=\"font-size: 1.22em;text-align: left\" class=\"vc_custom_heading vc_do_custom_heading\" >Qual \u00e9 o pre\u00e7o da \u00e1gua produzida?<\/h6><i class=\"vc_toggle_icon\"><\/i><\/div><div class=\"vc_toggle_content\"><p>O custo da \u00e1gua produzida depende essencialmente do pre\u00e7o da eletricidade e das condi\u00e7\u00f5es clim\u00e1ticas. O pre\u00e7o de custo por litro de \u00e1gua depender\u00e1, portanto, essencialmente da localiza\u00e7\u00e3o do s\u00edtio. Mas, em geral, a nossa \u00e1gua ser\u00e1 20 a 30% mais barata do que a \u00e1gua mineral engarrafada (c\u00e1lculo que inclui o custo de aquisi\u00e7\u00e3o e manuten\u00e7\u00e3o da m\u00e1quina e da eletricidade), e ainda mais se as solu\u00e7\u00f5es forem baseadas na energia fotovoltaica.<\/p>\n<\/div><\/div><\/div><\/div><!-- \/.sc_content --><\/div><\/div><\/div><\/div><div class=\"vc_row-full-width vc_clearfix\"><\/div>\n<\/div>","protected":false},"excerpt":{"rendered":"Comparer les mod\u00e8lesNous souhaitons vous fournir la meilleure solution possible en fonction de vos besoins,&hellip;","protected":false},"author":1,"featured_media":0,"parent":0,"menu_order":0,"comment_status":"closed","ping_status":"closed","template":"","meta":{"_angie_page":false,"footnotes":""},"class_list":["post-107","page","type-page","status-publish","hentry"],"yoast_head":"<!-- This site is optimized with the Yoast SEO plugin v27.5 - https:\/\/yoast.com\/product\/yoast-seo-wordpress\/ -->\n<title>FAQ - AirDrink<\/title>\n<meta name=\"description\" content=\"AIRDRINK propose des solutions uniques etinnovantes qui produisent \u00e0 partir de l\u2019humidit\u00e9 de l\u2019air une eau potable, fraiche etmin\u00e9ralis\u00e9e ! Ce proc\u00e9d\u00e9 unique s\u2019appelle \u00abG\u00e9n\u00e9rateur d\u2019eau Atmosph\u00e9rique\u00bb.Nos solutions sont compl\u00e9mentaires aux diff\u00e9rents moyens d\u2019acc\u00e8s \u00e0 l\u2019eaupotable mais et permettent un acc\u00e8s infini \u00e0 l\u2019eau au plus proche du lieu deconsommation.\" \/>\n<meta name=\"robots\" content=\"index, follow, max-snippet:-1, max-image-preview:large, max-video-preview:-1\" \/>\n<link rel=\"canonical\" href=\"https:\/\/airdrink.fr\/pt\/faq\/\" \/>\n<meta property=\"og:locale\" content=\"pt_PT\" \/>\n<meta property=\"og:type\" content=\"article\" \/>\n<meta property=\"og:title\" content=\"FAQ - AirDrink\" \/>\n<meta property=\"og:description\" content=\"AIRDRINK propose des solutions uniques etinnovantes qui produisent \u00e0 partir de l\u2019humidit\u00e9 de l\u2019air une eau potable, fraiche etmin\u00e9ralis\u00e9e ! Ce proc\u00e9d\u00e9 unique s\u2019appelle \u00abG\u00e9n\u00e9rateur d\u2019eau Atmosph\u00e9rique\u00bb.Nos solutions sont compl\u00e9mentaires aux diff\u00e9rents moyens d\u2019acc\u00e8s \u00e0 l\u2019eaupotable mais et permettent un acc\u00e8s infini \u00e0 l\u2019eau au plus proche du lieu deconsommation.\" \/>\n<meta property=\"og:url\" content=\"https:\/\/airdrink.fr\/pt\/faq\/\" \/>\n<meta property=\"og:site_name\" content=\"AirDrink\" \/>\n<meta property=\"article:publisher\" content=\"https:\/\/www.facebook.com\/airdrinkFrance\/\" \/>\n<meta property=\"article:modified_time\" content=\"2025-09-04T08:05:20+00:00\" \/>\n<meta name=\"twitter:card\" content=\"summary_large_image\" \/>\n<meta name=\"twitter:label1\" content=\"Tempo estimado de leitura\" \/>\n\t<meta name=\"twitter:data1\" content=\"6 minutos\" \/>\n<script type=\"application\/ld+json\" class=\"yoast-schema-graph\">{\"@context\":\"https:\\\/\\\/schema.org\",\"@graph\":[{\"@type\":\"WebPage\",\"@id\":\"https:\\\/\\\/airdrink.fr\\\/faq\\\/\",\"url\":\"https:\\\/\\\/airdrink.fr\\\/faq\\\/\",\"name\":\"FAQ - AirDrink\",\"isPartOf\":{\"@id\":\"https:\\\/\\\/airdrink.fr\\\/#website\"},\"datePublished\":\"2017-12-14T07:50:41+00:00\",\"dateModified\":\"2025-09-04T08:05:20+00:00\",\"description\":\"AIRDRINK propose des solutions uniques etinnovantes qui produisent \u00e0 partir de l\u2019humidit\u00e9 de l\u2019air une eau potable, fraiche etmin\u00e9ralis\u00e9e ! Ce proc\u00e9d\u00e9 unique s\u2019appelle \u00abG\u00e9n\u00e9rateur d\u2019eau Atmosph\u00e9rique\u00bb.Nos solutions sont compl\u00e9mentaires aux diff\u00e9rents moyens d\u2019acc\u00e8s \u00e0 l\u2019eaupotable mais et permettent un acc\u00e8s infini \u00e0 l\u2019eau au plus proche du lieu deconsommation.\",\"breadcrumb\":{\"@id\":\"https:\\\/\\\/airdrink.fr\\\/faq\\\/#breadcrumb\"},\"inLanguage\":\"pt-PT\",\"potentialAction\":[{\"@type\":\"ReadAction\",\"target\":[\"https:\\\/\\\/airdrink.fr\\\/faq\\\/\"]}]},{\"@type\":\"BreadcrumbList\",\"@id\":\"https:\\\/\\\/airdrink.fr\\\/faq\\\/#breadcrumb\",\"itemListElement\":[{\"@type\":\"ListItem\",\"position\":1,\"name\":\"Accueil\",\"item\":\"https:\\\/\\\/airdrink.fr\\\/\"},{\"@type\":\"ListItem\",\"position\":2,\"name\":\"FAQ\"}]},{\"@type\":\"WebSite\",\"@id\":\"https:\\\/\\\/airdrink.fr\\\/#website\",\"url\":\"https:\\\/\\\/airdrink.fr\\\/\",\"name\":\"AirDrink - de l'eau \u00e0 partir de l'air !\",\"description\":\"Airdrink, de l'eau &agrave; partir de l'air !\",\"publisher\":{\"@id\":\"https:\\\/\\\/airdrink.fr\\\/#organization\"},\"potentialAction\":[{\"@type\":\"SearchAction\",\"target\":{\"@type\":\"EntryPoint\",\"urlTemplate\":\"https:\\\/\\\/airdrink.fr\\\/?s={search_term_string}\"},\"query-input\":{\"@type\":\"PropertyValueSpecification\",\"valueRequired\":true,\"valueName\":\"search_term_string\"}}],\"inLanguage\":\"pt-PT\"},{\"@type\":\"Organization\",\"@id\":\"https:\\\/\\\/airdrink.fr\\\/#organization\",\"name\":\"AirDrink - de l'eau \u00e0 partir de l'air !\",\"url\":\"https:\\\/\\\/airdrink.fr\\\/\",\"logo\":{\"@type\":\"ImageObject\",\"inLanguage\":\"pt-PT\",\"@id\":\"https:\\\/\\\/airdrink.fr\\\/#\\\/schema\\\/logo\\\/image\\\/\",\"url\":\"https:\\\/\\\/airdrink.fr\\\/wp-content\\\/uploads\\\/2023\\\/03\\\/cropped-logo-Airdrink-plus-HD-v1-3-300x203-1.png\",\"contentUrl\":\"https:\\\/\\\/airdrink.fr\\\/wp-content\\\/uploads\\\/2023\\\/03\\\/cropped-logo-Airdrink-plus-HD-v1-3-300x203-1.png\",\"width\":300,\"height\":128,\"caption\":\"AirDrink - de l'eau \u00e0 partir de l'air !\"},\"image\":{\"@id\":\"https:\\\/\\\/airdrink.fr\\\/#\\\/schema\\\/logo\\\/image\\\/\"},\"sameAs\":[\"https:\\\/\\\/www.facebook.com\\\/airdrinkFrance\\\/\",\"https:\\\/\\\/www.linkedin.com\\\/company\\\/pgsoft\",\"https:\\\/\\\/www.youtube.com\\\/channel\\\/UCV0fIuMlZQZElbCWK93RP9A\"]}]}<\/script>\n<!-- \/ Yoast SEO plugin. -->","yoast_head_json":{"title":"FAQ - AirDrink","description":"A AIRDRINK oferece solu\u00e7\u00f5es \u00fanicas e inovadoras que produzem \u00e1gua pot\u00e1vel fresca e mineralizada a partir da humidade do ar! Este processo \u00fanico chama-se \"Gerador de \u00c1gua Atmosf\u00e9rica\" e as nossas solu\u00e7\u00f5es s\u00e3o complementares aos diferentes meios de acesso \u00e0 \u00e1gua pot\u00e1vel e permitem um acesso infinito \u00e0 \u00e1gua perto do local de consumo.","robots":{"index":"index","follow":"follow","max-snippet":"max-snippet:-1","max-image-preview":"max-image-preview:large","max-video-preview":"max-video-preview:-1"},"canonical":"https:\/\/airdrink.fr\/pt\/faq\/","og_locale":"pt_PT","og_type":"article","og_title":"FAQ - AirDrink","og_description":"AIRDRINK propose des solutions uniques etinnovantes qui produisent \u00e0 partir de l\u2019humidit\u00e9 de l\u2019air une eau potable, fraiche etmin\u00e9ralis\u00e9e ! Ce proc\u00e9d\u00e9 unique s\u2019appelle \u00abG\u00e9n\u00e9rateur d\u2019eau Atmosph\u00e9rique\u00bb.Nos solutions sont compl\u00e9mentaires aux diff\u00e9rents moyens d\u2019acc\u00e8s \u00e0 l\u2019eaupotable mais et permettent un acc\u00e8s infini \u00e0 l\u2019eau au plus proche du lieu deconsommation.","og_url":"https:\/\/airdrink.fr\/pt\/faq\/","og_site_name":"AirDrink","article_publisher":"https:\/\/www.facebook.com\/airdrinkFrance\/","article_modified_time":"2025-09-04T08:05:20+00:00","twitter_card":"summary_large_image","twitter_misc":{"Tempo estimado de leitura":"6 minutos"},"schema":{"@context":"https:\/\/schema.org","@graph":[{"@type":"WebPage","@id":"https:\/\/airdrink.fr\/faq\/","url":"https:\/\/airdrink.fr\/faq\/","name":"FAQ - AirDrink","isPartOf":{"@id":"https:\/\/airdrink.fr\/#website"},"datePublished":"2017-12-14T07:50:41+00:00","dateModified":"2025-09-04T08:05:20+00:00","description":"A AIRDRINK oferece solu\u00e7\u00f5es \u00fanicas e inovadoras que produzem \u00e1gua pot\u00e1vel fresca e mineralizada a partir da humidade do ar! Este processo \u00fanico chama-se \"Gerador de \u00c1gua Atmosf\u00e9rica\" e as nossas solu\u00e7\u00f5es s\u00e3o complementares aos diferentes meios de acesso \u00e0 \u00e1gua pot\u00e1vel e permitem um acesso infinito \u00e0 \u00e1gua perto do local de consumo.","breadcrumb":{"@id":"https:\/\/airdrink.fr\/faq\/#breadcrumb"},"inLanguage":"pt-PT","potentialAction":[{"@type":"ReadAction","target":["https:\/\/airdrink.fr\/faq\/"]}]},{"@type":"BreadcrumbList","@id":"https:\/\/airdrink.fr\/faq\/#breadcrumb","itemListElement":[{"@type":"ListItem","position":1,"name":"Accueil","item":"https:\/\/airdrink.fr\/"},{"@type":"ListItem","position":2,"name":"FAQ"}]},{"@type":"WebSite","@id":"https:\/\/airdrink.fr\/#website","url":"https:\/\/airdrink.fr\/","name":"AirDrink - \u00e1gua do ar!","description":"Airdrink, \u00e1gua do ar!","publisher":{"@id":"https:\/\/airdrink.fr\/#organization"},"potentialAction":[{"@type":"SearchAction","target":{"@type":"EntryPoint","urlTemplate":"https:\/\/airdrink.fr\/?s={search_term_string}"},"query-input":{"@type":"PropertyValueSpecification","valueRequired":true,"valueName":"search_term_string"}}],"inLanguage":"pt-PT"},{"@type":"Organization","@id":"https:\/\/airdrink.fr\/#organization","name":"AirDrink - \u00e1gua do ar!","url":"https:\/\/airdrink.fr\/","logo":{"@type":"ImageObject","inLanguage":"pt-PT","@id":"https:\/\/airdrink.fr\/#\/schema\/logo\/image\/","url":"https:\/\/airdrink.fr\/wp-content\/uploads\/2023\/03\/cropped-logo-Airdrink-plus-HD-v1-3-300x203-1.png","contentUrl":"https:\/\/airdrink.fr\/wp-content\/uploads\/2023\/03\/cropped-logo-Airdrink-plus-HD-v1-3-300x203-1.png","width":300,"height":128,"caption":"AirDrink - de l'eau \u00e0 partir de l'air !"},"image":{"@id":"https:\/\/airdrink.fr\/#\/schema\/logo\/image\/"},"sameAs":["https:\/\/www.facebook.com\/airdrinkFrance\/","https:\/\/www.linkedin.com\/company\/pgsoft","https:\/\/www.youtube.com\/channel\/UCV0fIuMlZQZElbCWK93RP9A"]}]}},"_links":{"self":[{"href":"https:\/\/airdrink.fr\/pt\/wp-json\/wp\/v2\/pages\/107","targetHints":{"allow":["GET"]}}],"collection":[{"href":"https:\/\/airdrink.fr\/pt\/wp-json\/wp\/v2\/pages"}],"about":[{"href":"https:\/\/airdrink.fr\/pt\/wp-json\/wp\/v2\/types\/page"}],"author":[{"embeddable":true,"href":"https:\/\/airdrink.fr\/pt\/wp-json\/wp\/v2\/users\/1"}],"replies":[{"embeddable":true,"href":"https:\/\/airdrink.fr\/pt\/wp-json\/wp\/v2\/comments?post=107"}],"version-history":[{"count":0,"href":"https:\/\/airdrink.fr\/pt\/wp-json\/wp\/v2\/pages\/107\/revisions"}],"wp:attachment":[{"href":"https:\/\/airdrink.fr\/pt\/wp-json\/wp\/v2\/media?parent=107"}],"curies":[{"name":"wp","href":"https:\/\/api.w.org\/{rel}","templated":true}]}}