{"id":2427,"date":"2023-06-07T14:54:32","date_gmt":"2023-06-07T13:54:32","guid":{"rendered":"https:\/\/airdrink.fr\/?page_id=2427"},"modified":"2023-07-04T13:24:43","modified_gmt":"2023-07-04T12:24:43","slug":"a-propos-3","status":"publish","type":"page","link":"https:\/\/airdrink.fr\/pt\/partenaires_airdrink\/","title":{"rendered":"Parceiros"},"content":{"rendered":"<div class=\"wpb-content-wrapper\"><div class=\"vc_row wpb_row vc_row-fluid vc_custom_1541768449725 shape_divider_top-none shape_divider_bottom-none\"><div class=\"wpb_column vc_column_container vc_col-sm-6 sc_layouts_column_icons_position_left\"><div class=\"vc_column-inner\"><div class=\"wpb_wrapper\"><div id=\"sc_title_1576748262\"\n\t\tclass=\"sc_title sc_title_default\"><span class=\"sc_item_subtitle sc_title_subtitle sc_align_left sc_item_subtitle_above sc_item_title_style_default\">AIRDRINK<\/span><h2 class=\"sc_item_title sc_title_title sc_align_left sc_item_title_style_default\"><span class=\"sc_item_title_text\">Tecnologias DrinkableAir<\/span><\/h2><div class=\"sc_item_descr sc_title_descr sc_align_left\"><p>O fabricante nosso parceiro DrinkableAir Technologies \u00e9 pioneiro nos geradores de \u00e1gua atmosf\u00e9rica. Est\u00e1 sediada nos Estados Unidos, na Fl\u00f3rida (Fort Lauderdale). As suas solu\u00e7\u00f5es est\u00e3o dispon\u00edveis e s\u00e3o constantemente melhoradas desde 2010.<\/p>\n<\/div><div class=\"sc_item_button sc_button_wrap sc_align_left\"><a href=\"\/pt\/servicos\/\" id=\"sc_button_1565994634\" class=\"sc_button sc_button_default sc_item_button sc_item_button_default sc_title_button sc_button_size_normal sc_button_icon_left\"><span class=\"sc_button_text\"><span class=\"sc_button_title\">Leia mais<\/span><\/span><!-- \/.sc_button_text --><\/a><!-- \/.sc_button --><\/div><!-- \/.sc_item_button --><\/div><!-- \/.sc_title --><div class=\"vc_empty_space  sc_height_tiny\"   style=\"height: 32px\"><span class=\"vc_empty_space_inner\"><\/span><\/div><\/div><\/div><\/div><div class=\"wpb_column vc_column_container vc_col-sm-1 sc_layouts_column_icons_position_left\"><div class=\"vc_column-inner\"><div class=\"wpb_wrapper\"><\/div><\/div><\/div><div class=\"wpb_column vc_column_container vc_col-sm-5 sc_layouts_column_icons_position_left\"><div class=\"vc_column-inner\"><div class=\"wpb_wrapper\">\n<div class=\"vc_grid-container-wrapper vc_clearfix vc_grid-animation-fadeIn\">\n\t<div class=\"vc_grid-container vc_clearfix wpb_content_element vc_media_grid\" data-initial-loading-animation=\"fadeIn\" data-vc-grid-settings=\"{&quot;page_id&quot;:2427,&quot;style&quot;:&quot;all&quot;,&quot;action&quot;:&quot;vc_get_vc_grid_data&quot;,&quot;shortcode_id&quot;:&quot;1688473461425-e53b5396-c1e0-0&quot;,&quot;tag&quot;:&quot;vc_media_grid&quot;}\" data-vc-request=\"https:\/\/airdrink.fr\/wp-admin\/admin-ajax.php\" data-vc-post-id=\"2427\" data-vc-public-nonce=\"3f78482bbd\">\n\t\t\n\t<\/div>\n<\/div><div class=\"vc_empty_space  sc_height_tiny\"   style=\"height: 32px\"><span class=\"vc_empty_space_inner\"><\/span><\/div><\/div><\/div><\/div><\/div><div class=\"vc_row wpb_row vc_row-fluid vc_custom_1541768449725 shape_divider_top-none shape_divider_bottom-none\"><div class=\"wpb_column vc_column_container vc_col-sm-8 sc_layouts_column_icons_position_left\"><div class=\"vc_column-inner\"><div class=\"wpb_wrapper\">\n\t<div class=\"wpb_text_column wpb_content_element\" >\n\t\t<div class=\"wpb_wrapper\">\n\t\t\t<h6>Chave verde<\/h6>\n<p style=\"text-align: justify;\">Trata-se de um r\u00f3tulo ecol\u00f3gico internacional para instala\u00e7\u00f5es tur\u00edsticas. Desde 1994, a Green Key tem sido um padr\u00e3o de excel\u00eancia para a responsabilidade ambiental e o funcionamento sustent\u00e1vel no sector do turismo.<\/p>\n<p style=\"text-align: justify;\">O programa Green Key \u00e9 gerido pela Funda\u00e7\u00e3o para a Educa\u00e7\u00e3o Ambiental. O Green Key fornece um quadro comprovado para uma escola trabalhar com os seus gestores ambientais em quest\u00f5es de sustentabilidade, incluindo a sensibiliza\u00e7\u00e3o. As elevadas normas ambientais que se esperam destes estabelecimentos s\u00e3o mantidas atrav\u00e9s de uma documenta\u00e7\u00e3o rigorosa e de auditorias frequentes no local. A Chave Verde destina-se a hot\u00e9is, pousadas de juventude, pequenos estabelecimentos, parques de campismo, parques de f\u00e9rias, centros de confer\u00eancias, restaurantes e atrac\u00e7\u00f5es.<\/p>\n<p style=\"text-align: justify;\">Tendo ganho este prestigiado pr\u00e9mio internacional, o estabelecimento pode utiliz\u00e1-lo nas suas rela\u00e7\u00f5es p\u00fablicas e marketing. Para os h\u00f3spedes, o Green Key mostra que o hotel est\u00e1 empenhado em reduzir o impacto da sua estadia no ambiente. O programa Green Key est\u00e1 ligado aos Objectivos de Desenvolvimento Sustent\u00e1vel das Na\u00e7\u00f5es Unidas 2015-2030.<\/p>\n<p style=\"text-align: justify;\">A Green Key e a Drinkable Air Technologies assinaram um acordo de colabora\u00e7\u00e3o e s\u00e3o agora parceiros.<\/p>\n<h6>24 anfitri\u00f5es<\/h6>\n<p style=\"text-align: justify;\">Em Fran\u00e7a, um dos showrooms do Airdrink est\u00e1 localizado no Hotel Majestic em Nice, numa \u00e1rea dedicada denominada \"24Hosts\". A particularidade deste local de prest\u00edgio \u00e9 a possibilidade de oferecer os geradores Airdrink a uma clientela de propriet\u00e1rios de super iates, muitas vezes baseados no M\u00f3naco, Cannes ou Antibes.<\/p>\n\n\t\t<\/div>\n\t<\/div>\n<div class=\"vc_empty_space  sc_height_tiny\"   style=\"height: 32px\"><span class=\"vc_empty_space_inner\"><\/span><\/div><\/div><\/div><\/div><div class=\"wpb_column vc_column_container vc_col-sm-4 sc_layouts_column_icons_position_left\"><div class=\"vc_column-inner\"><div class=\"wpb_wrapper\">\n<div class=\"vc_grid-container-wrapper vc_clearfix vc_grid-animation-fadeIn\">\n\t<div class=\"vc_grid-container vc_clearfix wpb_content_element vc_media_grid vc_custom_1686145851674\" data-initial-loading-animation=\"fadeIn\" data-vc-grid-settings=\"{&quot;page_id&quot;:2427,&quot;style&quot;:&quot;all&quot;,&quot;action&quot;:&quot;vc_get_vc_grid_data&quot;,&quot;shortcode_id&quot;:&quot;1688473461446-35ca52ea-7790-0&quot;,&quot;tag&quot;:&quot;vc_media_grid&quot;}\" data-vc-request=\"https:\/\/airdrink.fr\/wp-admin\/admin-ajax.php\" data-vc-post-id=\"2427\" data-vc-public-nonce=\"3f78482bbd\">\n\t\t\n\t<\/div>\n<\/div><div class=\"vc_empty_space  sc_height_tiny\"   style=\"height: 32px\"><span class=\"vc_empty_space_inner\"><\/span><\/div>\n\t<div class=\"wpb_text_column wpb_content_element vc_custom_1686145865328\" >\n\t\t<div class=\"wpb_wrapper\">\n\t\t\t<p style=\"text-align: center;\"><strong>A Green Key \u00e9 um r\u00f3tulo ecol\u00f3gico internacional para instala\u00e7\u00f5es tur\u00edsticas. <\/strong><\/p>\n\n\t\t<\/div>\n\t<\/div>\n<\/div><\/div><\/div><\/div>\n<\/div>","protected":false},"excerpt":{"rendered":"AIRDRINKDrinkableAir TechnologiesNotre fabricant partenaire DrinkableAir Technologies est un pionnier des g\u00e9n\u00e9rateurs d\u2019eau atmosph\u00e9rique. Il est&hellip;","protected":false},"author":1,"featured_media":2428,"parent":0,"menu_order":0,"comment_status":"closed","ping_status":"closed","template":"","meta":{"_angie_page":false,"footnotes":""},"class_list":["post-2427","page","type-page","status-publish","has-post-thumbnail","hentry"],"yoast_head":"<!-- This site is optimized with the Yoast SEO plugin v27.5 - https:\/\/yoast.com\/product\/yoast-seo-wordpress\/ -->\n<title>Partenaires - AirDrink<\/title>\n<meta name=\"description\" content=\"AIRDRINK propose des solutions uniques etinnovantes qui produisent \u00e0 partir de l\u2019humidit\u00e9 de l\u2019air une eau potable, fraiche etmin\u00e9ralis\u00e9e ! Ce proc\u00e9d\u00e9 unique s\u2019appelle \u00abG\u00e9n\u00e9rateur d\u2019eau Atmosph\u00e9rique\u00bb. Nos solutions sont compl\u00e9mentaires aux diff\u00e9rents moyens d\u2019acc\u00e8s \u00e0 l\u2019eaupotable mais et permettent un acc\u00e8s infini \u00e0 l\u2019eau au plus proche du lieu deconsommation. Notre fabricant partenaire DrinkableAir Technologies est un pionnier des g\u00e9n\u00e9rateurs d\u2019eau atmosph\u00e9rique. Il est bas\u00e9 aux \u00e9tats unis, en Floride (Fort Lauderdale)Ses solutions existent et sont sans cesse am\u00e9lior\u00e9es depuis 2010.\" \/>\n<meta name=\"robots\" content=\"index, follow, max-snippet:-1, max-image-preview:large, max-video-preview:-1\" \/>\n<link rel=\"canonical\" href=\"https:\/\/airdrink.fr\/pt\/a-propos-3\/\" \/>\n<meta property=\"og:locale\" content=\"pt_PT\" \/>\n<meta property=\"og:type\" content=\"article\" \/>\n<meta property=\"og:title\" content=\"Partenaires - AirDrink\" \/>\n<meta property=\"og:description\" content=\"AIRDRINK propose des solutions uniques etinnovantes qui produisent \u00e0 partir de l\u2019humidit\u00e9 de l\u2019air une eau potable, fraiche etmin\u00e9ralis\u00e9e ! Ce proc\u00e9d\u00e9 unique s\u2019appelle \u00abG\u00e9n\u00e9rateur d\u2019eau Atmosph\u00e9rique\u00bb. Nos solutions sont compl\u00e9mentaires aux diff\u00e9rents moyens d\u2019acc\u00e8s \u00e0 l\u2019eaupotable mais et permettent un acc\u00e8s infini \u00e0 l\u2019eau au plus proche du lieu deconsommation. Notre fabricant partenaire DrinkableAir Technologies est un pionnier des g\u00e9n\u00e9rateurs d\u2019eau atmosph\u00e9rique. Il est bas\u00e9 aux \u00e9tats unis, en Floride (Fort Lauderdale)Ses solutions existent et sont sans cesse am\u00e9lior\u00e9es depuis 2010.\" \/>\n<meta property=\"og:url\" content=\"https:\/\/airdrink.fr\/pt\/a-propos-3\/\" \/>\n<meta property=\"og:site_name\" content=\"AirDrink\" \/>\n<meta property=\"article:publisher\" content=\"https:\/\/www.facebook.com\/airdrinkFrance\/\" \/>\n<meta property=\"article:modified_time\" content=\"2023-07-04T12:24:43+00:00\" \/>\n<meta property=\"og:image\" content=\"https:\/\/airdrink.fr\/wp-content\/uploads\/2023\/06\/drinkableAir-Technologies-logo.png\" \/>\n\t<meta property=\"og:image:width\" content=\"475\" \/>\n\t<meta property=\"og:image:height\" content=\"93\" \/>\n\t<meta property=\"og:image:type\" content=\"image\/png\" \/>\n<meta name=\"twitter:card\" content=\"summary_large_image\" \/>\n<meta name=\"twitter:label1\" content=\"Tempo estimado de leitura\" \/>\n\t<meta name=\"twitter:data1\" content=\"2 minutos\" \/>\n<script type=\"application\/ld+json\" class=\"yoast-schema-graph\">{\"@context\":\"https:\\\/\\\/schema.org\",\"@graph\":[{\"@type\":\"WebPage\",\"@id\":\"https:\\\/\\\/airdrink.fr\\\/partenaires_airdrink\\\/\",\"url\":\"https:\\\/\\\/airdrink.fr\\\/partenaires_airdrink\\\/\",\"name\":\"Partenaires - AirDrink\",\"isPartOf\":{\"@id\":\"https:\\\/\\\/airdrink.fr\\\/#website\"},\"primaryImageOfPage\":{\"@id\":\"https:\\\/\\\/airdrink.fr\\\/partenaires_airdrink\\\/#primaryimage\"},\"image\":{\"@id\":\"https:\\\/\\\/airdrink.fr\\\/partenaires_airdrink\\\/#primaryimage\"},\"thumbnailUrl\":\"https:\\\/\\\/airdrink.fr\\\/wp-content\\\/uploads\\\/2023\\\/06\\\/drinkableAir-Technologies-logo.png\",\"datePublished\":\"2023-06-07T13:54:32+00:00\",\"dateModified\":\"2023-07-04T12:24:43+00:00\",\"description\":\"AIRDRINK propose des solutions uniques etinnovantes qui produisent \u00e0 partir de l\u2019humidit\u00e9 de l\u2019air une eau potable, fraiche etmin\u00e9ralis\u00e9e ! Ce proc\u00e9d\u00e9 unique s\u2019appelle \u00abG\u00e9n\u00e9rateur d\u2019eau Atmosph\u00e9rique\u00bb. Nos solutions sont compl\u00e9mentaires aux diff\u00e9rents moyens d\u2019acc\u00e8s \u00e0 l\u2019eaupotable mais et permettent un acc\u00e8s infini \u00e0 l\u2019eau au plus proche du lieu deconsommation. Notre fabricant partenaire DrinkableAir Technologies est un pionnier des g\u00e9n\u00e9rateurs d\u2019eau atmosph\u00e9rique. Il est bas\u00e9 aux \u00e9tats unis, en Floride (Fort Lauderdale)Ses solutions existent et sont sans cesse am\u00e9lior\u00e9es depuis 2010.\",\"breadcrumb\":{\"@id\":\"https:\\\/\\\/airdrink.fr\\\/partenaires_airdrink\\\/#breadcrumb\"},\"inLanguage\":\"pt-PT\",\"potentialAction\":[{\"@type\":\"ReadAction\",\"target\":[\"https:\\\/\\\/airdrink.fr\\\/partenaires_airdrink\\\/\"]}]},{\"@type\":\"ImageObject\",\"inLanguage\":\"pt-PT\",\"@id\":\"https:\\\/\\\/airdrink.fr\\\/partenaires_airdrink\\\/#primaryimage\",\"url\":\"https:\\\/\\\/airdrink.fr\\\/wp-content\\\/uploads\\\/2023\\\/06\\\/drinkableAir-Technologies-logo.png\",\"contentUrl\":\"https:\\\/\\\/airdrink.fr\\\/wp-content\\\/uploads\\\/2023\\\/06\\\/drinkableAir-Technologies-logo.png\",\"width\":475,\"height\":93},{\"@type\":\"BreadcrumbList\",\"@id\":\"https:\\\/\\\/airdrink.fr\\\/partenaires_airdrink\\\/#breadcrumb\",\"itemListElement\":[{\"@type\":\"ListItem\",\"position\":1,\"name\":\"Accueil\",\"item\":\"https:\\\/\\\/airdrink.fr\\\/\"},{\"@type\":\"ListItem\",\"position\":2,\"name\":\"Partenaires\"}]},{\"@type\":\"WebSite\",\"@id\":\"https:\\\/\\\/airdrink.fr\\\/#website\",\"url\":\"https:\\\/\\\/airdrink.fr\\\/\",\"name\":\"AirDrink - de l'eau \u00e0 partir de l'air !\",\"description\":\"Airdrink, de l'eau &agrave; partir de l'air !\",\"publisher\":{\"@id\":\"https:\\\/\\\/airdrink.fr\\\/#organization\"},\"potentialAction\":[{\"@type\":\"SearchAction\",\"target\":{\"@type\":\"EntryPoint\",\"urlTemplate\":\"https:\\\/\\\/airdrink.fr\\\/?s={search_term_string}\"},\"query-input\":{\"@type\":\"PropertyValueSpecification\",\"valueRequired\":true,\"valueName\":\"search_term_string\"}}],\"inLanguage\":\"pt-PT\"},{\"@type\":\"Organization\",\"@id\":\"https:\\\/\\\/airdrink.fr\\\/#organization\",\"name\":\"AirDrink - de l'eau \u00e0 partir de l'air !\",\"url\":\"https:\\\/\\\/airdrink.fr\\\/\",\"logo\":{\"@type\":\"ImageObject\",\"inLanguage\":\"pt-PT\",\"@id\":\"https:\\\/\\\/airdrink.fr\\\/#\\\/schema\\\/logo\\\/image\\\/\",\"url\":\"https:\\\/\\\/airdrink.fr\\\/wp-content\\\/uploads\\\/2023\\\/03\\\/cropped-logo-Airdrink-plus-HD-v1-3-300x203-1.png\",\"contentUrl\":\"https:\\\/\\\/airdrink.fr\\\/wp-content\\\/uploads\\\/2023\\\/03\\\/cropped-logo-Airdrink-plus-HD-v1-3-300x203-1.png\",\"width\":300,\"height\":128,\"caption\":\"AirDrink - de l'eau \u00e0 partir de l'air !\"},\"image\":{\"@id\":\"https:\\\/\\\/airdrink.fr\\\/#\\\/schema\\\/logo\\\/image\\\/\"},\"sameAs\":[\"https:\\\/\\\/www.facebook.com\\\/airdrinkFrance\\\/\",\"https:\\\/\\\/www.linkedin.com\\\/company\\\/pgsoft\",\"https:\\\/\\\/www.youtube.com\\\/channel\\\/UCV0fIuMlZQZElbCWK93RP9A\"]}]}<\/script>\n<!-- \/ Yoast SEO plugin. -->","yoast_head_json":{"title":"Parceiros - AirDrink","description":"A AIRDRINK oferece solu\u00e7\u00f5es \u00fanicas e inovadoras que produzem \u00e1gua pot\u00e1vel fresca e mineralizada a partir da humidade do ar! Este processo \u00fanico \u00e9 designado por \"Gerador de \u00c1gua Atmosf\u00e9rica\". As nossas solu\u00e7\u00f5es s\u00e3o complementares aos v\u00e1rios meios de acesso \u00e0 \u00e1gua pot\u00e1vel e permitem um acesso infinito \u00e0 \u00e1gua, o mais pr\u00f3ximo poss\u00edvel do local de consumo. O nosso parceiro fabricante DrinkableAir Technologies \u00e9 pioneiro nos geradores de \u00e1gua atmosf\u00e9rica. Sediado nos Estados Unidos, na Fl\u00f3rida (Fort Lauderdale), as suas solu\u00e7\u00f5es existem e t\u00eam sido constantemente melhoradas desde 2010.","robots":{"index":"index","follow":"follow","max-snippet":"max-snippet:-1","max-image-preview":"max-image-preview:large","max-video-preview":"max-video-preview:-1"},"canonical":"https:\/\/airdrink.fr\/pt\/a-propos-3\/","og_locale":"pt_PT","og_type":"article","og_title":"Partenaires - AirDrink","og_description":"AIRDRINK propose des solutions uniques etinnovantes qui produisent \u00e0 partir de l\u2019humidit\u00e9 de l\u2019air une eau potable, fraiche etmin\u00e9ralis\u00e9e ! Ce proc\u00e9d\u00e9 unique s\u2019appelle \u00abG\u00e9n\u00e9rateur d\u2019eau Atmosph\u00e9rique\u00bb. Nos solutions sont compl\u00e9mentaires aux diff\u00e9rents moyens d\u2019acc\u00e8s \u00e0 l\u2019eaupotable mais et permettent un acc\u00e8s infini \u00e0 l\u2019eau au plus proche du lieu deconsommation. Notre fabricant partenaire DrinkableAir Technologies est un pionnier des g\u00e9n\u00e9rateurs d\u2019eau atmosph\u00e9rique. Il est bas\u00e9 aux \u00e9tats unis, en Floride (Fort Lauderdale)Ses solutions existent et sont sans cesse am\u00e9lior\u00e9es depuis 2010.","og_url":"https:\/\/airdrink.fr\/pt\/a-propos-3\/","og_site_name":"AirDrink","article_publisher":"https:\/\/www.facebook.com\/airdrinkFrance\/","article_modified_time":"2023-07-04T12:24:43+00:00","og_image":[{"width":475,"height":93,"url":"https:\/\/airdrink.fr\/wp-content\/uploads\/2023\/06\/drinkableAir-Technologies-logo.png","type":"image\/png"}],"twitter_card":"summary_large_image","twitter_misc":{"Tempo estimado de leitura":"2 minutos"},"schema":{"@context":"https:\/\/schema.org","@graph":[{"@type":"WebPage","@id":"https:\/\/airdrink.fr\/partenaires_airdrink\/","url":"https:\/\/airdrink.fr\/partenaires_airdrink\/","name":"Parceiros - AirDrink","isPartOf":{"@id":"https:\/\/airdrink.fr\/#website"},"primaryImageOfPage":{"@id":"https:\/\/airdrink.fr\/partenaires_airdrink\/#primaryimage"},"image":{"@id":"https:\/\/airdrink.fr\/partenaires_airdrink\/#primaryimage"},"thumbnailUrl":"https:\/\/airdrink.fr\/wp-content\/uploads\/2023\/06\/drinkableAir-Technologies-logo.png","datePublished":"2023-06-07T13:54:32+00:00","dateModified":"2023-07-04T12:24:43+00:00","description":"A AIRDRINK oferece solu\u00e7\u00f5es \u00fanicas e inovadoras que produzem \u00e1gua pot\u00e1vel fresca e mineralizada a partir da humidade do ar! Este processo \u00fanico \u00e9 designado por \"Gerador de \u00c1gua Atmosf\u00e9rica\". As nossas solu\u00e7\u00f5es s\u00e3o complementares aos v\u00e1rios meios de acesso \u00e0 \u00e1gua pot\u00e1vel e permitem um acesso infinito \u00e0 \u00e1gua, o mais pr\u00f3ximo poss\u00edvel do local de consumo. O nosso parceiro fabricante DrinkableAir Technologies \u00e9 pioneiro nos geradores de \u00e1gua atmosf\u00e9rica. Sediado nos Estados Unidos, na Fl\u00f3rida (Fort Lauderdale), as suas solu\u00e7\u00f5es existem e t\u00eam sido constantemente melhoradas desde 2010.","breadcrumb":{"@id":"https:\/\/airdrink.fr\/partenaires_airdrink\/#breadcrumb"},"inLanguage":"pt-PT","potentialAction":[{"@type":"ReadAction","target":["https:\/\/airdrink.fr\/partenaires_airdrink\/"]}]},{"@type":"ImageObject","inLanguage":"pt-PT","@id":"https:\/\/airdrink.fr\/partenaires_airdrink\/#primaryimage","url":"https:\/\/airdrink.fr\/wp-content\/uploads\/2023\/06\/drinkableAir-Technologies-logo.png","contentUrl":"https:\/\/airdrink.fr\/wp-content\/uploads\/2023\/06\/drinkableAir-Technologies-logo.png","width":475,"height":93},{"@type":"BreadcrumbList","@id":"https:\/\/airdrink.fr\/partenaires_airdrink\/#breadcrumb","itemListElement":[{"@type":"ListItem","position":1,"name":"Accueil","item":"https:\/\/airdrink.fr\/"},{"@type":"ListItem","position":2,"name":"Partenaires"}]},{"@type":"WebSite","@id":"https:\/\/airdrink.fr\/#website","url":"https:\/\/airdrink.fr\/","name":"AirDrink - \u00e1gua do ar!","description":"Airdrink, \u00e1gua do ar!","publisher":{"@id":"https:\/\/airdrink.fr\/#organization"},"potentialAction":[{"@type":"SearchAction","target":{"@type":"EntryPoint","urlTemplate":"https:\/\/airdrink.fr\/?s={search_term_string}"},"query-input":{"@type":"PropertyValueSpecification","valueRequired":true,"valueName":"search_term_string"}}],"inLanguage":"pt-PT"},{"@type":"Organization","@id":"https:\/\/airdrink.fr\/#organization","name":"AirDrink - \u00e1gua do ar!","url":"https:\/\/airdrink.fr\/","logo":{"@type":"ImageObject","inLanguage":"pt-PT","@id":"https:\/\/airdrink.fr\/#\/schema\/logo\/image\/","url":"https:\/\/airdrink.fr\/wp-content\/uploads\/2023\/03\/cropped-logo-Airdrink-plus-HD-v1-3-300x203-1.png","contentUrl":"https:\/\/airdrink.fr\/wp-content\/uploads\/2023\/03\/cropped-logo-Airdrink-plus-HD-v1-3-300x203-1.png","width":300,"height":128,"caption":"AirDrink - de l'eau \u00e0 partir de l'air !"},"image":{"@id":"https:\/\/airdrink.fr\/#\/schema\/logo\/image\/"},"sameAs":["https:\/\/www.facebook.com\/airdrinkFrance\/","https:\/\/www.linkedin.com\/company\/pgsoft","https:\/\/www.youtube.com\/channel\/UCV0fIuMlZQZElbCWK93RP9A"]}]}},"_links":{"self":[{"href":"https:\/\/airdrink.fr\/pt\/wp-json\/wp\/v2\/pages\/2427","targetHints":{"allow":["GET"]}}],"collection":[{"href":"https:\/\/airdrink.fr\/pt\/wp-json\/wp\/v2\/pages"}],"about":[{"href":"https:\/\/airdrink.fr\/pt\/wp-json\/wp\/v2\/types\/page"}],"author":[{"embeddable":true,"href":"https:\/\/airdrink.fr\/pt\/wp-json\/wp\/v2\/users\/1"}],"replies":[{"embeddable":true,"href":"https:\/\/airdrink.fr\/pt\/wp-json\/wp\/v2\/comments?post=2427"}],"version-history":[{"count":0,"href":"https:\/\/airdrink.fr\/pt\/wp-json\/wp\/v2\/pages\/2427\/revisions"}],"wp:featuredmedia":[{"embeddable":true,"href":"https:\/\/airdrink.fr\/pt\/wp-json\/wp\/v2\/media\/2428"}],"wp:attachment":[{"href":"https:\/\/airdrink.fr\/pt\/wp-json\/wp\/v2\/media?parent=2427"}],"curies":[{"name":"wp","href":"https:\/\/api.w.org\/{rel}","templated":true}]}}