{"id":2475,"date":"2023-06-30T10:32:58","date_gmt":"2023-06-30T09:32:58","guid":{"rendered":"https:\/\/airdrink.fr\/?page_id=2475"},"modified":"2024-12-17T08:27:12","modified_gmt":"2024-12-17T06:27:12","slug":"a-propos-5","status":"publish","type":"page","link":"https:\/\/airdrink.fr\/pt\/mentions-legales-politique-confidentialite\/","title":{"rendered":"Informa\u00e7\u00e3o jur\u00eddica e pol\u00edtica de privacidade"},"content":{"rendered":"<div class=\"wpb-content-wrapper\"><div class=\"vc_row wpb_row vc_row-fluid vc_custom_1541768449725 shape_divider_top-none shape_divider_bottom-none\"><div class=\"wpb_column vc_column_container vc_col-sm-12 sc_layouts_column_icons_position_left\"><div class=\"vc_column-inner\"><div class=\"wpb_wrapper\">\n\t<div class=\"wpb_text_column wpb_content_element\" >\n\t\t<div class=\"wpb_wrapper\">\n\t\t\t<div style=\"text-align: justify;\">\n<p><strong>AVISO LEGAL E POL\u00cdTICA DE PRIVACIDADE PARA O S\u00cdTIO WEB \"www.airdrink.fr<\/strong><\/p>\n<p>&nbsp;<\/p>\n<\/div>\n<div style=\"text-align: justify;\"><strong>1 - Editar o s\u00edtio<\/strong><\/div>\n<div style=\"text-align: justify;\"><span style=\"color: #000000;\">Em conformidade com o artigo 6 da lei francesa n.\u00ba 2004-575 de 21 de junho de 2004 relativa \u00e0 confian\u00e7a na economia digital, os utilizadores do site https:\/\/airdrink.fr\/ s\u00e3o informados da identidade dos diferentes intervenientes na sua cria\u00e7\u00e3o e acompanhamento:<\/span><\/div>\n<div style=\"text-align: justify;\">Propriet\u00e1rio do s\u00edtio : <span style=\"color: #000000;\">PGSOFT<\/span><br \/>\nContacto: <span style=\"color: #0000ff;\">contact@airdrink.fr<\/span> <span style=\"color: #000000;\">04 42 18 22 35<\/span><br \/>\nEndere\u00e7o: <span style=\"color: #000000;\">14 Chem. de la Passerelle, 13720 La Bouilladisse.<\/span><\/div>\n<div style=\"text-align: justify;\">Identifica\u00e7\u00e3o da empresa : <span style=\"color: #000000;\">SAS PGSOFT com um capital social de 40 000 euros<\/span><br \/>\n<span style=\"color: #000000;\">SIREN : 493026371<\/span><br \/>\nEndere\u00e7o postal: <span style=\"color: #000000;\">14 Chem. de la Passerelle, 13720 La Bouilladisse<\/span><\/div>\n<div style=\"text-align: justify;\">https:\/\/airdrink.fr\/cgv\/<\/div>\n<div style=\"text-align: justify;\">Diretor da publica\u00e7\u00e3o : <span style=\"color: #000000;\">Philippe GONIN<\/span><\/div>\n<div style=\"text-align: justify;\">Apresentado por : <span style=\"color: #000000;\">IONOS 7 Place de la Gare 57200 SARREGUEMINES<\/span><\/div>\n<div style=\"text-align: justify;\">\n<p>Respons\u00e1vel pela prote\u00e7\u00e3o de dados : <span style=\"color: #000000;\">Philippe GONIN<\/span><\/p>\n<p><strong>2 - Propriedade intelectual e contrafa\u00e7\u00e3o.<\/strong><\/p>\n<\/div>\n<div style=\"text-align: justify;\">A PGSOFT \u00e9 propriet\u00e1ria dos direitos de propriedade intelectual e det\u00e9m os direitos de utiliza\u00e7\u00e3o de todos os elementos acess\u00edveis no s\u00edtio Web, nomeadamente os textos, imagens, gr\u00e1ficos, log\u00f3tipos, v\u00eddeos, arquitetura, \u00edcones e sons. Qualquer reprodu\u00e7\u00e3o, representa\u00e7\u00e3o, modifica\u00e7\u00e3o, publica\u00e7\u00e3o, adapta\u00e7\u00e3o da totalidade ou de parte dos elementos do s\u00edtio, independentemente do meio ou do processo utilizado, \u00e9 proibida, exceto com a autoriza\u00e7\u00e3o pr\u00e9via por escrito da PGSOFT. Qualquer utiliza\u00e7\u00e3o n\u00e3o autorizada do s\u00edtio ou de qualquer dos elementos que cont\u00e9m ser\u00e1 considerada como constituindo uma infra\u00e7\u00e3o e ser\u00e1 objeto de um processo judicial em conformidade com as disposi\u00e7\u00f5es dos artigos L.335-2 e seguintes do C\u00f3digo da Propriedade Intelectual.<\/div>\n<div><\/div>\n<div style=\"text-align: justify;\">\n<p><strong>3 - Limita\u00e7\u00f5es de responsabilidade.<\/strong><\/p>\n<\/div>\n<div style=\"text-align: justify;\">A PGSOFT n\u00e3o pode ser responsabilizada por quaisquer danos diretos ou indirectos causados ao equipamento do utilizador ao aceder ao s\u00edtio https:\/\/airdrink.fr\/. A PGSOFT declina qualquer responsabilidade pela utiliza\u00e7\u00e3o que possa ser feita das informa\u00e7\u00f5es e conte\u00fados do s\u00edtio https:\/\/airdrink.fr\/. A PGSOFT compromete-se a tornar o s\u00edtio https:\/\/airdrink.fr\/ o mais seguro poss\u00edvel, mas n\u00e3o pode ser responsabilizada se forem importados e instalados dados indesejados no seu s\u00edtio sem o seu conhecimento. Os utilizadores t\u00eam \u00e0 sua disposi\u00e7\u00e3o \u00e1reas interactivas (espa\u00e7o de contacto ou coment\u00e1rios). A PGSOFT reserva-se o direito de suprimir, sem aviso pr\u00e9vio, qualquer conte\u00fado colocado neste espa\u00e7o que viole a legisla\u00e7\u00e3o aplic\u00e1vel em Fran\u00e7a, nomeadamente as disposi\u00e7\u00f5es relativas \u00e0 prote\u00e7\u00e3o de dados.<\/div>\n<div style=\"text-align: justify;\">\n<p>Se for caso disso, a PGSOFT reserva-se igualmente o direito de responsabilizar civil e\/ou criminalmente o utilizador, nomeadamente no caso de mensagens de car\u00e1cter racista, injurioso, difamat\u00f3rio ou pornogr\u00e1fico, independentemente do suporte utilizado (texto, fotografias, etc.).<\/p>\n<p><strong>4 - A CNIL e a gest\u00e3o dos dados pessoais.<\/strong><\/p>\n<\/div>\n<div style=\"text-align: justify;\">\n<p>Em conformidade com as disposi\u00e7\u00f5es da Lei 78-17 de 6 de janeiro de 1978 e suas altera\u00e7\u00f5es, os utilizadores do s\u00edtio https:\/\/airdrink.fr\/ t\u00eam o direito de aceder, modificar e apagar todas as informa\u00e7\u00f5es recolhidas. Para exercer este direito, queira enviar uma mensagem ao nosso respons\u00e1vel pela prote\u00e7\u00e3o de dados : Philippe GONIN.<\/p>\n<p><strong>5 - Liga\u00e7\u00f5es de hipertexto e cookies<\/strong><\/p>\n<\/div>\n<div style=\"text-align: justify;\">\n<p>O s\u00edtio https:\/\/airdrink.fr\/ cont\u00e9m liga\u00e7\u00f5es de hipertexto para outros s\u00edtios e n\u00e3o aceita qualquer responsabilidade por estas liga\u00e7\u00f5es externas ou por liga\u00e7\u00f5es criadas por outros s\u00edtios para https:\/\/airdrink.fr\/. A navega\u00e7\u00e3o no s\u00edtio https:\/\/airdrink.fr\/ pode provocar a instala\u00e7\u00e3o de cookies no computador do utilizador. Um \"cookie\" \u00e9 um pequeno ficheiro que regista informa\u00e7\u00f5es sobre a navega\u00e7\u00e3o de um utilizador num site. Os dados obtidos desta forma podem ser utilizados para medir o n\u00famero de visitantes, por exemplo. O utilizador pode aceitar ou recusar os cookies modificando as defini\u00e7\u00f5es do seu navegador. Nenhum cookie ser\u00e1 depositado sem o seu consentimento. Os cookies s\u00e3o armazenados por um per\u00edodo m\u00e1ximo de 12 meses.<\/p>\n<p><strong>6 - Direito aplic\u00e1vel e jurisdi\u00e7\u00e3o.<\/strong><\/p>\n<\/div>\n<div style=\"text-align: justify;\">Qualquer lit\u00edgio relativo \u00e0 utiliza\u00e7\u00e3o do s\u00edtio https:\/\/airdrink.fr\/ est\u00e1 sujeito \u00e0 lei francesa. Exceto nos casos em que a lei n\u00e3o o permita, a compet\u00eancia exclusiva \u00e9 atribu\u00edda aos tribunais competentes de Aix-en-Provence.<\/div>\n\n\t\t<\/div>\n\t<\/div>\n<\/div><\/div><\/div><\/div>\n<\/div>","protected":false},"excerpt":{"rendered":"AVISOS JUR\u00cdDICOS E POL\u00cdTICA DE PRIVACIDADE DO SITE \"www.airdrink.fr\" 1 - Publica\u00e7\u00e3o do site...","protected":false},"author":1,"featured_media":0,"parent":0,"menu_order":0,"comment_status":"closed","ping_status":"closed","template":"","meta":{"_angie_page":false,"footnotes":""},"class_list":["post-2475","page","type-page","status-publish","hentry"],"yoast_head":"<!-- This site is optimized with the Yoast SEO plugin v27.5 - https:\/\/yoast.com\/product\/yoast-seo-wordpress\/ -->\n<title>Mentions l\u00e9gales et politique de confidentialit\u00e9 - AirDrink<\/title>\n<meta name=\"description\" content=\"AIRDRINK propose des solutions uniques etinnovantes qui produisent \u00e0 partir de l\u2019humidit\u00e9 de l\u2019air une eau potable, fraiche etmin\u00e9ralis\u00e9e ! Ce proc\u00e9d\u00e9 unique s\u2019appelle \u00abG\u00e9n\u00e9rateur d\u2019eau Atmosph\u00e9rique\u00bb.Nos solutions sont compl\u00e9mentaires aux diff\u00e9rents moyens d\u2019acc\u00e8s \u00e0 l\u2019eaupotable mais et permettent un acc\u00e8s infini \u00e0 l\u2019eau au plus proche du lieu deconsommation.\" \/>\n<meta name=\"robots\" content=\"index, follow, max-snippet:-1, max-image-preview:large, max-video-preview:-1\" \/>\n<link rel=\"canonical\" href=\"https:\/\/airdrink.fr\/pt\/a-propos-5\/\" \/>\n<meta property=\"og:locale\" content=\"pt_PT\" \/>\n<meta property=\"og:type\" content=\"article\" \/>\n<meta property=\"og:title\" content=\"Mentions l\u00e9gales et politique de confidentialit\u00e9 - AirDrink\" \/>\n<meta property=\"og:description\" content=\"AIRDRINK propose des solutions uniques etinnovantes qui produisent \u00e0 partir de l\u2019humidit\u00e9 de l\u2019air une eau potable, fraiche etmin\u00e9ralis\u00e9e ! Ce proc\u00e9d\u00e9 unique s\u2019appelle \u00abG\u00e9n\u00e9rateur d\u2019eau Atmosph\u00e9rique\u00bb.Nos solutions sont compl\u00e9mentaires aux diff\u00e9rents moyens d\u2019acc\u00e8s \u00e0 l\u2019eaupotable mais et permettent un acc\u00e8s infini \u00e0 l\u2019eau au plus proche du lieu deconsommation.\" \/>\n<meta property=\"og:url\" content=\"https:\/\/airdrink.fr\/pt\/a-propos-5\/\" \/>\n<meta property=\"og:site_name\" content=\"AirDrink\" \/>\n<meta property=\"article:publisher\" content=\"https:\/\/www.facebook.com\/airdrinkFrance\/\" \/>\n<meta property=\"article:modified_time\" content=\"2024-12-17T06:27:12+00:00\" \/>\n<meta name=\"twitter:card\" content=\"summary_large_image\" \/>\n<meta name=\"twitter:label1\" content=\"Tempo estimado de leitura\" \/>\n\t<meta name=\"twitter:data1\" content=\"4 minutos\" \/>\n<script type=\"application\/ld+json\" class=\"yoast-schema-graph\">{\"@context\":\"https:\\\/\\\/schema.org\",\"@graph\":[{\"@type\":\"WebPage\",\"@id\":\"https:\\\/\\\/airdrink.fr\\\/mentions-legales-politique-confidentialite\\\/\",\"url\":\"https:\\\/\\\/airdrink.fr\\\/mentions-legales-politique-confidentialite\\\/\",\"name\":\"Mentions l\u00e9gales et politique de confidentialit\u00e9 - AirDrink\",\"isPartOf\":{\"@id\":\"https:\\\/\\\/airdrink.fr\\\/#website\"},\"datePublished\":\"2023-06-30T09:32:58+00:00\",\"dateModified\":\"2024-12-17T06:27:12+00:00\",\"description\":\"AIRDRINK propose des solutions uniques etinnovantes qui produisent \u00e0 partir de l\u2019humidit\u00e9 de l\u2019air une eau potable, fraiche etmin\u00e9ralis\u00e9e ! Ce proc\u00e9d\u00e9 unique s\u2019appelle \u00abG\u00e9n\u00e9rateur d\u2019eau Atmosph\u00e9rique\u00bb.Nos solutions sont compl\u00e9mentaires aux diff\u00e9rents moyens d\u2019acc\u00e8s \u00e0 l\u2019eaupotable mais et permettent un acc\u00e8s infini \u00e0 l\u2019eau au plus proche du lieu deconsommation.\",\"breadcrumb\":{\"@id\":\"https:\\\/\\\/airdrink.fr\\\/mentions-legales-politique-confidentialite\\\/#breadcrumb\"},\"inLanguage\":\"pt-PT\",\"potentialAction\":[{\"@type\":\"ReadAction\",\"target\":[\"https:\\\/\\\/airdrink.fr\\\/mentions-legales-politique-confidentialite\\\/\"]}]},{\"@type\":\"BreadcrumbList\",\"@id\":\"https:\\\/\\\/airdrink.fr\\\/mentions-legales-politique-confidentialite\\\/#breadcrumb\",\"itemListElement\":[{\"@type\":\"ListItem\",\"position\":1,\"name\":\"Accueil\",\"item\":\"https:\\\/\\\/airdrink.fr\\\/\"},{\"@type\":\"ListItem\",\"position\":2,\"name\":\"Mentions l\u00e9gales et politique de confidentialit\u00e9\"}]},{\"@type\":\"WebSite\",\"@id\":\"https:\\\/\\\/airdrink.fr\\\/#website\",\"url\":\"https:\\\/\\\/airdrink.fr\\\/\",\"name\":\"AirDrink - de l'eau \u00e0 partir de l'air !\",\"description\":\"Airdrink, de l'eau &agrave; partir de l'air !\",\"publisher\":{\"@id\":\"https:\\\/\\\/airdrink.fr\\\/#organization\"},\"potentialAction\":[{\"@type\":\"SearchAction\",\"target\":{\"@type\":\"EntryPoint\",\"urlTemplate\":\"https:\\\/\\\/airdrink.fr\\\/?s={search_term_string}\"},\"query-input\":{\"@type\":\"PropertyValueSpecification\",\"valueRequired\":true,\"valueName\":\"search_term_string\"}}],\"inLanguage\":\"pt-PT\"},{\"@type\":\"Organization\",\"@id\":\"https:\\\/\\\/airdrink.fr\\\/#organization\",\"name\":\"AirDrink - de l'eau \u00e0 partir de l'air !\",\"url\":\"https:\\\/\\\/airdrink.fr\\\/\",\"logo\":{\"@type\":\"ImageObject\",\"inLanguage\":\"pt-PT\",\"@id\":\"https:\\\/\\\/airdrink.fr\\\/#\\\/schema\\\/logo\\\/image\\\/\",\"url\":\"https:\\\/\\\/airdrink.fr\\\/wp-content\\\/uploads\\\/2023\\\/03\\\/cropped-logo-Airdrink-plus-HD-v1-3-300x203-1.png\",\"contentUrl\":\"https:\\\/\\\/airdrink.fr\\\/wp-content\\\/uploads\\\/2023\\\/03\\\/cropped-logo-Airdrink-plus-HD-v1-3-300x203-1.png\",\"width\":300,\"height\":128,\"caption\":\"AirDrink - de l'eau \u00e0 partir de l'air !\"},\"image\":{\"@id\":\"https:\\\/\\\/airdrink.fr\\\/#\\\/schema\\\/logo\\\/image\\\/\"},\"sameAs\":[\"https:\\\/\\\/www.facebook.com\\\/airdrinkFrance\\\/\",\"https:\\\/\\\/www.linkedin.com\\\/company\\\/pgsoft\",\"https:\\\/\\\/www.youtube.com\\\/channel\\\/UCV0fIuMlZQZElbCWK93RP9A\"]}]}<\/script>\n<!-- \/ Yoast SEO plugin. -->","yoast_head_json":{"title":"Aviso legal e pol\u00edtica de privacidade - AirDrink","description":"A AIRDRINK oferece solu\u00e7\u00f5es \u00fanicas e inovadoras que produzem \u00e1gua pot\u00e1vel fresca e mineralizada a partir da humidade do ar! Este processo \u00fanico chama-se \"Gerador de \u00c1gua Atmosf\u00e9rica\" e as nossas solu\u00e7\u00f5es s\u00e3o complementares aos diferentes meios de acesso \u00e0 \u00e1gua pot\u00e1vel e permitem um acesso infinito \u00e0 \u00e1gua perto do local de consumo.","robots":{"index":"index","follow":"follow","max-snippet":"max-snippet:-1","max-image-preview":"max-image-preview:large","max-video-preview":"max-video-preview:-1"},"canonical":"https:\/\/airdrink.fr\/pt\/a-propos-5\/","og_locale":"pt_PT","og_type":"article","og_title":"Mentions l\u00e9gales et politique de confidentialit\u00e9 - AirDrink","og_description":"AIRDRINK propose des solutions uniques etinnovantes qui produisent \u00e0 partir de l\u2019humidit\u00e9 de l\u2019air une eau potable, fraiche etmin\u00e9ralis\u00e9e ! Ce proc\u00e9d\u00e9 unique s\u2019appelle \u00abG\u00e9n\u00e9rateur d\u2019eau Atmosph\u00e9rique\u00bb.Nos solutions sont compl\u00e9mentaires aux diff\u00e9rents moyens d\u2019acc\u00e8s \u00e0 l\u2019eaupotable mais et permettent un acc\u00e8s infini \u00e0 l\u2019eau au plus proche du lieu deconsommation.","og_url":"https:\/\/airdrink.fr\/pt\/a-propos-5\/","og_site_name":"AirDrink","article_publisher":"https:\/\/www.facebook.com\/airdrinkFrance\/","article_modified_time":"2024-12-17T06:27:12+00:00","twitter_card":"summary_large_image","twitter_misc":{"Tempo estimado de leitura":"4 minutos"},"schema":{"@context":"https:\/\/schema.org","@graph":[{"@type":"WebPage","@id":"https:\/\/airdrink.fr\/mentions-legales-politique-confidentialite\/","url":"https:\/\/airdrink.fr\/mentions-legales-politique-confidentialite\/","name":"Aviso legal e pol\u00edtica de privacidade - AirDrink","isPartOf":{"@id":"https:\/\/airdrink.fr\/#website"},"datePublished":"2023-06-30T09:32:58+00:00","dateModified":"2024-12-17T06:27:12+00:00","description":"A AIRDRINK oferece solu\u00e7\u00f5es \u00fanicas e inovadoras que produzem \u00e1gua pot\u00e1vel fresca e mineralizada a partir da humidade do ar! Este processo \u00fanico chama-se \"Gerador de \u00c1gua Atmosf\u00e9rica\" e as nossas solu\u00e7\u00f5es s\u00e3o complementares aos diferentes meios de acesso \u00e0 \u00e1gua pot\u00e1vel e permitem um acesso infinito \u00e0 \u00e1gua perto do local de consumo.","breadcrumb":{"@id":"https:\/\/airdrink.fr\/mentions-legales-politique-confidentialite\/#breadcrumb"},"inLanguage":"pt-PT","potentialAction":[{"@type":"ReadAction","target":["https:\/\/airdrink.fr\/mentions-legales-politique-confidentialite\/"]}]},{"@type":"BreadcrumbList","@id":"https:\/\/airdrink.fr\/mentions-legales-politique-confidentialite\/#breadcrumb","itemListElement":[{"@type":"ListItem","position":1,"name":"Accueil","item":"https:\/\/airdrink.fr\/"},{"@type":"ListItem","position":2,"name":"Mentions l\u00e9gales et politique de confidentialit\u00e9"}]},{"@type":"WebSite","@id":"https:\/\/airdrink.fr\/#website","url":"https:\/\/airdrink.fr\/","name":"AirDrink - \u00e1gua do ar!","description":"Airdrink, \u00e1gua do ar!","publisher":{"@id":"https:\/\/airdrink.fr\/#organization"},"potentialAction":[{"@type":"SearchAction","target":{"@type":"EntryPoint","urlTemplate":"https:\/\/airdrink.fr\/?s={search_term_string}"},"query-input":{"@type":"PropertyValueSpecification","valueRequired":true,"valueName":"search_term_string"}}],"inLanguage":"pt-PT"},{"@type":"Organization","@id":"https:\/\/airdrink.fr\/#organization","name":"AirDrink - \u00e1gua do ar!","url":"https:\/\/airdrink.fr\/","logo":{"@type":"ImageObject","inLanguage":"pt-PT","@id":"https:\/\/airdrink.fr\/#\/schema\/logo\/image\/","url":"https:\/\/airdrink.fr\/wp-content\/uploads\/2023\/03\/cropped-logo-Airdrink-plus-HD-v1-3-300x203-1.png","contentUrl":"https:\/\/airdrink.fr\/wp-content\/uploads\/2023\/03\/cropped-logo-Airdrink-plus-HD-v1-3-300x203-1.png","width":300,"height":128,"caption":"AirDrink - de l'eau \u00e0 partir de l'air !"},"image":{"@id":"https:\/\/airdrink.fr\/#\/schema\/logo\/image\/"},"sameAs":["https:\/\/www.facebook.com\/airdrinkFrance\/","https:\/\/www.linkedin.com\/company\/pgsoft","https:\/\/www.youtube.com\/channel\/UCV0fIuMlZQZElbCWK93RP9A"]}]}},"_links":{"self":[{"href":"https:\/\/airdrink.fr\/pt\/wp-json\/wp\/v2\/pages\/2475","targetHints":{"allow":["GET"]}}],"collection":[{"href":"https:\/\/airdrink.fr\/pt\/wp-json\/wp\/v2\/pages"}],"about":[{"href":"https:\/\/airdrink.fr\/pt\/wp-json\/wp\/v2\/types\/page"}],"author":[{"embeddable":true,"href":"https:\/\/airdrink.fr\/pt\/wp-json\/wp\/v2\/users\/1"}],"replies":[{"embeddable":true,"href":"https:\/\/airdrink.fr\/pt\/wp-json\/wp\/v2\/comments?post=2475"}],"version-history":[{"count":0,"href":"https:\/\/airdrink.fr\/pt\/wp-json\/wp\/v2\/pages\/2475\/revisions"}],"wp:attachment":[{"href":"https:\/\/airdrink.fr\/pt\/wp-json\/wp\/v2\/media?parent=2475"}],"curies":[{"name":"wp","href":"https:\/\/api.w.org\/{rel}","templated":true}]}}