{"id":107,"date":"2017-12-14T08:50:41","date_gmt":"2017-12-14T07:50:41","guid":{"rendered":"https:\/\/airdrink.fr\/?page_id=107"},"modified":"2025-09-04T10:05:20","modified_gmt":"2025-09-04T08:05:20","slug":"sss","status":"publish","type":"page","link":"https:\/\/airdrink.fr\/tr\/faq\/","title":{"rendered":"SSS"},"content":{"rendered":"<div class=\"wpb-content-wrapper\"><div data-vc-full-width=\"true\" data-vc-full-width-temp=\"true\" data-vc-full-width-init=\"false\" class=\"vc_row wpb_row vc_row-fluid shape_divider_top-none shape_divider_bottom-none\"><div class=\"wpb_column vc_column_container vc_col-sm-4 sc_layouts_column_icons_position_left\"><div class=\"vc_column-inner\"><div class=\"wpb_wrapper\"><div class=\"vc_empty_space  sc_height_medium\"   style=\"height: 32px\"><span class=\"vc_empty_space_inner\"><\/span><\/div><div id=\"sc_title_1097753558\"\n\t\tclass=\"sc_title sc_title_default\"><h2 class=\"sc_item_title sc_title_title sc_align_left sc_item_title_style_default\"><span class=\"sc_item_title_text\">Modelleri kar\u015f\u0131la\u015ft\u0131r\u0131n<\/span><\/h2><div class=\"sc_item_descr sc_title_descr sc_align_left\"><p>\u0130htiya\u00e7lar\u0131n\u0131z i\u00e7in size m\u00fcmk\u00fcn olan en iyi \u00e7\u00f6z\u00fcm\u00fc sunmak istiyoruz, bu y\u00fczden kar\u015f\u0131la\u015ft\u0131r\u0131n!<\/p>\n<\/div><div class=\"sc_item_button sc_button_wrap sc_align_left\"><a href=\"\/tr\/atmosferik-su-jeneratorlerini-karsilastirin\/\" id=\"sc_button_1253228404\" class=\"sc_button sc_button_default sc_item_button sc_item_button_default sc_title_button sc_button_size_normal sc_button_icon_left\"><span class=\"sc_button_text\"><span class=\"sc_button_title\">Modelleri kar\u015f\u0131la\u015ft\u0131r\u0131n<\/span><\/span><!-- \/.sc_button_text --><\/a><!-- \/.sc_button --><\/div><!-- \/.sc_item_button --><\/div><!-- \/.sc_title --><div id=\"sc_title_2095787901\"\n\t\tclass=\"sc_title sc_title_default\"><span class=\"sc_item_subtitle sc_title_subtitle sc_align_left sc_item_subtitle_above sc_item_title_style_default\">size yard\u0131mc\u0131 olmak i\u00e7in<\/span><h2 class=\"sc_item_title sc_title_title sc_align_left sc_item_title_style_default\"><span class=\"sc_item_title_text\">S\u0131k\u00e7a sorulan sorular<\/span><\/h2><div class=\"sc_item_descr sc_title_descr sc_align_left\"><p>Misyonumuz, suya veya enerjiye eri\u015fimin olmad\u0131\u011f\u0131 yerlerde s\u00fcrd\u00fcr\u00fclebilir bir \u015fekilde g\u00fcvenli, d\u00fc\u015f\u00fck maliyetli i\u00e7me suyuna eri\u015fim sa\u011flamakt\u0131r.<\/p>\n<\/div><div class=\"sc_item_button sc_button_wrap sc_align_left\"><a href=\"\/tr\/iletisim\/\" id=\"sc_button_685217947\" class=\"sc_button sc_button_default sc_item_button sc_item_button_default sc_title_button sc_button_size_normal sc_button_icon_left\"><span class=\"sc_button_text\"><span class=\"sc_button_title\">Bize ula\u015f\u0131n<\/span><\/span><!-- \/.sc_button_text --><\/a><!-- \/.sc_button --><\/div><!-- \/.sc_item_button --><\/div><!-- \/.sc_title --><div class=\"vc_empty_space  sc_height_tiny\"   style=\"height: 32px\"><span class=\"vc_empty_space_inner\"><\/span><\/div><\/div><\/div><\/div><div class=\"wpb_column vc_column_container vc_col-sm-8 sc_layouts_column_icons_position_left\"><div class=\"vc_column-inner\"><div class=\"wpb_wrapper\"><div id=\"sc_content_1749502517\"\n\t\tclass=\"sc_content sc_content_default sc_float_center add_shadow  vc_custom_1545256880849\"><div class=\"sc_content_container\"><div  class=\"vc_do_toggle vc_toggle vc_toggle_arrow vc_toggle_color_default  vc_toggle_size_sm vc_toggle_active\"><div class=\"vc_toggle_title\"><h6 style=\"font-size: 1.22em;text-align: left\" class=\"vc_custom_heading vc_do_custom_heading\" >Kula\u011fa ger\u00e7ek olamayacak kadar iyi geliyor - bu makineler ger\u00e7ekten havadan su \u00fcretiyor mu?<\/h6><i class=\"vc_toggle_icon\"><\/i><\/div><div class=\"vc_toggle_content\"><p style=\"margin-top: 0cm;\">\u00dcnitelerimiz havadaki nemden taze, mineralize i\u00e7me suyu \u00fcretir - s\u0131f\u0131r toksin ve s\u0131f\u0131r yan \u00fcr\u00fcn. Makinelerimiz Fransa'da stoklanmaktad\u0131r ve prototip de\u011fildir. C3 modeli hari\u00e7, serideki di\u011fer modellerin hepsi 10 y\u0131l\u0131 a\u015fk\u0131n s\u00fcredir mevcuttur ve s\u00fcrekli olarak geli\u015ftirilmektedir.<\/p>\n<\/div><\/div><div  class=\"vc_do_toggle vc_toggle vc_toggle_arrow vc_toggle_color_default  vc_toggle_size_sm\"><div class=\"vc_toggle_title\"><h6 style=\"font-size: 1.22em;text-align: left\" class=\"vc_custom_heading vc_do_custom_heading\" >Havada bu kadar kirlilik varken, Generator Airdrink'deki su i\u00e7mek i\u00e7in ger\u00e7ekten g\u00fcvenli mi?<\/h6><i class=\"vc_toggle_icon\"><\/i><\/div><div class=\"vc_toggle_content\"><p style=\"margin-top: 0cm;\">Evet, suyumuz en y\u00fcksek kalitededir - hava kirlili\u011finin suyumuzun kalitesi ve temizli\u011fi \u00fczerinde hi\u00e7bir etkisi yoktur. Su ba\u015flang\u0131\u00e7ta saft\u0131r \u00e7\u00fcnk\u00fc atmosferimizde su buhar\u0131 \u015feklinde bulunur ve daha sonra gazdan s\u0131v\u0131ya yo\u011funla\u015ft\u0131r\u0131l\u0131r. Su buhar\u0131, ozonla i\u015flenmeden \u00f6nce bir hava filtresinden ge\u00e7irilir, temel minerallerle a\u015f\u0131lan\u0131r ve ger\u00e7ekten ferahlat\u0131c\u0131 bir tada sahip temiz ve sa\u011fl\u0131kl\u0131 hale getirilir.<\/p>\n<\/div><\/div><div  class=\"vc_do_toggle vc_toggle vc_toggle_arrow vc_toggle_color_default  vc_toggle_size_sm\"><div class=\"vc_toggle_title\"><h6 style=\"font-size: 1.22em;text-align: left\" class=\"vc_custom_heading vc_do_custom_heading\" >Havadaki nemi almak Atmosfere zarar vermez mi?<\/h6><i class=\"vc_toggle_icon\"><\/i><\/div><div class=\"vc_toggle_content\"><p>Atmosfer, toplu halde havaya buharla\u015fan su ile s\u00fcrekli olarak yenilenir ve kurumaz. Asl\u0131nda, Airdrink Jenerat\u00f6r \u00e7evre \u00fczerinde \u00e7ok daha az etkiye sahiptir, \u00e7\u00fcnk\u00fc nispeten k\u0131sa vadede t\u00fckenebilecek veya kirlenebilecek yeralt\u0131 suyu ve di\u011fer tatl\u0131 su kaynaklar\u0131n\u0131 kullanmaz.<\/p>\n<\/div><\/div><div  class=\"vc_do_toggle vc_toggle vc_toggle_arrow vc_toggle_color_default  vc_toggle_size_sm\"><div class=\"vc_toggle_title\"><h6 style=\"font-size: 1.22em;text-align: left\" class=\"vc_custom_heading vc_do_custom_heading\" >Bir AirDrink \/ DrinkableAir makinesini nas\u0131l sat\u0131n alabilirim?<\/h6><i class=\"vc_toggle_icon\"><\/i><\/div><div class=\"vc_toggle_content\"><p style=\"margin: 0cm; margin-bottom: .0001pt;\">Sitede sunulan t\u00fcm \u00e7\u00f6z\u00fcmler stoklar\u0131m\u0131zda mevcuttur ve \"Ma\u011faza\" men\u00fcs\u00fc \u00fczerinden sipari\u015f edilebilir.<\/p>\n<\/div><\/div><div  class=\"vc_do_toggle vc_toggle vc_toggle_arrow vc_toggle_color_default  vc_toggle_size_sm\"><div class=\"vc_toggle_title\"><h6 style=\"font-size: 1.22em;text-align: left\" class=\"vc_custom_heading vc_do_custom_heading\" >Airdrink Jenerat\u00f6r taraf\u0131ndan \u00fcretilen atmosferik suyun faydalar\u0131 nelerdir?<\/h6><i class=\"vc_toggle_icon\"><\/i><\/div><div class=\"vc_toggle_content\"><p style=\"margin-top: 0cm;\">\u00dcnitelerimizi kullanmak, zararl\u0131 i\u00e7me suyu kirleticilerinden ve tek kullan\u0131ml\u0131k plastiklerden ka\u00e7\u0131narak sa\u011fl\u0131\u011f\u0131n\u0131z\u0131 ve gezegenimizin sa\u011fl\u0131\u011f\u0131n\u0131 ilk s\u0131raya koyar.<br \/>\n\u00dcnitelerimiz, t\u00fcketim noktas\u0131na yak\u0131n ve s\u00fcrd\u00fcr\u00fclebilir bir \u015fekilde y\u00fcksek kaliteli su \u00fcretme avantaj\u0131 sunmaktad\u0131r.<\/p>\n<\/div><\/div><div  class=\"vc_do_toggle vc_toggle vc_toggle_arrow vc_toggle_color_default  vc_toggle_size_sm\"><div class=\"vc_toggle_title\"><h6 style=\"font-size: 1.22em;text-align: left\" class=\"vc_custom_heading vc_do_custom_heading\" >Neden Airdrink atmosferik suya ge\u00e7meliyim? \u015eu anda kulland\u0131\u011f\u0131m musluk suyu veya \u015fi\u015fe suyunun nesi var?<\/h6><i class=\"vc_toggle_icon\"><\/i><\/div><div class=\"vc_toggle_content\"><p>Musluk suyunun baz\u0131 durumlarda sa\u011fl\u0131k \u00fczerinde olumsuz etkileri olabilecek kirleticiler i\u00e7erdi\u011fi bilinmektedir. Buna ek olarak, \u015fi\u015felenmi\u015f su, paketleme s\u00fcrecine dahil olan kimyasallardan ve plasti\u011fin kendisinden suya yeni kirleticiler katmaktad\u0131r. Musluk suyu ve \u015fi\u015felenmi\u015f su kullan\u0131m\u0131n\u0131 en aza indirmek, daha sa\u011fl\u0131kl\u0131 bir ya\u015fam tarz\u0131na do\u011fru at\u0131lm\u0131\u015f bir ad\u0131md\u0131r.<\/p>\n<\/div><\/div><div  class=\"vc_do_toggle vc_toggle vc_toggle_arrow vc_toggle_color_default  vc_toggle_size_sm\"><div class=\"vc_toggle_title\"><h6 style=\"font-size: 1.22em;text-align: left\" class=\"vc_custom_heading vc_do_custom_heading\" >Su haftalarca depoland\u0131\u011f\u0131nda bakteriler nas\u0131l giderilir?<\/h6><i class=\"vc_toggle_icon\"><\/i><\/div><div class=\"vc_toggle_content\"><p style=\"margin-top: 0cm;\">\u00dcnitelerimiz taraf\u0131ndan \u00fcretilen su, ozon ar\u0131tma i\u015fleminden ge\u00e7irilir ve 7,6 ila 8,1 aras\u0131nda stabilize edilmi\u015f pH de\u011ferine sahip alkali su \u00fcretmek i\u00e7in temel mineraller (magnezyum ve kalsiyum) ile a\u015f\u0131lan\u0131r.<\/p>\n<\/div><\/div><div  class=\"vc_do_toggle vc_toggle vc_toggle_arrow vc_toggle_color_default  vc_toggle_size_sm\"><div class=\"vc_toggle_title\"><h6 style=\"font-size: 1.22em;text-align: left\" class=\"vc_custom_heading vc_do_custom_heading\" >Bak\u0131m s\u00fcreci nedir? Kim yapar ve ne s\u0131kl\u0131kla gereklidir?<\/h6><i class=\"vc_toggle_icon\"><\/i><\/div><div class=\"vc_toggle_content\"><p style=\"margin-top: 0cm;\">Airdrink Jenerat\u00f6rler su kalitesini y\u00f6netmek i\u00e7in filtreler kullan\u0131r ve her 4 ila 6 ayda bir periyodik olarak de\u011fi\u015ftirilmesi gerekir (ortam havas\u0131n\u0131n kalitesine ve kullan\u0131lan su miktar\u0131na ba\u011fl\u0131 olarak). Emme sisteminin yukar\u0131s\u0131nda bir hava filtresi ve suyu ar\u0131tan ve temel minerallerle a\u015f\u0131layan iki su filtresi vard\u0131r. Bak\u0131m minimum d\u00fczeydedir - filtreleri de\u011fi\u015ftirmek bir ampul\u00fc de\u011fi\u015ftirmek kadar kolayd\u0131r.<br \/>\nDaha fazla ayr\u0131nt\u0131 i\u00e7in l\u00fctfen C3 ve C8'deki birim bilgilerine bak\u0131n.<br \/>\nFiltre sat\u0131n almak i\u00e7in l\u00fctfen \"Ma\u011faza\" b\u00f6l\u00fcm\u00fcn\u00fc ziyaret edin.<br \/>\nDi\u011fer sorular\u0131n\u0131z i\u00e7in l\u00fctfen bizimle ileti\u015fime ge\u00e7in<\/p>\n<\/div><\/div><div  class=\"vc_do_toggle vc_toggle vc_toggle_arrow vc_toggle_color_default  vc_toggle_size_sm\"><div class=\"vc_toggle_title\"><h6 style=\"font-size: 1.22em;text-align: left\" class=\"vc_custom_heading vc_do_custom_heading\" >D\u00fcnya \u00e7ap\u0131nda teslimat yap\u0131yor musunuz?<\/h6><i class=\"vc_toggle_icon\"><\/i><\/div><div class=\"vc_toggle_content\"><p>Evet, d\u00fcnyan\u0131n hemen her yerine, \u00f6zellikle de Frans\u0131z deniza\u015f\u0131r\u0131 departmanlar\u0131na ve b\u00f6lgelerine, Mayotte, La R\u00e9union, Martinique ve Guadeloupe'a, \u00e7o\u011funlukla hava yoluyla teslimat yap\u0131yoruz.<\/p>\n<\/div><\/div><div  class=\"vc_do_toggle vc_toggle vc_toggle_arrow vc_toggle_color_default  vc_toggle_size_sm\"><div class=\"vc_toggle_title\"><h6 style=\"font-size: 1.22em;text-align: left\" class=\"vc_custom_heading vc_do_custom_heading\" >Makinenizin nem alma cihaz\u0131ndan fark\u0131 nedir? Suyu mineralize ediyor mu?<\/h6><i class=\"vc_toggle_icon\"><\/i><\/div><div class=\"vc_toggle_content\"><p>Su olu\u015fturma a\u00e7\u0131s\u0131ndan, Airdrink makineleri nem al\u0131c\u0131larla bir dizi benzerli\u011fe sahiptir. Ancak ayr\u0131nt\u0131lara indi\u011finizde, kar\u015f\u0131la\u015ft\u0131rmay\u0131 yanl\u0131\u015f k\u0131lan bir dizi farkl\u0131l\u0131k vard\u0131r. Airdrink makineleri i\u00e7me suyu \u00fcretir. Bu, i\u00e7me suyuyla temasa uygun bile\u015fenler se\u00e7ti\u011fimiz ve \u00e7oklu filtreleme ve mineralizasyon s\u00fcre\u00e7leri uygulad\u0131\u011f\u0131m\u0131z anlam\u0131na gelir.<\/p>\n<p>Son olarak, ak\u0131ll\u0131 elektronikler hi\u00e7bir \u015fey i\u00e7in endi\u015felenmenize gerek kalmamas\u0131n\u0131 sa\u011flar: tank doldu\u011funda, makine su \u00fcretmeyi durdurur ve kulland\u0131\u011f\u0131n\u0131z anda kendi kendine tekrar su \u00fcretmeye ba\u015flar. Son olarak, patentli enviroguard ozon sistemimiz d\u00fczenli aral\u0131klarla hi\u00e7bir bakterinin ortaya \u00e7\u0131kmamas\u0131n\u0131 sa\u011flar.<\/p>\n<\/div><\/div><div  class=\"vc_do_toggle vc_toggle vc_toggle_arrow vc_toggle_color_default  vc_toggle_size_sm\"><div class=\"vc_toggle_title\"><h6 style=\"font-size: 1.22em;text-align: left\" class=\"vc_custom_heading vc_do_custom_heading\" >Su flor\u00fcr i\u00e7eriyor mu?<\/h6><i class=\"vc_toggle_icon\"><\/i><\/div><div class=\"vc_toggle_content\"><p style=\"margin-top: 0cm;\">Hay\u0131r, \u00fcnitelerimiz toksin ve kirletici i\u00e7ermeyen su \u00fcretir - AWG s\u00fcrecimizde flor\u00fcr veya klor kullan\u0131lmaz.<\/p>\n<\/div><\/div><div  class=\"vc_do_toggle vc_toggle vc_toggle_arrow vc_toggle_color_default  vc_toggle_size_sm\"><div class=\"vc_toggle_title\"><h6 style=\"font-size: 1.22em;text-align: left\" class=\"vc_custom_heading vc_do_custom_heading\" >\u00dcnitelerin i\u015flevselli\u011finde herhangi bir s\u0131n\u0131r var m\u0131?<\/h6><i class=\"vc_toggle_icon\"><\/i><\/div><div class=\"vc_toggle_content\"><p>Airdrink \u00c7\u00f6z\u00fcmlerinin \u00e7al\u0131\u015fmas\u0131 i\u00e7in bir g\u00fc\u00e7 kayna\u011f\u0131 gerekir - elektrik prizleri, jenerat\u00f6rler ve g\u00fcne\u015f sistemleri, her bir \u00fcnite i\u00e7in enerji gereksinimlerini kar\u015f\u0131lamalar\u0131 ko\u015fuluyla \u00e7al\u0131\u015facakt\u0131r. Ayr\u0131ca, \u00fcnitelerimiz verimli bir \u015fekilde \u00fcretim yapmak i\u00e7in minimum 35% ba\u011f\u0131l nem seviyesine ihtiya\u00e7 duyar.<br \/>\nDaha fazla ayr\u0131nt\u0131 i\u00e7in l\u00fctfen C3 ve C8'deki birim bilgilerine bak\u0131n.<\/p>\n<\/div><\/div><div  class=\"vc_do_toggle vc_toggle vc_toggle_arrow vc_toggle_color_default  vc_toggle_size_sm\"><div class=\"vc_toggle_title\"><h6 style=\"font-size: 1.22em;text-align: left\" class=\"vc_custom_heading vc_do_custom_heading\" >\u00dcretilen suyun fiyat\u0131 nedir?<\/h6><i class=\"vc_toggle_icon\"><\/i><\/div><div class=\"vc_toggle_content\"><p>\u00dcretilen suyun maliyeti esas olarak elektrik fiyat\u0131na ve iklim ko\u015fullar\u0131na ba\u011fl\u0131d\u0131r. Bu nedenle suyun litre ba\u015f\u0131na maliyet fiyat\u0131 esas olarak sahan\u0131n konumuna ba\u011fl\u0131 olacakt\u0131r. Ancak genel olarak, suyumuz \u015fi\u015felenmi\u015f maden suyundan 20 ila 30% daha ucuz olacakt\u0131r (makinenin ve elektri\u011fin sat\u0131n al\u0131nmas\u0131 ve bak\u0131m maliyetini i\u00e7eren bir hesaplama) ve \u00e7\u00f6z\u00fcmler fotovoltaik enerjiye dayan\u0131yorsa daha da fazla olacakt\u0131r.<\/p>\n<\/div><\/div><\/div><\/div><!-- \/.sc_content --><\/div><\/div><\/div><\/div><div class=\"vc_row-full-width vc_clearfix\"><\/div>\n<\/div>","protected":false},"excerpt":{"rendered":"Comparer les mod\u00e8lesNous souhaitons vous fournir la meilleure solution possible en fonction de vos besoins,&hellip;","protected":false},"author":1,"featured_media":0,"parent":0,"menu_order":0,"comment_status":"closed","ping_status":"closed","template":"","meta":{"_angie_page":false,"footnotes":""},"class_list":["post-107","page","type-page","status-publish","hentry"],"yoast_head":"<!-- This site is optimized with the Yoast SEO plugin v27.5 - https:\/\/yoast.com\/product\/yoast-seo-wordpress\/ -->\n<title>FAQ - AirDrink<\/title>\n<meta name=\"description\" content=\"AIRDRINK propose des solutions uniques etinnovantes qui produisent \u00e0 partir de l\u2019humidit\u00e9 de l\u2019air une eau potable, fraiche etmin\u00e9ralis\u00e9e ! Ce proc\u00e9d\u00e9 unique s\u2019appelle \u00abG\u00e9n\u00e9rateur d\u2019eau Atmosph\u00e9rique\u00bb.Nos solutions sont compl\u00e9mentaires aux diff\u00e9rents moyens d\u2019acc\u00e8s \u00e0 l\u2019eaupotable mais et permettent un acc\u00e8s infini \u00e0 l\u2019eau au plus proche du lieu deconsommation.\" \/>\n<meta name=\"robots\" content=\"index, follow, max-snippet:-1, max-image-preview:large, max-video-preview:-1\" \/>\n<link rel=\"canonical\" href=\"https:\/\/airdrink.fr\/tr\/sss\/\" \/>\n<meta property=\"og:locale\" content=\"tr_TR\" \/>\n<meta property=\"og:type\" content=\"article\" \/>\n<meta property=\"og:title\" content=\"FAQ - AirDrink\" \/>\n<meta property=\"og:description\" content=\"AIRDRINK propose des solutions uniques etinnovantes qui produisent \u00e0 partir de l\u2019humidit\u00e9 de l\u2019air une eau potable, fraiche etmin\u00e9ralis\u00e9e ! Ce proc\u00e9d\u00e9 unique s\u2019appelle \u00abG\u00e9n\u00e9rateur d\u2019eau Atmosph\u00e9rique\u00bb.Nos solutions sont compl\u00e9mentaires aux diff\u00e9rents moyens d\u2019acc\u00e8s \u00e0 l\u2019eaupotable mais et permettent un acc\u00e8s infini \u00e0 l\u2019eau au plus proche du lieu deconsommation.\" \/>\n<meta property=\"og:url\" content=\"https:\/\/airdrink.fr\/tr\/sss\/\" \/>\n<meta property=\"og:site_name\" content=\"AirDrink\" \/>\n<meta property=\"article:publisher\" content=\"https:\/\/www.facebook.com\/airdrinkFrance\/\" \/>\n<meta property=\"article:modified_time\" content=\"2025-09-04T08:05:20+00:00\" \/>\n<meta name=\"twitter:card\" content=\"summary_large_image\" \/>\n<meta name=\"twitter:label1\" content=\"Tahmini okuma s\u00fcresi\" \/>\n\t<meta name=\"twitter:data1\" content=\"6 dakika\" \/>\n<script type=\"application\/ld+json\" class=\"yoast-schema-graph\">{\"@context\":\"https:\\\/\\\/schema.org\",\"@graph\":[{\"@type\":\"WebPage\",\"@id\":\"https:\\\/\\\/airdrink.fr\\\/faq\\\/\",\"url\":\"https:\\\/\\\/airdrink.fr\\\/faq\\\/\",\"name\":\"FAQ - AirDrink\",\"isPartOf\":{\"@id\":\"https:\\\/\\\/airdrink.fr\\\/#website\"},\"datePublished\":\"2017-12-14T07:50:41+00:00\",\"dateModified\":\"2025-09-04T08:05:20+00:00\",\"description\":\"AIRDRINK propose des solutions uniques etinnovantes qui produisent \u00e0 partir de l\u2019humidit\u00e9 de l\u2019air une eau potable, fraiche etmin\u00e9ralis\u00e9e ! Ce proc\u00e9d\u00e9 unique s\u2019appelle \u00abG\u00e9n\u00e9rateur d\u2019eau Atmosph\u00e9rique\u00bb.Nos solutions sont compl\u00e9mentaires aux diff\u00e9rents moyens d\u2019acc\u00e8s \u00e0 l\u2019eaupotable mais et permettent un acc\u00e8s infini \u00e0 l\u2019eau au plus proche du lieu deconsommation.\",\"breadcrumb\":{\"@id\":\"https:\\\/\\\/airdrink.fr\\\/faq\\\/#breadcrumb\"},\"inLanguage\":\"tr\",\"potentialAction\":[{\"@type\":\"ReadAction\",\"target\":[\"https:\\\/\\\/airdrink.fr\\\/faq\\\/\"]}]},{\"@type\":\"BreadcrumbList\",\"@id\":\"https:\\\/\\\/airdrink.fr\\\/faq\\\/#breadcrumb\",\"itemListElement\":[{\"@type\":\"ListItem\",\"position\":1,\"name\":\"Accueil\",\"item\":\"https:\\\/\\\/airdrink.fr\\\/\"},{\"@type\":\"ListItem\",\"position\":2,\"name\":\"FAQ\"}]},{\"@type\":\"WebSite\",\"@id\":\"https:\\\/\\\/airdrink.fr\\\/#website\",\"url\":\"https:\\\/\\\/airdrink.fr\\\/\",\"name\":\"AirDrink - de l'eau \u00e0 partir de l'air !\",\"description\":\"Airdrink, de l'eau &agrave; partir de l'air !\",\"publisher\":{\"@id\":\"https:\\\/\\\/airdrink.fr\\\/#organization\"},\"potentialAction\":[{\"@type\":\"SearchAction\",\"target\":{\"@type\":\"EntryPoint\",\"urlTemplate\":\"https:\\\/\\\/airdrink.fr\\\/?s={search_term_string}\"},\"query-input\":{\"@type\":\"PropertyValueSpecification\",\"valueRequired\":true,\"valueName\":\"search_term_string\"}}],\"inLanguage\":\"tr\"},{\"@type\":\"Organization\",\"@id\":\"https:\\\/\\\/airdrink.fr\\\/#organization\",\"name\":\"AirDrink - de l'eau \u00e0 partir de l'air !\",\"url\":\"https:\\\/\\\/airdrink.fr\\\/\",\"logo\":{\"@type\":\"ImageObject\",\"inLanguage\":\"tr\",\"@id\":\"https:\\\/\\\/airdrink.fr\\\/#\\\/schema\\\/logo\\\/image\\\/\",\"url\":\"https:\\\/\\\/airdrink.fr\\\/wp-content\\\/uploads\\\/2023\\\/03\\\/cropped-logo-Airdrink-plus-HD-v1-3-300x203-1.png\",\"contentUrl\":\"https:\\\/\\\/airdrink.fr\\\/wp-content\\\/uploads\\\/2023\\\/03\\\/cropped-logo-Airdrink-plus-HD-v1-3-300x203-1.png\",\"width\":300,\"height\":128,\"caption\":\"AirDrink - de l'eau \u00e0 partir de l'air !\"},\"image\":{\"@id\":\"https:\\\/\\\/airdrink.fr\\\/#\\\/schema\\\/logo\\\/image\\\/\"},\"sameAs\":[\"https:\\\/\\\/www.facebook.com\\\/airdrinkFrance\\\/\",\"https:\\\/\\\/www.linkedin.com\\\/company\\\/pgsoft\",\"https:\\\/\\\/www.youtube.com\\\/channel\\\/UCV0fIuMlZQZElbCWK93RP9A\"]}]}<\/script>\n<!-- \/ Yoast SEO plugin. -->","yoast_head_json":{"title":"SSS - AirDrink","description":"AIRDRINK havadaki nemden taze, mineralize i\u00e7me suyu \u00fcreten benzersiz ve yenilik\u00e7i \u00e7\u00f6z\u00fcmler sunar! Bu benzersiz s\u00fcre\u00e7 \"Atmosferik Su Jenerat\u00f6r\u00fc\" olarak adland\u0131r\u0131l\u0131r ve \u00e7\u00f6z\u00fcmlerimiz i\u00e7me suyuna eri\u015fimin farkl\u0131 yollar\u0131n\u0131 tamamlay\u0131c\u0131 niteliktedir ve t\u00fcketim yerine yak\u0131n bir yerde suya sonsuz eri\u015fim sa\u011flar.","robots":{"index":"index","follow":"follow","max-snippet":"max-snippet:-1","max-image-preview":"max-image-preview:large","max-video-preview":"max-video-preview:-1"},"canonical":"https:\/\/airdrink.fr\/tr\/sss\/","og_locale":"tr_TR","og_type":"article","og_title":"FAQ - AirDrink","og_description":"AIRDRINK propose des solutions uniques etinnovantes qui produisent \u00e0 partir de l\u2019humidit\u00e9 de l\u2019air une eau potable, fraiche etmin\u00e9ralis\u00e9e ! Ce proc\u00e9d\u00e9 unique s\u2019appelle \u00abG\u00e9n\u00e9rateur d\u2019eau Atmosph\u00e9rique\u00bb.Nos solutions sont compl\u00e9mentaires aux diff\u00e9rents moyens d\u2019acc\u00e8s \u00e0 l\u2019eaupotable mais et permettent un acc\u00e8s infini \u00e0 l\u2019eau au plus proche du lieu deconsommation.","og_url":"https:\/\/airdrink.fr\/tr\/sss\/","og_site_name":"AirDrink","article_publisher":"https:\/\/www.facebook.com\/airdrinkFrance\/","article_modified_time":"2025-09-04T08:05:20+00:00","twitter_card":"summary_large_image","twitter_misc":{"Tahmini okuma s\u00fcresi":"6 dakika"},"schema":{"@context":"https:\/\/schema.org","@graph":[{"@type":"WebPage","@id":"https:\/\/airdrink.fr\/faq\/","url":"https:\/\/airdrink.fr\/faq\/","name":"SSS - AirDrink","isPartOf":{"@id":"https:\/\/airdrink.fr\/#website"},"datePublished":"2017-12-14T07:50:41+00:00","dateModified":"2025-09-04T08:05:20+00:00","description":"AIRDRINK havadaki nemden taze, mineralize i\u00e7me suyu \u00fcreten benzersiz ve yenilik\u00e7i \u00e7\u00f6z\u00fcmler sunar! Bu benzersiz s\u00fcre\u00e7 \"Atmosferik Su Jenerat\u00f6r\u00fc\" olarak adland\u0131r\u0131l\u0131r ve \u00e7\u00f6z\u00fcmlerimiz i\u00e7me suyuna eri\u015fimin farkl\u0131 yollar\u0131n\u0131 tamamlay\u0131c\u0131 niteliktedir ve t\u00fcketim yerine yak\u0131n bir yerde suya sonsuz eri\u015fim sa\u011flar.","breadcrumb":{"@id":"https:\/\/airdrink.fr\/faq\/#breadcrumb"},"inLanguage":"tr","potentialAction":[{"@type":"ReadAction","target":["https:\/\/airdrink.fr\/faq\/"]}]},{"@type":"BreadcrumbList","@id":"https:\/\/airdrink.fr\/faq\/#breadcrumb","itemListElement":[{"@type":"ListItem","position":1,"name":"Accueil","item":"https:\/\/airdrink.fr\/"},{"@type":"ListItem","position":2,"name":"FAQ"}]},{"@type":"WebSite","@id":"https:\/\/airdrink.fr\/#website","url":"https:\/\/airdrink.fr\/","name":"AirDrink - havadan su!","description":"Airdrink, havadan su!","publisher":{"@id":"https:\/\/airdrink.fr\/#organization"},"potentialAction":[{"@type":"SearchAction","target":{"@type":"EntryPoint","urlTemplate":"https:\/\/airdrink.fr\/?s={search_term_string}"},"query-input":{"@type":"PropertyValueSpecification","valueRequired":true,"valueName":"search_term_string"}}],"inLanguage":"tr"},{"@type":"Organization","@id":"https:\/\/airdrink.fr\/#organization","name":"AirDrink - havadan su!","url":"https:\/\/airdrink.fr\/","logo":{"@type":"ImageObject","inLanguage":"tr","@id":"https:\/\/airdrink.fr\/#\/schema\/logo\/image\/","url":"https:\/\/airdrink.fr\/wp-content\/uploads\/2023\/03\/cropped-logo-Airdrink-plus-HD-v1-3-300x203-1.png","contentUrl":"https:\/\/airdrink.fr\/wp-content\/uploads\/2023\/03\/cropped-logo-Airdrink-plus-HD-v1-3-300x203-1.png","width":300,"height":128,"caption":"AirDrink - de l'eau \u00e0 partir de l'air !"},"image":{"@id":"https:\/\/airdrink.fr\/#\/schema\/logo\/image\/"},"sameAs":["https:\/\/www.facebook.com\/airdrinkFrance\/","https:\/\/www.linkedin.com\/company\/pgsoft","https:\/\/www.youtube.com\/channel\/UCV0fIuMlZQZElbCWK93RP9A"]}]}},"_links":{"self":[{"href":"https:\/\/airdrink.fr\/tr\/wp-json\/wp\/v2\/pages\/107","targetHints":{"allow":["GET"]}}],"collection":[{"href":"https:\/\/airdrink.fr\/tr\/wp-json\/wp\/v2\/pages"}],"about":[{"href":"https:\/\/airdrink.fr\/tr\/wp-json\/wp\/v2\/types\/page"}],"author":[{"embeddable":true,"href":"https:\/\/airdrink.fr\/tr\/wp-json\/wp\/v2\/users\/1"}],"replies":[{"embeddable":true,"href":"https:\/\/airdrink.fr\/tr\/wp-json\/wp\/v2\/comments?post=107"}],"version-history":[{"count":0,"href":"https:\/\/airdrink.fr\/tr\/wp-json\/wp\/v2\/pages\/107\/revisions"}],"wp:attachment":[{"href":"https:\/\/airdrink.fr\/tr\/wp-json\/wp\/v2\/media?parent=107"}],"curies":[{"name":"wp","href":"https:\/\/api.w.org\/{rel}","templated":true}]}}