{"id":1283,"date":"2018-12-05T12:37:08","date_gmt":"2018-12-05T11:37:08","guid":{"rendered":"https:\/\/airdrink.fr\/?page_id=1283"},"modified":"2023-06-30T10:04:49","modified_gmt":"2023-06-30T09:04:49","slug":"legal_references_privacy_policy","status":"publish","type":"page","link":"https:\/\/airdrink.fr\/tr\/mentions_legales_politique_confidentialite\/","title":{"rendered":"Gizlilik politikas\u0131 - veri koruma"},"content":{"rendered":"<div class=\"wpb-content-wrapper\"><div class=\"vc_row wpb_row vc_row-fluid shape_divider_top-none shape_divider_bottom-none scheme_default\"><div class=\"wpb_column vc_column_container vc_col-sm-12 sc_layouts_column_icons_position_left\"><div class=\"vc_column-inner\"><div class=\"wpb_wrapper\"><div class=\"vc_empty_space\"   style=\"height: 4em\"><span class=\"vc_empty_space_inner\"><\/span><\/div><div id=\"sc_content_2113800059\"\n\t\tclass=\"sc_content sc_content_default sc_float_center sc_padding_medium p70\"><div class=\"sc_content_container\">\n\t<div class=\"wpb_text_column wpb_content_element\" >\n\t\t<div class=\"wpb_wrapper\">\n\t\t\t<div style=\"text-align: justify;\"><strong>YASAL BI\u0307LDI\u0307RI\u0307M VE GI\u0307ZLI\u0307LI\u0307K POLI\u0307TI\u0307KASI<\/strong><\/div>\n<div style=\"text-align: justify;\"><strong>1 - Sitenin d\u00fczenlenmesi<\/strong><\/div>\n<div style=\"text-align: justify;\">Dijital ekonomide g\u00fcvene ili\u015fkin 21 Haziran 2004 tarihli ve 2004-575 say\u0131l\u0131 Frans\u0131z Kanunu'nun 6. Maddesi uyar\u0131nca, https:\/\/airdrink.fr\/ web sitesinin kullan\u0131c\u0131lar\u0131, web sitesinin olu\u015fturulmas\u0131 ve izlenmesinde yer alan \u00e7e\u015fitli taraflar\u0131n kimlikleri hakk\u0131nda bilgilendirilmektedir:<\/div>\n<div style=\"text-align: justify;\">Site sahibi: Philippe GONIN<br \/>\n\u0130leti\u015fim: contact@airdrink.fr 04 42 18 22 35<br \/>\nAdres: 14 Chem. de la Passerelle, 13720 La Bouilladisse.<\/div>\n<div style=\"text-align: justify;\">\u015eirket kimli\u011fi: 1000 \u20ac sermayeli SARL Philippe GONIN<br \/>\nSIREN: 894313261 - RCS veya RM :<br \/>\nPosta adresi: 14 Chem. de la Passerelle, 13720 La Bouilladisse<\/div>\n<div style=\"text-align: justify;\">https:\/\/airdrink.fr\/cgv\/<\/div>\n<div style=\"text-align: justify;\">Yay\u0131n Direkt\u00f6r\u00fc: Philippe GONIN<\/div>\n<div style=\"text-align: justify;\">Bar\u0131nd\u0131rma : Gandi - 63-65 Boulevard Mass\u00e9na, 75013 Paris - Telefon : 01.70.37.76.61<\/div>\n<div style=\"text-align: justify;\">Veri Koruma G\u00f6revlisi : Philippe GONIN<\/div>\n<div style=\"text-align: justify;\"><strong>2 - Fikri m\u00fclkiyet ve sahtecilik.<\/strong><\/div>\n<div style=\"text-align: justify;\">Philippe GONIN fikri m\u00fclkiyet haklar\u0131n\u0131n sahibidir ve web sitesinde eri\u015filebilen t\u00fcm unsurlar\u0131n, \u00f6zellikle metinlerin, resimlerin, grafiklerin, logolar\u0131n, videolar\u0131n, mimarinin, simgelerin ve seslerin kullan\u0131m haklar\u0131na sahiptir. Bu web sitesinin i\u00e7eri\u011finin tamam\u0131n\u0131n veya bir k\u0131sm\u0131n\u0131n herhangi bir \u015fekilde \u00e7o\u011falt\u0131lmas\u0131, temsili, de\u011fi\u015ftirilmesi, yay\u0131nlanmas\u0131 veya uyarlanmas\u0131 kesinlikle yasakt\u0131r.<\/div>\n<div style=\"text-align: justify;\">Sahibinin yaz\u0131l\u0131 izni olmad\u0131k\u00e7a, kullan\u0131lan ara\u00e7 veya s\u00fcre\u00e7 ne olursa olsun, sitenin unsurlar\u0131n\u0131n kullan\u0131lmas\u0131 yasakt\u0131r.<\/div>\n<div style=\"text-align: justify;\">Philippe GONIN'den al\u0131nm\u0131\u015ft\u0131r. Sitenin veya i\u00e7erdi\u011fi unsurlardan herhangi birinin izinsiz kullan\u0131m\u0131 bir ihlal olarak kabul edilecek ve Fikri M\u00fclkiyet Kanunu h\u00fck\u00fcmlerine g\u00f6re kovu\u015fturulacakt\u0131r.<\/div>\n<div style=\"text-align: justify;\">Frans\u0131z Fikri M\u00fclkiyet Kanunu'nun L.335-2 ve devam\u0131 maddeleri.<\/div>\n<div style=\"text-align: justify;\"><strong>3 - Sorumluluk s\u0131n\u0131rlamalar\u0131.<\/strong><\/div>\n<div style=\"text-align: justify;\">Philippe GONIN, a\u015fa\u011f\u0131dakilerin neden oldu\u011fu do\u011frudan veya dolayl\u0131 zararlardan sorumlu tutulamaz<\/div>\n<div style=\"text-align: justify;\">https:\/\/airdrink.fr\/ web sitesine eri\u015firken kullan\u0131c\u0131n\u0131n ekipman\u0131. Philippe GONIN, https:\/\/airdrink.fr\/ adresinde bulunan bilgi ve i\u00e7eri\u011fin kullan\u0131m\u0131na ili\u015fkin t\u00fcm sorumlulu\u011fu reddeder. Philippe GONIN, https:\/\/airdrink.fr\/ sitesinin m\u00fcmk\u00fcn oldu\u011funca g\u00fcvenli olmas\u0131n\u0131 sa\u011flamay\u0131 taahh\u00fct eder, ancak kendi bilgisi d\u0131\u015f\u0131nda istenmeyen verilerin siteye aktar\u0131lmas\u0131 ve y\u00fcklenmesi durumunda sorumlu tutulamaz. Etkile\u015fimli alanlar (ileti\u015fim alan\u0131 veya yorumlar) kullan\u0131c\u0131lar taraf\u0131ndan kullan\u0131labilir. Philippe GONIN, bu alanda yay\u0131nlanan ve Fransa'da y\u00fcr\u00fcrl\u00fckte olan mevzuata, \u00f6zellikle de veri koruma ile ilgili h\u00fck\u00fcmlere ayk\u0131r\u0131 olan her t\u00fcrl\u00fc i\u00e7eri\u011fi \u00f6nceden haber vermeksizin silme hakk\u0131n\u0131 sakl\u0131 tutar.<\/div>\n<div style=\"text-align: justify;\">Uygulanabilir oldu\u011fu durumlarda, Philippe GONIN, \u00f6zellikle \u0131rk\u00e7\u0131, hakaret i\u00e7eren, karalay\u0131c\u0131 veya pornografik nitelikteki mesajlar s\u00f6z konusu oldu\u011funda, kullan\u0131lan ara\u00e7 ne olursa olsun (metin, foto\u011fraf vb.) kullan\u0131c\u0131y\u0131 hukuki ve\/veya cezai olarak sorumlu tutma hakk\u0131n\u0131 da sakl\u0131 tutar.<\/div>\n<div style=\"text-align: justify;\"><strong>4 - CNIL ve ki\u015fisel veri y\u00f6netimi.<\/strong><\/div>\n<div style=\"text-align: justify;\">De\u011fi\u015ftirilmi\u015f haliyle 6 Ocak 1978 tarihli ve 78-17 say\u0131l\u0131 Kanun h\u00fck\u00fcmleri uyar\u0131nca, https:\/\/airdrink.fr\/ web sitesinin kullan\u0131c\u0131lar\u0131 toplanan bilgilere eri\u015fme, bunlar\u0131 de\u011fi\u015ftirme ve silme hakk\u0131na sahiptir. Bu hakk\u0131 kullanmak i\u00e7in l\u00fctfen Veri Koruma G\u00f6revlimize bir mesaj g\u00f6nderin: Philippe GONIN.<\/div>\n<div style=\"text-align: justify;\"><strong>5 - Hiper metin ba\u011flant\u0131lar\u0131 ve \u00e7erezler<\/strong><\/div>\n<div style=\"text-align: justify;\">\n<p>https:\/\/airdrink.fr\/ sitesi di\u011fer sitelere k\u00f6pr\u00fc metin ba\u011flant\u0131lar\u0131 i\u00e7erir ve bu harici ba\u011flant\u0131lar veya di\u011fer siteler taraf\u0131ndan https:\/\/airdrink.fr\/'a olu\u015fturulan ba\u011flant\u0131lar i\u00e7in hi\u00e7bir sorumluluk kabul etmez. https:\/\/airdrink.fr\/ web sitesinde gezinmek, kullan\u0131c\u0131n\u0131n bilgisayar\u0131na \u00e7erezlerin y\u00fcklenmesine neden olabilir. \"\u00c7erez\", bir kullan\u0131c\u0131n\u0131n bir sitede gezinmesi hakk\u0131ndaki bilgileri kaydeden k\u00fc\u00e7\u00fck bir dosyad\u0131r. Bu \u015fekilde elde edilen veriler, \u00f6rne\u011fin ziyaret\u00e7i say\u0131lar\u0131n\u0131 \u00f6l\u00e7mek i\u00e7in kullan\u0131labilir. Taray\u0131c\u0131 ayarlar\u0131n\u0131z\u0131 de\u011fi\u015ftirerek \u00e7erezleri kabul edebilir veya reddedebilirsiniz. \u0130zniniz olmadan hi\u00e7bir \u00e7erez depolanmayacakt\u0131r. \u00c7erezler en fazla 12 ay s\u00fcreyle saklan\u0131r.\n<\/p><\/div>\n<div style=\"text-align: justify;\"><strong>6 - Uygulanacak hukuk ve yarg\u0131 yetkisi.<\/strong><\/div>\n<div style=\"text-align: justify;\">https:\/\/airdrink.fr\/ web sitesinin kullan\u0131m\u0131 ile ilgili her t\u00fcrl\u00fc anla\u015fmazl\u0131k Frans\u0131z yasalar\u0131na tabidir. i\u00e7in<\/div>\n<div style=\"text-align: justify;\">Kanunun izin vermedi\u011fi haller d\u0131\u015f\u0131nda, mahkemeler m\u00fcnhas\u0131r yarg\u0131 yetkisine sahiptir.<\/div>\n<div style=\"text-align: justify;\">Aix-en-Provence'da.<\/div>\n\n\t\t<\/div>\n\t<\/div>\n<\/div><\/div><!-- \/.sc_content --><div class=\"vc_empty_space\"   style=\"height: 4em\"><span class=\"vc_empty_space_inner\"><\/span><\/div><\/div><\/div><\/div><\/div>\n<\/div>","protected":false},"excerpt":{"rendered":"YASAL UYARILAR VE G\u0130ZL\u0130L\u0130K POL\u0130T\u0130KASI 1 - Sitenin yay\u0131nlanmas\u0131 Madde uyar\u0131nca...","protected":false},"author":1,"featured_media":0,"parent":0,"menu_order":0,"comment_status":"closed","ping_status":"closed","template":"","meta":{"_angie_page":false,"footnotes":""},"class_list":["post-1283","page","type-page","status-publish","hentry"],"yoast_head":"<!-- This site is optimized with the Yoast SEO plugin v27.5 - https:\/\/yoast.com\/product\/yoast-seo-wordpress\/ -->\n<title>Politique de confidentialit\u00e9 - protection des donn\u00e9es - AirDrink<\/title>\n<meta name=\"description\" content=\"AIRDRINK propose des solutions uniques etinnovantes qui produisent \u00e0 partir de l\u2019humidit\u00e9 de l\u2019air une eau potable, fraiche etmin\u00e9ralis\u00e9e ! Ce proc\u00e9d\u00e9 unique s\u2019appelle \u00abG\u00e9n\u00e9rateur d\u2019eau Atmosph\u00e9rique\u00bb.Nos solutions sont compl\u00e9mentaires aux diff\u00e9rents moyens d\u2019acc\u00e8s \u00e0 l\u2019eaupotable mais et permettent un acc\u00e8s infini \u00e0 l\u2019eau au plus proche du lieu deconsommation.\" \/>\n<meta name=\"robots\" content=\"index, follow, max-snippet:-1, max-image-preview:large, max-video-preview:-1\" \/>\n<link rel=\"canonical\" href=\"https:\/\/airdrink.fr\/tr\/legal_references_privacy_policy\/\" \/>\n<meta property=\"og:locale\" content=\"tr_TR\" \/>\n<meta property=\"og:type\" content=\"article\" \/>\n<meta property=\"og:title\" content=\"Politique de confidentialit\u00e9 - protection des donn\u00e9es - AirDrink\" \/>\n<meta property=\"og:description\" content=\"AIRDRINK propose des solutions uniques etinnovantes qui produisent \u00e0 partir de l\u2019humidit\u00e9 de l\u2019air une eau potable, fraiche etmin\u00e9ralis\u00e9e ! Ce proc\u00e9d\u00e9 unique s\u2019appelle \u00abG\u00e9n\u00e9rateur d\u2019eau Atmosph\u00e9rique\u00bb.Nos solutions sont compl\u00e9mentaires aux diff\u00e9rents moyens d\u2019acc\u00e8s \u00e0 l\u2019eaupotable mais et permettent un acc\u00e8s infini \u00e0 l\u2019eau au plus proche du lieu deconsommation.\" \/>\n<meta property=\"og:url\" content=\"https:\/\/airdrink.fr\/tr\/legal_references_privacy_policy\/\" \/>\n<meta property=\"og:site_name\" content=\"AirDrink\" \/>\n<meta property=\"article:publisher\" content=\"https:\/\/www.facebook.com\/airdrinkFrance\/\" \/>\n<meta property=\"article:modified_time\" content=\"2023-06-30T09:04:49+00:00\" \/>\n<meta name=\"twitter:card\" content=\"summary_large_image\" \/>\n<meta name=\"twitter:label1\" content=\"Tahmini okuma s\u00fcresi\" \/>\n\t<meta name=\"twitter:data1\" content=\"4 dakika\" \/>\n<script type=\"application\/ld+json\" class=\"yoast-schema-graph\">{\"@context\":\"https:\\\/\\\/schema.org\",\"@graph\":[{\"@type\":\"WebPage\",\"@id\":\"https:\\\/\\\/airdrink.fr\\\/mentions_legales_politique_confidentialite\\\/\",\"url\":\"https:\\\/\\\/airdrink.fr\\\/mentions_legales_politique_confidentialite\\\/\",\"name\":\"Politique de confidentialit\u00e9 - protection des donn\u00e9es - AirDrink\",\"isPartOf\":{\"@id\":\"https:\\\/\\\/airdrink.fr\\\/#website\"},\"datePublished\":\"2018-12-05T11:37:08+00:00\",\"dateModified\":\"2023-06-30T09:04:49+00:00\",\"description\":\"AIRDRINK propose des solutions uniques etinnovantes qui produisent \u00e0 partir de l\u2019humidit\u00e9 de l\u2019air une eau potable, fraiche etmin\u00e9ralis\u00e9e ! Ce proc\u00e9d\u00e9 unique s\u2019appelle \u00abG\u00e9n\u00e9rateur d\u2019eau Atmosph\u00e9rique\u00bb.Nos solutions sont compl\u00e9mentaires aux diff\u00e9rents moyens d\u2019acc\u00e8s \u00e0 l\u2019eaupotable mais et permettent un acc\u00e8s infini \u00e0 l\u2019eau au plus proche du lieu deconsommation.\",\"breadcrumb\":{\"@id\":\"https:\\\/\\\/airdrink.fr\\\/mentions_legales_politique_confidentialite\\\/#breadcrumb\"},\"inLanguage\":\"tr\",\"potentialAction\":[{\"@type\":\"ReadAction\",\"target\":[\"https:\\\/\\\/airdrink.fr\\\/mentions_legales_politique_confidentialite\\\/\"]}]},{\"@type\":\"BreadcrumbList\",\"@id\":\"https:\\\/\\\/airdrink.fr\\\/mentions_legales_politique_confidentialite\\\/#breadcrumb\",\"itemListElement\":[{\"@type\":\"ListItem\",\"position\":1,\"name\":\"Accueil\",\"item\":\"https:\\\/\\\/airdrink.fr\\\/\"},{\"@type\":\"ListItem\",\"position\":2,\"name\":\"Politique de confidentialit\u00e9 &#8211; protection des donn\u00e9es\"}]},{\"@type\":\"WebSite\",\"@id\":\"https:\\\/\\\/airdrink.fr\\\/#website\",\"url\":\"https:\\\/\\\/airdrink.fr\\\/\",\"name\":\"AirDrink - de l'eau \u00e0 partir de l'air !\",\"description\":\"Airdrink, de l'eau &agrave; partir de l'air !\",\"publisher\":{\"@id\":\"https:\\\/\\\/airdrink.fr\\\/#organization\"},\"potentialAction\":[{\"@type\":\"SearchAction\",\"target\":{\"@type\":\"EntryPoint\",\"urlTemplate\":\"https:\\\/\\\/airdrink.fr\\\/?s={search_term_string}\"},\"query-input\":{\"@type\":\"PropertyValueSpecification\",\"valueRequired\":true,\"valueName\":\"search_term_string\"}}],\"inLanguage\":\"tr\"},{\"@type\":\"Organization\",\"@id\":\"https:\\\/\\\/airdrink.fr\\\/#organization\",\"name\":\"AirDrink - de l'eau \u00e0 partir de l'air !\",\"url\":\"https:\\\/\\\/airdrink.fr\\\/\",\"logo\":{\"@type\":\"ImageObject\",\"inLanguage\":\"tr\",\"@id\":\"https:\\\/\\\/airdrink.fr\\\/#\\\/schema\\\/logo\\\/image\\\/\",\"url\":\"https:\\\/\\\/airdrink.fr\\\/wp-content\\\/uploads\\\/2023\\\/03\\\/cropped-logo-Airdrink-plus-HD-v1-3-300x203-1.png\",\"contentUrl\":\"https:\\\/\\\/airdrink.fr\\\/wp-content\\\/uploads\\\/2023\\\/03\\\/cropped-logo-Airdrink-plus-HD-v1-3-300x203-1.png\",\"width\":300,\"height\":128,\"caption\":\"AirDrink - de l'eau \u00e0 partir de l'air !\"},\"image\":{\"@id\":\"https:\\\/\\\/airdrink.fr\\\/#\\\/schema\\\/logo\\\/image\\\/\"},\"sameAs\":[\"https:\\\/\\\/www.facebook.com\\\/airdrinkFrance\\\/\",\"https:\\\/\\\/www.linkedin.com\\\/company\\\/pgsoft\",\"https:\\\/\\\/www.youtube.com\\\/channel\\\/UCV0fIuMlZQZElbCWK93RP9A\"]}]}<\/script>\n<!-- \/ Yoast SEO plugin. -->","yoast_head_json":{"title":"Gizlilik politikas\u0131 - veri koruma - AirDrink","description":"AIRDRINK havadaki nemden taze, mineralize i\u00e7me suyu \u00fcreten benzersiz ve yenilik\u00e7i \u00e7\u00f6z\u00fcmler sunar! Bu benzersiz s\u00fcre\u00e7 \"Atmosferik Su Jenerat\u00f6r\u00fc\" olarak adland\u0131r\u0131l\u0131r ve \u00e7\u00f6z\u00fcmlerimiz i\u00e7me suyuna eri\u015fimin farkl\u0131 yollar\u0131n\u0131 tamamlay\u0131c\u0131 niteliktedir ve t\u00fcketim yerine yak\u0131n bir yerde suya sonsuz eri\u015fim sa\u011flar.","robots":{"index":"index","follow":"follow","max-snippet":"max-snippet:-1","max-image-preview":"max-image-preview:large","max-video-preview":"max-video-preview:-1"},"canonical":"https:\/\/airdrink.fr\/tr\/legal_references_privacy_policy\/","og_locale":"tr_TR","og_type":"article","og_title":"Politique de confidentialit\u00e9 - protection des donn\u00e9es - AirDrink","og_description":"AIRDRINK propose des solutions uniques etinnovantes qui produisent \u00e0 partir de l\u2019humidit\u00e9 de l\u2019air une eau potable, fraiche etmin\u00e9ralis\u00e9e ! Ce proc\u00e9d\u00e9 unique s\u2019appelle \u00abG\u00e9n\u00e9rateur d\u2019eau Atmosph\u00e9rique\u00bb.Nos solutions sont compl\u00e9mentaires aux diff\u00e9rents moyens d\u2019acc\u00e8s \u00e0 l\u2019eaupotable mais et permettent un acc\u00e8s infini \u00e0 l\u2019eau au plus proche du lieu deconsommation.","og_url":"https:\/\/airdrink.fr\/tr\/legal_references_privacy_policy\/","og_site_name":"AirDrink","article_publisher":"https:\/\/www.facebook.com\/airdrinkFrance\/","article_modified_time":"2023-06-30T09:04:49+00:00","twitter_card":"summary_large_image","twitter_misc":{"Tahmini okuma s\u00fcresi":"4 dakika"},"schema":{"@context":"https:\/\/schema.org","@graph":[{"@type":"WebPage","@id":"https:\/\/airdrink.fr\/mentions_legales_politique_confidentialite\/","url":"https:\/\/airdrink.fr\/mentions_legales_politique_confidentialite\/","name":"Gizlilik politikas\u0131 - veri koruma - AirDrink","isPartOf":{"@id":"https:\/\/airdrink.fr\/#website"},"datePublished":"2018-12-05T11:37:08+00:00","dateModified":"2023-06-30T09:04:49+00:00","description":"AIRDRINK havadaki nemden taze, mineralize i\u00e7me suyu \u00fcreten benzersiz ve yenilik\u00e7i \u00e7\u00f6z\u00fcmler sunar! Bu benzersiz s\u00fcre\u00e7 \"Atmosferik Su Jenerat\u00f6r\u00fc\" olarak adland\u0131r\u0131l\u0131r ve \u00e7\u00f6z\u00fcmlerimiz i\u00e7me suyuna eri\u015fimin farkl\u0131 yollar\u0131n\u0131 tamamlay\u0131c\u0131 niteliktedir ve t\u00fcketim yerine yak\u0131n bir yerde suya sonsuz eri\u015fim sa\u011flar.","breadcrumb":{"@id":"https:\/\/airdrink.fr\/mentions_legales_politique_confidentialite\/#breadcrumb"},"inLanguage":"tr","potentialAction":[{"@type":"ReadAction","target":["https:\/\/airdrink.fr\/mentions_legales_politique_confidentialite\/"]}]},{"@type":"BreadcrumbList","@id":"https:\/\/airdrink.fr\/mentions_legales_politique_confidentialite\/#breadcrumb","itemListElement":[{"@type":"ListItem","position":1,"name":"Accueil","item":"https:\/\/airdrink.fr\/"},{"@type":"ListItem","position":2,"name":"Politique de confidentialit\u00e9 &#8211; protection des donn\u00e9es"}]},{"@type":"WebSite","@id":"https:\/\/airdrink.fr\/#website","url":"https:\/\/airdrink.fr\/","name":"AirDrink - havadan su!","description":"Airdrink, havadan su!","publisher":{"@id":"https:\/\/airdrink.fr\/#organization"},"potentialAction":[{"@type":"SearchAction","target":{"@type":"EntryPoint","urlTemplate":"https:\/\/airdrink.fr\/?s={search_term_string}"},"query-input":{"@type":"PropertyValueSpecification","valueRequired":true,"valueName":"search_term_string"}}],"inLanguage":"tr"},{"@type":"Organization","@id":"https:\/\/airdrink.fr\/#organization","name":"AirDrink - havadan su!","url":"https:\/\/airdrink.fr\/","logo":{"@type":"ImageObject","inLanguage":"tr","@id":"https:\/\/airdrink.fr\/#\/schema\/logo\/image\/","url":"https:\/\/airdrink.fr\/wp-content\/uploads\/2023\/03\/cropped-logo-Airdrink-plus-HD-v1-3-300x203-1.png","contentUrl":"https:\/\/airdrink.fr\/wp-content\/uploads\/2023\/03\/cropped-logo-Airdrink-plus-HD-v1-3-300x203-1.png","width":300,"height":128,"caption":"AirDrink - de l'eau \u00e0 partir de l'air !"},"image":{"@id":"https:\/\/airdrink.fr\/#\/schema\/logo\/image\/"},"sameAs":["https:\/\/www.facebook.com\/airdrinkFrance\/","https:\/\/www.linkedin.com\/company\/pgsoft","https:\/\/www.youtube.com\/channel\/UCV0fIuMlZQZElbCWK93RP9A"]}]}},"_links":{"self":[{"href":"https:\/\/airdrink.fr\/tr\/wp-json\/wp\/v2\/pages\/1283","targetHints":{"allow":["GET"]}}],"collection":[{"href":"https:\/\/airdrink.fr\/tr\/wp-json\/wp\/v2\/pages"}],"about":[{"href":"https:\/\/airdrink.fr\/tr\/wp-json\/wp\/v2\/types\/page"}],"author":[{"embeddable":true,"href":"https:\/\/airdrink.fr\/tr\/wp-json\/wp\/v2\/users\/1"}],"replies":[{"embeddable":true,"href":"https:\/\/airdrink.fr\/tr\/wp-json\/wp\/v2\/comments?post=1283"}],"version-history":[{"count":0,"href":"https:\/\/airdrink.fr\/tr\/wp-json\/wp\/v2\/pages\/1283\/revisions"}],"wp:attachment":[{"href":"https:\/\/airdrink.fr\/tr\/wp-json\/wp\/v2\/media?parent=1283"}],"curies":[{"name":"wp","href":"https:\/\/api.w.org\/{rel}","templated":true}]}}