{"id":2427,"date":"2023-06-07T14:54:32","date_gmt":"2023-06-07T13:54:32","guid":{"rendered":"https:\/\/airdrink.fr\/?page_id=2427"},"modified":"2023-07-04T13:24:43","modified_gmt":"2023-07-04T12:24:43","slug":"a-propos-3","status":"publish","type":"page","link":"https:\/\/airdrink.fr\/tr\/partenaires_airdrink\/","title":{"rendered":"Ortaklar"},"content":{"rendered":"<div class=\"wpb-content-wrapper\"><div class=\"vc_row wpb_row vc_row-fluid vc_custom_1541768449725 shape_divider_top-none shape_divider_bottom-none\"><div class=\"wpb_column vc_column_container vc_col-sm-6 sc_layouts_column_icons_position_left\"><div class=\"vc_column-inner\"><div class=\"wpb_wrapper\"><div id=\"sc_title_265993236\"\n\t\tclass=\"sc_title sc_title_default\"><span class=\"sc_item_subtitle sc_title_subtitle sc_align_left sc_item_subtitle_above sc_item_title_style_default\">AIRDRINK<\/span><h2 class=\"sc_item_title sc_title_title sc_align_left sc_item_title_style_default\"><span class=\"sc_item_title_text\">DrinkableAir Teknolojileri<\/span><\/h2><div class=\"sc_item_descr sc_title_descr sc_align_left\"><p>Ortak \u00fcreticimiz DrinkableAir Technologies atmosferik su jenerat\u00f6rleri alan\u0131nda \u00f6nc\u00fcd\u00fcr. Merkezi Amerika Birle\u015fik Devletleri'nde, Florida'da (Fort Lauderdale) bulunmaktad\u0131r. \u00c7\u00f6z\u00fcmleri 2010 y\u0131l\u0131ndan beri mevcuttur ve s\u00fcrekli geli\u015ftirilmektedir.<\/p>\n<\/div><div class=\"sc_item_button sc_button_wrap sc_align_left\"><a href=\"\/tr\/hizmetler\/\" id=\"sc_button_813264229\" class=\"sc_button sc_button_default sc_item_button sc_item_button_default sc_title_button sc_button_size_normal sc_button_icon_left\"><span class=\"sc_button_text\"><span class=\"sc_button_title\">Daha fazla bilgi edinin<\/span><\/span><!-- \/.sc_button_text --><\/a><!-- \/.sc_button --><\/div><!-- \/.sc_item_button --><\/div><!-- \/.sc_title --><div class=\"vc_empty_space  sc_height_tiny\"   style=\"height: 32px\"><span class=\"vc_empty_space_inner\"><\/span><\/div><\/div><\/div><\/div><div class=\"wpb_column vc_column_container vc_col-sm-1 sc_layouts_column_icons_position_left\"><div class=\"vc_column-inner\"><div class=\"wpb_wrapper\"><\/div><\/div><\/div><div class=\"wpb_column vc_column_container vc_col-sm-5 sc_layouts_column_icons_position_left\"><div class=\"vc_column-inner\"><div class=\"wpb_wrapper\">\n<div class=\"vc_grid-container-wrapper vc_clearfix vc_grid-animation-fadeIn\">\n\t<div class=\"vc_grid-container vc_clearfix wpb_content_element vc_media_grid\" data-initial-loading-animation=\"fadeIn\" data-vc-grid-settings=\"{&quot;page_id&quot;:2427,&quot;style&quot;:&quot;all&quot;,&quot;action&quot;:&quot;vc_get_vc_grid_data&quot;,&quot;shortcode_id&quot;:&quot;1688473461425-e53b5396-c1e0-0&quot;,&quot;tag&quot;:&quot;vc_media_grid&quot;}\" data-vc-request=\"https:\/\/airdrink.fr\/wp-admin\/admin-ajax.php\" data-vc-post-id=\"2427\" data-vc-public-nonce=\"098db2b48d\">\n\t\t\n\t<\/div>\n<\/div><div class=\"vc_empty_space  sc_height_tiny\"   style=\"height: 32px\"><span class=\"vc_empty_space_inner\"><\/span><\/div><\/div><\/div><\/div><\/div><div class=\"vc_row wpb_row vc_row-fluid vc_custom_1541768449725 shape_divider_top-none shape_divider_bottom-none\"><div class=\"wpb_column vc_column_container vc_col-sm-8 sc_layouts_column_icons_position_left\"><div class=\"vc_column-inner\"><div class=\"wpb_wrapper\">\n\t<div class=\"wpb_text_column wpb_content_element\" >\n\t\t<div class=\"wpb_wrapper\">\n\t\t\t<h6>Ye\u015fil Anahtar<\/h6>\n<p style=\"text-align: justify;\">Turistik tesisler i\u00e7in uluslararas\u0131 bir eko-etikettir. Ye\u015fil Anahtar, 1994 y\u0131l\u0131ndan bu yana turizm sekt\u00f6r\u00fcnde \u00e7evresel sorumluluk ve s\u00fcrd\u00fcr\u00fclebilir i\u015fletme i\u00e7in bir m\u00fckemmellik standard\u0131 olmu\u015ftur.<\/p>\n<p style=\"text-align: justify;\">Ye\u015fil Anahtar program\u0131 \u00c7evre E\u011fitimi Vakf\u0131 taraf\u0131ndan y\u00f6netilmektedir. Ye\u015fil Anahtar, bir okulun \u00e7evre y\u00f6neticileriyle birlikte fark\u0131ndal\u0131k yaratma da dahil olmak \u00fczere s\u00fcrd\u00fcr\u00fclebilirlik konular\u0131nda \u00e7al\u0131\u015fmas\u0131 i\u00e7in kan\u0131tlanm\u0131\u015f bir \u00e7er\u00e7eve sunmaktad\u0131r. Bu kurulu\u015flardan beklenen y\u00fcksek \u00e7evre standartlar\u0131, titiz dok\u00fcmantasyon ve s\u0131k s\u0131k yerinde denetimler yoluyla korunmaktad\u0131r. Ye\u015fil Anahtar otellere, gen\u00e7lik yurtlar\u0131na, k\u00fc\u00e7\u00fck i\u015fletmelere, kamp alanlar\u0131na, tatil parklar\u0131na, konferans merkezlerine, restoranlara ve turistik yerlere y\u00f6neliktir.<\/p>\n<p style=\"text-align: justify;\">Bu prestijli uluslararas\u0131 \u00f6d\u00fcl\u00fc kazand\u0131ktan sonra, kurulu\u015f bunu halkla ili\u015fkiler ve pazarlama \u00e7al\u0131\u015fmalar\u0131nda kullanabilir. Misafirler i\u00e7in Ye\u015fil Anahtar, otelin konaklamalar\u0131n\u0131n \u00e7evre \u00fczerindeki etkisini azaltmaya kararl\u0131 oldu\u011funu g\u00f6sterir. Ye\u015fil Anahtar program\u0131 Birle\u015fmi\u015f Milletler S\u00fcrd\u00fcr\u00fclebilir Kalk\u0131nma Hedefleri 2015-2030 ile ba\u011flant\u0131l\u0131d\u0131r.<\/p>\n<p style=\"text-align: justify;\">Green Key ve Drinkable Air Technologies bir i\u015fbirli\u011fi anla\u015fmas\u0131 imzalayarak ortak oldular.<\/p>\n<h6>24 Ev Sahibi<\/h6>\n<p style=\"text-align: justify;\">Fransa'da, Airdrink'nin showroomlar\u0131ndan biri Nice'deki Hotel Majestic'te, '24Hosts' ad\u0131 verilen \u00f6zel bir alanda yer almaktad\u0131r. Bu prestijli yerin \u00f6zelli\u011fi, genellikle Monako, Cannes veya Antibes'te bulunan s\u00fcperyat sahiplerinden olu\u015fan bir m\u00fc\u015fteri kitlesine Airdrink Jenerat\u00f6rlerini sunabilmesidir.<\/p>\n\n\t\t<\/div>\n\t<\/div>\n<div class=\"vc_empty_space  sc_height_tiny\"   style=\"height: 32px\"><span class=\"vc_empty_space_inner\"><\/span><\/div><\/div><\/div><\/div><div class=\"wpb_column vc_column_container vc_col-sm-4 sc_layouts_column_icons_position_left\"><div class=\"vc_column-inner\"><div class=\"wpb_wrapper\">\n<div class=\"vc_grid-container-wrapper vc_clearfix vc_grid-animation-fadeIn\">\n\t<div class=\"vc_grid-container vc_clearfix wpb_content_element vc_media_grid vc_custom_1686145851674\" data-initial-loading-animation=\"fadeIn\" data-vc-grid-settings=\"{&quot;page_id&quot;:2427,&quot;style&quot;:&quot;all&quot;,&quot;action&quot;:&quot;vc_get_vc_grid_data&quot;,&quot;shortcode_id&quot;:&quot;1688473461446-35ca52ea-7790-0&quot;,&quot;tag&quot;:&quot;vc_media_grid&quot;}\" data-vc-request=\"https:\/\/airdrink.fr\/wp-admin\/admin-ajax.php\" data-vc-post-id=\"2427\" data-vc-public-nonce=\"098db2b48d\">\n\t\t\n\t<\/div>\n<\/div><div class=\"vc_empty_space  sc_height_tiny\"   style=\"height: 32px\"><span class=\"vc_empty_space_inner\"><\/span><\/div>\n\t<div class=\"wpb_text_column wpb_content_element vc_custom_1686145865328\" >\n\t\t<div class=\"wpb_wrapper\">\n\t\t\t<p style=\"text-align: center;\"><strong>Ye\u015fil Anahtar, turistik tesisler i\u00e7in uluslararas\u0131 bir eko-etikettir. <\/strong><\/p>\n\n\t\t<\/div>\n\t<\/div>\n<\/div><\/div><\/div><\/div>\n<\/div>","protected":false},"excerpt":{"rendered":"AIRDRINKDrinkableAir TechnologiesOrtak \u00fcreticimiz DrinkableAir Technologies atmosferik su jenerat\u00f6rlerinde \u00f6nc\u00fcd\u00fcr. Bu...","protected":false},"author":1,"featured_media":2428,"parent":0,"menu_order":0,"comment_status":"closed","ping_status":"closed","template":"","meta":{"_angie_page":false,"footnotes":""},"class_list":["post-2427","page","type-page","status-publish","has-post-thumbnail","hentry"],"yoast_head":"<!-- This site is optimized with the Yoast SEO plugin v27.5 - https:\/\/yoast.com\/product\/yoast-seo-wordpress\/ -->\n<title>Partenaires - AirDrink<\/title>\n<meta name=\"description\" content=\"AIRDRINK propose des solutions uniques etinnovantes qui produisent \u00e0 partir de l\u2019humidit\u00e9 de l\u2019air une eau potable, fraiche etmin\u00e9ralis\u00e9e ! Ce proc\u00e9d\u00e9 unique s\u2019appelle \u00abG\u00e9n\u00e9rateur d\u2019eau Atmosph\u00e9rique\u00bb. Nos solutions sont compl\u00e9mentaires aux diff\u00e9rents moyens d\u2019acc\u00e8s \u00e0 l\u2019eaupotable mais et permettent un acc\u00e8s infini \u00e0 l\u2019eau au plus proche du lieu deconsommation. Notre fabricant partenaire DrinkableAir Technologies est un pionnier des g\u00e9n\u00e9rateurs d\u2019eau atmosph\u00e9rique. Il est bas\u00e9 aux \u00e9tats unis, en Floride (Fort Lauderdale)Ses solutions existent et sont sans cesse am\u00e9lior\u00e9es depuis 2010.\" \/>\n<meta name=\"robots\" content=\"index, follow, max-snippet:-1, max-image-preview:large, max-video-preview:-1\" \/>\n<link rel=\"canonical\" href=\"https:\/\/airdrink.fr\/tr\/a-propos-3\/\" \/>\n<meta property=\"og:locale\" content=\"tr_TR\" \/>\n<meta property=\"og:type\" content=\"article\" \/>\n<meta property=\"og:title\" content=\"Partenaires - AirDrink\" \/>\n<meta property=\"og:description\" content=\"AIRDRINK propose des solutions uniques etinnovantes qui produisent \u00e0 partir de l\u2019humidit\u00e9 de l\u2019air une eau potable, fraiche etmin\u00e9ralis\u00e9e ! Ce proc\u00e9d\u00e9 unique s\u2019appelle \u00abG\u00e9n\u00e9rateur d\u2019eau Atmosph\u00e9rique\u00bb. Nos solutions sont compl\u00e9mentaires aux diff\u00e9rents moyens d\u2019acc\u00e8s \u00e0 l\u2019eaupotable mais et permettent un acc\u00e8s infini \u00e0 l\u2019eau au plus proche du lieu deconsommation. Notre fabricant partenaire DrinkableAir Technologies est un pionnier des g\u00e9n\u00e9rateurs d\u2019eau atmosph\u00e9rique. Il est bas\u00e9 aux \u00e9tats unis, en Floride (Fort Lauderdale)Ses solutions existent et sont sans cesse am\u00e9lior\u00e9es depuis 2010.\" \/>\n<meta property=\"og:url\" content=\"https:\/\/airdrink.fr\/tr\/a-propos-3\/\" \/>\n<meta property=\"og:site_name\" content=\"AirDrink\" \/>\n<meta property=\"article:publisher\" content=\"https:\/\/www.facebook.com\/airdrinkFrance\/\" \/>\n<meta property=\"article:modified_time\" content=\"2023-07-04T12:24:43+00:00\" \/>\n<meta property=\"og:image\" content=\"https:\/\/airdrink.fr\/wp-content\/uploads\/2023\/06\/drinkableAir-Technologies-logo.png\" \/>\n\t<meta property=\"og:image:width\" content=\"475\" \/>\n\t<meta property=\"og:image:height\" content=\"93\" \/>\n\t<meta property=\"og:image:type\" content=\"image\/png\" \/>\n<meta name=\"twitter:card\" content=\"summary_large_image\" \/>\n<meta name=\"twitter:label1\" content=\"Tahmini okuma s\u00fcresi\" \/>\n\t<meta name=\"twitter:data1\" content=\"2 dakika\" \/>\n<script type=\"application\/ld+json\" class=\"yoast-schema-graph\">{\"@context\":\"https:\\\/\\\/schema.org\",\"@graph\":[{\"@type\":\"WebPage\",\"@id\":\"https:\\\/\\\/airdrink.fr\\\/partenaires_airdrink\\\/\",\"url\":\"https:\\\/\\\/airdrink.fr\\\/partenaires_airdrink\\\/\",\"name\":\"Partenaires - AirDrink\",\"isPartOf\":{\"@id\":\"https:\\\/\\\/airdrink.fr\\\/#website\"},\"primaryImageOfPage\":{\"@id\":\"https:\\\/\\\/airdrink.fr\\\/partenaires_airdrink\\\/#primaryimage\"},\"image\":{\"@id\":\"https:\\\/\\\/airdrink.fr\\\/partenaires_airdrink\\\/#primaryimage\"},\"thumbnailUrl\":\"https:\\\/\\\/airdrink.fr\\\/wp-content\\\/uploads\\\/2023\\\/06\\\/drinkableAir-Technologies-logo.png\",\"datePublished\":\"2023-06-07T13:54:32+00:00\",\"dateModified\":\"2023-07-04T12:24:43+00:00\",\"description\":\"AIRDRINK propose des solutions uniques etinnovantes qui produisent \u00e0 partir de l\u2019humidit\u00e9 de l\u2019air une eau potable, fraiche etmin\u00e9ralis\u00e9e ! Ce proc\u00e9d\u00e9 unique s\u2019appelle \u00abG\u00e9n\u00e9rateur d\u2019eau Atmosph\u00e9rique\u00bb. Nos solutions sont compl\u00e9mentaires aux diff\u00e9rents moyens d\u2019acc\u00e8s \u00e0 l\u2019eaupotable mais et permettent un acc\u00e8s infini \u00e0 l\u2019eau au plus proche du lieu deconsommation. Notre fabricant partenaire DrinkableAir Technologies est un pionnier des g\u00e9n\u00e9rateurs d\u2019eau atmosph\u00e9rique. Il est bas\u00e9 aux \u00e9tats unis, en Floride (Fort Lauderdale)Ses solutions existent et sont sans cesse am\u00e9lior\u00e9es depuis 2010.\",\"breadcrumb\":{\"@id\":\"https:\\\/\\\/airdrink.fr\\\/partenaires_airdrink\\\/#breadcrumb\"},\"inLanguage\":\"tr\",\"potentialAction\":[{\"@type\":\"ReadAction\",\"target\":[\"https:\\\/\\\/airdrink.fr\\\/partenaires_airdrink\\\/\"]}]},{\"@type\":\"ImageObject\",\"inLanguage\":\"tr\",\"@id\":\"https:\\\/\\\/airdrink.fr\\\/partenaires_airdrink\\\/#primaryimage\",\"url\":\"https:\\\/\\\/airdrink.fr\\\/wp-content\\\/uploads\\\/2023\\\/06\\\/drinkableAir-Technologies-logo.png\",\"contentUrl\":\"https:\\\/\\\/airdrink.fr\\\/wp-content\\\/uploads\\\/2023\\\/06\\\/drinkableAir-Technologies-logo.png\",\"width\":475,\"height\":93},{\"@type\":\"BreadcrumbList\",\"@id\":\"https:\\\/\\\/airdrink.fr\\\/partenaires_airdrink\\\/#breadcrumb\",\"itemListElement\":[{\"@type\":\"ListItem\",\"position\":1,\"name\":\"Accueil\",\"item\":\"https:\\\/\\\/airdrink.fr\\\/\"},{\"@type\":\"ListItem\",\"position\":2,\"name\":\"Partenaires\"}]},{\"@type\":\"WebSite\",\"@id\":\"https:\\\/\\\/airdrink.fr\\\/#website\",\"url\":\"https:\\\/\\\/airdrink.fr\\\/\",\"name\":\"AirDrink - de l'eau \u00e0 partir de l'air !\",\"description\":\"Airdrink, de l'eau &agrave; partir de l'air !\",\"publisher\":{\"@id\":\"https:\\\/\\\/airdrink.fr\\\/#organization\"},\"potentialAction\":[{\"@type\":\"SearchAction\",\"target\":{\"@type\":\"EntryPoint\",\"urlTemplate\":\"https:\\\/\\\/airdrink.fr\\\/?s={search_term_string}\"},\"query-input\":{\"@type\":\"PropertyValueSpecification\",\"valueRequired\":true,\"valueName\":\"search_term_string\"}}],\"inLanguage\":\"tr\"},{\"@type\":\"Organization\",\"@id\":\"https:\\\/\\\/airdrink.fr\\\/#organization\",\"name\":\"AirDrink - de l'eau \u00e0 partir de l'air !\",\"url\":\"https:\\\/\\\/airdrink.fr\\\/\",\"logo\":{\"@type\":\"ImageObject\",\"inLanguage\":\"tr\",\"@id\":\"https:\\\/\\\/airdrink.fr\\\/#\\\/schema\\\/logo\\\/image\\\/\",\"url\":\"https:\\\/\\\/airdrink.fr\\\/wp-content\\\/uploads\\\/2023\\\/03\\\/cropped-logo-Airdrink-plus-HD-v1-3-300x203-1.png\",\"contentUrl\":\"https:\\\/\\\/airdrink.fr\\\/wp-content\\\/uploads\\\/2023\\\/03\\\/cropped-logo-Airdrink-plus-HD-v1-3-300x203-1.png\",\"width\":300,\"height\":128,\"caption\":\"AirDrink - de l'eau \u00e0 partir de l'air !\"},\"image\":{\"@id\":\"https:\\\/\\\/airdrink.fr\\\/#\\\/schema\\\/logo\\\/image\\\/\"},\"sameAs\":[\"https:\\\/\\\/www.facebook.com\\\/airdrinkFrance\\\/\",\"https:\\\/\\\/www.linkedin.com\\\/company\\\/pgsoft\",\"https:\\\/\\\/www.youtube.com\\\/channel\\\/UCV0fIuMlZQZElbCWK93RP9A\"]}]}<\/script>\n<!-- \/ Yoast SEO plugin. -->","yoast_head_json":{"title":"Ortaklar - AirDrink","description":"AIRDRINK, havadaki nemden taze, mineralize i\u00e7me suyu \u00fcreten benzersiz ve yenilik\u00e7i \u00e7\u00f6z\u00fcmler sunar! Bu benzersiz s\u00fcre\u00e7 \"Atmosferik Su Jenerat\u00f6r\u00fc\" olarak adland\u0131r\u0131lmaktad\u0131r. \u00c7\u00f6z\u00fcmlerimiz, i\u00e7me suyuna eri\u015fimin \u00e7e\u015fitli yollar\u0131n\u0131 tamamlay\u0131c\u0131 niteliktedir ve t\u00fcketim yerine m\u00fcmk\u00fcn oldu\u011funca yak\u0131n bir yerde suya sonsuz eri\u015fim sa\u011flar. Ortak \u00fcreticimiz DrinkableAir Technologies atmosferik su jenerat\u00f6rlerinde \u00f6nc\u00fcd\u00fcr. Merkezi Amerika Birle\u015fik Devletleri'nde, Florida'da (Fort Lauderdale) bulunmaktad\u0131r. 2010 y\u0131l\u0131ndan bu yana \u00e7\u00f6z\u00fcmleri mevcuttur ve s\u00fcrekli olarak geli\u015ftirilmektedir.","robots":{"index":"index","follow":"follow","max-snippet":"max-snippet:-1","max-image-preview":"max-image-preview:large","max-video-preview":"max-video-preview:-1"},"canonical":"https:\/\/airdrink.fr\/tr\/a-propos-3\/","og_locale":"tr_TR","og_type":"article","og_title":"Partenaires - AirDrink","og_description":"AIRDRINK propose des solutions uniques etinnovantes qui produisent \u00e0 partir de l\u2019humidit\u00e9 de l\u2019air une eau potable, fraiche etmin\u00e9ralis\u00e9e ! Ce proc\u00e9d\u00e9 unique s\u2019appelle \u00abG\u00e9n\u00e9rateur d\u2019eau Atmosph\u00e9rique\u00bb. Nos solutions sont compl\u00e9mentaires aux diff\u00e9rents moyens d\u2019acc\u00e8s \u00e0 l\u2019eaupotable mais et permettent un acc\u00e8s infini \u00e0 l\u2019eau au plus proche du lieu deconsommation. Notre fabricant partenaire DrinkableAir Technologies est un pionnier des g\u00e9n\u00e9rateurs d\u2019eau atmosph\u00e9rique. Il est bas\u00e9 aux \u00e9tats unis, en Floride (Fort Lauderdale)Ses solutions existent et sont sans cesse am\u00e9lior\u00e9es depuis 2010.","og_url":"https:\/\/airdrink.fr\/tr\/a-propos-3\/","og_site_name":"AirDrink","article_publisher":"https:\/\/www.facebook.com\/airdrinkFrance\/","article_modified_time":"2023-07-04T12:24:43+00:00","og_image":[{"width":475,"height":93,"url":"https:\/\/airdrink.fr\/wp-content\/uploads\/2023\/06\/drinkableAir-Technologies-logo.png","type":"image\/png"}],"twitter_card":"summary_large_image","twitter_misc":{"Tahmini okuma s\u00fcresi":"2 dakika"},"schema":{"@context":"https:\/\/schema.org","@graph":[{"@type":"WebPage","@id":"https:\/\/airdrink.fr\/partenaires_airdrink\/","url":"https:\/\/airdrink.fr\/partenaires_airdrink\/","name":"Ortaklar - AirDrink","isPartOf":{"@id":"https:\/\/airdrink.fr\/#website"},"primaryImageOfPage":{"@id":"https:\/\/airdrink.fr\/partenaires_airdrink\/#primaryimage"},"image":{"@id":"https:\/\/airdrink.fr\/partenaires_airdrink\/#primaryimage"},"thumbnailUrl":"https:\/\/airdrink.fr\/wp-content\/uploads\/2023\/06\/drinkableAir-Technologies-logo.png","datePublished":"2023-06-07T13:54:32+00:00","dateModified":"2023-07-04T12:24:43+00:00","description":"AIRDRINK, havadaki nemden taze, mineralize i\u00e7me suyu \u00fcreten benzersiz ve yenilik\u00e7i \u00e7\u00f6z\u00fcmler sunar! Bu benzersiz s\u00fcre\u00e7 \"Atmosferik Su Jenerat\u00f6r\u00fc\" olarak adland\u0131r\u0131lmaktad\u0131r. \u00c7\u00f6z\u00fcmlerimiz, i\u00e7me suyuna eri\u015fimin \u00e7e\u015fitli yollar\u0131n\u0131 tamamlay\u0131c\u0131 niteliktedir ve t\u00fcketim yerine m\u00fcmk\u00fcn oldu\u011funca yak\u0131n bir yerde suya sonsuz eri\u015fim sa\u011flar. Ortak \u00fcreticimiz DrinkableAir Technologies atmosferik su jenerat\u00f6rlerinde \u00f6nc\u00fcd\u00fcr. Merkezi Amerika Birle\u015fik Devletleri'nde, Florida'da (Fort Lauderdale) bulunmaktad\u0131r. 2010 y\u0131l\u0131ndan bu yana \u00e7\u00f6z\u00fcmleri mevcuttur ve s\u00fcrekli olarak geli\u015ftirilmektedir.","breadcrumb":{"@id":"https:\/\/airdrink.fr\/partenaires_airdrink\/#breadcrumb"},"inLanguage":"tr","potentialAction":[{"@type":"ReadAction","target":["https:\/\/airdrink.fr\/partenaires_airdrink\/"]}]},{"@type":"ImageObject","inLanguage":"tr","@id":"https:\/\/airdrink.fr\/partenaires_airdrink\/#primaryimage","url":"https:\/\/airdrink.fr\/wp-content\/uploads\/2023\/06\/drinkableAir-Technologies-logo.png","contentUrl":"https:\/\/airdrink.fr\/wp-content\/uploads\/2023\/06\/drinkableAir-Technologies-logo.png","width":475,"height":93},{"@type":"BreadcrumbList","@id":"https:\/\/airdrink.fr\/partenaires_airdrink\/#breadcrumb","itemListElement":[{"@type":"ListItem","position":1,"name":"Accueil","item":"https:\/\/airdrink.fr\/"},{"@type":"ListItem","position":2,"name":"Partenaires"}]},{"@type":"WebSite","@id":"https:\/\/airdrink.fr\/#website","url":"https:\/\/airdrink.fr\/","name":"AirDrink - havadan su!","description":"Airdrink, havadan su!","publisher":{"@id":"https:\/\/airdrink.fr\/#organization"},"potentialAction":[{"@type":"SearchAction","target":{"@type":"EntryPoint","urlTemplate":"https:\/\/airdrink.fr\/?s={search_term_string}"},"query-input":{"@type":"PropertyValueSpecification","valueRequired":true,"valueName":"search_term_string"}}],"inLanguage":"tr"},{"@type":"Organization","@id":"https:\/\/airdrink.fr\/#organization","name":"AirDrink - havadan su!","url":"https:\/\/airdrink.fr\/","logo":{"@type":"ImageObject","inLanguage":"tr","@id":"https:\/\/airdrink.fr\/#\/schema\/logo\/image\/","url":"https:\/\/airdrink.fr\/wp-content\/uploads\/2023\/03\/cropped-logo-Airdrink-plus-HD-v1-3-300x203-1.png","contentUrl":"https:\/\/airdrink.fr\/wp-content\/uploads\/2023\/03\/cropped-logo-Airdrink-plus-HD-v1-3-300x203-1.png","width":300,"height":128,"caption":"AirDrink - de l'eau \u00e0 partir de l'air !"},"image":{"@id":"https:\/\/airdrink.fr\/#\/schema\/logo\/image\/"},"sameAs":["https:\/\/www.facebook.com\/airdrinkFrance\/","https:\/\/www.linkedin.com\/company\/pgsoft","https:\/\/www.youtube.com\/channel\/UCV0fIuMlZQZElbCWK93RP9A"]}]}},"_links":{"self":[{"href":"https:\/\/airdrink.fr\/tr\/wp-json\/wp\/v2\/pages\/2427","targetHints":{"allow":["GET"]}}],"collection":[{"href":"https:\/\/airdrink.fr\/tr\/wp-json\/wp\/v2\/pages"}],"about":[{"href":"https:\/\/airdrink.fr\/tr\/wp-json\/wp\/v2\/types\/page"}],"author":[{"embeddable":true,"href":"https:\/\/airdrink.fr\/tr\/wp-json\/wp\/v2\/users\/1"}],"replies":[{"embeddable":true,"href":"https:\/\/airdrink.fr\/tr\/wp-json\/wp\/v2\/comments?post=2427"}],"version-history":[{"count":0,"href":"https:\/\/airdrink.fr\/tr\/wp-json\/wp\/v2\/pages\/2427\/revisions"}],"wp:featuredmedia":[{"embeddable":true,"href":"https:\/\/airdrink.fr\/tr\/wp-json\/wp\/v2\/media\/2428"}],"wp:attachment":[{"href":"https:\/\/airdrink.fr\/tr\/wp-json\/wp\/v2\/media?parent=2427"}],"curies":[{"name":"wp","href":"https:\/\/api.w.org\/{rel}","templated":true}]}}