{"id":2467,"date":"2023-06-30T09:47:07","date_gmt":"2023-06-30T08:47:07","guid":{"rendered":"https:\/\/airdrink.fr\/?page_id=2467"},"modified":"2024-12-17T08:16:55","modified_gmt":"2024-12-17T06:16:55","slug":"a-propos-4","status":"publish","type":"page","link":"https:\/\/airdrink.fr\/tr\/cgv\/","title":{"rendered":"Sat\u0131\u015f \u015fartlar\u0131 ve ko\u015fullar\u0131"},"content":{"rendered":"<div class=\"wpb-content-wrapper\"><div class=\"vc_row wpb_row vc_row-fluid vc_custom_1541768449725 shape_divider_top-none shape_divider_bottom-none\"><div class=\"wpb_column vc_column_container vc_col-sm-12 sc_layouts_column_icons_position_left\"><div class=\"vc_column-inner\"><div class=\"wpb_wrapper\">\n\t<div class=\"wpb_text_column wpb_content_element\" >\n\t\t<div class=\"wpb_wrapper\">\n\t\t\t<p style=\"text-align: justify;\"><strong>AIRDRINK GENEL SATI\u015e \u015eARTLARI VE KO\u015eULLARI - PGSOFT - 29\/06\/2023 tarihinden itibaren ge\u00e7erlidir<\/strong><\/p>\n<p style=\"text-align: justify;\"><strong>Madde 1: Uygulaman\u0131n amac\u0131 ve kapsam\u0131<\/strong><br \/>\nBu Genel Sat\u0131\u015f \u015eartlar\u0131 ve Ko\u015fullar\u0131 (G\u015eK) ticari m\u00fczakerelerin temelini olu\u015fturur ve her al\u0131c\u0131ya sipari\u015f verebilmesi i\u00e7in sistematik olarak g\u00f6nderilir veya verilir. A\u015fa\u011f\u0131da a\u00e7\u0131klanan genel sat\u0131\u015f \u015fartlar\u0131 ve ko\u015fullar\u0131, PGSOFT ve m\u00fc\u015fterisinin a\u015fa\u011f\u0131daki mallar\u0131n sat\u0131\u015f\u0131 ile ilgili hak ve y\u00fck\u00fcml\u00fcl\u00fcklerini detayland\u0131rmaktad\u0131r:<\/p>\n<p style=\"text-align: justify;\"><strong>ATMOSFERIK SU JENERAT\u00d6RLERI VE AKSESUARLARI<\/strong><br \/>\nBu sitedeki teklif\/sipari\u015f formunun kabul\u00fc, al\u0131c\u0131n\u0131n bu genel sat\u0131\u015f h\u00fck\u00fcm ve ko\u015fullar\u0131n\u0131 kay\u0131ts\u0131z \u015farts\u0131z kabul etti\u011fi anlam\u0131na gelir.<\/p>\n<p style=\"text-align: justify;\"><strong>Madde 2: Fiyat<\/strong><br \/>\nSat\u0131lan mallar\u0131n fiyatlar\u0131, sipari\u015fin al\u0131nd\u0131\u011f\u0131 g\u00fcn y\u00fcr\u00fcrl\u00fckte olan fiyatlard\u0131r. Euro cinsindendir ve vergi hari\u00e7 olarak hesaplan\u0131r. Sonu\u00e7 olarak, sipari\u015fin verildi\u011fi g\u00fcn ge\u00e7erli olan KDV oran\u0131 ve nakliye masraflar\u0131 ile art\u0131r\u0131lacakt\u0131r. PGSOFT, fiyatlar\u0131n\u0131 istedi\u011fi zaman de\u011fi\u015ftirme hakk\u0131n\u0131 sakl\u0131 tutar. Ancak, sipari\u015f edilen mallar\u0131, sipari\u015f kaydedilirken belirtilen fiyatlar \u00fczerinden faturaland\u0131rmay\u0131 taahh\u00fct eder.<\/p>\n<p style=\"text-align: justify;\"><strong>Madde 3: \u0130ndirimler ve iadeler<\/strong><br \/>\nBelirtilen fiyatlara, PGSOFT'un sonu\u00e7lar\u0131na dayanarak verebilece\u011fi indirimler ve iskontolar veya al\u0131c\u0131n\u0131n belirli hizmetler i\u00e7in sorumluluk \u00fcstlenmesi dahildir.<\/p>\n<p style=\"text-align: justify;\"><strong>Madde 4: \u0130ndirim<\/strong><br \/>\nErken \u00f6deme i\u00e7in herhangi bir indirim yap\u0131lmayacakt\u0131r.<\/p>\n<p style=\"text-align: justify;\"><strong>Madde 5: \u00d6deme ko\u015fullar\u0131<\/strong><br \/>\nSipari\u015flerin tamam\u0131 \u00f6denmelidir:<br \/>\n- veya \u00e7ek ile ;<br \/>\n- veya kredi kart\u0131 ile;<br \/>\n- Banka havalesi ile<br \/>\n- Veya Paypal veya Paypal ile * 4<\/p>\n<p style=\"text-align: justify;\"><strong>Madde 6: M\u00fclkiyetin sakl\u0131 tutulmas\u0131 maddesi<\/strong><br \/>\nPGSOFT, sat\u0131lan mallar\u0131n m\u00fclkiyetini, bedel tam olarak \u00f6deninceye kadar, anapara ve fer'ileriyle birlikte muhafaza eder. Bu ba\u011flamda, al\u0131c\u0131n\u0131n kayy\u0131ml\u0131k veya tasfiye i\u015flemlerine konu olmas\u0131 halinde, PGSOFT, kayy\u0131ml\u0131k i\u015flemleri \u00e7er\u00e7evesinde, sat\u0131lan ve \u00f6denmemi\u015f kalan mallar\u0131 geri alma hakk\u0131n\u0131 sakl\u0131 tutar.<\/p>\n<p style=\"text-align: justify;\"><strong>Madde 7: Teslimat<\/strong><br \/>\nTeslimat yap\u0131l\u0131r:<br \/>\n- veya mallar\u0131 do\u011frudan al\u0131c\u0131ya teslim ederek;<br \/>\n- veya al\u0131c\u0131ya uygunluk bildirimi g\u00f6ndererek;<br \/>\n- veya mallar\u0131 al\u0131c\u0131n\u0131n sipari\u015f formunda belirtti\u011fi yere b\u0131rakarak.<br \/>\nSipari\u015f verildi\u011finde belirtilen teslimat s\u00fcresi sadece bir g\u00f6sterge olarak verilir ve hi\u00e7bir \u015fekilde garanti edilmez. Sonu\u00e7 olarak, \u00fcr\u00fcnlerin teslimat\u0131ndaki herhangi bir makul gecikme, al\u0131c\u0131 a\u00e7\u0131s\u0131ndan herhangi bir hak talebine yol a\u00e7mayacakt\u0131r:<br \/>\n- Tazminat karar\u0131;<br \/>\n- sipari\u015fin iptali.<br \/>\nNakliye riski tamamen al\u0131c\u0131 taraf\u0131ndan kar\u015f\u0131lan\u0131r.<\/p>\n<p style=\"text-align: justify;\">Nakliye s\u0131ras\u0131nda mallar\u0131n eksik veya hasarl\u0131 olmas\u0131 durumunda, al\u0131c\u0131 s\u00f6z konusu mallar\u0131 teslim ald\u0131ktan sonra nakliye belgesinde gerekli t\u00fcm rezervasyonlar\u0131 yapmal\u0131d\u0131r. Bu \u00e7ekinceler ayr\u0131ca teslimattan sonraki be\u015f g\u00fcn i\u00e7inde, \u015firkete hitaben yaz\u0131lm\u0131\u015f al\u0131nd\u0131 onayl\u0131 taahh\u00fctl\u00fc bir mektupla yaz\u0131l\u0131 olarak teyit edilmelidir.<\/p>\n<p style=\"text-align: justify;\"><strong>Madde 8: M\u00fccbir sebepler<\/strong><br \/>\nPGSOFT, i\u015fbu genel ko\u015fullarda tan\u0131mlanan y\u00fck\u00fcml\u00fcl\u00fcklerinden birinin yerine getirilmemesi veya yerine getirilmesinde gecikme olmas\u0131 halinde sorumlu tutulamaz<br \/>\nm\u00fccbir sebep durumu. M\u00fccbir sebep, Frans\u0131z Medeni Kanunu'nun 1148. maddesi anlam\u0131nda herhangi bir harici, \u00f6ng\u00f6r\u00fclemez ve kar\u015f\u0131 konulamaz olay olarak tan\u0131mlanmaktad\u0131r.<\/p>\n<p style=\"text-align: justify;\"><strong>Madde 9: Yarg\u0131 Yetkisi<\/strong><br \/>\nBu genel sat\u0131\u015f \u015fartlar\u0131 ve ko\u015fullar\u0131n\u0131n yorumlanmas\u0131 ve ifas\u0131 ile ilgili her t\u00fcrl\u00fc anla\u015fmazl\u0131k Frans\u0131z yasalar\u0131na tabi olacakt\u0131r. Dostane bir \u00e7\u00f6z\u00fcm bulunamazsa, anla\u015fmazl\u0131k Aix-en-Provence Ticaret Mahkemesi'ne havale edilecektir.<\/p>\n\n\t\t<\/div>\n\t<\/div>\n<\/div><\/div><\/div><\/div>\n<\/div>","protected":false},"excerpt":{"rendered":"CONDITIONS GENERALES DE VENTE AIRDRINK - PGSOFT - Applicables \u00e0 compter du 29\/06\/2023 Clause n\u00b0&hellip;","protected":false},"author":1,"featured_media":0,"parent":0,"menu_order":0,"comment_status":"closed","ping_status":"closed","template":"","meta":{"_angie_page":false,"footnotes":""},"class_list":["post-2467","page","type-page","status-publish","hentry"],"yoast_head":"<!-- This site is optimized with the Yoast SEO plugin v27.5 - https:\/\/yoast.com\/product\/yoast-seo-wordpress\/ -->\n<title>Conditions G\u00e9n\u00e9rales de Vente - AirDrink<\/title>\n<meta name=\"description\" content=\"AIRDRINK propose des solutions uniques etinnovantes qui produisent \u00e0 partir de l\u2019humidit\u00e9 de l\u2019air une eau potable, fraiche etmin\u00e9ralis\u00e9e ! Ce proc\u00e9d\u00e9 unique s\u2019appelle \u00abG\u00e9n\u00e9rateur d\u2019eau Atmosph\u00e9rique\u00bb.Nos solutions sont compl\u00e9mentaires aux diff\u00e9rents moyens d\u2019acc\u00e8s \u00e0 l\u2019eaupotable mais et permettent un acc\u00e8s infini \u00e0 l\u2019eau au plus proche du lieu deconsommation.\" \/>\n<meta name=\"robots\" content=\"index, follow, max-snippet:-1, max-image-preview:large, max-video-preview:-1\" \/>\n<link rel=\"canonical\" href=\"https:\/\/airdrink.fr\/tr\/a-propos-4\/\" \/>\n<meta property=\"og:locale\" content=\"tr_TR\" \/>\n<meta property=\"og:type\" content=\"article\" \/>\n<meta property=\"og:title\" content=\"Conditions G\u00e9n\u00e9rales de Vente - AirDrink\" \/>\n<meta property=\"og:description\" content=\"AIRDRINK propose des solutions uniques etinnovantes qui produisent \u00e0 partir de l\u2019humidit\u00e9 de l\u2019air une eau potable, fraiche etmin\u00e9ralis\u00e9e ! Ce proc\u00e9d\u00e9 unique s\u2019appelle \u00abG\u00e9n\u00e9rateur d\u2019eau Atmosph\u00e9rique\u00bb.Nos solutions sont compl\u00e9mentaires aux diff\u00e9rents moyens d\u2019acc\u00e8s \u00e0 l\u2019eaupotable mais et permettent un acc\u00e8s infini \u00e0 l\u2019eau au plus proche du lieu deconsommation.\" \/>\n<meta property=\"og:url\" content=\"https:\/\/airdrink.fr\/tr\/a-propos-4\/\" \/>\n<meta property=\"og:site_name\" content=\"AirDrink\" \/>\n<meta property=\"article:publisher\" content=\"https:\/\/www.facebook.com\/airdrinkFrance\/\" \/>\n<meta property=\"article:modified_time\" content=\"2024-12-17T06:16:55+00:00\" \/>\n<meta name=\"twitter:card\" content=\"summary_large_image\" \/>\n<meta name=\"twitter:label1\" content=\"Tahmini okuma s\u00fcresi\" \/>\n\t<meta name=\"twitter:data1\" content=\"4 dakika\" \/>\n<script type=\"application\/ld+json\" class=\"yoast-schema-graph\">{\"@context\":\"https:\\\/\\\/schema.org\",\"@graph\":[{\"@type\":\"WebPage\",\"@id\":\"https:\\\/\\\/airdrink.fr\\\/cgv\\\/\",\"url\":\"https:\\\/\\\/airdrink.fr\\\/cgv\\\/\",\"name\":\"Conditions G\u00e9n\u00e9rales de Vente - AirDrink\",\"isPartOf\":{\"@id\":\"https:\\\/\\\/airdrink.fr\\\/#website\"},\"datePublished\":\"2023-06-30T08:47:07+00:00\",\"dateModified\":\"2024-12-17T06:16:55+00:00\",\"description\":\"AIRDRINK propose des solutions uniques etinnovantes qui produisent \u00e0 partir de l\u2019humidit\u00e9 de l\u2019air une eau potable, fraiche etmin\u00e9ralis\u00e9e ! Ce proc\u00e9d\u00e9 unique s\u2019appelle \u00abG\u00e9n\u00e9rateur d\u2019eau Atmosph\u00e9rique\u00bb.Nos solutions sont compl\u00e9mentaires aux diff\u00e9rents moyens d\u2019acc\u00e8s \u00e0 l\u2019eaupotable mais et permettent un acc\u00e8s infini \u00e0 l\u2019eau au plus proche du lieu deconsommation.\",\"breadcrumb\":{\"@id\":\"https:\\\/\\\/airdrink.fr\\\/cgv\\\/#breadcrumb\"},\"inLanguage\":\"tr\",\"potentialAction\":[{\"@type\":\"ReadAction\",\"target\":[\"https:\\\/\\\/airdrink.fr\\\/cgv\\\/\"]}]},{\"@type\":\"BreadcrumbList\",\"@id\":\"https:\\\/\\\/airdrink.fr\\\/cgv\\\/#breadcrumb\",\"itemListElement\":[{\"@type\":\"ListItem\",\"position\":1,\"name\":\"Accueil\",\"item\":\"https:\\\/\\\/airdrink.fr\\\/\"},{\"@type\":\"ListItem\",\"position\":2,\"name\":\"Conditions G\u00e9n\u00e9rales de Vente\"}]},{\"@type\":\"WebSite\",\"@id\":\"https:\\\/\\\/airdrink.fr\\\/#website\",\"url\":\"https:\\\/\\\/airdrink.fr\\\/\",\"name\":\"AirDrink - de l'eau \u00e0 partir de l'air !\",\"description\":\"Airdrink, de l'eau &agrave; partir de l'air !\",\"publisher\":{\"@id\":\"https:\\\/\\\/airdrink.fr\\\/#organization\"},\"potentialAction\":[{\"@type\":\"SearchAction\",\"target\":{\"@type\":\"EntryPoint\",\"urlTemplate\":\"https:\\\/\\\/airdrink.fr\\\/?s={search_term_string}\"},\"query-input\":{\"@type\":\"PropertyValueSpecification\",\"valueRequired\":true,\"valueName\":\"search_term_string\"}}],\"inLanguage\":\"tr\"},{\"@type\":\"Organization\",\"@id\":\"https:\\\/\\\/airdrink.fr\\\/#organization\",\"name\":\"AirDrink - de l'eau \u00e0 partir de l'air !\",\"url\":\"https:\\\/\\\/airdrink.fr\\\/\",\"logo\":{\"@type\":\"ImageObject\",\"inLanguage\":\"tr\",\"@id\":\"https:\\\/\\\/airdrink.fr\\\/#\\\/schema\\\/logo\\\/image\\\/\",\"url\":\"https:\\\/\\\/airdrink.fr\\\/wp-content\\\/uploads\\\/2023\\\/03\\\/cropped-logo-Airdrink-plus-HD-v1-3-300x203-1.png\",\"contentUrl\":\"https:\\\/\\\/airdrink.fr\\\/wp-content\\\/uploads\\\/2023\\\/03\\\/cropped-logo-Airdrink-plus-HD-v1-3-300x203-1.png\",\"width\":300,\"height\":128,\"caption\":\"AirDrink - de l'eau \u00e0 partir de l'air !\"},\"image\":{\"@id\":\"https:\\\/\\\/airdrink.fr\\\/#\\\/schema\\\/logo\\\/image\\\/\"},\"sameAs\":[\"https:\\\/\\\/www.facebook.com\\\/airdrinkFrance\\\/\",\"https:\\\/\\\/www.linkedin.com\\\/company\\\/pgsoft\",\"https:\\\/\\\/www.youtube.com\\\/channel\\\/UCV0fIuMlZQZElbCWK93RP9A\"]}]}<\/script>\n<!-- \/ Yoast SEO plugin. -->","yoast_head_json":{"title":"Sat\u0131\u015f h\u00fck\u00fcm ve ko\u015fullar\u0131 - AirDrink","description":"AIRDRINK havadaki nemden taze, mineralize i\u00e7me suyu \u00fcreten benzersiz ve yenilik\u00e7i \u00e7\u00f6z\u00fcmler sunar! Bu benzersiz s\u00fcre\u00e7 \"Atmosferik Su Jenerat\u00f6r\u00fc\" olarak adland\u0131r\u0131l\u0131r ve \u00e7\u00f6z\u00fcmlerimiz i\u00e7me suyuna eri\u015fimin farkl\u0131 yollar\u0131n\u0131 tamamlay\u0131c\u0131 niteliktedir ve t\u00fcketim yerine yak\u0131n bir yerde suya sonsuz eri\u015fim sa\u011flar.","robots":{"index":"index","follow":"follow","max-snippet":"max-snippet:-1","max-image-preview":"max-image-preview:large","max-video-preview":"max-video-preview:-1"},"canonical":"https:\/\/airdrink.fr\/tr\/a-propos-4\/","og_locale":"tr_TR","og_type":"article","og_title":"Conditions G\u00e9n\u00e9rales de Vente - AirDrink","og_description":"AIRDRINK propose des solutions uniques etinnovantes qui produisent \u00e0 partir de l\u2019humidit\u00e9 de l\u2019air une eau potable, fraiche etmin\u00e9ralis\u00e9e ! Ce proc\u00e9d\u00e9 unique s\u2019appelle \u00abG\u00e9n\u00e9rateur d\u2019eau Atmosph\u00e9rique\u00bb.Nos solutions sont compl\u00e9mentaires aux diff\u00e9rents moyens d\u2019acc\u00e8s \u00e0 l\u2019eaupotable mais et permettent un acc\u00e8s infini \u00e0 l\u2019eau au plus proche du lieu deconsommation.","og_url":"https:\/\/airdrink.fr\/tr\/a-propos-4\/","og_site_name":"AirDrink","article_publisher":"https:\/\/www.facebook.com\/airdrinkFrance\/","article_modified_time":"2024-12-17T06:16:55+00:00","twitter_card":"summary_large_image","twitter_misc":{"Tahmini okuma s\u00fcresi":"4 dakika"},"schema":{"@context":"https:\/\/schema.org","@graph":[{"@type":"WebPage","@id":"https:\/\/airdrink.fr\/cgv\/","url":"https:\/\/airdrink.fr\/cgv\/","name":"Sat\u0131\u015f h\u00fck\u00fcm ve ko\u015fullar\u0131 - AirDrink","isPartOf":{"@id":"https:\/\/airdrink.fr\/#website"},"datePublished":"2023-06-30T08:47:07+00:00","dateModified":"2024-12-17T06:16:55+00:00","description":"AIRDRINK havadaki nemden taze, mineralize i\u00e7me suyu \u00fcreten benzersiz ve yenilik\u00e7i \u00e7\u00f6z\u00fcmler sunar! Bu benzersiz s\u00fcre\u00e7 \"Atmosferik Su Jenerat\u00f6r\u00fc\" olarak adland\u0131r\u0131l\u0131r ve \u00e7\u00f6z\u00fcmlerimiz i\u00e7me suyuna eri\u015fimin farkl\u0131 yollar\u0131n\u0131 tamamlay\u0131c\u0131 niteliktedir ve t\u00fcketim yerine yak\u0131n bir yerde suya sonsuz eri\u015fim sa\u011flar.","breadcrumb":{"@id":"https:\/\/airdrink.fr\/cgv\/#breadcrumb"},"inLanguage":"tr","potentialAction":[{"@type":"ReadAction","target":["https:\/\/airdrink.fr\/cgv\/"]}]},{"@type":"BreadcrumbList","@id":"https:\/\/airdrink.fr\/cgv\/#breadcrumb","itemListElement":[{"@type":"ListItem","position":1,"name":"Accueil","item":"https:\/\/airdrink.fr\/"},{"@type":"ListItem","position":2,"name":"Conditions G\u00e9n\u00e9rales de Vente"}]},{"@type":"WebSite","@id":"https:\/\/airdrink.fr\/#website","url":"https:\/\/airdrink.fr\/","name":"AirDrink - havadan su!","description":"Airdrink, havadan su!","publisher":{"@id":"https:\/\/airdrink.fr\/#organization"},"potentialAction":[{"@type":"SearchAction","target":{"@type":"EntryPoint","urlTemplate":"https:\/\/airdrink.fr\/?s={search_term_string}"},"query-input":{"@type":"PropertyValueSpecification","valueRequired":true,"valueName":"search_term_string"}}],"inLanguage":"tr"},{"@type":"Organization","@id":"https:\/\/airdrink.fr\/#organization","name":"AirDrink - havadan su!","url":"https:\/\/airdrink.fr\/","logo":{"@type":"ImageObject","inLanguage":"tr","@id":"https:\/\/airdrink.fr\/#\/schema\/logo\/image\/","url":"https:\/\/airdrink.fr\/wp-content\/uploads\/2023\/03\/cropped-logo-Airdrink-plus-HD-v1-3-300x203-1.png","contentUrl":"https:\/\/airdrink.fr\/wp-content\/uploads\/2023\/03\/cropped-logo-Airdrink-plus-HD-v1-3-300x203-1.png","width":300,"height":128,"caption":"AirDrink - de l'eau \u00e0 partir de l'air !"},"image":{"@id":"https:\/\/airdrink.fr\/#\/schema\/logo\/image\/"},"sameAs":["https:\/\/www.facebook.com\/airdrinkFrance\/","https:\/\/www.linkedin.com\/company\/pgsoft","https:\/\/www.youtube.com\/channel\/UCV0fIuMlZQZElbCWK93RP9A"]}]}},"_links":{"self":[{"href":"https:\/\/airdrink.fr\/tr\/wp-json\/wp\/v2\/pages\/2467","targetHints":{"allow":["GET"]}}],"collection":[{"href":"https:\/\/airdrink.fr\/tr\/wp-json\/wp\/v2\/pages"}],"about":[{"href":"https:\/\/airdrink.fr\/tr\/wp-json\/wp\/v2\/types\/page"}],"author":[{"embeddable":true,"href":"https:\/\/airdrink.fr\/tr\/wp-json\/wp\/v2\/users\/1"}],"replies":[{"embeddable":true,"href":"https:\/\/airdrink.fr\/tr\/wp-json\/wp\/v2\/comments?post=2467"}],"version-history":[{"count":0,"href":"https:\/\/airdrink.fr\/tr\/wp-json\/wp\/v2\/pages\/2467\/revisions"}],"wp:attachment":[{"href":"https:\/\/airdrink.fr\/tr\/wp-json\/wp\/v2\/media?parent=2467"}],"curies":[{"name":"wp","href":"https:\/\/api.w.org\/{rel}","templated":true}]}}