{"id":3020,"date":"2024-12-17T08:33:47","date_gmt":"2024-12-17T06:33:47","guid":{"rendered":"https:\/\/airdrink.fr\/?page_id=3020"},"modified":"2025-10-22T16:15:16","modified_gmt":"2025-10-22T14:15:16","slug":"i%cc%87ade-poli%cc%87ti%cc%87kasi","status":"publish","type":"page","link":"https:\/\/airdrink.fr\/tr\/politique-de-retour\/","title":{"rendered":"\u0130ade Politikas\u0131"},"content":{"rendered":"<div class=\"wpb-content-wrapper\"><div class=\"vc_row wpb_row vc_row-fluid vc_custom_1541768449725 shape_divider_top-none shape_divider_bottom-none\"><div class=\"wpb_column vc_column_container vc_col-sm-12 sc_layouts_column_icons_position_left\"><div class=\"vc_column-inner\"><div class=\"wpb_wrapper\">\n\t<div class=\"wpb_text_column wpb_content_element\" >\n\t\t<div class=\"wpb_wrapper\">\n\t\t\t<div style=\"text-align: justify;\">\n<p><span style=\"color: #000000;\"><strong>I\u0307ADE VE GERI\u0307 \u00d6DEME POLI\u0307TI\u0307KASI<\/strong><\/span><\/p>\n<p><span style=\"color: #000000;\">T\u00fcm iadeler ve geri \u00f6deme talepleri i\u00e7in, \u00fcr\u00fcnlerin teslim al\u0131nmas\u0131ndan itibaren 14 g\u00fcnl\u00fck bir s\u00fcreniz vard\u0131r.<\/span><\/p>\n<p><span style=\"color: #000000;\">Bize a\u015fa\u011f\u0131daki adrese bir e-posta g\u00f6nderin <span style=\"color: #0000ff;\"><a style=\"color: #0000ff;\" title=\"Bize ula\u015f\u0131n\" href=\"https:\/\/shop.enesco.fr\/pages\/nous-contacter\" target=\"_blank\" rel=\"noreferrer noopener\">\u00a0<\/a><a style=\"color: #0000ff;\" title=\"Bize ula\u015f\u0131n\" href=\"https:\/\/airdrink.fr\/tr\/iletisim\/\" target=\"_blank\" rel=\"noreferrer noopener\">contact@airdrink.fr<\/a><\/span> Faturan\u0131z\u0131n bir kopyas\u0131, sipari\u015f numaran\u0131z ve iade talebinizin nedeni ile birlikte. Teslim ald\u0131ktan sonra, atman\u0131z gereken ad\u0131mlar konusunda sizi bilgilendirece\u011fiz<\/span><\/p>\n<p><span style=\"color: #000000;\">Para iadesine hak kazanmak i\u00e7in, \u00fcr\u00fcn\u00fcn\u00fcz\u00fcn kullan\u0131lmam\u0131\u015f ve ald\u0131\u011f\u0131n\u0131z zamanki ayn\u0131 durumda olmas\u0131 gerekir. Ayr\u0131ca orijinal ambalaj\u0131nda olmal\u0131d\u0131r.<\/span><\/p>\n<p><span style=\"color: #000000;\">Bize bir fatura veya sat\u0131n alma belgesinin yan\u0131 s\u0131ra sipari\u015finizi kargo ile iade ediyorsan\u0131z g\u00f6nderim belgesini g\u00f6sterebilmeniz gerekir.<\/span><br \/>\n<span style=\"color: #000000;\">Aksi takdirde, sipari\u015finiz iade edilemez veya de\u011fi\u015ftirilemez.<\/span><\/p>\n<p><span style=\"color: #000000;\">Bir \u00fcr\u00fcn\u00fc iade etmek i\u00e7in a\u015fa\u011f\u0131daki posta adresine g\u00f6ndermeniz gerekmektedir:<\/span><\/p>\n<p><span style=\"color: #000000;\">PGSOFT AIRDRINK<\/span><br \/>\n<span style=\"color: #000000;\">14 Chemin de la passerelle<\/span><br \/>\n<span style=\"color: #000000;\">13 720 LA BOUILLADISSE<\/span><\/p>\n<p><span style=\"color: #000000;\"><strong>Nakliye masraflar\u0131n\u0131 \u00f6demekten siz sorumlu olacaks\u0131n\u0131z.<\/strong><\/span><\/p>\n<p>&nbsp;<\/p>\n<p><span style=\"color: #000000;\"><strong>\u0130ade edilemeyen veya para iadesi yap\u0131lamayan \u00fcr\u00fcnler:<\/strong><\/span><\/p>\n<p><span style=\"color: #000000;\">- Orijinal durumunda olmayan, hasar g\u00f6rm\u00fc\u015f veya taraf\u0131m\u0131zdan kaynaklanan bir hatadan kaynaklanmayan nedenlerle eksik par\u00e7alar\u0131 olan herhangi bir \u00fcr\u00fcn.<\/span><\/p>\n<p><span style=\"color: #000000;\">- Teslim edileli 14 g\u00fcnden fazla olmu\u015f herhangi bir \u00fcr\u00fcn.<\/span><\/p>\n<p>&nbsp;<\/p>\n<p><span style=\"color: #000000;\"><strong>GERI\u0307 \u00d6DEMELER<\/strong><\/span><\/p>\n<p><span style=\"color: #000000;\">\u0130ade edilen \u00fcr\u00fcn\u00fc al\u0131p inceledikten sonra, iade talebinizi onaylama veya reddetme karar\u0131m\u0131z\u0131 bildirmek i\u00e7in size bir e-posta g\u00f6nderece\u011fiz.<\/span><\/p>\n<p><span style=\"color: #000000;\">Talebinizin onaylanmas\u0131 halinde iade i\u015fleminiz ger\u00e7ekle\u015ftirilecek ve 48 saat i\u00e7inde kredi kart\u0131n\u0131za veya orijinal \u00f6deme y\u00f6nteminize otomatik olarak bir kredi uygulanacakt\u0131r.<\/span><\/p>\n<p>&nbsp;<\/p>\n<p><span style=\"color: #000000;\"><strong>Ge\u00e7 veya eksik geri \u00f6demeler :<\/strong><\/span><\/p>\n<p><span style=\"color: #000000;\">Geri \u00f6demenizi hen\u00fcz almad\u0131ysan\u0131z, l\u00fctfen \u00f6nce banka hesab\u0131n\u0131z\u0131 tekrar kontrol edin. \u0130adenizin resmi olarak g\u00f6nderilmesinden \u00f6nce bir gecikme olabilece\u011finden, kredi kart\u0131n\u0131z\u0131 veren kurulu\u015fla ve bankan\u0131zla ileti\u015fime ge\u00e7in.<\/span><\/p>\n<p><span style=\"color: #000000;\">T\u00fcm bu ad\u0131mlar\u0131 tamamlad\u0131ktan sonra hala para iadenizi almad\u0131ysan\u0131z, l\u00fctfen bu adresten e-posta yoluyla bizimle ileti\u015fime ge\u00e7in: <span style=\"color: #0000ff;\"><a style=\"color: #0000ff;\" title=\"Bize ula\u015f\u0131n\" href=\"https:\/\/airdrink.fr\/tr\/iletisim\/\" target=\"_blank\" rel=\"noreferrer noopener\">contact@airdrink.fr<\/a><\/span><\/span><\/p>\n<p><span style=\"color: #000000;\"><strong>DE\u011e\u0130\u015e\u0130M<\/strong><\/span><\/p>\n<p><span style=\"color: #000000;\">Bir \u00fcr\u00fcn\u00fc yaln\u0131zca hatal\u0131 veya hasarl\u0131 olmas\u0131 durumunda de\u011fi\u015ftirece\u011fiz. Bu durumda ayn\u0131 \u00fcr\u00fcnle de\u011fi\u015ftirmek isterseniz, l\u00fctfen bize a\u015fa\u011f\u0131daki adrese bir e-posta g\u00f6nderin <span style=\"color: #0000ff;\"><a style=\"color: #0000ff;\" title=\"Bize ula\u015f\u0131n\" href=\"https:\/\/shop.enesco.fr\/pages\/nous-contacter\" target=\"_blank\" rel=\"noreferrer noopener\">\u00a0<\/a><a style=\"color: #0000ff;\" title=\"Bize ula\u015f\u0131n\" href=\"https:\/\/airdrink.fr\/tr\/iletisim\/\" target=\"_blank\" rel=\"noreferrer noopener\">contact@airdrink.fr<\/a><\/span><\/span><\/p>\n<p><span style=\"color: #000000;\">Kusurlu \u00fcr\u00fcnler masraflar\u0131 bize ait olmak \u00fczere geri al\u0131nacak ve de\u011fi\u015ftirilecektir.<\/span><\/p>\n<p>&nbsp;<\/p>\n<\/div>\n<div style=\"text-align: justify;\"><\/div>\n<div style=\"text-align: justify;\"><\/div>\n\n\t\t<\/div>\n\t<\/div>\n<\/div><\/div><\/div><\/div>\n<\/div>","protected":false},"excerpt":{"rendered":"POLITIQUE DE RETOUR ET DE REMBOURSEMENT Pour tout\u00a0retour et demande de remboursement, vous disposez d'un&hellip;","protected":false},"author":1,"featured_media":0,"parent":0,"menu_order":0,"comment_status":"closed","ping_status":"closed","template":"","meta":{"_angie_page":false,"footnotes":""},"class_list":["post-3020","page","type-page","status-publish","hentry"],"yoast_head":"<!-- This site is optimized with the Yoast SEO plugin v27.5 - https:\/\/yoast.com\/product\/yoast-seo-wordpress\/ -->\n<title>Politique de Retour - AirDrink<\/title>\n<meta name=\"description\" content=\"AIRDRINK propose des solutions uniques etinnovantes qui produisent \u00e0 partir de l\u2019humidit\u00e9 de l\u2019air une eau potable, fraiche etmin\u00e9ralis\u00e9e ! Ce proc\u00e9d\u00e9 unique s\u2019appelle \u00abG\u00e9n\u00e9rateur d\u2019eau Atmosph\u00e9rique\u00bb.Nos solutions sont compl\u00e9mentaires aux diff\u00e9rents moyens d\u2019acc\u00e8s \u00e0 l\u2019eaupotable mais et permettent un acc\u00e8s infini \u00e0 l\u2019eau au plus proche du lieu deconsommation.\" \/>\n<meta name=\"robots\" content=\"index, follow, max-snippet:-1, max-image-preview:large, max-video-preview:-1\" \/>\n<link rel=\"canonical\" href=\"https:\/\/airdrink.fr\/tr\/i\u0307ade-poli\u0307ti\u0307kasi\/\" \/>\n<meta property=\"og:locale\" content=\"tr_TR\" \/>\n<meta property=\"og:type\" content=\"article\" \/>\n<meta property=\"og:title\" content=\"Politique de Retour - AirDrink\" \/>\n<meta property=\"og:description\" content=\"AIRDRINK propose des solutions uniques etinnovantes qui produisent \u00e0 partir de l\u2019humidit\u00e9 de l\u2019air une eau potable, fraiche etmin\u00e9ralis\u00e9e ! Ce proc\u00e9d\u00e9 unique s\u2019appelle \u00abG\u00e9n\u00e9rateur d\u2019eau Atmosph\u00e9rique\u00bb.Nos solutions sont compl\u00e9mentaires aux diff\u00e9rents moyens d\u2019acc\u00e8s \u00e0 l\u2019eaupotable mais et permettent un acc\u00e8s infini \u00e0 l\u2019eau au plus proche du lieu deconsommation.\" \/>\n<meta property=\"og:url\" content=\"https:\/\/airdrink.fr\/tr\/i\u0307ade-poli\u0307ti\u0307kasi\/\" \/>\n<meta property=\"og:site_name\" content=\"AirDrink\" \/>\n<meta property=\"article:publisher\" content=\"https:\/\/www.facebook.com\/airdrinkFrance\/\" \/>\n<meta property=\"article:modified_time\" content=\"2025-10-22T14:15:16+00:00\" \/>\n<meta name=\"twitter:card\" content=\"summary_large_image\" \/>\n<meta name=\"twitter:label1\" content=\"Tahmini okuma s\u00fcresi\" \/>\n\t<meta name=\"twitter:data1\" content=\"2 dakika\" \/>\n<script type=\"application\/ld+json\" class=\"yoast-schema-graph\">{\"@context\":\"https:\\\/\\\/schema.org\",\"@graph\":[{\"@type\":\"WebPage\",\"@id\":\"https:\\\/\\\/airdrink.fr\\\/politique-de-retour\\\/\",\"url\":\"https:\\\/\\\/airdrink.fr\\\/politique-de-retour\\\/\",\"name\":\"Politique de Retour - AirDrink\",\"isPartOf\":{\"@id\":\"https:\\\/\\\/airdrink.fr\\\/#website\"},\"datePublished\":\"2024-12-17T06:33:47+00:00\",\"dateModified\":\"2025-10-22T14:15:16+00:00\",\"description\":\"AIRDRINK propose des solutions uniques etinnovantes qui produisent \u00e0 partir de l\u2019humidit\u00e9 de l\u2019air une eau potable, fraiche etmin\u00e9ralis\u00e9e ! Ce proc\u00e9d\u00e9 unique s\u2019appelle \u00abG\u00e9n\u00e9rateur d\u2019eau Atmosph\u00e9rique\u00bb.Nos solutions sont compl\u00e9mentaires aux diff\u00e9rents moyens d\u2019acc\u00e8s \u00e0 l\u2019eaupotable mais et permettent un acc\u00e8s infini \u00e0 l\u2019eau au plus proche du lieu deconsommation.\",\"breadcrumb\":{\"@id\":\"https:\\\/\\\/airdrink.fr\\\/politique-de-retour\\\/#breadcrumb\"},\"inLanguage\":\"tr\",\"potentialAction\":[{\"@type\":\"ReadAction\",\"target\":[\"https:\\\/\\\/airdrink.fr\\\/politique-de-retour\\\/\"]}]},{\"@type\":\"BreadcrumbList\",\"@id\":\"https:\\\/\\\/airdrink.fr\\\/politique-de-retour\\\/#breadcrumb\",\"itemListElement\":[{\"@type\":\"ListItem\",\"position\":1,\"name\":\"Accueil\",\"item\":\"https:\\\/\\\/airdrink.fr\\\/\"},{\"@type\":\"ListItem\",\"position\":2,\"name\":\"Politique de Retour\"}]},{\"@type\":\"WebSite\",\"@id\":\"https:\\\/\\\/airdrink.fr\\\/#website\",\"url\":\"https:\\\/\\\/airdrink.fr\\\/\",\"name\":\"AirDrink - de l'eau \u00e0 partir de l'air !\",\"description\":\"Airdrink, de l'eau &agrave; partir de l'air !\",\"publisher\":{\"@id\":\"https:\\\/\\\/airdrink.fr\\\/#organization\"},\"potentialAction\":[{\"@type\":\"SearchAction\",\"target\":{\"@type\":\"EntryPoint\",\"urlTemplate\":\"https:\\\/\\\/airdrink.fr\\\/?s={search_term_string}\"},\"query-input\":{\"@type\":\"PropertyValueSpecification\",\"valueRequired\":true,\"valueName\":\"search_term_string\"}}],\"inLanguage\":\"tr\"},{\"@type\":\"Organization\",\"@id\":\"https:\\\/\\\/airdrink.fr\\\/#organization\",\"name\":\"AirDrink - de l'eau \u00e0 partir de l'air !\",\"url\":\"https:\\\/\\\/airdrink.fr\\\/\",\"logo\":{\"@type\":\"ImageObject\",\"inLanguage\":\"tr\",\"@id\":\"https:\\\/\\\/airdrink.fr\\\/#\\\/schema\\\/logo\\\/image\\\/\",\"url\":\"https:\\\/\\\/airdrink.fr\\\/wp-content\\\/uploads\\\/2023\\\/03\\\/cropped-logo-Airdrink-plus-HD-v1-3-300x203-1.png\",\"contentUrl\":\"https:\\\/\\\/airdrink.fr\\\/wp-content\\\/uploads\\\/2023\\\/03\\\/cropped-logo-Airdrink-plus-HD-v1-3-300x203-1.png\",\"width\":300,\"height\":128,\"caption\":\"AirDrink - de l'eau \u00e0 partir de l'air !\"},\"image\":{\"@id\":\"https:\\\/\\\/airdrink.fr\\\/#\\\/schema\\\/logo\\\/image\\\/\"},\"sameAs\":[\"https:\\\/\\\/www.facebook.com\\\/airdrinkFrance\\\/\",\"https:\\\/\\\/www.linkedin.com\\\/company\\\/pgsoft\",\"https:\\\/\\\/www.youtube.com\\\/channel\\\/UCV0fIuMlZQZElbCWK93RP9A\"]}]}<\/script>\n<!-- \/ Yoast SEO plugin. -->","yoast_head_json":{"title":"\u0130ade politikas\u0131 - AirDrink","description":"AIRDRINK havadaki nemden taze, mineralize i\u00e7me suyu \u00fcreten benzersiz ve yenilik\u00e7i \u00e7\u00f6z\u00fcmler sunar! Bu benzersiz s\u00fcre\u00e7 \"Atmosferik Su Jenerat\u00f6r\u00fc\" olarak adland\u0131r\u0131l\u0131r ve \u00e7\u00f6z\u00fcmlerimiz i\u00e7me suyuna eri\u015fimin farkl\u0131 yollar\u0131n\u0131 tamamlay\u0131c\u0131 niteliktedir ve t\u00fcketim yerine yak\u0131n bir yerde suya sonsuz eri\u015fim sa\u011flar.","robots":{"index":"index","follow":"follow","max-snippet":"max-snippet:-1","max-image-preview":"max-image-preview:large","max-video-preview":"max-video-preview:-1"},"canonical":"https:\/\/airdrink.fr\/tr\/i\u0307ade-poli\u0307ti\u0307kasi\/","og_locale":"tr_TR","og_type":"article","og_title":"Politique de Retour - AirDrink","og_description":"AIRDRINK propose des solutions uniques etinnovantes qui produisent \u00e0 partir de l\u2019humidit\u00e9 de l\u2019air une eau potable, fraiche etmin\u00e9ralis\u00e9e ! Ce proc\u00e9d\u00e9 unique s\u2019appelle \u00abG\u00e9n\u00e9rateur d\u2019eau Atmosph\u00e9rique\u00bb.Nos solutions sont compl\u00e9mentaires aux diff\u00e9rents moyens d\u2019acc\u00e8s \u00e0 l\u2019eaupotable mais et permettent un acc\u00e8s infini \u00e0 l\u2019eau au plus proche du lieu deconsommation.","og_url":"https:\/\/airdrink.fr\/tr\/i\u0307ade-poli\u0307ti\u0307kasi\/","og_site_name":"AirDrink","article_publisher":"https:\/\/www.facebook.com\/airdrinkFrance\/","article_modified_time":"2025-10-22T14:15:16+00:00","twitter_card":"summary_large_image","twitter_misc":{"Tahmini okuma s\u00fcresi":"2 dakika"},"schema":{"@context":"https:\/\/schema.org","@graph":[{"@type":"WebPage","@id":"https:\/\/airdrink.fr\/politique-de-retour\/","url":"https:\/\/airdrink.fr\/politique-de-retour\/","name":"\u0130ade politikas\u0131 - AirDrink","isPartOf":{"@id":"https:\/\/airdrink.fr\/#website"},"datePublished":"2024-12-17T06:33:47+00:00","dateModified":"2025-10-22T14:15:16+00:00","description":"AIRDRINK havadaki nemden taze, mineralize i\u00e7me suyu \u00fcreten benzersiz ve yenilik\u00e7i \u00e7\u00f6z\u00fcmler sunar! Bu benzersiz s\u00fcre\u00e7 \"Atmosferik Su Jenerat\u00f6r\u00fc\" olarak adland\u0131r\u0131l\u0131r ve \u00e7\u00f6z\u00fcmlerimiz i\u00e7me suyuna eri\u015fimin farkl\u0131 yollar\u0131n\u0131 tamamlay\u0131c\u0131 niteliktedir ve t\u00fcketim yerine yak\u0131n bir yerde suya sonsuz eri\u015fim sa\u011flar.","breadcrumb":{"@id":"https:\/\/airdrink.fr\/politique-de-retour\/#breadcrumb"},"inLanguage":"tr","potentialAction":[{"@type":"ReadAction","target":["https:\/\/airdrink.fr\/politique-de-retour\/"]}]},{"@type":"BreadcrumbList","@id":"https:\/\/airdrink.fr\/politique-de-retour\/#breadcrumb","itemListElement":[{"@type":"ListItem","position":1,"name":"Accueil","item":"https:\/\/airdrink.fr\/"},{"@type":"ListItem","position":2,"name":"Politique de Retour"}]},{"@type":"WebSite","@id":"https:\/\/airdrink.fr\/#website","url":"https:\/\/airdrink.fr\/","name":"AirDrink - havadan su!","description":"Airdrink, havadan su!","publisher":{"@id":"https:\/\/airdrink.fr\/#organization"},"potentialAction":[{"@type":"SearchAction","target":{"@type":"EntryPoint","urlTemplate":"https:\/\/airdrink.fr\/?s={search_term_string}"},"query-input":{"@type":"PropertyValueSpecification","valueRequired":true,"valueName":"search_term_string"}}],"inLanguage":"tr"},{"@type":"Organization","@id":"https:\/\/airdrink.fr\/#organization","name":"AirDrink - havadan su!","url":"https:\/\/airdrink.fr\/","logo":{"@type":"ImageObject","inLanguage":"tr","@id":"https:\/\/airdrink.fr\/#\/schema\/logo\/image\/","url":"https:\/\/airdrink.fr\/wp-content\/uploads\/2023\/03\/cropped-logo-Airdrink-plus-HD-v1-3-300x203-1.png","contentUrl":"https:\/\/airdrink.fr\/wp-content\/uploads\/2023\/03\/cropped-logo-Airdrink-plus-HD-v1-3-300x203-1.png","width":300,"height":128,"caption":"AirDrink - de l'eau \u00e0 partir de l'air !"},"image":{"@id":"https:\/\/airdrink.fr\/#\/schema\/logo\/image\/"},"sameAs":["https:\/\/www.facebook.com\/airdrinkFrance\/","https:\/\/www.linkedin.com\/company\/pgsoft","https:\/\/www.youtube.com\/channel\/UCV0fIuMlZQZElbCWK93RP9A"]}]}},"_links":{"self":[{"href":"https:\/\/airdrink.fr\/tr\/wp-json\/wp\/v2\/pages\/3020","targetHints":{"allow":["GET"]}}],"collection":[{"href":"https:\/\/airdrink.fr\/tr\/wp-json\/wp\/v2\/pages"}],"about":[{"href":"https:\/\/airdrink.fr\/tr\/wp-json\/wp\/v2\/types\/page"}],"author":[{"embeddable":true,"href":"https:\/\/airdrink.fr\/tr\/wp-json\/wp\/v2\/users\/1"}],"replies":[{"embeddable":true,"href":"https:\/\/airdrink.fr\/tr\/wp-json\/wp\/v2\/comments?post=3020"}],"version-history":[{"count":0,"href":"https:\/\/airdrink.fr\/tr\/wp-json\/wp\/v2\/pages\/3020\/revisions"}],"wp:attachment":[{"href":"https:\/\/airdrink.fr\/tr\/wp-json\/wp\/v2\/media?parent=3020"}],"curies":[{"name":"wp","href":"https:\/\/api.w.org\/{rel}","templated":true}]}}