{"id":32,"date":"2017-12-13T15:32:46","date_gmt":"2017-12-13T14:32:46","guid":{"rendered":"https:\/\/airdrink.fr\/?page_id=32"},"modified":"2026-04-09T13:47:42","modified_gmt":"2026-04-09T12:47:42","slug":"a-propos","status":"publish","type":"page","link":"https:\/\/airdrink.fr\/tr\/a-propos\/","title":{"rendered":"Hakk\u0131m\u0131zda"},"content":{"rendered":"<div class=\"wpb-content-wrapper\"><div class=\"vc_row wpb_row vc_row-fluid vc_custom_1541768449725 shape_divider_top-none shape_divider_bottom-none\"><div class=\"wpb_column vc_column_container vc_col-sm-6 sc_layouts_column_icons_position_left\"><div class=\"vc_column-inner\"><div class=\"wpb_wrapper\"><div id=\"sc_title_1284815186\"\n\t\tclass=\"sc_title sc_title_default\"><span class=\"sc_item_subtitle sc_title_subtitle sc_align_left sc_item_subtitle_above sc_item_title_style_default\">AIRDRINK<\/span><h2 class=\"sc_item_title sc_title_title sc_align_left sc_item_title_style_default\"><span class=\"sc_item_title_text\">Biz kimiz?<\/span><\/h2><div class=\"sc_item_descr sc_title_descr sc_align_left\"><p>AIRDRINK olarak havadaki nemden taze, mineralize i\u00e7me suyu \u00fcreten benzersiz ve yenilik\u00e7i \u00e7\u00f6z\u00fcmler sunuyoruz! Bu benzersiz s\u00fcre\u00e7 \"Atmosferik Su Jenerat\u00f6r\u00fc\" olarak adland\u0131r\u0131lmaktad\u0131r. \u00c7\u00f6z\u00fcmlerimiz i\u00e7me suyuna eri\u015fimin \u00e7e\u015fitli yollar\u0131n\u0131 tamamlamakta ve t\u00fcketim yerine m\u00fcmk\u00fcn oldu\u011funca yak\u0131n bir yerde suya sonsuz eri\u015fim sa\u011flamaktad\u0131r (kaynaklar\u0131n giderek azald\u0131\u011f\u0131 Mayotte, La Marinique\/Guadeloupe ve Reunion adalar\u0131nda oldu\u011fu gibi).<\/p>\n<\/div><div class=\"sc_item_button sc_button_wrap sc_align_left\"><a href=\"\/tr\/teknoloji\/\" id=\"sc_button_1169075547\" class=\"sc_button sc_button_default sc_item_button sc_item_button_default sc_title_button sc_button_size_normal sc_button_icon_left\"><span class=\"sc_button_text\"><span class=\"sc_button_title\">Daha fazla bilgi edinin<\/span><\/span><!-- \/.sc_button_text --><\/a><!-- \/.sc_button --><\/div><!-- \/.sc_item_button --><\/div><!-- \/.sc_title --><\/div><\/div><\/div><div class=\"wpb_column vc_column_container vc_col-sm-1 sc_layouts_column_icons_position_left\"><div class=\"vc_column-inner\"><div class=\"wpb_wrapper\"><\/div><\/div><\/div><div class=\"wpb_column vc_column_container vc_col-sm-5 sc_layouts_column_icons_position_left\"><div class=\"vc_column-inner\"><div class=\"wpb_wrapper\"><div class=\"vc_empty_space  sc_height_tiny\"   style=\"height: 32px\"><span class=\"vc_empty_space_inner\"><\/span><\/div>\n\t<div class=\"wpb_video_widget wpb_content_element vc_clearfix   vc_video-aspect-ratio-169 vc_video-el-width-100 vc_video-align-left\" >\n\t\t<div class=\"wpb_wrapper\">\n\t\t\t\n\t\t\t<div class=\"wpb_video_wrapper\"><iframe title=\"DrinkableAir Atmosferik Su Jenerat\u00f6rleri Havadan \u0130\u00e7me Suyu \u00dcretir\" width=\"500\" height=\"281\" src=\"https:\/\/www.youtube.com\/embed\/t8yEuGZP-2k?feature=oembed\" frameborder=\"0\" allow=\"accelerometer; autoplay; clipboard-write; encrypted-media; gyroscope; picture-in-picture; web-share\" referrerpolicy=\"strict-origin-when-cross-origin\" allowfullscreen><\/iframe><\/div>\n\t\t<\/div>\n\t<\/div>\n<div class=\"vc_empty_space  sc_height_tiny\"   style=\"height: 32px\"><span class=\"vc_empty_space_inner\"><\/span><\/div>\n\t<div class=\"wpb_video_widget wpb_content_element vc_clearfix   vc_video-aspect-ratio-169 vc_video-el-width-100 vc_video-align-left\" >\n\t\t<div class=\"wpb_wrapper\">\n\t\t\t\n\t\t\t<div class=\"wpb_video_wrapper\"><iframe title=\"Airdrink Atmosferik su jenerat\u00f6r\u00fc - havadaki suyu i\u00e7in!\" width=\"500\" height=\"281\" src=\"https:\/\/www.youtube.com\/embed\/tRLmJx7AWCI?feature=oembed\" frameborder=\"0\" allow=\"accelerometer; autoplay; clipboard-write; encrypted-media; gyroscope; picture-in-picture; web-share\" referrerpolicy=\"strict-origin-when-cross-origin\" allowfullscreen><\/iframe><\/div>\n\t\t<\/div>\n\t<\/div>\n<\/div><\/div><\/div><\/div><div class=\"vc_row wpb_row vc_row-fluid vc_custom_1541768449725 shape_divider_top-none shape_divider_bottom-none\"><div class=\"wpb_column vc_column_container vc_col-sm-12 sc_layouts_column_icons_position_left\"><div class=\"vc_column-inner\"><div class=\"wpb_wrapper\">\n\t<div class=\"wpb_text_column wpb_content_element\" >\n\t\t<div class=\"wpb_wrapper\">\n\t\t\t<h4>De\u011ferlerimiz<\/h4>\n<p>Birka\u00e7 \u00f6nemli rakam bize i\u00e7me suyuna eri\u015fimin \u00f6nemini g\u00f6steriyor ve bu ba\u011flamda harekete ge\u00e7meye ve kayna\u011f\u0131 (su \u00fcretmek i\u00e7in hava) s\u0131n\u0131rs\u0131z olan \u00e7\u00f6z\u00fcmler sunmaya karar verdik:<\/p>\n<ul>\n<li><strong>D\u00fcnya n\u00fcfusunun 1\/3'\u00fcn\u00fcn evlerinde g\u00fcvenli i\u00e7me suyuna eri\u015fimi yoktur.<\/strong><\/li>\n<li><strong>3,6 milyar insan <\/strong>D\u00fcnyada her y\u0131l en az bir ay boyunca suyun k\u0131t oldu\u011fu b\u00f6lgelerde ya\u015famaktad\u0131r.<\/li>\n<li><strong>D\u00fcnya n\u00fcfusunun 50%'si<\/strong>\u00a02025'e kadar su s\u0131k\u0131nt\u0131s\u0131 \u00e7eken b\u00f6lgelerde ya\u015f\u0131yor olacak.<\/li>\n<li><strong>361.000 \u00e7ocuk<\/strong>\u00a0Her y\u0131l be\u015f ya\u015f\u0131n alt\u0131ndaki \u00e7ocuklar g\u00fcvenli olmayan suya ba\u011fl\u0131 ishal nedeniyle \u00f6lmektedir.<\/li>\n<\/ul>\n<p>Airdrink \u00c7\u00d6Z\u00dcMLER\u0130, Birle\u015fmi\u015f Milletler'in 2030 s\u00fcrd\u00fcr\u00fclebilir kalk\u0131nma hedeflerinin bir\u00e7o\u011funu kar\u015f\u0131lamaktad\u0131r, \u00f6rne\u011fin<\/p>\n<ul>\n<li>Temiz suya eri\u015fim<\/li>\n<li>S\u00fcrd\u00fcr\u00fclebilirlik<\/li>\n<li>Tek kullan\u0131ml\u0131k plasti\u011fin azalt\u0131lmas\u0131<\/li>\n<\/ul>\n\n\t\t<\/div>\n\t<\/div>\n<\/div><\/div><\/div><\/div><div class=\"vc_row wpb_row vc_row-fluid vc_custom_1541768449725 shape_divider_top-none shape_divider_bottom-none\"><div class=\"wpb_column vc_column_container vc_col-sm-6 sc_layouts_column_icons_position_left\"><div class=\"vc_column-inner\"><div class=\"wpb_wrapper\">\n\t<div class=\"wpb_text_column wpb_content_element\" >\n\t\t<div class=\"wpb_wrapper\">\n\t\t\t<h4>Misyonumuz<\/h4>\n<p><strong>S\u00fcrd\u00fcr\u00fclebilir bir \u015fekilde ve suya veya enerjiye eri\u015fimin olmad\u0131\u011f\u0131 yerlerde g\u00fcvenli, d\u00fc\u015f\u00fck maliyetli i\u00e7me suyuna eri\u015fim sa\u011flamak.<\/strong><\/p>\n\n\t\t<\/div>\n\t<\/div>\n<div class=\"vc_empty_space  sc_height_tiny\"   style=\"height: 32px\"><span class=\"vc_empty_space_inner\"><\/span><\/div>\n\t<div  class=\"wpb_single_image wpb_content_element vc_align_center wpb_content_element\">\n\t\t\n\t\t<figure class=\"wpb_wrapper vc_figure\">\n\t\t\t<div class=\"vc_single_image-wrapper   vc_box_border_grey\"><img decoding=\"async\" width=\"300\" height=\"43\" src=\"https:\/\/airdrink.fr\/wp-content\/uploads\/2023\/04\/Capture-decran-2023-04-05-a-15.26.42-300x43.png\" class=\"vc_single_image-img attachment-medium\" alt=\"\" title=\"Ekran g\u00f6r\u00fcnt\u00fcs\u00fc 2023-04-05 saat 15.26.42\" srcset=\"https:\/\/airdrink.fr\/wp-content\/uploads\/2023\/04\/Capture-decran-2023-04-05-a-15.26.42-300x43.png 300w, https:\/\/airdrink.fr\/wp-content\/uploads\/2023\/04\/Capture-decran-2023-04-05-a-15.26.42-600x86.png 600w, https:\/\/airdrink.fr\/wp-content\/uploads\/2023\/04\/Capture-decran-2023-04-05-a-15.26.42-18x3.png 18w, https:\/\/airdrink.fr\/wp-content\/uploads\/2023\/04\/Capture-decran-2023-04-05-a-15.26.42-370x53.png 370w, https:\/\/airdrink.fr\/wp-content\/uploads\/2023\/04\/Capture-decran-2023-04-05-a-15.26.42.png 629w\" sizes=\"(max-width: 300px) 100vw, 300px\" \/><\/div>\n\t\t<\/figure>\n\t<\/div>\n<div class=\"vc_empty_space  sc_height_tiny\"   style=\"height: 32px\"><span class=\"vc_empty_space_inner\"><\/span><\/div>\n\t<div class=\"wpb_text_column wpb_content_element\" >\n\t\t<div class=\"wpb_wrapper\">\n\t\t\t<p><strong>D\u00fcnyam\u0131z\u0131 d\u00f6n\u00fc\u015ft\u00fcrmek i\u00e7in 17 hedef :<br \/>\n<\/strong>S\u00fcrd\u00fcr\u00fclebilir Kalk\u0131nma Hedefleri, t\u00fcm \u00fclkelere (yoksul, zengin ve orta gelirli) gezegeni korurken refah\u0131 te\u015fvik etmeleri i\u00e7in bir eylem \u00e7a\u011fr\u0131s\u0131d\u0131r. Yoksullu\u011fun sona erdirilmesinin, ekonomik b\u00fcy\u00fcmeyi geni\u015fleten ve e\u011fitim, sa\u011fl\u0131k, sosyal koruma ve istihdam f\u0131rsatlar\u0131 da dahil olmak \u00fczere bir dizi sosyal ihtiyac\u0131 ele alan stratejilerle el ele gitmesi gerekti\u011fini ve ayn\u0131 zamanda iklim de\u011fi\u015fikli\u011fi ile m\u00fccadele edilmesi ve \u00e7evrenin korunmas\u0131 gerekti\u011fini kabul etmektedir.<\/p>\n<p><strong>\u00d6zellikle BKH 6 ve 12, Airdrink Atmosferik Su Jenerat\u00f6rleri taraf\u0131ndan kapsanmaktad\u0131r.<\/strong><\/p>\n\n\t\t<\/div>\n\t<\/div>\n<\/div><\/div><\/div><div class=\"wpb_column vc_column_container vc_col-sm-3 sc_layouts_column_icons_position_left\"><div class=\"vc_column-inner vc_custom_1680702079945\"><div class=\"wpb_wrapper\"><div class=\"vc_empty_space  sc_height_tiny\"   style=\"height: 32px\"><span class=\"vc_empty_space_inner\"><\/span><\/div>\n\t<div  class=\"wpb_single_image wpb_content_element vc_align_center wpb_content_element vc_custom_1680701552374\">\n\t\t\n\t\t<figure class=\"wpb_wrapper vc_figure\">\n\t\t\t<div class=\"vc_single_image-wrapper   vc_box_border_grey\"><img fetchpriority=\"high\" decoding=\"async\" width=\"254\" height=\"254\" src=\"https:\/\/airdrink.fr\/wp-content\/uploads\/2023\/04\/apropos2.png\" class=\"vc_single_image-img attachment-full\" alt=\"\" title=\"apropos2\" srcset=\"https:\/\/airdrink.fr\/wp-content\/uploads\/2023\/04\/apropos2.png 254w, https:\/\/airdrink.fr\/wp-content\/uploads\/2023\/04\/apropos2-150x150.png 150w, https:\/\/airdrink.fr\/wp-content\/uploads\/2023\/04\/apropos2-12x12.png 12w, https:\/\/airdrink.fr\/wp-content\/uploads\/2023\/04\/apropos2-120x120.png 120w\" sizes=\"(max-width: 254px) 100vw, 254px\" \/><\/div>\n\t\t<\/figure>\n\t<\/div>\n<\/div><\/div><\/div><div class=\"wpb_column vc_column_container vc_col-sm-3 sc_layouts_column_icons_position_left\"><div class=\"vc_column-inner vc_custom_1680702090908\"><div class=\"wpb_wrapper\"><div class=\"vc_empty_space  sc_height_tiny\"   style=\"height: 32px\"><span class=\"vc_empty_space_inner\"><\/span><\/div>\n\t<div  class=\"wpb_single_image wpb_content_element vc_align_center wpb_content_element vc_custom_1680701560934\">\n\t\t\n\t\t<figure class=\"wpb_wrapper vc_figure\">\n\t\t\t<div class=\"vc_single_image-wrapper   vc_box_border_grey\"><img decoding=\"async\" width=\"254\" height=\"254\" src=\"https:\/\/airdrink.fr\/wp-content\/uploads\/2023\/04\/apropos3.png\" class=\"vc_single_image-img attachment-full\" alt=\"\" title=\"apropos3\" srcset=\"https:\/\/airdrink.fr\/wp-content\/uploads\/2023\/04\/apropos3.png 254w, https:\/\/airdrink.fr\/wp-content\/uploads\/2023\/04\/apropos3-150x150.png 150w, https:\/\/airdrink.fr\/wp-content\/uploads\/2023\/04\/apropos3-12x12.png 12w, https:\/\/airdrink.fr\/wp-content\/uploads\/2023\/04\/apropos3-120x120.png 120w\" sizes=\"(max-width: 254px) 100vw, 254px\" \/><\/div>\n\t\t<\/figure>\n\t<\/div>\n<\/div><\/div><\/div><\/div><div class=\"vc_row wpb_row vc_row-fluid shape_divider_top-none shape_divider_bottom-none\"><div class=\"wpb_column vc_column_container vc_col-sm-12 sc_layouts_column_icons_position_left\"><div class=\"vc_column-inner\"><div class=\"wpb_wrapper\">\n\t<div class=\"wpb_raw_code wpb_raw_html wpb_content_element\" >\n\t\t<div class=\"wpb_wrapper\">\n\t\t\t<!-- Google tag (gtag.js) -->\n<script async src=\"https:\/\/www.googletagmanager.com\/gtag\/js?id=AW-1061404264\"><\/script>\n<script>\n  window.dataLayer = window.dataLayer || [];\n  function gtag(){dataLayer.push(arguments);}\n  gtag('js', new Date());\n\n  gtag('config', 'AW-1061404264');\n<\/script>\n\t\t<\/div>\n\t<\/div>\n<\/div><\/div><\/div><\/div>\n<\/div>","protected":false},"excerpt":{"rendered":"AIRDRINBiz KimizAIRDRINK'te benzersiz ve yenilik\u00e7i \u00e7\u00f6z\u00fcmler sunuyoruz ve bu \u00e7\u00f6z\u00fcmler...","protected":false},"author":1,"featured_media":0,"parent":0,"menu_order":0,"comment_status":"closed","ping_status":"closed","template":"","meta":{"_angie_page":false,"footnotes":""},"class_list":["post-32","page","type-page","status-publish","hentry"],"yoast_head":"<!-- This site is optimized with the Yoast SEO plugin v27.5 - https:\/\/yoast.com\/product\/yoast-seo-wordpress\/ -->\n<title>A propos - AirDrink<\/title>\n<meta name=\"description\" content=\"AIRDRINK propose des solutions uniques etinnovantes qui produisent \u00e0 partir de l\u2019humidit\u00e9 de l\u2019air une eau potable, fraiche etmin\u00e9ralis\u00e9e ! Ce proc\u00e9d\u00e9 unique s\u2019appelle \u00abG\u00e9n\u00e9rateur d\u2019eau Atmosph\u00e9rique\u00bb.Nos solutions sont compl\u00e9mentaires aux diff\u00e9rents moyens d\u2019acc\u00e8s \u00e0 l\u2019eaupotable mais et permettent un acc\u00e8s infini \u00e0 l\u2019eau au plus proche du lieu deconsommation.\" \/>\n<meta name=\"robots\" content=\"index, follow, max-snippet:-1, max-image-preview:large, max-video-preview:-1\" \/>\n<link rel=\"canonical\" href=\"https:\/\/airdrink.fr\/tr\/a-propos\/\" \/>\n<meta property=\"og:locale\" content=\"tr_TR\" \/>\n<meta property=\"og:type\" content=\"article\" \/>\n<meta property=\"og:title\" content=\"A propos - AirDrink\" \/>\n<meta property=\"og:description\" content=\"AIRDRINK propose des solutions uniques etinnovantes qui produisent \u00e0 partir de l\u2019humidit\u00e9 de l\u2019air une eau potable, fraiche etmin\u00e9ralis\u00e9e ! Ce proc\u00e9d\u00e9 unique s\u2019appelle \u00abG\u00e9n\u00e9rateur d\u2019eau Atmosph\u00e9rique\u00bb.Nos solutions sont compl\u00e9mentaires aux diff\u00e9rents moyens d\u2019acc\u00e8s \u00e0 l\u2019eaupotable mais et permettent un acc\u00e8s infini \u00e0 l\u2019eau au plus proche du lieu deconsommation.\" \/>\n<meta property=\"og:url\" content=\"https:\/\/airdrink.fr\/tr\/a-propos\/\" \/>\n<meta property=\"og:site_name\" content=\"AirDrink\" \/>\n<meta property=\"article:publisher\" content=\"https:\/\/www.facebook.com\/airdrinkFrance\/\" \/>\n<meta property=\"article:modified_time\" content=\"2026-04-09T12:47:42+00:00\" \/>\n<meta name=\"twitter:card\" content=\"summary_large_image\" \/>\n<meta name=\"twitter:label1\" content=\"Tahmini okuma s\u00fcresi\" \/>\n\t<meta name=\"twitter:data1\" content=\"3 dakika\" \/>\n<script type=\"application\/ld+json\" class=\"yoast-schema-graph\">{\"@context\":\"https:\\\/\\\/schema.org\",\"@graph\":[{\"@type\":\"WebPage\",\"@id\":\"https:\\\/\\\/airdrink.fr\\\/a-propos\\\/\",\"url\":\"https:\\\/\\\/airdrink.fr\\\/a-propos\\\/\",\"name\":\"A propos - AirDrink\",\"isPartOf\":{\"@id\":\"https:\\\/\\\/airdrink.fr\\\/#website\"},\"datePublished\":\"2017-12-13T14:32:46+00:00\",\"dateModified\":\"2026-04-09T12:47:42+00:00\",\"description\":\"AIRDRINK propose des solutions uniques etinnovantes qui produisent \u00e0 partir de l\u2019humidit\u00e9 de l\u2019air une eau potable, fraiche etmin\u00e9ralis\u00e9e ! Ce proc\u00e9d\u00e9 unique s\u2019appelle \u00abG\u00e9n\u00e9rateur d\u2019eau Atmosph\u00e9rique\u00bb.Nos solutions sont compl\u00e9mentaires aux diff\u00e9rents moyens d\u2019acc\u00e8s \u00e0 l\u2019eaupotable mais et permettent un acc\u00e8s infini \u00e0 l\u2019eau au plus proche du lieu deconsommation.\",\"breadcrumb\":{\"@id\":\"https:\\\/\\\/airdrink.fr\\\/a-propos\\\/#breadcrumb\"},\"inLanguage\":\"tr\",\"potentialAction\":[{\"@type\":\"ReadAction\",\"target\":[\"https:\\\/\\\/airdrink.fr\\\/a-propos\\\/\"]}]},{\"@type\":\"BreadcrumbList\",\"@id\":\"https:\\\/\\\/airdrink.fr\\\/a-propos\\\/#breadcrumb\",\"itemListElement\":[{\"@type\":\"ListItem\",\"position\":1,\"name\":\"Accueil\",\"item\":\"https:\\\/\\\/airdrink.fr\\\/\"},{\"@type\":\"ListItem\",\"position\":2,\"name\":\"A propos\"}]},{\"@type\":\"WebSite\",\"@id\":\"https:\\\/\\\/airdrink.fr\\\/#website\",\"url\":\"https:\\\/\\\/airdrink.fr\\\/\",\"name\":\"AirDrink - de l'eau \u00e0 partir de l'air !\",\"description\":\"Airdrink, de l'eau &agrave; partir de l'air !\",\"publisher\":{\"@id\":\"https:\\\/\\\/airdrink.fr\\\/#organization\"},\"potentialAction\":[{\"@type\":\"SearchAction\",\"target\":{\"@type\":\"EntryPoint\",\"urlTemplate\":\"https:\\\/\\\/airdrink.fr\\\/?s={search_term_string}\"},\"query-input\":{\"@type\":\"PropertyValueSpecification\",\"valueRequired\":true,\"valueName\":\"search_term_string\"}}],\"inLanguage\":\"tr\"},{\"@type\":\"Organization\",\"@id\":\"https:\\\/\\\/airdrink.fr\\\/#organization\",\"name\":\"AirDrink - de l'eau \u00e0 partir de l'air !\",\"url\":\"https:\\\/\\\/airdrink.fr\\\/\",\"logo\":{\"@type\":\"ImageObject\",\"inLanguage\":\"tr\",\"@id\":\"https:\\\/\\\/airdrink.fr\\\/#\\\/schema\\\/logo\\\/image\\\/\",\"url\":\"https:\\\/\\\/airdrink.fr\\\/wp-content\\\/uploads\\\/2023\\\/03\\\/cropped-logo-Airdrink-plus-HD-v1-3-300x203-1.png\",\"contentUrl\":\"https:\\\/\\\/airdrink.fr\\\/wp-content\\\/uploads\\\/2023\\\/03\\\/cropped-logo-Airdrink-plus-HD-v1-3-300x203-1.png\",\"width\":300,\"height\":128,\"caption\":\"AirDrink - de l'eau \u00e0 partir de l'air !\"},\"image\":{\"@id\":\"https:\\\/\\\/airdrink.fr\\\/#\\\/schema\\\/logo\\\/image\\\/\"},\"sameAs\":[\"https:\\\/\\\/www.facebook.com\\\/airdrinkFrance\\\/\",\"https:\\\/\\\/www.linkedin.com\\\/company\\\/pgsoft\",\"https:\\\/\\\/www.youtube.com\\\/channel\\\/UCV0fIuMlZQZElbCWK93RP9A\"]}]}<\/script>\n<!-- \/ Yoast SEO plugin. -->","yoast_head_json":{"title":"Hakk\u0131m\u0131zda - AirDrink","description":"AIRDRINK havadaki nemden taze, mineralize i\u00e7me suyu \u00fcreten benzersiz ve yenilik\u00e7i \u00e7\u00f6z\u00fcmler sunar! Bu benzersiz s\u00fcre\u00e7 \"Atmosferik Su Jenerat\u00f6r\u00fc\" olarak adland\u0131r\u0131l\u0131r ve \u00e7\u00f6z\u00fcmlerimiz i\u00e7me suyuna eri\u015fimin farkl\u0131 yollar\u0131n\u0131 tamamlay\u0131c\u0131 niteliktedir ve t\u00fcketim yerine yak\u0131n bir yerde suya sonsuz eri\u015fim sa\u011flar.","robots":{"index":"index","follow":"follow","max-snippet":"max-snippet:-1","max-image-preview":"max-image-preview:large","max-video-preview":"max-video-preview:-1"},"canonical":"https:\/\/airdrink.fr\/tr\/a-propos\/","og_locale":"tr_TR","og_type":"article","og_title":"A propos - AirDrink","og_description":"AIRDRINK propose des solutions uniques etinnovantes qui produisent \u00e0 partir de l\u2019humidit\u00e9 de l\u2019air une eau potable, fraiche etmin\u00e9ralis\u00e9e ! Ce proc\u00e9d\u00e9 unique s\u2019appelle \u00abG\u00e9n\u00e9rateur d\u2019eau Atmosph\u00e9rique\u00bb.Nos solutions sont compl\u00e9mentaires aux diff\u00e9rents moyens d\u2019acc\u00e8s \u00e0 l\u2019eaupotable mais et permettent un acc\u00e8s infini \u00e0 l\u2019eau au plus proche du lieu deconsommation.","og_url":"https:\/\/airdrink.fr\/tr\/a-propos\/","og_site_name":"AirDrink","article_publisher":"https:\/\/www.facebook.com\/airdrinkFrance\/","article_modified_time":"2026-04-09T12:47:42+00:00","twitter_card":"summary_large_image","twitter_misc":{"Tahmini okuma s\u00fcresi":"3 dakika"},"schema":{"@context":"https:\/\/schema.org","@graph":[{"@type":"WebPage","@id":"https:\/\/airdrink.fr\/a-propos\/","url":"https:\/\/airdrink.fr\/a-propos\/","name":"Hakk\u0131m\u0131zda - AirDrink","isPartOf":{"@id":"https:\/\/airdrink.fr\/#website"},"datePublished":"2017-12-13T14:32:46+00:00","dateModified":"2026-04-09T12:47:42+00:00","description":"AIRDRINK havadaki nemden taze, mineralize i\u00e7me suyu \u00fcreten benzersiz ve yenilik\u00e7i \u00e7\u00f6z\u00fcmler sunar! Bu benzersiz s\u00fcre\u00e7 \"Atmosferik Su Jenerat\u00f6r\u00fc\" olarak adland\u0131r\u0131l\u0131r ve \u00e7\u00f6z\u00fcmlerimiz i\u00e7me suyuna eri\u015fimin farkl\u0131 yollar\u0131n\u0131 tamamlay\u0131c\u0131 niteliktedir ve t\u00fcketim yerine yak\u0131n bir yerde suya sonsuz eri\u015fim sa\u011flar.","breadcrumb":{"@id":"https:\/\/airdrink.fr\/a-propos\/#breadcrumb"},"inLanguage":"tr","potentialAction":[{"@type":"ReadAction","target":["https:\/\/airdrink.fr\/a-propos\/"]}]},{"@type":"BreadcrumbList","@id":"https:\/\/airdrink.fr\/a-propos\/#breadcrumb","itemListElement":[{"@type":"ListItem","position":1,"name":"Accueil","item":"https:\/\/airdrink.fr\/"},{"@type":"ListItem","position":2,"name":"A propos"}]},{"@type":"WebSite","@id":"https:\/\/airdrink.fr\/#website","url":"https:\/\/airdrink.fr\/","name":"AirDrink - havadan su!","description":"Airdrink, havadan su!","publisher":{"@id":"https:\/\/airdrink.fr\/#organization"},"potentialAction":[{"@type":"SearchAction","target":{"@type":"EntryPoint","urlTemplate":"https:\/\/airdrink.fr\/?s={search_term_string}"},"query-input":{"@type":"PropertyValueSpecification","valueRequired":true,"valueName":"search_term_string"}}],"inLanguage":"tr"},{"@type":"Organization","@id":"https:\/\/airdrink.fr\/#organization","name":"AirDrink - havadan su!","url":"https:\/\/airdrink.fr\/","logo":{"@type":"ImageObject","inLanguage":"tr","@id":"https:\/\/airdrink.fr\/#\/schema\/logo\/image\/","url":"https:\/\/airdrink.fr\/wp-content\/uploads\/2023\/03\/cropped-logo-Airdrink-plus-HD-v1-3-300x203-1.png","contentUrl":"https:\/\/airdrink.fr\/wp-content\/uploads\/2023\/03\/cropped-logo-Airdrink-plus-HD-v1-3-300x203-1.png","width":300,"height":128,"caption":"AirDrink - de l'eau \u00e0 partir de l'air !"},"image":{"@id":"https:\/\/airdrink.fr\/#\/schema\/logo\/image\/"},"sameAs":["https:\/\/www.facebook.com\/airdrinkFrance\/","https:\/\/www.linkedin.com\/company\/pgsoft","https:\/\/www.youtube.com\/channel\/UCV0fIuMlZQZElbCWK93RP9A"]}]}},"_links":{"self":[{"href":"https:\/\/airdrink.fr\/tr\/wp-json\/wp\/v2\/pages\/32","targetHints":{"allow":["GET"]}}],"collection":[{"href":"https:\/\/airdrink.fr\/tr\/wp-json\/wp\/v2\/pages"}],"about":[{"href":"https:\/\/airdrink.fr\/tr\/wp-json\/wp\/v2\/types\/page"}],"author":[{"embeddable":true,"href":"https:\/\/airdrink.fr\/tr\/wp-json\/wp\/v2\/users\/1"}],"replies":[{"embeddable":true,"href":"https:\/\/airdrink.fr\/tr\/wp-json\/wp\/v2\/comments?post=32"}],"version-history":[{"count":0,"href":"https:\/\/airdrink.fr\/tr\/wp-json\/wp\/v2\/pages\/32\/revisions"}],"wp:attachment":[{"href":"https:\/\/airdrink.fr\/tr\/wp-json\/wp\/v2\/media?parent=32"}],"curies":[{"name":"wp","href":"https:\/\/api.w.org\/{rel}","templated":true}]}}